{"id":1408,"date":"2019-10-18T08:25:45","date_gmt":"2019-10-18T08:25:45","guid":{"rendered":"https:\/\/rntl.ch\/?page_id=1408"},"modified":"2023-05-19T10:44:03","modified_gmt":"2023-05-19T08:44:03","slug":"pickup-stations","status":"publish","type":"page","link":"https:\/\/rntl.ch\/bike\/pickup-stations\/","title":{"rendered":"Pick-Up Stations"},"content":{"rendered":"\n<p class=\"has-medium-font-size\">Dein RNTL Equipment kannst du an folgenden <strong>2 Stationen<\/strong> abholen.<\/p>\n\n\n\n\t\t<div id=\"intergeo_mapgzN\" class=\"intergeo_map_canvas\" style=\"width:100%;height:300px;width:100%;height:400px;\"><\/div>\n\t\t<script type=\"text\/javascript\">\n\t\t\t\/* <![CDATA[ *\/\n\t\t\tif (!window.intergeo_maps) window.intergeo_maps = [];\n\t\t\twindow.intergeo_maps.push( { container: 'intergeo_mapgzN', options: {\"lat\":47.30912216439600115336361341178417205810546875,\"lng\":8.2837289063006007694411891861818730831146240234375,\"zoom\":10,\"map\":{\"panControl\":false,\"mapTypeControl\":false,\"streetViewControl\":false,\"rotateControl\":false},\"styles\":{\"type\":\"-1\",\"custom\":[{\"elementType\":\"geometry\",\"stylers\":[{\"color\":\"#212121\"}]},{\"elementType\":\"labels.icon\",\"stylers\":[{\"visibility\":\"off\"}]},{\"elementType\":\"labels.text.fill\",\"stylers\":[{\"color\":\"#757575\"}]},{\"elementType\":\"labels.text.stroke\",\"stylers\":[{\"color\":\"#212121\"}]},{\"featureType\":\"administrative\",\"elementType\":\"geometry\",\"stylers\":[{\"color\":\"#757575\"}]},{\"featureType\":\"administrative.country\",\"elementType\":\"labels.text.fill\",\"stylers\":[{\"color\":\"#78D3C1\"}]},{\"featureType\":\"administrative.land_parcel\",\"stylers\":[{\"visibility\":\"off\"}]},{\"featureType\":\"administrative.locality\",\"elementType\":\"labels.text.fill\",\"stylers\":[{\"color\":\"#ffffff\"}]},{\"featureType\":\"poi\",\"elementType\":\"labels.text.fill\",\"stylers\":[{\"color\":\"#757575\"}]},{\"featureType\":\"poi.park\",\"elementType\":\"geometry\",\"stylers\":[{\"color\":\"#181818\"}]},{\"featureType\":\"poi.park\",\"elementType\":\"labels.text.fill\",\"stylers\":[{\"color\":\"#616161\"}]},{\"featureType\":\"poi.park\",\"elementType\":\"labels.text.stroke\",\"stylers\":[{\"color\":\"#1b1b1b\"}]},{\"featureType\":\"road\",\"elementType\":\"geometry.fill\",\"stylers\":[{\"color\":\"#2c2c2c\"}]},{\"featureType\":\"road\",\"elementType\":\"labels.text.fill\",\"stylers\":[{\"color\":\"#8a8a8a\"}]},{\"featureType\":\"road.arterial\",\"elementType\":\"geometry\",\"stylers\":[{\"color\":\"#057761\"}]},{\"featureType\":\"road.highway\",\"elementType\":\"geometry\",\"stylers\":[{\"color\":\"#09c8a4\"}]},{\"featureType\":\"road.highway.controlled_access\",\"elementType\":\"geometry\",\"stylers\":[{\"color\":\"#09c8a4\"}]},{\"featureType\":\"road.local\",\"elementType\":\"labels.text.fill\",\"stylers\":[{\"color\":\"#757575\"}]},{\"featureType\":\"transit\",\"elementType\":\"labels.text.fill\",\"stylers\":[{\"color\":\"#78D3C1\"}]},{\"featureType\":\"water\",\"elementType\":\"geometry\",\"stylers\":[{\"color\":\"#000000\"}]},{\"featureType\":\"water\",\"elementType\":\"labels.text.fill\",\"stylers\":[{\"color\":\"#3d3d3d\"}]}]},\"overlays\":{\"marker\":{\"0\":{\"position\":[\"47.303779\",\"8.314462\"],\"icon\":\"https:\\\/\\\/maps.google.com\\\/mapfiles\\\/ms\\\/icons\\\/green-dot.png\",\"info\":\"<p><strong>St\\u00f6ckli Sport AG<\\\/strong><br>Bahnhofstrasse 17, 5623 Boswil<\\\/p><p>Montag:<span style=\\\"white-space: pre;\\\">\\t<\\\/span>Offen (Dez. Jan. & Feb.)<br>Dienstag bis Freitag: 08:30-12:00 \\\/ 13:30-18:30 Uhr<br>Donnerstag: Abendverkauf bis 20:00 Uhr (Dez. Jan. & Feb.)<br>Samstag: 08.00-16.00 Uhr<\\\/p><p><a data-mce-href=\\\"https:\\\/\\\/www.stoecklisport.ch\\\" href=\\\"https:\\\/\\\/www.stoecklisport.ch\\\/\\\" data-mce-selected=\\\"inline-boundary\\\">https:\\\/\\\/www.stoecklisport.ch\\ufeff<\\\/a><\\\/p>\",\"title\":\"St\\u00f6ckli Sport AG\",\"loc\":\"St\\u00f6ckli Sport AG, Bahnhofstrasse 17, Boswil, AG, Switzerland\"},\"2\":{\"position\":[\"47.191684\",\"8.394504\"],\"icon\":\"https:\\\/\\\/maps.google.com\\\/mapfiles\\\/ms\\\/icons\\\/green-dot.png\",\"info\":\"<p><strong>Wey Bike + Ski<\\\/strong><br>Aarauerstrasse 5, 5643 Sins<\\\/p><p>Montag: geschlossen<br>Dienstag bis Freitag: 8.00 - 12.00, 13.30 - 18.30 Uhr<br>Samstag: 8.00 - 15.00 Uhr<\\\/p><p><a data-mce-href=\\\"https:\\\/\\\/www.weybikeski.ch\\\/\\\" href=\\\"https:\\\/\\\/www.weybikeski.ch\\\/\\\" data-mce-selected=\\\"inline-boundary\\\">https:\\\/\\\/www.weybikeski.ch\\\/\\ufeff<\\\/a><\\\/p>\",\"title\":\"Wey Bike + Ski\",\"loc\":\"Aarauerstrasse 5, 5643 Sins, Switzerland\"}}}} } );\n\t\t\tif (!window.intergeo_maps_current) window.intergeo_maps_current = null;\n\t\t\t\/* ]]> *\/\n\t\t<\/script>\n\t\t\n\n\n\n<div style=\"height:36px\" aria-hidden=\"true\" class=\"wp-block-spacer\"><\/div>\n\n\n\n<hr class=\"wp-block-separator has-css-opacity\"\/>\n\n\n\n<h2 class=\"cust_anchor wp-block-heading\" id=\"pickup_stoeckli\"><strong>St\u00f6ckli Sport AG<\/strong><\/h2>\n\n\n\n<p class=\"has-medium-font-size\"><a rel=\"noopener noreferrer\" href=\"https:\/\/g.page\/stoecklisport?share\" target=\"_blank\">Bahnhofstrasse 17, 5623 Boswil <\/a><\/p>\n\n\n\n<figure class=\"wp-block-table is-style-stripes has-medium-font-size\"><table><tbody><tr><td>Mo:<\/td><td> 08:30 &#8211; 12:00 \/ 13:30 &#8211; 18:30 Uhr <\/td><\/tr><tr><td>Di-Fr:<\/td><td> 08:30 &#8211; 12:00 \/ 13:30 &#8211; 18:30 Uhr <\/td><\/tr><tr><td>Do:<\/td><td> 08:30 &#8211; 12:00 \/ 13:30 &#8211; 20:00 Uhr <\/td><\/tr><tr><td>Sa:<\/td><td> 08.00 &#8211; 16.00 Uhr  <\/td><\/tr><\/tbody><\/table><\/figure>\n\n\n\n<p class=\"has-medium-font-size\"><em>Pick-Up &amp; <\/em> <em>R\u00fcckgabe: Jederzeit zu den \u00d6ffnungszeiten m\u00f6glich.<\/em> <em>Gratis Parkpl\u00e4tze vor dem Shop verf\u00fcgbar. Bahnhof nur 100 Meter entfernt. <\/em><\/p>\n\n\n\n<div class=\"wp-block-button\"><a class=\"wp-block-button__link\" href=\"https:\/\/www.stoecklisport.ch\/de\/\" target=\"_blank\" rel=\"noopener noreferrer\">St\u00f6ckli Sport Webseite besuchen<\/a><\/div>\n\n\n\n<div style=\"height:36px\" aria-hidden=\"true\" class=\"wp-block-spacer\"><\/div>\n\n\n\n<hr class=\"wp-block-separator has-css-opacity\"\/>\n\n\n\n<h2 class=\"cust_anchor wp-block-heading\" id=\"pickup_wey\"><strong>Wey Bike + Ski<\/strong><\/h2>\n\n\n\n<p class=\"has-medium-font-size\"><a rel=\"noopener noreferrer\" href=\"https:\/\/goo.gl\/maps\/qCZrnXq5WdL3kAb46\" target=\"_blank\">Aarauerstrasse 5, 5643 Sins<\/a><\/p>\n\n\n\n<figure class=\"wp-block-table is-style-stripes has-medium-font-size\"><table><tbody><tr><td>Mo:<\/td><td> geschlossen <\/td><\/tr><tr><td>Di-Fr:<\/td><td> 8.00 &#8211; 12.00 \/ 13.30 &#8211; 18.30 Uhr  <\/td><\/tr><tr><td>Sa: <\/td><td> 8.00 &#8211; 15.00 Uhr <\/td><\/tr><\/tbody><\/table><\/figure>\n\n\n\n<p class=\"has-medium-font-size\"><em>Pick-Up &amp; <\/em> <em>R\u00fcckgabe: Jederzeit zu den \u00d6ffnungszeiten m\u00f6glich.<\/em> <em>Gratis Parkpl\u00e4tze vor dem Shop verf\u00fcgbar.<\/em><\/p>\n\n\n\n<div class=\"wp-block-button\"><a class=\"wp-block-button__link\" href=\"https:\/\/www.weybikeski.ch\/\" target=\"_blank\" rel=\"noopener noreferrer\">Wey Bike &amp; Ski Webseite besuchen<\/a><\/div>\n\n\n\n<div style=\"height:36px\" aria-hidden=\"true\" class=\"wp-block-spacer\"><\/div>\n","protected":false},"excerpt":{"rendered":"<p>Dein RNTL Equipment kannst du an folgenden 2 Stationen abholen. St\u00f6ckli Sport AG Bahnhofstrasse 17, 5623 Boswil Mo: 08:30 &#8211; 12:00 \/ 13:30 &#8211; 18:30 Uhr Di-Fr: 08:30 &#8211; 12:00 \/ 13:30 &#8211; 18:30 Uhr Do: 08:30 &#8211; 12:00 \/ 13:30 &#8211; 20:00 Uhr Sa: 08.00 &#8211; 16.00 Uhr Pick-Up &amp; R\u00fcckgabe: Jederzeit zu den [&hellip;]<\/p>\n","protected":false},"author":1,"featured_media":0,"parent":0,"menu_order":0,"comment_status":"closed","ping_status":"closed","template":"template-fullwidth.php","meta":{"footnotes":""},"class_list":["post-1408","page","type-page","status-publish","hentry"],"yoast_head":"<!-- This site is optimized with the Yoast SEO plugin v26.3 - https:\/\/yoast.com\/wordpress\/plugins\/seo\/ -->\n<title>Pick-Up Stations - RNTL Bike<\/title>\n<meta name=\"robots\" content=\"index, follow, max-snippet:-1, max-image-preview:large, max-video-preview:-1\" \/>\n<link rel=\"canonical\" href=\"https:\/\/rntl.ch\/bike\/pickup-stations\/\" \/>\n<meta property=\"og:locale\" content=\"de_DE\" \/>\n<meta property=\"og:type\" content=\"article\" \/>\n<meta property=\"og:title\" content=\"Pick-Up Stations - RNTL Bike\" \/>\n<meta property=\"og:description\" content=\"Dein RNTL Equipment kannst du an folgenden 2 Stationen abholen. St\u00f6ckli Sport AG Bahnhofstrasse 17, 5623 Boswil Mo: 08:30 &#8211; 12:00 \/ 13:30 &#8211; 18:30 Uhr Di-Fr: 08:30 &#8211; 12:00 \/ 13:30 &#8211; 18:30 Uhr Do: 08:30 &#8211; 12:00 \/ 13:30 &#8211; 20:00 Uhr Sa: 08.00 &#8211; 16.00 Uhr Pick-Up &amp; R\u00fcckgabe: Jederzeit zu den [&hellip;]\" \/>\n<meta property=\"og:url\" content=\"https:\/\/rntl.ch\/bike\/pickup-stations\/\" \/>\n<meta property=\"og:site_name\" content=\"RNTL Bike\" \/>\n<meta property=\"article:modified_time\" content=\"2023-05-19T08:44:03+00:00\" \/>\n<meta name=\"twitter:card\" content=\"summary_large_image\" \/>\n<meta name=\"twitter:label1\" content=\"Gesch\u00e4tzte Lesezeit\" \/>\n\t<meta name=\"twitter:data1\" content=\"1\u00a0Minute\" \/>\n<script type=\"application\/ld+json\" class=\"yoast-schema-graph\">{\"@context\":\"https:\/\/schema.org\",\"@graph\":[{\"@type\":\"WebPage\",\"@id\":\"https:\/\/rntl.ch\/bike\/pickup-stations\/\",\"url\":\"https:\/\/rntl.ch\/bike\/pickup-stations\/\",\"name\":\"Pick-Up Stations - RNTL Bike\",\"isPartOf\":{\"@id\":\"https:\/\/rntl.ch\/bike\/#website\"},\"datePublished\":\"2019-10-18T08:25:45+00:00\",\"dateModified\":\"2023-05-19T08:44:03+00:00\",\"breadcrumb\":{\"@id\":\"https:\/\/rntl.ch\/bike\/pickup-stations\/#breadcrumb\"},\"inLanguage\":\"de-CH\",\"potentialAction\":[{\"@type\":\"ReadAction\",\"target\":[\"https:\/\/rntl.ch\/bike\/pickup-stations\/\"]}]},{\"@type\":\"BreadcrumbList\",\"@id\":\"https:\/\/rntl.ch\/bike\/pickup-stations\/#breadcrumb\",\"itemListElement\":[{\"@type\":\"ListItem\",\"position\":1,\"name\":\"Startseite\",\"item\":\"https:\/\/rntl.ch\/bike\/\"},{\"@type\":\"ListItem\",\"position\":2,\"name\":\"Pick-Up Stations\"}]},{\"@type\":\"WebSite\",\"@id\":\"https:\/\/rntl.ch\/bike\/#website\",\"url\":\"https:\/\/rntl.ch\/bike\/\",\"name\":\"RNTL Bike\",\"description\":\"Mieten Einfach Anders\",\"publisher\":{\"@id\":\"https:\/\/rntl.ch\/bike\/#organization\"},\"potentialAction\":[{\"@type\":\"SearchAction\",\"target\":{\"@type\":\"EntryPoint\",\"urlTemplate\":\"https:\/\/rntl.ch\/bike\/?s={search_term_string}\"},\"query-input\":{\"@type\":\"PropertyValueSpecification\",\"valueRequired\":true,\"valueName\":\"search_term_string\"}}],\"inLanguage\":\"de-CH\"},{\"@type\":\"Organization\",\"@id\":\"https:\/\/rntl.ch\/bike\/#organization\",\"name\":\"RNTL Bike\",\"url\":\"https:\/\/rntl.ch\/bike\/\",\"logo\":{\"@type\":\"ImageObject\",\"inLanguage\":\"de-CH\",\"@id\":\"https:\/\/rntl.ch\/bike\/#\/schema\/logo\/image\/\",\"url\":\"https:\/\/rntl.ch\/bike\/wp-content\/uploads\/sites\/2\/2020\/11\/cropped-rntl_logo_white_530x150.png\",\"contentUrl\":\"https:\/\/rntl.ch\/bike\/wp-content\/uploads\/sites\/2\/2020\/11\/cropped-rntl_logo_white_530x150.png\",\"width\":530,\"height\":150,\"caption\":\"RNTL Bike\"},\"image\":{\"@id\":\"https:\/\/rntl.ch\/bike\/#\/schema\/logo\/image\/\"}}]}<\/script>\n<!-- \/ Yoast SEO plugin. -->","yoast_head_json":{"title":"Pick-Up Stations - RNTL Bike","robots":{"index":"index","follow":"follow","max-snippet":"max-snippet:-1","max-image-preview":"max-image-preview:large","max-video-preview":"max-video-preview:-1"},"canonical":"https:\/\/rntl.ch\/bike\/pickup-stations\/","og_locale":"de_DE","og_type":"article","og_title":"Pick-Up Stations - RNTL Bike","og_description":"Dein RNTL Equipment kannst du an folgenden 2 Stationen abholen. St\u00f6ckli Sport AG Bahnhofstrasse 17, 5623 Boswil Mo: 08:30 &#8211; 12:00 \/ 13:30 &#8211; 18:30 Uhr Di-Fr: 08:30 &#8211; 12:00 \/ 13:30 &#8211; 18:30 Uhr Do: 08:30 &#8211; 12:00 \/ 13:30 &#8211; 20:00 Uhr Sa: 08.00 &#8211; 16.00 Uhr Pick-Up &amp; R\u00fcckgabe: Jederzeit zu den [&hellip;]","og_url":"https:\/\/rntl.ch\/bike\/pickup-stations\/","og_site_name":"RNTL Bike","article_modified_time":"2023-05-19T08:44:03+00:00","twitter_card":"summary_large_image","twitter_misc":{"Gesch\u00e4tzte Lesezeit":"1\u00a0Minute"},"schema":{"@context":"https:\/\/schema.org","@graph":[{"@type":"WebPage","@id":"https:\/\/rntl.ch\/bike\/pickup-stations\/","url":"https:\/\/rntl.ch\/bike\/pickup-stations\/","name":"Pick-Up Stations - RNTL Bike","isPartOf":{"@id":"https:\/\/rntl.ch\/bike\/#website"},"datePublished":"2019-10-18T08:25:45+00:00","dateModified":"2023-05-19T08:44:03+00:00","breadcrumb":{"@id":"https:\/\/rntl.ch\/bike\/pickup-stations\/#breadcrumb"},"inLanguage":"de-CH","potentialAction":[{"@type":"ReadAction","target":["https:\/\/rntl.ch\/bike\/pickup-stations\/"]}]},{"@type":"BreadcrumbList","@id":"https:\/\/rntl.ch\/bike\/pickup-stations\/#breadcrumb","itemListElement":[{"@type":"ListItem","position":1,"name":"Startseite","item":"https:\/\/rntl.ch\/bike\/"},{"@type":"ListItem","position":2,"name":"Pick-Up Stations"}]},{"@type":"WebSite","@id":"https:\/\/rntl.ch\/bike\/#website","url":"https:\/\/rntl.ch\/bike\/","name":"RNTL Bike","description":"Mieten Einfach Anders","publisher":{"@id":"https:\/\/rntl.ch\/bike\/#organization"},"potentialAction":[{"@type":"SearchAction","target":{"@type":"EntryPoint","urlTemplate":"https:\/\/rntl.ch\/bike\/?s={search_term_string}"},"query-input":{"@type":"PropertyValueSpecification","valueRequired":true,"valueName":"search_term_string"}}],"inLanguage":"de-CH"},{"@type":"Organization","@id":"https:\/\/rntl.ch\/bike\/#organization","name":"RNTL Bike","url":"https:\/\/rntl.ch\/bike\/","logo":{"@type":"ImageObject","inLanguage":"de-CH","@id":"https:\/\/rntl.ch\/bike\/#\/schema\/logo\/image\/","url":"https:\/\/rntl.ch\/bike\/wp-content\/uploads\/sites\/2\/2020\/11\/cropped-rntl_logo_white_530x150.png","contentUrl":"https:\/\/rntl.ch\/bike\/wp-content\/uploads\/sites\/2\/2020\/11\/cropped-rntl_logo_white_530x150.png","width":530,"height":150,"caption":"RNTL Bike"},"image":{"@id":"https:\/\/rntl.ch\/bike\/#\/schema\/logo\/image\/"}}]}},"_links":{"self":[{"href":"https:\/\/rntl.ch\/bike\/wp-json\/wp\/v2\/pages\/1408","targetHints":{"allow":["GET"]}}],"collection":[{"href":"https:\/\/rntl.ch\/bike\/wp-json\/wp\/v2\/pages"}],"about":[{"href":"https:\/\/rntl.ch\/bike\/wp-json\/wp\/v2\/types\/page"}],"author":[{"embeddable":true,"href":"https:\/\/rntl.ch\/bike\/wp-json\/wp\/v2\/users\/1"}],"replies":[{"embeddable":true,"href":"https:\/\/rntl.ch\/bike\/wp-json\/wp\/v2\/comments?post=1408"}],"version-history":[{"count":1,"href":"https:\/\/rntl.ch\/bike\/wp-json\/wp\/v2\/pages\/1408\/revisions"}],"predecessor-version":[{"id":20618,"href":"https:\/\/rntl.ch\/bike\/wp-json\/wp\/v2\/pages\/1408\/revisions\/20618"}],"wp:attachment":[{"href":"https:\/\/rntl.ch\/bike\/wp-json\/wp\/v2\/media?parent=1408"}],"curies":[{"name":"wp","href":"https:\/\/api.w.org\/{rel}","templated":true}]}}