{"id":605,"date":"2019-10-13T18:07:33","date_gmt":"2019-10-13T18:07:33","guid":{"rendered":"https:\/\/rntl.ch\/?page_id=605"},"modified":"2023-05-19T10:47:03","modified_gmt":"2023-05-19T08:47:03","slug":"wie-funktionierts","status":"publish","type":"page","link":"https:\/\/rntl.ch\/bike\/wie-funktionierts\/","title":{"rendered":"So funktioniert&#8217;s"},"content":{"rendered":"\n<h2 class=\"anchor_top anchor_hide wp-block-heading\" id=\"process_top\">Top Anchor<\/h2>\n\n\n\n<div class=\"wp-block-columns has-2-columns has-6-columns is-layout-flex wp-container-core-columns-is-layout-9d6595d7 wp-block-columns-is-layout-flex\">\n<div class=\"wp-block-column is-layout-flow wp-block-column-is-layout-flow\">\n<p style=\"color:#09c8a4;text-align:center\" class=\"has-text-color\"><p style=\"color:#09c8a4\" class=\"has-text-color has-text-align-center\"><a href=\"#process_1\"><img decoding=\"async\" class=\"wp-image-3809\" style=\"width: 80px\" src=\"\/bike\/wp-content\/uploads\/sites\/2\/2020\/05\/ic_touch_app_white_48dp.png\" alt=\"\"><\/a><strong><br><\/strong><br><strong><a href=\"#process_1\">1.<\/a><\/strong><a href=\"#process_1\"><br><\/a><strong><a href=\"#process_1\">Ausw\u00e4hlen<\/a><\/strong><\/p><\/p>\n<\/div>\n\n\n\n<div class=\"wp-block-column is-layout-flow wp-block-column-is-layout-flow\">\n<p class=\"has-text-align-center has-text-color\" style=\"color:#09c8a4\"><a href=\"#process_2\"><img decoding=\"async\" class=\"wp-image-3811\" style=\"width: 80px;\" src=\"\/bike\/wp-content\/uploads\/sites\/2\/2020\/05\/ic_edit_white_48dp.png\" alt=\"\"><\/a><strong><br><\/strong><br><strong><a href=\"#process_2\">2.<\/a><\/strong><a href=\"#process_2\"><br><\/a><strong><a href=\"#process_2\">Personalisieren<\/a><\/strong><\/p>\n<\/div>\n\n\n\n<div class=\"wp-block-column is-layout-flow wp-block-column-is-layout-flow\">\n<p style=\"color:#09c8a4;text-align:center\" class=\"has-text-color\"><p style=\"color:#09c8a4\" class=\"has-text-color has-text-align-center\"><a href=\"#process_3\"><img decoding=\"async\" class=\"wp-image-3815\" style=\"width: 80px\" src=\"\/bike\/wp-content\/uploads\/sites\/2\/2020\/05\/ic_payment_white_48dp.png\" alt=\"\"><\/a><strong><br><\/strong><br><strong><a href=\"#process_3\">3.<\/a><\/strong><a href=\"#process_3\"><br><\/a><strong><a href=\"#process_3\">Bezahlen<\/a><\/strong><\/p><\/p>\n<\/div>\n\n\n\n<div class=\"wp-block-column is-layout-flow wp-block-column-is-layout-flow\">\n<div class=\"wp-block-group\"><div class=\"wp-block-group__inner-container is-layout-flow wp-block-group-is-layout-flow\">\n<p style=\"color:#09c8a4;text-align:center\" class=\"has-text-color\"><p style=\"color:#09c8a4\" class=\"has-text-color has-text-align-center\"><a href=\"#process_4\"><img decoding=\"async\" class=\"wp-image-3813\" style=\"width: 80px\" src=\"\/bike\/wp-content\/uploads\/sites\/2\/2020\/05\/ic_location_on_white_48dp.png\" alt=\"\"><\/a><br><br><strong><a href=\"#process_4\">4.<br>Abholen n<\/a><\/strong><\/p><\/p>\n<\/div><\/div>\n<\/div>\n\n\n\n<div class=\"wp-block-column is-layout-flow wp-block-column-is-layout-flow\">\n<p style=\"color:#09c8a4;text-align:center\" class=\"has-text-color\"><p style=\"color:#09c8a4\" class=\"has-text-color has-text-align-center\"><a href=\"#process_5\"><img decoding=\"async\" class=\"wp-image-3821\" style=\"width: 80px\" src=\"\/bike\/wp-content\/uploads\/sites\/2\/2020\/05\/ic_directions_bike_black_48dp.png\" alt=\"\"><\/a><br><br><strong><a href=\"#process_5\">5.<br>Spass haben!<\/a><\/strong><\/p><\/p>\n<\/div>\n\n\n\n<div class=\"wp-block-column is-layout-flow wp-block-column-is-layout-flow\">\n<p style=\"color:#09c8a4;text-align:center\" class=\"has-text-color\"><p style=\"color:#09c8a4\" class=\"has-text-color has-text-align-center\"><a href=\"#process_6\"><img decoding=\"async\" class=\"wp-image-3817\" style=\"width: 80px;\" src=\"\/bike\/wp-content\/uploads\/sites\/2\/2020\/05\/ic_history_white_48dp.png\" alt=\"\"><\/a><br><br><strong><a href=\"#process_6\">6.<br>R\u00fcckgabe<\/a><\/strong><\/p><\/p>\n<\/div>\n<\/div>\n\n\n\n<hr class=\"wp-block-separator has-css-opacity\"\/>\n\n\n\n<h2 class=\"cust_anchor wp-block-heading\" id=\"process_1\"><strong>1. Ausw\u00e4hlen<img decoding=\"async\" class=\"wp-image-3841\" style=\"width: 30px\" src=\"https:\/\/staging.rntl.ch\/wp-content\/uploads\/2019\/11\/ic_touch_app_white_48dp-1.png\" alt=\"\"> <\/strong><\/h2>\n\n\n\n<h3 class=\"wp-block-heading\">Kategorien<\/h3>\n\n\n\n<p class=\"has-medium-font-size\">Du w\u00e4hlst eine Kategorie aus und der Fachh\u00e4ndler stellt dir zu Mietbeginn ein E-Bike zur Verf\u00fcgung. Wir haben vier E-Bike Kategorien: Trekking, Fully&#8217;s, Hardtails und 45km\/h Strassenbikes.&nbsp;<a href=\"\/bike\/preise\/\">Mehr zu den Preisen erfahren. <\/a><\/p>\n\n\n\n<h3 class=\"wp-block-heading\">Mietdauer<\/h3>\n\n\n\n<p class=\"has-medium-font-size\">Bei uns kannst du zwischen f\u00fcnf unterschiedlichen Mietdauer w\u00e4hlen. Tag, Wochenende, Woche, Monat oder eine ganze Saison. <\/p>\n\n\n\n<div class=\"wp-block-columns has-2-columns has-3-columns is-layout-flex wp-container-core-columns-is-layout-9d6595d7 wp-block-columns-is-layout-flex\">\n<div class=\"wp-block-column is-layout-flow wp-block-column-is-layout-flow\"><\/div>\n\n\n\n<div class=\"wp-block-column is-layout-flow wp-block-column-is-layout-flow\"><\/div>\n\n\n\n<div class=\"wp-block-column is-layout-flow wp-block-column-is-layout-flow\"><\/div>\n<\/div>\n\n\n\n<p class=\"has-medium-font-size\">Das Abholen resp. Zur\u00fcckbringen erfolgt am Tag vor Mietbeginn und die R\u00fcckgabe am Tag nach Mietende. <\/p>\n\n\n\n<p class=\"has-medium-font-size\">Bei der Saisonmiete kannst du uns sagen, ab wann du das E-Bike nutzen m\u00f6chtest. Wir stellen dir auf den Termin dann alles bereit. Die R\u00fcckgabe erfolgt nach Saisonende. Eine Saison dauert 5 Monate. Wir erinnern dich dann gerne daran.<\/p>\n\n\n\n<p style=\"text-align:right\"><p class=\"has-text-align-right\"><a href=\"#process_top\">nach oben<\/a><\/p><\/p>\n\n\n\n<hr class=\"wp-block-separator has-css-opacity\"\/>\n\n\n\n<h2 class=\"cust_anchor wp-block-heading\" id=\"process_2\"><strong>2. Personalisieren <img decoding=\"async\" class=\"wp-image-3837\" style=\"width: 30px\" src=\"https:\/\/staging.rntl.ch\/wp-content\/uploads\/2019\/11\/ic_edit_white_48dp-1.png\" alt=\"\"><\/strong><\/h2>\n\n\n\n<p class=\"has-medium-font-size\">Wir ben\u00f6tigen nur Geschlecht, K\u00f6rpergr\u00f6sse und den Namen des Fahrers. <\/p>\n\n\n\n<p class=\"has-medium-font-size\"><strong>Passendes E-Bike<\/strong><br>Anhand deiner Angaben machen unsere Experten ein E-Bike f\u00fcr die startklar. <br> <\/p>\n\n\n\n<p class=\"has-medium-font-size\"><strong>Richtige Einstellung <\/strong><br>Alle E-Bikes sind von Profis gewartet und sind startklar bei der \u00dcbergabe. Solltest du spezielle W\u00fcnsche haben, kannst du uns diese im Kommentar angeben. <\/p>\n\n\n\n<p style=\"text-align:right\"><p class=\"has-text-align-right\"><a href=\"#process_top\">nach oben<\/a><\/p><\/p>\n\n\n\n<hr class=\"wp-block-separator has-css-opacity\"\/>\n\n\n\n<h2 class=\"cust_anchor wp-block-heading\" id=\"process_3\"><strong>3.  Bezahlen <img decoding=\"async\" class=\"wp-image-3840\" style=\"width: 30px\" src=\"https:\/\/staging.rntl.ch\/wp-content\/uploads\/2019\/11\/ic_payment_white_48dp-1.png\" alt=\"\"><\/strong><\/h2>\n\n\n\n<p class=\"has-medium-font-size\">Bei uns kannst du ganz einfach mit Visa, Master oder TWINT bezahlen. Die Preise verstehen sich immer inkl. MwSt. Die Verbindung ist mit einem SSL Zertifikat verschl\u00fcsselt und so werden deine Zahlungsinformationen sicher \u00fcbermittelt.<br><img loading=\"lazy\" decoding=\"async\" width=\"32\" height=\"20\" class=\"wp-image-3170\" style=\"width: 32px\" src=\"https:\/\/staging.rntl.ch\/wp-content\/uploads\/2019\/11\/visa_bw.png\" alt=\"\"> <img loading=\"lazy\" decoding=\"async\" width=\"32\" height=\"20\" class=\"wp-image-3168\" style=\"width: 32px\" src=\"https:\/\/staging.rntl.ch\/wp-content\/uploads\/2019\/11\/master_bw.png\" alt=\"\"> <img loading=\"lazy\" decoding=\"async\" width=\"53\" height=\"20\" class=\"wp-image-3169\" style=\"width: 53px\" src=\"https:\/\/staging.rntl.ch\/wp-content\/uploads\/2019\/11\/twint_bw.png\" alt=\"\"><\/p>\n\n\n\n<p style=\"text-align:right\"><p class=\"has-text-align-right\"><a href=\"#process_top\">nach oben<\/a><\/p><\/p>\n\n\n\n<hr class=\"wp-block-separator has-css-opacity\"\/>\n\n\n\n<h2 class=\"cust_anchor wp-block-heading\" id=\"process_4\"><strong>4. Abholen <img decoding=\"async\" class=\"wp-image-3839\" style=\"width: 30px\" src=\"https:\/\/staging.rntl.ch\/wp-content\/uploads\/2019\/11\/ic_location_on_white_48dp-1.png\" alt=\"\"><\/strong><\/h2>\n\n\n\n<p class=\"has-medium-font-size\">Unsere Partner f\u00fchren Top-Marken ihm Sortiment. 80% des Mietmaterials ist ben\u00fctzt aber aktuell und sehr gut gepflegt. <\/p>\n\n\n\n<p class=\"has-medium-font-size\">Bei der \u00dcbergage musst du nur noch den Mietvertrag des H\u00e4ndlers unterschreiben. Es entstehen keine zus\u00e4tzlichen Kosten. Im RNTL-Preis ist alles inbegriffen. <\/p>\n\n\n\n<p class=\"has-medium-font-size\"><strong>Pick-Up<\/strong><br>Sp\u00e4testens 1 Tag vor Mietbeginn steht dein E-Bike an der <a href=\"\/bike\/pickup-stations\">Pick-Up Station<\/a> f\u00fcr dich bereit. Wir ben\u00f6tigen rund vier Tage um das Material bereitzustellen und es in die Pick-Up Stationen zu liefern.<\/p>\n\n\n\n<p class=\"has-medium-font-size\"><\/p>\n\n\n\n<p style=\"text-align:right\"><p class=\"has-text-align-right\"><a href=\"#process_top\">nach oben<\/a><\/p><\/p>\n\n\n\n<hr class=\"wp-block-separator has-css-opacity\"\/>\n\n\n\n<h2 class=\"cust_anchor wp-block-heading\" id=\"process_5\"><strong>5. Spass haben! <\/strong><img loading=\"lazy\" decoding=\"async\" width=\"30\" height=\"30\" class=\"wp-image-16362\" style=\"width: 30px;\" src=\"https:\/\/rntl.ch\/bike\/wp-content\/uploads\/sites\/2\/2020\/05\/ic_directions_bike_black_48dp-1.png\" alt=\"\" srcset=\"https:\/\/rntl.ch\/bike\/wp-content\/uploads\/sites\/2\/2020\/05\/ic_directions_bike_black_48dp-1.png 144w, https:\/\/rntl.ch\/bike\/wp-content\/uploads\/sites\/2\/2020\/05\/ic_directions_bike_black_48dp-1-32x32.png 32w\" sizes=\"auto, (max-width: 30px) 100vw, 30px\" \/><strong> <\/strong><\/h2>\n\n\n\n<p class=\"has-medium-font-size\">Jetzt heisst es geniessen!<br><\/p>\n\n\n\n<p class=\"has-medium-font-size\">Teile deine Freude mit uns auf <a href=\"http:\/\/www.facebook.com\/rntl.ch\">Facebook<\/a> oder <a href=\"https:\/\/www.instagram.com\/rntl.ch\">Instagram: @RNTL.ch<\/a><\/p>\n\n\n\n<p class=\"has-medium-font-size\">Teile uns jederzeit mit, wie zufrieden du mit RNTL bist und hinterlasse eine <a href=\"https:\/\/www.google.com\/search?q=RNTL+GmbH+Bahnhofstrasse,+Boswil,+Aargau,+Switzerland&amp;ludocid=14588311256964552091\" target=\"_blank\" rel=\"noreferrer noopener\" aria-label=\" (\u00f6ffnet in neuem Tab)\">Google-Bewertung<\/a>. Ein Klick oder kurzes Feedback gen\u00fcgt!<\/p>\n\n\n\n<p style=\"text-align:right\"><p class=\"has-text-align-right\"><a href=\"#process_top\">nach oben<\/a><\/p><\/p>\n\n\n\n<hr class=\"wp-block-separator has-css-opacity\"\/>\n\n\n\n<h2 class=\"cust_anchor wp-block-heading\" id=\"process_6\"><strong>6. R\u00fcckgabe <img decoding=\"async\" class=\"wp-image-3838\" style=\"width: 30px\" src=\"https:\/\/staging.rntl.ch\/wp-content\/uploads\/2019\/11\/ic_history_white_48dp-1.png\" alt=\"\"><\/strong><\/h2>\n\n\n\n<p class=\"has-medium-font-size\">Du kannst uns das E-Bike ganz einfach an den Pick-Up Stations zur\u00fcckbringen. Beachte dazu die \u00d6ffnungszeiten und melde dich falls n\u00f6tig kurz an. Die entsprechende Info findest du auf <a href=\"\/bike\/material-rueckgabe\">Material R\u00fcckgabe<\/a>.<\/p>\n\n\n\n<p class=\"has-medium-font-size\">Nat\u00fcrlich holen wir das E-Bike auch wieder bei dir ab, falls wir es geliefert hatten. Kontaktiere uns doch bitte f\u00fcr die Vereinbarung eines Termins.<\/p>\n\n\n\n<p class=\"has-medium-font-size\">Bei der Saisonmiete melden wir uns Ende Saison bei dir. Du kannst das E-Bike aber auch gerne vorzeitig zur\u00fcckbringen. Mit RNTL muss du es nicht im Keller verstauen!<\/p>\n\n\n\n<p style=\"text-align:right\"><p class=\"has-text-align-right\"><a href=\"#process_top\">nach oben<\/a><\/p><\/p>\n","protected":false},"excerpt":{"rendered":"<p>Top Anchor 1.Ausw\u00e4hlen 2.Personalisieren 3.Bezahlen 4.Abholen n 5.Spass haben! 6.R\u00fcckgabe 1. Ausw\u00e4hlen Kategorien Du w\u00e4hlst eine Kategorie aus und der Fachh\u00e4ndler stellt dir zu Mietbeginn ein E-Bike zur Verf\u00fcgung. Wir haben vier E-Bike Kategorien: Trekking, Fully&#8217;s, Hardtails und 45km\/h Strassenbikes.&nbsp;Mehr zu den Preisen erfahren. Mietdauer Bei uns kannst du zwischen f\u00fcnf unterschiedlichen Mietdauer w\u00e4hlen. Tag, [&hellip;]<\/p>\n","protected":false},"author":1,"featured_media":0,"parent":0,"menu_order":0,"comment_status":"closed","ping_status":"closed","template":"template-fullwidth.php","meta":{"footnotes":""},"class_list":["post-605","page","type-page","status-publish","hentry"],"yoast_head":"<!-- This site is optimized with the Yoast SEO plugin v26.3 - https:\/\/yoast.com\/wordpress\/plugins\/seo\/ -->\n<title>So funktioniert&#039;s - RNTL Bike<\/title>\n<meta name=\"robots\" content=\"index, follow, max-snippet:-1, max-image-preview:large, max-video-preview:-1\" \/>\n<link rel=\"canonical\" href=\"https:\/\/rntl.ch\/bike\/wie-funktionierts\/\" \/>\n<meta property=\"og:locale\" content=\"de_DE\" \/>\n<meta property=\"og:type\" content=\"article\" \/>\n<meta property=\"og:title\" content=\"So funktioniert&#039;s - RNTL Bike\" \/>\n<meta property=\"og:description\" content=\"Top Anchor 1.Ausw\u00e4hlen 2.Personalisieren 3.Bezahlen 4.Abholen n 5.Spass haben! 6.R\u00fcckgabe 1. Ausw\u00e4hlen Kategorien Du w\u00e4hlst eine Kategorie aus und der Fachh\u00e4ndler stellt dir zu Mietbeginn ein E-Bike zur Verf\u00fcgung. Wir haben vier E-Bike Kategorien: Trekking, Fully&#8217;s, Hardtails und 45km\/h Strassenbikes.&nbsp;Mehr zu den Preisen erfahren. Mietdauer Bei uns kannst du zwischen f\u00fcnf unterschiedlichen Mietdauer w\u00e4hlen. Tag, [&hellip;]\" \/>\n<meta property=\"og:url\" content=\"https:\/\/rntl.ch\/bike\/wie-funktionierts\/\" \/>\n<meta property=\"og:site_name\" content=\"RNTL Bike\" \/>\n<meta property=\"article:modified_time\" content=\"2023-05-19T08:47:03+00:00\" \/>\n<meta property=\"og:image\" content=\"https:\/\/rntl.ch\/bike\/wp-content\/uploads\/sites\/2\/2020\/05\/ic_touch_app_white_48dp.png\" \/>\n<meta name=\"twitter:card\" content=\"summary_large_image\" \/>\n<meta name=\"twitter:label1\" content=\"Gesch\u00e4tzte Lesezeit\" \/>\n\t<meta name=\"twitter:data1\" content=\"5\u00a0Minuten\" \/>\n<script type=\"application\/ld+json\" class=\"yoast-schema-graph\">{\"@context\":\"https:\/\/schema.org\",\"@graph\":[{\"@type\":\"WebPage\",\"@id\":\"https:\/\/rntl.ch\/bike\/wie-funktionierts\/\",\"url\":\"https:\/\/rntl.ch\/bike\/wie-funktionierts\/\",\"name\":\"So funktioniert's - RNTL Bike\",\"isPartOf\":{\"@id\":\"https:\/\/rntl.ch\/bike\/#website\"},\"primaryImageOfPage\":{\"@id\":\"https:\/\/rntl.ch\/bike\/wie-funktionierts\/#primaryimage\"},\"image\":{\"@id\":\"https:\/\/rntl.ch\/bike\/wie-funktionierts\/#primaryimage\"},\"thumbnailUrl\":\"https:\/\/staging.rntl.ch\/wp-content\/uploads\/2019\/11\/ic_touch_app_white_48dp-1.png\",\"datePublished\":\"2019-10-13T18:07:33+00:00\",\"dateModified\":\"2023-05-19T08:47:03+00:00\",\"breadcrumb\":{\"@id\":\"https:\/\/rntl.ch\/bike\/wie-funktionierts\/#breadcrumb\"},\"inLanguage\":\"de-CH\",\"potentialAction\":[{\"@type\":\"ReadAction\",\"target\":[\"https:\/\/rntl.ch\/bike\/wie-funktionierts\/\"]}]},{\"@type\":\"ImageObject\",\"inLanguage\":\"de-CH\",\"@id\":\"https:\/\/rntl.ch\/bike\/wie-funktionierts\/#primaryimage\",\"url\":\"https:\/\/staging.rntl.ch\/wp-content\/uploads\/2019\/11\/ic_touch_app_white_48dp-1.png\",\"contentUrl\":\"https:\/\/staging.rntl.ch\/wp-content\/uploads\/2019\/11\/ic_touch_app_white_48dp-1.png\"},{\"@type\":\"BreadcrumbList\",\"@id\":\"https:\/\/rntl.ch\/bike\/wie-funktionierts\/#breadcrumb\",\"itemListElement\":[{\"@type\":\"ListItem\",\"position\":1,\"name\":\"Startseite\",\"item\":\"https:\/\/rntl.ch\/bike\/\"},{\"@type\":\"ListItem\",\"position\":2,\"name\":\"So funktioniert&#8217;s\"}]},{\"@type\":\"WebSite\",\"@id\":\"https:\/\/rntl.ch\/bike\/#website\",\"url\":\"https:\/\/rntl.ch\/bike\/\",\"name\":\"RNTL Bike\",\"description\":\"Mieten Einfach Anders\",\"publisher\":{\"@id\":\"https:\/\/rntl.ch\/bike\/#organization\"},\"potentialAction\":[{\"@type\":\"SearchAction\",\"target\":{\"@type\":\"EntryPoint\",\"urlTemplate\":\"https:\/\/rntl.ch\/bike\/?s={search_term_string}\"},\"query-input\":{\"@type\":\"PropertyValueSpecification\",\"valueRequired\":true,\"valueName\":\"search_term_string\"}}],\"inLanguage\":\"de-CH\"},{\"@type\":\"Organization\",\"@id\":\"https:\/\/rntl.ch\/bike\/#organization\",\"name\":\"RNTL Bike\",\"url\":\"https:\/\/rntl.ch\/bike\/\",\"logo\":{\"@type\":\"ImageObject\",\"inLanguage\":\"de-CH\",\"@id\":\"https:\/\/rntl.ch\/bike\/#\/schema\/logo\/image\/\",\"url\":\"https:\/\/rntl.ch\/bike\/wp-content\/uploads\/sites\/2\/2020\/11\/cropped-rntl_logo_white_530x150.png\",\"contentUrl\":\"https:\/\/rntl.ch\/bike\/wp-content\/uploads\/sites\/2\/2020\/11\/cropped-rntl_logo_white_530x150.png\",\"width\":530,\"height\":150,\"caption\":\"RNTL Bike\"},\"image\":{\"@id\":\"https:\/\/rntl.ch\/bike\/#\/schema\/logo\/image\/\"}}]}<\/script>\n<!-- \/ Yoast SEO plugin. -->","yoast_head_json":{"title":"So funktioniert's - RNTL Bike","robots":{"index":"index","follow":"follow","max-snippet":"max-snippet:-1","max-image-preview":"max-image-preview:large","max-video-preview":"max-video-preview:-1"},"canonical":"https:\/\/rntl.ch\/bike\/wie-funktionierts\/","og_locale":"de_DE","og_type":"article","og_title":"So funktioniert's - RNTL Bike","og_description":"Top Anchor 1.Ausw\u00e4hlen 2.Personalisieren 3.Bezahlen 4.Abholen n 5.Spass haben! 6.R\u00fcckgabe 1. Ausw\u00e4hlen Kategorien Du w\u00e4hlst eine Kategorie aus und der Fachh\u00e4ndler stellt dir zu Mietbeginn ein E-Bike zur Verf\u00fcgung. Wir haben vier E-Bike Kategorien: Trekking, Fully&#8217;s, Hardtails und 45km\/h Strassenbikes.&nbsp;Mehr zu den Preisen erfahren. Mietdauer Bei uns kannst du zwischen f\u00fcnf unterschiedlichen Mietdauer w\u00e4hlen. Tag, [&hellip;]","og_url":"https:\/\/rntl.ch\/bike\/wie-funktionierts\/","og_site_name":"RNTL Bike","article_modified_time":"2023-05-19T08:47:03+00:00","og_image":[{"url":"https:\/\/rntl.ch\/bike\/wp-content\/uploads\/sites\/2\/2020\/05\/ic_touch_app_white_48dp.png","type":"","width":"","height":""}],"twitter_card":"summary_large_image","twitter_misc":{"Gesch\u00e4tzte Lesezeit":"5\u00a0Minuten"},"schema":{"@context":"https:\/\/schema.org","@graph":[{"@type":"WebPage","@id":"https:\/\/rntl.ch\/bike\/wie-funktionierts\/","url":"https:\/\/rntl.ch\/bike\/wie-funktionierts\/","name":"So funktioniert's - RNTL Bike","isPartOf":{"@id":"https:\/\/rntl.ch\/bike\/#website"},"primaryImageOfPage":{"@id":"https:\/\/rntl.ch\/bike\/wie-funktionierts\/#primaryimage"},"image":{"@id":"https:\/\/rntl.ch\/bike\/wie-funktionierts\/#primaryimage"},"thumbnailUrl":"https:\/\/staging.rntl.ch\/wp-content\/uploads\/2019\/11\/ic_touch_app_white_48dp-1.png","datePublished":"2019-10-13T18:07:33+00:00","dateModified":"2023-05-19T08:47:03+00:00","breadcrumb":{"@id":"https:\/\/rntl.ch\/bike\/wie-funktionierts\/#breadcrumb"},"inLanguage":"de-CH","potentialAction":[{"@type":"ReadAction","target":["https:\/\/rntl.ch\/bike\/wie-funktionierts\/"]}]},{"@type":"ImageObject","inLanguage":"de-CH","@id":"https:\/\/rntl.ch\/bike\/wie-funktionierts\/#primaryimage","url":"https:\/\/staging.rntl.ch\/wp-content\/uploads\/2019\/11\/ic_touch_app_white_48dp-1.png","contentUrl":"https:\/\/staging.rntl.ch\/wp-content\/uploads\/2019\/11\/ic_touch_app_white_48dp-1.png"},{"@type":"BreadcrumbList","@id":"https:\/\/rntl.ch\/bike\/wie-funktionierts\/#breadcrumb","itemListElement":[{"@type":"ListItem","position":1,"name":"Startseite","item":"https:\/\/rntl.ch\/bike\/"},{"@type":"ListItem","position":2,"name":"So funktioniert&#8217;s"}]},{"@type":"WebSite","@id":"https:\/\/rntl.ch\/bike\/#website","url":"https:\/\/rntl.ch\/bike\/","name":"RNTL Bike","description":"Mieten Einfach Anders","publisher":{"@id":"https:\/\/rntl.ch\/bike\/#organization"},"potentialAction":[{"@type":"SearchAction","target":{"@type":"EntryPoint","urlTemplate":"https:\/\/rntl.ch\/bike\/?s={search_term_string}"},"query-input":{"@type":"PropertyValueSpecification","valueRequired":true,"valueName":"search_term_string"}}],"inLanguage":"de-CH"},{"@type":"Organization","@id":"https:\/\/rntl.ch\/bike\/#organization","name":"RNTL Bike","url":"https:\/\/rntl.ch\/bike\/","logo":{"@type":"ImageObject","inLanguage":"de-CH","@id":"https:\/\/rntl.ch\/bike\/#\/schema\/logo\/image\/","url":"https:\/\/rntl.ch\/bike\/wp-content\/uploads\/sites\/2\/2020\/11\/cropped-rntl_logo_white_530x150.png","contentUrl":"https:\/\/rntl.ch\/bike\/wp-content\/uploads\/sites\/2\/2020\/11\/cropped-rntl_logo_white_530x150.png","width":530,"height":150,"caption":"RNTL Bike"},"image":{"@id":"https:\/\/rntl.ch\/bike\/#\/schema\/logo\/image\/"}}]}},"_links":{"self":[{"href":"https:\/\/rntl.ch\/bike\/wp-json\/wp\/v2\/pages\/605","targetHints":{"allow":["GET"]}}],"collection":[{"href":"https:\/\/rntl.ch\/bike\/wp-json\/wp\/v2\/pages"}],"about":[{"href":"https:\/\/rntl.ch\/bike\/wp-json\/wp\/v2\/types\/page"}],"author":[{"embeddable":true,"href":"https:\/\/rntl.ch\/bike\/wp-json\/wp\/v2\/users\/1"}],"replies":[{"embeddable":true,"href":"https:\/\/rntl.ch\/bike\/wp-json\/wp\/v2\/comments?post=605"}],"version-history":[{"count":15,"href":"https:\/\/rntl.ch\/bike\/wp-json\/wp\/v2\/pages\/605\/revisions"}],"predecessor-version":[{"id":20620,"href":"https:\/\/rntl.ch\/bike\/wp-json\/wp\/v2\/pages\/605\/revisions\/20620"}],"wp:attachment":[{"href":"https:\/\/rntl.ch\/bike\/wp-json\/wp\/v2\/media?parent=605"}],"curies":[{"name":"wp","href":"https:\/\/api.w.org\/{rel}","templated":true}]}}