{"id":1408,"date":"2019-10-18T08:25:45","date_gmt":"2019-10-18T08:25:45","guid":{"rendered":"https:\/\/fitness.rntl.ch\/?page_id=1408"},"modified":"2025-01-27T11:05:48","modified_gmt":"2025-01-27T10:05:48","slug":"abholen","status":"publish","type":"page","link":"https:\/\/rntl.ch\/fitness\/abholen\/","title":{"rendered":"Fitnessger\u00e4t selber Abholen und Retournieren"},"content":{"rendered":"\n<p class=\"has-medium-font-size\">Dein Fitnessger\u00e4t kannst Du am folgenden <strong>Standort<\/strong> abholen und retournieren.<\/p>\n\n\n\n<div style=\"height:36px\" aria-hidden=\"true\" class=\"wp-block-spacer\"><\/div>\n\n\n\n<hr class=\"wp-block-separator has-css-opacity\"\/>\n\n\n\n<div class=\"wp-block-group\"><div class=\"wp-block-group__inner-container is-layout-constrained wp-block-group-is-layout-constrained\">\n<p class=\"has-medium-font-size\"><strong>Sprinter Logsitik GmbH<\/strong><br><a href=\"https:\/\/maps.app.goo.gl\/WfiV2tsTzbKW6bkF7\" target=\"_blank\" rel=\"noreferrer noopener\">Pilatusstrasse 19, 5630 Muri<\/a><\/p>\n\n\n\n<figure class=\"wp-block-table has-medium-font-size is-style-stripes\"><table><tbody><tr><td>Mo-Fr:<\/td><td>07:30-12:00 \/ 13:00 &#8211; 17:00 <\/td><\/tr><tr><td>Sa-So:<\/td><td>geschlossen <\/td><\/tr><\/tbody><\/table><\/figure>\n<\/div><\/div>\n\n\n\n<p><\/p>\n\n\n\n<p class=\"has-medium-font-size\"><em>Pick-Up &amp; <\/em> <em>R\u00fcckgabe: Jederzeit zu den \u00d6ffnungszeiten m\u00f6glich.<\/em><br><em>Gratis Parkpl\u00e4tze sind verf\u00fcgbar. Bitte beachte Feiertage im Freiamt AG. <\/em><\/p>\n\n\n\n<div style=\"height:36px\" aria-hidden=\"true\" class=\"wp-block-spacer\"><\/div>\n\n\n\n<div style=\"height:36px\" aria-hidden=\"true\" class=\"wp-block-spacer\"><\/div>\n\n\n\n<hr class=\"wp-block-separator has-css-opacity\"\/>\n","protected":false},"excerpt":{"rendered":"<p>Dein Fitnessger\u00e4t kannst Du am folgenden Standort abholen und retournieren. Sprinter Logsitik GmbHPilatusstrasse 19, 5630 Muri Mo-Fr: 07:30-12:00 \/ 13:00 &#8211; 17:00 Sa-So: geschlossen Pick-Up &amp; R\u00fcckgabe: Jederzeit zu den \u00d6ffnungszeiten m\u00f6glich.Gratis Parkpl\u00e4tze sind verf\u00fcgbar. Bitte beachte Feiertage im Freiamt AG.<\/p>\n","protected":false},"author":4,"featured_media":0,"parent":0,"menu_order":0,"comment_status":"closed","ping_status":"closed","template":"template-fullwidth.php","meta":{"content-type":"","footnotes":""},"class_list":["post-1408","page","type-page","status-publish","hentry"],"yoast_head":"<!-- This site is optimized with the Yoast SEO plugin v26.3 - https:\/\/yoast.com\/wordpress\/plugins\/seo\/ -->\n<title>Fitnessger\u00e4t selber Abholen und Retournieren - RNTL Fitness<\/title>\n<meta name=\"robots\" content=\"index, follow, max-snippet:-1, max-image-preview:large, max-video-preview:-1\" \/>\n<link rel=\"canonical\" href=\"https:\/\/rntl.ch\/fitness\/abholen\/\" \/>\n<meta property=\"og:locale\" content=\"de_DE\" \/>\n<meta property=\"og:type\" content=\"article\" \/>\n<meta property=\"og:title\" content=\"Fitnessger\u00e4t selber Abholen und Retournieren - RNTL Fitness\" \/>\n<meta property=\"og:description\" content=\"Dein Fitnessger\u00e4t kannst Du am folgenden Standort abholen und retournieren. Sprinter Logsitik GmbHPilatusstrasse 19, 5630 Muri Mo-Fr: 07:30-12:00 \/ 13:00 &#8211; 17:00 Sa-So: geschlossen Pick-Up &amp; R\u00fcckgabe: Jederzeit zu den \u00d6ffnungszeiten m\u00f6glich.Gratis Parkpl\u00e4tze sind verf\u00fcgbar. Bitte beachte Feiertage im Freiamt AG.\" \/>\n<meta property=\"og:url\" content=\"https:\/\/rntl.ch\/fitness\/abholen\/\" \/>\n<meta property=\"og:site_name\" content=\"RNTL Fitness\" \/>\n<meta property=\"article:modified_time\" content=\"2025-01-27T10:05:48+00:00\" \/>\n<meta name=\"twitter:card\" content=\"summary_large_image\" \/>\n<meta name=\"twitter:label1\" content=\"Gesch\u00e4tzte Lesezeit\" \/>\n\t<meta name=\"twitter:data1\" content=\"1\u00a0Minute\" \/>\n<script type=\"application\/ld+json\" class=\"yoast-schema-graph\">{\"@context\":\"https:\/\/schema.org\",\"@graph\":[{\"@type\":\"WebPage\",\"@id\":\"https:\/\/rntl.ch\/fitness\/abholen\/\",\"url\":\"https:\/\/rntl.ch\/fitness\/abholen\/\",\"name\":\"Fitnessger\u00e4t selber Abholen und Retournieren - RNTL Fitness\",\"isPartOf\":{\"@id\":\"https:\/\/rntl.ch\/fitness\/#website\"},\"datePublished\":\"2019-10-18T08:25:45+00:00\",\"dateModified\":\"2025-01-27T10:05:48+00:00\",\"breadcrumb\":{\"@id\":\"https:\/\/rntl.ch\/fitness\/abholen\/#breadcrumb\"},\"inLanguage\":\"de\",\"potentialAction\":[{\"@type\":\"ReadAction\",\"target\":[\"https:\/\/rntl.ch\/fitness\/abholen\/\"]}]},{\"@type\":\"BreadcrumbList\",\"@id\":\"https:\/\/rntl.ch\/fitness\/abholen\/#breadcrumb\",\"itemListElement\":[{\"@type\":\"ListItem\",\"position\":1,\"name\":\"Startseite\",\"item\":\"https:\/\/rntl.ch\/fitness\/\"},{\"@type\":\"ListItem\",\"position\":2,\"name\":\"Fitnessger\u00e4t selber Abholen und Retournieren\"}]},{\"@type\":\"WebSite\",\"@id\":\"https:\/\/rntl.ch\/fitness\/#website\",\"url\":\"https:\/\/rntl.ch\/fitness\/\",\"name\":\"RNTL Fitness\",\"description\":\"Mieten Einfach Anders\",\"publisher\":{\"@id\":\"https:\/\/rntl.ch\/fitness\/#organization\"},\"potentialAction\":[{\"@type\":\"SearchAction\",\"target\":{\"@type\":\"EntryPoint\",\"urlTemplate\":\"https:\/\/rntl.ch\/fitness\/?s={search_term_string}\"},\"query-input\":{\"@type\":\"PropertyValueSpecification\",\"valueRequired\":true,\"valueName\":\"search_term_string\"}}],\"inLanguage\":\"de\"},{\"@type\":\"Organization\",\"@id\":\"https:\/\/rntl.ch\/fitness\/#organization\",\"name\":\"RNTL Fitness\",\"url\":\"https:\/\/rntl.ch\/fitness\/\",\"logo\":{\"@type\":\"ImageObject\",\"inLanguage\":\"de\",\"@id\":\"https:\/\/rntl.ch\/fitness\/#\/schema\/logo\/image\/\",\"url\":\"https:\/\/rntl.ch\/fitness\/wp-content\/uploads\/sites\/3\/2020\/11\/cropped-rntl_logo_white_530x150.png\",\"contentUrl\":\"https:\/\/rntl.ch\/fitness\/wp-content\/uploads\/sites\/3\/2020\/11\/cropped-rntl_logo_white_530x150.png\",\"width\":530,\"height\":150,\"caption\":\"RNTL Fitness\"},\"image\":{\"@id\":\"https:\/\/rntl.ch\/fitness\/#\/schema\/logo\/image\/\"}}]}<\/script>\n<!-- \/ Yoast SEO plugin. -->","yoast_head_json":{"title":"Fitnessger\u00e4t selber Abholen und Retournieren - RNTL Fitness","robots":{"index":"index","follow":"follow","max-snippet":"max-snippet:-1","max-image-preview":"max-image-preview:large","max-video-preview":"max-video-preview:-1"},"canonical":"https:\/\/rntl.ch\/fitness\/abholen\/","og_locale":"de_DE","og_type":"article","og_title":"Fitnessger\u00e4t selber Abholen und Retournieren - RNTL Fitness","og_description":"Dein Fitnessger\u00e4t kannst Du am folgenden Standort abholen und retournieren. Sprinter Logsitik GmbHPilatusstrasse 19, 5630 Muri Mo-Fr: 07:30-12:00 \/ 13:00 &#8211; 17:00 Sa-So: geschlossen Pick-Up &amp; R\u00fcckgabe: Jederzeit zu den \u00d6ffnungszeiten m\u00f6glich.Gratis Parkpl\u00e4tze sind verf\u00fcgbar. Bitte beachte Feiertage im Freiamt AG.","og_url":"https:\/\/rntl.ch\/fitness\/abholen\/","og_site_name":"RNTL Fitness","article_modified_time":"2025-01-27T10:05:48+00:00","twitter_card":"summary_large_image","twitter_misc":{"Gesch\u00e4tzte Lesezeit":"1\u00a0Minute"},"schema":{"@context":"https:\/\/schema.org","@graph":[{"@type":"WebPage","@id":"https:\/\/rntl.ch\/fitness\/abholen\/","url":"https:\/\/rntl.ch\/fitness\/abholen\/","name":"Fitnessger\u00e4t selber Abholen und Retournieren - RNTL Fitness","isPartOf":{"@id":"https:\/\/rntl.ch\/fitness\/#website"},"datePublished":"2019-10-18T08:25:45+00:00","dateModified":"2025-01-27T10:05:48+00:00","breadcrumb":{"@id":"https:\/\/rntl.ch\/fitness\/abholen\/#breadcrumb"},"inLanguage":"de","potentialAction":[{"@type":"ReadAction","target":["https:\/\/rntl.ch\/fitness\/abholen\/"]}]},{"@type":"BreadcrumbList","@id":"https:\/\/rntl.ch\/fitness\/abholen\/#breadcrumb","itemListElement":[{"@type":"ListItem","position":1,"name":"Startseite","item":"https:\/\/rntl.ch\/fitness\/"},{"@type":"ListItem","position":2,"name":"Fitnessger\u00e4t selber Abholen und Retournieren"}]},{"@type":"WebSite","@id":"https:\/\/rntl.ch\/fitness\/#website","url":"https:\/\/rntl.ch\/fitness\/","name":"RNTL Fitness","description":"Mieten Einfach Anders","publisher":{"@id":"https:\/\/rntl.ch\/fitness\/#organization"},"potentialAction":[{"@type":"SearchAction","target":{"@type":"EntryPoint","urlTemplate":"https:\/\/rntl.ch\/fitness\/?s={search_term_string}"},"query-input":{"@type":"PropertyValueSpecification","valueRequired":true,"valueName":"search_term_string"}}],"inLanguage":"de"},{"@type":"Organization","@id":"https:\/\/rntl.ch\/fitness\/#organization","name":"RNTL Fitness","url":"https:\/\/rntl.ch\/fitness\/","logo":{"@type":"ImageObject","inLanguage":"de","@id":"https:\/\/rntl.ch\/fitness\/#\/schema\/logo\/image\/","url":"https:\/\/rntl.ch\/fitness\/wp-content\/uploads\/sites\/3\/2020\/11\/cropped-rntl_logo_white_530x150.png","contentUrl":"https:\/\/rntl.ch\/fitness\/wp-content\/uploads\/sites\/3\/2020\/11\/cropped-rntl_logo_white_530x150.png","width":530,"height":150,"caption":"RNTL Fitness"},"image":{"@id":"https:\/\/rntl.ch\/fitness\/#\/schema\/logo\/image\/"}}]}},"_links":{"self":[{"href":"https:\/\/rntl.ch\/fitness\/wp-json\/wp\/v2\/pages\/1408","targetHints":{"allow":["GET"]}}],"collection":[{"href":"https:\/\/rntl.ch\/fitness\/wp-json\/wp\/v2\/pages"}],"about":[{"href":"https:\/\/rntl.ch\/fitness\/wp-json\/wp\/v2\/types\/page"}],"author":[{"embeddable":true,"href":"https:\/\/rntl.ch\/fitness\/wp-json\/wp\/v2\/users\/4"}],"replies":[{"embeddable":true,"href":"https:\/\/rntl.ch\/fitness\/wp-json\/wp\/v2\/comments?post=1408"}],"version-history":[{"count":7,"href":"https:\/\/rntl.ch\/fitness\/wp-json\/wp\/v2\/pages\/1408\/revisions"}],"predecessor-version":[{"id":31909,"href":"https:\/\/rntl.ch\/fitness\/wp-json\/wp\/v2\/pages\/1408\/revisions\/31909"}],"wp:attachment":[{"href":"https:\/\/rntl.ch\/fitness\/wp-json\/wp\/v2\/media?parent=1408"}],"curies":[{"name":"wp","href":"https:\/\/api.w.org\/{rel}","templated":true}]}}