{"id":1433,"date":"2019-08-29T05:13:39","date_gmt":"2019-08-29T05:13:39","guid":{"rendered":"https:\/\/fitness.rntl.ch\/?page_id=3"},"modified":"2021-09-30T13:14:34","modified_gmt":"2021-09-30T13:14:34","slug":"privacy-policy","status":"publish","type":"page","link":"https:\/\/rntl.ch\/fitness\/privacy-policy\/","title":{"rendered":"Datenschutz"},"content":{"rendered":"<div class=\"row\">\n<h2>Datenschutzerkl\u00e4rung der RNTL GmbH, Besenb\u00fcren<\/h2>\n<p><span style=\"font-weight: 400;\">Stand: Oktober 2021<\/span><\/p>\n<\/div>\n<div class=\"row\">\n<div class=\"col-12\">\n<h3>1. Zweck der Datenschutzerkl\u00e4rung<\/h3>\n<p>Betreiber der Website https:\/\/RNTL.ch (nachfolgend &#8218;RNTL Website&#8216; genannt) ist die RNTL GmbH in Besenb\u00fcren (nachfolgend &#8218;RNTL&#8216; genannt). Der Schutz der Daten unserer Kunden ist RNTL wichtig.<\/p>\n<p>Diese Datenschutzerkl\u00e4rung zeigt den Umgang von RNTL mit Personendaten auf und legt insbesondere dar, welche Personendaten des Besuchers der RNTL-Website (nachfolgend &#8218;Nutzer&#8216; genannt) von RNTL bearbeitet werden und zu welchen Zwecken die Bearbeitung dieser Daten erfolgt. Sie beschreibt zudem, wie gesammelte Personendaten \u00fcberpr\u00fcft, korrigiert oder gel\u00f6scht werden k\u00f6nnen.<\/p>\n<\/div>\n<div class=\"col-12\">\n<h3>2. Personendaten<\/h3>\n<p>RNTL respektiert die Privatsph\u00e4re des Nutzers und wird keinerlei Personendaten (wie Name, Adresse, E-Mail-Adresse) sammeln, es sei denn, diese werden vom Nutzer freiwillig zur Verf\u00fcgung gestellt (insb. Vorname, Nachname, Adresse, Mobile-Nummer, Email, Geburtstag, Gr\u00f6sse, Gewicht, Kleidergr\u00f6ssen)[MJ1] [SPE2] oder durch Cookies automatisch erhoben.<\/p>\n<\/div>\n<div class=\"col-12\">\n<h3>3. Cookies<\/h3>\n<p>Wenn der Nutzer die RNTL-Website besucht, k\u00f6nnen auf seinem Computer automatisch Informationen gespeichert werden. Dies geschieht in Form von sogenannten &#8218;Cookies&#8216; oder einer \u00e4hnlichen Datei, die RNTL in verschiedener Hinsicht hilft, so zum Beispiel um die Pr\u00e4ferenzen der Besucher der RNTL-Website kennenzulernen und die RNTL-Website zu verbessern.<\/p>\n<p>Die meisten Browser erm\u00f6glichen es, Cookies zu l\u00f6schen, deren Installation zu verhindern oder eine Warnung zu generieren, bevor ein Cookie installiert wird. Weitergehende diesbez\u00fcgliche Informationen kann der Nutzer den Browser-Instruktionen entnehmen.<\/p>\n<p>RNTL wird automatisch gespeicherte Informationen ausschliesslich f\u00fcr statistische Auswertungen verwenden und insbesondere nicht mit den RNTL allenfalls \u00fcberlassenen Personendaten in Verbindung bringen.<\/p>\n<\/div>\n<div class=\"col-12\">\n<h3>4. Verwendung von Personendaten<\/h3>\n<p>Vom Nutzer an RNTL \u00fcbermittelte Daten d\u00fcrfen von RNTL wie folgt verwendet werden:<\/p>\n<ul>\n<li>Zur Erstellung eines Nutzer-Kontos und zur sonstigen Erf\u00fcllung von vertraglichen Verpflichtungen;<\/li>\n<li>Zu Marketingzwecken, also insbesondere um die Bed\u00fcrfnisse der Nutzer besser zu verstehen und die Dienste von RNTL zu verbessern;<\/li>\n<li>Um Gesch\u00e4fte mit dem Nutzer zu t\u00e4tigen. Zu diesem Zweck darf RNTL die ihr vom Nutzer \u00fcbermittelten Daten auch an Vertriebs- und Kooperationspartner von RNTL im In- und Ausland senden. Weitere Personen erhalten von den Personendaten keine Kenntnis.<\/li>\n<li>Zur Weiterleitung an die beteiligten Parteien eines Mietgesch\u00e4fts, sofern dies f\u00fcr die Abwicklung des Mietgesch\u00e4fts notwendig ist.<\/li>\n<\/ul>\n<p>Der Zugang zu Personendaten ist auf diejenigen Mitarbeiter sowie Vertriebs- und Kooperationspartner begrenzt, die diese Daten kennen m\u00fcssen. RNTL wird Personendaten keinesfalls an Dritte verkaufen oder auf andere Weise vermarkten.<\/p>\n<\/div>\n<div class=\"col-12\">\n<h3>5. Sicherheitsmassnahmen<\/h3>\n<p>RNTL sieht Sicherheitsmassnahmen vor, um Verlust, Missbrauch oder \u00c4nderung von Informationen und Personendaten zu verhindern.<\/p>\n<p>Der Nutzer ist sich bewusst, dass \u00dcbertragungen im Internet nicht sicher sind. Sobald RNTL die \u00fcbertragenen Informationen erhalten hat, sichert sie diese in angemessener Weise in ihren Systemen.<\/p>\n<\/div>\n<div class=\"col-12\">\n<h3>6. Rechte des Nutzers<\/h3>\n<p>Der Nutzer kann jederzeit verlangen, dass RNTL ihm eine Kopie der Personendaten, welche ihn betreffen, zustellt oder ihm \u00fcber deren Verwendung Auskunft erteilt. Weiter wird RNTL diese Daten auf Wunsch des Nutzers jederzeit korrigieren oder l\u00f6schen. Die daf\u00fcr zust\u00e4ndige Stelle erreicht der Nutzer wie folgt:<\/p>\n<p>RNTL GmbH, Pfosigart 12, 5627 Besenb\u00fcren<\/p>\n<p>Email: mail@rntl.ch<\/p>\n<p>F\u00fcr ihre Umtriebe kann RNTL vom Nutzer eine angemessene Bearbeitungsgeb\u00fchr verlangen.<\/p>\n<\/div>\n<div class=\"col-12\">\n<h3>7. Anpassung der Datenschutzerkl\u00e4rung<\/h3>\n<p>RNTL beh\u00e4lt sich das Recht vor, diese Datenschutzerkl\u00e4rung jederzeit im Rahmen der gesetzlichen Vorgaben anzupassen.<\/p>\n<\/div>\n<div class=\"col-12\">\n<h3>8. Datenschutz f\u00fcr die Nutzung von Google Analytics<\/h3>\n<p>Die RNTL Website verwendet Google Analytics, einen Webanalysedienst der Google Inc. (&#8218;Google&#8216;). Google Analytics benutzt &#8218;Cookies&#8216;, Textdateien, welche lokal auf Ihrem Rechner gespeichert werden, um eine Page-Analyse zu machen. Die durch den Cookie erzeugten Informationen \u00fcber Ihre Benutzung dieser Website werden in der Regel an einen Server von Google in den USA \u00fcbertragen und dort gespeichert. Im Falle der Aktivierung der IP-Anonymisierung auf dieser Webseite wird Ihre IP-Adresse von Google trotzdem innerhalb von Mitgliedstaaten der Europ\u00e4ischen Union oder in anderen Vertragsstaaten des Abkommens \u00fcber den Europ\u00e4ischen Wirtschaftsraum zuvor gek\u00fcrzt. Nur in Ausnahmef\u00e4llen wird die volle IP-Adresse an einen Server von Google in den USA \u00fcbertragen und dort gek\u00fcrzt. Google wird diese Informationen benutzen, um Ihre Nutzung der Website auszuwerten, um Reports \u00fcber die Websiteaktivit\u00e4ten f\u00fcr die Websitebetreiber zusammenzustellen und um weitere mit der Websitenutzung und der Internetnutzung verbundene Dienstleistungen zu erbringen. Google kann diese Informationen auch an Dritte \u00fcbertragen, sofern die gesetzlichen Richtlinien dies zulassen und sofern Dritte die Daten im Auftrag von Google nutzen. Die im Rahmen von Google Analytics von Ihrem Browser \u00fcbermittelte IP-Adresse wird nicht mit anderen Daten von Google zusammengef\u00fchrt. Sie k\u00f6nnen die Installation der Cookies durch eine entsprechende Einstellung Ihres Browsers verhindern. Eine vollumf\u00e4ngliche Funktion der RNTL Website ist in diesem Fall nicht gew\u00e4hrleistet. Durch die Nutzung dieser Website erkl\u00e4ren Sie sich mit der Bearbeitung der \u00fcber Sie erhobenen Daten durch Google in der zuvor beschriebenen Art und Weise und zu dem zuvor benannten Zweck einverstanden.[MJ6] [SPE7]<\/p>\n<h3 class=\"n\">9. Datenschutz f\u00fcr den Einsatz von reCAPTCHA<\/h3>\n<p class=\"n\">Zum Schutz Ihrer Anfragen per Internetformular verwenden wir den Dienst reCAPTCHA des Unternehmens Google Inc. (Google). Die Abfrage dient der Unterscheidung, ob die Eingabe durch einen Menschen oder missbr\u00e4uchlich durch automatisierte, maschinelle Verarbeitung erfolgt. Die Abfrage schlie\u00dft den Versand der IP-Adresse und ggf. weiterer von Google f\u00fcr den Dienst reCAPTCHA ben\u00f6tigter Daten an Google ein. Zu diesem Zweck wird Ihre Eingabe an Google \u00fcbermittelt und dort weiter verwendet. Ihre IP-Adresse wird von Google jedoch innerhalb von Mitgliedstaaten der Europ\u00e4ischen Union oder in anderen Vertragsstaaten des Abkommens \u00fcber den Europ\u00e4ischen Wirtschaftsraum zuvor gek\u00fcrzt. Nur in Ausnahmef\u00e4llen wird die volle IP-Adresse an einen Server von Google in den USA \u00fcbertragen und dort gek\u00fcrzt. Im Auftrag des Betreibers dieser Website wird Google diese Informationen benutzen, um Ihre Nutzung dieses Dienstes auszuwerten. Die im Rahmen von reCaptcha von Ihrem Browser \u00fcbermittelte IP-Adresse wird nicht mit anderen Daten von Google zusammengef\u00fchrt. F\u00fcr diese Daten gelten die abweichenden Datenschutzbestimmungen des Unternehmens Google. Weitere Informationen zu den Datenschutzrichtlinien von Google finden Sie unter:\u00a0<a target=\"_blank\" href=\"https:\/\/policies.google.com\/privacy?hl=de\" rel=\"noopener noreferrer\">https:\/\/policies.google.com\/privacy?hl=de<\/a><\/p>\n<\/div>\n<div class=\"col-12\">\n<h3>10. Datenschutz f\u00fcr den Einsatz von HubSpot<\/h3>\n<p><span style=\"font-weight: 400;\">Wir verwenden die Dienste des Software-Herstellers HubSpot. HubSpot ist ein Software-Unternehmen aus den USA mit einer Niederlassung in Irland (HubSpot European Headquarters, Ground Floor, Two Dockland Central, Guild Street, Dublin 1, Ireland).<\/span><\/p>\n<p><span style=\"font-weight: 400;\">HubSpot ist eine Serviceplattform. Bei dem genutzten Dienst handelt es sich um eine integrierte Software-L\u00f6sung, mit der wir Kundendaten verwalten und verschiedene Aspekte unseres Online Marketings abdecken k\u00f6nnen. Dazu z\u00e4hlen unter anderem die Analyse von Landing Pages und das Reporting. Dabei werden sog. \u201eweb-beacons\u201c genutzt und Cookies auf dem von Ihnen genutzten Endger\u00e4t gespeichert.<\/span><\/p>\n<p><span style=\"font-weight: 400;\">Dabei k\u00f6nnen z.B. folgende personenbezogene Daten erhoben werden:<\/span><\/p>\n<ul>\n<li style=\"font-weight: 400;\" aria-level=\"1\"><span style=\"font-weight: 400;\">IP-Adresse,<\/span><\/li>\n<li style=\"font-weight: 400;\" aria-level=\"1\"><span style=\"font-weight: 400;\">geographischer Standort,<\/span><\/li>\n<li style=\"font-weight: 400;\" aria-level=\"1\"><span style=\"font-weight: 400;\">Art des Browsers,<\/span><\/li>\n<li style=\"font-weight: 400;\" aria-level=\"1\"><span style=\"font-weight: 400;\">Dauer des Besuchs,<\/span><\/li>\n<li style=\"font-weight: 400;\" aria-level=\"1\"><span style=\"font-weight: 400;\">aufgerufene Seiten.<\/span><\/li>\n<\/ul>\n<p><span style=\"font-weight: 400;\">Die erfassten Informationen sowie die Inhalte unserer Website werden auf Servern unseres Softwarepartners HubSpot Irland gespeichert. Wir nutzen HubSpot, um die Benutzung unserer Website zu analysieren. So k\u00f6nnen wir unsere Website stetig optimieren und nutzerfreundlicher gestalten. Zudem nutzen wir Informationen, um zu ermitteln, welche Leistungen unseres Unternehmens f\u00fcr Kunden und Newsletter-Abonnenten interessant sind und um mit diesen zu Werbezwecken in Kontakt zu treten. Dar\u00fcber hinaus optimieren wir mit der Auswertung unser Webangebot f\u00fcr Sie.<\/span><\/p>\n<p><span style=\"font-weight: 400;\">Wir verwenden Ihre IP-Adresse jedoch nur in gek\u00fcrzter Version. Das bedeutet, die IP-Adresse der Nutzer wird von HubSpot innerhalb von Mitgliedstaaten der Europ\u00e4ischen Union oder in anderen Vertragsstaaten des Abkommens \u00fcber den Europ\u00e4ischen Wirtschaftsraum gek\u00fcrzt. Nur in Ausnahmef\u00e4llen wird die volle IP-Adresse an einen Server von HubSpot in den USA \u00fcbertragen und dort gek\u00fcrzt.<\/span><\/p>\n<p><span style=\"font-weight: 400;\">Die Cookies haben eine \u00fcbliche Lebenszeit von 13 Monaten. Dar\u00fcber hinaus l\u00f6schen wir die \u00fcber HubSpot erhobenen personenbezogenen Daten sobald der Zweck, f\u00fcr den Sie erhoben wurden, erreicht ist, es sei denn, der L\u00f6schung stehen gesetzliche Aufbewahrungsfristen entgegen.<\/span><\/p>\n<p><span style=\"font-weight: 400;\">Die durch das Cookie erzeugten Informationen \u00fcber Benutzung des Onlineangebotes durch die Nutzer k\u00f6nnen in der Regel auch an einen Server von Google in den USA \u00fcbertragen und dort gespeichert werden. Die Verarbeitung erfolgt auf Grundlage von EU-Standardvertragsklauseln. Hierdurch bietet HubSpot eine Garantie, das europ\u00e4ische Datenschutzrecht einzuhalten.<\/span><\/p>\n<h3>11. Aufrufen der Datenschutzerkl\u00e4rung<\/h3>\n<p>Der Nutzer kann diese Datenschutzerkl\u00e4rung jederzeit aufrufen, herunterladen, speichern oder ausdrucken.<\/p>\n<\/div>\n<\/div>\n","protected":false},"excerpt":{"rendered":"<p>Datenschutzerkl\u00e4rung der RNTL GmbH, Besenb\u00fcren Stand: Oktober 2021 1. Zweck der Datenschutzerkl\u00e4rung Betreiber der Website https:\/\/RNTL.ch (nachfolgend &#8218;RNTL Website&#8216; genannt) ist die RNTL GmbH in Besenb\u00fcren (nachfolgend &#8218;RNTL&#8216; genannt). Der Schutz der Daten unserer Kunden ist RNTL wichtig. Diese Datenschutzerkl\u00e4rung zeigt den Umgang von RNTL mit Personendaten auf und legt insbesondere dar, welche Personendaten des [&hellip;]<\/p>\n","protected":false},"author":1,"featured_media":0,"parent":0,"menu_order":0,"comment_status":"closed","ping_status":"open","template":"template-fullwidth.php","meta":{"content-type":"","footnotes":""},"class_list":["post-1433","page","type-page","status-publish","hentry"],"yoast_head":"<!-- This site is optimized with the Yoast SEO plugin v26.3 - https:\/\/yoast.com\/wordpress\/plugins\/seo\/ -->\n<title>Datenschutz - RNTL Fitness<\/title>\n<meta name=\"robots\" content=\"index, follow, max-snippet:-1, max-image-preview:large, max-video-preview:-1\" \/>\n<link rel=\"canonical\" href=\"https:\/\/rntl.ch\/fitness\/privacy-policy\/\" \/>\n<meta property=\"og:locale\" content=\"de_DE\" \/>\n<meta property=\"og:type\" content=\"article\" \/>\n<meta property=\"og:title\" content=\"Datenschutz - RNTL Fitness\" \/>\n<meta property=\"og:description\" content=\"Datenschutzerkl\u00e4rung der RNTL GmbH, Besenb\u00fcren Stand: Oktober 2021 1. Zweck der Datenschutzerkl\u00e4rung Betreiber der Website https:\/\/RNTL.ch (nachfolgend &#8218;RNTL Website&#8216; genannt) ist die RNTL GmbH in Besenb\u00fcren (nachfolgend &#8218;RNTL&#8216; genannt). Der Schutz der Daten unserer Kunden ist RNTL wichtig. Diese Datenschutzerkl\u00e4rung zeigt den Umgang von RNTL mit Personendaten auf und legt insbesondere dar, welche Personendaten des [&hellip;]\" \/>\n<meta property=\"og:url\" content=\"https:\/\/rntl.ch\/fitness\/privacy-policy\/\" \/>\n<meta property=\"og:site_name\" content=\"RNTL Fitness\" \/>\n<meta property=\"article:modified_time\" content=\"2021-09-30T13:14:34+00:00\" \/>\n<meta name=\"twitter:card\" content=\"summary_large_image\" \/>\n<meta name=\"twitter:label1\" content=\"Gesch\u00e4tzte Lesezeit\" \/>\n\t<meta name=\"twitter:data1\" content=\"7\u00a0Minuten\" \/>\n<script type=\"application\/ld+json\" class=\"yoast-schema-graph\">{\"@context\":\"https:\/\/schema.org\",\"@graph\":[{\"@type\":\"WebPage\",\"@id\":\"https:\/\/rntl.ch\/fitness\/privacy-policy\/\",\"url\":\"https:\/\/rntl.ch\/fitness\/privacy-policy\/\",\"name\":\"Datenschutz - RNTL Fitness\",\"isPartOf\":{\"@id\":\"https:\/\/rntl.ch\/fitness\/#website\"},\"datePublished\":\"2019-08-29T05:13:39+00:00\",\"dateModified\":\"2021-09-30T13:14:34+00:00\",\"breadcrumb\":{\"@id\":\"https:\/\/rntl.ch\/fitness\/privacy-policy\/#breadcrumb\"},\"inLanguage\":\"de\",\"potentialAction\":[{\"@type\":\"ReadAction\",\"target\":[\"https:\/\/rntl.ch\/fitness\/privacy-policy\/\"]}]},{\"@type\":\"BreadcrumbList\",\"@id\":\"https:\/\/rntl.ch\/fitness\/privacy-policy\/#breadcrumb\",\"itemListElement\":[{\"@type\":\"ListItem\",\"position\":1,\"name\":\"Startseite\",\"item\":\"https:\/\/rntl.ch\/fitness\/\"},{\"@type\":\"ListItem\",\"position\":2,\"name\":\"Datenschutz\"}]},{\"@type\":\"WebSite\",\"@id\":\"https:\/\/rntl.ch\/fitness\/#website\",\"url\":\"https:\/\/rntl.ch\/fitness\/\",\"name\":\"RNTL Fitness\",\"description\":\"Mieten Einfach Anders\",\"publisher\":{\"@id\":\"https:\/\/rntl.ch\/fitness\/#organization\"},\"potentialAction\":[{\"@type\":\"SearchAction\",\"target\":{\"@type\":\"EntryPoint\",\"urlTemplate\":\"https:\/\/rntl.ch\/fitness\/?s={search_term_string}\"},\"query-input\":{\"@type\":\"PropertyValueSpecification\",\"valueRequired\":true,\"valueName\":\"search_term_string\"}}],\"inLanguage\":\"de\"},{\"@type\":\"Organization\",\"@id\":\"https:\/\/rntl.ch\/fitness\/#organization\",\"name\":\"RNTL Fitness\",\"url\":\"https:\/\/rntl.ch\/fitness\/\",\"logo\":{\"@type\":\"ImageObject\",\"inLanguage\":\"de\",\"@id\":\"https:\/\/rntl.ch\/fitness\/#\/schema\/logo\/image\/\",\"url\":\"https:\/\/rntl.ch\/fitness\/wp-content\/uploads\/sites\/3\/2020\/11\/cropped-rntl_logo_white_530x150.png\",\"contentUrl\":\"https:\/\/rntl.ch\/fitness\/wp-content\/uploads\/sites\/3\/2020\/11\/cropped-rntl_logo_white_530x150.png\",\"width\":530,\"height\":150,\"caption\":\"RNTL Fitness\"},\"image\":{\"@id\":\"https:\/\/rntl.ch\/fitness\/#\/schema\/logo\/image\/\"}}]}<\/script>\n<!-- \/ Yoast SEO plugin. -->","yoast_head_json":{"title":"Datenschutz - RNTL Fitness","robots":{"index":"index","follow":"follow","max-snippet":"max-snippet:-1","max-image-preview":"max-image-preview:large","max-video-preview":"max-video-preview:-1"},"canonical":"https:\/\/rntl.ch\/fitness\/privacy-policy\/","og_locale":"de_DE","og_type":"article","og_title":"Datenschutz - RNTL Fitness","og_description":"Datenschutzerkl\u00e4rung der RNTL GmbH, Besenb\u00fcren Stand: Oktober 2021 1. Zweck der Datenschutzerkl\u00e4rung Betreiber der Website https:\/\/RNTL.ch (nachfolgend &#8218;RNTL Website&#8216; genannt) ist die RNTL GmbH in Besenb\u00fcren (nachfolgend &#8218;RNTL&#8216; genannt). Der Schutz der Daten unserer Kunden ist RNTL wichtig. Diese Datenschutzerkl\u00e4rung zeigt den Umgang von RNTL mit Personendaten auf und legt insbesondere dar, welche Personendaten des [&hellip;]","og_url":"https:\/\/rntl.ch\/fitness\/privacy-policy\/","og_site_name":"RNTL Fitness","article_modified_time":"2021-09-30T13:14:34+00:00","twitter_card":"summary_large_image","twitter_misc":{"Gesch\u00e4tzte Lesezeit":"7\u00a0Minuten"},"schema":{"@context":"https:\/\/schema.org","@graph":[{"@type":"WebPage","@id":"https:\/\/rntl.ch\/fitness\/privacy-policy\/","url":"https:\/\/rntl.ch\/fitness\/privacy-policy\/","name":"Datenschutz - RNTL Fitness","isPartOf":{"@id":"https:\/\/rntl.ch\/fitness\/#website"},"datePublished":"2019-08-29T05:13:39+00:00","dateModified":"2021-09-30T13:14:34+00:00","breadcrumb":{"@id":"https:\/\/rntl.ch\/fitness\/privacy-policy\/#breadcrumb"},"inLanguage":"de","potentialAction":[{"@type":"ReadAction","target":["https:\/\/rntl.ch\/fitness\/privacy-policy\/"]}]},{"@type":"BreadcrumbList","@id":"https:\/\/rntl.ch\/fitness\/privacy-policy\/#breadcrumb","itemListElement":[{"@type":"ListItem","position":1,"name":"Startseite","item":"https:\/\/rntl.ch\/fitness\/"},{"@type":"ListItem","position":2,"name":"Datenschutz"}]},{"@type":"WebSite","@id":"https:\/\/rntl.ch\/fitness\/#website","url":"https:\/\/rntl.ch\/fitness\/","name":"RNTL Fitness","description":"Mieten Einfach Anders","publisher":{"@id":"https:\/\/rntl.ch\/fitness\/#organization"},"potentialAction":[{"@type":"SearchAction","target":{"@type":"EntryPoint","urlTemplate":"https:\/\/rntl.ch\/fitness\/?s={search_term_string}"},"query-input":{"@type":"PropertyValueSpecification","valueRequired":true,"valueName":"search_term_string"}}],"inLanguage":"de"},{"@type":"Organization","@id":"https:\/\/rntl.ch\/fitness\/#organization","name":"RNTL Fitness","url":"https:\/\/rntl.ch\/fitness\/","logo":{"@type":"ImageObject","inLanguage":"de","@id":"https:\/\/rntl.ch\/fitness\/#\/schema\/logo\/image\/","url":"https:\/\/rntl.ch\/fitness\/wp-content\/uploads\/sites\/3\/2020\/11\/cropped-rntl_logo_white_530x150.png","contentUrl":"https:\/\/rntl.ch\/fitness\/wp-content\/uploads\/sites\/3\/2020\/11\/cropped-rntl_logo_white_530x150.png","width":530,"height":150,"caption":"RNTL Fitness"},"image":{"@id":"https:\/\/rntl.ch\/fitness\/#\/schema\/logo\/image\/"}}]}},"_links":{"self":[{"href":"https:\/\/rntl.ch\/fitness\/wp-json\/wp\/v2\/pages\/1433","targetHints":{"allow":["GET"]}}],"collection":[{"href":"https:\/\/rntl.ch\/fitness\/wp-json\/wp\/v2\/pages"}],"about":[{"href":"https:\/\/rntl.ch\/fitness\/wp-json\/wp\/v2\/types\/page"}],"author":[{"embeddable":true,"href":"https:\/\/rntl.ch\/fitness\/wp-json\/wp\/v2\/users\/1"}],"replies":[{"embeddable":true,"href":"https:\/\/rntl.ch\/fitness\/wp-json\/wp\/v2\/comments?post=1433"}],"version-history":[{"count":0,"href":"https:\/\/rntl.ch\/fitness\/wp-json\/wp\/v2\/pages\/1433\/revisions"}],"wp:attachment":[{"href":"https:\/\/rntl.ch\/fitness\/wp-json\/wp\/v2\/media?parent=1433"}],"curies":[{"name":"wp","href":"https:\/\/api.w.org\/{rel}","templated":true}]}}