{"id":24,"date":"2019-08-30T08:57:37","date_gmt":"2019-08-30T08:57:37","guid":{"rendered":"https:\/\/fitness.rntl.ch\/?page_id=24"},"modified":"2025-04-14T15:26:43","modified_gmt":"2025-04-14T13:26:43","slug":"team","status":"publish","type":"page","link":"https:\/\/rntl.ch\/fitness\/team\/","title":{"rendered":"Team"},"content":{"rendered":"<div class=\"wp-block-image\">\n<figure class=\"aligncenter is-resized\"><img fetchpriority=\"high\" decoding=\"async\" width=\"1024\" height=\"409\" src=\"https:\/\/rntl.ch\/fitness\/wp-content\/uploads\/sites\/3\/2019\/11\/team_1200_sketch_dark-1024x409.jpg\" alt=\"\" class=\"wp-image-3056\" style=\"width:768px;height:307px\" srcset=\"https:\/\/rntl.ch\/fitness\/wp-content\/uploads\/sites\/3\/2019\/11\/team_1200_sketch_dark-1024x409.jpg 1024w, https:\/\/rntl.ch\/fitness\/wp-content\/uploads\/sites\/3\/2019\/11\/team_1200_sketch_dark-555x222.jpg 555w, https:\/\/rntl.ch\/fitness\/wp-content\/uploads\/sites\/3\/2019\/11\/team_1200_sketch_dark-300x120.jpg 300w, https:\/\/rntl.ch\/fitness\/wp-content\/uploads\/sites\/3\/2019\/11\/team_1200_sketch_dark-768x307.jpg 768w, https:\/\/rntl.ch\/fitness\/wp-content\/uploads\/sites\/3\/2019\/11\/team_1200_sketch_dark.jpg 1200w\" sizes=\"(max-width: 1024px) 100vw, 1024px\" \/><figcaption class=\"wp-element-caption\"> <strong>Das Gr\u00fcnderteam v.l.n.r.<\/strong> <\/figcaption><\/figure><\/div>\n\n\n<p class=\"has-text-align-left has-medium-font-size\"><strong>Patrick<\/strong> &#8211; k\u00fcmmert sich um alles Digitale.<br><strong>Silvio<\/strong> &#8211; stellt f\u00fcr dich das optimale Equipment zusammen und ist im Shop vor Ort anzutreffen.<br><strong>Stefan<\/strong> &#8211; deine Ansprechperson wenn es um RNTL geht.<\/p>\n\n\n\n<figure class=\"wp-block-embed is-type-video is-provider-youtube wp-block-embed-youtube wp-embed-aspect-16-9 wp-has-aspect-ratio\"><div class=\"wp-block-embed__wrapper\">\n<iframe title=\"Wer steckt hinter RNTL?\" width=\"980\" height=\"551\" src=\"https:\/\/www.youtube.com\/embed\/Uwac5CRfQhY?feature=oembed\" frameborder=\"0\" allow=\"accelerometer; autoplay; clipboard-write; encrypted-media; gyroscope; picture-in-picture; web-share\" referrerpolicy=\"strict-origin-when-cross-origin\" allowfullscreen><\/iframe>\n<\/div><\/figure>\n\n\n\n<p><\/p>\n\n\n\n<p class=\"has-medium-font-size\">Wir sind ein Aargauer Start-Up und sind der Meinung, dass man teure Fitnessger\u00e4te und Skis vor dem Kauf besser ausprobiert oder einfach f\u00fcr einen Zeitraum zu guten Konditionen mieten sollte. Dieser Prozess wird von uns digitalisiert und vereinfacht, was H\u00e4ndler und Endkunden gleichzeitig freut. <\/p>\n","protected":false},"excerpt":{"rendered":"<p>Patrick &#8211; k\u00fcmmert sich um alles Digitale.Silvio &#8211; stellt f\u00fcr dich das optimale Equipment zusammen und ist im Shop vor Ort anzutreffen.Stefan &#8211; deine Ansprechperson wenn es um RNTL geht. Wir sind ein Aargauer Start-Up und sind der Meinung, dass man teure Fitnessger\u00e4te und Skis vor dem Kauf besser ausprobiert oder einfach f\u00fcr einen Zeitraum [&hellip;]<\/p>\n","protected":false},"author":1,"featured_media":0,"parent":0,"menu_order":0,"comment_status":"closed","ping_status":"closed","template":"template-fullwidth.php","meta":{"content-type":"","footnotes":""},"class_list":["post-24","page","type-page","status-publish","hentry"],"yoast_head":"<!-- This site is optimized with the Yoast SEO plugin v26.3 - https:\/\/yoast.com\/wordpress\/plugins\/seo\/ -->\n<title>Team - RNTL Fitness<\/title>\n<meta name=\"robots\" content=\"index, follow, max-snippet:-1, max-image-preview:large, max-video-preview:-1\" \/>\n<link rel=\"canonical\" href=\"https:\/\/rntl.ch\/fitness\/team\/\" \/>\n<meta property=\"og:locale\" content=\"de_DE\" \/>\n<meta property=\"og:type\" content=\"article\" \/>\n<meta property=\"og:title\" content=\"Team - RNTL Fitness\" \/>\n<meta property=\"og:description\" content=\"Patrick &#8211; k\u00fcmmert sich um alles Digitale.Silvio &#8211; stellt f\u00fcr dich das optimale Equipment zusammen und ist im Shop vor Ort anzutreffen.Stefan &#8211; deine Ansprechperson wenn es um RNTL geht. Wir sind ein Aargauer Start-Up und sind der Meinung, dass man teure Fitnessger\u00e4te und Skis vor dem Kauf besser ausprobiert oder einfach f\u00fcr einen Zeitraum [&hellip;]\" \/>\n<meta property=\"og:url\" content=\"https:\/\/rntl.ch\/fitness\/team\/\" \/>\n<meta property=\"og:site_name\" content=\"RNTL Fitness\" \/>\n<meta property=\"article:modified_time\" content=\"2025-04-14T13:26:43+00:00\" \/>\n<meta property=\"og:image\" content=\"https:\/\/rntl.ch\/fitness\/wp-content\/uploads\/sites\/3\/2019\/11\/team_1200_sketch_dark.jpg\" \/>\n\t<meta property=\"og:image:width\" content=\"1200\" \/>\n\t<meta property=\"og:image:height\" content=\"479\" \/>\n\t<meta property=\"og:image:type\" content=\"image\/jpeg\" \/>\n<meta name=\"twitter:card\" content=\"summary_large_image\" \/>\n<meta name=\"twitter:label1\" content=\"Gesch\u00e4tzte Lesezeit\" \/>\n\t<meta name=\"twitter:data1\" content=\"1\u00a0Minute\" \/>\n<script type=\"application\/ld+json\" class=\"yoast-schema-graph\">{\"@context\":\"https:\/\/schema.org\",\"@graph\":[{\"@type\":\"WebPage\",\"@id\":\"https:\/\/rntl.ch\/fitness\/team\/\",\"url\":\"https:\/\/rntl.ch\/fitness\/team\/\",\"name\":\"Team - RNTL Fitness\",\"isPartOf\":{\"@id\":\"https:\/\/rntl.ch\/fitness\/#website\"},\"primaryImageOfPage\":{\"@id\":\"https:\/\/rntl.ch\/fitness\/team\/#primaryimage\"},\"image\":{\"@id\":\"https:\/\/rntl.ch\/fitness\/team\/#primaryimage\"},\"thumbnailUrl\":\"https:\/\/rntl.ch\/fitness\/wp-content\/uploads\/sites\/3\/2019\/11\/team_1200_sketch_dark-1024x409.jpg\",\"datePublished\":\"2019-08-30T08:57:37+00:00\",\"dateModified\":\"2025-04-14T13:26:43+00:00\",\"breadcrumb\":{\"@id\":\"https:\/\/rntl.ch\/fitness\/team\/#breadcrumb\"},\"inLanguage\":\"de\",\"potentialAction\":[{\"@type\":\"ReadAction\",\"target\":[\"https:\/\/rntl.ch\/fitness\/team\/\"]}]},{\"@type\":\"ImageObject\",\"inLanguage\":\"de\",\"@id\":\"https:\/\/rntl.ch\/fitness\/team\/#primaryimage\",\"url\":\"https:\/\/rntl.ch\/fitness\/wp-content\/uploads\/sites\/3\/2019\/11\/team_1200_sketch_dark-1024x409.jpg\",\"contentUrl\":\"https:\/\/rntl.ch\/fitness\/wp-content\/uploads\/sites\/3\/2019\/11\/team_1200_sketch_dark-1024x409.jpg\"},{\"@type\":\"BreadcrumbList\",\"@id\":\"https:\/\/rntl.ch\/fitness\/team\/#breadcrumb\",\"itemListElement\":[{\"@type\":\"ListItem\",\"position\":1,\"name\":\"Startseite\",\"item\":\"https:\/\/rntl.ch\/fitness\/\"},{\"@type\":\"ListItem\",\"position\":2,\"name\":\"Team\"}]},{\"@type\":\"WebSite\",\"@id\":\"https:\/\/rntl.ch\/fitness\/#website\",\"url\":\"https:\/\/rntl.ch\/fitness\/\",\"name\":\"RNTL Fitness\",\"description\":\"Mieten Einfach Anders\",\"publisher\":{\"@id\":\"https:\/\/rntl.ch\/fitness\/#organization\"},\"potentialAction\":[{\"@type\":\"SearchAction\",\"target\":{\"@type\":\"EntryPoint\",\"urlTemplate\":\"https:\/\/rntl.ch\/fitness\/?s={search_term_string}\"},\"query-input\":{\"@type\":\"PropertyValueSpecification\",\"valueRequired\":true,\"valueName\":\"search_term_string\"}}],\"inLanguage\":\"de\"},{\"@type\":\"Organization\",\"@id\":\"https:\/\/rntl.ch\/fitness\/#organization\",\"name\":\"RNTL Fitness\",\"url\":\"https:\/\/rntl.ch\/fitness\/\",\"logo\":{\"@type\":\"ImageObject\",\"inLanguage\":\"de\",\"@id\":\"https:\/\/rntl.ch\/fitness\/#\/schema\/logo\/image\/\",\"url\":\"https:\/\/rntl.ch\/fitness\/wp-content\/uploads\/sites\/3\/2020\/11\/cropped-rntl_logo_white_530x150.png\",\"contentUrl\":\"https:\/\/rntl.ch\/fitness\/wp-content\/uploads\/sites\/3\/2020\/11\/cropped-rntl_logo_white_530x150.png\",\"width\":530,\"height\":150,\"caption\":\"RNTL Fitness\"},\"image\":{\"@id\":\"https:\/\/rntl.ch\/fitness\/#\/schema\/logo\/image\/\"}}]}<\/script>\n<!-- \/ Yoast SEO plugin. -->","yoast_head_json":{"title":"Team - RNTL Fitness","robots":{"index":"index","follow":"follow","max-snippet":"max-snippet:-1","max-image-preview":"max-image-preview:large","max-video-preview":"max-video-preview:-1"},"canonical":"https:\/\/rntl.ch\/fitness\/team\/","og_locale":"de_DE","og_type":"article","og_title":"Team - RNTL Fitness","og_description":"Patrick &#8211; k\u00fcmmert sich um alles Digitale.Silvio &#8211; stellt f\u00fcr dich das optimale Equipment zusammen und ist im Shop vor Ort anzutreffen.Stefan &#8211; deine Ansprechperson wenn es um RNTL geht. Wir sind ein Aargauer Start-Up und sind der Meinung, dass man teure Fitnessger\u00e4te und Skis vor dem Kauf besser ausprobiert oder einfach f\u00fcr einen Zeitraum [&hellip;]","og_url":"https:\/\/rntl.ch\/fitness\/team\/","og_site_name":"RNTL Fitness","article_modified_time":"2025-04-14T13:26:43+00:00","og_image":[{"width":1200,"height":479,"url":"https:\/\/rntl.ch\/fitness\/wp-content\/uploads\/sites\/3\/2019\/11\/team_1200_sketch_dark.jpg","type":"image\/jpeg"}],"twitter_card":"summary_large_image","twitter_misc":{"Gesch\u00e4tzte Lesezeit":"1\u00a0Minute"},"schema":{"@context":"https:\/\/schema.org","@graph":[{"@type":"WebPage","@id":"https:\/\/rntl.ch\/fitness\/team\/","url":"https:\/\/rntl.ch\/fitness\/team\/","name":"Team - RNTL Fitness","isPartOf":{"@id":"https:\/\/rntl.ch\/fitness\/#website"},"primaryImageOfPage":{"@id":"https:\/\/rntl.ch\/fitness\/team\/#primaryimage"},"image":{"@id":"https:\/\/rntl.ch\/fitness\/team\/#primaryimage"},"thumbnailUrl":"https:\/\/rntl.ch\/fitness\/wp-content\/uploads\/sites\/3\/2019\/11\/team_1200_sketch_dark-1024x409.jpg","datePublished":"2019-08-30T08:57:37+00:00","dateModified":"2025-04-14T13:26:43+00:00","breadcrumb":{"@id":"https:\/\/rntl.ch\/fitness\/team\/#breadcrumb"},"inLanguage":"de","potentialAction":[{"@type":"ReadAction","target":["https:\/\/rntl.ch\/fitness\/team\/"]}]},{"@type":"ImageObject","inLanguage":"de","@id":"https:\/\/rntl.ch\/fitness\/team\/#primaryimage","url":"https:\/\/rntl.ch\/fitness\/wp-content\/uploads\/sites\/3\/2019\/11\/team_1200_sketch_dark-1024x409.jpg","contentUrl":"https:\/\/rntl.ch\/fitness\/wp-content\/uploads\/sites\/3\/2019\/11\/team_1200_sketch_dark-1024x409.jpg"},{"@type":"BreadcrumbList","@id":"https:\/\/rntl.ch\/fitness\/team\/#breadcrumb","itemListElement":[{"@type":"ListItem","position":1,"name":"Startseite","item":"https:\/\/rntl.ch\/fitness\/"},{"@type":"ListItem","position":2,"name":"Team"}]},{"@type":"WebSite","@id":"https:\/\/rntl.ch\/fitness\/#website","url":"https:\/\/rntl.ch\/fitness\/","name":"RNTL Fitness","description":"Mieten Einfach Anders","publisher":{"@id":"https:\/\/rntl.ch\/fitness\/#organization"},"potentialAction":[{"@type":"SearchAction","target":{"@type":"EntryPoint","urlTemplate":"https:\/\/rntl.ch\/fitness\/?s={search_term_string}"},"query-input":{"@type":"PropertyValueSpecification","valueRequired":true,"valueName":"search_term_string"}}],"inLanguage":"de"},{"@type":"Organization","@id":"https:\/\/rntl.ch\/fitness\/#organization","name":"RNTL Fitness","url":"https:\/\/rntl.ch\/fitness\/","logo":{"@type":"ImageObject","inLanguage":"de","@id":"https:\/\/rntl.ch\/fitness\/#\/schema\/logo\/image\/","url":"https:\/\/rntl.ch\/fitness\/wp-content\/uploads\/sites\/3\/2020\/11\/cropped-rntl_logo_white_530x150.png","contentUrl":"https:\/\/rntl.ch\/fitness\/wp-content\/uploads\/sites\/3\/2020\/11\/cropped-rntl_logo_white_530x150.png","width":530,"height":150,"caption":"RNTL Fitness"},"image":{"@id":"https:\/\/rntl.ch\/fitness\/#\/schema\/logo\/image\/"}}]}},"_links":{"self":[{"href":"https:\/\/rntl.ch\/fitness\/wp-json\/wp\/v2\/pages\/24","targetHints":{"allow":["GET"]}}],"collection":[{"href":"https:\/\/rntl.ch\/fitness\/wp-json\/wp\/v2\/pages"}],"about":[{"href":"https:\/\/rntl.ch\/fitness\/wp-json\/wp\/v2\/types\/page"}],"author":[{"embeddable":true,"href":"https:\/\/rntl.ch\/fitness\/wp-json\/wp\/v2\/users\/1"}],"replies":[{"embeddable":true,"href":"https:\/\/rntl.ch\/fitness\/wp-json\/wp\/v2\/comments?post=24"}],"version-history":[{"count":3,"href":"https:\/\/rntl.ch\/fitness\/wp-json\/wp\/v2\/pages\/24\/revisions"}],"predecessor-version":[{"id":33535,"href":"https:\/\/rntl.ch\/fitness\/wp-json\/wp\/v2\/pages\/24\/revisions\/33535"}],"wp:attachment":[{"href":"https:\/\/rntl.ch\/fitness\/wp-json\/wp\/v2\/media?parent=24"}],"curies":[{"name":"wp","href":"https:\/\/api.w.org\/{rel}","templated":true}]}}