{"id":532,"date":"2019-10-11T14:01:54","date_gmt":"2019-10-11T14:01:54","guid":{"rendered":"https:\/\/fitness.rntl.ch\/?page_id=532"},"modified":"2024-07-11T07:36:44","modified_gmt":"2024-07-11T05:36:44","slug":"abos","status":"publish","type":"page","link":"https:\/\/rntl.ch\/fitness\/abos\/","title":{"rendered":"Warum ein Abo?"},"content":{"rendered":"\n<h2 class=\"wp-block-heading\">Finde ein passendes Fitnessger\u00e4t ohne hohe Kosten <\/h2>\n\n\n\n<p class=\"has-medium-font-size\">Bei uns mietest du dein Fitnessger\u00e4te im Monats-Abo mit einer Kaufoption und einem flexibles K\u00fcndigungsrecht nach Ablauf einer optionaler Mindestvertragsdauer. <\/p>\n\n\n\n<p class=\"has-medium-font-size\">So kannst du ohne viel Geld auszugeben das Ger\u00e4t auf Herz und Nieren testen bevor du es kaufst. <\/p>\n\n\n\n<p class=\"has-medium-font-size\"><strong>Nach Ablauf der optionalen Mindestvertragsdauer wird deine Abo automatisch jeweils einen Monat verl\u00e4ngert. Du kannst das Ger\u00e4t jederzeit kaufen oder nach der Mindestmietdauer retournieren.<\/strong><\/p>\n\n\n\n<hr class=\"wp-block-separator has-css-opacity is-style-default\"\/>\n\n\n\n<h2 class=\"wp-block-heading\">Kaufpreis einfach berechnet<strong> <\/strong><\/h2>\n\n\n\n<p class=\"has-medium-font-size\">Die Monatsraten werden beim Kauf voll angerechnet. Der Kaufpreis der Ger\u00e4te findest du auf der Produktseite oder bei Occasionen machen wir dir gerne ein faires Angebot.<\/p>\n\n\n\n<hr class=\"wp-block-separator has-css-opacity\"\/>\n\n\n\n<h2 class=\"wp-block-heading\">Online Bestellen und Bezahlen<\/h2>\n\n\n\n<p class=\"has-medium-font-size\">Das Abo (Mietvertrag) schliesst du schnell und einfach mit ein paar Clicks im Webshop ab und bezahlst es bequem per Kreditkarte. Die Rate f\u00fcr den ersten Monat und die Lieferung bezahlst du beim Checkout. Der erste Monat f\u00e4ngt aber erst bei Lieferung an zu laufen.<\/p>\n\n\n\n<p class=\"has-medium-font-size\">Dein Abo verl\u00e4ngert sich automatisch jeden Monat f\u00fcr einen weiteren Monat. Du erh\u00e4ltst jeden Monat ein E-Mail mit allen Informationen und kannst das Abo monatlich k\u00fcnden nach Ablauf der Mindestmietdauer.<\/p>\n\n\n\n<p class=\"has-medium-font-size\">Wichtig! Die ersten 30 Tage fangen erst an zu laufen, wenn das Ger\u00e4t einsatzbereit bei dir zu Hause steht! \ud83d\udc40<\/p>\n\n\n\n<hr class=\"wp-block-separator has-css-opacity\"\/>\n\n\n\n<h2 class=\"wp-block-heading\">100% Funktionsgarantie <\/h2>\n\n\n\n<p class=\"has-medium-font-size\">Im Abo-Preis enthalten ist unsere <a href=\"\/fitness\/Funktions-Garantie\">Funktionsgarantie<\/a>. Sollte dein Ger\u00e4t nicht wie gew\u00fcnscht funktionieren melde die bei unserem Kundenservice (<a href=\"mailto:service@rntl.ch\">service@rntl.ch)<\/a> mit einem kurzen Handyvideo vom Defekt und der Seriennummer des Ger\u00e4tes. Wir werden dann den Fall umgehended bearbeiten und so rasch wie m\u00f6glich eine gute L\u00f6sung f\u00fcr das Probelm finden.<\/p>\n\n\n\n<p class=\"has-medium-font-size\">Sollte das Ger\u00e4t nicht repariert werden k\u00f6nnen tauschen, wir f\u00fcr dich kostenlos aus.<\/p>\n\n\n\n<hr class=\"wp-block-separator has-css-opacity\"\/>\n\n\n\n<p class=\"has-medium-font-size\"><\/p>\n","protected":false},"excerpt":{"rendered":"<p>Finde ein passendes Fitnessger\u00e4t ohne hohe Kosten Bei uns mietest du dein Fitnessger\u00e4te im Monats-Abo mit einer Kaufoption und einem flexibles K\u00fcndigungsrecht nach Ablauf einer optionaler Mindestvertragsdauer. So kannst du ohne viel Geld auszugeben das Ger\u00e4t auf Herz und Nieren testen bevor du es kaufst. Nach Ablauf der optionalen Mindestvertragsdauer wird deine Abo automatisch jeweils [&hellip;]<\/p>\n","protected":false},"author":1,"featured_media":0,"parent":0,"menu_order":0,"comment_status":"closed","ping_status":"closed","template":"template-fullwidth.php","meta":{"content-type":"","footnotes":""},"class_list":["post-532","page","type-page","status-publish","hentry"],"yoast_head":"<!-- This site is optimized with the Yoast SEO plugin v26.3 - https:\/\/yoast.com\/wordpress\/plugins\/seo\/ -->\n<title>Warum ein Abo? - RNTL Fitness<\/title>\n<meta name=\"robots\" content=\"index, follow, max-snippet:-1, max-image-preview:large, max-video-preview:-1\" \/>\n<link rel=\"canonical\" href=\"https:\/\/rntl.ch\/fitness\/abos\/\" \/>\n<meta property=\"og:locale\" content=\"de_DE\" \/>\n<meta property=\"og:type\" content=\"article\" \/>\n<meta property=\"og:title\" content=\"Warum ein Abo? - RNTL Fitness\" \/>\n<meta property=\"og:description\" content=\"Finde ein passendes Fitnessger\u00e4t ohne hohe Kosten Bei uns mietest du dein Fitnessger\u00e4te im Monats-Abo mit einer Kaufoption und einem flexibles K\u00fcndigungsrecht nach Ablauf einer optionaler Mindestvertragsdauer. So kannst du ohne viel Geld auszugeben das Ger\u00e4t auf Herz und Nieren testen bevor du es kaufst. Nach Ablauf der optionalen Mindestvertragsdauer wird deine Abo automatisch jeweils [&hellip;]\" \/>\n<meta property=\"og:url\" content=\"https:\/\/rntl.ch\/fitness\/abos\/\" \/>\n<meta property=\"og:site_name\" content=\"RNTL Fitness\" \/>\n<meta property=\"article:modified_time\" content=\"2024-07-11T05:36:44+00:00\" \/>\n<meta name=\"twitter:card\" content=\"summary_large_image\" \/>\n<meta name=\"twitter:label1\" content=\"Gesch\u00e4tzte Lesezeit\" \/>\n\t<meta name=\"twitter:data1\" content=\"2\u00a0Minuten\" \/>\n<script type=\"application\/ld+json\" class=\"yoast-schema-graph\">{\"@context\":\"https:\/\/schema.org\",\"@graph\":[{\"@type\":\"WebPage\",\"@id\":\"https:\/\/rntl.ch\/fitness\/abos\/\",\"url\":\"https:\/\/rntl.ch\/fitness\/abos\/\",\"name\":\"Warum ein Abo? - RNTL Fitness\",\"isPartOf\":{\"@id\":\"https:\/\/rntl.ch\/fitness\/#website\"},\"datePublished\":\"2019-10-11T14:01:54+00:00\",\"dateModified\":\"2024-07-11T05:36:44+00:00\",\"breadcrumb\":{\"@id\":\"https:\/\/rntl.ch\/fitness\/abos\/#breadcrumb\"},\"inLanguage\":\"de\",\"potentialAction\":[{\"@type\":\"ReadAction\",\"target\":[\"https:\/\/rntl.ch\/fitness\/abos\/\"]}]},{\"@type\":\"BreadcrumbList\",\"@id\":\"https:\/\/rntl.ch\/fitness\/abos\/#breadcrumb\",\"itemListElement\":[{\"@type\":\"ListItem\",\"position\":1,\"name\":\"Startseite\",\"item\":\"https:\/\/rntl.ch\/fitness\/\"},{\"@type\":\"ListItem\",\"position\":2,\"name\":\"Warum ein Abo?\"}]},{\"@type\":\"WebSite\",\"@id\":\"https:\/\/rntl.ch\/fitness\/#website\",\"url\":\"https:\/\/rntl.ch\/fitness\/\",\"name\":\"RNTL Fitness\",\"description\":\"Mieten Einfach Anders\",\"publisher\":{\"@id\":\"https:\/\/rntl.ch\/fitness\/#organization\"},\"potentialAction\":[{\"@type\":\"SearchAction\",\"target\":{\"@type\":\"EntryPoint\",\"urlTemplate\":\"https:\/\/rntl.ch\/fitness\/?s={search_term_string}\"},\"query-input\":{\"@type\":\"PropertyValueSpecification\",\"valueRequired\":true,\"valueName\":\"search_term_string\"}}],\"inLanguage\":\"de\"},{\"@type\":\"Organization\",\"@id\":\"https:\/\/rntl.ch\/fitness\/#organization\",\"name\":\"RNTL Fitness\",\"url\":\"https:\/\/rntl.ch\/fitness\/\",\"logo\":{\"@type\":\"ImageObject\",\"inLanguage\":\"de\",\"@id\":\"https:\/\/rntl.ch\/fitness\/#\/schema\/logo\/image\/\",\"url\":\"https:\/\/rntl.ch\/fitness\/wp-content\/uploads\/sites\/3\/2020\/11\/cropped-rntl_logo_white_530x150.png\",\"contentUrl\":\"https:\/\/rntl.ch\/fitness\/wp-content\/uploads\/sites\/3\/2020\/11\/cropped-rntl_logo_white_530x150.png\",\"width\":530,\"height\":150,\"caption\":\"RNTL Fitness\"},\"image\":{\"@id\":\"https:\/\/rntl.ch\/fitness\/#\/schema\/logo\/image\/\"}}]}<\/script>\n<!-- \/ Yoast SEO plugin. -->","yoast_head_json":{"title":"Warum ein Abo? - RNTL Fitness","robots":{"index":"index","follow":"follow","max-snippet":"max-snippet:-1","max-image-preview":"max-image-preview:large","max-video-preview":"max-video-preview:-1"},"canonical":"https:\/\/rntl.ch\/fitness\/abos\/","og_locale":"de_DE","og_type":"article","og_title":"Warum ein Abo? - RNTL Fitness","og_description":"Finde ein passendes Fitnessger\u00e4t ohne hohe Kosten Bei uns mietest du dein Fitnessger\u00e4te im Monats-Abo mit einer Kaufoption und einem flexibles K\u00fcndigungsrecht nach Ablauf einer optionaler Mindestvertragsdauer. So kannst du ohne viel Geld auszugeben das Ger\u00e4t auf Herz und Nieren testen bevor du es kaufst. Nach Ablauf der optionalen Mindestvertragsdauer wird deine Abo automatisch jeweils [&hellip;]","og_url":"https:\/\/rntl.ch\/fitness\/abos\/","og_site_name":"RNTL Fitness","article_modified_time":"2024-07-11T05:36:44+00:00","twitter_card":"summary_large_image","twitter_misc":{"Gesch\u00e4tzte Lesezeit":"2\u00a0Minuten"},"schema":{"@context":"https:\/\/schema.org","@graph":[{"@type":"WebPage","@id":"https:\/\/rntl.ch\/fitness\/abos\/","url":"https:\/\/rntl.ch\/fitness\/abos\/","name":"Warum ein Abo? - RNTL Fitness","isPartOf":{"@id":"https:\/\/rntl.ch\/fitness\/#website"},"datePublished":"2019-10-11T14:01:54+00:00","dateModified":"2024-07-11T05:36:44+00:00","breadcrumb":{"@id":"https:\/\/rntl.ch\/fitness\/abos\/#breadcrumb"},"inLanguage":"de","potentialAction":[{"@type":"ReadAction","target":["https:\/\/rntl.ch\/fitness\/abos\/"]}]},{"@type":"BreadcrumbList","@id":"https:\/\/rntl.ch\/fitness\/abos\/#breadcrumb","itemListElement":[{"@type":"ListItem","position":1,"name":"Startseite","item":"https:\/\/rntl.ch\/fitness\/"},{"@type":"ListItem","position":2,"name":"Warum ein Abo?"}]},{"@type":"WebSite","@id":"https:\/\/rntl.ch\/fitness\/#website","url":"https:\/\/rntl.ch\/fitness\/","name":"RNTL Fitness","description":"Mieten Einfach Anders","publisher":{"@id":"https:\/\/rntl.ch\/fitness\/#organization"},"potentialAction":[{"@type":"SearchAction","target":{"@type":"EntryPoint","urlTemplate":"https:\/\/rntl.ch\/fitness\/?s={search_term_string}"},"query-input":{"@type":"PropertyValueSpecification","valueRequired":true,"valueName":"search_term_string"}}],"inLanguage":"de"},{"@type":"Organization","@id":"https:\/\/rntl.ch\/fitness\/#organization","name":"RNTL Fitness","url":"https:\/\/rntl.ch\/fitness\/","logo":{"@type":"ImageObject","inLanguage":"de","@id":"https:\/\/rntl.ch\/fitness\/#\/schema\/logo\/image\/","url":"https:\/\/rntl.ch\/fitness\/wp-content\/uploads\/sites\/3\/2020\/11\/cropped-rntl_logo_white_530x150.png","contentUrl":"https:\/\/rntl.ch\/fitness\/wp-content\/uploads\/sites\/3\/2020\/11\/cropped-rntl_logo_white_530x150.png","width":530,"height":150,"caption":"RNTL Fitness"},"image":{"@id":"https:\/\/rntl.ch\/fitness\/#\/schema\/logo\/image\/"}}]}},"_links":{"self":[{"href":"https:\/\/rntl.ch\/fitness\/wp-json\/wp\/v2\/pages\/532","targetHints":{"allow":["GET"]}}],"collection":[{"href":"https:\/\/rntl.ch\/fitness\/wp-json\/wp\/v2\/pages"}],"about":[{"href":"https:\/\/rntl.ch\/fitness\/wp-json\/wp\/v2\/types\/page"}],"author":[{"embeddable":true,"href":"https:\/\/rntl.ch\/fitness\/wp-json\/wp\/v2\/users\/1"}],"replies":[{"embeddable":true,"href":"https:\/\/rntl.ch\/fitness\/wp-json\/wp\/v2\/comments?post=532"}],"version-history":[{"count":1,"href":"https:\/\/rntl.ch\/fitness\/wp-json\/wp\/v2\/pages\/532\/revisions"}],"predecessor-version":[{"id":29223,"href":"https:\/\/rntl.ch\/fitness\/wp-json\/wp\/v2\/pages\/532\/revisions\/29223"}],"wp:attachment":[{"href":"https:\/\/rntl.ch\/fitness\/wp-json\/wp\/v2\/media?parent=532"}],"curies":[{"name":"wp","href":"https:\/\/api.w.org\/{rel}","templated":true}]}}