{"id":7575,"date":"2020-06-11T12:25:19","date_gmt":"2020-06-11T10:25:19","guid":{"rendered":"https:\/\/fitness.rntl.ch\/?page_id=7575"},"modified":"2021-11-10T17:20:28","modified_gmt":"2021-11-10T16:20:28","slug":"funktions-garantie","status":"publish","type":"page","link":"https:\/\/rntl.ch\/fitness\/funktions-garantie\/","title":{"rendered":"Funktionsgarantie"},"content":{"rendered":"\n<p class=\"has-medium-font-size\">Wir bieten dir eine 100% Funktionsgarantie, bei normalem Gebrauch, w\u00e4hrend der Mietdauer. Die Garantie ist im Abo inbegriffen. <\/p>\n\n\n\n<p class=\"has-medium-font-size\">Sollte mal etwas an deinem Fitnessger\u00e4t nicht funktionieren, dann reparieren wir es oder tauschen das Ger\u00e4t kostenlos aus.<\/p>\n\n\n\n<p class=\"has-medium-font-size\">Unser <strong>Kundendienst <\/strong>koordiniert den Umtausch oder die Reparatur.<br><br><a href=\"\/fitness\/kontaktformular\/\">Kontaktformular<\/a><br>Tel: 056 666 11 92<br>E-Mail: <a href=\"mailto:service@rntl.ch\">service@rntl.ch<\/a><br><\/p>\n\n\n\n<p class=\"has-medium-font-size\"> <\/p>\n","protected":false},"excerpt":{"rendered":"<p>Wir bieten dir eine 100% Funktionsgarantie, bei normalem Gebrauch, w\u00e4hrend der Mietdauer. Die Garantie ist im Abo inbegriffen. Sollte mal etwas an deinem Fitnessger\u00e4t nicht funktionieren, dann reparieren wir es oder tauschen das Ger\u00e4t kostenlos aus. Unser Kundendienst koordiniert den Umtausch oder die Reparatur. KontaktformularTel: 056 666 11 92E-Mail: service@rntl.ch<\/p>\n","protected":false},"author":5,"featured_media":0,"parent":0,"menu_order":0,"comment_status":"closed","ping_status":"closed","template":"template-fullwidth.php","meta":{"content-type":"","footnotes":""},"class_list":["post-7575","page","type-page","status-publish","hentry"],"yoast_head":"<!-- This site is optimized with the Yoast SEO plugin v26.3 - https:\/\/yoast.com\/wordpress\/plugins\/seo\/ -->\n<title>Funktionsgarantie - RNTL Fitness<\/title>\n<meta name=\"robots\" content=\"index, follow, max-snippet:-1, max-image-preview:large, max-video-preview:-1\" \/>\n<link rel=\"canonical\" href=\"https:\/\/rntl.ch\/fitness\/funktions-garantie\/\" \/>\n<meta property=\"og:locale\" content=\"de_DE\" \/>\n<meta property=\"og:type\" content=\"article\" \/>\n<meta property=\"og:title\" content=\"Funktionsgarantie - RNTL Fitness\" \/>\n<meta property=\"og:description\" content=\"Wir bieten dir eine 100% Funktionsgarantie, bei normalem Gebrauch, w\u00e4hrend der Mietdauer. Die Garantie ist im Abo inbegriffen. Sollte mal etwas an deinem Fitnessger\u00e4t nicht funktionieren, dann reparieren wir es oder tauschen das Ger\u00e4t kostenlos aus. Unser Kundendienst koordiniert den Umtausch oder die Reparatur. KontaktformularTel: 056 666 11 92E-Mail: service@rntl.ch\" \/>\n<meta property=\"og:url\" content=\"https:\/\/rntl.ch\/fitness\/funktions-garantie\/\" \/>\n<meta property=\"og:site_name\" content=\"RNTL Fitness\" \/>\n<meta property=\"article:modified_time\" content=\"2021-11-10T16:20:28+00:00\" \/>\n<meta name=\"twitter:card\" content=\"summary_large_image\" \/>\n<meta name=\"twitter:label1\" content=\"Gesch\u00e4tzte Lesezeit\" \/>\n\t<meta name=\"twitter:data1\" content=\"1\u00a0Minute\" \/>\n<script type=\"application\/ld+json\" class=\"yoast-schema-graph\">{\"@context\":\"https:\/\/schema.org\",\"@graph\":[{\"@type\":\"WebPage\",\"@id\":\"https:\/\/rntl.ch\/fitness\/funktions-garantie\/\",\"url\":\"https:\/\/rntl.ch\/fitness\/funktions-garantie\/\",\"name\":\"Funktionsgarantie - RNTL Fitness\",\"isPartOf\":{\"@id\":\"https:\/\/rntl.ch\/fitness\/#website\"},\"datePublished\":\"2020-06-11T10:25:19+00:00\",\"dateModified\":\"2021-11-10T16:20:28+00:00\",\"breadcrumb\":{\"@id\":\"https:\/\/rntl.ch\/fitness\/funktions-garantie\/#breadcrumb\"},\"inLanguage\":\"de\",\"potentialAction\":[{\"@type\":\"ReadAction\",\"target\":[\"https:\/\/rntl.ch\/fitness\/funktions-garantie\/\"]}]},{\"@type\":\"BreadcrumbList\",\"@id\":\"https:\/\/rntl.ch\/fitness\/funktions-garantie\/#breadcrumb\",\"itemListElement\":[{\"@type\":\"ListItem\",\"position\":1,\"name\":\"Startseite\",\"item\":\"https:\/\/rntl.ch\/fitness\/\"},{\"@type\":\"ListItem\",\"position\":2,\"name\":\"Funktionsgarantie\"}]},{\"@type\":\"WebSite\",\"@id\":\"https:\/\/rntl.ch\/fitness\/#website\",\"url\":\"https:\/\/rntl.ch\/fitness\/\",\"name\":\"RNTL Fitness\",\"description\":\"Mieten Einfach Anders\",\"publisher\":{\"@id\":\"https:\/\/rntl.ch\/fitness\/#organization\"},\"potentialAction\":[{\"@type\":\"SearchAction\",\"target\":{\"@type\":\"EntryPoint\",\"urlTemplate\":\"https:\/\/rntl.ch\/fitness\/?s={search_term_string}\"},\"query-input\":{\"@type\":\"PropertyValueSpecification\",\"valueRequired\":true,\"valueName\":\"search_term_string\"}}],\"inLanguage\":\"de\"},{\"@type\":\"Organization\",\"@id\":\"https:\/\/rntl.ch\/fitness\/#organization\",\"name\":\"RNTL Fitness\",\"url\":\"https:\/\/rntl.ch\/fitness\/\",\"logo\":{\"@type\":\"ImageObject\",\"inLanguage\":\"de\",\"@id\":\"https:\/\/rntl.ch\/fitness\/#\/schema\/logo\/image\/\",\"url\":\"https:\/\/rntl.ch\/fitness\/wp-content\/uploads\/sites\/3\/2020\/11\/cropped-rntl_logo_white_530x150.png\",\"contentUrl\":\"https:\/\/rntl.ch\/fitness\/wp-content\/uploads\/sites\/3\/2020\/11\/cropped-rntl_logo_white_530x150.png\",\"width\":530,\"height\":150,\"caption\":\"RNTL Fitness\"},\"image\":{\"@id\":\"https:\/\/rntl.ch\/fitness\/#\/schema\/logo\/image\/\"}}]}<\/script>\n<!-- \/ Yoast SEO plugin. -->","yoast_head_json":{"title":"Funktionsgarantie - RNTL Fitness","robots":{"index":"index","follow":"follow","max-snippet":"max-snippet:-1","max-image-preview":"max-image-preview:large","max-video-preview":"max-video-preview:-1"},"canonical":"https:\/\/rntl.ch\/fitness\/funktions-garantie\/","og_locale":"de_DE","og_type":"article","og_title":"Funktionsgarantie - RNTL Fitness","og_description":"Wir bieten dir eine 100% Funktionsgarantie, bei normalem Gebrauch, w\u00e4hrend der Mietdauer. Die Garantie ist im Abo inbegriffen. Sollte mal etwas an deinem Fitnessger\u00e4t nicht funktionieren, dann reparieren wir es oder tauschen das Ger\u00e4t kostenlos aus. Unser Kundendienst koordiniert den Umtausch oder die Reparatur. KontaktformularTel: 056 666 11 92E-Mail: service@rntl.ch","og_url":"https:\/\/rntl.ch\/fitness\/funktions-garantie\/","og_site_name":"RNTL Fitness","article_modified_time":"2021-11-10T16:20:28+00:00","twitter_card":"summary_large_image","twitter_misc":{"Gesch\u00e4tzte Lesezeit":"1\u00a0Minute"},"schema":{"@context":"https:\/\/schema.org","@graph":[{"@type":"WebPage","@id":"https:\/\/rntl.ch\/fitness\/funktions-garantie\/","url":"https:\/\/rntl.ch\/fitness\/funktions-garantie\/","name":"Funktionsgarantie - RNTL Fitness","isPartOf":{"@id":"https:\/\/rntl.ch\/fitness\/#website"},"datePublished":"2020-06-11T10:25:19+00:00","dateModified":"2021-11-10T16:20:28+00:00","breadcrumb":{"@id":"https:\/\/rntl.ch\/fitness\/funktions-garantie\/#breadcrumb"},"inLanguage":"de","potentialAction":[{"@type":"ReadAction","target":["https:\/\/rntl.ch\/fitness\/funktions-garantie\/"]}]},{"@type":"BreadcrumbList","@id":"https:\/\/rntl.ch\/fitness\/funktions-garantie\/#breadcrumb","itemListElement":[{"@type":"ListItem","position":1,"name":"Startseite","item":"https:\/\/rntl.ch\/fitness\/"},{"@type":"ListItem","position":2,"name":"Funktionsgarantie"}]},{"@type":"WebSite","@id":"https:\/\/rntl.ch\/fitness\/#website","url":"https:\/\/rntl.ch\/fitness\/","name":"RNTL Fitness","description":"Mieten Einfach Anders","publisher":{"@id":"https:\/\/rntl.ch\/fitness\/#organization"},"potentialAction":[{"@type":"SearchAction","target":{"@type":"EntryPoint","urlTemplate":"https:\/\/rntl.ch\/fitness\/?s={search_term_string}"},"query-input":{"@type":"PropertyValueSpecification","valueRequired":true,"valueName":"search_term_string"}}],"inLanguage":"de"},{"@type":"Organization","@id":"https:\/\/rntl.ch\/fitness\/#organization","name":"RNTL Fitness","url":"https:\/\/rntl.ch\/fitness\/","logo":{"@type":"ImageObject","inLanguage":"de","@id":"https:\/\/rntl.ch\/fitness\/#\/schema\/logo\/image\/","url":"https:\/\/rntl.ch\/fitness\/wp-content\/uploads\/sites\/3\/2020\/11\/cropped-rntl_logo_white_530x150.png","contentUrl":"https:\/\/rntl.ch\/fitness\/wp-content\/uploads\/sites\/3\/2020\/11\/cropped-rntl_logo_white_530x150.png","width":530,"height":150,"caption":"RNTL Fitness"},"image":{"@id":"https:\/\/rntl.ch\/fitness\/#\/schema\/logo\/image\/"}}]}},"_links":{"self":[{"href":"https:\/\/rntl.ch\/fitness\/wp-json\/wp\/v2\/pages\/7575","targetHints":{"allow":["GET"]}}],"collection":[{"href":"https:\/\/rntl.ch\/fitness\/wp-json\/wp\/v2\/pages"}],"about":[{"href":"https:\/\/rntl.ch\/fitness\/wp-json\/wp\/v2\/types\/page"}],"author":[{"embeddable":true,"href":"https:\/\/rntl.ch\/fitness\/wp-json\/wp\/v2\/users\/5"}],"replies":[{"embeddable":true,"href":"https:\/\/rntl.ch\/fitness\/wp-json\/wp\/v2\/comments?post=7575"}],"version-history":[{"count":0,"href":"https:\/\/rntl.ch\/fitness\/wp-json\/wp\/v2\/pages\/7575\/revisions"}],"wp:attachment":[{"href":"https:\/\/rntl.ch\/fitness\/wp-json\/wp\/v2\/media?parent=7575"}],"curies":[{"name":"wp","href":"https:\/\/api.w.org\/{rel}","templated":true}]}}