{"id":963,"date":"2019-10-16T13:56:29","date_gmt":"2019-10-16T13:56:29","guid":{"rendered":"https:\/\/fitness.rntl.ch\/?page_id=963"},"modified":"2025-08-09T09:41:03","modified_gmt":"2025-08-09T07:41:03","slug":"liefer-abhol-service","status":"publish","type":"page","link":"https:\/\/rntl.ch\/fitness\/liefer-abhol-service\/","title":{"rendered":"Liefer- und Abhol-Service"},"content":{"rendered":"\n<hr class=\"wp-block-separator has-css-opacity\"\/>\n\n\n\n<h2 class=\"wp-block-heading\">Liefer-Service <\/h2>\n\n\n\n<p class=\"has-medium-font-size\">Die Kosten unseres Liefer- und Abhol-Service berechnen sich nach der Distanz von unserem Lager zu dir nach Hause. Zus\u00e4tzlich spielt das Gewicht, die Dimension des Ger\u00e4tes und die Unterst\u00fctzung am finalen Standort eine Rolle f\u00fcr die Berechnung der Kosten. <\/p>\n\n\n\n<p class=\"has-medium-font-size\"><strong>Lieferoption mit &#8222;Sorglos Packet&#8220;<\/strong><br>Wir kommen mit einem Treppenlift oder gen\u00fcgend anzahl Personen um das Ger\u00e4t an den gew\u00fcnschten Platz zu bringen. Um ein wenig mithilfe von dir sind wir trotzdem sehr dankbar, wenn es enge Treppenh\u00e4user, Einfahrten oder sonstige Hindernisse gibt.<\/p>\n\n\n\n<p class=\"has-medium-font-size\"><strong>Lieferoption &#8222;Abholung beim Pick-Up&#8220;<\/strong><br>Warum ist dies nicht kostenlos? Da die Ger\u00e4te in einem externes Lager sind, m\u00fcssen wir den Transport zu uns organisieren und den Spediteur bezahlen. Zudem gibt es vor jeder Auslieferung einen Funktionspr\u00fcfung und eine gr\u00fcndliche Reinigung. <\/p>\n\n\n\n<p class=\"has-medium-font-size\">Die Kosten f\u00fcr den Lieferservice werden f\u00fcr dich automatisch berechnet und im Webshop angezeigt sobald du deine PLZ beim Check-Out angibst.<\/p>\n\n\n\n<hr class=\"wp-block-separator has-css-opacity\"\/>\n\n\n\n<h2 class=\"wp-block-heading\">Abhol-Service<\/h2>\n\n\n\n<p class=\"has-medium-font-size\">Der Abhol-Service kann im <a href=\"https:\/\/rntl.ch\/fitness\/produkt-kategorie\/special-services\/\">Webshop bestellt<\/a> und bezahlt werden. Wir kontaktieren dich nach der Best\u00e4tigung der Bestellung f\u00fcr die Terminvereinbarung.<\/p>\n\n\n\n<p class=\"has-medium-font-size\">Es gibt drei verschieden Gewichtskategorien:<\/p>\n\n\n\n<p class=\"has-medium-font-size\"><strong>Leicht<\/strong>: Ergometer, Heimtrainer, Ruderger\u00e4te, Hanteln<\/p>\n\n\n\n<p class=\"has-medium-font-size\"><strong>Mittel<\/strong>: Cross-Trainer, Tischtennistische<\/p>\n\n\n\n<p class=\"has-medium-font-size\"><strong>Schwer<\/strong>: Laufb\u00e4nder, Grosse Crosstrianer (Frontwheeler) Kraftstationen<\/p>\n\n\n\n<p class=\"has-medium-font-size\">Falls du dir nicht sicher bist welche Kategorie zu deinem Ger\u00e4t passt, findest du die Kategorie auf deinen E-Mails von RNTL. Unser Kundendienst hilft dir auch gerne weiter.<\/p>\n\n\n\n<hr class=\"wp-block-separator has-css-opacity\"\/>\n\n\n\n<h2 class=\"wp-block-heading\">Selbst Abholen\/Retournieren<\/h2>\n\n\n\n<p class=\"has-medium-font-size\">Du hast die M\u00f6glichkeit dein Ger\u00e4t kostenlos in unserem Lager in Muri (AG) an der Pilatusstrasse 19 zu retournieren. Viele der Ger\u00e4te passen in einen Kombi. Wir helfen dir nat\u00fcrlich gerne beim ein- bzw. ausladen. Die meisten Ger\u00e4te k\u00f6nnen zu zweit gut transportiert werden.<\/p>\n\n\n\n<p class=\"has-medium-font-size\">Du kannst dein Ger\u00e4t jederzeit w\u00e4hrend den \u00d6ffnungszeite retourniere. Bitte beachte die \u00d6ffnungszeiten und die Feiertage im Freiamt AG.<\/p>\n\n\n\n<hr class=\"wp-block-separator has-css-opacity\"\/>\n","protected":false},"excerpt":{"rendered":"<p>Liefer-Service Die Kosten unseres Liefer- und Abhol-Service berechnen sich nach der Distanz von unserem Lager zu dir nach Hause. Zus\u00e4tzlich spielt das Gewicht, die Dimension des Ger\u00e4tes und die Unterst\u00fctzung am finalen Standort eine Rolle f\u00fcr die Berechnung der Kosten. Lieferoption mit &#8222;Sorglos Packet&#8220;Wir kommen mit einem Treppenlift oder gen\u00fcgend anzahl Personen um das Ger\u00e4t [&hellip;]<\/p>\n","protected":false},"author":4,"featured_media":0,"parent":0,"menu_order":0,"comment_status":"closed","ping_status":"closed","template":"template-fullwidth.php","meta":{"content-type":"","footnotes":""},"class_list":["post-963","page","type-page","status-publish","hentry"],"yoast_head":"<!-- This site is optimized with the Yoast SEO plugin v26.3 - https:\/\/yoast.com\/wordpress\/plugins\/seo\/ -->\n<title>Liefer- und Abhol-Service - RNTL Fitness<\/title>\n<meta name=\"robots\" content=\"index, follow, max-snippet:-1, max-image-preview:large, max-video-preview:-1\" \/>\n<link rel=\"canonical\" href=\"https:\/\/rntl.ch\/fitness\/liefer-abhol-service\/\" \/>\n<meta property=\"og:locale\" content=\"de_DE\" \/>\n<meta property=\"og:type\" content=\"article\" \/>\n<meta property=\"og:title\" content=\"Liefer- und Abhol-Service - RNTL Fitness\" \/>\n<meta property=\"og:description\" content=\"Liefer-Service Die Kosten unseres Liefer- und Abhol-Service berechnen sich nach der Distanz von unserem Lager zu dir nach Hause. Zus\u00e4tzlich spielt das Gewicht, die Dimension des Ger\u00e4tes und die Unterst\u00fctzung am finalen Standort eine Rolle f\u00fcr die Berechnung der Kosten. Lieferoption mit &#8222;Sorglos Packet&#8220;Wir kommen mit einem Treppenlift oder gen\u00fcgend anzahl Personen um das Ger\u00e4t [&hellip;]\" \/>\n<meta property=\"og:url\" content=\"https:\/\/rntl.ch\/fitness\/liefer-abhol-service\/\" \/>\n<meta property=\"og:site_name\" content=\"RNTL Fitness\" \/>\n<meta property=\"article:modified_time\" content=\"2025-08-09T07:41:03+00:00\" \/>\n<meta name=\"twitter:card\" content=\"summary_large_image\" \/>\n<meta name=\"twitter:label1\" content=\"Gesch\u00e4tzte Lesezeit\" \/>\n\t<meta name=\"twitter:data1\" content=\"2\u00a0Minuten\" \/>\n<script type=\"application\/ld+json\" class=\"yoast-schema-graph\">{\"@context\":\"https:\/\/schema.org\",\"@graph\":[{\"@type\":\"WebPage\",\"@id\":\"https:\/\/rntl.ch\/fitness\/liefer-abhol-service\/\",\"url\":\"https:\/\/rntl.ch\/fitness\/liefer-abhol-service\/\",\"name\":\"Liefer- und Abhol-Service - RNTL Fitness\",\"isPartOf\":{\"@id\":\"https:\/\/rntl.ch\/fitness\/#website\"},\"datePublished\":\"2019-10-16T13:56:29+00:00\",\"dateModified\":\"2025-08-09T07:41:03+00:00\",\"breadcrumb\":{\"@id\":\"https:\/\/rntl.ch\/fitness\/liefer-abhol-service\/#breadcrumb\"},\"inLanguage\":\"de\",\"potentialAction\":[{\"@type\":\"ReadAction\",\"target\":[\"https:\/\/rntl.ch\/fitness\/liefer-abhol-service\/\"]}]},{\"@type\":\"BreadcrumbList\",\"@id\":\"https:\/\/rntl.ch\/fitness\/liefer-abhol-service\/#breadcrumb\",\"itemListElement\":[{\"@type\":\"ListItem\",\"position\":1,\"name\":\"Startseite\",\"item\":\"https:\/\/rntl.ch\/fitness\/\"},{\"@type\":\"ListItem\",\"position\":2,\"name\":\"Liefer- und Abhol-Service\"}]},{\"@type\":\"WebSite\",\"@id\":\"https:\/\/rntl.ch\/fitness\/#website\",\"url\":\"https:\/\/rntl.ch\/fitness\/\",\"name\":\"RNTL Fitness\",\"description\":\"Mieten Einfach Anders\",\"publisher\":{\"@id\":\"https:\/\/rntl.ch\/fitness\/#organization\"},\"potentialAction\":[{\"@type\":\"SearchAction\",\"target\":{\"@type\":\"EntryPoint\",\"urlTemplate\":\"https:\/\/rntl.ch\/fitness\/?s={search_term_string}\"},\"query-input\":{\"@type\":\"PropertyValueSpecification\",\"valueRequired\":true,\"valueName\":\"search_term_string\"}}],\"inLanguage\":\"de\"},{\"@type\":\"Organization\",\"@id\":\"https:\/\/rntl.ch\/fitness\/#organization\",\"name\":\"RNTL Fitness\",\"url\":\"https:\/\/rntl.ch\/fitness\/\",\"logo\":{\"@type\":\"ImageObject\",\"inLanguage\":\"de\",\"@id\":\"https:\/\/rntl.ch\/fitness\/#\/schema\/logo\/image\/\",\"url\":\"https:\/\/rntl.ch\/fitness\/wp-content\/uploads\/sites\/3\/2020\/11\/cropped-rntl_logo_white_530x150.png\",\"contentUrl\":\"https:\/\/rntl.ch\/fitness\/wp-content\/uploads\/sites\/3\/2020\/11\/cropped-rntl_logo_white_530x150.png\",\"width\":530,\"height\":150,\"caption\":\"RNTL Fitness\"},\"image\":{\"@id\":\"https:\/\/rntl.ch\/fitness\/#\/schema\/logo\/image\/\"}}]}<\/script>\n<!-- \/ Yoast SEO plugin. -->","yoast_head_json":{"title":"Liefer- und Abhol-Service - RNTL Fitness","robots":{"index":"index","follow":"follow","max-snippet":"max-snippet:-1","max-image-preview":"max-image-preview:large","max-video-preview":"max-video-preview:-1"},"canonical":"https:\/\/rntl.ch\/fitness\/liefer-abhol-service\/","og_locale":"de_DE","og_type":"article","og_title":"Liefer- und Abhol-Service - RNTL Fitness","og_description":"Liefer-Service Die Kosten unseres Liefer- und Abhol-Service berechnen sich nach der Distanz von unserem Lager zu dir nach Hause. Zus\u00e4tzlich spielt das Gewicht, die Dimension des Ger\u00e4tes und die Unterst\u00fctzung am finalen Standort eine Rolle f\u00fcr die Berechnung der Kosten. Lieferoption mit &#8222;Sorglos Packet&#8220;Wir kommen mit einem Treppenlift oder gen\u00fcgend anzahl Personen um das Ger\u00e4t [&hellip;]","og_url":"https:\/\/rntl.ch\/fitness\/liefer-abhol-service\/","og_site_name":"RNTL Fitness","article_modified_time":"2025-08-09T07:41:03+00:00","twitter_card":"summary_large_image","twitter_misc":{"Gesch\u00e4tzte Lesezeit":"2\u00a0Minuten"},"schema":{"@context":"https:\/\/schema.org","@graph":[{"@type":"WebPage","@id":"https:\/\/rntl.ch\/fitness\/liefer-abhol-service\/","url":"https:\/\/rntl.ch\/fitness\/liefer-abhol-service\/","name":"Liefer- und Abhol-Service - RNTL Fitness","isPartOf":{"@id":"https:\/\/rntl.ch\/fitness\/#website"},"datePublished":"2019-10-16T13:56:29+00:00","dateModified":"2025-08-09T07:41:03+00:00","breadcrumb":{"@id":"https:\/\/rntl.ch\/fitness\/liefer-abhol-service\/#breadcrumb"},"inLanguage":"de","potentialAction":[{"@type":"ReadAction","target":["https:\/\/rntl.ch\/fitness\/liefer-abhol-service\/"]}]},{"@type":"BreadcrumbList","@id":"https:\/\/rntl.ch\/fitness\/liefer-abhol-service\/#breadcrumb","itemListElement":[{"@type":"ListItem","position":1,"name":"Startseite","item":"https:\/\/rntl.ch\/fitness\/"},{"@type":"ListItem","position":2,"name":"Liefer- und Abhol-Service"}]},{"@type":"WebSite","@id":"https:\/\/rntl.ch\/fitness\/#website","url":"https:\/\/rntl.ch\/fitness\/","name":"RNTL Fitness","description":"Mieten Einfach Anders","publisher":{"@id":"https:\/\/rntl.ch\/fitness\/#organization"},"potentialAction":[{"@type":"SearchAction","target":{"@type":"EntryPoint","urlTemplate":"https:\/\/rntl.ch\/fitness\/?s={search_term_string}"},"query-input":{"@type":"PropertyValueSpecification","valueRequired":true,"valueName":"search_term_string"}}],"inLanguage":"de"},{"@type":"Organization","@id":"https:\/\/rntl.ch\/fitness\/#organization","name":"RNTL Fitness","url":"https:\/\/rntl.ch\/fitness\/","logo":{"@type":"ImageObject","inLanguage":"de","@id":"https:\/\/rntl.ch\/fitness\/#\/schema\/logo\/image\/","url":"https:\/\/rntl.ch\/fitness\/wp-content\/uploads\/sites\/3\/2020\/11\/cropped-rntl_logo_white_530x150.png","contentUrl":"https:\/\/rntl.ch\/fitness\/wp-content\/uploads\/sites\/3\/2020\/11\/cropped-rntl_logo_white_530x150.png","width":530,"height":150,"caption":"RNTL Fitness"},"image":{"@id":"https:\/\/rntl.ch\/fitness\/#\/schema\/logo\/image\/"}}]}},"_links":{"self":[{"href":"https:\/\/rntl.ch\/fitness\/wp-json\/wp\/v2\/pages\/963","targetHints":{"allow":["GET"]}}],"collection":[{"href":"https:\/\/rntl.ch\/fitness\/wp-json\/wp\/v2\/pages"}],"about":[{"href":"https:\/\/rntl.ch\/fitness\/wp-json\/wp\/v2\/types\/page"}],"author":[{"embeddable":true,"href":"https:\/\/rntl.ch\/fitness\/wp-json\/wp\/v2\/users\/4"}],"replies":[{"embeddable":true,"href":"https:\/\/rntl.ch\/fitness\/wp-json\/wp\/v2\/comments?post=963"}],"version-history":[{"count":3,"href":"https:\/\/rntl.ch\/fitness\/wp-json\/wp\/v2\/pages\/963\/revisions"}],"predecessor-version":[{"id":34917,"href":"https:\/\/rntl.ch\/fitness\/wp-json\/wp\/v2\/pages\/963\/revisions\/34917"}],"wp:attachment":[{"href":"https:\/\/rntl.ch\/fitness\/wp-json\/wp\/v2\/media?parent=963"}],"curies":[{"name":"wp","href":"https:\/\/api.w.org\/{rel}","templated":true}]}}