{"id":10243,"date":"2020-12-30T15:49:13","date_gmt":"2020-12-30T14:49:13","guid":{"rendered":"https:\/\/rntl.ch\/fitness\/?post_type=product&#038;p=10243"},"modified":"2022-03-29T11:07:39","modified_gmt":"2022-03-29T09:07:39","slug":"star-trac-spinner-blade-spinning-old","status":"publish","type":"product","link":"https:\/\/rntl.ch\/fitness\/produkt\/star-trac-spinner-blade-spinning-old\/","title":{"rendered":"Star Trac Spinner Blade"},"content":{"rendered":"<div class=\"wpb_text_column wpb_content_element \">\n<h2>Spinner<sup>\u00ae<\/sup>\u00a0BLADE<\/h2>\n<p>Mit dem Star Trac Blade bringt Star Trac erstmals ein Spinningbike<strong><sup>\u00ae<\/sup><\/strong>\u00a0mit einem kompletten Aluminiumrahmen.<\/p>\n<p>Der Rundlauf des Star Trac Spinner<strong><sup>\u00ae<\/sup><\/strong>\u00a0Blade ist aufgrund seines 20Kg schweren Schwungrades gerade im stehend fahren eine Klasse f\u00fcr sich. Das einmalige Design mit edler Rahmenlackierung in Anthrazit ist ein Blickfang egal ob im Fitness-Studio oder im privaten Fitnessraum. Der Star Trac Spinner<strong><sup>\u00ae<\/sup><\/strong>\u00a0Blade ist so konzipiert, dass jeder Fahrer \u2013 unabh\u00e4ngig von Gr\u00f6\u00dfe, Gewicht und Erfahrung \u2013 schnell die richtigen Einstellungen f\u00fcr sich findet.<\/p>\n<h3>\u00a0<strong>Star Trac Spinner<\/strong><strong><sup>\u00ae<\/sup><\/strong><strong>\u00a0Blade: Spitzen-Qualit\u00e4t trifft einmaliges Design<\/strong><\/h3>\n<p>Der extrem stabile und sportlich geformte Rahmen des Spinner<strong><sup>\u00ae<\/sup><\/strong>\u00a0Blade ist aus Aluminium und damit besonders rostresistent und leicht. Die Rohre des Lenkers (mit Flaschenhalter) und des Sattels sind aus Edelstahl. Sattel und Pedalaufnahmen sind genormt und somit k\u00f6nnen Sie alle handels\u00fcblichen Pedale und Sattel montieren. Dank zahlreicher Sattel- und Lenkereinstellungen ist das Spinner<strong><sup>\u00ae<\/sup><\/strong>\u00a0Bike Blade auf jeden Nutzer optimal einstellbar. Die Aufstellf\u00fcsse sind extra breit und bieten so eine perfekte Standsicherheit. Durch zwei integrierte Transportrollen am vorderen Fuss ist das Bike leicht zu verschieben. Der Star Trac Spinner<strong><sup>\u00ae<\/sup><\/strong>\u00a0Blade hat im Lieferumfang zweiseitige Pedalen mit K\u00f6rbchen und SPD.<\/p>\n<p>Wenn Sie f\u00fcr Ihr Spinner<strong><sup>\u00ae<\/sup><\/strong>\u00a0Bike beneidet werden wollen oder Ihrem Fitnessstudio ein Hingucker g\u00f6nnen wollen so ist das Blade die richtige Wahl.<\/p>\n<p>&nbsp;<\/p>\n<p>Die technischen Daten des Star Trac Spinner<strong><sup>\u00ae\u00a0<\/sup><\/strong>Blade im \u00dcberblick:<\/p>\n<p>Schwungradgewicht:\u00a0\u00a0\u00a0\u00a0\u00a0 20kg<br \/>\nBesondere Merkmale:\u00a0\u00a0\u00a0 Rahmen komplett aus Aluminium<br \/>\nGer\u00e4tema\u00dfe HxLxB:\u00a0\u00a0\u00a0\u00a0\u00a0\u00a0\u00a0 102x144x52cm<br \/>\nGewicht des Ger\u00e4tes:\u00a0\u00a0\u00a0\u00a0 53,5 kg<br \/>\nLenkerverstellung:\u00a0\u00a0\u00a0\u00a0\u00a0\u00a0\u00a0\u00a0\u00a0\u00a0 horizontal und vertikal<br \/>\nMax. Benutzergewicht:\u00a0\u00a0\u00a0 135 kg<br \/>\nSitzverstellung:\u00a0 \u00a0\u00a0\u00a0\u00a0\u00a0\u00a0\u00a0\u00a0\u00a0\u00a0\u00a0\u00a0\u00a0\u00a0 Vertikal &amp; horizontal variabel einstellbar<br \/>\nWiderstandssystem:\u00a0\u00a0\u00a0\u00a0\u00a0\u00a0\u00a0 Monobrake mit Lederbelag<\/p>\n<\/div>\n","protected":false},"excerpt":{"rendered":"<h3>Sofort Lieferbar&#8230;<\/h3>\n<p>Der extrem stabile Rahmen des Spinner<strong><sup>\u00ae<\/sup><\/strong> Blade erm\u00f6glicht ein effizientes Training zu einem tiefen Monatspreis.<\/p>\n<div class=\"woocommerce-product-details__short-description\">\n<ul>\n<li>Bei einem Kauf werden die bezahlten Mietraten angerechnet.<strong> Neupreis Fr. 2990.- (Gebraucht 1999.- )<\/strong><\/li>\n<li>Montiertes Ger\u00e4t wird in ca. 2-3 Wochen geliefert<\/li>\n<li>Der erste Monat startet erst wenn das Ger\u00e4t bei dir ist<\/li>\n<li>Die Spinner haben ein paar J\u00e4hrchen auf dem Buckel<\/li>\n<li>100% Funktionsgarantie ist im Mietpreis inbegriffen<\/li>\n<\/ul>\n<\/div>\n","protected":false},"featured_media":10257,"template":"","meta":{"content-type":""},"product_brand":[],"product_cat":[99],"product_tag":[],"class_list":{"0":"post-10243","1":"product","2":"type-product","3":"status-publish","4":"has-post-thumbnail","6":"product_cat-indoor-cycling","7":"product_shipping_class-mittel","8":"tm-no-options","10":"first","11":"onbackorder","12":"taxable","13":"shipping-taxable","14":"purchasable","15":"product-type-subscription"},"yoast_head":"<!-- This site is optimized with the Yoast SEO plugin v26.3 - https:\/\/yoast.com\/wordpress\/plugins\/seo\/ -->\n<title>Star Trac Spinner Blade - RNTL Fitness<\/title>\n<meta name=\"robots\" content=\"index, follow, max-snippet:-1, max-image-preview:large, max-video-preview:-1\" \/>\n<link rel=\"canonical\" href=\"https:\/\/rntl.ch\/fitness\/produkt\/star-trac-spinner-blade-spinning-old\/\" \/>\n<meta property=\"og:locale\" content=\"de_DE\" \/>\n<meta property=\"og:type\" content=\"article\" \/>\n<meta property=\"og:title\" content=\"Star Trac Spinner Blade - RNTL Fitness\" \/>\n<meta property=\"og:description\" content=\"Sofort Lieferbar... Der extrem stabile Rahmen des Spinner\u00ae Blade erm\u00f6glicht ein effizientes Training zu einem tiefen Monatspreis.    Bei einem Kauf werden die bezahlten Mietraten angerechnet. Neupreis Fr. 2990.- (Gebraucht 1999.- )  Montiertes Ger\u00e4t wird in ca. 2-3 Wochen geliefert  Der erste Monat startet erst wenn das Ger\u00e4t bei dir ist  Die Spinner haben ein paar J\u00e4hrchen auf dem Buckel  100% Funktionsgarantie ist im Mietpreis inbegriffen\" \/>\n<meta property=\"og:url\" content=\"https:\/\/rntl.ch\/fitness\/produkt\/star-trac-spinner-blade-spinning-old\/\" \/>\n<meta property=\"og:site_name\" content=\"RNTL Fitness\" \/>\n<meta property=\"article:modified_time\" content=\"2022-03-29T09:07:39+00:00\" \/>\n<meta property=\"og:image\" content=\"https:\/\/rntl.ch\/fitness\/wp-content\/uploads\/sites\/3\/2020\/12\/Spinning-2.0.jpg\" \/>\n\t<meta property=\"og:image:width\" content=\"1484\" \/>\n\t<meta property=\"og:image:height\" content=\"1414\" \/>\n\t<meta property=\"og:image:type\" content=\"image\/jpeg\" \/>\n<meta name=\"twitter:card\" content=\"summary_large_image\" \/>\n<meta name=\"twitter:label1\" content=\"Gesch\u00e4tzte Lesezeit\" \/>\n\t<meta name=\"twitter:data1\" content=\"1\u00a0Minute\" \/>\n<script type=\"application\/ld+json\" class=\"yoast-schema-graph\">{\"@context\":\"https:\/\/schema.org\",\"@graph\":[{\"@type\":\"WebPage\",\"@id\":\"https:\/\/rntl.ch\/fitness\/produkt\/star-trac-spinner-blade-spinning-old\/\",\"url\":\"https:\/\/rntl.ch\/fitness\/produkt\/star-trac-spinner-blade-spinning-old\/\",\"name\":\"Star Trac Spinner Blade - RNTL Fitness\",\"isPartOf\":{\"@id\":\"https:\/\/rntl.ch\/fitness\/#website\"},\"primaryImageOfPage\":{\"@id\":\"https:\/\/rntl.ch\/fitness\/produkt\/star-trac-spinner-blade-spinning-old\/#primaryimage\"},\"image\":{\"@id\":\"https:\/\/rntl.ch\/fitness\/produkt\/star-trac-spinner-blade-spinning-old\/#primaryimage\"},\"thumbnailUrl\":\"https:\/\/rntl.ch\/fitness\/wp-content\/uploads\/sites\/3\/2020\/12\/Spinning-2.0.jpg\",\"datePublished\":\"2020-12-30T14:49:13+00:00\",\"dateModified\":\"2022-03-29T09:07:39+00:00\",\"breadcrumb\":{\"@id\":\"https:\/\/rntl.ch\/fitness\/produkt\/star-trac-spinner-blade-spinning-old\/#breadcrumb\"},\"inLanguage\":\"de\",\"potentialAction\":[{\"@type\":\"ReadAction\",\"target\":[\"https:\/\/rntl.ch\/fitness\/produkt\/star-trac-spinner-blade-spinning-old\/\"]}]},{\"@type\":\"ImageObject\",\"inLanguage\":\"de\",\"@id\":\"https:\/\/rntl.ch\/fitness\/produkt\/star-trac-spinner-blade-spinning-old\/#primaryimage\",\"url\":\"https:\/\/rntl.ch\/fitness\/wp-content\/uploads\/sites\/3\/2020\/12\/Spinning-2.0.jpg\",\"contentUrl\":\"https:\/\/rntl.ch\/fitness\/wp-content\/uploads\/sites\/3\/2020\/12\/Spinning-2.0.jpg\",\"width\":1484,\"height\":1414},{\"@type\":\"BreadcrumbList\",\"@id\":\"https:\/\/rntl.ch\/fitness\/produkt\/star-trac-spinner-blade-spinning-old\/#breadcrumb\",\"itemListElement\":[{\"@type\":\"ListItem\",\"position\":1,\"name\":\"Startseite\",\"item\":\"https:\/\/rntl.ch\/fitness\/\"},{\"@type\":\"ListItem\",\"position\":2,\"name\":\"Shop\",\"item\":\"https:\/\/rntl.ch\/fitness\/shop\/\"},{\"@type\":\"ListItem\",\"position\":3,\"name\":\"Star Trac Spinner Blade\"}]},{\"@type\":\"WebSite\",\"@id\":\"https:\/\/rntl.ch\/fitness\/#website\",\"url\":\"https:\/\/rntl.ch\/fitness\/\",\"name\":\"RNTL Fitness\",\"description\":\"Mieten Einfach Anders\",\"publisher\":{\"@id\":\"https:\/\/rntl.ch\/fitness\/#organization\"},\"potentialAction\":[{\"@type\":\"SearchAction\",\"target\":{\"@type\":\"EntryPoint\",\"urlTemplate\":\"https:\/\/rntl.ch\/fitness\/?s={search_term_string}\"},\"query-input\":{\"@type\":\"PropertyValueSpecification\",\"valueRequired\":true,\"valueName\":\"search_term_string\"}}],\"inLanguage\":\"de\"},{\"@type\":\"Organization\",\"@id\":\"https:\/\/rntl.ch\/fitness\/#organization\",\"name\":\"RNTL Fitness\",\"url\":\"https:\/\/rntl.ch\/fitness\/\",\"logo\":{\"@type\":\"ImageObject\",\"inLanguage\":\"de\",\"@id\":\"https:\/\/rntl.ch\/fitness\/#\/schema\/logo\/image\/\",\"url\":\"https:\/\/rntl.ch\/fitness\/wp-content\/uploads\/sites\/3\/2020\/11\/cropped-rntl_logo_white_530x150.png\",\"contentUrl\":\"https:\/\/rntl.ch\/fitness\/wp-content\/uploads\/sites\/3\/2020\/11\/cropped-rntl_logo_white_530x150.png\",\"width\":530,\"height\":150,\"caption\":\"RNTL Fitness\"},\"image\":{\"@id\":\"https:\/\/rntl.ch\/fitness\/#\/schema\/logo\/image\/\"}}]}<\/script>\n<!-- \/ Yoast SEO plugin. -->","yoast_head_json":{"title":"Star Trac Spinner Blade - RNTL Fitness","robots":{"index":"index","follow":"follow","max-snippet":"max-snippet:-1","max-image-preview":"max-image-preview:large","max-video-preview":"max-video-preview:-1"},"canonical":"https:\/\/rntl.ch\/fitness\/produkt\/star-trac-spinner-blade-spinning-old\/","og_locale":"de_DE","og_type":"article","og_title":"Star Trac Spinner Blade - RNTL Fitness","og_description":"Sofort Lieferbar... Der extrem stabile Rahmen des Spinner\u00ae Blade erm\u00f6glicht ein effizientes Training zu einem tiefen Monatspreis.    Bei einem Kauf werden die bezahlten Mietraten angerechnet. Neupreis Fr. 2990.- (Gebraucht 1999.- )  Montiertes Ger\u00e4t wird in ca. 2-3 Wochen geliefert  Der erste Monat startet erst wenn das Ger\u00e4t bei dir ist  Die Spinner haben ein paar J\u00e4hrchen auf dem Buckel  100% Funktionsgarantie ist im Mietpreis inbegriffen","og_url":"https:\/\/rntl.ch\/fitness\/produkt\/star-trac-spinner-blade-spinning-old\/","og_site_name":"RNTL Fitness","article_modified_time":"2022-03-29T09:07:39+00:00","og_image":[{"width":1484,"height":1414,"url":"https:\/\/rntl.ch\/fitness\/wp-content\/uploads\/sites\/3\/2020\/12\/Spinning-2.0.jpg","type":"image\/jpeg"}],"twitter_card":"summary_large_image","twitter_misc":{"Gesch\u00e4tzte Lesezeit":"1\u00a0Minute"},"schema":{"@context":"https:\/\/schema.org","@graph":[{"@type":"WebPage","@id":"https:\/\/rntl.ch\/fitness\/produkt\/star-trac-spinner-blade-spinning-old\/","url":"https:\/\/rntl.ch\/fitness\/produkt\/star-trac-spinner-blade-spinning-old\/","name":"Star Trac Spinner Blade - RNTL Fitness","isPartOf":{"@id":"https:\/\/rntl.ch\/fitness\/#website"},"primaryImageOfPage":{"@id":"https:\/\/rntl.ch\/fitness\/produkt\/star-trac-spinner-blade-spinning-old\/#primaryimage"},"image":{"@id":"https:\/\/rntl.ch\/fitness\/produkt\/star-trac-spinner-blade-spinning-old\/#primaryimage"},"thumbnailUrl":"https:\/\/rntl.ch\/fitness\/wp-content\/uploads\/sites\/3\/2020\/12\/Spinning-2.0.jpg","datePublished":"2020-12-30T14:49:13+00:00","dateModified":"2022-03-29T09:07:39+00:00","breadcrumb":{"@id":"https:\/\/rntl.ch\/fitness\/produkt\/star-trac-spinner-blade-spinning-old\/#breadcrumb"},"inLanguage":"de","potentialAction":[{"@type":"ReadAction","target":["https:\/\/rntl.ch\/fitness\/produkt\/star-trac-spinner-blade-spinning-old\/"]}]},{"@type":"ImageObject","inLanguage":"de","@id":"https:\/\/rntl.ch\/fitness\/produkt\/star-trac-spinner-blade-spinning-old\/#primaryimage","url":"https:\/\/rntl.ch\/fitness\/wp-content\/uploads\/sites\/3\/2020\/12\/Spinning-2.0.jpg","contentUrl":"https:\/\/rntl.ch\/fitness\/wp-content\/uploads\/sites\/3\/2020\/12\/Spinning-2.0.jpg","width":1484,"height":1414},{"@type":"BreadcrumbList","@id":"https:\/\/rntl.ch\/fitness\/produkt\/star-trac-spinner-blade-spinning-old\/#breadcrumb","itemListElement":[{"@type":"ListItem","position":1,"name":"Startseite","item":"https:\/\/rntl.ch\/fitness\/"},{"@type":"ListItem","position":2,"name":"Shop","item":"https:\/\/rntl.ch\/fitness\/shop\/"},{"@type":"ListItem","position":3,"name":"Star Trac Spinner Blade"}]},{"@type":"WebSite","@id":"https:\/\/rntl.ch\/fitness\/#website","url":"https:\/\/rntl.ch\/fitness\/","name":"RNTL Fitness","description":"Mieten Einfach Anders","publisher":{"@id":"https:\/\/rntl.ch\/fitness\/#organization"},"potentialAction":[{"@type":"SearchAction","target":{"@type":"EntryPoint","urlTemplate":"https:\/\/rntl.ch\/fitness\/?s={search_term_string}"},"query-input":{"@type":"PropertyValueSpecification","valueRequired":true,"valueName":"search_term_string"}}],"inLanguage":"de"},{"@type":"Organization","@id":"https:\/\/rntl.ch\/fitness\/#organization","name":"RNTL Fitness","url":"https:\/\/rntl.ch\/fitness\/","logo":{"@type":"ImageObject","inLanguage":"de","@id":"https:\/\/rntl.ch\/fitness\/#\/schema\/logo\/image\/","url":"https:\/\/rntl.ch\/fitness\/wp-content\/uploads\/sites\/3\/2020\/11\/cropped-rntl_logo_white_530x150.png","contentUrl":"https:\/\/rntl.ch\/fitness\/wp-content\/uploads\/sites\/3\/2020\/11\/cropped-rntl_logo_white_530x150.png","width":530,"height":150,"caption":"RNTL Fitness"},"image":{"@id":"https:\/\/rntl.ch\/fitness\/#\/schema\/logo\/image\/"}}]}},"_links":{"self":[{"href":"https:\/\/rntl.ch\/fitness\/wp-json\/wp\/v2\/product\/10243","targetHints":{"allow":["GET"]}}],"collection":[{"href":"https:\/\/rntl.ch\/fitness\/wp-json\/wp\/v2\/product"}],"about":[{"href":"https:\/\/rntl.ch\/fitness\/wp-json\/wp\/v2\/types\/product"}],"version-history":[{"count":0,"href":"https:\/\/rntl.ch\/fitness\/wp-json\/wp\/v2\/product\/10243\/revisions"}],"wp:featuredmedia":[{"embeddable":true,"href":"https:\/\/rntl.ch\/fitness\/wp-json\/wp\/v2\/media\/10257"}],"wp:attachment":[{"href":"https:\/\/rntl.ch\/fitness\/wp-json\/wp\/v2\/media?parent=10243"}],"wp:term":[{"taxonomy":"product_brand","embeddable":true,"href":"https:\/\/rntl.ch\/fitness\/wp-json\/wp\/v2\/product_brand?post=10243"},{"taxonomy":"product_cat","embeddable":true,"href":"https:\/\/rntl.ch\/fitness\/wp-json\/wp\/v2\/product_cat?post=10243"},{"taxonomy":"product_tag","embeddable":true,"href":"https:\/\/rntl.ch\/fitness\/wp-json\/wp\/v2\/product_tag?post=10243"}],"curies":[{"name":"wp","href":"https:\/\/api.w.org\/{rel}","templated":true}]}}