{"id":10544,"date":"2021-01-16T14:08:13","date_gmt":"2021-01-16T14:08:13","guid":{"rendered":"https:\/\/rntl.ch\/fitness\/?post_type=product&#038;p=10544"},"modified":"2023-01-31T14:29:02","modified_gmt":"2023-01-31T13:29:02","slug":"kettler-ergometer-re7","status":"publish","type":"product","link":"https:\/\/rntl.ch\/fitness\/produkt\/kettler-ergometer-re7\/","title":{"rendered":"Kettler Ergometer RE7"},"content":{"rendered":"<p>Der RE 7 Ergometer von Kettler bietet dir ein abwechslungsreiches Training mit h\u00f6chstem Komfort.<\/p>\n<p>Der verstellbare Sitz l\u00e4sst sich perfekt auf deine Gr\u00f6sse anpassen f\u00fcr ein gelenkschonendes Training. Die R\u00fcckenlehne ist ebenfalls verstellbar und ist sehr hoch, so wird der R\u00fccken und den Lendenwirbelbereich entlastet. Der Einstieg ist besonders tief und macht den Zugang zum RE7 besonders einfach und komfortabel. Der Widerstand l\u00e4sst sich zwischen 25 und 400 Watt in 5er Schritten fein einstellen. Der Trainingscomputer verf\u00fcgt \u00fcber 48 Programme, 5 davon sind Pulsgesteuert. Der Puls wird mittels Ohrclip oder Brustgurt gemessen. Auf dem Display des RE 7 Liege-Ergometer zeigt dir Trainingsrelevante Informationen wie zum Beispiel Strecke, Zeit und Kalorienverbrauch an.<\/p>\n<p>Der Kettler RE 7 bietet dir dank der 48 Trainingsprogramme ein abwechslungsreiches Training mit hohem Komfort.<\/p>\n<p>&#8211;\u00a0\u00a0 \u00a0Gewichtsbelastung: max. 150 kg<br \/>\n&#8211;\u00a0\u00a0 \u00a0Schwungmasse: 10 kg<br \/>\n&#8211;\u00a0\u00a0 \u00a0Aufstellmasse: L 171 x B 56 x H 123 cm<br \/>\n&#8211;\u00a0\u00a0 \u00a0zwei USB-Schnittstellen<\/p>\n","protected":false},"excerpt":{"rendered":"<p>Maximale Freiheit und schonendes Training mit verstellbarer R\u00fcckenlehne. Der bequeme Gel-Sattel bietet Komfort auf h\u00f6chstem Niveau. Erstklassige Rundlaufeigenschaften mit grosser Schwungmasse f\u00fcr dein Profi-Training.<\/p>\n<ul>\n<li>Ger\u00e4te werden montiert geliefert<\/li>\n<li>Bei einem Kauf werden die bezahlten Mietraten angerechnet<\/li>\n<li>Der erste Monat startet erst wenn das Ger\u00e4t bei dir ist<\/li>\n<li>Ger\u00e4te sind in einem Top-Zustand oder neu<\/li>\n<li>100% Funktionsgarantie ist im Mietpreis inbegriffen<\/li>\n<\/ul>\n","protected":false},"featured_media":10549,"template":"","meta":{"content-type":""},"product_brand":[],"product_cat":[25],"product_tag":[24],"class_list":{"0":"post-10544","1":"product","2":"type-product","3":"status-publish","4":"has-post-thumbnail","6":"product_cat-hometrainer","7":"product_tag-geeignet-fuer-therapie","8":"product_shipping_class-mittel","9":"tm-no-options","11":"first","12":"onbackorder","13":"taxable","14":"shipping-taxable","15":"purchasable","16":"product-type-subscription"},"yoast_head":"<!-- This site is optimized with the Yoast SEO plugin v26.3 - https:\/\/yoast.com\/wordpress\/plugins\/seo\/ -->\n<title>Kettler Ergometer RE7 - RNTL Fitness<\/title>\n<meta name=\"robots\" content=\"index, follow, max-snippet:-1, max-image-preview:large, max-video-preview:-1\" \/>\n<link rel=\"canonical\" href=\"https:\/\/rntl.ch\/fitness\/produkt\/kettler-ergometer-re7\/\" \/>\n<meta property=\"og:locale\" content=\"de_DE\" \/>\n<meta property=\"og:type\" content=\"article\" \/>\n<meta property=\"og:title\" content=\"Kettler Ergometer RE7 - RNTL Fitness\" \/>\n<meta property=\"og:description\" content=\"Maximale Freiheit und schonendes Training mit verstellbarer R\u00fcckenlehne. Der bequeme Gel-Sattel bietet Komfort auf h\u00f6chstem Niveau. Erstklassige Rundlaufeigenschaften mit grosser Schwungmasse f\u00fcr dein Profi-Training.   Ger\u00e4te werden montiert geliefert  Bei einem Kauf werden die bezahlten Mietraten angerechnet  Der erste Monat startet erst wenn das Ger\u00e4t bei dir ist  Ger\u00e4te sind in einem Top-Zustand oder neu  100% Funktionsgarantie ist im Mietpreis inbegriffen\" \/>\n<meta property=\"og:url\" content=\"https:\/\/rntl.ch\/fitness\/produkt\/kettler-ergometer-re7\/\" \/>\n<meta property=\"og:site_name\" content=\"RNTL Fitness\" \/>\n<meta property=\"article:modified_time\" content=\"2023-01-31T13:29:02+00:00\" \/>\n<meta property=\"og:image\" content=\"https:\/\/rntl.ch\/fitness\/wp-content\/uploads\/sites\/3\/2021\/01\/RE7-Seite-1.jpg\" \/>\n\t<meta property=\"og:image:width\" content=\"1290\" \/>\n\t<meta property=\"og:image:height\" content=\"726\" \/>\n\t<meta property=\"og:image:type\" content=\"image\/jpeg\" \/>\n<meta name=\"twitter:card\" content=\"summary_large_image\" \/>\n<meta name=\"twitter:label1\" content=\"Gesch\u00e4tzte Lesezeit\" \/>\n\t<meta name=\"twitter:data1\" content=\"1\u00a0Minute\" \/>\n<script type=\"application\/ld+json\" class=\"yoast-schema-graph\">{\"@context\":\"https:\/\/schema.org\",\"@graph\":[{\"@type\":\"WebPage\",\"@id\":\"https:\/\/rntl.ch\/fitness\/produkt\/kettler-ergometer-re7\/\",\"url\":\"https:\/\/rntl.ch\/fitness\/produkt\/kettler-ergometer-re7\/\",\"name\":\"Kettler Ergometer RE7 - RNTL Fitness\",\"isPartOf\":{\"@id\":\"https:\/\/rntl.ch\/fitness\/#website\"},\"primaryImageOfPage\":{\"@id\":\"https:\/\/rntl.ch\/fitness\/produkt\/kettler-ergometer-re7\/#primaryimage\"},\"image\":{\"@id\":\"https:\/\/rntl.ch\/fitness\/produkt\/kettler-ergometer-re7\/#primaryimage\"},\"thumbnailUrl\":\"https:\/\/rntl.ch\/fitness\/wp-content\/uploads\/sites\/3\/2021\/01\/RE7-Seite-1.jpg\",\"datePublished\":\"2021-01-16T14:08:13+00:00\",\"dateModified\":\"2023-01-31T13:29:02+00:00\",\"breadcrumb\":{\"@id\":\"https:\/\/rntl.ch\/fitness\/produkt\/kettler-ergometer-re7\/#breadcrumb\"},\"inLanguage\":\"de\",\"potentialAction\":[{\"@type\":\"ReadAction\",\"target\":[\"https:\/\/rntl.ch\/fitness\/produkt\/kettler-ergometer-re7\/\"]}]},{\"@type\":\"ImageObject\",\"inLanguage\":\"de\",\"@id\":\"https:\/\/rntl.ch\/fitness\/produkt\/kettler-ergometer-re7\/#primaryimage\",\"url\":\"https:\/\/rntl.ch\/fitness\/wp-content\/uploads\/sites\/3\/2021\/01\/RE7-Seite-1.jpg\",\"contentUrl\":\"https:\/\/rntl.ch\/fitness\/wp-content\/uploads\/sites\/3\/2021\/01\/RE7-Seite-1.jpg\",\"width\":1290,\"height\":726},{\"@type\":\"BreadcrumbList\",\"@id\":\"https:\/\/rntl.ch\/fitness\/produkt\/kettler-ergometer-re7\/#breadcrumb\",\"itemListElement\":[{\"@type\":\"ListItem\",\"position\":1,\"name\":\"Startseite\",\"item\":\"https:\/\/rntl.ch\/fitness\/\"},{\"@type\":\"ListItem\",\"position\":2,\"name\":\"Shop\",\"item\":\"https:\/\/rntl.ch\/fitness\/shop\/\"},{\"@type\":\"ListItem\",\"position\":3,\"name\":\"Kettler Ergometer RE7\"}]},{\"@type\":\"WebSite\",\"@id\":\"https:\/\/rntl.ch\/fitness\/#website\",\"url\":\"https:\/\/rntl.ch\/fitness\/\",\"name\":\"RNTL Fitness\",\"description\":\"Mieten Einfach Anders\",\"publisher\":{\"@id\":\"https:\/\/rntl.ch\/fitness\/#organization\"},\"potentialAction\":[{\"@type\":\"SearchAction\",\"target\":{\"@type\":\"EntryPoint\",\"urlTemplate\":\"https:\/\/rntl.ch\/fitness\/?s={search_term_string}\"},\"query-input\":{\"@type\":\"PropertyValueSpecification\",\"valueRequired\":true,\"valueName\":\"search_term_string\"}}],\"inLanguage\":\"de\"},{\"@type\":\"Organization\",\"@id\":\"https:\/\/rntl.ch\/fitness\/#organization\",\"name\":\"RNTL Fitness\",\"url\":\"https:\/\/rntl.ch\/fitness\/\",\"logo\":{\"@type\":\"ImageObject\",\"inLanguage\":\"de\",\"@id\":\"https:\/\/rntl.ch\/fitness\/#\/schema\/logo\/image\/\",\"url\":\"https:\/\/rntl.ch\/fitness\/wp-content\/uploads\/sites\/3\/2020\/11\/cropped-rntl_logo_white_530x150.png\",\"contentUrl\":\"https:\/\/rntl.ch\/fitness\/wp-content\/uploads\/sites\/3\/2020\/11\/cropped-rntl_logo_white_530x150.png\",\"width\":530,\"height\":150,\"caption\":\"RNTL Fitness\"},\"image\":{\"@id\":\"https:\/\/rntl.ch\/fitness\/#\/schema\/logo\/image\/\"}}]}<\/script>\n<!-- \/ Yoast SEO plugin. -->","yoast_head_json":{"title":"Kettler Ergometer RE7 - RNTL Fitness","robots":{"index":"index","follow":"follow","max-snippet":"max-snippet:-1","max-image-preview":"max-image-preview:large","max-video-preview":"max-video-preview:-1"},"canonical":"https:\/\/rntl.ch\/fitness\/produkt\/kettler-ergometer-re7\/","og_locale":"de_DE","og_type":"article","og_title":"Kettler Ergometer RE7 - RNTL Fitness","og_description":"Maximale Freiheit und schonendes Training mit verstellbarer R\u00fcckenlehne. Der bequeme Gel-Sattel bietet Komfort auf h\u00f6chstem Niveau. Erstklassige Rundlaufeigenschaften mit grosser Schwungmasse f\u00fcr dein Profi-Training.   Ger\u00e4te werden montiert geliefert  Bei einem Kauf werden die bezahlten Mietraten angerechnet  Der erste Monat startet erst wenn das Ger\u00e4t bei dir ist  Ger\u00e4te sind in einem Top-Zustand oder neu  100% Funktionsgarantie ist im Mietpreis inbegriffen","og_url":"https:\/\/rntl.ch\/fitness\/produkt\/kettler-ergometer-re7\/","og_site_name":"RNTL Fitness","article_modified_time":"2023-01-31T13:29:02+00:00","og_image":[{"width":1290,"height":726,"url":"https:\/\/rntl.ch\/fitness\/wp-content\/uploads\/sites\/3\/2021\/01\/RE7-Seite-1.jpg","type":"image\/jpeg"}],"twitter_card":"summary_large_image","twitter_misc":{"Gesch\u00e4tzte Lesezeit":"1\u00a0Minute"},"schema":{"@context":"https:\/\/schema.org","@graph":[{"@type":"WebPage","@id":"https:\/\/rntl.ch\/fitness\/produkt\/kettler-ergometer-re7\/","url":"https:\/\/rntl.ch\/fitness\/produkt\/kettler-ergometer-re7\/","name":"Kettler Ergometer RE7 - RNTL Fitness","isPartOf":{"@id":"https:\/\/rntl.ch\/fitness\/#website"},"primaryImageOfPage":{"@id":"https:\/\/rntl.ch\/fitness\/produkt\/kettler-ergometer-re7\/#primaryimage"},"image":{"@id":"https:\/\/rntl.ch\/fitness\/produkt\/kettler-ergometer-re7\/#primaryimage"},"thumbnailUrl":"https:\/\/rntl.ch\/fitness\/wp-content\/uploads\/sites\/3\/2021\/01\/RE7-Seite-1.jpg","datePublished":"2021-01-16T14:08:13+00:00","dateModified":"2023-01-31T13:29:02+00:00","breadcrumb":{"@id":"https:\/\/rntl.ch\/fitness\/produkt\/kettler-ergometer-re7\/#breadcrumb"},"inLanguage":"de","potentialAction":[{"@type":"ReadAction","target":["https:\/\/rntl.ch\/fitness\/produkt\/kettler-ergometer-re7\/"]}]},{"@type":"ImageObject","inLanguage":"de","@id":"https:\/\/rntl.ch\/fitness\/produkt\/kettler-ergometer-re7\/#primaryimage","url":"https:\/\/rntl.ch\/fitness\/wp-content\/uploads\/sites\/3\/2021\/01\/RE7-Seite-1.jpg","contentUrl":"https:\/\/rntl.ch\/fitness\/wp-content\/uploads\/sites\/3\/2021\/01\/RE7-Seite-1.jpg","width":1290,"height":726},{"@type":"BreadcrumbList","@id":"https:\/\/rntl.ch\/fitness\/produkt\/kettler-ergometer-re7\/#breadcrumb","itemListElement":[{"@type":"ListItem","position":1,"name":"Startseite","item":"https:\/\/rntl.ch\/fitness\/"},{"@type":"ListItem","position":2,"name":"Shop","item":"https:\/\/rntl.ch\/fitness\/shop\/"},{"@type":"ListItem","position":3,"name":"Kettler Ergometer RE7"}]},{"@type":"WebSite","@id":"https:\/\/rntl.ch\/fitness\/#website","url":"https:\/\/rntl.ch\/fitness\/","name":"RNTL Fitness","description":"Mieten Einfach Anders","publisher":{"@id":"https:\/\/rntl.ch\/fitness\/#organization"},"potentialAction":[{"@type":"SearchAction","target":{"@type":"EntryPoint","urlTemplate":"https:\/\/rntl.ch\/fitness\/?s={search_term_string}"},"query-input":{"@type":"PropertyValueSpecification","valueRequired":true,"valueName":"search_term_string"}}],"inLanguage":"de"},{"@type":"Organization","@id":"https:\/\/rntl.ch\/fitness\/#organization","name":"RNTL Fitness","url":"https:\/\/rntl.ch\/fitness\/","logo":{"@type":"ImageObject","inLanguage":"de","@id":"https:\/\/rntl.ch\/fitness\/#\/schema\/logo\/image\/","url":"https:\/\/rntl.ch\/fitness\/wp-content\/uploads\/sites\/3\/2020\/11\/cropped-rntl_logo_white_530x150.png","contentUrl":"https:\/\/rntl.ch\/fitness\/wp-content\/uploads\/sites\/3\/2020\/11\/cropped-rntl_logo_white_530x150.png","width":530,"height":150,"caption":"RNTL Fitness"},"image":{"@id":"https:\/\/rntl.ch\/fitness\/#\/schema\/logo\/image\/"}}]}},"_links":{"self":[{"href":"https:\/\/rntl.ch\/fitness\/wp-json\/wp\/v2\/product\/10544","targetHints":{"allow":["GET"]}}],"collection":[{"href":"https:\/\/rntl.ch\/fitness\/wp-json\/wp\/v2\/product"}],"about":[{"href":"https:\/\/rntl.ch\/fitness\/wp-json\/wp\/v2\/types\/product"}],"version-history":[{"count":0,"href":"https:\/\/rntl.ch\/fitness\/wp-json\/wp\/v2\/product\/10544\/revisions"}],"wp:featuredmedia":[{"embeddable":true,"href":"https:\/\/rntl.ch\/fitness\/wp-json\/wp\/v2\/media\/10549"}],"wp:attachment":[{"href":"https:\/\/rntl.ch\/fitness\/wp-json\/wp\/v2\/media?parent=10544"}],"wp:term":[{"taxonomy":"product_brand","embeddable":true,"href":"https:\/\/rntl.ch\/fitness\/wp-json\/wp\/v2\/product_brand?post=10544"},{"taxonomy":"product_cat","embeddable":true,"href":"https:\/\/rntl.ch\/fitness\/wp-json\/wp\/v2\/product_cat?post=10544"},{"taxonomy":"product_tag","embeddable":true,"href":"https:\/\/rntl.ch\/fitness\/wp-json\/wp\/v2\/product_tag?post=10544"}],"curies":[{"name":"wp","href":"https:\/\/api.w.org\/{rel}","templated":true}]}}