{"id":14722,"date":"2021-11-09T16:49:24","date_gmt":"2021-11-09T15:49:24","guid":{"rendered":"https:\/\/rntl.ch\/fitness\/?post_type=product&#038;p=14722"},"modified":"2026-04-19T22:34:36","modified_gmt":"2026-04-19T20:34:36","slug":"schwinn-700ic","status":"publish","type":"product","link":"https:\/\/rntl.ch\/fitness\/produkt\/schwinn-700ic\/","title":{"rendered":"Schwinn Spinning 700IC"},"content":{"rendered":"<p>Das Steckdose unabh\u00e4ngige Schwinn Spinning 700IC.<\/p>\n<p>Das Schwinn IC 700 Spinning Bike ist ein hochwertiges Fitnessprodukt, das ein effektives und realistisches Indoor-Cycling-Erlebnis bietet. Mit seinem robusten Stahlrahmen und der pr\u00e4zisen Widerstandstechnologie erm\u00f6glicht das IC 700 ein intensives Training f\u00fcr Anf\u00e4nger und Fortgeschrittene. Das integrierte LCD-Display liefert wichtige Trainingsdaten, w\u00e4hrend die Kompatibilit\u00e4t mit Fitness-Apps die M\u00f6glichkeit zur Verfolgung und Analyse der Leistung bietet. Die verstellbaren Elemente wie Sattel und Lenker sorgen f\u00fcr eine komfortable und individuelle Sitzposition. Das Schwinn IC7 Spinning Bike ist die ideale Wahl f\u00fcr all diejenigen, die ihr Indoor-Cycling-Training auf das n\u00e4chste Level bringen m\u00f6chten.<\/p>\n<p>Dual-SPD-Pedale bieten mehr Flexibilit\u00e4t, SPD-Clips oder sichere Fu\u00dfschlaufen, je nach Pr\u00e4ferenz des Fahrers.<\/p>\n<ul>\n<li>Multipositions-Performance-Lenker<\/li>\n<li>Smartphone und Tablet Halterung<\/li>\n<li>Trinkflaschenhalter Riemenantrieb f\u00fcr optimale Kraft\u00fcbertragung<\/li>\n<li>LCD Display: Zeit\/ Geschwindigkeit\/ Distanz\/ Kalorien\/ RPM\/ Herzfrequenz (Brustgurtempf\u00e4nger)<\/li>\n<li>Aufstellma\u00df 114 x 58 x 125 cm<\/li>\n<li>Gewicht 45,4 kg<\/li>\n<li>Benutzergewicht 136kg<\/li>\n<\/ul>\n","protected":false},"excerpt":{"rendered":"<p>Das Steckdose unabh\u00e4ngige Schwinn Indoor Bike IC 700.<br \/>\n<strong>Kaufpreis [woo_custom_field id=\"rntl_retail_price_field\"].-<\/strong><\/p>\n[rntl_page_content id=\"14687\"]\n","protected":false},"featured_media":34289,"template":"","meta":{"content-type":""},"product_brand":[],"product_cat":[99],"product_tag":[112],"class_list":{"0":"post-14722","1":"product","2":"type-product","3":"status-publish","4":"has-post-thumbnail","6":"product_cat-indoor-cycling","7":"product_tag-mieten","8":"product_shipping_class-leicht","9":"tm-no-options","11":"first","12":"outofstock","13":"taxable","14":"shipping-taxable","15":"purchasable","16":"product-type-variable-subscription","17":"has-default-attributes"},"yoast_head":"<!-- This site is optimized with the Yoast SEO plugin v26.3 - https:\/\/yoast.com\/wordpress\/plugins\/seo\/ -->\n<title>Schwinn Spinning 700IC<\/title>\n<meta name=\"description\" content=\"Miete, kaufe, oder finanziere f\u00fcr das Ausdauertraining zu Hause das Schwinn Spinning 700IC bei RNTL. Das beliebte Spinning Bike.\" \/>\n<meta name=\"robots\" content=\"index, follow, max-snippet:-1, max-image-preview:large, max-video-preview:-1\" \/>\n<link rel=\"canonical\" href=\"https:\/\/rntl.ch\/fitness\/produkt\/schwinn-700ic\/\" \/>\n<meta property=\"og:locale\" content=\"de_DE\" \/>\n<meta property=\"og:type\" content=\"article\" \/>\n<meta property=\"og:title\" content=\"Schwinn Spinning 700IC\" \/>\n<meta property=\"og:description\" content=\"Miete, kaufe, oder finanziere f\u00fcr das Ausdauertraining zu Hause das Schwinn Spinning 700IC bei RNTL. Das beliebte Spinning Bike.\" \/>\n<meta property=\"og:url\" content=\"https:\/\/rntl.ch\/fitness\/produkt\/schwinn-700ic\/\" \/>\n<meta property=\"og:site_name\" content=\"RNTL Fitness\" \/>\n<meta property=\"article:modified_time\" content=\"2026-04-19T20:34:36+00:00\" \/>\n<meta property=\"og:image\" content=\"https:\/\/rntl.ch\/fitness\/wp-content\/uploads\/sites\/3\/2021\/11\/1-3.png\" \/>\n\t<meta property=\"og:image:width\" content=\"800\" \/>\n\t<meta property=\"og:image:height\" content=\"800\" \/>\n\t<meta property=\"og:image:type\" content=\"image\/png\" \/>\n<meta name=\"twitter:card\" content=\"summary_large_image\" \/>\n<meta name=\"twitter:label1\" content=\"Gesch\u00e4tzte Lesezeit\" \/>\n\t<meta name=\"twitter:data1\" content=\"1\u00a0Minute\" \/>\n<script type=\"application\/ld+json\" class=\"yoast-schema-graph\">{\"@context\":\"https:\/\/schema.org\",\"@graph\":[{\"@type\":\"WebPage\",\"@id\":\"https:\/\/rntl.ch\/fitness\/produkt\/schwinn-700ic\/\",\"url\":\"https:\/\/rntl.ch\/fitness\/produkt\/schwinn-700ic\/\",\"name\":\"Schwinn Spinning 700IC\",\"isPartOf\":{\"@id\":\"https:\/\/rntl.ch\/fitness\/#website\"},\"primaryImageOfPage\":{\"@id\":\"https:\/\/rntl.ch\/fitness\/produkt\/schwinn-700ic\/#primaryimage\"},\"image\":{\"@id\":\"https:\/\/rntl.ch\/fitness\/produkt\/schwinn-700ic\/#primaryimage\"},\"thumbnailUrl\":\"https:\/\/rntl.ch\/fitness\/wp-content\/uploads\/sites\/3\/2021\/11\/1-3.png\",\"datePublished\":\"2021-11-09T15:49:24+00:00\",\"dateModified\":\"2026-04-19T20:34:36+00:00\",\"description\":\"Miete, kaufe, oder finanziere f\u00fcr das Ausdauertraining zu Hause das Schwinn Spinning 700IC bei RNTL. Das beliebte Spinning Bike.\",\"breadcrumb\":{\"@id\":\"https:\/\/rntl.ch\/fitness\/produkt\/schwinn-700ic\/#breadcrumb\"},\"inLanguage\":\"de\",\"potentialAction\":[{\"@type\":\"ReadAction\",\"target\":[\"https:\/\/rntl.ch\/fitness\/produkt\/schwinn-700ic\/\"]}]},{\"@type\":\"ImageObject\",\"inLanguage\":\"de\",\"@id\":\"https:\/\/rntl.ch\/fitness\/produkt\/schwinn-700ic\/#primaryimage\",\"url\":\"https:\/\/rntl.ch\/fitness\/wp-content\/uploads\/sites\/3\/2021\/11\/1-3.png\",\"contentUrl\":\"https:\/\/rntl.ch\/fitness\/wp-content\/uploads\/sites\/3\/2021\/11\/1-3.png\",\"width\":800,\"height\":800},{\"@type\":\"BreadcrumbList\",\"@id\":\"https:\/\/rntl.ch\/fitness\/produkt\/schwinn-700ic\/#breadcrumb\",\"itemListElement\":[{\"@type\":\"ListItem\",\"position\":1,\"name\":\"Startseite\",\"item\":\"https:\/\/rntl.ch\/fitness\/\"},{\"@type\":\"ListItem\",\"position\":2,\"name\":\"Shop\",\"item\":\"https:\/\/rntl.ch\/fitness\/shop\/\"},{\"@type\":\"ListItem\",\"position\":3,\"name\":\"Schwinn Spinning 700IC\"}]},{\"@type\":\"WebSite\",\"@id\":\"https:\/\/rntl.ch\/fitness\/#website\",\"url\":\"https:\/\/rntl.ch\/fitness\/\",\"name\":\"RNTL Fitness\",\"description\":\"Mieten Einfach Anders\",\"publisher\":{\"@id\":\"https:\/\/rntl.ch\/fitness\/#organization\"},\"potentialAction\":[{\"@type\":\"SearchAction\",\"target\":{\"@type\":\"EntryPoint\",\"urlTemplate\":\"https:\/\/rntl.ch\/fitness\/?s={search_term_string}\"},\"query-input\":{\"@type\":\"PropertyValueSpecification\",\"valueRequired\":true,\"valueName\":\"search_term_string\"}}],\"inLanguage\":\"de\"},{\"@type\":\"Organization\",\"@id\":\"https:\/\/rntl.ch\/fitness\/#organization\",\"name\":\"RNTL Fitness\",\"url\":\"https:\/\/rntl.ch\/fitness\/\",\"logo\":{\"@type\":\"ImageObject\",\"inLanguage\":\"de\",\"@id\":\"https:\/\/rntl.ch\/fitness\/#\/schema\/logo\/image\/\",\"url\":\"https:\/\/rntl.ch\/fitness\/wp-content\/uploads\/sites\/3\/2020\/11\/cropped-rntl_logo_white_530x150.png\",\"contentUrl\":\"https:\/\/rntl.ch\/fitness\/wp-content\/uploads\/sites\/3\/2020\/11\/cropped-rntl_logo_white_530x150.png\",\"width\":530,\"height\":150,\"caption\":\"RNTL Fitness\"},\"image\":{\"@id\":\"https:\/\/rntl.ch\/fitness\/#\/schema\/logo\/image\/\"}}]}<\/script>\n<!-- \/ Yoast SEO plugin. -->","yoast_head_json":{"title":"Schwinn Spinning 700IC","description":"Miete, kaufe, oder finanziere f\u00fcr das Ausdauertraining zu Hause das Schwinn Spinning 700IC bei RNTL. Das beliebte Spinning Bike.","robots":{"index":"index","follow":"follow","max-snippet":"max-snippet:-1","max-image-preview":"max-image-preview:large","max-video-preview":"max-video-preview:-1"},"canonical":"https:\/\/rntl.ch\/fitness\/produkt\/schwinn-700ic\/","og_locale":"de_DE","og_type":"article","og_title":"Schwinn Spinning 700IC","og_description":"Miete, kaufe, oder finanziere f\u00fcr das Ausdauertraining zu Hause das Schwinn Spinning 700IC bei RNTL. Das beliebte Spinning Bike.","og_url":"https:\/\/rntl.ch\/fitness\/produkt\/schwinn-700ic\/","og_site_name":"RNTL Fitness","article_modified_time":"2026-04-19T20:34:36+00:00","og_image":[{"width":800,"height":800,"url":"https:\/\/rntl.ch\/fitness\/wp-content\/uploads\/sites\/3\/2021\/11\/1-3.png","type":"image\/png"}],"twitter_card":"summary_large_image","twitter_misc":{"Gesch\u00e4tzte Lesezeit":"1\u00a0Minute"},"schema":{"@context":"https:\/\/schema.org","@graph":[{"@type":"WebPage","@id":"https:\/\/rntl.ch\/fitness\/produkt\/schwinn-700ic\/","url":"https:\/\/rntl.ch\/fitness\/produkt\/schwinn-700ic\/","name":"Schwinn Spinning 700IC","isPartOf":{"@id":"https:\/\/rntl.ch\/fitness\/#website"},"primaryImageOfPage":{"@id":"https:\/\/rntl.ch\/fitness\/produkt\/schwinn-700ic\/#primaryimage"},"image":{"@id":"https:\/\/rntl.ch\/fitness\/produkt\/schwinn-700ic\/#primaryimage"},"thumbnailUrl":"https:\/\/rntl.ch\/fitness\/wp-content\/uploads\/sites\/3\/2021\/11\/1-3.png","datePublished":"2021-11-09T15:49:24+00:00","dateModified":"2026-04-19T20:34:36+00:00","description":"Miete, kaufe, oder finanziere f\u00fcr das Ausdauertraining zu Hause das Schwinn Spinning 700IC bei RNTL. Das beliebte Spinning Bike.","breadcrumb":{"@id":"https:\/\/rntl.ch\/fitness\/produkt\/schwinn-700ic\/#breadcrumb"},"inLanguage":"de","potentialAction":[{"@type":"ReadAction","target":["https:\/\/rntl.ch\/fitness\/produkt\/schwinn-700ic\/"]}]},{"@type":"ImageObject","inLanguage":"de","@id":"https:\/\/rntl.ch\/fitness\/produkt\/schwinn-700ic\/#primaryimage","url":"https:\/\/rntl.ch\/fitness\/wp-content\/uploads\/sites\/3\/2021\/11\/1-3.png","contentUrl":"https:\/\/rntl.ch\/fitness\/wp-content\/uploads\/sites\/3\/2021\/11\/1-3.png","width":800,"height":800},{"@type":"BreadcrumbList","@id":"https:\/\/rntl.ch\/fitness\/produkt\/schwinn-700ic\/#breadcrumb","itemListElement":[{"@type":"ListItem","position":1,"name":"Startseite","item":"https:\/\/rntl.ch\/fitness\/"},{"@type":"ListItem","position":2,"name":"Shop","item":"https:\/\/rntl.ch\/fitness\/shop\/"},{"@type":"ListItem","position":3,"name":"Schwinn Spinning 700IC"}]},{"@type":"WebSite","@id":"https:\/\/rntl.ch\/fitness\/#website","url":"https:\/\/rntl.ch\/fitness\/","name":"RNTL Fitness","description":"Mieten Einfach Anders","publisher":{"@id":"https:\/\/rntl.ch\/fitness\/#organization"},"potentialAction":[{"@type":"SearchAction","target":{"@type":"EntryPoint","urlTemplate":"https:\/\/rntl.ch\/fitness\/?s={search_term_string}"},"query-input":{"@type":"PropertyValueSpecification","valueRequired":true,"valueName":"search_term_string"}}],"inLanguage":"de"},{"@type":"Organization","@id":"https:\/\/rntl.ch\/fitness\/#organization","name":"RNTL Fitness","url":"https:\/\/rntl.ch\/fitness\/","logo":{"@type":"ImageObject","inLanguage":"de","@id":"https:\/\/rntl.ch\/fitness\/#\/schema\/logo\/image\/","url":"https:\/\/rntl.ch\/fitness\/wp-content\/uploads\/sites\/3\/2020\/11\/cropped-rntl_logo_white_530x150.png","contentUrl":"https:\/\/rntl.ch\/fitness\/wp-content\/uploads\/sites\/3\/2020\/11\/cropped-rntl_logo_white_530x150.png","width":530,"height":150,"caption":"RNTL Fitness"},"image":{"@id":"https:\/\/rntl.ch\/fitness\/#\/schema\/logo\/image\/"}}]}},"_links":{"self":[{"href":"https:\/\/rntl.ch\/fitness\/wp-json\/wp\/v2\/product\/14722","targetHints":{"allow":["GET"]}}],"collection":[{"href":"https:\/\/rntl.ch\/fitness\/wp-json\/wp\/v2\/product"}],"about":[{"href":"https:\/\/rntl.ch\/fitness\/wp-json\/wp\/v2\/types\/product"}],"version-history":[{"count":6,"href":"https:\/\/rntl.ch\/fitness\/wp-json\/wp\/v2\/product\/14722\/revisions"}],"predecessor-version":[{"id":30345,"href":"https:\/\/rntl.ch\/fitness\/wp-json\/wp\/v2\/product\/14722\/revisions\/30345"}],"wp:featuredmedia":[{"embeddable":true,"href":"https:\/\/rntl.ch\/fitness\/wp-json\/wp\/v2\/media\/34289"}],"wp:attachment":[{"href":"https:\/\/rntl.ch\/fitness\/wp-json\/wp\/v2\/media?parent=14722"}],"wp:term":[{"taxonomy":"product_brand","embeddable":true,"href":"https:\/\/rntl.ch\/fitness\/wp-json\/wp\/v2\/product_brand?post=14722"},{"taxonomy":"product_cat","embeddable":true,"href":"https:\/\/rntl.ch\/fitness\/wp-json\/wp\/v2\/product_cat?post=14722"},{"taxonomy":"product_tag","embeddable":true,"href":"https:\/\/rntl.ch\/fitness\/wp-json\/wp\/v2\/product_tag?post=14722"}],"curies":[{"name":"wp","href":"https:\/\/api.w.org\/{rel}","templated":true}]}}