{"id":14794,"date":"2021-11-09T17:59:21","date_gmt":"2021-11-09T16:59:21","guid":{"rendered":"https:\/\/rntl.ch\/fitness\/?post_type=product&#038;p=14794"},"modified":"2025-11-06T14:28:00","modified_gmt":"2025-11-06T13:28:00","slug":"kettler-aquarower-700","status":"publish","type":"product","link":"https:\/\/rntl.ch\/fitness\/produkt\/kettler-aquarower-700\/","title":{"rendered":"Kettler Aqua Rower 700"},"content":{"rendered":"<ul>\n<li>Robuste Rahmenkonstruktion (Holz\/Stahl), extrem widerstandsf\u00e4hig verarbeitet<\/li>\n<li>Kein \u00abtoter\u00bb Punkt: Dreifach-Edelstahlfl\u00fcgelrad sorgt f\u00fcr einen direkten und konsequenten Widerstand w\u00e4hrend des gesamten Ruderschlags<\/li>\n<li>5 Widerstandsstufen mit Bluetooth-Autojustierungsmonitor<\/li>\n<li>Ruhige und reibungslose Schienen, perfekt geeignet f\u00fcr ambitioniertes Heimtraining<\/li>\n<li>Verstellbare Fussst\u00fctzen mit separaten Fussschlaufen f\u00fcr perfekte Position und optimalen halt beim Rudertraining<\/li>\n<li>Komfortabler, ergonomischer Sitz mit strukturierter Anti-Rutsch-Sitzfl\u00e4che<\/li>\n<li>Ergonomischer Handgriff mit perfektem Grip f\u00fcr starke Ruderz\u00fcge<\/li>\n<li>Grosse, leicht bedienbare Konsole informiert permanent \u00fcber Trainingsstrecke, Trainingszeit, Schlagfrequenz, Gesamtstrecke, Kalorienverbrauch, Watt, Herzfrequenz (optional)<\/li>\n<li>Neue Bluetooth-Konsole f\u00fcr abwechslungsreiche Trainings mit der Kinomap-App<\/li>\n<li>Trainingscomputer ber\u00fccksichtigt die Einstellung des Widerstandes (Wassermenge), wodurch Daten wie Kalorienverbrauch exakter angegeben werden<\/li>\n<li><strong>Aufstellma\u00dfe L\/B\/H in (cm): 213 \/ 52 \/ 56<\/strong><\/li>\n<li><strong>Maximale Gewichtsbelastung: 150 kg<\/strong><\/li>\n<\/ul>\n","protected":false},"excerpt":{"rendered":"<p>Der ergonomische, rutschfeste Sitz und die komfortablen Handgriffe besitzen ein Grip, welches auch f\u00fcr sehr starke Ruderz\u00fcge geeignet ist. Die Schienen sind reibungslos und erm\u00f6glichen das perfekte Workout . Geeignet f\u00fcr ambitionierte Heimtrainings zu Hause.<\/p>\n<p><strong>Kaufpreis [woo_custom_field id=\"rntl_retail_price_field\"].-<\/strong><\/p>\n[rntl_page_content id=\"14687\"]\n","protected":false},"featured_media":33256,"template":"","meta":{"content-type":""},"product_brand":[155],"product_cat":[29],"product_tag":[112],"class_list":{"0":"post-14794","1":"product","2":"type-product","3":"status-publish","4":"has-post-thumbnail","6":"product_brand-kettler","7":"product_cat-rudergeraete","8":"product_tag-mieten","9":"product_shipping_class-leicht","10":"tm-no-options","12":"first","13":"onbackorder","14":"taxable","15":"shipping-taxable","16":"purchasable","17":"product-type-variable-subscription","18":"has-default-attributes"},"yoast_head":"<!-- This site is optimized with the Yoast SEO plugin v26.3 - https:\/\/yoast.com\/wordpress\/plugins\/seo\/ -->\n<title>Kettler Aqua Rower 700 - RNTL Fitness<\/title>\n<meta name=\"description\" content=\"Miete, kaufe, oder finanziere f\u00fcr das Ausdauertraining zu Hause den Kettler AquaRower 700 bei RNTL. Eines der bliebtesten Ruderger\u00e4te.\" \/>\n<meta name=\"robots\" content=\"index, follow, max-snippet:-1, max-image-preview:large, max-video-preview:-1\" \/>\n<link rel=\"canonical\" href=\"https:\/\/rntl.ch\/fitness\/produkt\/kettler-aquarower-700\/\" \/>\n<meta property=\"og:locale\" content=\"de_DE\" \/>\n<meta property=\"og:type\" content=\"article\" \/>\n<meta property=\"og:title\" content=\"Kettler Aqua Rower 700 - RNTL Fitness\" \/>\n<meta property=\"og:description\" content=\"Miete, kaufe, oder finanziere f\u00fcr das Ausdauertraining zu Hause den Kettler AquaRower 700 bei RNTL. Eines der bliebtesten Ruderger\u00e4te.\" \/>\n<meta property=\"og:url\" content=\"https:\/\/rntl.ch\/fitness\/produkt\/kettler-aquarower-700\/\" \/>\n<meta property=\"og:site_name\" content=\"RNTL Fitness\" \/>\n<meta property=\"article:modified_time\" content=\"2025-11-06T13:28:00+00:00\" \/>\n<meta property=\"og:image\" content=\"https:\/\/rntl.ch\/fitness\/wp-content\/uploads\/sites\/3\/2021\/11\/10.png\" \/>\n\t<meta property=\"og:image:width\" content=\"1080\" \/>\n\t<meta property=\"og:image:height\" content=\"1080\" \/>\n\t<meta property=\"og:image:type\" content=\"image\/png\" \/>\n<meta name=\"twitter:card\" content=\"summary_large_image\" \/>\n<meta name=\"twitter:label1\" content=\"Gesch\u00e4tzte Lesezeit\" \/>\n\t<meta name=\"twitter:data1\" content=\"1\u00a0Minute\" \/>\n<script type=\"application\/ld+json\" class=\"yoast-schema-graph\">{\"@context\":\"https:\/\/schema.org\",\"@graph\":[{\"@type\":\"WebPage\",\"@id\":\"https:\/\/rntl.ch\/fitness\/produkt\/kettler-aquarower-700\/\",\"url\":\"https:\/\/rntl.ch\/fitness\/produkt\/kettler-aquarower-700\/\",\"name\":\"Kettler Aqua Rower 700 - RNTL Fitness\",\"isPartOf\":{\"@id\":\"https:\/\/rntl.ch\/fitness\/#website\"},\"primaryImageOfPage\":{\"@id\":\"https:\/\/rntl.ch\/fitness\/produkt\/kettler-aquarower-700\/#primaryimage\"},\"image\":{\"@id\":\"https:\/\/rntl.ch\/fitness\/produkt\/kettler-aquarower-700\/#primaryimage\"},\"thumbnailUrl\":\"https:\/\/rntl.ch\/fitness\/wp-content\/uploads\/sites\/3\/2021\/11\/10.png\",\"datePublished\":\"2021-11-09T16:59:21+00:00\",\"dateModified\":\"2025-11-06T13:28:00+00:00\",\"description\":\"Miete, kaufe, oder finanziere f\u00fcr das Ausdauertraining zu Hause den Kettler AquaRower 700 bei RNTL. Eines der bliebtesten Ruderger\u00e4te.\",\"breadcrumb\":{\"@id\":\"https:\/\/rntl.ch\/fitness\/produkt\/kettler-aquarower-700\/#breadcrumb\"},\"inLanguage\":\"de\",\"potentialAction\":[{\"@type\":\"ReadAction\",\"target\":[\"https:\/\/rntl.ch\/fitness\/produkt\/kettler-aquarower-700\/\"]}]},{\"@type\":\"ImageObject\",\"inLanguage\":\"de\",\"@id\":\"https:\/\/rntl.ch\/fitness\/produkt\/kettler-aquarower-700\/#primaryimage\",\"url\":\"https:\/\/rntl.ch\/fitness\/wp-content\/uploads\/sites\/3\/2021\/11\/10.png\",\"contentUrl\":\"https:\/\/rntl.ch\/fitness\/wp-content\/uploads\/sites\/3\/2021\/11\/10.png\",\"width\":1080,\"height\":1080},{\"@type\":\"BreadcrumbList\",\"@id\":\"https:\/\/rntl.ch\/fitness\/produkt\/kettler-aquarower-700\/#breadcrumb\",\"itemListElement\":[{\"@type\":\"ListItem\",\"position\":1,\"name\":\"Startseite\",\"item\":\"https:\/\/rntl.ch\/fitness\/\"},{\"@type\":\"ListItem\",\"position\":2,\"name\":\"Shop\",\"item\":\"https:\/\/rntl.ch\/fitness\/shop\/\"},{\"@type\":\"ListItem\",\"position\":3,\"name\":\"Kettler Aqua Rower 700\"}]},{\"@type\":\"WebSite\",\"@id\":\"https:\/\/rntl.ch\/fitness\/#website\",\"url\":\"https:\/\/rntl.ch\/fitness\/\",\"name\":\"RNTL Fitness\",\"description\":\"Mieten Einfach Anders\",\"publisher\":{\"@id\":\"https:\/\/rntl.ch\/fitness\/#organization\"},\"potentialAction\":[{\"@type\":\"SearchAction\",\"target\":{\"@type\":\"EntryPoint\",\"urlTemplate\":\"https:\/\/rntl.ch\/fitness\/?s={search_term_string}\"},\"query-input\":{\"@type\":\"PropertyValueSpecification\",\"valueRequired\":true,\"valueName\":\"search_term_string\"}}],\"inLanguage\":\"de\"},{\"@type\":\"Organization\",\"@id\":\"https:\/\/rntl.ch\/fitness\/#organization\",\"name\":\"RNTL Fitness\",\"url\":\"https:\/\/rntl.ch\/fitness\/\",\"logo\":{\"@type\":\"ImageObject\",\"inLanguage\":\"de\",\"@id\":\"https:\/\/rntl.ch\/fitness\/#\/schema\/logo\/image\/\",\"url\":\"https:\/\/rntl.ch\/fitness\/wp-content\/uploads\/sites\/3\/2020\/11\/cropped-rntl_logo_white_530x150.png\",\"contentUrl\":\"https:\/\/rntl.ch\/fitness\/wp-content\/uploads\/sites\/3\/2020\/11\/cropped-rntl_logo_white_530x150.png\",\"width\":530,\"height\":150,\"caption\":\"RNTL Fitness\"},\"image\":{\"@id\":\"https:\/\/rntl.ch\/fitness\/#\/schema\/logo\/image\/\"}}]}<\/script>\n<!-- \/ Yoast SEO plugin. -->","yoast_head_json":{"title":"Kettler Aqua Rower 700 - RNTL Fitness","description":"Miete, kaufe, oder finanziere f\u00fcr das Ausdauertraining zu Hause den Kettler AquaRower 700 bei RNTL. Eines der bliebtesten Ruderger\u00e4te.","robots":{"index":"index","follow":"follow","max-snippet":"max-snippet:-1","max-image-preview":"max-image-preview:large","max-video-preview":"max-video-preview:-1"},"canonical":"https:\/\/rntl.ch\/fitness\/produkt\/kettler-aquarower-700\/","og_locale":"de_DE","og_type":"article","og_title":"Kettler Aqua Rower 700 - RNTL Fitness","og_description":"Miete, kaufe, oder finanziere f\u00fcr das Ausdauertraining zu Hause den Kettler AquaRower 700 bei RNTL. Eines der bliebtesten Ruderger\u00e4te.","og_url":"https:\/\/rntl.ch\/fitness\/produkt\/kettler-aquarower-700\/","og_site_name":"RNTL Fitness","article_modified_time":"2025-11-06T13:28:00+00:00","og_image":[{"width":1080,"height":1080,"url":"https:\/\/rntl.ch\/fitness\/wp-content\/uploads\/sites\/3\/2021\/11\/10.png","type":"image\/png"}],"twitter_card":"summary_large_image","twitter_misc":{"Gesch\u00e4tzte Lesezeit":"1\u00a0Minute"},"schema":{"@context":"https:\/\/schema.org","@graph":[{"@type":"WebPage","@id":"https:\/\/rntl.ch\/fitness\/produkt\/kettler-aquarower-700\/","url":"https:\/\/rntl.ch\/fitness\/produkt\/kettler-aquarower-700\/","name":"Kettler Aqua Rower 700 - RNTL Fitness","isPartOf":{"@id":"https:\/\/rntl.ch\/fitness\/#website"},"primaryImageOfPage":{"@id":"https:\/\/rntl.ch\/fitness\/produkt\/kettler-aquarower-700\/#primaryimage"},"image":{"@id":"https:\/\/rntl.ch\/fitness\/produkt\/kettler-aquarower-700\/#primaryimage"},"thumbnailUrl":"https:\/\/rntl.ch\/fitness\/wp-content\/uploads\/sites\/3\/2021\/11\/10.png","datePublished":"2021-11-09T16:59:21+00:00","dateModified":"2025-11-06T13:28:00+00:00","description":"Miete, kaufe, oder finanziere f\u00fcr das Ausdauertraining zu Hause den Kettler AquaRower 700 bei RNTL. Eines der bliebtesten Ruderger\u00e4te.","breadcrumb":{"@id":"https:\/\/rntl.ch\/fitness\/produkt\/kettler-aquarower-700\/#breadcrumb"},"inLanguage":"de","potentialAction":[{"@type":"ReadAction","target":["https:\/\/rntl.ch\/fitness\/produkt\/kettler-aquarower-700\/"]}]},{"@type":"ImageObject","inLanguage":"de","@id":"https:\/\/rntl.ch\/fitness\/produkt\/kettler-aquarower-700\/#primaryimage","url":"https:\/\/rntl.ch\/fitness\/wp-content\/uploads\/sites\/3\/2021\/11\/10.png","contentUrl":"https:\/\/rntl.ch\/fitness\/wp-content\/uploads\/sites\/3\/2021\/11\/10.png","width":1080,"height":1080},{"@type":"BreadcrumbList","@id":"https:\/\/rntl.ch\/fitness\/produkt\/kettler-aquarower-700\/#breadcrumb","itemListElement":[{"@type":"ListItem","position":1,"name":"Startseite","item":"https:\/\/rntl.ch\/fitness\/"},{"@type":"ListItem","position":2,"name":"Shop","item":"https:\/\/rntl.ch\/fitness\/shop\/"},{"@type":"ListItem","position":3,"name":"Kettler Aqua Rower 700"}]},{"@type":"WebSite","@id":"https:\/\/rntl.ch\/fitness\/#website","url":"https:\/\/rntl.ch\/fitness\/","name":"RNTL Fitness","description":"Mieten Einfach Anders","publisher":{"@id":"https:\/\/rntl.ch\/fitness\/#organization"},"potentialAction":[{"@type":"SearchAction","target":{"@type":"EntryPoint","urlTemplate":"https:\/\/rntl.ch\/fitness\/?s={search_term_string}"},"query-input":{"@type":"PropertyValueSpecification","valueRequired":true,"valueName":"search_term_string"}}],"inLanguage":"de"},{"@type":"Organization","@id":"https:\/\/rntl.ch\/fitness\/#organization","name":"RNTL Fitness","url":"https:\/\/rntl.ch\/fitness\/","logo":{"@type":"ImageObject","inLanguage":"de","@id":"https:\/\/rntl.ch\/fitness\/#\/schema\/logo\/image\/","url":"https:\/\/rntl.ch\/fitness\/wp-content\/uploads\/sites\/3\/2020\/11\/cropped-rntl_logo_white_530x150.png","contentUrl":"https:\/\/rntl.ch\/fitness\/wp-content\/uploads\/sites\/3\/2020\/11\/cropped-rntl_logo_white_530x150.png","width":530,"height":150,"caption":"RNTL Fitness"},"image":{"@id":"https:\/\/rntl.ch\/fitness\/#\/schema\/logo\/image\/"}}]}},"_links":{"self":[{"href":"https:\/\/rntl.ch\/fitness\/wp-json\/wp\/v2\/product\/14794","targetHints":{"allow":["GET"]}}],"collection":[{"href":"https:\/\/rntl.ch\/fitness\/wp-json\/wp\/v2\/product"}],"about":[{"href":"https:\/\/rntl.ch\/fitness\/wp-json\/wp\/v2\/types\/product"}],"version-history":[{"count":1,"href":"https:\/\/rntl.ch\/fitness\/wp-json\/wp\/v2\/product\/14794\/revisions"}],"predecessor-version":[{"id":27161,"href":"https:\/\/rntl.ch\/fitness\/wp-json\/wp\/v2\/product\/14794\/revisions\/27161"}],"wp:featuredmedia":[{"embeddable":true,"href":"https:\/\/rntl.ch\/fitness\/wp-json\/wp\/v2\/media\/33256"}],"wp:attachment":[{"href":"https:\/\/rntl.ch\/fitness\/wp-json\/wp\/v2\/media?parent=14794"}],"wp:term":[{"taxonomy":"product_brand","embeddable":true,"href":"https:\/\/rntl.ch\/fitness\/wp-json\/wp\/v2\/product_brand?post=14794"},{"taxonomy":"product_cat","embeddable":true,"href":"https:\/\/rntl.ch\/fitness\/wp-json\/wp\/v2\/product_cat?post=14794"},{"taxonomy":"product_tag","embeddable":true,"href":"https:\/\/rntl.ch\/fitness\/wp-json\/wp\/v2\/product_tag?post=14794"}],"curies":[{"name":"wp","href":"https:\/\/api.w.org\/{rel}","templated":true}]}}