{"id":14818,"date":"2021-11-09T18:13:52","date_gmt":"2021-11-09T17:13:52","guid":{"rendered":"https:\/\/rntl.ch\/fitness\/?post_type=product&#038;p=14818"},"modified":"2025-12-10T12:52:46","modified_gmt":"2025-12-10T11:52:46","slug":"kettler-ergometer-tour-600r","status":"publish","type":"product","link":"https:\/\/rntl.ch\/fitness\/produkt\/kettler-ergometer-tour-600r\/","title":{"rendered":"Kettler Ergometer Tour 600R"},"content":{"rendered":"<p>Erstklassige Rundlaufeigenschaften mit grosser Schwungmasse f\u00fcr Dein Profi-Training<\/p>\n<p>Du f\u00fchlst dich schlapp und m\u00fcde und willst deinen K\u00f6rper und Kreislauf in Schwung und Form bringen? Mit dem TOUR 600 R kannst du diese Ziele erreichen\u2013 und zwar v\u00f6llig schonend. Der TOUR 600 R vereint effektives Training mit fl\u00fcssigem Trittempfinden und Komfort. Die entlastende, feste R\u00fcckenlehne und der verstellbare Sattel sorgen f\u00fcr deine individuell perfekte Position und somit angenehme Workouts. So k\u00f6nnen auch Personen mit Bewegungseinschr\u00e4nkungen oder \u00e4ltere Personen vom Training profitieren. Mit dem bequem zu erreichenden Display hast du deine Leistung stets im Blick und kannst aus vielen verschiedenen Trainingsprogrammen das f\u00fcr dich passende ausw\u00e4hlen. Trainiere beispielsweise innerhalb einer bestimmten Herzfrequenz und verfolge t\u00e4glich deine Fortschritte! Der TOUR 600 R l\u00e4sst sich dank seinen Transportrollen ausserdem ganz einfach zu Hause positionieren und jederzeit umstellen.<\/p>\n<ul>\n<li>Magnetbremssystem von 25-250 Watt, verstellbar in 5Watt Schritten<\/li>\n<li>10 Trainingsprogramme<\/li>\n<li>Bluetooth Schnittstelle<\/li>\n<li>8kg Schwungmasse f\u00fcr einen besonders gleichm\u00e4ssigen Rundlauf<\/li>\n<li>Verstellbarer Sattel mit fester R\u00fcckenlehne<\/li>\n<li>Schwerpunktriemenpedale, Transportrollen und H\u00f6henausgleich<\/li>\n<li>Aufstellmasse L\/B\/H (in cm): 163\/63\/119<\/li>\n<li>Maximale Gewichtsbelastung: 130kg<\/li>\n<\/ul>\n<p>&nbsp;<\/p>\n","protected":false},"excerpt":{"rendered":"<p>Maximale Freiheit und schonendes Training mit verstellbarer R\u00fcckenlehne. Der bequeme Gel-Sattel bietet Komfort auf h\u00f6chstem Niveau. Erstklassige Rundlaufeigenschaften mit grosser Schwungmasse f\u00fcr dein Profi-Training.<br \/>\n<strong>Kaufpreis [woo_custom_field id=\"rntl_retail_price_field\"].-<\/strong><\/p>\n[rntl_page_content id=\"14687\"]\n","protected":false},"featured_media":8047,"template":"","meta":{"content-type":""},"product_brand":[155],"product_cat":[25],"product_tag":[24,112],"class_list":{"0":"post-14818","1":"product","2":"type-product","3":"status-publish","4":"has-post-thumbnail","6":"product_brand-kettler","7":"product_cat-hometrainer","8":"product_tag-geeignet-fuer-therapie","9":"product_tag-mieten","10":"product_shipping_class-mittel","11":"tm-no-options","13":"first","14":"instock","15":"taxable","16":"shipping-taxable","17":"purchasable","18":"product-type-variable-subscription","19":"has-default-attributes"},"yoast_head":"<!-- This site is optimized with the Yoast SEO plugin v26.3 - https:\/\/yoast.com\/wordpress\/plugins\/seo\/ -->\n<title>Kettler Ergometer Tour 600R - RNTL Fitness<\/title>\n<meta name=\"description\" content=\"Miete, kaufe, oder finanziere f\u00fcr das Ausdauertraining zu Hause den Ergometer Kettler Tour 600R bei uns. Perfekt f\u00fcr die REHA zu Hause.\" \/>\n<meta name=\"robots\" content=\"index, follow, max-snippet:-1, max-image-preview:large, max-video-preview:-1\" \/>\n<link rel=\"canonical\" href=\"https:\/\/rntl.ch\/fitness\/produkt\/kettler-ergometer-tour-600r\/\" \/>\n<meta property=\"og:locale\" content=\"de_DE\" \/>\n<meta property=\"og:type\" content=\"article\" \/>\n<meta property=\"og:title\" content=\"Kettler Ergometer Tour 600R - RNTL Fitness\" \/>\n<meta property=\"og:description\" content=\"Miete, kaufe, oder finanziere f\u00fcr das Ausdauertraining zu Hause den Ergometer Kettler Tour 600R bei uns. Perfekt f\u00fcr die REHA zu Hause.\" \/>\n<meta property=\"og:url\" content=\"https:\/\/rntl.ch\/fitness\/produkt\/kettler-ergometer-tour-600r\/\" \/>\n<meta property=\"og:site_name\" content=\"RNTL Fitness\" \/>\n<meta property=\"article:modified_time\" content=\"2025-12-10T11:52:46+00:00\" \/>\n<meta property=\"og:image\" content=\"https:\/\/rntl.ch\/fitness\/wp-content\/uploads\/sites\/3\/2020\/08\/EM1010-400-KETTLER-Ergometer-Tour-600-R-scaled.jpg\" \/>\n\t<meta property=\"og:image:width\" content=\"2560\" \/>\n\t<meta property=\"og:image:height\" content=\"2560\" \/>\n\t<meta property=\"og:image:type\" content=\"image\/jpeg\" \/>\n<meta name=\"twitter:card\" content=\"summary_large_image\" \/>\n<meta name=\"twitter:label1\" content=\"Gesch\u00e4tzte Lesezeit\" \/>\n\t<meta name=\"twitter:data1\" content=\"2\u00a0Minuten\" \/>\n<script type=\"application\/ld+json\" class=\"yoast-schema-graph\">{\"@context\":\"https:\/\/schema.org\",\"@graph\":[{\"@type\":\"WebPage\",\"@id\":\"https:\/\/rntl.ch\/fitness\/produkt\/kettler-ergometer-tour-600r\/\",\"url\":\"https:\/\/rntl.ch\/fitness\/produkt\/kettler-ergometer-tour-600r\/\",\"name\":\"Kettler Ergometer Tour 600R - RNTL Fitness\",\"isPartOf\":{\"@id\":\"https:\/\/rntl.ch\/fitness\/#website\"},\"primaryImageOfPage\":{\"@id\":\"https:\/\/rntl.ch\/fitness\/produkt\/kettler-ergometer-tour-600r\/#primaryimage\"},\"image\":{\"@id\":\"https:\/\/rntl.ch\/fitness\/produkt\/kettler-ergometer-tour-600r\/#primaryimage\"},\"thumbnailUrl\":\"https:\/\/rntl.ch\/fitness\/wp-content\/uploads\/sites\/3\/2020\/08\/EM1010-400-KETTLER-Ergometer-Tour-600-R-scaled.jpg\",\"datePublished\":\"2021-11-09T17:13:52+00:00\",\"dateModified\":\"2025-12-10T11:52:46+00:00\",\"description\":\"Miete, kaufe, oder finanziere f\u00fcr das Ausdauertraining zu Hause den Ergometer Kettler Tour 600R bei uns. Perfekt f\u00fcr die REHA zu Hause.\",\"breadcrumb\":{\"@id\":\"https:\/\/rntl.ch\/fitness\/produkt\/kettler-ergometer-tour-600r\/#breadcrumb\"},\"inLanguage\":\"de\",\"potentialAction\":[{\"@type\":\"ReadAction\",\"target\":[\"https:\/\/rntl.ch\/fitness\/produkt\/kettler-ergometer-tour-600r\/\"]}]},{\"@type\":\"ImageObject\",\"inLanguage\":\"de\",\"@id\":\"https:\/\/rntl.ch\/fitness\/produkt\/kettler-ergometer-tour-600r\/#primaryimage\",\"url\":\"https:\/\/rntl.ch\/fitness\/wp-content\/uploads\/sites\/3\/2020\/08\/EM1010-400-KETTLER-Ergometer-Tour-600-R-scaled.jpg\",\"contentUrl\":\"https:\/\/rntl.ch\/fitness\/wp-content\/uploads\/sites\/3\/2020\/08\/EM1010-400-KETTLER-Ergometer-Tour-600-R-scaled.jpg\",\"width\":2560,\"height\":2560},{\"@type\":\"BreadcrumbList\",\"@id\":\"https:\/\/rntl.ch\/fitness\/produkt\/kettler-ergometer-tour-600r\/#breadcrumb\",\"itemListElement\":[{\"@type\":\"ListItem\",\"position\":1,\"name\":\"Startseite\",\"item\":\"https:\/\/rntl.ch\/fitness\/\"},{\"@type\":\"ListItem\",\"position\":2,\"name\":\"Shop\",\"item\":\"https:\/\/rntl.ch\/fitness\/shop\/\"},{\"@type\":\"ListItem\",\"position\":3,\"name\":\"Kettler Ergometer Tour 600R\"}]},{\"@type\":\"WebSite\",\"@id\":\"https:\/\/rntl.ch\/fitness\/#website\",\"url\":\"https:\/\/rntl.ch\/fitness\/\",\"name\":\"RNTL Fitness\",\"description\":\"Mieten Einfach Anders\",\"publisher\":{\"@id\":\"https:\/\/rntl.ch\/fitness\/#organization\"},\"potentialAction\":[{\"@type\":\"SearchAction\",\"target\":{\"@type\":\"EntryPoint\",\"urlTemplate\":\"https:\/\/rntl.ch\/fitness\/?s={search_term_string}\"},\"query-input\":{\"@type\":\"PropertyValueSpecification\",\"valueRequired\":true,\"valueName\":\"search_term_string\"}}],\"inLanguage\":\"de\"},{\"@type\":\"Organization\",\"@id\":\"https:\/\/rntl.ch\/fitness\/#organization\",\"name\":\"RNTL Fitness\",\"url\":\"https:\/\/rntl.ch\/fitness\/\",\"logo\":{\"@type\":\"ImageObject\",\"inLanguage\":\"de\",\"@id\":\"https:\/\/rntl.ch\/fitness\/#\/schema\/logo\/image\/\",\"url\":\"https:\/\/rntl.ch\/fitness\/wp-content\/uploads\/sites\/3\/2020\/11\/cropped-rntl_logo_white_530x150.png\",\"contentUrl\":\"https:\/\/rntl.ch\/fitness\/wp-content\/uploads\/sites\/3\/2020\/11\/cropped-rntl_logo_white_530x150.png\",\"width\":530,\"height\":150,\"caption\":\"RNTL Fitness\"},\"image\":{\"@id\":\"https:\/\/rntl.ch\/fitness\/#\/schema\/logo\/image\/\"}}]}<\/script>\n<!-- \/ Yoast SEO plugin. -->","yoast_head_json":{"title":"Kettler Ergometer Tour 600R - RNTL Fitness","description":"Miete, kaufe, oder finanziere f\u00fcr das Ausdauertraining zu Hause den Ergometer Kettler Tour 600R bei uns. Perfekt f\u00fcr die REHA zu Hause.","robots":{"index":"index","follow":"follow","max-snippet":"max-snippet:-1","max-image-preview":"max-image-preview:large","max-video-preview":"max-video-preview:-1"},"canonical":"https:\/\/rntl.ch\/fitness\/produkt\/kettler-ergometer-tour-600r\/","og_locale":"de_DE","og_type":"article","og_title":"Kettler Ergometer Tour 600R - RNTL Fitness","og_description":"Miete, kaufe, oder finanziere f\u00fcr das Ausdauertraining zu Hause den Ergometer Kettler Tour 600R bei uns. Perfekt f\u00fcr die REHA zu Hause.","og_url":"https:\/\/rntl.ch\/fitness\/produkt\/kettler-ergometer-tour-600r\/","og_site_name":"RNTL Fitness","article_modified_time":"2025-12-10T11:52:46+00:00","og_image":[{"width":2560,"height":2560,"url":"https:\/\/rntl.ch\/fitness\/wp-content\/uploads\/sites\/3\/2020\/08\/EM1010-400-KETTLER-Ergometer-Tour-600-R-scaled.jpg","type":"image\/jpeg"}],"twitter_card":"summary_large_image","twitter_misc":{"Gesch\u00e4tzte Lesezeit":"2\u00a0Minuten"},"schema":{"@context":"https:\/\/schema.org","@graph":[{"@type":"WebPage","@id":"https:\/\/rntl.ch\/fitness\/produkt\/kettler-ergometer-tour-600r\/","url":"https:\/\/rntl.ch\/fitness\/produkt\/kettler-ergometer-tour-600r\/","name":"Kettler Ergometer Tour 600R - RNTL Fitness","isPartOf":{"@id":"https:\/\/rntl.ch\/fitness\/#website"},"primaryImageOfPage":{"@id":"https:\/\/rntl.ch\/fitness\/produkt\/kettler-ergometer-tour-600r\/#primaryimage"},"image":{"@id":"https:\/\/rntl.ch\/fitness\/produkt\/kettler-ergometer-tour-600r\/#primaryimage"},"thumbnailUrl":"https:\/\/rntl.ch\/fitness\/wp-content\/uploads\/sites\/3\/2020\/08\/EM1010-400-KETTLER-Ergometer-Tour-600-R-scaled.jpg","datePublished":"2021-11-09T17:13:52+00:00","dateModified":"2025-12-10T11:52:46+00:00","description":"Miete, kaufe, oder finanziere f\u00fcr das Ausdauertraining zu Hause den Ergometer Kettler Tour 600R bei uns. Perfekt f\u00fcr die REHA zu Hause.","breadcrumb":{"@id":"https:\/\/rntl.ch\/fitness\/produkt\/kettler-ergometer-tour-600r\/#breadcrumb"},"inLanguage":"de","potentialAction":[{"@type":"ReadAction","target":["https:\/\/rntl.ch\/fitness\/produkt\/kettler-ergometer-tour-600r\/"]}]},{"@type":"ImageObject","inLanguage":"de","@id":"https:\/\/rntl.ch\/fitness\/produkt\/kettler-ergometer-tour-600r\/#primaryimage","url":"https:\/\/rntl.ch\/fitness\/wp-content\/uploads\/sites\/3\/2020\/08\/EM1010-400-KETTLER-Ergometer-Tour-600-R-scaled.jpg","contentUrl":"https:\/\/rntl.ch\/fitness\/wp-content\/uploads\/sites\/3\/2020\/08\/EM1010-400-KETTLER-Ergometer-Tour-600-R-scaled.jpg","width":2560,"height":2560},{"@type":"BreadcrumbList","@id":"https:\/\/rntl.ch\/fitness\/produkt\/kettler-ergometer-tour-600r\/#breadcrumb","itemListElement":[{"@type":"ListItem","position":1,"name":"Startseite","item":"https:\/\/rntl.ch\/fitness\/"},{"@type":"ListItem","position":2,"name":"Shop","item":"https:\/\/rntl.ch\/fitness\/shop\/"},{"@type":"ListItem","position":3,"name":"Kettler Ergometer Tour 600R"}]},{"@type":"WebSite","@id":"https:\/\/rntl.ch\/fitness\/#website","url":"https:\/\/rntl.ch\/fitness\/","name":"RNTL Fitness","description":"Mieten Einfach Anders","publisher":{"@id":"https:\/\/rntl.ch\/fitness\/#organization"},"potentialAction":[{"@type":"SearchAction","target":{"@type":"EntryPoint","urlTemplate":"https:\/\/rntl.ch\/fitness\/?s={search_term_string}"},"query-input":{"@type":"PropertyValueSpecification","valueRequired":true,"valueName":"search_term_string"}}],"inLanguage":"de"},{"@type":"Organization","@id":"https:\/\/rntl.ch\/fitness\/#organization","name":"RNTL Fitness","url":"https:\/\/rntl.ch\/fitness\/","logo":{"@type":"ImageObject","inLanguage":"de","@id":"https:\/\/rntl.ch\/fitness\/#\/schema\/logo\/image\/","url":"https:\/\/rntl.ch\/fitness\/wp-content\/uploads\/sites\/3\/2020\/11\/cropped-rntl_logo_white_530x150.png","contentUrl":"https:\/\/rntl.ch\/fitness\/wp-content\/uploads\/sites\/3\/2020\/11\/cropped-rntl_logo_white_530x150.png","width":530,"height":150,"caption":"RNTL Fitness"},"image":{"@id":"https:\/\/rntl.ch\/fitness\/#\/schema\/logo\/image\/"}}]}},"_links":{"self":[{"href":"https:\/\/rntl.ch\/fitness\/wp-json\/wp\/v2\/product\/14818","targetHints":{"allow":["GET"]}}],"collection":[{"href":"https:\/\/rntl.ch\/fitness\/wp-json\/wp\/v2\/product"}],"about":[{"href":"https:\/\/rntl.ch\/fitness\/wp-json\/wp\/v2\/types\/product"}],"version-history":[{"count":1,"href":"https:\/\/rntl.ch\/fitness\/wp-json\/wp\/v2\/product\/14818\/revisions"}],"predecessor-version":[{"id":27419,"href":"https:\/\/rntl.ch\/fitness\/wp-json\/wp\/v2\/product\/14818\/revisions\/27419"}],"wp:featuredmedia":[{"embeddable":true,"href":"https:\/\/rntl.ch\/fitness\/wp-json\/wp\/v2\/media\/8047"}],"wp:attachment":[{"href":"https:\/\/rntl.ch\/fitness\/wp-json\/wp\/v2\/media?parent=14818"}],"wp:term":[{"taxonomy":"product_brand","embeddable":true,"href":"https:\/\/rntl.ch\/fitness\/wp-json\/wp\/v2\/product_brand?post=14818"},{"taxonomy":"product_cat","embeddable":true,"href":"https:\/\/rntl.ch\/fitness\/wp-json\/wp\/v2\/product_cat?post=14818"},{"taxonomy":"product_tag","embeddable":true,"href":"https:\/\/rntl.ch\/fitness\/wp-json\/wp\/v2\/product_tag?post=14818"}],"curies":[{"name":"wp","href":"https:\/\/api.w.org\/{rel}","templated":true}]}}