{"id":14827,"date":"2021-11-09T18:18:44","date_gmt":"2021-11-09T17:18:44","guid":{"rendered":"https:\/\/rntl.ch\/fitness\/?post_type=product&#038;p=14827"},"modified":"2025-11-06T14:27:54","modified_gmt":"2025-11-06T13:27:54","slug":"kettler-alpha-run-200","status":"publish","type":"product","link":"https:\/\/rntl.ch\/fitness\/produkt\/kettler-alpha-run-200\/","title":{"rendered":"Kettler ALPHA RUN 200"},"content":{"rendered":"<p><strong>Produkt-Highlights:<\/strong><\/p>\n<ul>\n<li>Ausgestattet mit KETTLER \u201aEnergy Deck\u2018: Lagerung der Lauffl\u00e4che auf Energy Elementen f\u00fcr einen agileren Laufstil durch Energier\u00fcckf\u00fchrung<\/li>\n<li>Verbindungsm\u00f6glichkeit zu Sport APPs (z.B. KETTMaps), Sportuhren und Herzfrequenzmessern via BLUETOOTH<\/li>\n<li>Hochwertiger Trainingscomputer mit intuitiver Men\u00fcf\u00fchrung in Landessprache. 132 x 85 mm LC-Display.<\/li>\n<li>Customized View: Konfigurierbarer Trainingsbildschirm f\u00fcr den individuell gew\u00fcnschten<\/li>\n<li>Guided Running: Inklusive umfangreichen Trainingsprogrammen.<\/li>\n<\/ul>\n<p><strong>Leistungsdaten:<\/strong><\/p>\n<ul>\n<li>Leistungsstarker DC Motor mit 2,5 PS Dauerleistung<\/li>\n<li>Geschwindigkeit: 1-18 km\/h (in 0,1 km\/h-Schritten)<\/li>\n<li>Steigung: 0-12 % motorisch verstellbar (in 1,0 % Schritten)<\/li>\n<li>Gr\u00f6\u00dfe der Lauffl\u00e4che: 135 x 47 cm<\/li>\n<\/ul>\n<p><strong>Weitere Ausstattung:<\/strong><\/p>\n<ul>\n<li>Lautsprecher, Ventilator, Tablethalterung, Halterung f\u00fcr Sportuhren<\/li>\n<li>Zusatztaster an den Handl\u00e4ufen f\u00fcr Regulierung von Geschwindigkeit und Steigung<\/li>\n<li>Zwei Ablagef\u00e4cher aus Softmaterial f\u00fcr Trinkflaschen und Utensilien<\/li>\n<li>Hochstellbare Lauffl\u00e4che mit Soft-Drop-Mechanismus<\/li>\n<li>Transportrollen, H\u00f6henausgleich, Not-Stop-Mechanismus mit Sicherungsclip<\/li>\n<\/ul>\n<p>Aufstellma\u00dfe L \/ B \/ H (in cm): 182 \/ 85,5 \/ 143,5, hochgestellt: 134,5 \/ 85,5 \/ 143,5<\/p>\n<p>maximale Gewichtsbelastung: 130 kg<\/p>\n","protected":false},"excerpt":{"rendered":"<p>Dein Einstieg in das Lauftraining mit dem Alpha Run 200.<br \/>\n<strong>Kaufpreis [woo_custom_field id=\"rntl_retail_price_field\"].-<\/strong><\/p>\n[rntl_page_content id=\"14687\"]\n","protected":false},"featured_media":8550,"template":"","meta":{"content-type":""},"product_brand":[155],"product_cat":[28],"product_tag":[112],"class_list":{"0":"post-14827","1":"product","2":"type-product","3":"status-publish","4":"has-post-thumbnail","6":"product_brand-kettler","7":"product_cat-laufbaender","8":"product_tag-mieten","9":"product_shipping_class-schwer","10":"tm-no-options","12":"first","13":"instock","14":"taxable","15":"shipping-taxable","16":"purchasable","17":"product-type-variable-subscription","18":"has-default-attributes"},"yoast_head":"<!-- This site is optimized with the Yoast SEO plugin v26.3 - https:\/\/yoast.com\/wordpress\/plugins\/seo\/ -->\n<title>Kettler ALPHA RUN 200 - RNTL Fitness<\/title>\n<meta name=\"description\" content=\"Miete, kaufe, oder finanziere f\u00fcr das Ausdauertraining zu Hause den Kettler ALPHA RUN 200 bei RNTL ganz bequem online. Sehr beliebtes Laufband.\" \/>\n<meta name=\"robots\" content=\"index, follow, max-snippet:-1, max-image-preview:large, max-video-preview:-1\" \/>\n<link rel=\"canonical\" href=\"https:\/\/rntl.ch\/fitness\/produkt\/kettler-alpha-run-200\/\" \/>\n<meta property=\"og:locale\" content=\"de_DE\" \/>\n<meta property=\"og:type\" content=\"article\" \/>\n<meta property=\"og:title\" content=\"Kettler ALPHA RUN 200 - RNTL Fitness\" \/>\n<meta property=\"og:description\" content=\"Miete, kaufe, oder finanziere f\u00fcr das Ausdauertraining zu Hause den Kettler ALPHA RUN 200 bei RNTL ganz bequem online. Sehr beliebtes Laufband.\" \/>\n<meta property=\"og:url\" content=\"https:\/\/rntl.ch\/fitness\/produkt\/kettler-alpha-run-200\/\" \/>\n<meta property=\"og:site_name\" content=\"RNTL Fitness\" \/>\n<meta property=\"article:modified_time\" content=\"2025-11-06T13:27:54+00:00\" \/>\n<meta property=\"og:image\" content=\"https:\/\/rntl.ch\/fitness\/wp-content\/uploads\/sites\/3\/2020\/10\/Bildschirmfoto-2020-10-19-um-16.52.11.png\" \/>\n\t<meta property=\"og:image:width\" content=\"1398\" \/>\n\t<meta property=\"og:image:height\" content=\"1782\" \/>\n\t<meta property=\"og:image:type\" content=\"image\/png\" \/>\n<meta name=\"twitter:card\" content=\"summary_large_image\" \/>\n<meta name=\"twitter:label1\" content=\"Gesch\u00e4tzte Lesezeit\" \/>\n\t<meta name=\"twitter:data1\" content=\"1\u00a0Minute\" \/>\n<script type=\"application\/ld+json\" class=\"yoast-schema-graph\">{\"@context\":\"https:\/\/schema.org\",\"@graph\":[{\"@type\":\"WebPage\",\"@id\":\"https:\/\/rntl.ch\/fitness\/produkt\/kettler-alpha-run-200\/\",\"url\":\"https:\/\/rntl.ch\/fitness\/produkt\/kettler-alpha-run-200\/\",\"name\":\"Kettler ALPHA RUN 200 - RNTL Fitness\",\"isPartOf\":{\"@id\":\"https:\/\/rntl.ch\/fitness\/#website\"},\"primaryImageOfPage\":{\"@id\":\"https:\/\/rntl.ch\/fitness\/produkt\/kettler-alpha-run-200\/#primaryimage\"},\"image\":{\"@id\":\"https:\/\/rntl.ch\/fitness\/produkt\/kettler-alpha-run-200\/#primaryimage\"},\"thumbnailUrl\":\"https:\/\/rntl.ch\/fitness\/wp-content\/uploads\/sites\/3\/2020\/10\/Bildschirmfoto-2020-10-19-um-16.52.11.png\",\"datePublished\":\"2021-11-09T17:18:44+00:00\",\"dateModified\":\"2025-11-06T13:27:54+00:00\",\"description\":\"Miete, kaufe, oder finanziere f\u00fcr das Ausdauertraining zu Hause den Kettler ALPHA RUN 200 bei RNTL ganz bequem online. Sehr beliebtes Laufband.\",\"breadcrumb\":{\"@id\":\"https:\/\/rntl.ch\/fitness\/produkt\/kettler-alpha-run-200\/#breadcrumb\"},\"inLanguage\":\"de\",\"potentialAction\":[{\"@type\":\"ReadAction\",\"target\":[\"https:\/\/rntl.ch\/fitness\/produkt\/kettler-alpha-run-200\/\"]}]},{\"@type\":\"ImageObject\",\"inLanguage\":\"de\",\"@id\":\"https:\/\/rntl.ch\/fitness\/produkt\/kettler-alpha-run-200\/#primaryimage\",\"url\":\"https:\/\/rntl.ch\/fitness\/wp-content\/uploads\/sites\/3\/2020\/10\/Bildschirmfoto-2020-10-19-um-16.52.11.png\",\"contentUrl\":\"https:\/\/rntl.ch\/fitness\/wp-content\/uploads\/sites\/3\/2020\/10\/Bildschirmfoto-2020-10-19-um-16.52.11.png\",\"width\":1398,\"height\":1782},{\"@type\":\"BreadcrumbList\",\"@id\":\"https:\/\/rntl.ch\/fitness\/produkt\/kettler-alpha-run-200\/#breadcrumb\",\"itemListElement\":[{\"@type\":\"ListItem\",\"position\":1,\"name\":\"Startseite\",\"item\":\"https:\/\/rntl.ch\/fitness\/\"},{\"@type\":\"ListItem\",\"position\":2,\"name\":\"Shop\",\"item\":\"https:\/\/rntl.ch\/fitness\/shop\/\"},{\"@type\":\"ListItem\",\"position\":3,\"name\":\"Kettler ALPHA RUN 200\"}]},{\"@type\":\"WebSite\",\"@id\":\"https:\/\/rntl.ch\/fitness\/#website\",\"url\":\"https:\/\/rntl.ch\/fitness\/\",\"name\":\"RNTL Fitness\",\"description\":\"Mieten Einfach Anders\",\"publisher\":{\"@id\":\"https:\/\/rntl.ch\/fitness\/#organization\"},\"potentialAction\":[{\"@type\":\"SearchAction\",\"target\":{\"@type\":\"EntryPoint\",\"urlTemplate\":\"https:\/\/rntl.ch\/fitness\/?s={search_term_string}\"},\"query-input\":{\"@type\":\"PropertyValueSpecification\",\"valueRequired\":true,\"valueName\":\"search_term_string\"}}],\"inLanguage\":\"de\"},{\"@type\":\"Organization\",\"@id\":\"https:\/\/rntl.ch\/fitness\/#organization\",\"name\":\"RNTL Fitness\",\"url\":\"https:\/\/rntl.ch\/fitness\/\",\"logo\":{\"@type\":\"ImageObject\",\"inLanguage\":\"de\",\"@id\":\"https:\/\/rntl.ch\/fitness\/#\/schema\/logo\/image\/\",\"url\":\"https:\/\/rntl.ch\/fitness\/wp-content\/uploads\/sites\/3\/2020\/11\/cropped-rntl_logo_white_530x150.png\",\"contentUrl\":\"https:\/\/rntl.ch\/fitness\/wp-content\/uploads\/sites\/3\/2020\/11\/cropped-rntl_logo_white_530x150.png\",\"width\":530,\"height\":150,\"caption\":\"RNTL Fitness\"},\"image\":{\"@id\":\"https:\/\/rntl.ch\/fitness\/#\/schema\/logo\/image\/\"}}]}<\/script>\n<!-- \/ Yoast SEO plugin. -->","yoast_head_json":{"title":"Kettler ALPHA RUN 200 - RNTL Fitness","description":"Miete, kaufe, oder finanziere f\u00fcr das Ausdauertraining zu Hause den Kettler ALPHA RUN 200 bei RNTL ganz bequem online. Sehr beliebtes Laufband.","robots":{"index":"index","follow":"follow","max-snippet":"max-snippet:-1","max-image-preview":"max-image-preview:large","max-video-preview":"max-video-preview:-1"},"canonical":"https:\/\/rntl.ch\/fitness\/produkt\/kettler-alpha-run-200\/","og_locale":"de_DE","og_type":"article","og_title":"Kettler ALPHA RUN 200 - RNTL Fitness","og_description":"Miete, kaufe, oder finanziere f\u00fcr das Ausdauertraining zu Hause den Kettler ALPHA RUN 200 bei RNTL ganz bequem online. Sehr beliebtes Laufband.","og_url":"https:\/\/rntl.ch\/fitness\/produkt\/kettler-alpha-run-200\/","og_site_name":"RNTL Fitness","article_modified_time":"2025-11-06T13:27:54+00:00","og_image":[{"width":1398,"height":1782,"url":"https:\/\/rntl.ch\/fitness\/wp-content\/uploads\/sites\/3\/2020\/10\/Bildschirmfoto-2020-10-19-um-16.52.11.png","type":"image\/png"}],"twitter_card":"summary_large_image","twitter_misc":{"Gesch\u00e4tzte Lesezeit":"1\u00a0Minute"},"schema":{"@context":"https:\/\/schema.org","@graph":[{"@type":"WebPage","@id":"https:\/\/rntl.ch\/fitness\/produkt\/kettler-alpha-run-200\/","url":"https:\/\/rntl.ch\/fitness\/produkt\/kettler-alpha-run-200\/","name":"Kettler ALPHA RUN 200 - RNTL Fitness","isPartOf":{"@id":"https:\/\/rntl.ch\/fitness\/#website"},"primaryImageOfPage":{"@id":"https:\/\/rntl.ch\/fitness\/produkt\/kettler-alpha-run-200\/#primaryimage"},"image":{"@id":"https:\/\/rntl.ch\/fitness\/produkt\/kettler-alpha-run-200\/#primaryimage"},"thumbnailUrl":"https:\/\/rntl.ch\/fitness\/wp-content\/uploads\/sites\/3\/2020\/10\/Bildschirmfoto-2020-10-19-um-16.52.11.png","datePublished":"2021-11-09T17:18:44+00:00","dateModified":"2025-11-06T13:27:54+00:00","description":"Miete, kaufe, oder finanziere f\u00fcr das Ausdauertraining zu Hause den Kettler ALPHA RUN 200 bei RNTL ganz bequem online. Sehr beliebtes Laufband.","breadcrumb":{"@id":"https:\/\/rntl.ch\/fitness\/produkt\/kettler-alpha-run-200\/#breadcrumb"},"inLanguage":"de","potentialAction":[{"@type":"ReadAction","target":["https:\/\/rntl.ch\/fitness\/produkt\/kettler-alpha-run-200\/"]}]},{"@type":"ImageObject","inLanguage":"de","@id":"https:\/\/rntl.ch\/fitness\/produkt\/kettler-alpha-run-200\/#primaryimage","url":"https:\/\/rntl.ch\/fitness\/wp-content\/uploads\/sites\/3\/2020\/10\/Bildschirmfoto-2020-10-19-um-16.52.11.png","contentUrl":"https:\/\/rntl.ch\/fitness\/wp-content\/uploads\/sites\/3\/2020\/10\/Bildschirmfoto-2020-10-19-um-16.52.11.png","width":1398,"height":1782},{"@type":"BreadcrumbList","@id":"https:\/\/rntl.ch\/fitness\/produkt\/kettler-alpha-run-200\/#breadcrumb","itemListElement":[{"@type":"ListItem","position":1,"name":"Startseite","item":"https:\/\/rntl.ch\/fitness\/"},{"@type":"ListItem","position":2,"name":"Shop","item":"https:\/\/rntl.ch\/fitness\/shop\/"},{"@type":"ListItem","position":3,"name":"Kettler ALPHA RUN 200"}]},{"@type":"WebSite","@id":"https:\/\/rntl.ch\/fitness\/#website","url":"https:\/\/rntl.ch\/fitness\/","name":"RNTL Fitness","description":"Mieten Einfach Anders","publisher":{"@id":"https:\/\/rntl.ch\/fitness\/#organization"},"potentialAction":[{"@type":"SearchAction","target":{"@type":"EntryPoint","urlTemplate":"https:\/\/rntl.ch\/fitness\/?s={search_term_string}"},"query-input":{"@type":"PropertyValueSpecification","valueRequired":true,"valueName":"search_term_string"}}],"inLanguage":"de"},{"@type":"Organization","@id":"https:\/\/rntl.ch\/fitness\/#organization","name":"RNTL Fitness","url":"https:\/\/rntl.ch\/fitness\/","logo":{"@type":"ImageObject","inLanguage":"de","@id":"https:\/\/rntl.ch\/fitness\/#\/schema\/logo\/image\/","url":"https:\/\/rntl.ch\/fitness\/wp-content\/uploads\/sites\/3\/2020\/11\/cropped-rntl_logo_white_530x150.png","contentUrl":"https:\/\/rntl.ch\/fitness\/wp-content\/uploads\/sites\/3\/2020\/11\/cropped-rntl_logo_white_530x150.png","width":530,"height":150,"caption":"RNTL Fitness"},"image":{"@id":"https:\/\/rntl.ch\/fitness\/#\/schema\/logo\/image\/"}}]}},"_links":{"self":[{"href":"https:\/\/rntl.ch\/fitness\/wp-json\/wp\/v2\/product\/14827","targetHints":{"allow":["GET"]}}],"collection":[{"href":"https:\/\/rntl.ch\/fitness\/wp-json\/wp\/v2\/product"}],"about":[{"href":"https:\/\/rntl.ch\/fitness\/wp-json\/wp\/v2\/types\/product"}],"version-history":[{"count":1,"href":"https:\/\/rntl.ch\/fitness\/wp-json\/wp\/v2\/product\/14827\/revisions"}],"predecessor-version":[{"id":27710,"href":"https:\/\/rntl.ch\/fitness\/wp-json\/wp\/v2\/product\/14827\/revisions\/27710"}],"wp:featuredmedia":[{"embeddable":true,"href":"https:\/\/rntl.ch\/fitness\/wp-json\/wp\/v2\/media\/8550"}],"wp:attachment":[{"href":"https:\/\/rntl.ch\/fitness\/wp-json\/wp\/v2\/media?parent=14827"}],"wp:term":[{"taxonomy":"product_brand","embeddable":true,"href":"https:\/\/rntl.ch\/fitness\/wp-json\/wp\/v2\/product_brand?post=14827"},{"taxonomy":"product_cat","embeddable":true,"href":"https:\/\/rntl.ch\/fitness\/wp-json\/wp\/v2\/product_cat?post=14827"},{"taxonomy":"product_tag","embeddable":true,"href":"https:\/\/rntl.ch\/fitness\/wp-json\/wp\/v2\/product_tag?post=14827"}],"curies":[{"name":"wp","href":"https:\/\/api.w.org\/{rel}","templated":true}]}}