{"id":14835,"date":"2021-11-09T18:23:05","date_gmt":"2021-11-09T17:23:05","guid":{"rendered":"https:\/\/rntl.ch\/fitness\/?post_type=product&#038;p=14835"},"modified":"2026-04-21T20:14:49","modified_gmt":"2026-04-21T18:14:49","slug":"kettler-ergometer-tour-400","status":"publish","type":"product","link":"https:\/\/rntl.ch\/fitness\/produkt\/kettler-ergometer-tour-400\/","title":{"rendered":"Kettler Ergometer Tour 400"},"content":{"rendered":"<ul>\n<li>Echtes Ergometer mit 2 Nutzermodi:<\/li>\n<li>AUTO Mode (drehzahlunabh\u00e4ngig): Der Nutzer gibt einen WATT-Zielwert vor. Die Bremsleistung regelt automatisch, um diesen WATT-Zielwert einzuhalten.<\/li>\n<li>MANU Mode (drehzahlabh\u00e4ngig): Der Nutzer w\u00e4hlt eine Bremsstufe (\u201eeinen Gang\u201c), die unabh\u00e4ngig von der Trittfrequenz eingelegt bleibt. Das Display zeigt den aktuell getretenen Watt-Wert an.<\/li>\n<li>Hochwertiger und leicht bedienbarer Trainingscomputer mit einfacher Men\u00fcf\u00fchrung,<\/li>\n<li>Speicherplatz f\u00fcr vier Personen und einen Gast, Anzeige der aktuellen Herzfrequenzzone, 10 Programmen und Programmeditor (incl. Einem herzfrequenz-orientierten Programm) sowie 7 verf\u00fcgbaren Sprachen (E, D, F, I, NL, PL, RUS)<\/li>\n<li>W\u00e4hrend des Trainings wird die aktuell getretene Leistung in WATT angezeigt<\/li>\n<li>Induktionsbremssystem mit 250 Watt Spitzenleistung im AUTO Modus.<\/li>\n<li>Antriebssystem mit sehr guten Rundlaufeigenschaften.<\/li>\n<li>(Trittqualit\u00e4tsindex 7,9 \u2013 Kupferveredelte Schwungmasse mit 6 kg Gesamtgewicht)<\/li>\n<li>Verl\u00e4sslich arretierbare und werkzeugfrei verstellbare KETTLER Sattelaufnahme mit hochwertigem BASIC FOAM Sattel.<\/li>\n<li>Pulsmessung \u00fcber Handpulssensoren, Nutzung eines Brustgurtes optional<\/li>\n<li>Inklusive Tablethalterung, Schwerpunktriemenpedalen, Transportrollen und H\u00f6henausgleich.<\/li>\n<li>Maximale Gewichtsbelastung: 130 Kg<\/li>\n<li>Aufstellmasse L\/B\/H (in cm): 119\/55\/137<\/li>\n<\/ul>\n","protected":false},"excerpt":{"rendered":"<p>Die eingebaute Halterung oberhalb des Displays erm\u00f6glicht die Nutzung eines Smartphones oder Tablets w\u00e4hrend der Trainingseinheit. Der Ergometer ist sehr laufruhig und eignet sich perfekt f\u00fcr die REHA Zuhause.<\/p>\n<ul>\n<li>Deutsches Benutzermenu<\/li>\n<li>Tiefer Einstieg, perfekt f\u00fcr REHA nach einer OP<\/li>\n<li>2 Jahre Herstellergarantie<\/li>\n<\/ul>\n<p><strong>Kaufpreis [woo_custom_field id=\"rntl_retail_price_field\"].-<\/strong><\/p>\n[rntl_page_content id=\"14687\"]\n","protected":false},"featured_media":8053,"template":"","meta":{"content-type":""},"product_brand":[155],"product_cat":[25],"product_tag":[24,112],"class_list":{"0":"post-14835","1":"product","2":"type-product","3":"status-publish","4":"has-post-thumbnail","6":"product_brand-kettler","7":"product_cat-hometrainer","8":"product_tag-geeignet-fuer-therapie","9":"product_tag-mieten","10":"product_shipping_class-leicht","11":"tm-no-options","13":"first","14":"instock","15":"taxable","16":"shipping-taxable","17":"purchasable","18":"product-type-variable-subscription","19":"has-default-attributes"},"yoast_head":"<!-- This site is optimized with the Yoast SEO plugin v26.3 - https:\/\/yoast.com\/wordpress\/plugins\/seo\/ -->\n<title>Kettler Ergometer Tour 400 - RNTL Fitness<\/title>\n<meta name=\"description\" content=\"Miete, kaufe, oder finanziere f\u00fcr das Ausdauertraining zu Hause den Kettler Ergometer Tour 400 bei RNTL. Der perfekte Ergometer f\u00fcr die REHA Zuhause.\" \/>\n<meta name=\"robots\" content=\"index, follow, max-snippet:-1, max-image-preview:large, max-video-preview:-1\" \/>\n<link rel=\"canonical\" href=\"https:\/\/rntl.ch\/fitness\/produkt\/kettler-ergometer-tour-400\/\" \/>\n<meta property=\"og:locale\" content=\"de_DE\" \/>\n<meta property=\"og:type\" content=\"article\" \/>\n<meta property=\"og:title\" content=\"Kettler Ergometer Tour 400 - RNTL Fitness\" \/>\n<meta property=\"og:description\" content=\"Miete, kaufe, oder finanziere f\u00fcr das Ausdauertraining zu Hause den Kettler Ergometer Tour 400 bei RNTL. Der perfekte Ergometer f\u00fcr die REHA Zuhause.\" \/>\n<meta property=\"og:url\" content=\"https:\/\/rntl.ch\/fitness\/produkt\/kettler-ergometer-tour-400\/\" \/>\n<meta property=\"og:site_name\" content=\"RNTL Fitness\" \/>\n<meta property=\"article:modified_time\" content=\"2026-04-21T18:14:49+00:00\" \/>\n<meta property=\"og:image\" content=\"https:\/\/rntl.ch\/fitness\/wp-content\/uploads\/sites\/3\/2020\/08\/EM1012-400-KETTLER-Ergometer-Tour-400-scaled.jpg\" \/>\n\t<meta property=\"og:image:width\" content=\"2560\" \/>\n\t<meta property=\"og:image:height\" content=\"2560\" \/>\n\t<meta property=\"og:image:type\" content=\"image\/jpeg\" \/>\n<meta name=\"twitter:card\" content=\"summary_large_image\" \/>\n<meta name=\"twitter:label1\" content=\"Gesch\u00e4tzte Lesezeit\" \/>\n\t<meta name=\"twitter:data1\" content=\"2\u00a0Minuten\" \/>\n<script type=\"application\/ld+json\" class=\"yoast-schema-graph\">{\"@context\":\"https:\/\/schema.org\",\"@graph\":[{\"@type\":\"WebPage\",\"@id\":\"https:\/\/rntl.ch\/fitness\/produkt\/kettler-ergometer-tour-400\/\",\"url\":\"https:\/\/rntl.ch\/fitness\/produkt\/kettler-ergometer-tour-400\/\",\"name\":\"Kettler Ergometer Tour 400 - RNTL Fitness\",\"isPartOf\":{\"@id\":\"https:\/\/rntl.ch\/fitness\/#website\"},\"primaryImageOfPage\":{\"@id\":\"https:\/\/rntl.ch\/fitness\/produkt\/kettler-ergometer-tour-400\/#primaryimage\"},\"image\":{\"@id\":\"https:\/\/rntl.ch\/fitness\/produkt\/kettler-ergometer-tour-400\/#primaryimage\"},\"thumbnailUrl\":\"https:\/\/rntl.ch\/fitness\/wp-content\/uploads\/sites\/3\/2020\/08\/EM1012-400-KETTLER-Ergometer-Tour-400-scaled.jpg\",\"datePublished\":\"2021-11-09T17:23:05+00:00\",\"dateModified\":\"2026-04-21T18:14:49+00:00\",\"description\":\"Miete, kaufe, oder finanziere f\u00fcr das Ausdauertraining zu Hause den Kettler Ergometer Tour 400 bei RNTL. Der perfekte Ergometer f\u00fcr die REHA Zuhause.\",\"breadcrumb\":{\"@id\":\"https:\/\/rntl.ch\/fitness\/produkt\/kettler-ergometer-tour-400\/#breadcrumb\"},\"inLanguage\":\"de\",\"potentialAction\":[{\"@type\":\"ReadAction\",\"target\":[\"https:\/\/rntl.ch\/fitness\/produkt\/kettler-ergometer-tour-400\/\"]}]},{\"@type\":\"ImageObject\",\"inLanguage\":\"de\",\"@id\":\"https:\/\/rntl.ch\/fitness\/produkt\/kettler-ergometer-tour-400\/#primaryimage\",\"url\":\"https:\/\/rntl.ch\/fitness\/wp-content\/uploads\/sites\/3\/2020\/08\/EM1012-400-KETTLER-Ergometer-Tour-400-scaled.jpg\",\"contentUrl\":\"https:\/\/rntl.ch\/fitness\/wp-content\/uploads\/sites\/3\/2020\/08\/EM1012-400-KETTLER-Ergometer-Tour-400-scaled.jpg\",\"width\":2560,\"height\":2560},{\"@type\":\"BreadcrumbList\",\"@id\":\"https:\/\/rntl.ch\/fitness\/produkt\/kettler-ergometer-tour-400\/#breadcrumb\",\"itemListElement\":[{\"@type\":\"ListItem\",\"position\":1,\"name\":\"Startseite\",\"item\":\"https:\/\/rntl.ch\/fitness\/\"},{\"@type\":\"ListItem\",\"position\":2,\"name\":\"Shop\",\"item\":\"https:\/\/rntl.ch\/fitness\/shop\/\"},{\"@type\":\"ListItem\",\"position\":3,\"name\":\"Kettler Ergometer Tour 400\"}]},{\"@type\":\"WebSite\",\"@id\":\"https:\/\/rntl.ch\/fitness\/#website\",\"url\":\"https:\/\/rntl.ch\/fitness\/\",\"name\":\"RNTL Fitness\",\"description\":\"Mieten Einfach Anders\",\"publisher\":{\"@id\":\"https:\/\/rntl.ch\/fitness\/#organization\"},\"potentialAction\":[{\"@type\":\"SearchAction\",\"target\":{\"@type\":\"EntryPoint\",\"urlTemplate\":\"https:\/\/rntl.ch\/fitness\/?s={search_term_string}\"},\"query-input\":{\"@type\":\"PropertyValueSpecification\",\"valueRequired\":true,\"valueName\":\"search_term_string\"}}],\"inLanguage\":\"de\"},{\"@type\":\"Organization\",\"@id\":\"https:\/\/rntl.ch\/fitness\/#organization\",\"name\":\"RNTL Fitness\",\"url\":\"https:\/\/rntl.ch\/fitness\/\",\"logo\":{\"@type\":\"ImageObject\",\"inLanguage\":\"de\",\"@id\":\"https:\/\/rntl.ch\/fitness\/#\/schema\/logo\/image\/\",\"url\":\"https:\/\/rntl.ch\/fitness\/wp-content\/uploads\/sites\/3\/2020\/11\/cropped-rntl_logo_white_530x150.png\",\"contentUrl\":\"https:\/\/rntl.ch\/fitness\/wp-content\/uploads\/sites\/3\/2020\/11\/cropped-rntl_logo_white_530x150.png\",\"width\":530,\"height\":150,\"caption\":\"RNTL Fitness\"},\"image\":{\"@id\":\"https:\/\/rntl.ch\/fitness\/#\/schema\/logo\/image\/\"}}]}<\/script>\n<!-- \/ Yoast SEO plugin. -->","yoast_head_json":{"title":"Kettler Ergometer Tour 400 - RNTL Fitness","description":"Miete, kaufe, oder finanziere f\u00fcr das Ausdauertraining zu Hause den Kettler Ergometer Tour 400 bei RNTL. Der perfekte Ergometer f\u00fcr die REHA Zuhause.","robots":{"index":"index","follow":"follow","max-snippet":"max-snippet:-1","max-image-preview":"max-image-preview:large","max-video-preview":"max-video-preview:-1"},"canonical":"https:\/\/rntl.ch\/fitness\/produkt\/kettler-ergometer-tour-400\/","og_locale":"de_DE","og_type":"article","og_title":"Kettler Ergometer Tour 400 - RNTL Fitness","og_description":"Miete, kaufe, oder finanziere f\u00fcr das Ausdauertraining zu Hause den Kettler Ergometer Tour 400 bei RNTL. Der perfekte Ergometer f\u00fcr die REHA Zuhause.","og_url":"https:\/\/rntl.ch\/fitness\/produkt\/kettler-ergometer-tour-400\/","og_site_name":"RNTL Fitness","article_modified_time":"2026-04-21T18:14:49+00:00","og_image":[{"width":2560,"height":2560,"url":"https:\/\/rntl.ch\/fitness\/wp-content\/uploads\/sites\/3\/2020\/08\/EM1012-400-KETTLER-Ergometer-Tour-400-scaled.jpg","type":"image\/jpeg"}],"twitter_card":"summary_large_image","twitter_misc":{"Gesch\u00e4tzte Lesezeit":"2\u00a0Minuten"},"schema":{"@context":"https:\/\/schema.org","@graph":[{"@type":"WebPage","@id":"https:\/\/rntl.ch\/fitness\/produkt\/kettler-ergometer-tour-400\/","url":"https:\/\/rntl.ch\/fitness\/produkt\/kettler-ergometer-tour-400\/","name":"Kettler Ergometer Tour 400 - RNTL Fitness","isPartOf":{"@id":"https:\/\/rntl.ch\/fitness\/#website"},"primaryImageOfPage":{"@id":"https:\/\/rntl.ch\/fitness\/produkt\/kettler-ergometer-tour-400\/#primaryimage"},"image":{"@id":"https:\/\/rntl.ch\/fitness\/produkt\/kettler-ergometer-tour-400\/#primaryimage"},"thumbnailUrl":"https:\/\/rntl.ch\/fitness\/wp-content\/uploads\/sites\/3\/2020\/08\/EM1012-400-KETTLER-Ergometer-Tour-400-scaled.jpg","datePublished":"2021-11-09T17:23:05+00:00","dateModified":"2026-04-21T18:14:49+00:00","description":"Miete, kaufe, oder finanziere f\u00fcr das Ausdauertraining zu Hause den Kettler Ergometer Tour 400 bei RNTL. Der perfekte Ergometer f\u00fcr die REHA Zuhause.","breadcrumb":{"@id":"https:\/\/rntl.ch\/fitness\/produkt\/kettler-ergometer-tour-400\/#breadcrumb"},"inLanguage":"de","potentialAction":[{"@type":"ReadAction","target":["https:\/\/rntl.ch\/fitness\/produkt\/kettler-ergometer-tour-400\/"]}]},{"@type":"ImageObject","inLanguage":"de","@id":"https:\/\/rntl.ch\/fitness\/produkt\/kettler-ergometer-tour-400\/#primaryimage","url":"https:\/\/rntl.ch\/fitness\/wp-content\/uploads\/sites\/3\/2020\/08\/EM1012-400-KETTLER-Ergometer-Tour-400-scaled.jpg","contentUrl":"https:\/\/rntl.ch\/fitness\/wp-content\/uploads\/sites\/3\/2020\/08\/EM1012-400-KETTLER-Ergometer-Tour-400-scaled.jpg","width":2560,"height":2560},{"@type":"BreadcrumbList","@id":"https:\/\/rntl.ch\/fitness\/produkt\/kettler-ergometer-tour-400\/#breadcrumb","itemListElement":[{"@type":"ListItem","position":1,"name":"Startseite","item":"https:\/\/rntl.ch\/fitness\/"},{"@type":"ListItem","position":2,"name":"Shop","item":"https:\/\/rntl.ch\/fitness\/shop\/"},{"@type":"ListItem","position":3,"name":"Kettler Ergometer Tour 400"}]},{"@type":"WebSite","@id":"https:\/\/rntl.ch\/fitness\/#website","url":"https:\/\/rntl.ch\/fitness\/","name":"RNTL Fitness","description":"Mieten Einfach Anders","publisher":{"@id":"https:\/\/rntl.ch\/fitness\/#organization"},"potentialAction":[{"@type":"SearchAction","target":{"@type":"EntryPoint","urlTemplate":"https:\/\/rntl.ch\/fitness\/?s={search_term_string}"},"query-input":{"@type":"PropertyValueSpecification","valueRequired":true,"valueName":"search_term_string"}}],"inLanguage":"de"},{"@type":"Organization","@id":"https:\/\/rntl.ch\/fitness\/#organization","name":"RNTL Fitness","url":"https:\/\/rntl.ch\/fitness\/","logo":{"@type":"ImageObject","inLanguage":"de","@id":"https:\/\/rntl.ch\/fitness\/#\/schema\/logo\/image\/","url":"https:\/\/rntl.ch\/fitness\/wp-content\/uploads\/sites\/3\/2020\/11\/cropped-rntl_logo_white_530x150.png","contentUrl":"https:\/\/rntl.ch\/fitness\/wp-content\/uploads\/sites\/3\/2020\/11\/cropped-rntl_logo_white_530x150.png","width":530,"height":150,"caption":"RNTL Fitness"},"image":{"@id":"https:\/\/rntl.ch\/fitness\/#\/schema\/logo\/image\/"}}]}},"_links":{"self":[{"href":"https:\/\/rntl.ch\/fitness\/wp-json\/wp\/v2\/product\/14835","targetHints":{"allow":["GET"]}}],"collection":[{"href":"https:\/\/rntl.ch\/fitness\/wp-json\/wp\/v2\/product"}],"about":[{"href":"https:\/\/rntl.ch\/fitness\/wp-json\/wp\/v2\/types\/product"}],"version-history":[{"count":6,"href":"https:\/\/rntl.ch\/fitness\/wp-json\/wp\/v2\/product\/14835\/revisions"}],"predecessor-version":[{"id":28623,"href":"https:\/\/rntl.ch\/fitness\/wp-json\/wp\/v2\/product\/14835\/revisions\/28623"}],"wp:featuredmedia":[{"embeddable":true,"href":"https:\/\/rntl.ch\/fitness\/wp-json\/wp\/v2\/media\/8053"}],"wp:attachment":[{"href":"https:\/\/rntl.ch\/fitness\/wp-json\/wp\/v2\/media?parent=14835"}],"wp:term":[{"taxonomy":"product_brand","embeddable":true,"href":"https:\/\/rntl.ch\/fitness\/wp-json\/wp\/v2\/product_brand?post=14835"},{"taxonomy":"product_cat","embeddable":true,"href":"https:\/\/rntl.ch\/fitness\/wp-json\/wp\/v2\/product_cat?post=14835"},{"taxonomy":"product_tag","embeddable":true,"href":"https:\/\/rntl.ch\/fitness\/wp-json\/wp\/v2\/product_tag?post=14835"}],"curies":[{"name":"wp","href":"https:\/\/api.w.org\/{rel}","templated":true}]}}