{"id":14859,"date":"2021-11-10T10:13:48","date_gmt":"2021-11-10T09:13:48","guid":{"rendered":"https:\/\/rntl.ch\/fitness\/?post_type=product&#038;p=14859"},"modified":"2026-01-12T15:44:00","modified_gmt":"2026-01-12T14:44:00","slug":"wahoo-kickr-core","status":"publish","type":"product","link":"https:\/\/rntl.ch\/fitness\/produkt\/wahoo-kickr-core\/","title":{"rendered":"WAHOO KICKR CORE 2"},"content":{"rendered":"<div class=\"cyc-margin_bottom-4\">\n<div id=\"short-productdescription\" class=\"description\">\n<div>Der neue\u00a0<b>KICKR CORE 2<\/b>\u00a0bringt dir das legend\u00e4re KICKR-Fahrgef\u00fchl nach Hause \u2013 leise, realistisch und zuverl\u00e4ssig. Entwickelt f\u00fcr den t\u00e4glichen Einsatz, vereint er professionelle Trainingsfeatures mit einem attraktiven Preis-Leistungs-Verh\u00e4ltnis.<\/p>\n<p>Ausgestattet mit einer 11-Gang-Kassette, neuer WLAN-Konnektivit\u00e4t und KICKR BRIDGE als integriertem Sensor-Hub, er\u00f6ffnet dir der CORE 2 vielf\u00e4ltige M\u00f6glichkeiten f\u00fcr ein nahtloses Training. Damit bist du bestens ger\u00fcstet, wenn du regelm\u00e4ssig trainierst und mehr von deinem Indoor-Trainer erwartest.<\/p>\n<p>\u2013 Legend\u00e4res KICKR-Fahrgef\u00fchl mit realistischer Performance<\/p><\/div>\n<div>\u2013 Leiser Direktantrieb f\u00fcr st\u00f6rungsfreies Training<\/div>\n<div>\u2013 11-Gang-Kassette bereits vormontiert<\/div>\n<div>\u2013 WLAN-Konnektivit\u00e4t f\u00fcr stabile, schnelle Daten\u00fcbertragung<\/div>\n<div>\u2013 KICKR BRIDGE: integrierter Sensor-Hub f\u00fcr vielseitige Nutzung<\/div>\n<div>\u2013 Optimales Preis-\/Leistungsverh\u00e4ltnis<\/div>\n<\/div>\n<\/div>\n<div class=\"is-inlineblock\"><\/div>\n","protected":false},"excerpt":{"rendered":"<div class=\"cyc-margin_bottom-4\">\n<div id=\"short-productdescription\" class=\"description\">\n<p>Der neue\u00a0<b>KICKR CORE 2<\/b>\u00a0bringt dir das legend\u00e4re KICKR-Fahrgef\u00fchl nach Hause<br \/>\n<strong>Kaufpreis [woo_custom_field id=\"rntl_retail_price_field\"].-<\/strong><\/p>\n[rntl_page_content id=\"14687\"]\n<\/div>\n<\/div>\n","protected":false},"featured_media":38385,"template":"","meta":{"content-type":""},"product_brand":[164],"product_cat":[99],"product_tag":[112],"class_list":{"0":"post-14859","1":"product","2":"type-product","3":"status-publish","4":"has-post-thumbnail","6":"product_brand-wahoo","7":"product_cat-indoor-cycling","8":"product_tag-mieten","9":"product_shipping_class-leicht","10":"tm-no-options","12":"first","13":"instock","14":"taxable","15":"shipping-taxable","16":"purchasable","17":"product-type-variable-subscription","18":"has-default-attributes"},"yoast_head":"<!-- This site is optimized with the Yoast SEO plugin v26.3 - https:\/\/yoast.com\/wordpress\/plugins\/seo\/ -->\n<title>WAHOO KICKR CORE 2 - RNTL Fitness<\/title>\n<meta name=\"description\" content=\"Miete, kaufe, oder finanziere f\u00fcr das Ausdauertraining zu Hause den WAHOO KICKR CORE bei RNTL. Jetzt mieten auf RNTL Fitness.\" \/>\n<meta name=\"robots\" content=\"index, follow, max-snippet:-1, max-image-preview:large, max-video-preview:-1\" \/>\n<link rel=\"canonical\" href=\"https:\/\/rntl.ch\/fitness\/produkt\/wahoo-kickr-core\/\" \/>\n<meta property=\"og:locale\" content=\"de_DE\" \/>\n<meta property=\"og:type\" content=\"article\" \/>\n<meta property=\"og:title\" content=\"WAHOO KICKR CORE 2 - RNTL Fitness\" \/>\n<meta property=\"og:description\" content=\"Miete, kaufe, oder finanziere f\u00fcr das Ausdauertraining zu Hause den WAHOO KICKR CORE bei RNTL. Jetzt mieten auf RNTL Fitness.\" \/>\n<meta property=\"og:url\" content=\"https:\/\/rntl.ch\/fitness\/produkt\/wahoo-kickr-core\/\" \/>\n<meta property=\"og:site_name\" content=\"RNTL Fitness\" \/>\n<meta property=\"article:modified_time\" content=\"2026-01-12T14:44:00+00:00\" \/>\n<meta property=\"og:image\" content=\"https:\/\/rntl.ch\/fitness\/wp-content\/uploads\/sites\/3\/2021\/10\/wahoo-fitness-kickr-core-indoor-trainer-1.jpeg\" \/>\n\t<meta property=\"og:image:width\" content=\"613\" \/>\n\t<meta property=\"og:image:height\" content=\"613\" \/>\n\t<meta property=\"og:image:type\" content=\"image\/jpeg\" \/>\n<meta name=\"twitter:card\" content=\"summary_large_image\" \/>\n<meta name=\"twitter:label1\" content=\"Gesch\u00e4tzte Lesezeit\" \/>\n\t<meta name=\"twitter:data1\" content=\"1\u00a0Minute\" \/>\n<script type=\"application\/ld+json\" class=\"yoast-schema-graph\">{\"@context\":\"https:\/\/schema.org\",\"@graph\":[{\"@type\":\"WebPage\",\"@id\":\"https:\/\/rntl.ch\/fitness\/produkt\/wahoo-kickr-core\/\",\"url\":\"https:\/\/rntl.ch\/fitness\/produkt\/wahoo-kickr-core\/\",\"name\":\"WAHOO KICKR CORE 2 - RNTL Fitness\",\"isPartOf\":{\"@id\":\"https:\/\/rntl.ch\/fitness\/#website\"},\"primaryImageOfPage\":{\"@id\":\"https:\/\/rntl.ch\/fitness\/produkt\/wahoo-kickr-core\/#primaryimage\"},\"image\":{\"@id\":\"https:\/\/rntl.ch\/fitness\/produkt\/wahoo-kickr-core\/#primaryimage\"},\"thumbnailUrl\":\"https:\/\/rntl.ch\/fitness\/wp-content\/uploads\/sites\/3\/2021\/11\/1-4.png\",\"datePublished\":\"2021-11-10T09:13:48+00:00\",\"dateModified\":\"2026-01-12T14:44:00+00:00\",\"description\":\"Miete, kaufe, oder finanziere f\u00fcr das Ausdauertraining zu Hause den WAHOO KICKR CORE bei RNTL. Jetzt mieten auf RNTL Fitness.\",\"breadcrumb\":{\"@id\":\"https:\/\/rntl.ch\/fitness\/produkt\/wahoo-kickr-core\/#breadcrumb\"},\"inLanguage\":\"de\",\"potentialAction\":[{\"@type\":\"ReadAction\",\"target\":[\"https:\/\/rntl.ch\/fitness\/produkt\/wahoo-kickr-core\/\"]}]},{\"@type\":\"ImageObject\",\"inLanguage\":\"de\",\"@id\":\"https:\/\/rntl.ch\/fitness\/produkt\/wahoo-kickr-core\/#primaryimage\",\"url\":\"https:\/\/rntl.ch\/fitness\/wp-content\/uploads\/sites\/3\/2021\/11\/1-4.png\",\"contentUrl\":\"https:\/\/rntl.ch\/fitness\/wp-content\/uploads\/sites\/3\/2021\/11\/1-4.png\",\"width\":500,\"height\":500},{\"@type\":\"BreadcrumbList\",\"@id\":\"https:\/\/rntl.ch\/fitness\/produkt\/wahoo-kickr-core\/#breadcrumb\",\"itemListElement\":[{\"@type\":\"ListItem\",\"position\":1,\"name\":\"Startseite\",\"item\":\"https:\/\/rntl.ch\/fitness\/\"},{\"@type\":\"ListItem\",\"position\":2,\"name\":\"Shop\",\"item\":\"https:\/\/rntl.ch\/fitness\/shop\/\"},{\"@type\":\"ListItem\",\"position\":3,\"name\":\"WAHOO KICKR CORE\"}]},{\"@type\":\"WebSite\",\"@id\":\"https:\/\/rntl.ch\/fitness\/#website\",\"url\":\"https:\/\/rntl.ch\/fitness\/\",\"name\":\"RNTL Fitness\",\"description\":\"Mieten Einfach Anders\",\"publisher\":{\"@id\":\"https:\/\/rntl.ch\/fitness\/#organization\"},\"potentialAction\":[{\"@type\":\"SearchAction\",\"target\":{\"@type\":\"EntryPoint\",\"urlTemplate\":\"https:\/\/rntl.ch\/fitness\/?s={search_term_string}\"},\"query-input\":{\"@type\":\"PropertyValueSpecification\",\"valueRequired\":true,\"valueName\":\"search_term_string\"}}],\"inLanguage\":\"de\"},{\"@type\":\"Organization\",\"@id\":\"https:\/\/rntl.ch\/fitness\/#organization\",\"name\":\"RNTL Fitness\",\"url\":\"https:\/\/rntl.ch\/fitness\/\",\"logo\":{\"@type\":\"ImageObject\",\"inLanguage\":\"de\",\"@id\":\"https:\/\/rntl.ch\/fitness\/#\/schema\/logo\/image\/\",\"url\":\"https:\/\/rntl.ch\/fitness\/wp-content\/uploads\/sites\/3\/2020\/11\/cropped-rntl_logo_white_530x150.png\",\"contentUrl\":\"https:\/\/rntl.ch\/fitness\/wp-content\/uploads\/sites\/3\/2020\/11\/cropped-rntl_logo_white_530x150.png\",\"width\":530,\"height\":150,\"caption\":\"RNTL Fitness\"},\"image\":{\"@id\":\"https:\/\/rntl.ch\/fitness\/#\/schema\/logo\/image\/\"}}]}<\/script>\n<!-- \/ Yoast SEO plugin. -->","yoast_head_json":{"title":"WAHOO KICKR CORE 2 - RNTL Fitness","description":"Miete, kaufe, oder finanziere f\u00fcr das Ausdauertraining zu Hause den WAHOO KICKR CORE bei RNTL. Jetzt mieten auf RNTL Fitness.","robots":{"index":"index","follow":"follow","max-snippet":"max-snippet:-1","max-image-preview":"max-image-preview:large","max-video-preview":"max-video-preview:-1"},"canonical":"https:\/\/rntl.ch\/fitness\/produkt\/wahoo-kickr-core\/","og_locale":"de_DE","og_type":"article","og_title":"WAHOO KICKR CORE 2 - RNTL Fitness","og_description":"Miete, kaufe, oder finanziere f\u00fcr das Ausdauertraining zu Hause den WAHOO KICKR CORE bei RNTL. Jetzt mieten auf RNTL Fitness.","og_url":"https:\/\/rntl.ch\/fitness\/produkt\/wahoo-kickr-core\/","og_site_name":"RNTL Fitness","article_modified_time":"2026-01-12T14:44:00+00:00","og_image":[{"width":613,"height":613,"url":"https:\/\/rntl.ch\/fitness\/wp-content\/uploads\/sites\/3\/2021\/10\/wahoo-fitness-kickr-core-indoor-trainer-1.jpeg","type":"image\/jpeg"}],"twitter_card":"summary_large_image","twitter_misc":{"Gesch\u00e4tzte Lesezeit":"1\u00a0Minute"},"schema":{"@context":"https:\/\/schema.org","@graph":[{"@type":"WebPage","@id":"https:\/\/rntl.ch\/fitness\/produkt\/wahoo-kickr-core\/","url":"https:\/\/rntl.ch\/fitness\/produkt\/wahoo-kickr-core\/","name":"WAHOO KICKR CORE 2 - RNTL Fitness","isPartOf":{"@id":"https:\/\/rntl.ch\/fitness\/#website"},"primaryImageOfPage":{"@id":"https:\/\/rntl.ch\/fitness\/produkt\/wahoo-kickr-core\/#primaryimage"},"image":{"@id":"https:\/\/rntl.ch\/fitness\/produkt\/wahoo-kickr-core\/#primaryimage"},"thumbnailUrl":"https:\/\/rntl.ch\/fitness\/wp-content\/uploads\/sites\/3\/2021\/11\/1-4.png","datePublished":"2021-11-10T09:13:48+00:00","dateModified":"2026-01-12T14:44:00+00:00","description":"Miete, kaufe, oder finanziere f\u00fcr das Ausdauertraining zu Hause den WAHOO KICKR CORE bei RNTL. Jetzt mieten auf RNTL Fitness.","breadcrumb":{"@id":"https:\/\/rntl.ch\/fitness\/produkt\/wahoo-kickr-core\/#breadcrumb"},"inLanguage":"de","potentialAction":[{"@type":"ReadAction","target":["https:\/\/rntl.ch\/fitness\/produkt\/wahoo-kickr-core\/"]}]},{"@type":"ImageObject","inLanguage":"de","@id":"https:\/\/rntl.ch\/fitness\/produkt\/wahoo-kickr-core\/#primaryimage","url":"https:\/\/rntl.ch\/fitness\/wp-content\/uploads\/sites\/3\/2021\/11\/1-4.png","contentUrl":"https:\/\/rntl.ch\/fitness\/wp-content\/uploads\/sites\/3\/2021\/11\/1-4.png","width":500,"height":500},{"@type":"BreadcrumbList","@id":"https:\/\/rntl.ch\/fitness\/produkt\/wahoo-kickr-core\/#breadcrumb","itemListElement":[{"@type":"ListItem","position":1,"name":"Startseite","item":"https:\/\/rntl.ch\/fitness\/"},{"@type":"ListItem","position":2,"name":"Shop","item":"https:\/\/rntl.ch\/fitness\/shop\/"},{"@type":"ListItem","position":3,"name":"WAHOO KICKR CORE"}]},{"@type":"WebSite","@id":"https:\/\/rntl.ch\/fitness\/#website","url":"https:\/\/rntl.ch\/fitness\/","name":"RNTL Fitness","description":"Mieten Einfach Anders","publisher":{"@id":"https:\/\/rntl.ch\/fitness\/#organization"},"potentialAction":[{"@type":"SearchAction","target":{"@type":"EntryPoint","urlTemplate":"https:\/\/rntl.ch\/fitness\/?s={search_term_string}"},"query-input":{"@type":"PropertyValueSpecification","valueRequired":true,"valueName":"search_term_string"}}],"inLanguage":"de"},{"@type":"Organization","@id":"https:\/\/rntl.ch\/fitness\/#organization","name":"RNTL Fitness","url":"https:\/\/rntl.ch\/fitness\/","logo":{"@type":"ImageObject","inLanguage":"de","@id":"https:\/\/rntl.ch\/fitness\/#\/schema\/logo\/image\/","url":"https:\/\/rntl.ch\/fitness\/wp-content\/uploads\/sites\/3\/2020\/11\/cropped-rntl_logo_white_530x150.png","contentUrl":"https:\/\/rntl.ch\/fitness\/wp-content\/uploads\/sites\/3\/2020\/11\/cropped-rntl_logo_white_530x150.png","width":530,"height":150,"caption":"RNTL Fitness"},"image":{"@id":"https:\/\/rntl.ch\/fitness\/#\/schema\/logo\/image\/"}}]}},"_links":{"self":[{"href":"https:\/\/rntl.ch\/fitness\/wp-json\/wp\/v2\/product\/14859","targetHints":{"allow":["GET"]}}],"collection":[{"href":"https:\/\/rntl.ch\/fitness\/wp-json\/wp\/v2\/product"}],"about":[{"href":"https:\/\/rntl.ch\/fitness\/wp-json\/wp\/v2\/types\/product"}],"version-history":[{"count":2,"href":"https:\/\/rntl.ch\/fitness\/wp-json\/wp\/v2\/product\/14859\/revisions"}],"predecessor-version":[{"id":31020,"href":"https:\/\/rntl.ch\/fitness\/wp-json\/wp\/v2\/product\/14859\/revisions\/31020"}],"wp:featuredmedia":[{"embeddable":true,"href":"https:\/\/rntl.ch\/fitness\/wp-json\/wp\/v2\/media\/38385"}],"wp:attachment":[{"href":"https:\/\/rntl.ch\/fitness\/wp-json\/wp\/v2\/media?parent=14859"}],"wp:term":[{"taxonomy":"product_brand","embeddable":true,"href":"https:\/\/rntl.ch\/fitness\/wp-json\/wp\/v2\/product_brand?post=14859"},{"taxonomy":"product_cat","embeddable":true,"href":"https:\/\/rntl.ch\/fitness\/wp-json\/wp\/v2\/product_cat?post=14859"},{"taxonomy":"product_tag","embeddable":true,"href":"https:\/\/rntl.ch\/fitness\/wp-json\/wp\/v2\/product_tag?post=14859"}],"curies":[{"name":"wp","href":"https:\/\/api.w.org\/{rel}","templated":true}]}}