{"id":14866,"date":"2021-11-10T10:00:56","date_gmt":"2021-11-10T09:00:56","guid":{"rendered":"https:\/\/rntl.ch\/fitness\/?post_type=product&#038;p=14866"},"modified":"2024-02-27T14:09:44","modified_gmt":"2024-02-27T13:09:44","slug":"wahoo-kickr-v5","status":"publish","type":"product","link":"https:\/\/rntl.ch\/fitness\/produkt\/wahoo-kickr-v5\/","title":{"rendered":"Wahoo KICKR v5"},"content":{"rendered":"<p>\u2013 KICKR-Version V5 (hergestellt ab August 2020) sdd<\/p>\n<p>\u2013 Produktabmessungen: 51 \u00d7 71 \u00d7 44 cm (mit ausgeklappten Beinen)<\/p>\n<p>\u2013 Gewicht: 22 kg<\/p>\n<p>\u2013 Antrieb: Riemenantrieb<\/p>\n<p>\u2013 Widerstand: Elektromagnetisch<\/p>\n<p>\u2013 Genauigkeit: +\/- 1 %<\/p>\n<p>\u2013 Drahtlose Software-Updates: Ja, \u00fcber die Wahoo Fitness-App<\/p>\n<p>\u2013 Konnektivit\u00e4t: ANT+, FE-C, Bluetooth<\/p>\n<p>\u2013 Max. Benutzergewicht: 114 kg<\/p>\n<p>\u2013 Gewicht des Schwungrads: 7.3 kg<\/p>\n<p>\u2013 Steigung\/Gef\u00e4lle: +20\/-10 %<\/p>\n<p>\u2013 Maximale Ausgangsleistung: 2200 Watt<\/p>\n<p>\u2013 H\u00f6henanpassung Hinterrad f\u00fcr folgende Radgr\u00f6ssen: 24 Zoll \/ 24 Zoll MTB\u00a0\/\u00a0650C\u00a0\/\u00a026 Zoll MTB\u00a0\/\u00a0700C\u00a0\/\u00a0650B MTB\u00a0\/\u00a029 Zoll MTB<\/p>\n<p>\u2013 Kassette: inkl. (11-28) auf Shimano-Body. XD(R) sowie Campagnolo-Freil\u00e4ufe sind separat erh\u00e4ltlich<\/p>\n<p>\u2013 Nabenarten (alles inklusive): 130\/135 mm QR, 12 x 142 und 12 x 148 Steckachse<\/p>\n<p>\u2013 Kompatibel mit KICKR CLIMB und HEADWIND<\/p>\n<p>\u2013 RPM Speed und Trittfrequenz: Nicht erforderlich<\/p>\n<p>\u2013 Vorderradblock: Nicht erforderlich<\/p>\n<p>\u2013 Scheibenbremsenabstand: Ja<\/p>\n<p>Wird inklusive den neuen AXIS-F\u00fcssen in 3 H\u00e4rten geliefert.<\/p>\n<p>ACHTUNG: Die folgenden Bikes sind NICHT mit dem KICKR V5\/18\/CORE kompatibel. Wahoo wird einen entsprechenden Adapter voraussichtliche zu Beginn Q3 auf den Markt bringen.<\/p>\n<p>\u2013 2021 Trek Emonda<br \/>\n\u2013 2020-2021 Trek Domane &amp; Madone<br \/>\n\u2013 2021 Giant TCR Advanced Pro 0\/Zero Disc<br \/>\n\u2013 2020+ Cervelo S5\u00a0mit\u00a0R.A.T. Steckachse<br \/>\n\u2013 2020+ Focus Mares mit\u00a0R.A.T.\u00a0Steckachse<br \/>\n\u2013 Lauf True Grit<\/p>\n<p><iframe title=\"Wahoo KICKR Smart Trainer: Ride the Revolution\" width=\"980\" height=\"551\" src=\"https:\/\/www.youtube.com\/embed\/tB49RrFMfRw?feature=oembed\" frameborder=\"0\" allow=\"accelerometer; autoplay; clipboard-write; encrypted-media; gyroscope; picture-in-picture; web-share\" allowfullscreen><\/iframe><\/p>\n","protected":false},"excerpt":{"rendered":"<div class=\"short-description\">\n<div class=\"std\">\n<p class=\"sku\">SKU: WOO-WFBKTR120<\/p>\n<div class=\"short-description\">\n<div class=\"std\">\n<p>Ultimative Leistung, Genauigkeit und Reaktionsf\u00e4higkeit: Der KICKR V5 Smart Trainer ist mit den seitlichen Bewegungen der AXIS beweglichen St\u00fctzen noch realistischer. Ob auf einer virtuellen Trainingsfahrt oder bei einem Intervalltraining mit hoher Intensit\u00e4t \u2013 KICKR AXIS gibt dir mit einer Reaktion auf Fahrgeschwindigkeit und \u00c4nderungen der Position sofortiges Feedback. Dank 5\u00b0 seitlicher Bewegung f\u00fchlt sich das Indoor-Training mehr wie eine Fahrt im Freien an.<\/p>\n<p>Neu macht die neue automatischen Kalibrierung der Version V5 regelm\u00e4ssige Spindowns \u00fcberfl\u00fcssig und erh\u00f6ht die Genauigkeit auf +\/- 1 %.<\/p>\n<p>Der KICKR bietet auch weiterhin das klassenbeste station\u00e4re Smart Trainer-Design mit seinem Carbon-Stahlrahmen, um Stabilit\u00e4t und Langlebigkeit zu garantieren und den Anforderungen aller Radsportler gerecht zu werden. Die unvergleichliche Kompatibilit\u00e4t umfasst nun drei gleichzeitige Bluetooth-Verbindungen, die f\u00fcr einen sorgenfreien Start ins Workout sorgen.<\/p>\n<\/div>\n<\/div>\n<\/div>\n<\/div>\n<p><strong>Neupreis [woo_custom_field id=\"rntl_retail_price_field\"].-<\/strong><\/p>\n[rntl_page_content id=\"14687\"]\n","protected":false},"featured_media":14412,"template":"","meta":{"content-type":""},"product_brand":[],"product_cat":[99,32],"product_tag":[112],"class_list":{"0":"post-14866","1":"product","2":"type-product","3":"status-publish","4":"has-post-thumbnail","6":"product_cat-indoor-cycling","7":"product_cat-zusatzausruestung","8":"product_tag-mieten","9":"product_shipping_class-leicht","10":"tm-no-options","12":"first","13":"onbackorder","14":"taxable","15":"shipping-taxable","16":"purchasable","17":"product-type-variable-subscription","18":"has-default-attributes"},"yoast_head":"<!-- This site is optimized with the Yoast SEO plugin v26.3 - https:\/\/yoast.com\/wordpress\/plugins\/seo\/ -->\n<title>Wahoo KICKR v5 - RNTL Fitness<\/title>\n<meta name=\"description\" content=\"Miete, kaufe, oder finanziere f\u00fcr das Ausdauertraining zu Hause den Wahoo KICKR v5 bei RNTL.\" \/>\n<meta name=\"robots\" content=\"index, follow, max-snippet:-1, max-image-preview:large, max-video-preview:-1\" \/>\n<link rel=\"canonical\" href=\"https:\/\/rntl.ch\/fitness\/produkt\/wahoo-kickr-v5\/\" \/>\n<meta property=\"og:locale\" content=\"de_DE\" \/>\n<meta property=\"og:type\" content=\"article\" \/>\n<meta property=\"og:title\" content=\"Wahoo KICKR v5 - RNTL Fitness\" \/>\n<meta property=\"og:description\" content=\"Miete, kaufe, oder finanziere f\u00fcr das Ausdauertraining zu Hause den Wahoo KICKR v5 bei RNTL.\" \/>\n<meta property=\"og:url\" content=\"https:\/\/rntl.ch\/fitness\/produkt\/wahoo-kickr-v5\/\" \/>\n<meta property=\"og:site_name\" content=\"RNTL Fitness\" \/>\n<meta property=\"article:modified_time\" content=\"2024-02-27T13:09:44+00:00\" \/>\n<meta property=\"og:image\" content=\"https:\/\/rntl.ch\/fitness\/wp-content\/uploads\/sites\/3\/2021\/10\/wahoo-kickr-v5-indoor-trainer-1.jpeg\" \/>\n\t<meta property=\"og:image:width\" content=\"613\" \/>\n\t<meta property=\"og:image:height\" content=\"613\" \/>\n\t<meta property=\"og:image:type\" content=\"image\/jpeg\" \/>\n<meta name=\"twitter:card\" content=\"summary_large_image\" \/>\n<meta name=\"twitter:label1\" content=\"Gesch\u00e4tzte Lesezeit\" \/>\n\t<meta name=\"twitter:data1\" content=\"1\u00a0Minute\" \/>\n<script type=\"application\/ld+json\" class=\"yoast-schema-graph\">{\"@context\":\"https:\/\/schema.org\",\"@graph\":[{\"@type\":\"WebPage\",\"@id\":\"https:\/\/rntl.ch\/fitness\/produkt\/wahoo-kickr-v5\/\",\"url\":\"https:\/\/rntl.ch\/fitness\/produkt\/wahoo-kickr-v5\/\",\"name\":\"Wahoo KICKR v5 - RNTL Fitness\",\"isPartOf\":{\"@id\":\"https:\/\/rntl.ch\/fitness\/#website\"},\"primaryImageOfPage\":{\"@id\":\"https:\/\/rntl.ch\/fitness\/produkt\/wahoo-kickr-v5\/#primaryimage\"},\"image\":{\"@id\":\"https:\/\/rntl.ch\/fitness\/produkt\/wahoo-kickr-v5\/#primaryimage\"},\"thumbnailUrl\":\"https:\/\/rntl.ch\/fitness\/wp-content\/uploads\/sites\/3\/2021\/10\/wahoo-kickr-v5-indoor-trainer-1.jpeg\",\"datePublished\":\"2021-11-10T09:00:56+00:00\",\"dateModified\":\"2024-02-27T13:09:44+00:00\",\"description\":\"Miete, kaufe, oder finanziere f\u00fcr das Ausdauertraining zu Hause den Wahoo KICKR v5 bei RNTL.\",\"breadcrumb\":{\"@id\":\"https:\/\/rntl.ch\/fitness\/produkt\/wahoo-kickr-v5\/#breadcrumb\"},\"inLanguage\":\"de\",\"potentialAction\":[{\"@type\":\"ReadAction\",\"target\":[\"https:\/\/rntl.ch\/fitness\/produkt\/wahoo-kickr-v5\/\"]}]},{\"@type\":\"ImageObject\",\"inLanguage\":\"de\",\"@id\":\"https:\/\/rntl.ch\/fitness\/produkt\/wahoo-kickr-v5\/#primaryimage\",\"url\":\"https:\/\/rntl.ch\/fitness\/wp-content\/uploads\/sites\/3\/2021\/10\/wahoo-kickr-v5-indoor-trainer-1.jpeg\",\"contentUrl\":\"https:\/\/rntl.ch\/fitness\/wp-content\/uploads\/sites\/3\/2021\/10\/wahoo-kickr-v5-indoor-trainer-1.jpeg\",\"width\":613,\"height\":613},{\"@type\":\"BreadcrumbList\",\"@id\":\"https:\/\/rntl.ch\/fitness\/produkt\/wahoo-kickr-v5\/#breadcrumb\",\"itemListElement\":[{\"@type\":\"ListItem\",\"position\":1,\"name\":\"Startseite\",\"item\":\"https:\/\/rntl.ch\/fitness\/\"},{\"@type\":\"ListItem\",\"position\":2,\"name\":\"Shop\",\"item\":\"https:\/\/rntl.ch\/fitness\/shop\/\"},{\"@type\":\"ListItem\",\"position\":3,\"name\":\"Wahoo KICKR v5\"}]},{\"@type\":\"WebSite\",\"@id\":\"https:\/\/rntl.ch\/fitness\/#website\",\"url\":\"https:\/\/rntl.ch\/fitness\/\",\"name\":\"RNTL Fitness\",\"description\":\"Mieten Einfach Anders\",\"publisher\":{\"@id\":\"https:\/\/rntl.ch\/fitness\/#organization\"},\"potentialAction\":[{\"@type\":\"SearchAction\",\"target\":{\"@type\":\"EntryPoint\",\"urlTemplate\":\"https:\/\/rntl.ch\/fitness\/?s={search_term_string}\"},\"query-input\":{\"@type\":\"PropertyValueSpecification\",\"valueRequired\":true,\"valueName\":\"search_term_string\"}}],\"inLanguage\":\"de\"},{\"@type\":\"Organization\",\"@id\":\"https:\/\/rntl.ch\/fitness\/#organization\",\"name\":\"RNTL Fitness\",\"url\":\"https:\/\/rntl.ch\/fitness\/\",\"logo\":{\"@type\":\"ImageObject\",\"inLanguage\":\"de\",\"@id\":\"https:\/\/rntl.ch\/fitness\/#\/schema\/logo\/image\/\",\"url\":\"https:\/\/rntl.ch\/fitness\/wp-content\/uploads\/sites\/3\/2020\/11\/cropped-rntl_logo_white_530x150.png\",\"contentUrl\":\"https:\/\/rntl.ch\/fitness\/wp-content\/uploads\/sites\/3\/2020\/11\/cropped-rntl_logo_white_530x150.png\",\"width\":530,\"height\":150,\"caption\":\"RNTL Fitness\"},\"image\":{\"@id\":\"https:\/\/rntl.ch\/fitness\/#\/schema\/logo\/image\/\"}}]}<\/script>\n<!-- \/ Yoast SEO plugin. -->","yoast_head_json":{"title":"Wahoo KICKR v5 - RNTL Fitness","description":"Miete, kaufe, oder finanziere f\u00fcr das Ausdauertraining zu Hause den Wahoo KICKR v5 bei RNTL.","robots":{"index":"index","follow":"follow","max-snippet":"max-snippet:-1","max-image-preview":"max-image-preview:large","max-video-preview":"max-video-preview:-1"},"canonical":"https:\/\/rntl.ch\/fitness\/produkt\/wahoo-kickr-v5\/","og_locale":"de_DE","og_type":"article","og_title":"Wahoo KICKR v5 - RNTL Fitness","og_description":"Miete, kaufe, oder finanziere f\u00fcr das Ausdauertraining zu Hause den Wahoo KICKR v5 bei RNTL.","og_url":"https:\/\/rntl.ch\/fitness\/produkt\/wahoo-kickr-v5\/","og_site_name":"RNTL Fitness","article_modified_time":"2024-02-27T13:09:44+00:00","og_image":[{"width":613,"height":613,"url":"https:\/\/rntl.ch\/fitness\/wp-content\/uploads\/sites\/3\/2021\/10\/wahoo-kickr-v5-indoor-trainer-1.jpeg","type":"image\/jpeg"}],"twitter_card":"summary_large_image","twitter_misc":{"Gesch\u00e4tzte Lesezeit":"1\u00a0Minute"},"schema":{"@context":"https:\/\/schema.org","@graph":[{"@type":"WebPage","@id":"https:\/\/rntl.ch\/fitness\/produkt\/wahoo-kickr-v5\/","url":"https:\/\/rntl.ch\/fitness\/produkt\/wahoo-kickr-v5\/","name":"Wahoo KICKR v5 - RNTL Fitness","isPartOf":{"@id":"https:\/\/rntl.ch\/fitness\/#website"},"primaryImageOfPage":{"@id":"https:\/\/rntl.ch\/fitness\/produkt\/wahoo-kickr-v5\/#primaryimage"},"image":{"@id":"https:\/\/rntl.ch\/fitness\/produkt\/wahoo-kickr-v5\/#primaryimage"},"thumbnailUrl":"https:\/\/rntl.ch\/fitness\/wp-content\/uploads\/sites\/3\/2021\/10\/wahoo-kickr-v5-indoor-trainer-1.jpeg","datePublished":"2021-11-10T09:00:56+00:00","dateModified":"2024-02-27T13:09:44+00:00","description":"Miete, kaufe, oder finanziere f\u00fcr das Ausdauertraining zu Hause den Wahoo KICKR v5 bei RNTL.","breadcrumb":{"@id":"https:\/\/rntl.ch\/fitness\/produkt\/wahoo-kickr-v5\/#breadcrumb"},"inLanguage":"de","potentialAction":[{"@type":"ReadAction","target":["https:\/\/rntl.ch\/fitness\/produkt\/wahoo-kickr-v5\/"]}]},{"@type":"ImageObject","inLanguage":"de","@id":"https:\/\/rntl.ch\/fitness\/produkt\/wahoo-kickr-v5\/#primaryimage","url":"https:\/\/rntl.ch\/fitness\/wp-content\/uploads\/sites\/3\/2021\/10\/wahoo-kickr-v5-indoor-trainer-1.jpeg","contentUrl":"https:\/\/rntl.ch\/fitness\/wp-content\/uploads\/sites\/3\/2021\/10\/wahoo-kickr-v5-indoor-trainer-1.jpeg","width":613,"height":613},{"@type":"BreadcrumbList","@id":"https:\/\/rntl.ch\/fitness\/produkt\/wahoo-kickr-v5\/#breadcrumb","itemListElement":[{"@type":"ListItem","position":1,"name":"Startseite","item":"https:\/\/rntl.ch\/fitness\/"},{"@type":"ListItem","position":2,"name":"Shop","item":"https:\/\/rntl.ch\/fitness\/shop\/"},{"@type":"ListItem","position":3,"name":"Wahoo KICKR v5"}]},{"@type":"WebSite","@id":"https:\/\/rntl.ch\/fitness\/#website","url":"https:\/\/rntl.ch\/fitness\/","name":"RNTL Fitness","description":"Mieten Einfach Anders","publisher":{"@id":"https:\/\/rntl.ch\/fitness\/#organization"},"potentialAction":[{"@type":"SearchAction","target":{"@type":"EntryPoint","urlTemplate":"https:\/\/rntl.ch\/fitness\/?s={search_term_string}"},"query-input":{"@type":"PropertyValueSpecification","valueRequired":true,"valueName":"search_term_string"}}],"inLanguage":"de"},{"@type":"Organization","@id":"https:\/\/rntl.ch\/fitness\/#organization","name":"RNTL Fitness","url":"https:\/\/rntl.ch\/fitness\/","logo":{"@type":"ImageObject","inLanguage":"de","@id":"https:\/\/rntl.ch\/fitness\/#\/schema\/logo\/image\/","url":"https:\/\/rntl.ch\/fitness\/wp-content\/uploads\/sites\/3\/2020\/11\/cropped-rntl_logo_white_530x150.png","contentUrl":"https:\/\/rntl.ch\/fitness\/wp-content\/uploads\/sites\/3\/2020\/11\/cropped-rntl_logo_white_530x150.png","width":530,"height":150,"caption":"RNTL Fitness"},"image":{"@id":"https:\/\/rntl.ch\/fitness\/#\/schema\/logo\/image\/"}}]}},"_links":{"self":[{"href":"https:\/\/rntl.ch\/fitness\/wp-json\/wp\/v2\/product\/14866","targetHints":{"allow":["GET"]}}],"collection":[{"href":"https:\/\/rntl.ch\/fitness\/wp-json\/wp\/v2\/product"}],"about":[{"href":"https:\/\/rntl.ch\/fitness\/wp-json\/wp\/v2\/types\/product"}],"version-history":[{"count":1,"href":"https:\/\/rntl.ch\/fitness\/wp-json\/wp\/v2\/product\/14866\/revisions"}],"predecessor-version":[{"id":27330,"href":"https:\/\/rntl.ch\/fitness\/wp-json\/wp\/v2\/product\/14866\/revisions\/27330"}],"wp:featuredmedia":[{"embeddable":true,"href":"https:\/\/rntl.ch\/fitness\/wp-json\/wp\/v2\/media\/14412"}],"wp:attachment":[{"href":"https:\/\/rntl.ch\/fitness\/wp-json\/wp\/v2\/media?parent=14866"}],"wp:term":[{"taxonomy":"product_brand","embeddable":true,"href":"https:\/\/rntl.ch\/fitness\/wp-json\/wp\/v2\/product_brand?post=14866"},{"taxonomy":"product_cat","embeddable":true,"href":"https:\/\/rntl.ch\/fitness\/wp-json\/wp\/v2\/product_cat?post=14866"},{"taxonomy":"product_tag","embeddable":true,"href":"https:\/\/rntl.ch\/fitness\/wp-json\/wp\/v2\/product_tag?post=14866"}],"curies":[{"name":"wp","href":"https:\/\/api.w.org\/{rel}","templated":true}]}}