{"id":14872,"date":"2021-11-10T10:31:09","date_gmt":"2021-11-10T09:31:09","guid":{"rendered":"https:\/\/rntl.ch\/fitness\/?post_type=product&#038;p=14872"},"modified":"2025-06-26T08:14:58","modified_gmt":"2025-06-26T06:14:58","slug":"regatta-500-rudergeraet","status":"publish","type":"product","link":"https:\/\/rntl.ch\/fitness\/produkt\/regatta-500-rudergeraet\/","title":{"rendered":"Regatta 500 Ruderger\u00e4t"},"content":{"rendered":"<p>Beim Training mit dem REGATTA 500 hast du alles mit an Bord! Ein realistischeres Rudergef\u00fchl geht nicht! Das Ruderger\u00e4t mit dem Wasserwiderstand-Bremssystem bietet einzigartige Ruderbewegungen mit der Faszination Hydropower \u2013 die Bewegungen entsprechen somit dem echten Rudern auf dem Wasser. Je h\u00f6her die Intensit\u00e4t des Zuges ist, desto h\u00f6her ist auch der Widerstand. Das Wasserwiderstand-Bremssystem passt sich dir ganz pers\u00f6nlich an. Auch der Griff, der bequeme und erh\u00f6hte Sitz sowie das verstellbare Display sorgen f\u00fcr Trainingseinheiten, welche mit h\u00f6chstem Komfort ausgezeichnet sind. Das Training mit dem REGATTA 500 beansprucht die gesamte Muskulatur. Steigere so zielgerichtet Kraft und Ausdauer wie im Fitnessstudio und das ganz einfach bei dir zu Hause. Daf\u00fcr wird nicht einmal viel Raum ben\u00f6tigt \u2013 das Ger\u00e4t l\u00e4sst sich ganz einfach hochstellen. F\u00fcr noch mehr Motivation beim Trainieren sorgt das hochwertige Display. Deine Leistungswerte werden auf dem Display pr\u00e4zise und in Echtzeit abgebildet. Die Bluetooth-Schnittstelle kann verwendet werden, um die Kinomaps App oder Herzfrequenzmessger\u00e4te zu verbinden.<\/p>\n<p>&nbsp;<\/p>\n<table class=\"woocommerce-product-attributes shop_attributes\">\n<tbody>\n<tr class=\"woocommerce-product-attributes-item woocommerce-product-attributes-item--attribute_pa_aufstellmasse-l-x-b-x-h\">\n<th class=\"woocommerce-product-attributes-item__label\">Aufstellmasse (L x B x H)<\/th>\n<td class=\"woocommerce-product-attributes-item__value\">219 \u00d7 57 \u00d7 94 cm<\/td>\n<\/tr>\n<tr class=\"woocommerce-product-attributes-item woocommerce-product-attributes-item--attribute_pa_bluetooth\">\n<th class=\"woocommerce-product-attributes-item__label\">Bluetooth<\/th>\n<td class=\"woocommerce-product-attributes-item__value\">Bluetooth<\/td>\n<\/tr>\n<tr class=\"woocommerce-product-attributes-item woocommerce-product-attributes-item--attribute_pa_bremse\">\n<th class=\"woocommerce-product-attributes-item__label\">Bremse<\/th>\n<td class=\"woocommerce-product-attributes-item__value\">Wasserwiderstand<\/td>\n<\/tr>\n<tr class=\"woocommerce-product-attributes-item woocommerce-product-attributes-item--attribute_pa_fussstuetzen\">\n<th class=\"woocommerce-product-attributes-item__label\">Fussst\u00fctzen<\/th>\n<td class=\"woocommerce-product-attributes-item__value\">Verstellbare Fussst\u00fctzen mit separaten Fussschlaufen f\u00fcr perfekte Position und optimalen Halt beim Rudertraining<\/td>\n<\/tr>\n<tr class=\"woocommerce-product-attributes-item woocommerce-product-attributes-item--attribute_pa_leistungsparameter-anzeige\">\n<th class=\"woocommerce-product-attributes-item__label\">Leistungsparameter (Anzeige)<\/th>\n<td class=\"woocommerce-product-attributes-item__value\">500 m Zeit, Kalorien, Puls, Schlagfrequenz, Strecke, Trainingszeit<\/td>\n<\/tr>\n<tr class=\"woocommerce-product-attributes-item woocommerce-product-attributes-item--attribute_pa_maximale-gewichtsbelastung\">\n<th class=\"woocommerce-product-attributes-item__label\">Maximale Gewichtsbelastung<\/th>\n<td class=\"woocommerce-product-attributes-item__value\">130 kg<\/td>\n<\/tr>\n<tr class=\"woocommerce-product-attributes-item woocommerce-product-attributes-item--attribute_pa_platzsparend-hochstellbar\">\n<th class=\"woocommerce-product-attributes-item__label\">Platzsparend hochstellbar<\/th>\n<td class=\"woocommerce-product-attributes-item__value\">Ja<\/td>\n<\/tr>\n<tr class=\"woocommerce-product-attributes-item woocommerce-product-attributes-item--attribute_pa_produktgewicht\">\n<th class=\"woocommerce-product-attributes-item__label\">Produktgewicht<\/th>\n<td class=\"woocommerce-product-attributes-item__value\">55 kg<\/td>\n<\/tr>\n<tr class=\"woocommerce-product-attributes-item woocommerce-product-attributes-item--attribute_pa_pulsmessung\">\n<th class=\"woocommerce-product-attributes-item__label\">Pulsmessung<\/th>\n<td class=\"woocommerce-product-attributes-item__value\">Brustgurt optional<\/td>\n<\/tr>\n<tr class=\"woocommerce-product-attributes-item woocommerce-product-attributes-item--attribute_pa_rudergriff\">\n<th class=\"woocommerce-product-attributes-item__label\">Rudergriff<\/th>\n<td class=\"woocommerce-product-attributes-item__value\">Ergo Rudergriff<\/td>\n<\/tr>\n<tr class=\"woocommerce-product-attributes-item woocommerce-product-attributes-item--attribute_pa_rudersitz\">\n<th class=\"woocommerce-product-attributes-item__label\">Rudersitz<\/th>\n<td class=\"woocommerce-product-attributes-item__value\">Basic Foam Sitz<\/td>\n<\/tr>\n<tr class=\"woocommerce-product-attributes-item woocommerce-product-attributes-item--attribute_pa_sprachen\">\n<th class=\"woocommerce-product-attributes-item__label\">Sprachen<\/th>\n<td class=\"woocommerce-product-attributes-item__value\">EN<\/td>\n<\/tr>\n<tr class=\"woocommerce-product-attributes-item woocommerce-product-attributes-item--attribute_pa_stabilitaet\">\n<th class=\"woocommerce-product-attributes-item__label\">Stabilit\u00e4t<\/th>\n<td class=\"woocommerce-product-attributes-item__value\">zwei Schienen<\/td>\n<\/tr>\n<tr class=\"woocommerce-product-attributes-item woocommerce-product-attributes-item--attribute_pa_stromversorgung\">\n<th class=\"woocommerce-product-attributes-item__label\">Stromversorgung<\/th>\n<td class=\"woocommerce-product-attributes-item__value\">Batterien<\/td>\n<\/tr>\n<tr class=\"woocommerce-product-attributes-item woocommerce-product-attributes-item--attribute_pa_trainingscomputer\">\n<th class=\"woocommerce-product-attributes-item__label\">Trainingscomputer<\/th>\n<td class=\"woocommerce-product-attributes-item__value\">LCD<\/td>\n<\/tr>\n<tr class=\"woocommerce-product-attributes-item woocommerce-product-attributes-item--attribute_pa_transportrollen\">\n<th class=\"woocommerce-product-attributes-item__label\">Transportrollen<\/th>\n<td class=\"woocommerce-product-attributes-item__value\">Ja<\/td>\n<\/tr>\n<tr class=\"woocommerce-product-attributes-item woocommerce-product-attributes-item--attribute_pa_volumen\">\n<th class=\"woocommerce-product-attributes-item__label\">Volumen<\/th>\n<td class=\"woocommerce-product-attributes-item__value\">12 l<\/td>\n<\/tr>\n<tr class=\"woocommerce-product-attributes-item woocommerce-product-attributes-item--attribute_pa_widerstandsstufen\">\n<th class=\"woocommerce-product-attributes-item__label\">Widerstandsstufen<\/th>\n<td class=\"woocommerce-product-attributes-item__value\">Intensit\u00e4tsabh\u00e4ngig<\/td>\n<\/tr>\n<\/tbody>\n<\/table>\n","protected":false},"excerpt":{"rendered":"<p>Das wohl bequemste Ruderger\u00e4t mit dem angenehmsten Ruder-Ger\u00e4usch! Fast wie auf dem See.<br \/>\n<strong>Kaufpreis [woo_custom_field id=\"rntl_retail_price_field\"].-<\/strong><\/p>\n[rntl_page_content id=\"14687\"]\n","protected":false},"featured_media":15021,"template":"","meta":{"content-type":""},"product_brand":[],"product_cat":[29],"product_tag":[112],"class_list":{"0":"post-14872","1":"product","2":"type-product","3":"status-publish","4":"has-post-thumbnail","6":"product_cat-rudergeraete","7":"product_tag-mieten","8":"product_shipping_class-mittel","9":"tm-no-options","11":"first","12":"instock","13":"taxable","14":"shipping-taxable","15":"purchasable","16":"product-type-variable-subscription","17":"has-default-attributes"},"yoast_head":"<!-- This site is optimized with the Yoast SEO plugin v26.3 - https:\/\/yoast.com\/wordpress\/plugins\/seo\/ -->\n<title>Regatta 500 Ruderger\u00e4t - RNTL Fitness<\/title>\n<meta name=\"description\" content=\"Miete, kaufe, oder finanziere f\u00fcr das Ausdauertraining zu Hause das Regatta 500 Ruderger\u00e4t bei RNTL.\" \/>\n<meta name=\"robots\" content=\"index, follow, max-snippet:-1, max-image-preview:large, max-video-preview:-1\" \/>\n<link rel=\"canonical\" href=\"https:\/\/rntl.ch\/fitness\/produkt\/regatta-500-rudergeraet\/\" \/>\n<meta property=\"og:locale\" content=\"de_DE\" \/>\n<meta property=\"og:type\" content=\"article\" \/>\n<meta property=\"og:title\" content=\"Regatta 500 Ruderger\u00e4t - RNTL Fitness\" \/>\n<meta property=\"og:description\" content=\"Miete, kaufe, oder finanziere f\u00fcr das Ausdauertraining zu Hause das Regatta 500 Ruderger\u00e4t bei RNTL.\" \/>\n<meta property=\"og:url\" content=\"https:\/\/rntl.ch\/fitness\/produkt\/regatta-500-rudergeraet\/\" \/>\n<meta property=\"og:site_name\" content=\"RNTL Fitness\" \/>\n<meta property=\"article:modified_time\" content=\"2025-06-26T06:14:58+00:00\" \/>\n<meta property=\"og:image\" content=\"https:\/\/rntl.ch\/fitness\/wp-content\/uploads\/sites\/3\/2021\/11\/Kettler_Regatta500_1_1800x1800.jpg\" \/>\n\t<meta property=\"og:image:width\" content=\"1800\" \/>\n\t<meta property=\"og:image:height\" content=\"1800\" \/>\n\t<meta property=\"og:image:type\" content=\"image\/jpeg\" \/>\n<meta name=\"twitter:card\" content=\"summary_large_image\" \/>\n<meta name=\"twitter:label1\" content=\"Gesch\u00e4tzte Lesezeit\" \/>\n\t<meta name=\"twitter:data1\" content=\"2\u00a0Minuten\" \/>\n<script type=\"application\/ld+json\" class=\"yoast-schema-graph\">{\"@context\":\"https:\/\/schema.org\",\"@graph\":[{\"@type\":\"WebPage\",\"@id\":\"https:\/\/rntl.ch\/fitness\/produkt\/regatta-500-rudergeraet\/\",\"url\":\"https:\/\/rntl.ch\/fitness\/produkt\/regatta-500-rudergeraet\/\",\"name\":\"Regatta 500 Ruderger\u00e4t - RNTL Fitness\",\"isPartOf\":{\"@id\":\"https:\/\/rntl.ch\/fitness\/#website\"},\"primaryImageOfPage\":{\"@id\":\"https:\/\/rntl.ch\/fitness\/produkt\/regatta-500-rudergeraet\/#primaryimage\"},\"image\":{\"@id\":\"https:\/\/rntl.ch\/fitness\/produkt\/regatta-500-rudergeraet\/#primaryimage\"},\"thumbnailUrl\":\"https:\/\/rntl.ch\/fitness\/wp-content\/uploads\/sites\/3\/2021\/11\/Kettler_Regatta500_1_1800x1800.jpg\",\"datePublished\":\"2021-11-10T09:31:09+00:00\",\"dateModified\":\"2025-06-26T06:14:58+00:00\",\"description\":\"Miete, kaufe, oder finanziere f\u00fcr das Ausdauertraining zu Hause das Regatta 500 Ruderger\u00e4t bei RNTL.\",\"breadcrumb\":{\"@id\":\"https:\/\/rntl.ch\/fitness\/produkt\/regatta-500-rudergeraet\/#breadcrumb\"},\"inLanguage\":\"de\",\"potentialAction\":[{\"@type\":\"ReadAction\",\"target\":[\"https:\/\/rntl.ch\/fitness\/produkt\/regatta-500-rudergeraet\/\"]}]},{\"@type\":\"ImageObject\",\"inLanguage\":\"de\",\"@id\":\"https:\/\/rntl.ch\/fitness\/produkt\/regatta-500-rudergeraet\/#primaryimage\",\"url\":\"https:\/\/rntl.ch\/fitness\/wp-content\/uploads\/sites\/3\/2021\/11\/Kettler_Regatta500_1_1800x1800.jpg\",\"contentUrl\":\"https:\/\/rntl.ch\/fitness\/wp-content\/uploads\/sites\/3\/2021\/11\/Kettler_Regatta500_1_1800x1800.jpg\",\"width\":1800,\"height\":1800},{\"@type\":\"BreadcrumbList\",\"@id\":\"https:\/\/rntl.ch\/fitness\/produkt\/regatta-500-rudergeraet\/#breadcrumb\",\"itemListElement\":[{\"@type\":\"ListItem\",\"position\":1,\"name\":\"Startseite\",\"item\":\"https:\/\/rntl.ch\/fitness\/\"},{\"@type\":\"ListItem\",\"position\":2,\"name\":\"Shop\",\"item\":\"https:\/\/rntl.ch\/fitness\/shop\/\"},{\"@type\":\"ListItem\",\"position\":3,\"name\":\"Regatta 500 Ruderger\u00e4t\"}]},{\"@type\":\"WebSite\",\"@id\":\"https:\/\/rntl.ch\/fitness\/#website\",\"url\":\"https:\/\/rntl.ch\/fitness\/\",\"name\":\"RNTL Fitness\",\"description\":\"Mieten Einfach Anders\",\"publisher\":{\"@id\":\"https:\/\/rntl.ch\/fitness\/#organization\"},\"potentialAction\":[{\"@type\":\"SearchAction\",\"target\":{\"@type\":\"EntryPoint\",\"urlTemplate\":\"https:\/\/rntl.ch\/fitness\/?s={search_term_string}\"},\"query-input\":{\"@type\":\"PropertyValueSpecification\",\"valueRequired\":true,\"valueName\":\"search_term_string\"}}],\"inLanguage\":\"de\"},{\"@type\":\"Organization\",\"@id\":\"https:\/\/rntl.ch\/fitness\/#organization\",\"name\":\"RNTL Fitness\",\"url\":\"https:\/\/rntl.ch\/fitness\/\",\"logo\":{\"@type\":\"ImageObject\",\"inLanguage\":\"de\",\"@id\":\"https:\/\/rntl.ch\/fitness\/#\/schema\/logo\/image\/\",\"url\":\"https:\/\/rntl.ch\/fitness\/wp-content\/uploads\/sites\/3\/2020\/11\/cropped-rntl_logo_white_530x150.png\",\"contentUrl\":\"https:\/\/rntl.ch\/fitness\/wp-content\/uploads\/sites\/3\/2020\/11\/cropped-rntl_logo_white_530x150.png\",\"width\":530,\"height\":150,\"caption\":\"RNTL Fitness\"},\"image\":{\"@id\":\"https:\/\/rntl.ch\/fitness\/#\/schema\/logo\/image\/\"}}]}<\/script>\n<!-- \/ Yoast SEO plugin. -->","yoast_head_json":{"title":"Regatta 500 Ruderger\u00e4t - RNTL Fitness","description":"Miete, kaufe, oder finanziere f\u00fcr das Ausdauertraining zu Hause das Regatta 500 Ruderger\u00e4t bei RNTL.","robots":{"index":"index","follow":"follow","max-snippet":"max-snippet:-1","max-image-preview":"max-image-preview:large","max-video-preview":"max-video-preview:-1"},"canonical":"https:\/\/rntl.ch\/fitness\/produkt\/regatta-500-rudergeraet\/","og_locale":"de_DE","og_type":"article","og_title":"Regatta 500 Ruderger\u00e4t - RNTL Fitness","og_description":"Miete, kaufe, oder finanziere f\u00fcr das Ausdauertraining zu Hause das Regatta 500 Ruderger\u00e4t bei RNTL.","og_url":"https:\/\/rntl.ch\/fitness\/produkt\/regatta-500-rudergeraet\/","og_site_name":"RNTL Fitness","article_modified_time":"2025-06-26T06:14:58+00:00","og_image":[{"width":1800,"height":1800,"url":"https:\/\/rntl.ch\/fitness\/wp-content\/uploads\/sites\/3\/2021\/11\/Kettler_Regatta500_1_1800x1800.jpg","type":"image\/jpeg"}],"twitter_card":"summary_large_image","twitter_misc":{"Gesch\u00e4tzte Lesezeit":"2\u00a0Minuten"},"schema":{"@context":"https:\/\/schema.org","@graph":[{"@type":"WebPage","@id":"https:\/\/rntl.ch\/fitness\/produkt\/regatta-500-rudergeraet\/","url":"https:\/\/rntl.ch\/fitness\/produkt\/regatta-500-rudergeraet\/","name":"Regatta 500 Ruderger\u00e4t - RNTL Fitness","isPartOf":{"@id":"https:\/\/rntl.ch\/fitness\/#website"},"primaryImageOfPage":{"@id":"https:\/\/rntl.ch\/fitness\/produkt\/regatta-500-rudergeraet\/#primaryimage"},"image":{"@id":"https:\/\/rntl.ch\/fitness\/produkt\/regatta-500-rudergeraet\/#primaryimage"},"thumbnailUrl":"https:\/\/rntl.ch\/fitness\/wp-content\/uploads\/sites\/3\/2021\/11\/Kettler_Regatta500_1_1800x1800.jpg","datePublished":"2021-11-10T09:31:09+00:00","dateModified":"2025-06-26T06:14:58+00:00","description":"Miete, kaufe, oder finanziere f\u00fcr das Ausdauertraining zu Hause das Regatta 500 Ruderger\u00e4t bei RNTL.","breadcrumb":{"@id":"https:\/\/rntl.ch\/fitness\/produkt\/regatta-500-rudergeraet\/#breadcrumb"},"inLanguage":"de","potentialAction":[{"@type":"ReadAction","target":["https:\/\/rntl.ch\/fitness\/produkt\/regatta-500-rudergeraet\/"]}]},{"@type":"ImageObject","inLanguage":"de","@id":"https:\/\/rntl.ch\/fitness\/produkt\/regatta-500-rudergeraet\/#primaryimage","url":"https:\/\/rntl.ch\/fitness\/wp-content\/uploads\/sites\/3\/2021\/11\/Kettler_Regatta500_1_1800x1800.jpg","contentUrl":"https:\/\/rntl.ch\/fitness\/wp-content\/uploads\/sites\/3\/2021\/11\/Kettler_Regatta500_1_1800x1800.jpg","width":1800,"height":1800},{"@type":"BreadcrumbList","@id":"https:\/\/rntl.ch\/fitness\/produkt\/regatta-500-rudergeraet\/#breadcrumb","itemListElement":[{"@type":"ListItem","position":1,"name":"Startseite","item":"https:\/\/rntl.ch\/fitness\/"},{"@type":"ListItem","position":2,"name":"Shop","item":"https:\/\/rntl.ch\/fitness\/shop\/"},{"@type":"ListItem","position":3,"name":"Regatta 500 Ruderger\u00e4t"}]},{"@type":"WebSite","@id":"https:\/\/rntl.ch\/fitness\/#website","url":"https:\/\/rntl.ch\/fitness\/","name":"RNTL Fitness","description":"Mieten Einfach Anders","publisher":{"@id":"https:\/\/rntl.ch\/fitness\/#organization"},"potentialAction":[{"@type":"SearchAction","target":{"@type":"EntryPoint","urlTemplate":"https:\/\/rntl.ch\/fitness\/?s={search_term_string}"},"query-input":{"@type":"PropertyValueSpecification","valueRequired":true,"valueName":"search_term_string"}}],"inLanguage":"de"},{"@type":"Organization","@id":"https:\/\/rntl.ch\/fitness\/#organization","name":"RNTL Fitness","url":"https:\/\/rntl.ch\/fitness\/","logo":{"@type":"ImageObject","inLanguage":"de","@id":"https:\/\/rntl.ch\/fitness\/#\/schema\/logo\/image\/","url":"https:\/\/rntl.ch\/fitness\/wp-content\/uploads\/sites\/3\/2020\/11\/cropped-rntl_logo_white_530x150.png","contentUrl":"https:\/\/rntl.ch\/fitness\/wp-content\/uploads\/sites\/3\/2020\/11\/cropped-rntl_logo_white_530x150.png","width":530,"height":150,"caption":"RNTL Fitness"},"image":{"@id":"https:\/\/rntl.ch\/fitness\/#\/schema\/logo\/image\/"}}]}},"_links":{"self":[{"href":"https:\/\/rntl.ch\/fitness\/wp-json\/wp\/v2\/product\/14872","targetHints":{"allow":["GET"]}}],"collection":[{"href":"https:\/\/rntl.ch\/fitness\/wp-json\/wp\/v2\/product"}],"about":[{"href":"https:\/\/rntl.ch\/fitness\/wp-json\/wp\/v2\/types\/product"}],"version-history":[{"count":3,"href":"https:\/\/rntl.ch\/fitness\/wp-json\/wp\/v2\/product\/14872\/revisions"}],"predecessor-version":[{"id":34381,"href":"https:\/\/rntl.ch\/fitness\/wp-json\/wp\/v2\/product\/14872\/revisions\/34381"}],"wp:featuredmedia":[{"embeddable":true,"href":"https:\/\/rntl.ch\/fitness\/wp-json\/wp\/v2\/media\/15021"}],"wp:attachment":[{"href":"https:\/\/rntl.ch\/fitness\/wp-json\/wp\/v2\/media?parent=14872"}],"wp:term":[{"taxonomy":"product_brand","embeddable":true,"href":"https:\/\/rntl.ch\/fitness\/wp-json\/wp\/v2\/product_brand?post=14872"},{"taxonomy":"product_cat","embeddable":true,"href":"https:\/\/rntl.ch\/fitness\/wp-json\/wp\/v2\/product_cat?post=14872"},{"taxonomy":"product_tag","embeddable":true,"href":"https:\/\/rntl.ch\/fitness\/wp-json\/wp\/v2\/product_tag?post=14872"}],"curies":[{"name":"wp","href":"https:\/\/api.w.org\/{rel}","templated":true}]}}