{"id":14898,"date":"2021-11-10T10:52:52","date_gmt":"2021-11-10T09:52:52","guid":{"rendered":"https:\/\/rntl.ch\/fitness\/?post_type=product&#038;p=14898"},"modified":"2023-10-12T17:04:09","modified_gmt":"2023-10-12T15:04:09","slug":"bowflex-hantelstaender-mit-smartphone-halterung","status":"publish","type":"product","link":"https:\/\/rntl.ch\/fitness\/produkt\/bowflex-hantelstaender-mit-smartphone-halterung\/","title":{"rendered":"Bowflex Hantelst\u00e4nder mit Smartphone-Halterung"},"content":{"rendered":"<p><strong>Der Hantelst\u00e4nder von Bowflex f\u00fcr die beiden Selecttech-Hanteln 552 und 1090.<\/strong><\/p>\n<ul>\n<li>mit einer Tablet\/Smartphone-Ablage, um mit der Gratis-App \u00fcber 70 verschiedenen \u00dcbungen zu trainieren.<\/li>\n<li>Ergonomisches Design, damit der R\u00fccken bei der Aufnahme der Hanteln geschont wird<\/li>\n<li>Platzsparend und kompaktes Design, einfach zu montieren.<\/li>\n<\/ul>\n<p>Praktisches Zubeh\u00f6r edel verarbeitet<\/p>\n<p>Der Bowflex SelectTech Hantelst\u00e4nder ist das formsch\u00f6ne und praktische Zubeh\u00f6r f\u00fcr die Bowflex Hanteln 552 und 1090. Der St\u00e4nder zeichnet sich durch ein edles Design, hochwertige Verarbeitung und hohe Belastbarkeit aus.<\/p>\n<p>F\u00fcr das optimale Training zuhause ist der Hantelst\u00e4nder mit einer \u00e4usserst sinnvollen Tablet &#8211; oder Smartphone Halterung ausgestattet. Das Ablegen und Aufnehmen der Hantel funktioniert hervorragend und ger\u00e4uscharm.<\/p>\n<p>Gr\u00f6\u00dfe (LxBxH)\u00a0\u00a0\u00a0\u00a0\u00a0\u00a0\u00a0\u00a0\u00a0\u00a0\u00a0\u00a0\u00a0\u00a0\u00a0\u00a0\u00a0\u00a0\u00a0\u00a0\u00a0\u00a0\u00a0 63,5 x 67 x 68 cm<\/p>\n<p>Produktgewicht \u00a0\u00a0\u00a0\u00a0\u00a0\u00a0\u00a0\u00a0\u00a0\u00a0\u00a0\u00a0\u00a0\u00a0\u00a0\u00a0\u00a0\u00a0\u00a0\u00a0 15 Kg<\/p>\n","protected":false},"excerpt":{"rendered":"<p>Bowflex Hantelst\u00e4nder f\u00fcr Selecttech-Hanteln 552\/1090 mit Smartphone Halterung.<br \/>\n<strong>Neupreis [woo_custom_field id=\"rntl_retail_price_field\"].-<\/strong><\/p>\n[rntl_page_content id=\"14687\"]\n","protected":false},"featured_media":7343,"template":"","meta":{"content-type":""},"product_brand":[],"product_cat":[27,32],"product_tag":[112],"class_list":{"0":"post-14898","1":"product","2":"type-product","3":"status-publish","4":"has-post-thumbnail","6":"product_cat-krafttraining","7":"product_cat-zusatzausruestung","8":"product_tag-mieten","9":"product_shipping_class-paket","10":"tm-no-options","12":"first","13":"instock","14":"taxable","15":"shipping-taxable","16":"purchasable","17":"product-type-variable-subscription","18":"has-default-attributes"},"yoast_head":"<!-- This site is optimized with the Yoast SEO plugin v26.3 - https:\/\/yoast.com\/wordpress\/plugins\/seo\/ -->\n<title>Bowflex Hantelst\u00e4nder mit Smartphone-Halterung - RNTL Fitness<\/title>\n<meta name=\"description\" content=\"Miete, kaufe, oder finanziere f\u00fcr das Ausdauertraining zu Hause die Bowflex Hantelst\u00e4nder mit Smartphone-Halterung bei RNTL.\" \/>\n<meta name=\"robots\" content=\"index, follow, max-snippet:-1, max-image-preview:large, max-video-preview:-1\" \/>\n<link rel=\"canonical\" href=\"https:\/\/rntl.ch\/fitness\/produkt\/bowflex-hantelstaender-mit-smartphone-halterung\/\" \/>\n<meta property=\"og:locale\" content=\"de_DE\" \/>\n<meta property=\"og:type\" content=\"article\" \/>\n<meta property=\"og:title\" content=\"Bowflex Hantelst\u00e4nder mit Smartphone-Halterung - RNTL Fitness\" \/>\n<meta property=\"og:description\" content=\"Miete, kaufe, oder finanziere f\u00fcr das Ausdauertraining zu Hause die Bowflex Hantelst\u00e4nder mit Smartphone-Halterung bei RNTL.\" \/>\n<meta property=\"og:url\" content=\"https:\/\/rntl.ch\/fitness\/produkt\/bowflex-hantelstaender-mit-smartphone-halterung\/\" \/>\n<meta property=\"og:site_name\" content=\"RNTL Fitness\" \/>\n<meta property=\"article:modified_time\" content=\"2023-10-12T15:04:09+00:00\" \/>\n<meta property=\"og:image\" content=\"https:\/\/rntl.ch\/fitness\/wp-content\/uploads\/sites\/3\/2020\/04\/BFX_ST_MEDIASTAND_01-scaled.jpeg\" \/>\n\t<meta property=\"og:image:width\" content=\"3200\" \/>\n\t<meta property=\"og:image:height\" content=\"2045\" \/>\n\t<meta property=\"og:image:type\" content=\"image\/jpeg\" \/>\n<meta name=\"twitter:card\" content=\"summary_large_image\" \/>\n<meta name=\"twitter:label1\" content=\"Gesch\u00e4tzte Lesezeit\" \/>\n\t<meta name=\"twitter:data1\" content=\"1\u00a0Minute\" \/>\n<script type=\"application\/ld+json\" class=\"yoast-schema-graph\">{\"@context\":\"https:\/\/schema.org\",\"@graph\":[{\"@type\":\"WebPage\",\"@id\":\"https:\/\/rntl.ch\/fitness\/produkt\/bowflex-hantelstaender-mit-smartphone-halterung\/\",\"url\":\"https:\/\/rntl.ch\/fitness\/produkt\/bowflex-hantelstaender-mit-smartphone-halterung\/\",\"name\":\"Bowflex Hantelst\u00e4nder mit Smartphone-Halterung - RNTL Fitness\",\"isPartOf\":{\"@id\":\"https:\/\/rntl.ch\/fitness\/#website\"},\"primaryImageOfPage\":{\"@id\":\"https:\/\/rntl.ch\/fitness\/produkt\/bowflex-hantelstaender-mit-smartphone-halterung\/#primaryimage\"},\"image\":{\"@id\":\"https:\/\/rntl.ch\/fitness\/produkt\/bowflex-hantelstaender-mit-smartphone-halterung\/#primaryimage\"},\"thumbnailUrl\":\"https:\/\/rntl.ch\/fitness\/wp-content\/uploads\/sites\/3\/2020\/04\/BFX_ST_MEDIASTAND_01-scaled.jpeg\",\"datePublished\":\"2021-11-10T09:52:52+00:00\",\"dateModified\":\"2023-10-12T15:04:09+00:00\",\"description\":\"Miete, kaufe, oder finanziere f\u00fcr das Ausdauertraining zu Hause die Bowflex Hantelst\u00e4nder mit Smartphone-Halterung bei RNTL.\",\"breadcrumb\":{\"@id\":\"https:\/\/rntl.ch\/fitness\/produkt\/bowflex-hantelstaender-mit-smartphone-halterung\/#breadcrumb\"},\"inLanguage\":\"de\",\"potentialAction\":[{\"@type\":\"ReadAction\",\"target\":[\"https:\/\/rntl.ch\/fitness\/produkt\/bowflex-hantelstaender-mit-smartphone-halterung\/\"]}]},{\"@type\":\"ImageObject\",\"inLanguage\":\"de\",\"@id\":\"https:\/\/rntl.ch\/fitness\/produkt\/bowflex-hantelstaender-mit-smartphone-halterung\/#primaryimage\",\"url\":\"https:\/\/rntl.ch\/fitness\/wp-content\/uploads\/sites\/3\/2020\/04\/BFX_ST_MEDIASTAND_01-scaled.jpeg\",\"contentUrl\":\"https:\/\/rntl.ch\/fitness\/wp-content\/uploads\/sites\/3\/2020\/04\/BFX_ST_MEDIASTAND_01-scaled.jpeg\",\"width\":3200,\"height\":2045},{\"@type\":\"BreadcrumbList\",\"@id\":\"https:\/\/rntl.ch\/fitness\/produkt\/bowflex-hantelstaender-mit-smartphone-halterung\/#breadcrumb\",\"itemListElement\":[{\"@type\":\"ListItem\",\"position\":1,\"name\":\"Startseite\",\"item\":\"https:\/\/rntl.ch\/fitness\/\"},{\"@type\":\"ListItem\",\"position\":2,\"name\":\"Shop\",\"item\":\"https:\/\/rntl.ch\/fitness\/shop\/\"},{\"@type\":\"ListItem\",\"position\":3,\"name\":\"Bowflex Hantelst\u00e4nder mit Smartphone-Halterung\"}]},{\"@type\":\"WebSite\",\"@id\":\"https:\/\/rntl.ch\/fitness\/#website\",\"url\":\"https:\/\/rntl.ch\/fitness\/\",\"name\":\"RNTL Fitness\",\"description\":\"Mieten Einfach Anders\",\"publisher\":{\"@id\":\"https:\/\/rntl.ch\/fitness\/#organization\"},\"potentialAction\":[{\"@type\":\"SearchAction\",\"target\":{\"@type\":\"EntryPoint\",\"urlTemplate\":\"https:\/\/rntl.ch\/fitness\/?s={search_term_string}\"},\"query-input\":{\"@type\":\"PropertyValueSpecification\",\"valueRequired\":true,\"valueName\":\"search_term_string\"}}],\"inLanguage\":\"de\"},{\"@type\":\"Organization\",\"@id\":\"https:\/\/rntl.ch\/fitness\/#organization\",\"name\":\"RNTL Fitness\",\"url\":\"https:\/\/rntl.ch\/fitness\/\",\"logo\":{\"@type\":\"ImageObject\",\"inLanguage\":\"de\",\"@id\":\"https:\/\/rntl.ch\/fitness\/#\/schema\/logo\/image\/\",\"url\":\"https:\/\/rntl.ch\/fitness\/wp-content\/uploads\/sites\/3\/2020\/11\/cropped-rntl_logo_white_530x150.png\",\"contentUrl\":\"https:\/\/rntl.ch\/fitness\/wp-content\/uploads\/sites\/3\/2020\/11\/cropped-rntl_logo_white_530x150.png\",\"width\":530,\"height\":150,\"caption\":\"RNTL Fitness\"},\"image\":{\"@id\":\"https:\/\/rntl.ch\/fitness\/#\/schema\/logo\/image\/\"}}]}<\/script>\n<!-- \/ Yoast SEO plugin. -->","yoast_head_json":{"title":"Bowflex Hantelst\u00e4nder mit Smartphone-Halterung - RNTL Fitness","description":"Miete, kaufe, oder finanziere f\u00fcr das Ausdauertraining zu Hause die Bowflex Hantelst\u00e4nder mit Smartphone-Halterung bei RNTL.","robots":{"index":"index","follow":"follow","max-snippet":"max-snippet:-1","max-image-preview":"max-image-preview:large","max-video-preview":"max-video-preview:-1"},"canonical":"https:\/\/rntl.ch\/fitness\/produkt\/bowflex-hantelstaender-mit-smartphone-halterung\/","og_locale":"de_DE","og_type":"article","og_title":"Bowflex Hantelst\u00e4nder mit Smartphone-Halterung - RNTL Fitness","og_description":"Miete, kaufe, oder finanziere f\u00fcr das Ausdauertraining zu Hause die Bowflex Hantelst\u00e4nder mit Smartphone-Halterung bei RNTL.","og_url":"https:\/\/rntl.ch\/fitness\/produkt\/bowflex-hantelstaender-mit-smartphone-halterung\/","og_site_name":"RNTL Fitness","article_modified_time":"2023-10-12T15:04:09+00:00","og_image":[{"width":3200,"height":2045,"url":"https:\/\/rntl.ch\/fitness\/wp-content\/uploads\/sites\/3\/2020\/04\/BFX_ST_MEDIASTAND_01-scaled.jpeg","type":"image\/jpeg"}],"twitter_card":"summary_large_image","twitter_misc":{"Gesch\u00e4tzte Lesezeit":"1\u00a0Minute"},"schema":{"@context":"https:\/\/schema.org","@graph":[{"@type":"WebPage","@id":"https:\/\/rntl.ch\/fitness\/produkt\/bowflex-hantelstaender-mit-smartphone-halterung\/","url":"https:\/\/rntl.ch\/fitness\/produkt\/bowflex-hantelstaender-mit-smartphone-halterung\/","name":"Bowflex Hantelst\u00e4nder mit Smartphone-Halterung - RNTL Fitness","isPartOf":{"@id":"https:\/\/rntl.ch\/fitness\/#website"},"primaryImageOfPage":{"@id":"https:\/\/rntl.ch\/fitness\/produkt\/bowflex-hantelstaender-mit-smartphone-halterung\/#primaryimage"},"image":{"@id":"https:\/\/rntl.ch\/fitness\/produkt\/bowflex-hantelstaender-mit-smartphone-halterung\/#primaryimage"},"thumbnailUrl":"https:\/\/rntl.ch\/fitness\/wp-content\/uploads\/sites\/3\/2020\/04\/BFX_ST_MEDIASTAND_01-scaled.jpeg","datePublished":"2021-11-10T09:52:52+00:00","dateModified":"2023-10-12T15:04:09+00:00","description":"Miete, kaufe, oder finanziere f\u00fcr das Ausdauertraining zu Hause die Bowflex Hantelst\u00e4nder mit Smartphone-Halterung bei RNTL.","breadcrumb":{"@id":"https:\/\/rntl.ch\/fitness\/produkt\/bowflex-hantelstaender-mit-smartphone-halterung\/#breadcrumb"},"inLanguage":"de","potentialAction":[{"@type":"ReadAction","target":["https:\/\/rntl.ch\/fitness\/produkt\/bowflex-hantelstaender-mit-smartphone-halterung\/"]}]},{"@type":"ImageObject","inLanguage":"de","@id":"https:\/\/rntl.ch\/fitness\/produkt\/bowflex-hantelstaender-mit-smartphone-halterung\/#primaryimage","url":"https:\/\/rntl.ch\/fitness\/wp-content\/uploads\/sites\/3\/2020\/04\/BFX_ST_MEDIASTAND_01-scaled.jpeg","contentUrl":"https:\/\/rntl.ch\/fitness\/wp-content\/uploads\/sites\/3\/2020\/04\/BFX_ST_MEDIASTAND_01-scaled.jpeg","width":3200,"height":2045},{"@type":"BreadcrumbList","@id":"https:\/\/rntl.ch\/fitness\/produkt\/bowflex-hantelstaender-mit-smartphone-halterung\/#breadcrumb","itemListElement":[{"@type":"ListItem","position":1,"name":"Startseite","item":"https:\/\/rntl.ch\/fitness\/"},{"@type":"ListItem","position":2,"name":"Shop","item":"https:\/\/rntl.ch\/fitness\/shop\/"},{"@type":"ListItem","position":3,"name":"Bowflex Hantelst\u00e4nder mit Smartphone-Halterung"}]},{"@type":"WebSite","@id":"https:\/\/rntl.ch\/fitness\/#website","url":"https:\/\/rntl.ch\/fitness\/","name":"RNTL Fitness","description":"Mieten Einfach Anders","publisher":{"@id":"https:\/\/rntl.ch\/fitness\/#organization"},"potentialAction":[{"@type":"SearchAction","target":{"@type":"EntryPoint","urlTemplate":"https:\/\/rntl.ch\/fitness\/?s={search_term_string}"},"query-input":{"@type":"PropertyValueSpecification","valueRequired":true,"valueName":"search_term_string"}}],"inLanguage":"de"},{"@type":"Organization","@id":"https:\/\/rntl.ch\/fitness\/#organization","name":"RNTL Fitness","url":"https:\/\/rntl.ch\/fitness\/","logo":{"@type":"ImageObject","inLanguage":"de","@id":"https:\/\/rntl.ch\/fitness\/#\/schema\/logo\/image\/","url":"https:\/\/rntl.ch\/fitness\/wp-content\/uploads\/sites\/3\/2020\/11\/cropped-rntl_logo_white_530x150.png","contentUrl":"https:\/\/rntl.ch\/fitness\/wp-content\/uploads\/sites\/3\/2020\/11\/cropped-rntl_logo_white_530x150.png","width":530,"height":150,"caption":"RNTL Fitness"},"image":{"@id":"https:\/\/rntl.ch\/fitness\/#\/schema\/logo\/image\/"}}]}},"_links":{"self":[{"href":"https:\/\/rntl.ch\/fitness\/wp-json\/wp\/v2\/product\/14898","targetHints":{"allow":["GET"]}}],"collection":[{"href":"https:\/\/rntl.ch\/fitness\/wp-json\/wp\/v2\/product"}],"about":[{"href":"https:\/\/rntl.ch\/fitness\/wp-json\/wp\/v2\/types\/product"}],"version-history":[{"count":0,"href":"https:\/\/rntl.ch\/fitness\/wp-json\/wp\/v2\/product\/14898\/revisions"}],"wp:featuredmedia":[{"embeddable":true,"href":"https:\/\/rntl.ch\/fitness\/wp-json\/wp\/v2\/media\/7343"}],"wp:attachment":[{"href":"https:\/\/rntl.ch\/fitness\/wp-json\/wp\/v2\/media?parent=14898"}],"wp:term":[{"taxonomy":"product_brand","embeddable":true,"href":"https:\/\/rntl.ch\/fitness\/wp-json\/wp\/v2\/product_brand?post=14898"},{"taxonomy":"product_cat","embeddable":true,"href":"https:\/\/rntl.ch\/fitness\/wp-json\/wp\/v2\/product_cat?post=14898"},{"taxonomy":"product_tag","embeddable":true,"href":"https:\/\/rntl.ch\/fitness\/wp-json\/wp\/v2\/product_tag?post=14898"}],"curies":[{"name":"wp","href":"https:\/\/api.w.org\/{rel}","templated":true}]}}