{"id":14936,"date":"2021-11-10T14:55:56","date_gmt":"2021-11-10T13:55:56","guid":{"rendered":"https:\/\/rntl.ch\/fitness\/?post_type=product&#038;p=14936"},"modified":"2025-11-19T15:07:43","modified_gmt":"2025-11-19T14:07:43","slug":"bowflex-c7-spinning","status":"publish","type":"product","link":"https:\/\/rntl.ch\/fitness\/produkt\/bowflex-c7-spinning\/","title":{"rendered":"Bowflex C7 Spinning"},"content":{"rendered":"<ul class=\"detail_beschreibung\">\n<li><strong>Personalisierte Coaching-Technologie<\/strong>Die Konsole JRNY\u2122 bietet eine personalisierte Fitness-Erfahrung die Ihr Fitness-Level analysiert, sie durch t\u00e4gliche auf sie zugeschnittene Workouts f\u00fchrt und l\u00e4sst Ihnen die Wahl zwischen von Trainern gef\u00fchrten Videos, Ziele die Ihrer Geschwindigkeit entsprechen, und mehr.<strong>World-Class Cycling Apps<\/strong>Das Indoor Cycle C7 ist kompatibel mit beliebten Radsport-Apps wie Peloton\u00ae und Zwift\u00ae. Diese Anwendungen k\u00f6nnen Sie nur \u00fcber ihr Smartphone oder Tablet gebrauchen, und ist nicht \u00fcber den eingebauten Touchscreen verf\u00fcgbar. Bei Verwendung der integrierten drahtlosen Bluetooth\u00ae-Technologie, k\u00f6nnen Sie Trittfrequenz, Herzfrequenz mit kompatiblen Apps verkn\u00fcpfen.<strong>Streaming-Unterhaltung<\/strong>Genie\u00dfen Sie einige Ihrer Lieblingssendungen, w\u00e4hrend Sie trainieren! Netflix anschauen und Amazon Prime Video auf dem 7-Zoll-Touchscreen und greifen Sie auf Ihre Ma\u00dfgeschneiderte Coaching- und Workout-Metriken gleichzeitig ohne Umschalten zwischen den Bildschirmen.*JRNY\u2122 kostenpflichtiges Abonnement erforderlich.<\/li>\n<\/ul>\n<table class=\"product--properties-table block\">\n<tbody>\n<tr class=\"product--properties-row\">\n<td class=\"product--properties-label\">Anwendung:<\/td>\n<td class=\"product--properties-value\">Semi-Professional Cycling<\/td>\n<\/tr>\n<tr class=\"product--properties-row\">\n<td class=\"product--properties-label\">Schwungmasse:<\/td>\n<td class=\"product--properties-value\">18 Kg<\/td>\n<\/tr>\n<tr class=\"product--properties-row\">\n<td class=\"product--properties-label\">max. K\u00f6rpergr\u00f6\u00dfe:<\/td>\n<td class=\"product--properties-value\">192 cm<\/td>\n<\/tr>\n<tr class=\"product--properties-row\">\n<td class=\"product--properties-label\">Ger\u00e4uschpegel:<\/td>\n<td class=\"product--properties-value\">lautlos<\/td>\n<\/tr>\n<tr class=\"product--properties-row\">\n<td class=\"product--properties-label\">Zwift-f\u00e4hig:<\/td>\n<td class=\"product--properties-value\">Ja<\/td>\n<\/tr>\n<tr class=\"product--properties-row\">\n<td class=\"product--properties-label\">Brustgurt:<\/td>\n<td class=\"product--properties-value\">Ja<\/td>\n<\/tr>\n<tr class=\"product--properties-row\">\n<td class=\"product--properties-label\">Bremssystem:<\/td>\n<td class=\"product--properties-value\">Magnetbremse<\/td>\n<\/tr>\n<tr class=\"product--properties-row\">\n<td class=\"product--properties-label\">Antrieb:<\/td>\n<td class=\"product--properties-value\">Riemenantrieb<\/td>\n<\/tr>\n<tr class=\"product--properties-row\">\n<td class=\"product--properties-label\">Starrlauf:<\/td>\n<td class=\"product--properties-value\">Ja<\/td>\n<\/tr>\n<tr class=\"product--properties-row\">\n<td class=\"product--properties-label\">Lenkereinstellung:<\/td>\n<td class=\"product--properties-value\">horizontal &amp; vertikal<\/td>\n<\/tr>\n<tr class=\"product--properties-row\">\n<td class=\"product--properties-label\">Sitzverstellung:<\/td>\n<td class=\"product--properties-value\">horizontal &amp; vertikal<\/td>\n<\/tr>\n<tr class=\"product--properties-row\">\n<td class=\"product--properties-label\">Pedale:<\/td>\n<td class=\"product--properties-value\">Kombiklickpedale<\/td>\n<\/tr>\n<tr class=\"product--properties-row\">\n<td class=\"product--properties-label\">Radcomputer:<\/td>\n<td class=\"product--properties-value\">Ja<\/td>\n<\/tr>\n<tr class=\"product--properties-row\">\n<td class=\"product--properties-label\">Max. Benutzergewicht:<\/td>\n<td class=\"product--properties-value\">147kg<\/td>\n<\/tr>\n<tr class=\"product--properties-row\">\n<td class=\"product--properties-label\">Bikegewicht:<\/td>\n<td class=\"product--properties-value\">79kg<\/td>\n<\/tr>\n<tr class=\"product--properties-row\">\n<td class=\"product--properties-label\">Ma\u00dfe:<\/td>\n<td class=\"product--properties-value\">128,5 x 54,1 x 132,8 cm<\/td>\n<\/tr>\n<tr class=\"product--properties-row\">\n<td class=\"product--properties-label\">Garantie:<\/td>\n<td class=\"product--properties-value\">2 Jahre<\/td>\n<\/tr>\n<tr class=\"product--properties-row\">\n<td class=\"product--properties-label\">Gew\u00e4hrleistung:<\/td>\n<td class=\"product--properties-value\">2 Jahre<\/td>\n<\/tr>\n<tr class=\"product--properties-row\">\n<td class=\"product--properties-label\">Q-Faktor:<\/td>\n<td class=\"product--properties-value\">200 mm<\/td>\n<\/tr>\n<\/tbody>\n<\/table>\n","protected":false},"excerpt":{"rendered":"<p>Das Bowflex Indoor Bike C7 bietet Heimtrainierenden dank personalisierter Trainingstechnologie, abwechslungsreichem Unterhaltungsprogramm und hochwertigen technischen Features die M\u00f6glichkeit, zu Hause genauso effektiv zu trainieren wie im Fitnessstudio. Mit der Peloton APP via iOS Endger\u00e4t kompatibel, sowie mit ZWIFT unter iOS und ANDROID.<br \/>\n<strong>Kaufpreis [woo_custom_field id=\"rntl_retail_price_field\"].-<\/strong><\/p>\n[rntl_page_content id=\"14687\"]\n<p>&nbsp;<\/p>\n<p>&nbsp;<\/p>\n","protected":false},"featured_media":12152,"template":"","meta":{"content-type":""},"product_brand":[],"product_cat":[99],"product_tag":[112],"class_list":{"0":"post-14936","1":"product","2":"type-product","3":"status-publish","4":"has-post-thumbnail","6":"product_cat-indoor-cycling","7":"product_tag-mieten","8":"product_shipping_class-leicht","9":"tm-no-options","11":"first","12":"instock","13":"taxable","14":"shipping-taxable","15":"purchasable","16":"product-type-variable-subscription","17":"has-default-attributes"},"yoast_head":"<!-- This site is optimized with the Yoast SEO plugin v26.3 - https:\/\/yoast.com\/wordpress\/plugins\/seo\/ -->\n<title>Bowflex C7 Spinning - RNTL Fitness<\/title>\n<meta name=\"description\" content=\"Miete, kaufe, oder finanziere f\u00fcr das Ausdauertraining zu Hause das Spinning C6 von Bowflex. Perfekt f\u00fcr das Spinning zu Hause.\" \/>\n<meta name=\"robots\" content=\"index, follow, max-snippet:-1, max-image-preview:large, max-video-preview:-1\" \/>\n<link rel=\"canonical\" href=\"https:\/\/rntl.ch\/fitness\/produkt\/bowflex-c7-spinning\/\" \/>\n<meta property=\"og:locale\" content=\"de_DE\" \/>\n<meta property=\"og:type\" content=\"article\" \/>\n<meta property=\"og:title\" content=\"Bowflex C7 Spinning - RNTL Fitness\" \/>\n<meta property=\"og:description\" content=\"Miete, kaufe, oder finanziere f\u00fcr das Ausdauertraining zu Hause das Spinning C6 von Bowflex. Perfekt f\u00fcr das Spinning zu Hause.\" \/>\n<meta property=\"og:url\" content=\"https:\/\/rntl.ch\/fitness\/produkt\/bowflex-c7-spinning\/\" \/>\n<meta property=\"og:site_name\" content=\"RNTL Fitness\" \/>\n<meta property=\"article:modified_time\" content=\"2025-11-19T14:07:43+00:00\" \/>\n<meta property=\"og:image\" content=\"https:\/\/rntl.ch\/fitness\/wp-content\/uploads\/sites\/3\/2021\/05\/Bowflex-C7-Bike-2-scaled.jpeg\" \/>\n\t<meta property=\"og:image:width\" content=\"2560\" \/>\n\t<meta property=\"og:image:height\" content=\"1613\" \/>\n\t<meta property=\"og:image:type\" content=\"image\/jpeg\" \/>\n<meta name=\"twitter:card\" content=\"summary_large_image\" \/>\n<meta name=\"twitter:label1\" content=\"Gesch\u00e4tzte Lesezeit\" \/>\n\t<meta name=\"twitter:data1\" content=\"1\u00a0Minute\" \/>\n<script type=\"application\/ld+json\" class=\"yoast-schema-graph\">{\"@context\":\"https:\/\/schema.org\",\"@graph\":[{\"@type\":\"WebPage\",\"@id\":\"https:\/\/rntl.ch\/fitness\/produkt\/bowflex-c7-spinning\/\",\"url\":\"https:\/\/rntl.ch\/fitness\/produkt\/bowflex-c7-spinning\/\",\"name\":\"Bowflex C7 Spinning - RNTL Fitness\",\"isPartOf\":{\"@id\":\"https:\/\/rntl.ch\/fitness\/#website\"},\"primaryImageOfPage\":{\"@id\":\"https:\/\/rntl.ch\/fitness\/produkt\/bowflex-c7-spinning\/#primaryimage\"},\"image\":{\"@id\":\"https:\/\/rntl.ch\/fitness\/produkt\/bowflex-c7-spinning\/#primaryimage\"},\"thumbnailUrl\":\"https:\/\/rntl.ch\/fitness\/wp-content\/uploads\/sites\/3\/2021\/05\/Bowflex-C7-Bike-2-scaled.jpeg\",\"datePublished\":\"2021-11-10T13:55:56+00:00\",\"dateModified\":\"2025-11-19T14:07:43+00:00\",\"description\":\"Miete, kaufe, oder finanziere f\u00fcr das Ausdauertraining zu Hause das Spinning C6 von Bowflex. Perfekt f\u00fcr das Spinning zu Hause.\",\"breadcrumb\":{\"@id\":\"https:\/\/rntl.ch\/fitness\/produkt\/bowflex-c7-spinning\/#breadcrumb\"},\"inLanguage\":\"de\",\"potentialAction\":[{\"@type\":\"ReadAction\",\"target\":[\"https:\/\/rntl.ch\/fitness\/produkt\/bowflex-c7-spinning\/\"]}]},{\"@type\":\"ImageObject\",\"inLanguage\":\"de\",\"@id\":\"https:\/\/rntl.ch\/fitness\/produkt\/bowflex-c7-spinning\/#primaryimage\",\"url\":\"https:\/\/rntl.ch\/fitness\/wp-content\/uploads\/sites\/3\/2021\/05\/Bowflex-C7-Bike-2-scaled.jpeg\",\"contentUrl\":\"https:\/\/rntl.ch\/fitness\/wp-content\/uploads\/sites\/3\/2021\/05\/Bowflex-C7-Bike-2-scaled.jpeg\",\"width\":2560,\"height\":1613},{\"@type\":\"BreadcrumbList\",\"@id\":\"https:\/\/rntl.ch\/fitness\/produkt\/bowflex-c7-spinning\/#breadcrumb\",\"itemListElement\":[{\"@type\":\"ListItem\",\"position\":1,\"name\":\"Startseite\",\"item\":\"https:\/\/rntl.ch\/fitness\/\"},{\"@type\":\"ListItem\",\"position\":2,\"name\":\"Shop\",\"item\":\"https:\/\/rntl.ch\/fitness\/shop\/\"},{\"@type\":\"ListItem\",\"position\":3,\"name\":\"Bowflex C7 Spinning\"}]},{\"@type\":\"WebSite\",\"@id\":\"https:\/\/rntl.ch\/fitness\/#website\",\"url\":\"https:\/\/rntl.ch\/fitness\/\",\"name\":\"RNTL Fitness\",\"description\":\"Mieten Einfach Anders\",\"publisher\":{\"@id\":\"https:\/\/rntl.ch\/fitness\/#organization\"},\"potentialAction\":[{\"@type\":\"SearchAction\",\"target\":{\"@type\":\"EntryPoint\",\"urlTemplate\":\"https:\/\/rntl.ch\/fitness\/?s={search_term_string}\"},\"query-input\":{\"@type\":\"PropertyValueSpecification\",\"valueRequired\":true,\"valueName\":\"search_term_string\"}}],\"inLanguage\":\"de\"},{\"@type\":\"Organization\",\"@id\":\"https:\/\/rntl.ch\/fitness\/#organization\",\"name\":\"RNTL Fitness\",\"url\":\"https:\/\/rntl.ch\/fitness\/\",\"logo\":{\"@type\":\"ImageObject\",\"inLanguage\":\"de\",\"@id\":\"https:\/\/rntl.ch\/fitness\/#\/schema\/logo\/image\/\",\"url\":\"https:\/\/rntl.ch\/fitness\/wp-content\/uploads\/sites\/3\/2020\/11\/cropped-rntl_logo_white_530x150.png\",\"contentUrl\":\"https:\/\/rntl.ch\/fitness\/wp-content\/uploads\/sites\/3\/2020\/11\/cropped-rntl_logo_white_530x150.png\",\"width\":530,\"height\":150,\"caption\":\"RNTL Fitness\"},\"image\":{\"@id\":\"https:\/\/rntl.ch\/fitness\/#\/schema\/logo\/image\/\"}}]}<\/script>\n<!-- \/ Yoast SEO plugin. -->","yoast_head_json":{"title":"Bowflex C7 Spinning - RNTL Fitness","description":"Miete, kaufe, oder finanziere f\u00fcr das Ausdauertraining zu Hause das Spinning C6 von Bowflex. Perfekt f\u00fcr das Spinning zu Hause.","robots":{"index":"index","follow":"follow","max-snippet":"max-snippet:-1","max-image-preview":"max-image-preview:large","max-video-preview":"max-video-preview:-1"},"canonical":"https:\/\/rntl.ch\/fitness\/produkt\/bowflex-c7-spinning\/","og_locale":"de_DE","og_type":"article","og_title":"Bowflex C7 Spinning - RNTL Fitness","og_description":"Miete, kaufe, oder finanziere f\u00fcr das Ausdauertraining zu Hause das Spinning C6 von Bowflex. Perfekt f\u00fcr das Spinning zu Hause.","og_url":"https:\/\/rntl.ch\/fitness\/produkt\/bowflex-c7-spinning\/","og_site_name":"RNTL Fitness","article_modified_time":"2025-11-19T14:07:43+00:00","og_image":[{"width":2560,"height":1613,"url":"https:\/\/rntl.ch\/fitness\/wp-content\/uploads\/sites\/3\/2021\/05\/Bowflex-C7-Bike-2-scaled.jpeg","type":"image\/jpeg"}],"twitter_card":"summary_large_image","twitter_misc":{"Gesch\u00e4tzte Lesezeit":"1\u00a0Minute"},"schema":{"@context":"https:\/\/schema.org","@graph":[{"@type":"WebPage","@id":"https:\/\/rntl.ch\/fitness\/produkt\/bowflex-c7-spinning\/","url":"https:\/\/rntl.ch\/fitness\/produkt\/bowflex-c7-spinning\/","name":"Bowflex C7 Spinning - RNTL Fitness","isPartOf":{"@id":"https:\/\/rntl.ch\/fitness\/#website"},"primaryImageOfPage":{"@id":"https:\/\/rntl.ch\/fitness\/produkt\/bowflex-c7-spinning\/#primaryimage"},"image":{"@id":"https:\/\/rntl.ch\/fitness\/produkt\/bowflex-c7-spinning\/#primaryimage"},"thumbnailUrl":"https:\/\/rntl.ch\/fitness\/wp-content\/uploads\/sites\/3\/2021\/05\/Bowflex-C7-Bike-2-scaled.jpeg","datePublished":"2021-11-10T13:55:56+00:00","dateModified":"2025-11-19T14:07:43+00:00","description":"Miete, kaufe, oder finanziere f\u00fcr das Ausdauertraining zu Hause das Spinning C6 von Bowflex. Perfekt f\u00fcr das Spinning zu Hause.","breadcrumb":{"@id":"https:\/\/rntl.ch\/fitness\/produkt\/bowflex-c7-spinning\/#breadcrumb"},"inLanguage":"de","potentialAction":[{"@type":"ReadAction","target":["https:\/\/rntl.ch\/fitness\/produkt\/bowflex-c7-spinning\/"]}]},{"@type":"ImageObject","inLanguage":"de","@id":"https:\/\/rntl.ch\/fitness\/produkt\/bowflex-c7-spinning\/#primaryimage","url":"https:\/\/rntl.ch\/fitness\/wp-content\/uploads\/sites\/3\/2021\/05\/Bowflex-C7-Bike-2-scaled.jpeg","contentUrl":"https:\/\/rntl.ch\/fitness\/wp-content\/uploads\/sites\/3\/2021\/05\/Bowflex-C7-Bike-2-scaled.jpeg","width":2560,"height":1613},{"@type":"BreadcrumbList","@id":"https:\/\/rntl.ch\/fitness\/produkt\/bowflex-c7-spinning\/#breadcrumb","itemListElement":[{"@type":"ListItem","position":1,"name":"Startseite","item":"https:\/\/rntl.ch\/fitness\/"},{"@type":"ListItem","position":2,"name":"Shop","item":"https:\/\/rntl.ch\/fitness\/shop\/"},{"@type":"ListItem","position":3,"name":"Bowflex C7 Spinning"}]},{"@type":"WebSite","@id":"https:\/\/rntl.ch\/fitness\/#website","url":"https:\/\/rntl.ch\/fitness\/","name":"RNTL Fitness","description":"Mieten Einfach Anders","publisher":{"@id":"https:\/\/rntl.ch\/fitness\/#organization"},"potentialAction":[{"@type":"SearchAction","target":{"@type":"EntryPoint","urlTemplate":"https:\/\/rntl.ch\/fitness\/?s={search_term_string}"},"query-input":{"@type":"PropertyValueSpecification","valueRequired":true,"valueName":"search_term_string"}}],"inLanguage":"de"},{"@type":"Organization","@id":"https:\/\/rntl.ch\/fitness\/#organization","name":"RNTL Fitness","url":"https:\/\/rntl.ch\/fitness\/","logo":{"@type":"ImageObject","inLanguage":"de","@id":"https:\/\/rntl.ch\/fitness\/#\/schema\/logo\/image\/","url":"https:\/\/rntl.ch\/fitness\/wp-content\/uploads\/sites\/3\/2020\/11\/cropped-rntl_logo_white_530x150.png","contentUrl":"https:\/\/rntl.ch\/fitness\/wp-content\/uploads\/sites\/3\/2020\/11\/cropped-rntl_logo_white_530x150.png","width":530,"height":150,"caption":"RNTL Fitness"},"image":{"@id":"https:\/\/rntl.ch\/fitness\/#\/schema\/logo\/image\/"}}]}},"_links":{"self":[{"href":"https:\/\/rntl.ch\/fitness\/wp-json\/wp\/v2\/product\/14936","targetHints":{"allow":["GET"]}}],"collection":[{"href":"https:\/\/rntl.ch\/fitness\/wp-json\/wp\/v2\/product"}],"about":[{"href":"https:\/\/rntl.ch\/fitness\/wp-json\/wp\/v2\/types\/product"}],"version-history":[{"count":0,"href":"https:\/\/rntl.ch\/fitness\/wp-json\/wp\/v2\/product\/14936\/revisions"}],"wp:featuredmedia":[{"embeddable":true,"href":"https:\/\/rntl.ch\/fitness\/wp-json\/wp\/v2\/media\/12152"}],"wp:attachment":[{"href":"https:\/\/rntl.ch\/fitness\/wp-json\/wp\/v2\/media?parent=14936"}],"wp:term":[{"taxonomy":"product_brand","embeddable":true,"href":"https:\/\/rntl.ch\/fitness\/wp-json\/wp\/v2\/product_brand?post=14936"},{"taxonomy":"product_cat","embeddable":true,"href":"https:\/\/rntl.ch\/fitness\/wp-json\/wp\/v2\/product_cat?post=14936"},{"taxonomy":"product_tag","embeddable":true,"href":"https:\/\/rntl.ch\/fitness\/wp-json\/wp\/v2\/product_tag?post=14936"}],"curies":[{"name":"wp","href":"https:\/\/api.w.org\/{rel}","templated":true}]}}