{"id":17522,"date":"2022-03-30T12:02:33","date_gmt":"2022-03-30T10:02:33","guid":{"rendered":"https:\/\/rntl.ch\/fitness\/?post_type=product&#038;p=17522"},"modified":"2026-01-06T18:26:13","modified_gmt":"2026-01-06T17:26:13","slug":"bowflex-max-total","status":"publish","type":"product","link":"https:\/\/rntl.ch\/fitness\/produkt\/bowflex-max-total\/","title":{"rendered":"Bowflex Max Total"},"content":{"rendered":"<p><b>Max Total\u2122<\/b><br \/>\nGef\u00fchrte Coaching-Konsole + Streaming-Unterhaltung<\/p>\n<p><b>Personalisierte Coaching-Technologie<\/b><br \/>\nDie Konsole JRNY\u2122 bietet eine personalisierte Fitness-Erfahrung die Ihr Fitness-Level analysiert, sie durch t\u00e4gliche auf sie zugeschnittene Workouts f\u00fchrt und l\u00e4sst Ihnen die Wahl zwischen von Trainern gef\u00fchrten Videos, Ziele die Ihrer Geschwindigkeit entsprechen, und mehr.<br \/>\n*JRNY\u2122 kostenpflichtiges Abonnement erforderlich.<\/p>\n<p><b>Streaming-Unterhaltung<\/b><br \/>\nGeniessen Sie einige Ihrer Lieblingssendungen, w\u00e4hrend Sie trainieren! Netflix anschauen und Amazon Prime Video auf dem 9.6-Zoll-Touchscreen und greifen Sie auf Ihre<br \/>\nMassgeschneiderte Coaching- und Workout-Metriken gleichzeitig ohne Umschalten zwischen den Bildschirmen.<\/p>\n<p><b>2 in 1<\/b><br \/>\nMax kombiniert die gelenkschonende Ganzk\u00f6rperbewegung eines Ellipsentrainers mit der Kraft eines Steppers, damit Sie Kalorien verbrennen k\u00f6nnen und hilft Ihnen die Vorteile eines l\u00e4ngeren Trainings in wenigen Minuten zu absolvieren.<\/p>\n<p><b>Platz sparen<\/b><br \/>\nBei einem Bruchteil der Gr\u00f6sse der meisten Ellipsentrainer und Laufb\u00e4nder ist dieses Trainingsger\u00e4t sehr platzsparend. Der Max Trainer rollt leicht in fast jede Ecke Ihres Hauses.<\/p>\n<p><b>MERKMALE<\/b><br \/>\n\u00bb Dreifach positionierter Lenker<br \/>\n\u00bb Wasser-Flaschenhalter<br \/>\n\u00bb Integrierter Tablet-Halter<br \/>\n\u00bb Transport-R\u00e4der<\/p>\n<p><b>TECHNOLOGIE<\/b><br \/>\n\u00bb Bluetooth\u00ae-Verbindung<br \/>\n\u00bb 9,6&#8243;-Touchscreen<b>\u00a0(WiFi-Verbindung erforderlich)<\/b><br \/>\n\u00bb JRNY\u2122 Konsole<br \/>\n\u00bb Explore the World-App<br \/>\n\u00bb Tracking f\u00fcr unbegrenzte Benutzer<br \/>\n\u00bb 20 Widerstandsstufen<br \/>\n\u00bb 8 Trainingsprogramme<br \/>\n\u00bb Integrierte Handpulssensoren<br \/>\n\u00bb Inklusive Bluetooth-Herzfrequenz-Armband<br \/>\n\u00bb USB-Ladeanschluss<\/p>\n<p><b>GER\u00c4TE SPEZIFIKATIONEN<\/b><br \/>\n\u00bb Dimensionen: 124.5 x 77.5 x 166.4 cm<br \/>\n\u00bb Mitgelieferter AC-Adapter<br \/>\n\u00bb Produkte-Gewicht: 67 Kg<br \/>\n\u00bb Maximale Belastung: 136 kg<\/p>\n<p><b>Hinweis:<\/b><br \/>\nDer MAX Trainer Total ben\u00f6tigt WLAN-Verbindung um das Ger\u00e4t in Betrieb zu nehmen<br \/>\nDie Konsole ist nur in englischer Sprache<br \/>\nBedienungs- und Montageanleitung in verschiedenen Sprachen<\/p>\n","protected":false},"excerpt":{"rendered":"<p>Der Bowflex Max Total Personalisierte Workouts ab nur 4 Minuten<br \/>\n<strong>Kaufpreis [woo_custom_field id=\"rntl_retail_price_field\"].-<\/strong><\/p>\n[rntl_page_content id=\"14687\"]\n<p>&nbsp;<\/p>\n","protected":false},"featured_media":17525,"template":"","meta":{"content-type":""},"product_brand":[],"product_cat":[23],"product_tag":[112],"class_list":{"0":"post-17522","1":"product","2":"type-product","3":"status-publish","4":"has-post-thumbnail","6":"product_cat-crosstrainer","7":"product_tag-mieten","8":"product_shipping_class-mittel","9":"tm-no-options","11":"first","12":"onbackorder","13":"taxable","14":"shipping-taxable","15":"purchasable","16":"product-type-variable-subscription","17":"has-default-attributes"},"yoast_head":"<!-- This site is optimized with the Yoast SEO plugin v26.3 - https:\/\/yoast.com\/wordpress\/plugins\/seo\/ -->\n<title>Bowflex Max Total - RNTL Fitness<\/title>\n<meta name=\"description\" content=\"Miete, kaufe, oder finanziere f\u00fcr das Ausdauertraining zu Hause den Bowflex Max Total bei RNTL. Mietvertrag online abschliessen.\" \/>\n<meta name=\"robots\" content=\"index, follow, max-snippet:-1, max-image-preview:large, max-video-preview:-1\" \/>\n<link rel=\"canonical\" href=\"https:\/\/rntl.ch\/fitness\/produkt\/bowflex-max-total\/\" \/>\n<meta property=\"og:locale\" content=\"de_DE\" \/>\n<meta property=\"og:type\" content=\"article\" \/>\n<meta property=\"og:title\" content=\"Bowflex Max Total - RNTL Fitness\" \/>\n<meta property=\"og:description\" content=\"Miete, kaufe, oder finanziere f\u00fcr das Ausdauertraining zu Hause den Bowflex Max Total bei RNTL. Mietvertrag online abschliessen.\" \/>\n<meta property=\"og:url\" content=\"https:\/\/rntl.ch\/fitness\/produkt\/bowflex-max-total\/\" \/>\n<meta property=\"og:site_name\" content=\"RNTL Fitness\" \/>\n<meta property=\"article:modified_time\" content=\"2026-01-06T17:26:13+00:00\" \/>\n<meta property=\"og:image\" content=\"https:\/\/rntl.ch\/fitness\/wp-content\/uploads\/sites\/3\/2022\/03\/MAX-M10-ROTATION-01-16-19-315.jpeg\" \/>\n\t<meta property=\"og:image:width\" content=\"800\" \/>\n\t<meta property=\"og:image:height\" content=\"496\" \/>\n\t<meta property=\"og:image:type\" content=\"image\/jpeg\" \/>\n<meta name=\"twitter:card\" content=\"summary_large_image\" \/>\n<meta name=\"twitter:label1\" content=\"Gesch\u00e4tzte Lesezeit\" \/>\n\t<meta name=\"twitter:data1\" content=\"1\u00a0Minute\" \/>\n<script type=\"application\/ld+json\" class=\"yoast-schema-graph\">{\"@context\":\"https:\/\/schema.org\",\"@graph\":[{\"@type\":\"WebPage\",\"@id\":\"https:\/\/rntl.ch\/fitness\/produkt\/bowflex-max-total\/\",\"url\":\"https:\/\/rntl.ch\/fitness\/produkt\/bowflex-max-total\/\",\"name\":\"Bowflex Max Total - RNTL Fitness\",\"isPartOf\":{\"@id\":\"https:\/\/rntl.ch\/fitness\/#website\"},\"primaryImageOfPage\":{\"@id\":\"https:\/\/rntl.ch\/fitness\/produkt\/bowflex-max-total\/#primaryimage\"},\"image\":{\"@id\":\"https:\/\/rntl.ch\/fitness\/produkt\/bowflex-max-total\/#primaryimage\"},\"thumbnailUrl\":\"https:\/\/rntl.ch\/fitness\/wp-content\/uploads\/sites\/3\/2022\/03\/MAX-M10-ROTATION-01-16-19-315.jpeg\",\"datePublished\":\"2022-03-30T10:02:33+00:00\",\"dateModified\":\"2026-01-06T17:26:13+00:00\",\"description\":\"Miete, kaufe, oder finanziere f\u00fcr das Ausdauertraining zu Hause den Bowflex Max Total bei RNTL. Mietvertrag online abschliessen.\",\"breadcrumb\":{\"@id\":\"https:\/\/rntl.ch\/fitness\/produkt\/bowflex-max-total\/#breadcrumb\"},\"inLanguage\":\"de\",\"potentialAction\":[{\"@type\":\"ReadAction\",\"target\":[\"https:\/\/rntl.ch\/fitness\/produkt\/bowflex-max-total\/\"]}]},{\"@type\":\"ImageObject\",\"inLanguage\":\"de\",\"@id\":\"https:\/\/rntl.ch\/fitness\/produkt\/bowflex-max-total\/#primaryimage\",\"url\":\"https:\/\/rntl.ch\/fitness\/wp-content\/uploads\/sites\/3\/2022\/03\/MAX-M10-ROTATION-01-16-19-315.jpeg\",\"contentUrl\":\"https:\/\/rntl.ch\/fitness\/wp-content\/uploads\/sites\/3\/2022\/03\/MAX-M10-ROTATION-01-16-19-315.jpeg\",\"width\":800,\"height\":496},{\"@type\":\"BreadcrumbList\",\"@id\":\"https:\/\/rntl.ch\/fitness\/produkt\/bowflex-max-total\/#breadcrumb\",\"itemListElement\":[{\"@type\":\"ListItem\",\"position\":1,\"name\":\"Startseite\",\"item\":\"https:\/\/rntl.ch\/fitness\/\"},{\"@type\":\"ListItem\",\"position\":2,\"name\":\"Shop\",\"item\":\"https:\/\/rntl.ch\/fitness\/shop\/\"},{\"@type\":\"ListItem\",\"position\":3,\"name\":\"Bowflex Max Total\"}]},{\"@type\":\"WebSite\",\"@id\":\"https:\/\/rntl.ch\/fitness\/#website\",\"url\":\"https:\/\/rntl.ch\/fitness\/\",\"name\":\"RNTL Fitness\",\"description\":\"Mieten Einfach Anders\",\"publisher\":{\"@id\":\"https:\/\/rntl.ch\/fitness\/#organization\"},\"potentialAction\":[{\"@type\":\"SearchAction\",\"target\":{\"@type\":\"EntryPoint\",\"urlTemplate\":\"https:\/\/rntl.ch\/fitness\/?s={search_term_string}\"},\"query-input\":{\"@type\":\"PropertyValueSpecification\",\"valueRequired\":true,\"valueName\":\"search_term_string\"}}],\"inLanguage\":\"de\"},{\"@type\":\"Organization\",\"@id\":\"https:\/\/rntl.ch\/fitness\/#organization\",\"name\":\"RNTL Fitness\",\"url\":\"https:\/\/rntl.ch\/fitness\/\",\"logo\":{\"@type\":\"ImageObject\",\"inLanguage\":\"de\",\"@id\":\"https:\/\/rntl.ch\/fitness\/#\/schema\/logo\/image\/\",\"url\":\"https:\/\/rntl.ch\/fitness\/wp-content\/uploads\/sites\/3\/2020\/11\/cropped-rntl_logo_white_530x150.png\",\"contentUrl\":\"https:\/\/rntl.ch\/fitness\/wp-content\/uploads\/sites\/3\/2020\/11\/cropped-rntl_logo_white_530x150.png\",\"width\":530,\"height\":150,\"caption\":\"RNTL Fitness\"},\"image\":{\"@id\":\"https:\/\/rntl.ch\/fitness\/#\/schema\/logo\/image\/\"}}]}<\/script>\n<!-- \/ Yoast SEO plugin. -->","yoast_head_json":{"title":"Bowflex Max Total - RNTL Fitness","description":"Miete, kaufe, oder finanziere f\u00fcr das Ausdauertraining zu Hause den Bowflex Max Total bei RNTL. Mietvertrag online abschliessen.","robots":{"index":"index","follow":"follow","max-snippet":"max-snippet:-1","max-image-preview":"max-image-preview:large","max-video-preview":"max-video-preview:-1"},"canonical":"https:\/\/rntl.ch\/fitness\/produkt\/bowflex-max-total\/","og_locale":"de_DE","og_type":"article","og_title":"Bowflex Max Total - RNTL Fitness","og_description":"Miete, kaufe, oder finanziere f\u00fcr das Ausdauertraining zu Hause den Bowflex Max Total bei RNTL. Mietvertrag online abschliessen.","og_url":"https:\/\/rntl.ch\/fitness\/produkt\/bowflex-max-total\/","og_site_name":"RNTL Fitness","article_modified_time":"2026-01-06T17:26:13+00:00","og_image":[{"width":800,"height":496,"url":"https:\/\/rntl.ch\/fitness\/wp-content\/uploads\/sites\/3\/2022\/03\/MAX-M10-ROTATION-01-16-19-315.jpeg","type":"image\/jpeg"}],"twitter_card":"summary_large_image","twitter_misc":{"Gesch\u00e4tzte Lesezeit":"1\u00a0Minute"},"schema":{"@context":"https:\/\/schema.org","@graph":[{"@type":"WebPage","@id":"https:\/\/rntl.ch\/fitness\/produkt\/bowflex-max-total\/","url":"https:\/\/rntl.ch\/fitness\/produkt\/bowflex-max-total\/","name":"Bowflex Max Total - RNTL Fitness","isPartOf":{"@id":"https:\/\/rntl.ch\/fitness\/#website"},"primaryImageOfPage":{"@id":"https:\/\/rntl.ch\/fitness\/produkt\/bowflex-max-total\/#primaryimage"},"image":{"@id":"https:\/\/rntl.ch\/fitness\/produkt\/bowflex-max-total\/#primaryimage"},"thumbnailUrl":"https:\/\/rntl.ch\/fitness\/wp-content\/uploads\/sites\/3\/2022\/03\/MAX-M10-ROTATION-01-16-19-315.jpeg","datePublished":"2022-03-30T10:02:33+00:00","dateModified":"2026-01-06T17:26:13+00:00","description":"Miete, kaufe, oder finanziere f\u00fcr das Ausdauertraining zu Hause den Bowflex Max Total bei RNTL. Mietvertrag online abschliessen.","breadcrumb":{"@id":"https:\/\/rntl.ch\/fitness\/produkt\/bowflex-max-total\/#breadcrumb"},"inLanguage":"de","potentialAction":[{"@type":"ReadAction","target":["https:\/\/rntl.ch\/fitness\/produkt\/bowflex-max-total\/"]}]},{"@type":"ImageObject","inLanguage":"de","@id":"https:\/\/rntl.ch\/fitness\/produkt\/bowflex-max-total\/#primaryimage","url":"https:\/\/rntl.ch\/fitness\/wp-content\/uploads\/sites\/3\/2022\/03\/MAX-M10-ROTATION-01-16-19-315.jpeg","contentUrl":"https:\/\/rntl.ch\/fitness\/wp-content\/uploads\/sites\/3\/2022\/03\/MAX-M10-ROTATION-01-16-19-315.jpeg","width":800,"height":496},{"@type":"BreadcrumbList","@id":"https:\/\/rntl.ch\/fitness\/produkt\/bowflex-max-total\/#breadcrumb","itemListElement":[{"@type":"ListItem","position":1,"name":"Startseite","item":"https:\/\/rntl.ch\/fitness\/"},{"@type":"ListItem","position":2,"name":"Shop","item":"https:\/\/rntl.ch\/fitness\/shop\/"},{"@type":"ListItem","position":3,"name":"Bowflex Max Total"}]},{"@type":"WebSite","@id":"https:\/\/rntl.ch\/fitness\/#website","url":"https:\/\/rntl.ch\/fitness\/","name":"RNTL Fitness","description":"Mieten Einfach Anders","publisher":{"@id":"https:\/\/rntl.ch\/fitness\/#organization"},"potentialAction":[{"@type":"SearchAction","target":{"@type":"EntryPoint","urlTemplate":"https:\/\/rntl.ch\/fitness\/?s={search_term_string}"},"query-input":{"@type":"PropertyValueSpecification","valueRequired":true,"valueName":"search_term_string"}}],"inLanguage":"de"},{"@type":"Organization","@id":"https:\/\/rntl.ch\/fitness\/#organization","name":"RNTL Fitness","url":"https:\/\/rntl.ch\/fitness\/","logo":{"@type":"ImageObject","inLanguage":"de","@id":"https:\/\/rntl.ch\/fitness\/#\/schema\/logo\/image\/","url":"https:\/\/rntl.ch\/fitness\/wp-content\/uploads\/sites\/3\/2020\/11\/cropped-rntl_logo_white_530x150.png","contentUrl":"https:\/\/rntl.ch\/fitness\/wp-content\/uploads\/sites\/3\/2020\/11\/cropped-rntl_logo_white_530x150.png","width":530,"height":150,"caption":"RNTL Fitness"},"image":{"@id":"https:\/\/rntl.ch\/fitness\/#\/schema\/logo\/image\/"}}]}},"_links":{"self":[{"href":"https:\/\/rntl.ch\/fitness\/wp-json\/wp\/v2\/product\/17522","targetHints":{"allow":["GET"]}}],"collection":[{"href":"https:\/\/rntl.ch\/fitness\/wp-json\/wp\/v2\/product"}],"about":[{"href":"https:\/\/rntl.ch\/fitness\/wp-json\/wp\/v2\/types\/product"}],"version-history":[{"count":0,"href":"https:\/\/rntl.ch\/fitness\/wp-json\/wp\/v2\/product\/17522\/revisions"}],"wp:featuredmedia":[{"embeddable":true,"href":"https:\/\/rntl.ch\/fitness\/wp-json\/wp\/v2\/media\/17525"}],"wp:attachment":[{"href":"https:\/\/rntl.ch\/fitness\/wp-json\/wp\/v2\/media?parent=17522"}],"wp:term":[{"taxonomy":"product_brand","embeddable":true,"href":"https:\/\/rntl.ch\/fitness\/wp-json\/wp\/v2\/product_brand?post=17522"},{"taxonomy":"product_cat","embeddable":true,"href":"https:\/\/rntl.ch\/fitness\/wp-json\/wp\/v2\/product_cat?post=17522"},{"taxonomy":"product_tag","embeddable":true,"href":"https:\/\/rntl.ch\/fitness\/wp-json\/wp\/v2\/product_tag?post=17522"}],"curies":[{"name":"wp","href":"https:\/\/api.w.org\/{rel}","templated":true}]}}