{"id":19054,"date":"2022-08-18T09:07:01","date_gmt":"2022-08-18T07:07:01","guid":{"rendered":"https:\/\/rntl.ch\/fitness\/?post_type=product&#038;p=19054"},"modified":"2024-11-18T09:03:10","modified_gmt":"2024-11-18T08:03:10","slug":"viking-3-ar-plus-2","status":"publish","type":"product","link":"https:\/\/rntl.ch\/fitness\/produkt\/viking-3-ar-plus-2\/","title":{"rendered":"Viking 3 AR Plus"},"content":{"rendered":"<ul>\n<li>Widerstandsf\u00e4hige, doppelte Lackschicht f\u00fcr lange Haltbarkeit<\/li>\n<li><strong>Hochwertige, extrem widerstandsf\u00e4hige Verarbeitung und wenige Schraubverbindungen<\/strong><\/li>\n<li>Oberer Rahmen ist aus einem einzigen St\u00fcck gebogenem Holz geformt (keine Verschraubungen o.\u00e4.) &#8211; f\u00fcr ein Maximum an Stabilit\u00e4t!<\/li>\n<li>Kein &#8222;toter&#8220; Punkt: Dreifach-Edelstahlfl\u00fcgelrad sorgt f\u00fcr einen direkten und konsequenten Widerstand w\u00e4hrend des gesamten Ruderschlags<\/li>\n<li>Einstellung des Widerstandes \u00fcber einfache Drehung des gelben Knopfes, Anpassungsf\u00e4hig je nach gew\u00fcnschter Intensit\u00e4t<\/li>\n<li>Wassertank aus robustem Polycarbonat<\/li>\n<li>Langes Zugseil, auch f\u00fcr gr\u00f6\u00dfere Nutzer jenseits von 2 Meter K\u00f6rpergr\u00f6\u00dfe<\/li>\n<li>Ergonomischer Sitz f\u00fcr bequeme und ergonomische Haltung<\/li>\n<li>Ruhige und reibungslose Schienen, perfekt geeignet f\u00fcr ambitioniertes Heimtraining<\/li>\n<li>Verstellbare F\u00fc\u00dfst\u00fctzen mit separaten Fu\u00dfschlaufen f\u00fcr optimalen Halt<\/li>\n<li>Gro\u00dfe, leicht zu bedienende Konsole informiert permanent \u00fcber Trainingsstrecke, Trainingszeit, Schlagfrequenz, Gesamtstrecke, Kalorienverbrauch, Watt, Herzfrequenz (optional)<\/li>\n<li><strong>Herzfrequenzmessung ist optional m\u00f6glich (hierf\u00fcr notwendige Brustgurt sowie Empf\u00e4nger sind als Zubeh\u00f6r erh\u00e4ltlich)<\/strong><\/li>\n<li>Trainingscomputer ber\u00fccksichtigt die Einstellung des Widerstandes (Wassermenge), wodurch Daten wie Kalorienverbauch exakter angegeben werden.<\/li>\n<li>Max. Benutzergewicht &#8211; First Degree Fitness Viking 3 AR Ruderger\u00e4t: 150 kg<\/li>\n<li>Aufstellma\u00dfe &#8211; First Degree Fitness Viking 3 AR Ruderger\u00e4t: (L) 214 cm x (B) 54 cm x (H) 55 cm<br \/>\ngeklappt &#8211; First Degree Fitness Viking 3 AR Ruderger\u00e4t: (L) 55 cm x (B) 54 cm x (H) 214 cm<\/li>\n<\/ul>\n","protected":false},"excerpt":{"rendered":"<p>Beim First Degree Fitness Viking 3 AR Ruderger\u00e4t bestehen die Schienen und der Rahmen aus amerikanischem Eschenholz. Das Besondere: am Viking 3: Der Frontrahmen ist &#8211; im Vergleich zu vielen anderen Ger\u00e4ten &#8211; aus einem St\u00fcck Echtholz gefertigt. Dadurch ist das Ruderger\u00e4t noch robuster! Zudem profitiert auch die Optik.<\/p>\n<p><strong>Neupreis [woo_custom_field id=\"rntl_retail_price_field\"].-<\/strong><\/p>\n[rntl_page_content id=\"14687\"]\n","protected":false},"featured_media":7289,"template":"","meta":{"content-type":""},"product_brand":[],"product_cat":[29],"product_tag":[112],"class_list":{"0":"post-19054","1":"product","2":"type-product","3":"status-publish","4":"has-post-thumbnail","6":"product_cat-rudergeraete","7":"product_tag-mieten","8":"product_shipping_class-mittel","9":"tm-no-options","11":"first","12":"onbackorder","13":"taxable","14":"shipping-taxable","15":"purchasable","16":"product-type-variable-subscription","17":"has-default-attributes"},"yoast_head":"<!-- This site is optimized with the Yoast SEO plugin v26.3 - https:\/\/yoast.com\/wordpress\/plugins\/seo\/ -->\n<title>Viking 3 AR Plus - RNTL Fitness<\/title>\n<meta name=\"robots\" content=\"index, follow, max-snippet:-1, max-image-preview:large, max-video-preview:-1\" \/>\n<link rel=\"canonical\" href=\"https:\/\/rntl.ch\/fitness\/produkt\/viking-3-ar-plus-2\/\" \/>\n<meta property=\"og:locale\" content=\"de_DE\" \/>\n<meta property=\"og:type\" content=\"article\" \/>\n<meta property=\"og:title\" content=\"Viking 3 AR Plus - RNTL Fitness\" \/>\n<meta property=\"og:description\" content=\"Beim First Degree Fitness Viking 3 AR Ruderger\u00e4t bestehen die Schienen und der Rahmen aus amerikanischem Eschenholz. Das Besondere: am Viking 3: Der Frontrahmen ist - im Vergleich zu vielen anderen Ger\u00e4ten - aus einem St\u00fcck Echtholz gefertigt. Dadurch ist das Ruderger\u00e4t noch robuster! Zudem profitiert auch die Optik.  Neupreis .-\" \/>\n<meta property=\"og:url\" content=\"https:\/\/rntl.ch\/fitness\/produkt\/viking-3-ar-plus-2\/\" \/>\n<meta property=\"og:site_name\" content=\"RNTL Fitness\" \/>\n<meta property=\"article:modified_time\" content=\"2024-11-18T08:03:10+00:00\" \/>\n<meta property=\"og:image\" content=\"https:\/\/rntl.ch\/fitness\/wp-content\/uploads\/sites\/3\/2020\/04\/Viking-3-AR-Plus_2_1800x1800.jpeg\" \/>\n\t<meta property=\"og:image:width\" content=\"1800\" \/>\n\t<meta property=\"og:image:height\" content=\"1800\" \/>\n\t<meta property=\"og:image:type\" content=\"image\/jpeg\" \/>\n<meta name=\"twitter:card\" content=\"summary_large_image\" \/>\n<meta name=\"twitter:label1\" content=\"Gesch\u00e4tzte Lesezeit\" \/>\n\t<meta name=\"twitter:data1\" content=\"2\u00a0Minuten\" \/>\n<script type=\"application\/ld+json\" class=\"yoast-schema-graph\">{\"@context\":\"https:\/\/schema.org\",\"@graph\":[{\"@type\":\"WebPage\",\"@id\":\"https:\/\/rntl.ch\/fitness\/produkt\/viking-3-ar-plus-2\/\",\"url\":\"https:\/\/rntl.ch\/fitness\/produkt\/viking-3-ar-plus-2\/\",\"name\":\"Viking 3 AR Plus - RNTL Fitness\",\"isPartOf\":{\"@id\":\"https:\/\/rntl.ch\/fitness\/#website\"},\"primaryImageOfPage\":{\"@id\":\"https:\/\/rntl.ch\/fitness\/produkt\/viking-3-ar-plus-2\/#primaryimage\"},\"image\":{\"@id\":\"https:\/\/rntl.ch\/fitness\/produkt\/viking-3-ar-plus-2\/#primaryimage\"},\"thumbnailUrl\":\"https:\/\/rntl.ch\/fitness\/wp-content\/uploads\/sites\/3\/2020\/04\/Viking-3-AR-Plus_2_1800x1800.jpeg\",\"datePublished\":\"2022-08-18T07:07:01+00:00\",\"dateModified\":\"2024-11-18T08:03:10+00:00\",\"breadcrumb\":{\"@id\":\"https:\/\/rntl.ch\/fitness\/produkt\/viking-3-ar-plus-2\/#breadcrumb\"},\"inLanguage\":\"de\",\"potentialAction\":[{\"@type\":\"ReadAction\",\"target\":[\"https:\/\/rntl.ch\/fitness\/produkt\/viking-3-ar-plus-2\/\"]}]},{\"@type\":\"ImageObject\",\"inLanguage\":\"de\",\"@id\":\"https:\/\/rntl.ch\/fitness\/produkt\/viking-3-ar-plus-2\/#primaryimage\",\"url\":\"https:\/\/rntl.ch\/fitness\/wp-content\/uploads\/sites\/3\/2020\/04\/Viking-3-AR-Plus_2_1800x1800.jpeg\",\"contentUrl\":\"https:\/\/rntl.ch\/fitness\/wp-content\/uploads\/sites\/3\/2020\/04\/Viking-3-AR-Plus_2_1800x1800.jpeg\",\"width\":1800,\"height\":1800},{\"@type\":\"BreadcrumbList\",\"@id\":\"https:\/\/rntl.ch\/fitness\/produkt\/viking-3-ar-plus-2\/#breadcrumb\",\"itemListElement\":[{\"@type\":\"ListItem\",\"position\":1,\"name\":\"Startseite\",\"item\":\"https:\/\/rntl.ch\/fitness\/\"},{\"@type\":\"ListItem\",\"position\":2,\"name\":\"Shop\",\"item\":\"https:\/\/rntl.ch\/fitness\/shop\/\"},{\"@type\":\"ListItem\",\"position\":3,\"name\":\"Viking 3 AR Plus\"}]},{\"@type\":\"WebSite\",\"@id\":\"https:\/\/rntl.ch\/fitness\/#website\",\"url\":\"https:\/\/rntl.ch\/fitness\/\",\"name\":\"RNTL Fitness\",\"description\":\"Mieten Einfach Anders\",\"publisher\":{\"@id\":\"https:\/\/rntl.ch\/fitness\/#organization\"},\"potentialAction\":[{\"@type\":\"SearchAction\",\"target\":{\"@type\":\"EntryPoint\",\"urlTemplate\":\"https:\/\/rntl.ch\/fitness\/?s={search_term_string}\"},\"query-input\":{\"@type\":\"PropertyValueSpecification\",\"valueRequired\":true,\"valueName\":\"search_term_string\"}}],\"inLanguage\":\"de\"},{\"@type\":\"Organization\",\"@id\":\"https:\/\/rntl.ch\/fitness\/#organization\",\"name\":\"RNTL Fitness\",\"url\":\"https:\/\/rntl.ch\/fitness\/\",\"logo\":{\"@type\":\"ImageObject\",\"inLanguage\":\"de\",\"@id\":\"https:\/\/rntl.ch\/fitness\/#\/schema\/logo\/image\/\",\"url\":\"https:\/\/rntl.ch\/fitness\/wp-content\/uploads\/sites\/3\/2020\/11\/cropped-rntl_logo_white_530x150.png\",\"contentUrl\":\"https:\/\/rntl.ch\/fitness\/wp-content\/uploads\/sites\/3\/2020\/11\/cropped-rntl_logo_white_530x150.png\",\"width\":530,\"height\":150,\"caption\":\"RNTL Fitness\"},\"image\":{\"@id\":\"https:\/\/rntl.ch\/fitness\/#\/schema\/logo\/image\/\"}}]}<\/script>\n<!-- \/ Yoast SEO plugin. -->","yoast_head_json":{"title":"Viking 3 AR Plus - RNTL Fitness","robots":{"index":"index","follow":"follow","max-snippet":"max-snippet:-1","max-image-preview":"max-image-preview:large","max-video-preview":"max-video-preview:-1"},"canonical":"https:\/\/rntl.ch\/fitness\/produkt\/viking-3-ar-plus-2\/","og_locale":"de_DE","og_type":"article","og_title":"Viking 3 AR Plus - RNTL Fitness","og_description":"Beim First Degree Fitness Viking 3 AR Ruderger\u00e4t bestehen die Schienen und der Rahmen aus amerikanischem Eschenholz. Das Besondere: am Viking 3: Der Frontrahmen ist - im Vergleich zu vielen anderen Ger\u00e4ten - aus einem St\u00fcck Echtholz gefertigt. Dadurch ist das Ruderger\u00e4t noch robuster! Zudem profitiert auch die Optik.  Neupreis .-","og_url":"https:\/\/rntl.ch\/fitness\/produkt\/viking-3-ar-plus-2\/","og_site_name":"RNTL Fitness","article_modified_time":"2024-11-18T08:03:10+00:00","og_image":[{"width":1800,"height":1800,"url":"https:\/\/rntl.ch\/fitness\/wp-content\/uploads\/sites\/3\/2020\/04\/Viking-3-AR-Plus_2_1800x1800.jpeg","type":"image\/jpeg"}],"twitter_card":"summary_large_image","twitter_misc":{"Gesch\u00e4tzte Lesezeit":"2\u00a0Minuten"},"schema":{"@context":"https:\/\/schema.org","@graph":[{"@type":"WebPage","@id":"https:\/\/rntl.ch\/fitness\/produkt\/viking-3-ar-plus-2\/","url":"https:\/\/rntl.ch\/fitness\/produkt\/viking-3-ar-plus-2\/","name":"Viking 3 AR Plus - RNTL Fitness","isPartOf":{"@id":"https:\/\/rntl.ch\/fitness\/#website"},"primaryImageOfPage":{"@id":"https:\/\/rntl.ch\/fitness\/produkt\/viking-3-ar-plus-2\/#primaryimage"},"image":{"@id":"https:\/\/rntl.ch\/fitness\/produkt\/viking-3-ar-plus-2\/#primaryimage"},"thumbnailUrl":"https:\/\/rntl.ch\/fitness\/wp-content\/uploads\/sites\/3\/2020\/04\/Viking-3-AR-Plus_2_1800x1800.jpeg","datePublished":"2022-08-18T07:07:01+00:00","dateModified":"2024-11-18T08:03:10+00:00","breadcrumb":{"@id":"https:\/\/rntl.ch\/fitness\/produkt\/viking-3-ar-plus-2\/#breadcrumb"},"inLanguage":"de","potentialAction":[{"@type":"ReadAction","target":["https:\/\/rntl.ch\/fitness\/produkt\/viking-3-ar-plus-2\/"]}]},{"@type":"ImageObject","inLanguage":"de","@id":"https:\/\/rntl.ch\/fitness\/produkt\/viking-3-ar-plus-2\/#primaryimage","url":"https:\/\/rntl.ch\/fitness\/wp-content\/uploads\/sites\/3\/2020\/04\/Viking-3-AR-Plus_2_1800x1800.jpeg","contentUrl":"https:\/\/rntl.ch\/fitness\/wp-content\/uploads\/sites\/3\/2020\/04\/Viking-3-AR-Plus_2_1800x1800.jpeg","width":1800,"height":1800},{"@type":"BreadcrumbList","@id":"https:\/\/rntl.ch\/fitness\/produkt\/viking-3-ar-plus-2\/#breadcrumb","itemListElement":[{"@type":"ListItem","position":1,"name":"Startseite","item":"https:\/\/rntl.ch\/fitness\/"},{"@type":"ListItem","position":2,"name":"Shop","item":"https:\/\/rntl.ch\/fitness\/shop\/"},{"@type":"ListItem","position":3,"name":"Viking 3 AR Plus"}]},{"@type":"WebSite","@id":"https:\/\/rntl.ch\/fitness\/#website","url":"https:\/\/rntl.ch\/fitness\/","name":"RNTL Fitness","description":"Mieten Einfach Anders","publisher":{"@id":"https:\/\/rntl.ch\/fitness\/#organization"},"potentialAction":[{"@type":"SearchAction","target":{"@type":"EntryPoint","urlTemplate":"https:\/\/rntl.ch\/fitness\/?s={search_term_string}"},"query-input":{"@type":"PropertyValueSpecification","valueRequired":true,"valueName":"search_term_string"}}],"inLanguage":"de"},{"@type":"Organization","@id":"https:\/\/rntl.ch\/fitness\/#organization","name":"RNTL Fitness","url":"https:\/\/rntl.ch\/fitness\/","logo":{"@type":"ImageObject","inLanguage":"de","@id":"https:\/\/rntl.ch\/fitness\/#\/schema\/logo\/image\/","url":"https:\/\/rntl.ch\/fitness\/wp-content\/uploads\/sites\/3\/2020\/11\/cropped-rntl_logo_white_530x150.png","contentUrl":"https:\/\/rntl.ch\/fitness\/wp-content\/uploads\/sites\/3\/2020\/11\/cropped-rntl_logo_white_530x150.png","width":530,"height":150,"caption":"RNTL Fitness"},"image":{"@id":"https:\/\/rntl.ch\/fitness\/#\/schema\/logo\/image\/"}}]}},"_links":{"self":[{"href":"https:\/\/rntl.ch\/fitness\/wp-json\/wp\/v2\/product\/19054","targetHints":{"allow":["GET"]}}],"collection":[{"href":"https:\/\/rntl.ch\/fitness\/wp-json\/wp\/v2\/product"}],"about":[{"href":"https:\/\/rntl.ch\/fitness\/wp-json\/wp\/v2\/types\/product"}],"version-history":[{"count":1,"href":"https:\/\/rntl.ch\/fitness\/wp-json\/wp\/v2\/product\/19054\/revisions"}],"predecessor-version":[{"id":31050,"href":"https:\/\/rntl.ch\/fitness\/wp-json\/wp\/v2\/product\/19054\/revisions\/31050"}],"wp:featuredmedia":[{"embeddable":true,"href":"https:\/\/rntl.ch\/fitness\/wp-json\/wp\/v2\/media\/7289"}],"wp:attachment":[{"href":"https:\/\/rntl.ch\/fitness\/wp-json\/wp\/v2\/media?parent=19054"}],"wp:term":[{"taxonomy":"product_brand","embeddable":true,"href":"https:\/\/rntl.ch\/fitness\/wp-json\/wp\/v2\/product_brand?post=19054"},{"taxonomy":"product_cat","embeddable":true,"href":"https:\/\/rntl.ch\/fitness\/wp-json\/wp\/v2\/product_cat?post=19054"},{"taxonomy":"product_tag","embeddable":true,"href":"https:\/\/rntl.ch\/fitness\/wp-json\/wp\/v2\/product_tag?post=19054"}],"curies":[{"name":"wp","href":"https:\/\/api.w.org\/{rel}","templated":true}]}}