{"id":19077,"date":"2022-08-19T09:24:21","date_gmt":"2022-08-19T07:24:21","guid":{"rendered":"https:\/\/rntl.ch\/fitness\/?post_type=product&#038;p=19077"},"modified":"2026-03-07T10:06:40","modified_gmt":"2026-03-07T09:06:40","slug":"first-degree-fitness-viking-pro-v","status":"publish","type":"product","link":"https:\/\/rntl.ch\/fitness\/produkt\/first-degree-fitness-viking-pro-v\/","title":{"rendered":"First Degree Fitness Viking PRO V"},"content":{"rendered":"<ul>\n<li class=\"fact-style-red\">First Degree PLUS V Tank mit 5 Widerstandsstufen<\/li>\n<li class=\"fact-style-red\">Bluetooth-Monitor<\/li>\n<li class=\"fact-style-bold\">Ruderergometer aus amerikanischem Eschenholz erster G\u00fcte!<\/li>\n<li class=\"fact-style-default\">Hochwertige Verarbeitung des Holzes durch Feinschliff sowie der Verwendung von zwei Lackschichten<\/li>\n<li class=\"fact-style-default\">Sehr robuste Rahmenkonstruktion; extrem widerstandsf\u00e4hig verarbeitet<\/li>\n<li class=\"fact-style-bold\">Oberer Rahmen ist aus einem einzigen St\u00fcck gebogenem Holz geformt (keine Verschraubungen o.\u00e4.) &#8211; f\u00fcr ein Maximum an Stabilit\u00e4t!<\/li>\n<li class=\"fact-style-default\">Sehr hoher maximaler Widerstand<\/li>\n<li class=\"fact-style-default\">Kein &#8222;toter&#8220; Punkt: Dreifach-Edelstahlfl\u00fcgelrad sorgt f\u00fcr einen direkten und konsequenten Widerstand w\u00e4hrend des gesamten Ruderschlags<\/li>\n<li class=\"fact-style-default\">Adjustable Resistance (AR): Den Basis-Widerstand mit einer einfachen Drehung des schwarzen Knopfes ver\u00e4ndern<\/li>\n<li class=\"fact-style-default\">Wassertank aus robustem Polycarbonat<\/li>\n<li class=\"fact-style-bold\">11,5 cm hohe, sehr torsionssteife Seitenschienen: perfekt geeignet f\u00fcr ambitioniertes Heim- und Profitraining!<\/li>\n<li class=\"fact-style-default\">Strapazierf\u00e4higer Riemenantrieb &#8211; Laufruhig, sauber, leise, wartungsfrei<\/li>\n<li class=\"fact-style-default\">Verstellbare Fu\u00dfst\u00fctzen mit separaten Fu\u00dfschlaufen f\u00fcr perfekte Position und optimalen Halt beim Rudertraining<\/li>\n<li class=\"fact-style-default\">Fu\u00dfst\u00fctzen mit angewinkelten Platten f\u00fcr optimalen Grip<\/li>\n<li class=\"fact-style-default\">Komfortabler, ergonomischer Sitz mit strukturierter Anti-Rutsch-Lauffl\u00e4che<\/li>\n<li class=\"fact-style-default\">Extra-langes Zugseil erm\u00f6glicht schnelleren R\u00fccklauf f\u00fcr hohe Schlagfrequenz<\/li>\n<li class=\"fact-style-default\">KinoMap kompatibel<\/li>\n<li class=\"fact-style-default\">Ergonomischer Handgriff mit perfektem Grip f\u00fcr starke Ruderz\u00fcge<\/li>\n<li class=\"fact-style-default\">Transportrollen f\u00fcr ein schnelles und bequemes Verstauen<\/li>\n<li class=\"fact-style-default\">Gro\u00dfe, leicht zu bedienende Konsole informiert permanent \u00fcber Trainingsstrecke, Trainingszeit, 500m-Zeit, Schlagfrequenz, Gesamtstrecke, Kalorienverbrauch pro Std., Watt, Herzfrequenz (optional)<\/li>\n<li class=\"fact-style-default\">Trainingscomputer ber\u00fccksichtigt die Einstellung des Widerstandes (Wassermenge), wodurch Daten wie Kalorienverbauch exakter angegeben werden<\/li>\n<li class=\"fact-style-bold\">Platzsparend hochstellbar<\/li>\n<li>Max. Benutzergewicht: 150 kg<\/li>\n<li>Aufstellma\u00dfe &#8211; First Degree Fitness Viking PRO V: (L) 213.5 cm x (B) 55 cm x (H) 54 cm<br \/>\ngeklappt &#8211; First Degree Fitness Viking PRO V: (L) 54 cm x (B) 55 cm x (H) 213 cm<\/li>\n<\/ul>\n","protected":false},"excerpt":{"rendered":"<p class=\"sticky-menu-topic\">First Degree Fitness Viking PRO V: Handwerkskunst kombiniert mit erstklassigem amerikanischen Eschenholz! Dadurch ist das Ruderger\u00e4t noch robuster! Zudem profitiert auch die Optik.<\/p>\n<p class=\"sticky-menu-topic\"><strong>Kaufpreis [woo_custom_field id=\"rntl_retail_price_field\"]<\/strong><\/p>\n[rntl_page_content id=\"14687\"]\n","protected":false},"featured_media":30412,"template":"","meta":{"content-type":""},"product_brand":[],"product_cat":[29],"product_tag":[112],"class_list":{"0":"post-19077","1":"product","2":"type-product","3":"status-publish","4":"has-post-thumbnail","6":"product_cat-rudergeraete","7":"product_tag-mieten","8":"product_shipping_class-leicht","9":"tm-no-options","11":"first","12":"onbackorder","13":"taxable","14":"shipping-taxable","15":"purchasable","16":"product-type-variable-subscription","17":"has-default-attributes"},"yoast_head":"<!-- This site is optimized with the Yoast SEO plugin v26.3 - https:\/\/yoast.com\/wordpress\/plugins\/seo\/ -->\n<title>First Degree Fitness Viking PRO V - RNTL Fitness<\/title>\n<meta name=\"description\" content=\"Miete, kaufe, oder finanziere f\u00fcr das Ausdauertraining zu Hause den First Degree Viking Pro V und lasse ihn montiert liefert.\" \/>\n<meta name=\"robots\" content=\"index, follow, max-snippet:-1, max-image-preview:large, max-video-preview:-1\" \/>\n<link rel=\"canonical\" href=\"https:\/\/rntl.ch\/fitness\/produkt\/first-degree-fitness-viking-pro-v\/\" \/>\n<meta property=\"og:locale\" content=\"de_DE\" \/>\n<meta property=\"og:type\" content=\"article\" \/>\n<meta property=\"og:title\" content=\"First Degree Fitness Viking PRO V - RNTL Fitness\" \/>\n<meta property=\"og:description\" content=\"Miete, kaufe, oder finanziere f\u00fcr das Ausdauertraining zu Hause den First Degree Viking Pro V und lasse ihn montiert liefert.\" \/>\n<meta property=\"og:url\" content=\"https:\/\/rntl.ch\/fitness\/produkt\/first-degree-fitness-viking-pro-v\/\" \/>\n<meta property=\"og:site_name\" content=\"RNTL Fitness\" \/>\n<meta property=\"article:modified_time\" content=\"2026-03-07T09:06:40+00:00\" \/>\n<meta property=\"og:image\" content=\"https:\/\/rntl.ch\/fitness\/wp-content\/uploads\/sites\/3\/2022\/08\/1.jpg\" \/>\n\t<meta property=\"og:image:width\" content=\"800\" \/>\n\t<meta property=\"og:image:height\" content=\"800\" \/>\n\t<meta property=\"og:image:type\" content=\"image\/jpeg\" \/>\n<meta name=\"twitter:card\" content=\"summary_large_image\" \/>\n<meta name=\"twitter:label1\" content=\"Gesch\u00e4tzte Lesezeit\" \/>\n\t<meta name=\"twitter:data1\" content=\"2\u00a0Minuten\" \/>\n<script type=\"application\/ld+json\" class=\"yoast-schema-graph\">{\"@context\":\"https:\/\/schema.org\",\"@graph\":[{\"@type\":\"WebPage\",\"@id\":\"https:\/\/rntl.ch\/fitness\/produkt\/first-degree-fitness-viking-pro-v\/\",\"url\":\"https:\/\/rntl.ch\/fitness\/produkt\/first-degree-fitness-viking-pro-v\/\",\"name\":\"First Degree Fitness Viking PRO V - RNTL Fitness\",\"isPartOf\":{\"@id\":\"https:\/\/rntl.ch\/fitness\/#website\"},\"primaryImageOfPage\":{\"@id\":\"https:\/\/rntl.ch\/fitness\/produkt\/first-degree-fitness-viking-pro-v\/#primaryimage\"},\"image\":{\"@id\":\"https:\/\/rntl.ch\/fitness\/produkt\/first-degree-fitness-viking-pro-v\/#primaryimage\"},\"thumbnailUrl\":\"https:\/\/rntl.ch\/fitness\/wp-content\/uploads\/sites\/3\/2022\/08\/1.jpg\",\"datePublished\":\"2022-08-19T07:24:21+00:00\",\"dateModified\":\"2026-03-07T09:06:40+00:00\",\"description\":\"Miete, kaufe, oder finanziere f\u00fcr das Ausdauertraining zu Hause den First Degree Viking Pro V und lasse ihn montiert liefert.\",\"breadcrumb\":{\"@id\":\"https:\/\/rntl.ch\/fitness\/produkt\/first-degree-fitness-viking-pro-v\/#breadcrumb\"},\"inLanguage\":\"de\",\"potentialAction\":[{\"@type\":\"ReadAction\",\"target\":[\"https:\/\/rntl.ch\/fitness\/produkt\/first-degree-fitness-viking-pro-v\/\"]}]},{\"@type\":\"ImageObject\",\"inLanguage\":\"de\",\"@id\":\"https:\/\/rntl.ch\/fitness\/produkt\/first-degree-fitness-viking-pro-v\/#primaryimage\",\"url\":\"https:\/\/rntl.ch\/fitness\/wp-content\/uploads\/sites\/3\/2022\/08\/1.jpg\",\"contentUrl\":\"https:\/\/rntl.ch\/fitness\/wp-content\/uploads\/sites\/3\/2022\/08\/1.jpg\",\"width\":800,\"height\":800},{\"@type\":\"BreadcrumbList\",\"@id\":\"https:\/\/rntl.ch\/fitness\/produkt\/first-degree-fitness-viking-pro-v\/#breadcrumb\",\"itemListElement\":[{\"@type\":\"ListItem\",\"position\":1,\"name\":\"Startseite\",\"item\":\"https:\/\/rntl.ch\/fitness\/\"},{\"@type\":\"ListItem\",\"position\":2,\"name\":\"Shop\",\"item\":\"https:\/\/rntl.ch\/fitness\/shop\/\"},{\"@type\":\"ListItem\",\"position\":3,\"name\":\"First Degree Fitness Viking PRO V\"}]},{\"@type\":\"WebSite\",\"@id\":\"https:\/\/rntl.ch\/fitness\/#website\",\"url\":\"https:\/\/rntl.ch\/fitness\/\",\"name\":\"RNTL Fitness\",\"description\":\"Mieten Einfach Anders\",\"publisher\":{\"@id\":\"https:\/\/rntl.ch\/fitness\/#organization\"},\"potentialAction\":[{\"@type\":\"SearchAction\",\"target\":{\"@type\":\"EntryPoint\",\"urlTemplate\":\"https:\/\/rntl.ch\/fitness\/?s={search_term_string}\"},\"query-input\":{\"@type\":\"PropertyValueSpecification\",\"valueRequired\":true,\"valueName\":\"search_term_string\"}}],\"inLanguage\":\"de\"},{\"@type\":\"Organization\",\"@id\":\"https:\/\/rntl.ch\/fitness\/#organization\",\"name\":\"RNTL Fitness\",\"url\":\"https:\/\/rntl.ch\/fitness\/\",\"logo\":{\"@type\":\"ImageObject\",\"inLanguage\":\"de\",\"@id\":\"https:\/\/rntl.ch\/fitness\/#\/schema\/logo\/image\/\",\"url\":\"https:\/\/rntl.ch\/fitness\/wp-content\/uploads\/sites\/3\/2020\/11\/cropped-rntl_logo_white_530x150.png\",\"contentUrl\":\"https:\/\/rntl.ch\/fitness\/wp-content\/uploads\/sites\/3\/2020\/11\/cropped-rntl_logo_white_530x150.png\",\"width\":530,\"height\":150,\"caption\":\"RNTL Fitness\"},\"image\":{\"@id\":\"https:\/\/rntl.ch\/fitness\/#\/schema\/logo\/image\/\"}}]}<\/script>\n<!-- \/ Yoast SEO plugin. -->","yoast_head_json":{"title":"First Degree Fitness Viking PRO V - RNTL Fitness","description":"Miete, kaufe, oder finanziere f\u00fcr das Ausdauertraining zu Hause den First Degree Viking Pro V und lasse ihn montiert liefert.","robots":{"index":"index","follow":"follow","max-snippet":"max-snippet:-1","max-image-preview":"max-image-preview:large","max-video-preview":"max-video-preview:-1"},"canonical":"https:\/\/rntl.ch\/fitness\/produkt\/first-degree-fitness-viking-pro-v\/","og_locale":"de_DE","og_type":"article","og_title":"First Degree Fitness Viking PRO V - RNTL Fitness","og_description":"Miete, kaufe, oder finanziere f\u00fcr das Ausdauertraining zu Hause den First Degree Viking Pro V und lasse ihn montiert liefert.","og_url":"https:\/\/rntl.ch\/fitness\/produkt\/first-degree-fitness-viking-pro-v\/","og_site_name":"RNTL Fitness","article_modified_time":"2026-03-07T09:06:40+00:00","og_image":[{"width":800,"height":800,"url":"https:\/\/rntl.ch\/fitness\/wp-content\/uploads\/sites\/3\/2022\/08\/1.jpg","type":"image\/jpeg"}],"twitter_card":"summary_large_image","twitter_misc":{"Gesch\u00e4tzte Lesezeit":"2\u00a0Minuten"},"schema":{"@context":"https:\/\/schema.org","@graph":[{"@type":"WebPage","@id":"https:\/\/rntl.ch\/fitness\/produkt\/first-degree-fitness-viking-pro-v\/","url":"https:\/\/rntl.ch\/fitness\/produkt\/first-degree-fitness-viking-pro-v\/","name":"First Degree Fitness Viking PRO V - RNTL Fitness","isPartOf":{"@id":"https:\/\/rntl.ch\/fitness\/#website"},"primaryImageOfPage":{"@id":"https:\/\/rntl.ch\/fitness\/produkt\/first-degree-fitness-viking-pro-v\/#primaryimage"},"image":{"@id":"https:\/\/rntl.ch\/fitness\/produkt\/first-degree-fitness-viking-pro-v\/#primaryimage"},"thumbnailUrl":"https:\/\/rntl.ch\/fitness\/wp-content\/uploads\/sites\/3\/2022\/08\/1.jpg","datePublished":"2022-08-19T07:24:21+00:00","dateModified":"2026-03-07T09:06:40+00:00","description":"Miete, kaufe, oder finanziere f\u00fcr das Ausdauertraining zu Hause den First Degree Viking Pro V und lasse ihn montiert liefert.","breadcrumb":{"@id":"https:\/\/rntl.ch\/fitness\/produkt\/first-degree-fitness-viking-pro-v\/#breadcrumb"},"inLanguage":"de","potentialAction":[{"@type":"ReadAction","target":["https:\/\/rntl.ch\/fitness\/produkt\/first-degree-fitness-viking-pro-v\/"]}]},{"@type":"ImageObject","inLanguage":"de","@id":"https:\/\/rntl.ch\/fitness\/produkt\/first-degree-fitness-viking-pro-v\/#primaryimage","url":"https:\/\/rntl.ch\/fitness\/wp-content\/uploads\/sites\/3\/2022\/08\/1.jpg","contentUrl":"https:\/\/rntl.ch\/fitness\/wp-content\/uploads\/sites\/3\/2022\/08\/1.jpg","width":800,"height":800},{"@type":"BreadcrumbList","@id":"https:\/\/rntl.ch\/fitness\/produkt\/first-degree-fitness-viking-pro-v\/#breadcrumb","itemListElement":[{"@type":"ListItem","position":1,"name":"Startseite","item":"https:\/\/rntl.ch\/fitness\/"},{"@type":"ListItem","position":2,"name":"Shop","item":"https:\/\/rntl.ch\/fitness\/shop\/"},{"@type":"ListItem","position":3,"name":"First Degree Fitness Viking PRO V"}]},{"@type":"WebSite","@id":"https:\/\/rntl.ch\/fitness\/#website","url":"https:\/\/rntl.ch\/fitness\/","name":"RNTL Fitness","description":"Mieten Einfach Anders","publisher":{"@id":"https:\/\/rntl.ch\/fitness\/#organization"},"potentialAction":[{"@type":"SearchAction","target":{"@type":"EntryPoint","urlTemplate":"https:\/\/rntl.ch\/fitness\/?s={search_term_string}"},"query-input":{"@type":"PropertyValueSpecification","valueRequired":true,"valueName":"search_term_string"}}],"inLanguage":"de"},{"@type":"Organization","@id":"https:\/\/rntl.ch\/fitness\/#organization","name":"RNTL Fitness","url":"https:\/\/rntl.ch\/fitness\/","logo":{"@type":"ImageObject","inLanguage":"de","@id":"https:\/\/rntl.ch\/fitness\/#\/schema\/logo\/image\/","url":"https:\/\/rntl.ch\/fitness\/wp-content\/uploads\/sites\/3\/2020\/11\/cropped-rntl_logo_white_530x150.png","contentUrl":"https:\/\/rntl.ch\/fitness\/wp-content\/uploads\/sites\/3\/2020\/11\/cropped-rntl_logo_white_530x150.png","width":530,"height":150,"caption":"RNTL Fitness"},"image":{"@id":"https:\/\/rntl.ch\/fitness\/#\/schema\/logo\/image\/"}}]}},"_links":{"self":[{"href":"https:\/\/rntl.ch\/fitness\/wp-json\/wp\/v2\/product\/19077","targetHints":{"allow":["GET"]}}],"collection":[{"href":"https:\/\/rntl.ch\/fitness\/wp-json\/wp\/v2\/product"}],"about":[{"href":"https:\/\/rntl.ch\/fitness\/wp-json\/wp\/v2\/types\/product"}],"version-history":[{"count":3,"href":"https:\/\/rntl.ch\/fitness\/wp-json\/wp\/v2\/product\/19077\/revisions"}],"predecessor-version":[{"id":29235,"href":"https:\/\/rntl.ch\/fitness\/wp-json\/wp\/v2\/product\/19077\/revisions\/29235"}],"wp:featuredmedia":[{"embeddable":true,"href":"https:\/\/rntl.ch\/fitness\/wp-json\/wp\/v2\/media\/30412"}],"wp:attachment":[{"href":"https:\/\/rntl.ch\/fitness\/wp-json\/wp\/v2\/media?parent=19077"}],"wp:term":[{"taxonomy":"product_brand","embeddable":true,"href":"https:\/\/rntl.ch\/fitness\/wp-json\/wp\/v2\/product_brand?post=19077"},{"taxonomy":"product_cat","embeddable":true,"href":"https:\/\/rntl.ch\/fitness\/wp-json\/wp\/v2\/product_cat?post=19077"},{"taxonomy":"product_tag","embeddable":true,"href":"https:\/\/rntl.ch\/fitness\/wp-json\/wp\/v2\/product_tag?post=19077"}],"curies":[{"name":"wp","href":"https:\/\/api.w.org\/{rel}","templated":true}]}}