{"id":20445,"date":"2022-11-21T15:59:43","date_gmt":"2022-11-21T14:59:43","guid":{"rendered":"https:\/\/rntl.ch\/fitness\/?post_type=product&#038;p=20445"},"modified":"2026-03-24T13:15:05","modified_gmt":"2026-03-24T12:15:05","slug":"kettler-alpha-run-800-2","status":"publish","type":"product","link":"https:\/\/rntl.ch\/fitness\/produkt\/kettler-alpha-run-800-2\/","title":{"rendered":"Kettler Alpha Run 800 &#8211; Premium Occasion"},"content":{"rendered":"<p>Premium Occasion Ger\u00e4t, gepr\u00fcft, einwandfrei<\/p>\n<p>8.5 Monate privat vermietet<\/p>\n<p><strong>Produkt-Highlights:<\/strong><\/p>\n<ul>\n<li>Ausgestattet mit KETTLER \u201aEnergy Deck\u2018: Lagerung der Lauffl\u00e4che auf Energy Elementen f\u00fcr einen agileren Laufstil durch Energier\u00fcckf\u00fchrung<\/li>\n<li>Verbindungsm\u00f6glichkeit zu Sport APPs (z.B. KETTMaps), Sportuhren und Herzfrequenzmessern via BLUETOOTH<\/li>\n<li>Hochwertiger Trainingscomputer mit intuitiver Men\u00fcf\u00fchrung in Landessprache.<\/li>\n<\/ul>\n<p>190 x 110 mm LC-Display.<\/p>\n<ul>\n<li>Customized View: Konfigurierbarer Trainingsbildschirm f\u00fcr den individuell gew\u00fcnschten<\/li>\n<\/ul>\n<p><strong>Datenumfang<\/strong><\/p>\n<ul>\n<li>Guided Running: Inklusive umfangreichen Trainingsprogrammen.<\/li>\n<li>Sportsclub Quality: Zugelassen f\u00fcr Studio Nutzung (Klasse SA gem. DIN EN 20957). Inklusive AC Motor.<\/li>\n<\/ul>\n<p><strong>Leistungsdaten:<\/strong><\/p>\n<ul>\n<li>Leistungsstarker AC Motor mit 4 PS Dauerleistung<\/li>\n<li>Geschwindigkeit: 0,5-22 km\/h (in 0,1 km\/h-Schritten)<\/li>\n<li>Steigung: 0-12 % motorisch verstellbar (in 1,0 % Schritten)<\/li>\n<li>Gr\u00f6\u00dfe der Lauffl\u00e4che: 153 x 55 cm<\/li>\n<\/ul>\n<p><strong>Weitere Ausstattung:<\/strong><\/p>\n<ul>\n<li>Lautsprecher, Ventilator, Tablethalterung, Halterung f\u00fcr Sportuhren<\/li>\n<li>Zusatztaster an den Handl\u00e4ufen f\u00fcr Regulierung von Geschwindigkeit und Steigung<\/li>\n<li>Zwei Ablagef\u00e4cher aus Softmaterial f\u00fcr Trinkflaschen und Utensilien<\/li>\n<li>Hochstellbare Lauffl\u00e4che mit Soft-Drop-Mechanismus<\/li>\n<li>Transportrollen, H\u00f6henausgleich, Not-Stop-Mechanismus mit Sicherungsclip<\/li>\n<\/ul>\n<p>Aufstellma\u00dfe L \/ B \/ H (in cm): 208 \/ 93,5 \/ 145,5, hochgestellt: 142,5 \/ 93,5 \/ 165,5<\/p>\n<p>maximale Gewichtsbelastung: 175 kg<\/p>\n","protected":false},"excerpt":{"rendered":"<p>Das Laufband ist mit einem 4 PS starken AC-Motor ausgestattet. Damit kann eine maximale Geschwindigkeit von 22 km\/h erreicht werden. Der AC-Motor hat einige Vorteile unter anderem ist er wartungsarm und bietet eine hohe Lebensdauer sowie ein angenehmes Laufgef\u00fchl.<\/p>\n<p><span style=\"font-weight: 400;\">[rntl_page_content id=\"24172\"]<\/span><\/p>\n","protected":false},"featured_media":8078,"template":"","meta":{"content-type":""},"product_brand":[155],"product_cat":[28],"product_tag":[26,108],"class_list":{"0":"post-20445","1":"product","2":"type-product","3":"status-publish","4":"has-post-thumbnail","6":"product_brand-kettler","7":"product_cat-laufbaender","8":"product_tag-kaufen","9":"product_tag-kaufen-gebraucht","10":"product_shipping_class-schwer","11":"tm-no-options","13":"first","14":"outofstock","15":"sale","16":"taxable","17":"shipping-taxable","18":"purchasable","19":"product-type-simple"},"yoast_head":"<!-- This site is optimized with the Yoast SEO plugin v26.3 - https:\/\/yoast.com\/wordpress\/plugins\/seo\/ -->\n<title>Kettler Alpha Run 800 - Premium Occasion - RNTL Fitness<\/title>\n<meta name=\"description\" content=\"Miete, kaufe, oder finanziere f\u00fcr das Ausdauertraining zu Hause den Kettler Alpha Run 800 bei RNTL. Das beliebteste Laufband der Schweiz!\" \/>\n<meta name=\"robots\" content=\"index, follow, max-snippet:-1, max-image-preview:large, max-video-preview:-1\" \/>\n<link rel=\"canonical\" href=\"https:\/\/rntl.ch\/fitness\/produkt\/kettler-alpha-run-800-2\/\" \/>\n<meta property=\"og:locale\" content=\"de_DE\" \/>\n<meta property=\"og:type\" content=\"article\" \/>\n<meta property=\"og:title\" content=\"Kettler Alpha Run 800 - Premium Occasion - RNTL Fitness\" \/>\n<meta property=\"og:description\" content=\"Miete, kaufe, oder finanziere f\u00fcr das Ausdauertraining zu Hause den Kettler Alpha Run 800 bei RNTL. Das beliebteste Laufband der Schweiz!\" \/>\n<meta property=\"og:url\" content=\"https:\/\/rntl.ch\/fitness\/produkt\/kettler-alpha-run-800-2\/\" \/>\n<meta property=\"og:site_name\" content=\"RNTL Fitness\" \/>\n<meta property=\"article:modified_time\" content=\"2026-03-24T12:15:05+00:00\" \/>\n<meta property=\"og:image\" content=\"https:\/\/rntl.ch\/fitness\/wp-content\/uploads\/sites\/3\/2020\/08\/TM1040-100_Alpha-Run-800.jpg\" \/>\n\t<meta property=\"og:image:width\" content=\"899\" \/>\n\t<meta property=\"og:image:height\" content=\"1024\" \/>\n\t<meta property=\"og:image:type\" content=\"image\/jpeg\" \/>\n<meta name=\"twitter:card\" content=\"summary_large_image\" \/>\n<meta name=\"twitter:label1\" content=\"Gesch\u00e4tzte Lesezeit\" \/>\n\t<meta name=\"twitter:data1\" content=\"2\u00a0Minuten\" \/>\n<script type=\"application\/ld+json\" class=\"yoast-schema-graph\">{\"@context\":\"https:\/\/schema.org\",\"@graph\":[{\"@type\":\"WebPage\",\"@id\":\"https:\/\/rntl.ch\/fitness\/produkt\/kettler-alpha-run-800-2\/\",\"url\":\"https:\/\/rntl.ch\/fitness\/produkt\/kettler-alpha-run-800-2\/\",\"name\":\"Kettler Alpha Run 800 - Premium Occasion - RNTL Fitness\",\"isPartOf\":{\"@id\":\"https:\/\/rntl.ch\/fitness\/#website\"},\"primaryImageOfPage\":{\"@id\":\"https:\/\/rntl.ch\/fitness\/produkt\/kettler-alpha-run-800-2\/#primaryimage\"},\"image\":{\"@id\":\"https:\/\/rntl.ch\/fitness\/produkt\/kettler-alpha-run-800-2\/#primaryimage\"},\"thumbnailUrl\":\"https:\/\/rntl.ch\/fitness\/wp-content\/uploads\/sites\/3\/2020\/08\/TM1040-100_Alpha-Run-800.jpg\",\"datePublished\":\"2022-11-21T14:59:43+00:00\",\"dateModified\":\"2026-03-24T12:15:05+00:00\",\"description\":\"Miete, kaufe, oder finanziere f\u00fcr das Ausdauertraining zu Hause den Kettler Alpha Run 800 bei RNTL. Das beliebteste Laufband der Schweiz!\",\"breadcrumb\":{\"@id\":\"https:\/\/rntl.ch\/fitness\/produkt\/kettler-alpha-run-800-2\/#breadcrumb\"},\"inLanguage\":\"de\",\"potentialAction\":[{\"@type\":\"ReadAction\",\"target\":[\"https:\/\/rntl.ch\/fitness\/produkt\/kettler-alpha-run-800-2\/\"]}]},{\"@type\":\"ImageObject\",\"inLanguage\":\"de\",\"@id\":\"https:\/\/rntl.ch\/fitness\/produkt\/kettler-alpha-run-800-2\/#primaryimage\",\"url\":\"https:\/\/rntl.ch\/fitness\/wp-content\/uploads\/sites\/3\/2020\/08\/TM1040-100_Alpha-Run-800.jpg\",\"contentUrl\":\"https:\/\/rntl.ch\/fitness\/wp-content\/uploads\/sites\/3\/2020\/08\/TM1040-100_Alpha-Run-800.jpg\",\"width\":899,\"height\":1024},{\"@type\":\"BreadcrumbList\",\"@id\":\"https:\/\/rntl.ch\/fitness\/produkt\/kettler-alpha-run-800-2\/#breadcrumb\",\"itemListElement\":[{\"@type\":\"ListItem\",\"position\":1,\"name\":\"Startseite\",\"item\":\"https:\/\/rntl.ch\/fitness\/\"},{\"@type\":\"ListItem\",\"position\":2,\"name\":\"Shop\",\"item\":\"https:\/\/rntl.ch\/fitness\/shop\/\"},{\"@type\":\"ListItem\",\"position\":3,\"name\":\"Kettler Alpha Run 800 &#8211; Premium Occasion\"}]},{\"@type\":\"WebSite\",\"@id\":\"https:\/\/rntl.ch\/fitness\/#website\",\"url\":\"https:\/\/rntl.ch\/fitness\/\",\"name\":\"RNTL Fitness\",\"description\":\"Mieten Einfach Anders\",\"publisher\":{\"@id\":\"https:\/\/rntl.ch\/fitness\/#organization\"},\"potentialAction\":[{\"@type\":\"SearchAction\",\"target\":{\"@type\":\"EntryPoint\",\"urlTemplate\":\"https:\/\/rntl.ch\/fitness\/?s={search_term_string}\"},\"query-input\":{\"@type\":\"PropertyValueSpecification\",\"valueRequired\":true,\"valueName\":\"search_term_string\"}}],\"inLanguage\":\"de\"},{\"@type\":\"Organization\",\"@id\":\"https:\/\/rntl.ch\/fitness\/#organization\",\"name\":\"RNTL Fitness\",\"url\":\"https:\/\/rntl.ch\/fitness\/\",\"logo\":{\"@type\":\"ImageObject\",\"inLanguage\":\"de\",\"@id\":\"https:\/\/rntl.ch\/fitness\/#\/schema\/logo\/image\/\",\"url\":\"https:\/\/rntl.ch\/fitness\/wp-content\/uploads\/sites\/3\/2020\/11\/cropped-rntl_logo_white_530x150.png\",\"contentUrl\":\"https:\/\/rntl.ch\/fitness\/wp-content\/uploads\/sites\/3\/2020\/11\/cropped-rntl_logo_white_530x150.png\",\"width\":530,\"height\":150,\"caption\":\"RNTL Fitness\"},\"image\":{\"@id\":\"https:\/\/rntl.ch\/fitness\/#\/schema\/logo\/image\/\"}}]}<\/script>\n<!-- \/ Yoast SEO plugin. -->","yoast_head_json":{"title":"Kettler Alpha Run 800 - Premium Occasion - RNTL Fitness","description":"Miete, kaufe, oder finanziere f\u00fcr das Ausdauertraining zu Hause den Kettler Alpha Run 800 bei RNTL. Das beliebteste Laufband der Schweiz!","robots":{"index":"index","follow":"follow","max-snippet":"max-snippet:-1","max-image-preview":"max-image-preview:large","max-video-preview":"max-video-preview:-1"},"canonical":"https:\/\/rntl.ch\/fitness\/produkt\/kettler-alpha-run-800-2\/","og_locale":"de_DE","og_type":"article","og_title":"Kettler Alpha Run 800 - Premium Occasion - RNTL Fitness","og_description":"Miete, kaufe, oder finanziere f\u00fcr das Ausdauertraining zu Hause den Kettler Alpha Run 800 bei RNTL. Das beliebteste Laufband der Schweiz!","og_url":"https:\/\/rntl.ch\/fitness\/produkt\/kettler-alpha-run-800-2\/","og_site_name":"RNTL Fitness","article_modified_time":"2026-03-24T12:15:05+00:00","og_image":[{"width":899,"height":1024,"url":"https:\/\/rntl.ch\/fitness\/wp-content\/uploads\/sites\/3\/2020\/08\/TM1040-100_Alpha-Run-800.jpg","type":"image\/jpeg"}],"twitter_card":"summary_large_image","twitter_misc":{"Gesch\u00e4tzte Lesezeit":"2\u00a0Minuten"},"schema":{"@context":"https:\/\/schema.org","@graph":[{"@type":"WebPage","@id":"https:\/\/rntl.ch\/fitness\/produkt\/kettler-alpha-run-800-2\/","url":"https:\/\/rntl.ch\/fitness\/produkt\/kettler-alpha-run-800-2\/","name":"Kettler Alpha Run 800 - Premium Occasion - RNTL Fitness","isPartOf":{"@id":"https:\/\/rntl.ch\/fitness\/#website"},"primaryImageOfPage":{"@id":"https:\/\/rntl.ch\/fitness\/produkt\/kettler-alpha-run-800-2\/#primaryimage"},"image":{"@id":"https:\/\/rntl.ch\/fitness\/produkt\/kettler-alpha-run-800-2\/#primaryimage"},"thumbnailUrl":"https:\/\/rntl.ch\/fitness\/wp-content\/uploads\/sites\/3\/2020\/08\/TM1040-100_Alpha-Run-800.jpg","datePublished":"2022-11-21T14:59:43+00:00","dateModified":"2026-03-24T12:15:05+00:00","description":"Miete, kaufe, oder finanziere f\u00fcr das Ausdauertraining zu Hause den Kettler Alpha Run 800 bei RNTL. Das beliebteste Laufband der Schweiz!","breadcrumb":{"@id":"https:\/\/rntl.ch\/fitness\/produkt\/kettler-alpha-run-800-2\/#breadcrumb"},"inLanguage":"de","potentialAction":[{"@type":"ReadAction","target":["https:\/\/rntl.ch\/fitness\/produkt\/kettler-alpha-run-800-2\/"]}]},{"@type":"ImageObject","inLanguage":"de","@id":"https:\/\/rntl.ch\/fitness\/produkt\/kettler-alpha-run-800-2\/#primaryimage","url":"https:\/\/rntl.ch\/fitness\/wp-content\/uploads\/sites\/3\/2020\/08\/TM1040-100_Alpha-Run-800.jpg","contentUrl":"https:\/\/rntl.ch\/fitness\/wp-content\/uploads\/sites\/3\/2020\/08\/TM1040-100_Alpha-Run-800.jpg","width":899,"height":1024},{"@type":"BreadcrumbList","@id":"https:\/\/rntl.ch\/fitness\/produkt\/kettler-alpha-run-800-2\/#breadcrumb","itemListElement":[{"@type":"ListItem","position":1,"name":"Startseite","item":"https:\/\/rntl.ch\/fitness\/"},{"@type":"ListItem","position":2,"name":"Shop","item":"https:\/\/rntl.ch\/fitness\/shop\/"},{"@type":"ListItem","position":3,"name":"Kettler Alpha Run 800 &#8211; Premium Occasion"}]},{"@type":"WebSite","@id":"https:\/\/rntl.ch\/fitness\/#website","url":"https:\/\/rntl.ch\/fitness\/","name":"RNTL Fitness","description":"Mieten Einfach Anders","publisher":{"@id":"https:\/\/rntl.ch\/fitness\/#organization"},"potentialAction":[{"@type":"SearchAction","target":{"@type":"EntryPoint","urlTemplate":"https:\/\/rntl.ch\/fitness\/?s={search_term_string}"},"query-input":{"@type":"PropertyValueSpecification","valueRequired":true,"valueName":"search_term_string"}}],"inLanguage":"de"},{"@type":"Organization","@id":"https:\/\/rntl.ch\/fitness\/#organization","name":"RNTL Fitness","url":"https:\/\/rntl.ch\/fitness\/","logo":{"@type":"ImageObject","inLanguage":"de","@id":"https:\/\/rntl.ch\/fitness\/#\/schema\/logo\/image\/","url":"https:\/\/rntl.ch\/fitness\/wp-content\/uploads\/sites\/3\/2020\/11\/cropped-rntl_logo_white_530x150.png","contentUrl":"https:\/\/rntl.ch\/fitness\/wp-content\/uploads\/sites\/3\/2020\/11\/cropped-rntl_logo_white_530x150.png","width":530,"height":150,"caption":"RNTL Fitness"},"image":{"@id":"https:\/\/rntl.ch\/fitness\/#\/schema\/logo\/image\/"}}]}},"_links":{"self":[{"href":"https:\/\/rntl.ch\/fitness\/wp-json\/wp\/v2\/product\/20445","targetHints":{"allow":["GET"]}}],"collection":[{"href":"https:\/\/rntl.ch\/fitness\/wp-json\/wp\/v2\/product"}],"about":[{"href":"https:\/\/rntl.ch\/fitness\/wp-json\/wp\/v2\/types\/product"}],"version-history":[{"count":6,"href":"https:\/\/rntl.ch\/fitness\/wp-json\/wp\/v2\/product\/20445\/revisions"}],"predecessor-version":[{"id":39063,"href":"https:\/\/rntl.ch\/fitness\/wp-json\/wp\/v2\/product\/20445\/revisions\/39063"}],"wp:featuredmedia":[{"embeddable":true,"href":"https:\/\/rntl.ch\/fitness\/wp-json\/wp\/v2\/media\/8078"}],"wp:attachment":[{"href":"https:\/\/rntl.ch\/fitness\/wp-json\/wp\/v2\/media?parent=20445"}],"wp:term":[{"taxonomy":"product_brand","embeddable":true,"href":"https:\/\/rntl.ch\/fitness\/wp-json\/wp\/v2\/product_brand?post=20445"},{"taxonomy":"product_cat","embeddable":true,"href":"https:\/\/rntl.ch\/fitness\/wp-json\/wp\/v2\/product_cat?post=20445"},{"taxonomy":"product_tag","embeddable":true,"href":"https:\/\/rntl.ch\/fitness\/wp-json\/wp\/v2\/product_tag?post=20445"}],"curies":[{"name":"wp","href":"https:\/\/api.w.org\/{rel}","templated":true}]}}