{"id":23570,"date":"2023-07-04T16:12:36","date_gmt":"2023-07-04T14:12:36","guid":{"rendered":"https:\/\/rntl.ch\/fitness\/?post_type=product&#038;p=23570"},"modified":"2025-11-03T09:58:11","modified_gmt":"2025-11-03T08:58:11","slug":"horizon-paragon-x-laufband","status":"publish","type":"product","link":"https:\/\/rntl.ch\/fitness\/produkt\/horizon-paragon-x-laufband\/","title":{"rendered":"Horizon PARAGON X Laufband"},"content":{"rendered":"<p style=\"font-weight: 400;\">Das Horizon Fitness Laufband Paragon X ist mit dem Bluetooth-Protokoll FMTS (FiTness Machine Service)\u00a0ausgestattet. Dies gew\u00e4hrleistet optimale Kompatibilit\u00e4t zu g\u00e4ngigen Apps wie Zwift oder Kinomap. Neu hinzu kommt ab sofort die @Zone-App, mit der ein besonders fesselndes und motivierendes Training absolviert werden kann.<\/p>\n<p style=\"font-weight: 400;\"><b><strong>Ausstattung:<\/strong><\/b><\/p>\n<ul style=\"font-weight: 400;\">\n<li>3,25PS\/2,39kW Dauerleistungs-Motor mit digitalem Antriebssystem<\/li>\n<li>Steigungsgrad elektronisch einstellbar 0-15%<\/li>\n<li>Geschwindigkeit elektronisch regelbar von 0,8-20km\/h in 0,1 km Feinabstufungen einstellbar<\/li>\n<li>Laufgurt mit 2,2mm Bandst\u00e4rke<\/li>\n<li>Rollendurchmesser 6cm<\/li>\n<li>Klappbar &#8211; FEATHERlight-Klappsystem<\/li>\n<li>Lauffl\u00e4che 153 x 56cm<\/li>\n<li>Aufstiegsh\u00f6he 21cm<\/li>\n<li>Steigungs- und Geschwindigkeitsverstellung \u00fcber integrierte Schnellwahltasten in den Handl\u00e4ufen<\/li>\n<li>D\u00e4mpfungssystem: Variable Response Cushioning + AirTrain Technology (Luftpolstersystem)<\/li>\n<li>AirTrain Technology verf\u00fcgt \u00fcber ein Luftpolstersystem unter dem Deck, das in vorprogrammierten \u00c4nderungen in Verbindung mit Geschwindigkeit und Steigung die D\u00e4mpfung variiert. Sie basiert auf 10 realen Trailrunning-Wettk\u00e4mpfen in Nordamerika, Europa und Asien. Es k\u00f6nnen auch manuell die eigenen D\u00e4mpfungsstufen zusammengestellt werden, so als liefe man die eigene Outdoor-Laufstrecke im Wechsel auf Asphalt, Rasen, Schotter oder Feldweg. Ein v\u00f6llig neuartiges Training in 3D-Dimensionen<\/li>\n<li>Trainingscomputer mit 3 weissen LED-Fenster mit Anzeige von Kalorienverbrauch, Geschwindigkeit, Distanz, Zeit, Herzfrequenz, Steigung<\/li>\n<li>intuitive, kapazitive Touchbuttons<\/li>\n<li>Sprint 8-Programm &#8211; anaerobes Trainingsprogramm, welches die nat\u00fcrliche Erzeugung von Wachstumshormonen f\u00f6rdert und somit zur Gewichtsreduktion, Muskelaufbau und Alterung vorbeugend wirkt &#8211; maximale Ergebnisse in k\u00fcrzester Zeit mit dem 20-min\u00fctigen HIIT-Training, das nachweislich bis zu 27% K\u00f6rperfett in nur acht Wochen verbrennt<\/li>\n<li>Distanzprogramme: 1k, 5k, 10k, Halbmarathon<\/li>\n<li>Intervall-Programme: Geschwindigkeitsintervall, Streckenintervall<\/li>\n<li>Leistungsprogramme: Gewichtsverlust, Gerkin<\/li>\n<li>Herzfrequenzprogramme: Zielherzfrequenz, %-Zielherzfrequenz<\/li>\n<li>Schrittprogramme: 5000, 10000<\/li>\n<li>AirTrain-Programme: Anf\u00e4nger, Crosslauf, Wettkampf<\/li>\n<li>2 Benutzerprogramme<\/li>\n<li>One-Touch Steuerung startet und beendet das Workout<\/li>\n<li>Bluetooth-Kompatibilit\u00e4t verbindet Zubeh\u00f6r wie Herzfrequenz-Brustgurte und synchronisiert Trainingsdaten mit beliebten Fitness-APPs<\/li>\n<li>@Zone-APP* &#8211; kompatibel &#8211; mit @Zone k\u00f6nnen sie auf virtuellen Reisen durch exotische Orte joggen, sich mit Menschen auf der ganzen Welt messen, ihre Fitness mit Sprint 8 HIIT neu definieren und sich mit zielbasierten Workouts immer wieder neuen Herausforderungen stellen. Der Trainingsverlauf kann dokumentiert werden, um Fortschritte sichtbar zu machen. Wer mag, kann\u00a0sogar\u00a0die eigene Leistung mit den\u00a0besten @Zone-Nutzern weltweit vergleichen. Die App kann ab sofort kostenlos heruntergeladen werden (App Store und Google Play).<\/li>\n<li>Kinomap-APP** &#8211; kompatibel -die Kinomap-APP macht das Training zu einem motivierenden, interaktiven Trainingserlebnis, egal ob alleine oder im Wettkampf-Modus. \u00dcber 170&#8217;000 abwechslungsreiche Streckenkilometer f\u00fcr die verschiedenen Sportarten wurden bereits von Nutzern hochgeladen<\/li>\n<li>kompatibel mit ZWIFT***<\/li>\n<li>EnergySaver-Mode &#8211; nach 15 Minuten in denen das Ger\u00e4t nicht in Betrieb ist, schaltet es sich automatisch in den Energiesparmodus<\/li>\n<li>Bandstopp-Sicherheitsschl\u00fcssel<\/li>\n<li>4 Transportrollen f\u00fcr Aufrechttransport (Up &amp; Move)<\/li>\n<li>H\u00f6henausgleich<\/li>\n<li>UltraControlled Drop-System<\/li>\n<li>Unterbodenabdeckung<\/li>\n<li>Trinkflaschenhalterung<\/li>\n<li>Smart-Device Halterung f\u00fcr Ablage von Tablet oder Smartphone<\/li>\n<\/ul>\n<p style=\"font-weight: 400;\">Einsatz: Heimbereich, Nutzlast: ca. 180kg<br \/>\nGer\u00e4temasse: L206 x B97 x H147cm, Klappmasse: L114 x B97 x H181cm, Gewicht 125kg<br \/>\nZubeh\u00f6r: integrierter Empf\u00e4nger f\u00fcr Bluetooth Brustgurt-Sender, Handpulssensoren<br \/>\nOptionen: Horizon Fitness Bluetooth-Sendergurt, Bodenschutzmatte<br \/>\nGarantie: 2 Jahre Komplettgarantie, 10 Jahre auf Motor<\/p>\n<p style=\"font-weight: 400;\"><b><strong>@Zone-APP*-\u00a0<\/strong><\/b>die kostenlose @Zone-APP verbindet das Smartphone oder Tablet (iOS\/Android) via Bluetooth mit dem Laufband.\u00a0<b><strong>Geringer Aufwand, maximaler Erfolg &#8211;\u00a0<\/strong><\/b>mit dem exklusiven HIIT Trainingsprogramm Sprint 8 werden mit drei kurzen Trainingseinheiten pro Woche erstaunliche Resultate im Hinblick auf die allgemeine Fitness und Fettverbrennung erzielt.\u00a0<b><strong>Einmal um die Welt &#8211;\u00a0<\/strong><\/b>Virtual Active synchronisiert hochaufl\u00f6sendes Filmmaterial von realen Strecken mit der Geschwindigkeit und Intensit\u00e4t des Workouts. Die Steigung bzw. der Widerstand \u00e4ndert sich automatisch und passt sich dem Landschaftsprofil auf dem Bildschirm an. Monatlich sind 300 Minuten dieses Programms kostenlos in der @Zone-App enthalten.\u00a0\u00a0<b><strong>Ziel-Trainingsprogramme &#8211;\u00a0<\/strong><\/b>mit\u00a0den 5 zielbasierten Trainingsprogrammen\u00a0(Zeit, Distanz, Kalorienverbrauch, Pace und Zielherzfrequenz) k\u00f6nnen Sie sich immer wieder neuen Herausforderungen stellen und gezielt ihre Leistung steigern.\u00a0<b><strong>Workout Tracking &#8211;\u00a0<\/strong><\/b>In der Trainingshistorie werden alle Daten zusammengefasst, damit die\u00a0Fortschritte von Training zu Training dokumentiert werden. Wer mag, kann\u00a0sogar auf die weltweite Bestenliste zugreifen, um die eigene Leistung mit den Top-Nutzern von @Zone zu vergleichen.<\/p>\n<p style=\"font-weight: 400;\"><b><strong>Kinomap-APP** &#8211;\u00a0<\/strong><\/b>die Kinomap-APP macht das Training zu einem motivierenden, interaktiven Trainingserlebnis. Die APP h\u00e4lt Videos f\u00fcr Crosstrainer, Ergometer, Laufband und Ruderger\u00e4t bereit. Via Bluetooth wird die Kinomap-APP mit dem Trainingsger\u00e4t verbunden. Suchen Sie sich eine Strecke aus und fahren, laufen oder rudern Sie, als seien Sie selbst dort. Der Streckenfortschritt kann auf der Karte verfolgt werden. Da die Videos geocodiert sind, passt die APP auch den Widerstand (auf ausgew\u00e4hlten Modellen) an das Gel\u00e4ndeprofil der Trainingsstrecke an.<br \/>\nMehr als 170&#8217;000km alleine oder im Wettkampf mit anderen trainieren &#8211; die Videos der Kinomap werden von den Nutzern hochgeladen. Es stehen bereits \u00fcber 170&#8217;000 abwechslungsreiche Streckenkilometer f\u00fcr die verschiedenen Sportarten zur Verf\u00fcgung. Alle Videos sind it Standortdaten ausgezeichnet und so k\u00f6nnen Sie nicht nur das Video ansehen, sondern sehen gleichzeitig auf der Karte, wo Sie gerade unterwegs sind und wie das Gel\u00e4ndeprofil aussieht. Die APP zeigt w\u00e4hrend des Workouts auch die wichtigsten Trainingsdaten an, damit Sie Ihre Leistung im Blick haben w\u00e4hrend Sie zum Beispiel durch den Central Park laufen. Besonders herausfordernd sind auch die Multiplayer-Sessions, bei denen Sie an \u00f6ffentlichen Rennen teilnehmen oder sich mit Freunden f\u00fcr ein kleines Rennen verabreden. Kinomap ist in einer kostenlosen Basisversion sowohl bei Google Play als auch im AppStore erh\u00e4ltlich. F\u00fcr die Vollversion gibt es verschiedene Lizenzmodelle.<\/p>\n<p><b><strong>Zwift***<\/strong><\/b>\u00a0&#8211; Zwift verbindet den Spass an Videospielen mit der Intensit\u00e4t seri\u00f6sen Trainings. Entdecken Sie die virtuellen Welten von Zwift in Trainings- oder Gruppenfahrten sowie in Rennen mit einer globalen Community, die Sie jede Minute motiviert, besser zu werden. Sie m\u00f6chten Ihr Cardiotraining interaktiver und herausfordernder gestalten und mit dem Faktor Gamification kombinieren? Mit ausgew\u00e4hlten Modellen aus dem Cardio-Portfolio und der Trainingsapp Zwift ist das jetzt m\u00f6glich! Zwift verbindet den Spass an Videospielen mit der Intensit\u00e4t seri\u00f6sen Trainings und hilft Ihnen, schneller zu werden. Verbinden Sie sich in den virtuellen Welten von Zwift mit einer Community, die Sie jede Minute motiviert. W\u00e4hlen Sie aus Trainingspl\u00e4nen, Gruppenfahrten, Rennen und vielem mehr. Tauchen Sie in die Zwift-Welt ein und werden Sie fitter und st\u00e4rker als je zuvor! Ihr pers\u00f6nlicher Trainingsplan &#8211; Sie suchen nach einer langfristigen Strategie f\u00fcr Ihren n\u00e4chsten Wettbewerb? Oder m\u00f6chten einfach ein zielgerichtetes Coaching f\u00fcr Ihr Training? Zwift verf\u00fcgt \u00fcber ausgefeilte Radfahr- und Laufpl\u00e4ne, die individuell auf Ihr Fitnesslevel zugeschnitten und angepasst werden. Sie k\u00f6nnen sich in der App auch einzelne Trainingseinheiten erstellen, um spezifische Ziele zu erreichen. Ihre pers\u00f6nliche Bestleistung &#8211; das virtuelle Training mit tausenden anderen Sportlern und Feedback auf dem Display bringen den oftmals n\u00f6tigen Motivationsschub. Da die Leistungsdaten aus dem Training (wie U\/min und Watt) in die App \u00fcbertragen werden, k\u00f6nnen dar\u00fcber hinaus Punkte gesammelt werden und echte Wettbewerbe bestritten werden. Zwift ist sowohl bei Google Play als auch im App Store erh\u00e4ltlich.<\/p>\n<p>&nbsp;<\/p>\n","protected":false},"excerpt":{"rendered":"<p>Bestimmen Sie den H\u00e4rtegrad Ihrer Lauffl\u00e4che selbst.<\/p>\n<p><strong>Kaufpreis [woo_custom_field id=\"rntl_retail_price_field\"].-<\/strong><\/p>\n[rntl_page_content id=\"14687\"]\n<div class=\"woocommerce-product-details__short-description\">\n<p>&nbsp;<\/p>\n<\/div>\n","protected":false},"featured_media":23717,"template":"","meta":{"content-type":""},"product_brand":[171],"product_cat":[28],"product_tag":[112],"class_list":{"0":"post-23570","1":"product","2":"type-product","3":"status-publish","4":"has-post-thumbnail","6":"product_brand-horizon","7":"product_cat-laufbaender","8":"product_tag-mieten","9":"product_shipping_class-schwer","10":"tm-no-options","12":"first","13":"instock","14":"taxable","15":"shipping-taxable","16":"purchasable","17":"product-type-variable-subscription","18":"has-default-attributes"},"yoast_head":"<!-- This site is optimized with the Yoast SEO plugin v26.3 - https:\/\/yoast.com\/wordpress\/plugins\/seo\/ -->\n<title>Horizon PARAGON X Laufband - RNTL Fitness<\/title>\n<meta name=\"description\" content=\"Miete, kaufe, oder finanziere f\u00fcr das Spinning Training zu Hause den Horizon Paragon X bei RNTL. Perfekt f\u00fcr dein Spinning Training zu Hause.\" \/>\n<meta name=\"robots\" content=\"index, follow, max-snippet:-1, max-image-preview:large, max-video-preview:-1\" \/>\n<link rel=\"canonical\" href=\"https:\/\/rntl.ch\/fitness\/produkt\/horizon-paragon-x-laufband\/\" \/>\n<meta property=\"og:locale\" content=\"de_DE\" \/>\n<meta property=\"og:type\" content=\"article\" \/>\n<meta property=\"og:title\" content=\"Horizon PARAGON X Laufband - RNTL Fitness\" \/>\n<meta property=\"og:description\" content=\"Miete, kaufe, oder finanziere f\u00fcr das Spinning Training zu Hause den Horizon Paragon X bei RNTL. Perfekt f\u00fcr dein Spinning Training zu Hause.\" \/>\n<meta property=\"og:url\" content=\"https:\/\/rntl.ch\/fitness\/produkt\/horizon-paragon-x-laufband\/\" \/>\n<meta property=\"og:site_name\" content=\"RNTL Fitness\" \/>\n<meta property=\"article:modified_time\" content=\"2025-11-03T08:58:11+00:00\" \/>\n<meta property=\"og:image\" content=\"https:\/\/rntl.ch\/fitness\/wp-content\/uploads\/sites\/3\/2023\/07\/1-5.png\" \/>\n\t<meta property=\"og:image:width\" content=\"800\" \/>\n\t<meta property=\"og:image:height\" content=\"800\" \/>\n\t<meta property=\"og:image:type\" content=\"image\/png\" \/>\n<meta name=\"twitter:card\" content=\"summary_large_image\" \/>\n<meta name=\"twitter:label1\" content=\"Gesch\u00e4tzte Lesezeit\" \/>\n\t<meta name=\"twitter:data1\" content=\"7\u00a0Minuten\" \/>\n<script type=\"application\/ld+json\" class=\"yoast-schema-graph\">{\"@context\":\"https:\/\/schema.org\",\"@graph\":[{\"@type\":\"WebPage\",\"@id\":\"https:\/\/rntl.ch\/fitness\/produkt\/horizon-paragon-x-laufband\/\",\"url\":\"https:\/\/rntl.ch\/fitness\/produkt\/horizon-paragon-x-laufband\/\",\"name\":\"Horizon PARAGON X Laufband - RNTL Fitness\",\"isPartOf\":{\"@id\":\"https:\/\/rntl.ch\/fitness\/#website\"},\"primaryImageOfPage\":{\"@id\":\"https:\/\/rntl.ch\/fitness\/produkt\/horizon-paragon-x-laufband\/#primaryimage\"},\"image\":{\"@id\":\"https:\/\/rntl.ch\/fitness\/produkt\/horizon-paragon-x-laufband\/#primaryimage\"},\"thumbnailUrl\":\"https:\/\/rntl.ch\/fitness\/wp-content\/uploads\/sites\/3\/2023\/07\/1-5.png\",\"datePublished\":\"2023-07-04T14:12:36+00:00\",\"dateModified\":\"2025-11-03T08:58:11+00:00\",\"description\":\"Miete, kaufe, oder finanziere f\u00fcr das Spinning Training zu Hause den Horizon Paragon X bei RNTL. Perfekt f\u00fcr dein Spinning Training zu Hause.\",\"breadcrumb\":{\"@id\":\"https:\/\/rntl.ch\/fitness\/produkt\/horizon-paragon-x-laufband\/#breadcrumb\"},\"inLanguage\":\"de\",\"potentialAction\":[{\"@type\":\"ReadAction\",\"target\":[\"https:\/\/rntl.ch\/fitness\/produkt\/horizon-paragon-x-laufband\/\"]}]},{\"@type\":\"ImageObject\",\"inLanguage\":\"de\",\"@id\":\"https:\/\/rntl.ch\/fitness\/produkt\/horizon-paragon-x-laufband\/#primaryimage\",\"url\":\"https:\/\/rntl.ch\/fitness\/wp-content\/uploads\/sites\/3\/2023\/07\/1-5.png\",\"contentUrl\":\"https:\/\/rntl.ch\/fitness\/wp-content\/uploads\/sites\/3\/2023\/07\/1-5.png\",\"width\":800,\"height\":800},{\"@type\":\"BreadcrumbList\",\"@id\":\"https:\/\/rntl.ch\/fitness\/produkt\/horizon-paragon-x-laufband\/#breadcrumb\",\"itemListElement\":[{\"@type\":\"ListItem\",\"position\":1,\"name\":\"Startseite\",\"item\":\"https:\/\/rntl.ch\/fitness\/\"},{\"@type\":\"ListItem\",\"position\":2,\"name\":\"Shop\",\"item\":\"https:\/\/rntl.ch\/fitness\/shop\/\"},{\"@type\":\"ListItem\",\"position\":3,\"name\":\"Horizon PARAGON X Laufband\"}]},{\"@type\":\"WebSite\",\"@id\":\"https:\/\/rntl.ch\/fitness\/#website\",\"url\":\"https:\/\/rntl.ch\/fitness\/\",\"name\":\"RNTL Fitness\",\"description\":\"Mieten Einfach Anders\",\"publisher\":{\"@id\":\"https:\/\/rntl.ch\/fitness\/#organization\"},\"potentialAction\":[{\"@type\":\"SearchAction\",\"target\":{\"@type\":\"EntryPoint\",\"urlTemplate\":\"https:\/\/rntl.ch\/fitness\/?s={search_term_string}\"},\"query-input\":{\"@type\":\"PropertyValueSpecification\",\"valueRequired\":true,\"valueName\":\"search_term_string\"}}],\"inLanguage\":\"de\"},{\"@type\":\"Organization\",\"@id\":\"https:\/\/rntl.ch\/fitness\/#organization\",\"name\":\"RNTL Fitness\",\"url\":\"https:\/\/rntl.ch\/fitness\/\",\"logo\":{\"@type\":\"ImageObject\",\"inLanguage\":\"de\",\"@id\":\"https:\/\/rntl.ch\/fitness\/#\/schema\/logo\/image\/\",\"url\":\"https:\/\/rntl.ch\/fitness\/wp-content\/uploads\/sites\/3\/2020\/11\/cropped-rntl_logo_white_530x150.png\",\"contentUrl\":\"https:\/\/rntl.ch\/fitness\/wp-content\/uploads\/sites\/3\/2020\/11\/cropped-rntl_logo_white_530x150.png\",\"width\":530,\"height\":150,\"caption\":\"RNTL Fitness\"},\"image\":{\"@id\":\"https:\/\/rntl.ch\/fitness\/#\/schema\/logo\/image\/\"}}]}<\/script>\n<!-- \/ Yoast SEO plugin. -->","yoast_head_json":{"title":"Horizon PARAGON X Laufband - RNTL Fitness","description":"Miete, kaufe, oder finanziere f\u00fcr das Spinning Training zu Hause den Horizon Paragon X bei RNTL. Perfekt f\u00fcr dein Spinning Training zu Hause.","robots":{"index":"index","follow":"follow","max-snippet":"max-snippet:-1","max-image-preview":"max-image-preview:large","max-video-preview":"max-video-preview:-1"},"canonical":"https:\/\/rntl.ch\/fitness\/produkt\/horizon-paragon-x-laufband\/","og_locale":"de_DE","og_type":"article","og_title":"Horizon PARAGON X Laufband - RNTL Fitness","og_description":"Miete, kaufe, oder finanziere f\u00fcr das Spinning Training zu Hause den Horizon Paragon X bei RNTL. Perfekt f\u00fcr dein Spinning Training zu Hause.","og_url":"https:\/\/rntl.ch\/fitness\/produkt\/horizon-paragon-x-laufband\/","og_site_name":"RNTL Fitness","article_modified_time":"2025-11-03T08:58:11+00:00","og_image":[{"width":800,"height":800,"url":"https:\/\/rntl.ch\/fitness\/wp-content\/uploads\/sites\/3\/2023\/07\/1-5.png","type":"image\/png"}],"twitter_card":"summary_large_image","twitter_misc":{"Gesch\u00e4tzte Lesezeit":"7\u00a0Minuten"},"schema":{"@context":"https:\/\/schema.org","@graph":[{"@type":"WebPage","@id":"https:\/\/rntl.ch\/fitness\/produkt\/horizon-paragon-x-laufband\/","url":"https:\/\/rntl.ch\/fitness\/produkt\/horizon-paragon-x-laufband\/","name":"Horizon PARAGON X Laufband - RNTL Fitness","isPartOf":{"@id":"https:\/\/rntl.ch\/fitness\/#website"},"primaryImageOfPage":{"@id":"https:\/\/rntl.ch\/fitness\/produkt\/horizon-paragon-x-laufband\/#primaryimage"},"image":{"@id":"https:\/\/rntl.ch\/fitness\/produkt\/horizon-paragon-x-laufband\/#primaryimage"},"thumbnailUrl":"https:\/\/rntl.ch\/fitness\/wp-content\/uploads\/sites\/3\/2023\/07\/1-5.png","datePublished":"2023-07-04T14:12:36+00:00","dateModified":"2025-11-03T08:58:11+00:00","description":"Miete, kaufe, oder finanziere f\u00fcr das Spinning Training zu Hause den Horizon Paragon X bei RNTL. Perfekt f\u00fcr dein Spinning Training zu Hause.","breadcrumb":{"@id":"https:\/\/rntl.ch\/fitness\/produkt\/horizon-paragon-x-laufband\/#breadcrumb"},"inLanguage":"de","potentialAction":[{"@type":"ReadAction","target":["https:\/\/rntl.ch\/fitness\/produkt\/horizon-paragon-x-laufband\/"]}]},{"@type":"ImageObject","inLanguage":"de","@id":"https:\/\/rntl.ch\/fitness\/produkt\/horizon-paragon-x-laufband\/#primaryimage","url":"https:\/\/rntl.ch\/fitness\/wp-content\/uploads\/sites\/3\/2023\/07\/1-5.png","contentUrl":"https:\/\/rntl.ch\/fitness\/wp-content\/uploads\/sites\/3\/2023\/07\/1-5.png","width":800,"height":800},{"@type":"BreadcrumbList","@id":"https:\/\/rntl.ch\/fitness\/produkt\/horizon-paragon-x-laufband\/#breadcrumb","itemListElement":[{"@type":"ListItem","position":1,"name":"Startseite","item":"https:\/\/rntl.ch\/fitness\/"},{"@type":"ListItem","position":2,"name":"Shop","item":"https:\/\/rntl.ch\/fitness\/shop\/"},{"@type":"ListItem","position":3,"name":"Horizon PARAGON X Laufband"}]},{"@type":"WebSite","@id":"https:\/\/rntl.ch\/fitness\/#website","url":"https:\/\/rntl.ch\/fitness\/","name":"RNTL Fitness","description":"Mieten Einfach Anders","publisher":{"@id":"https:\/\/rntl.ch\/fitness\/#organization"},"potentialAction":[{"@type":"SearchAction","target":{"@type":"EntryPoint","urlTemplate":"https:\/\/rntl.ch\/fitness\/?s={search_term_string}"},"query-input":{"@type":"PropertyValueSpecification","valueRequired":true,"valueName":"search_term_string"}}],"inLanguage":"de"},{"@type":"Organization","@id":"https:\/\/rntl.ch\/fitness\/#organization","name":"RNTL Fitness","url":"https:\/\/rntl.ch\/fitness\/","logo":{"@type":"ImageObject","inLanguage":"de","@id":"https:\/\/rntl.ch\/fitness\/#\/schema\/logo\/image\/","url":"https:\/\/rntl.ch\/fitness\/wp-content\/uploads\/sites\/3\/2020\/11\/cropped-rntl_logo_white_530x150.png","contentUrl":"https:\/\/rntl.ch\/fitness\/wp-content\/uploads\/sites\/3\/2020\/11\/cropped-rntl_logo_white_530x150.png","width":530,"height":150,"caption":"RNTL Fitness"},"image":{"@id":"https:\/\/rntl.ch\/fitness\/#\/schema\/logo\/image\/"}}]}},"_links":{"self":[{"href":"https:\/\/rntl.ch\/fitness\/wp-json\/wp\/v2\/product\/23570","targetHints":{"allow":["GET"]}}],"collection":[{"href":"https:\/\/rntl.ch\/fitness\/wp-json\/wp\/v2\/product"}],"about":[{"href":"https:\/\/rntl.ch\/fitness\/wp-json\/wp\/v2\/types\/product"}],"version-history":[{"count":3,"href":"https:\/\/rntl.ch\/fitness\/wp-json\/wp\/v2\/product\/23570\/revisions"}],"predecessor-version":[{"id":36829,"href":"https:\/\/rntl.ch\/fitness\/wp-json\/wp\/v2\/product\/23570\/revisions\/36829"}],"wp:featuredmedia":[{"embeddable":true,"href":"https:\/\/rntl.ch\/fitness\/wp-json\/wp\/v2\/media\/23717"}],"wp:attachment":[{"href":"https:\/\/rntl.ch\/fitness\/wp-json\/wp\/v2\/media?parent=23570"}],"wp:term":[{"taxonomy":"product_brand","embeddable":true,"href":"https:\/\/rntl.ch\/fitness\/wp-json\/wp\/v2\/product_brand?post=23570"},{"taxonomy":"product_cat","embeddable":true,"href":"https:\/\/rntl.ch\/fitness\/wp-json\/wp\/v2\/product_cat?post=23570"},{"taxonomy":"product_tag","embeddable":true,"href":"https:\/\/rntl.ch\/fitness\/wp-json\/wp\/v2\/product_tag?post=23570"}],"curies":[{"name":"wp","href":"https:\/\/api.w.org\/{rel}","templated":true}]}}