{"id":23609,"date":"2023-07-06T15:16:05","date_gmt":"2023-07-06T13:16:05","guid":{"rendered":"https:\/\/rntl.ch\/fitness\/?post_type=product&#038;p=23609"},"modified":"2025-08-28T16:46:51","modified_gmt":"2025-08-28T14:46:51","slug":"vision-fitness-t600-laufband-mit-extra-grosser-laufflaeche","status":"publish","type":"product","link":"https:\/\/rntl.ch\/fitness\/produkt\/vision-fitness-t600-laufband-mit-extra-grosser-laufflaeche\/","title":{"rendered":"Vision Fitness T600 Laufband: Leistungsstarker Motor, extra gro\u00dfe Lauffl\u00e4che und robuste Bauweise!"},"content":{"rendered":"<p>Holen Sie sich das Vision Fitness T600 Laufband f\u00fcr ein erstklassiges Trainingserlebnis zu Hause. Mit einem leistungsstarken 4,2 PS AC Motor und dem dynamischen Responsive Drive System bietet dieses Laufband eine reibungslose und zuverl\u00e4ssige Leistung. Die extra gro\u00dfe Lauffl\u00e4che von 56 x 155 cm und das wendbare Deck sorgen f\u00fcr eine besonders lange Lebensdauer und bieten ausreichend Platz f\u00fcr komfortables Laufen. Hergestellt aus extrem robustem geschwei\u00dftem Industriestahl, ist das T600 Laufband f\u00fcr Nutzer bis zu 182 kg geeignet.<\/p>\n<p>Mit neun voreingestellten Trainingsprogrammen, einschlie\u00dflich Herzfrequenztraining, bietet das T600 Laufband vielf\u00e4ltige Trainingsm\u00f6glichkeiten. Die Handpulssensoren und die telemetrische Herzfrequenzmessung liefern kontinuierliche R\u00fcckmeldungen f\u00fcr ein effektives Training.<\/p>\n<p>Bitte beachten Sie: Das Vision Fitness T600 Laufband ist nicht klappbar. Die Stellfl\u00e4che betr\u00e4gt L: 215 cm | B: 91 cm | H: 154 cm. Weitere technische Spezifikationen umfassen eine Geschwindigkeit von 0,8-22 km\/h, eine motorisch verstellbare Steigung von 0-15 %, und eine Lauffl\u00e4chenl\u00e4nge von 152 cm sowie eine Lauffl\u00e4chenbreite von 55 cm.<\/p>\n<p>Sichern Sie sich jetzt das Vision Fitness T600 Laufband und genie\u00dfen Sie ein anspruchsvolles Training in den eigenen vier W\u00e4nden. Zus\u00e4tzlich bietet das Laufband ein Ablagefach f\u00fcr Ihr Smartphone, damit Sie Ihre Lieblingsmusik oder -videos w\u00e4hrend des Trainings genie\u00dfen k\u00f6nnen.<\/p>\n<p>&nbsp;<\/p>\n<div class=\"subproperty\">\n<p class=\"subproperty-content\">\n<\/div>\n","protected":false},"excerpt":{"rendered":"<p>Zuverl\u00e4ssig und langlebig begeistern Vision Fitness Laufb\u00e4nder seit vielen Jahrzehnten. Das Vision Fitness 600 wurde \u00fcber die Jahre immer wieder verbessert und erstrahlt jetzt in einem neuen und zeitlosen Design.<\/p>\n<p><strong>Kaufpreis [woo_custom_field id=\"rntl_retail_price_field\"].-<\/strong><\/p>\n[rntl_page_content id=\"14687\"]\n<div class=\"woocommerce-product-details__short-description\">\n<p>&nbsp;<\/p>\n<\/div>\n","protected":false},"featured_media":23618,"template":"","meta":{"content-type":""},"product_brand":[],"product_cat":[28],"product_tag":[112],"class_list":{"0":"post-23609","1":"product","2":"type-product","3":"status-publish","4":"has-post-thumbnail","6":"product_cat-laufbaender","7":"product_tag-mieten","8":"product_shipping_class-schwer","9":"tm-no-options","11":"first","12":"onbackorder","13":"taxable","14":"shipping-taxable","15":"purchasable","16":"product-type-variable-subscription","17":"has-default-attributes"},"yoast_head":"<!-- This site is optimized with the Yoast SEO plugin v26.3 - https:\/\/yoast.com\/wordpress\/plugins\/seo\/ -->\n<title>Vision Fitness T600 Laufband: Leistungsstarker Motor, extra gro\u00dfe Lauffl\u00e4che und robuste Bauweise! - RNTL Fitness<\/title>\n<meta name=\"description\" content=\"Miete, kaufe, oder finanziere f\u00fcr das Spinning Training zu Hause den Vision Fitness T600 bei RNTL. Sehr hochwertiges Laufband von Vision.\" \/>\n<meta name=\"robots\" content=\"index, follow, max-snippet:-1, max-image-preview:large, max-video-preview:-1\" \/>\n<link rel=\"canonical\" href=\"https:\/\/rntl.ch\/fitness\/produkt\/vision-fitness-t600-laufband-mit-extra-grosser-laufflaeche\/\" \/>\n<meta property=\"og:locale\" content=\"de_DE\" \/>\n<meta property=\"og:type\" content=\"article\" \/>\n<meta property=\"og:title\" content=\"Vision Fitness T600 Laufband: Leistungsstarker Motor, extra gro\u00dfe Lauffl\u00e4che und robuste Bauweise! - RNTL Fitness\" \/>\n<meta property=\"og:description\" content=\"Miete, kaufe, oder finanziere f\u00fcr das Spinning Training zu Hause den Vision Fitness T600 bei RNTL. Sehr hochwertiges Laufband von Vision.\" \/>\n<meta property=\"og:url\" content=\"https:\/\/rntl.ch\/fitness\/produkt\/vision-fitness-t600-laufband-mit-extra-grosser-laufflaeche\/\" \/>\n<meta property=\"og:site_name\" content=\"RNTL Fitness\" \/>\n<meta property=\"article:modified_time\" content=\"2025-08-28T14:46:51+00:00\" \/>\n<meta property=\"og:image\" content=\"https:\/\/rntl.ch\/fitness\/wp-content\/uploads\/sites\/3\/2023\/07\/vision-fitness-laufband-t600-1000x1000-1.jpeg\" \/>\n\t<meta property=\"og:image:width\" content=\"1000\" \/>\n\t<meta property=\"og:image:height\" content=\"1000\" \/>\n\t<meta property=\"og:image:type\" content=\"image\/jpeg\" \/>\n<meta name=\"twitter:card\" content=\"summary_large_image\" \/>\n<meta name=\"twitter:label1\" content=\"Gesch\u00e4tzte Lesezeit\" \/>\n\t<meta name=\"twitter:data1\" content=\"2\u00a0Minuten\" \/>\n<script type=\"application\/ld+json\" class=\"yoast-schema-graph\">{\"@context\":\"https:\/\/schema.org\",\"@graph\":[{\"@type\":\"WebPage\",\"@id\":\"https:\/\/rntl.ch\/fitness\/produkt\/vision-fitness-t600-laufband-mit-extra-grosser-laufflaeche\/\",\"url\":\"https:\/\/rntl.ch\/fitness\/produkt\/vision-fitness-t600-laufband-mit-extra-grosser-laufflaeche\/\",\"name\":\"Vision Fitness T600 Laufband: Leistungsstarker Motor, extra gro\u00dfe Lauffl\u00e4che und robuste Bauweise! - RNTL Fitness\",\"isPartOf\":{\"@id\":\"https:\/\/rntl.ch\/fitness\/#website\"},\"primaryImageOfPage\":{\"@id\":\"https:\/\/rntl.ch\/fitness\/produkt\/vision-fitness-t600-laufband-mit-extra-grosser-laufflaeche\/#primaryimage\"},\"image\":{\"@id\":\"https:\/\/rntl.ch\/fitness\/produkt\/vision-fitness-t600-laufband-mit-extra-grosser-laufflaeche\/#primaryimage\"},\"thumbnailUrl\":\"https:\/\/rntl.ch\/fitness\/wp-content\/uploads\/sites\/3\/2023\/07\/vision-fitness-laufband-t600-1000x1000-1.jpeg\",\"datePublished\":\"2023-07-06T13:16:05+00:00\",\"dateModified\":\"2025-08-28T14:46:51+00:00\",\"description\":\"Miete, kaufe, oder finanziere f\u00fcr das Spinning Training zu Hause den Vision Fitness T600 bei RNTL. Sehr hochwertiges Laufband von Vision.\",\"breadcrumb\":{\"@id\":\"https:\/\/rntl.ch\/fitness\/produkt\/vision-fitness-t600-laufband-mit-extra-grosser-laufflaeche\/#breadcrumb\"},\"inLanguage\":\"de\",\"potentialAction\":[{\"@type\":\"ReadAction\",\"target\":[\"https:\/\/rntl.ch\/fitness\/produkt\/vision-fitness-t600-laufband-mit-extra-grosser-laufflaeche\/\"]}]},{\"@type\":\"ImageObject\",\"inLanguage\":\"de\",\"@id\":\"https:\/\/rntl.ch\/fitness\/produkt\/vision-fitness-t600-laufband-mit-extra-grosser-laufflaeche\/#primaryimage\",\"url\":\"https:\/\/rntl.ch\/fitness\/wp-content\/uploads\/sites\/3\/2023\/07\/vision-fitness-laufband-t600-1000x1000-1.jpeg\",\"contentUrl\":\"https:\/\/rntl.ch\/fitness\/wp-content\/uploads\/sites\/3\/2023\/07\/vision-fitness-laufband-t600-1000x1000-1.jpeg\",\"width\":1000,\"height\":1000},{\"@type\":\"BreadcrumbList\",\"@id\":\"https:\/\/rntl.ch\/fitness\/produkt\/vision-fitness-t600-laufband-mit-extra-grosser-laufflaeche\/#breadcrumb\",\"itemListElement\":[{\"@type\":\"ListItem\",\"position\":1,\"name\":\"Startseite\",\"item\":\"https:\/\/rntl.ch\/fitness\/\"},{\"@type\":\"ListItem\",\"position\":2,\"name\":\"Shop\",\"item\":\"https:\/\/rntl.ch\/fitness\/shop\/\"},{\"@type\":\"ListItem\",\"position\":3,\"name\":\"Vision Fitness T600 Laufband: Leistungsstarker Motor, extra gro\u00dfe Lauffl\u00e4che und robuste Bauweise!\"}]},{\"@type\":\"WebSite\",\"@id\":\"https:\/\/rntl.ch\/fitness\/#website\",\"url\":\"https:\/\/rntl.ch\/fitness\/\",\"name\":\"RNTL Fitness\",\"description\":\"Mieten Einfach Anders\",\"publisher\":{\"@id\":\"https:\/\/rntl.ch\/fitness\/#organization\"},\"potentialAction\":[{\"@type\":\"SearchAction\",\"target\":{\"@type\":\"EntryPoint\",\"urlTemplate\":\"https:\/\/rntl.ch\/fitness\/?s={search_term_string}\"},\"query-input\":{\"@type\":\"PropertyValueSpecification\",\"valueRequired\":true,\"valueName\":\"search_term_string\"}}],\"inLanguage\":\"de\"},{\"@type\":\"Organization\",\"@id\":\"https:\/\/rntl.ch\/fitness\/#organization\",\"name\":\"RNTL Fitness\",\"url\":\"https:\/\/rntl.ch\/fitness\/\",\"logo\":{\"@type\":\"ImageObject\",\"inLanguage\":\"de\",\"@id\":\"https:\/\/rntl.ch\/fitness\/#\/schema\/logo\/image\/\",\"url\":\"https:\/\/rntl.ch\/fitness\/wp-content\/uploads\/sites\/3\/2020\/11\/cropped-rntl_logo_white_530x150.png\",\"contentUrl\":\"https:\/\/rntl.ch\/fitness\/wp-content\/uploads\/sites\/3\/2020\/11\/cropped-rntl_logo_white_530x150.png\",\"width\":530,\"height\":150,\"caption\":\"RNTL Fitness\"},\"image\":{\"@id\":\"https:\/\/rntl.ch\/fitness\/#\/schema\/logo\/image\/\"}}]}<\/script>\n<!-- \/ Yoast SEO plugin. -->","yoast_head_json":{"title":"Vision Fitness T600 Laufband: Leistungsstarker Motor, extra gro\u00dfe Lauffl\u00e4che und robuste Bauweise! - RNTL Fitness","description":"Miete, kaufe, oder finanziere f\u00fcr das Spinning Training zu Hause den Vision Fitness T600 bei RNTL. Sehr hochwertiges Laufband von Vision.","robots":{"index":"index","follow":"follow","max-snippet":"max-snippet:-1","max-image-preview":"max-image-preview:large","max-video-preview":"max-video-preview:-1"},"canonical":"https:\/\/rntl.ch\/fitness\/produkt\/vision-fitness-t600-laufband-mit-extra-grosser-laufflaeche\/","og_locale":"de_DE","og_type":"article","og_title":"Vision Fitness T600 Laufband: Leistungsstarker Motor, extra gro\u00dfe Lauffl\u00e4che und robuste Bauweise! - RNTL Fitness","og_description":"Miete, kaufe, oder finanziere f\u00fcr das Spinning Training zu Hause den Vision Fitness T600 bei RNTL. Sehr hochwertiges Laufband von Vision.","og_url":"https:\/\/rntl.ch\/fitness\/produkt\/vision-fitness-t600-laufband-mit-extra-grosser-laufflaeche\/","og_site_name":"RNTL Fitness","article_modified_time":"2025-08-28T14:46:51+00:00","og_image":[{"width":1000,"height":1000,"url":"https:\/\/rntl.ch\/fitness\/wp-content\/uploads\/sites\/3\/2023\/07\/vision-fitness-laufband-t600-1000x1000-1.jpeg","type":"image\/jpeg"}],"twitter_card":"summary_large_image","twitter_misc":{"Gesch\u00e4tzte Lesezeit":"2\u00a0Minuten"},"schema":{"@context":"https:\/\/schema.org","@graph":[{"@type":"WebPage","@id":"https:\/\/rntl.ch\/fitness\/produkt\/vision-fitness-t600-laufband-mit-extra-grosser-laufflaeche\/","url":"https:\/\/rntl.ch\/fitness\/produkt\/vision-fitness-t600-laufband-mit-extra-grosser-laufflaeche\/","name":"Vision Fitness T600 Laufband: Leistungsstarker Motor, extra gro\u00dfe Lauffl\u00e4che und robuste Bauweise! - RNTL Fitness","isPartOf":{"@id":"https:\/\/rntl.ch\/fitness\/#website"},"primaryImageOfPage":{"@id":"https:\/\/rntl.ch\/fitness\/produkt\/vision-fitness-t600-laufband-mit-extra-grosser-laufflaeche\/#primaryimage"},"image":{"@id":"https:\/\/rntl.ch\/fitness\/produkt\/vision-fitness-t600-laufband-mit-extra-grosser-laufflaeche\/#primaryimage"},"thumbnailUrl":"https:\/\/rntl.ch\/fitness\/wp-content\/uploads\/sites\/3\/2023\/07\/vision-fitness-laufband-t600-1000x1000-1.jpeg","datePublished":"2023-07-06T13:16:05+00:00","dateModified":"2025-08-28T14:46:51+00:00","description":"Miete, kaufe, oder finanziere f\u00fcr das Spinning Training zu Hause den Vision Fitness T600 bei RNTL. Sehr hochwertiges Laufband von Vision.","breadcrumb":{"@id":"https:\/\/rntl.ch\/fitness\/produkt\/vision-fitness-t600-laufband-mit-extra-grosser-laufflaeche\/#breadcrumb"},"inLanguage":"de","potentialAction":[{"@type":"ReadAction","target":["https:\/\/rntl.ch\/fitness\/produkt\/vision-fitness-t600-laufband-mit-extra-grosser-laufflaeche\/"]}]},{"@type":"ImageObject","inLanguage":"de","@id":"https:\/\/rntl.ch\/fitness\/produkt\/vision-fitness-t600-laufband-mit-extra-grosser-laufflaeche\/#primaryimage","url":"https:\/\/rntl.ch\/fitness\/wp-content\/uploads\/sites\/3\/2023\/07\/vision-fitness-laufband-t600-1000x1000-1.jpeg","contentUrl":"https:\/\/rntl.ch\/fitness\/wp-content\/uploads\/sites\/3\/2023\/07\/vision-fitness-laufband-t600-1000x1000-1.jpeg","width":1000,"height":1000},{"@type":"BreadcrumbList","@id":"https:\/\/rntl.ch\/fitness\/produkt\/vision-fitness-t600-laufband-mit-extra-grosser-laufflaeche\/#breadcrumb","itemListElement":[{"@type":"ListItem","position":1,"name":"Startseite","item":"https:\/\/rntl.ch\/fitness\/"},{"@type":"ListItem","position":2,"name":"Shop","item":"https:\/\/rntl.ch\/fitness\/shop\/"},{"@type":"ListItem","position":3,"name":"Vision Fitness T600 Laufband: Leistungsstarker Motor, extra gro\u00dfe Lauffl\u00e4che und robuste Bauweise!"}]},{"@type":"WebSite","@id":"https:\/\/rntl.ch\/fitness\/#website","url":"https:\/\/rntl.ch\/fitness\/","name":"RNTL Fitness","description":"Mieten Einfach Anders","publisher":{"@id":"https:\/\/rntl.ch\/fitness\/#organization"},"potentialAction":[{"@type":"SearchAction","target":{"@type":"EntryPoint","urlTemplate":"https:\/\/rntl.ch\/fitness\/?s={search_term_string}"},"query-input":{"@type":"PropertyValueSpecification","valueRequired":true,"valueName":"search_term_string"}}],"inLanguage":"de"},{"@type":"Organization","@id":"https:\/\/rntl.ch\/fitness\/#organization","name":"RNTL Fitness","url":"https:\/\/rntl.ch\/fitness\/","logo":{"@type":"ImageObject","inLanguage":"de","@id":"https:\/\/rntl.ch\/fitness\/#\/schema\/logo\/image\/","url":"https:\/\/rntl.ch\/fitness\/wp-content\/uploads\/sites\/3\/2020\/11\/cropped-rntl_logo_white_530x150.png","contentUrl":"https:\/\/rntl.ch\/fitness\/wp-content\/uploads\/sites\/3\/2020\/11\/cropped-rntl_logo_white_530x150.png","width":530,"height":150,"caption":"RNTL Fitness"},"image":{"@id":"https:\/\/rntl.ch\/fitness\/#\/schema\/logo\/image\/"}}]}},"_links":{"self":[{"href":"https:\/\/rntl.ch\/fitness\/wp-json\/wp\/v2\/product\/23609","targetHints":{"allow":["GET"]}}],"collection":[{"href":"https:\/\/rntl.ch\/fitness\/wp-json\/wp\/v2\/product"}],"about":[{"href":"https:\/\/rntl.ch\/fitness\/wp-json\/wp\/v2\/types\/product"}],"version-history":[{"count":2,"href":"https:\/\/rntl.ch\/fitness\/wp-json\/wp\/v2\/product\/23609\/revisions"}],"predecessor-version":[{"id":27477,"href":"https:\/\/rntl.ch\/fitness\/wp-json\/wp\/v2\/product\/23609\/revisions\/27477"}],"wp:featuredmedia":[{"embeddable":true,"href":"https:\/\/rntl.ch\/fitness\/wp-json\/wp\/v2\/media\/23618"}],"wp:attachment":[{"href":"https:\/\/rntl.ch\/fitness\/wp-json\/wp\/v2\/media?parent=23609"}],"wp:term":[{"taxonomy":"product_brand","embeddable":true,"href":"https:\/\/rntl.ch\/fitness\/wp-json\/wp\/v2\/product_brand?post=23609"},{"taxonomy":"product_cat","embeddable":true,"href":"https:\/\/rntl.ch\/fitness\/wp-json\/wp\/v2\/product_cat?post=23609"},{"taxonomy":"product_tag","embeddable":true,"href":"https:\/\/rntl.ch\/fitness\/wp-json\/wp\/v2\/product_tag?post=23609"}],"curies":[{"name":"wp","href":"https:\/\/api.w.org\/{rel}","templated":true}]}}