{"id":23633,"date":"2023-07-06T16:24:44","date_gmt":"2023-07-06T14:24:44","guid":{"rendered":"https:\/\/rntl.ch\/fitness\/?post_type=product&#038;p=23633"},"modified":"2023-10-12T17:03:31","modified_gmt":"2023-10-12T15:03:31","slug":"synca-circ-massagesessel","status":"publish","type":"product","link":"https:\/\/rntl.ch\/fitness\/produkt\/synca-circ-massagesessel\/","title":{"rendered":"Synca Circ Massagesessel Navy"},"content":{"rendered":"<h2>Die therapeutische Massage f\u00fcr Zuhause<\/h2>\n<p>SYNCA vereint ein einzigartiges Wellnesserlebnis mit fortschrittlichem Design. Die\u00a0<strong>innovativen Massageprodukte<\/strong>\u00a0erm\u00f6glichen Ihnen pure Entspannung und Wohlbefinden \u2013 bequem in Ihrem Zuhause. Synca ist angelehnt an das japanische Wort (gesprochen &#8222;Shinka&#8220;). Es bedeutet \u00fcbersetzt Evolution, meint in anderer Schreibweise jedoch auch so viel wie wertvoll. Beides beschreibt hervorragend die Philosophie hinter Synca. Sie entwickeln luxuri\u00f6se Wellnessprodukte und investieren Energie, Know How und Herzblut, um diese stetig zu verbessern und ihr Ziel zu erreichen:\u00a0<strong>Ihre ultimative physische und mentale Entspannung.<\/strong>\u00a0Denn sie wissen, wie wertvoll Ihre Zeit ist. Synca vereint die fern\u00f6stliche Tradition der Massage mit innovativer, pr\u00e4ziser Technologie \u201eMade in Japan\u201c und modernem Design. Die grossen und kleinen Momente der Entspannung k\u00f6nnen Sie Dank der Premium-Produkte von Synca jederzeit in Ihrem Zuhause geniessen.<\/p>\n<h3><strong>Ein Massagesessel der n\u00e4chsten Generation<\/strong><\/h3>\n<p>Die intelligente Massage imitiert das Massieren eines echten Masseurs und sorgt f\u00fcr ein Gef\u00fchl, als ob Sie mit echten H\u00e4nden massiert werden. Die St\u00e4rke kann dabei nach Ihren Vorlieben von stark bis angenehm sanft eingestellt werden.<\/p>\n<h3><strong>Entspannung vorprogrammiert<\/strong><\/h3>\n<p>Geniessen Sie mit dem CirC Massagesessel eine individuelle Massage nach Ihren pers\u00f6nlichen Bed\u00fcrfnissen. Mit der intuitiven Fernbedienung stehen Ihnen vollautomatische, ebenso wie verschiedene manuelle oder punktuelle Programme auf Knopfdruck zur Verf\u00fcgung.<\/p>\n<h3><strong>Wundersch\u00f6nes Interior Design<\/strong><\/h3>\n<p>Das Design f\u00fcgt sich nahtlos in jeden Wohnraum ein. Und weil der CirC so herrlich kompakt ist, ben\u00f6tigen Sie nur ganz wenig Platz, um sich ein St\u00fcck Himmel nach Hause zu holen.<\/p>\n<p><strong>Einsatz:<\/strong>\u00a0Heimbereich, maximales Benutzergewicht 114 kg<br \/>\n<strong>Ger\u00e4temasse:<\/strong>\u00a0B55 x H94 x T100cm, Gewicht 32kg<br \/>\n<strong>Zubeh\u00f6r:<\/strong>\u00a0Kissen, Stromkabel (ca. 180cm), Auflage<br \/>\n<strong>Garantie:<\/strong>\u00a02 Jahre auf Arbeit und Ersatzteile (ausgeschlossen Verbrauchsmaterial)<\/p>\n","protected":false},"excerpt":{"rendered":"<p>Ideal f\u00fcr Fernsehschl\u00e4fer!<\/p>\n<p><strong>Kaufpreis [woo_custom_field id=\"rntl_retail_price_field\"].-<\/strong><\/p>\n[rntl_page_content id=\"14687\"]\n<div class=\"woocommerce-product-details__short-description\">\n<p>&nbsp;<\/p>\n<\/div>\n","protected":false},"featured_media":23638,"template":"","meta":{"content-type":""},"product_brand":[],"product_cat":[105],"product_tag":[112],"class_list":{"0":"post-23633","1":"product","2":"type-product","3":"status-publish","4":"has-post-thumbnail","6":"product_cat-wellness","7":"product_tag-mieten","8":"product_shipping_class-leicht","9":"tm-no-options","11":"first","12":"instock","13":"taxable","14":"shipping-taxable","15":"purchasable","16":"product-type-variable-subscription","17":"has-default-attributes"},"yoast_head":"<!-- This site is optimized with the Yoast SEO plugin v26.3 - https:\/\/yoast.com\/wordpress\/plugins\/seo\/ -->\n<title>Synca Circ Massagesessel Navy - RNTL Fitness<\/title>\n<meta name=\"description\" content=\"Miete, kaufe, oder finanziere Dir f\u00fcr das Training zu Hause den Synca Circ bei RNTL. Perfekt f\u00fcr Wellness zu Hause.\" \/>\n<meta name=\"robots\" content=\"index, follow, max-snippet:-1, max-image-preview:large, max-video-preview:-1\" \/>\n<link rel=\"canonical\" href=\"https:\/\/rntl.ch\/fitness\/produkt\/synca-circ-massagesessel\/\" \/>\n<meta property=\"og:locale\" content=\"de_DE\" \/>\n<meta property=\"og:type\" content=\"article\" \/>\n<meta property=\"og:title\" content=\"Synca Circ Massagesessel Navy - RNTL Fitness\" \/>\n<meta property=\"og:description\" content=\"Miete, kaufe, oder finanziere Dir f\u00fcr das Training zu Hause den Synca Circ bei RNTL. Perfekt f\u00fcr Wellness zu Hause.\" \/>\n<meta property=\"og:url\" content=\"https:\/\/rntl.ch\/fitness\/produkt\/synca-circ-massagesessel\/\" \/>\n<meta property=\"og:site_name\" content=\"RNTL Fitness\" \/>\n<meta property=\"article:modified_time\" content=\"2023-10-12T15:03:31+00:00\" \/>\n<meta property=\"og:image\" content=\"https:\/\/rntl.ch\/fitness\/wp-content\/uploads\/sites\/3\/2023\/07\/synca-circ-navy-16_600.jpeg\" \/>\n\t<meta property=\"og:image:width\" content=\"600\" \/>\n\t<meta property=\"og:image:height\" content=\"600\" \/>\n\t<meta property=\"og:image:type\" content=\"image\/jpeg\" \/>\n<meta name=\"twitter:card\" content=\"summary_large_image\" \/>\n<meta name=\"twitter:label1\" content=\"Gesch\u00e4tzte Lesezeit\" \/>\n\t<meta name=\"twitter:data1\" content=\"2\u00a0Minuten\" \/>\n<script type=\"application\/ld+json\" class=\"yoast-schema-graph\">{\"@context\":\"https:\/\/schema.org\",\"@graph\":[{\"@type\":\"WebPage\",\"@id\":\"https:\/\/rntl.ch\/fitness\/produkt\/synca-circ-massagesessel\/\",\"url\":\"https:\/\/rntl.ch\/fitness\/produkt\/synca-circ-massagesessel\/\",\"name\":\"Synca Circ Massagesessel Navy - RNTL Fitness\",\"isPartOf\":{\"@id\":\"https:\/\/rntl.ch\/fitness\/#website\"},\"primaryImageOfPage\":{\"@id\":\"https:\/\/rntl.ch\/fitness\/produkt\/synca-circ-massagesessel\/#primaryimage\"},\"image\":{\"@id\":\"https:\/\/rntl.ch\/fitness\/produkt\/synca-circ-massagesessel\/#primaryimage\"},\"thumbnailUrl\":\"https:\/\/rntl.ch\/fitness\/wp-content\/uploads\/sites\/3\/2023\/07\/synca-circ-navy-16_600.jpeg\",\"datePublished\":\"2023-07-06T14:24:44+00:00\",\"dateModified\":\"2023-10-12T15:03:31+00:00\",\"description\":\"Miete, kaufe, oder finanziere Dir f\u00fcr das Training zu Hause den Synca Circ bei RNTL. Perfekt f\u00fcr Wellness zu Hause.\",\"breadcrumb\":{\"@id\":\"https:\/\/rntl.ch\/fitness\/produkt\/synca-circ-massagesessel\/#breadcrumb\"},\"inLanguage\":\"de\",\"potentialAction\":[{\"@type\":\"ReadAction\",\"target\":[\"https:\/\/rntl.ch\/fitness\/produkt\/synca-circ-massagesessel\/\"]}]},{\"@type\":\"ImageObject\",\"inLanguage\":\"de\",\"@id\":\"https:\/\/rntl.ch\/fitness\/produkt\/synca-circ-massagesessel\/#primaryimage\",\"url\":\"https:\/\/rntl.ch\/fitness\/wp-content\/uploads\/sites\/3\/2023\/07\/synca-circ-navy-16_600.jpeg\",\"contentUrl\":\"https:\/\/rntl.ch\/fitness\/wp-content\/uploads\/sites\/3\/2023\/07\/synca-circ-navy-16_600.jpeg\",\"width\":600,\"height\":600},{\"@type\":\"BreadcrumbList\",\"@id\":\"https:\/\/rntl.ch\/fitness\/produkt\/synca-circ-massagesessel\/#breadcrumb\",\"itemListElement\":[{\"@type\":\"ListItem\",\"position\":1,\"name\":\"Startseite\",\"item\":\"https:\/\/rntl.ch\/fitness\/\"},{\"@type\":\"ListItem\",\"position\":2,\"name\":\"Shop\",\"item\":\"https:\/\/rntl.ch\/fitness\/shop\/\"},{\"@type\":\"ListItem\",\"position\":3,\"name\":\"Synca Circ Massagesessel Navy\"}]},{\"@type\":\"WebSite\",\"@id\":\"https:\/\/rntl.ch\/fitness\/#website\",\"url\":\"https:\/\/rntl.ch\/fitness\/\",\"name\":\"RNTL Fitness\",\"description\":\"Mieten Einfach Anders\",\"publisher\":{\"@id\":\"https:\/\/rntl.ch\/fitness\/#organization\"},\"potentialAction\":[{\"@type\":\"SearchAction\",\"target\":{\"@type\":\"EntryPoint\",\"urlTemplate\":\"https:\/\/rntl.ch\/fitness\/?s={search_term_string}\"},\"query-input\":{\"@type\":\"PropertyValueSpecification\",\"valueRequired\":true,\"valueName\":\"search_term_string\"}}],\"inLanguage\":\"de\"},{\"@type\":\"Organization\",\"@id\":\"https:\/\/rntl.ch\/fitness\/#organization\",\"name\":\"RNTL Fitness\",\"url\":\"https:\/\/rntl.ch\/fitness\/\",\"logo\":{\"@type\":\"ImageObject\",\"inLanguage\":\"de\",\"@id\":\"https:\/\/rntl.ch\/fitness\/#\/schema\/logo\/image\/\",\"url\":\"https:\/\/rntl.ch\/fitness\/wp-content\/uploads\/sites\/3\/2020\/11\/cropped-rntl_logo_white_530x150.png\",\"contentUrl\":\"https:\/\/rntl.ch\/fitness\/wp-content\/uploads\/sites\/3\/2020\/11\/cropped-rntl_logo_white_530x150.png\",\"width\":530,\"height\":150,\"caption\":\"RNTL Fitness\"},\"image\":{\"@id\":\"https:\/\/rntl.ch\/fitness\/#\/schema\/logo\/image\/\"}}]}<\/script>\n<!-- \/ Yoast SEO plugin. -->","yoast_head_json":{"title":"Synca Circ Massagesessel Navy - RNTL Fitness","description":"Miete, kaufe, oder finanziere Dir f\u00fcr das Training zu Hause den Synca Circ bei RNTL. Perfekt f\u00fcr Wellness zu Hause.","robots":{"index":"index","follow":"follow","max-snippet":"max-snippet:-1","max-image-preview":"max-image-preview:large","max-video-preview":"max-video-preview:-1"},"canonical":"https:\/\/rntl.ch\/fitness\/produkt\/synca-circ-massagesessel\/","og_locale":"de_DE","og_type":"article","og_title":"Synca Circ Massagesessel Navy - RNTL Fitness","og_description":"Miete, kaufe, oder finanziere Dir f\u00fcr das Training zu Hause den Synca Circ bei RNTL. Perfekt f\u00fcr Wellness zu Hause.","og_url":"https:\/\/rntl.ch\/fitness\/produkt\/synca-circ-massagesessel\/","og_site_name":"RNTL Fitness","article_modified_time":"2023-10-12T15:03:31+00:00","og_image":[{"width":600,"height":600,"url":"https:\/\/rntl.ch\/fitness\/wp-content\/uploads\/sites\/3\/2023\/07\/synca-circ-navy-16_600.jpeg","type":"image\/jpeg"}],"twitter_card":"summary_large_image","twitter_misc":{"Gesch\u00e4tzte Lesezeit":"2\u00a0Minuten"},"schema":{"@context":"https:\/\/schema.org","@graph":[{"@type":"WebPage","@id":"https:\/\/rntl.ch\/fitness\/produkt\/synca-circ-massagesessel\/","url":"https:\/\/rntl.ch\/fitness\/produkt\/synca-circ-massagesessel\/","name":"Synca Circ Massagesessel Navy - RNTL Fitness","isPartOf":{"@id":"https:\/\/rntl.ch\/fitness\/#website"},"primaryImageOfPage":{"@id":"https:\/\/rntl.ch\/fitness\/produkt\/synca-circ-massagesessel\/#primaryimage"},"image":{"@id":"https:\/\/rntl.ch\/fitness\/produkt\/synca-circ-massagesessel\/#primaryimage"},"thumbnailUrl":"https:\/\/rntl.ch\/fitness\/wp-content\/uploads\/sites\/3\/2023\/07\/synca-circ-navy-16_600.jpeg","datePublished":"2023-07-06T14:24:44+00:00","dateModified":"2023-10-12T15:03:31+00:00","description":"Miete, kaufe, oder finanziere Dir f\u00fcr das Training zu Hause den Synca Circ bei RNTL. Perfekt f\u00fcr Wellness zu Hause.","breadcrumb":{"@id":"https:\/\/rntl.ch\/fitness\/produkt\/synca-circ-massagesessel\/#breadcrumb"},"inLanguage":"de","potentialAction":[{"@type":"ReadAction","target":["https:\/\/rntl.ch\/fitness\/produkt\/synca-circ-massagesessel\/"]}]},{"@type":"ImageObject","inLanguage":"de","@id":"https:\/\/rntl.ch\/fitness\/produkt\/synca-circ-massagesessel\/#primaryimage","url":"https:\/\/rntl.ch\/fitness\/wp-content\/uploads\/sites\/3\/2023\/07\/synca-circ-navy-16_600.jpeg","contentUrl":"https:\/\/rntl.ch\/fitness\/wp-content\/uploads\/sites\/3\/2023\/07\/synca-circ-navy-16_600.jpeg","width":600,"height":600},{"@type":"BreadcrumbList","@id":"https:\/\/rntl.ch\/fitness\/produkt\/synca-circ-massagesessel\/#breadcrumb","itemListElement":[{"@type":"ListItem","position":1,"name":"Startseite","item":"https:\/\/rntl.ch\/fitness\/"},{"@type":"ListItem","position":2,"name":"Shop","item":"https:\/\/rntl.ch\/fitness\/shop\/"},{"@type":"ListItem","position":3,"name":"Synca Circ Massagesessel Navy"}]},{"@type":"WebSite","@id":"https:\/\/rntl.ch\/fitness\/#website","url":"https:\/\/rntl.ch\/fitness\/","name":"RNTL Fitness","description":"Mieten Einfach Anders","publisher":{"@id":"https:\/\/rntl.ch\/fitness\/#organization"},"potentialAction":[{"@type":"SearchAction","target":{"@type":"EntryPoint","urlTemplate":"https:\/\/rntl.ch\/fitness\/?s={search_term_string}"},"query-input":{"@type":"PropertyValueSpecification","valueRequired":true,"valueName":"search_term_string"}}],"inLanguage":"de"},{"@type":"Organization","@id":"https:\/\/rntl.ch\/fitness\/#organization","name":"RNTL Fitness","url":"https:\/\/rntl.ch\/fitness\/","logo":{"@type":"ImageObject","inLanguage":"de","@id":"https:\/\/rntl.ch\/fitness\/#\/schema\/logo\/image\/","url":"https:\/\/rntl.ch\/fitness\/wp-content\/uploads\/sites\/3\/2020\/11\/cropped-rntl_logo_white_530x150.png","contentUrl":"https:\/\/rntl.ch\/fitness\/wp-content\/uploads\/sites\/3\/2020\/11\/cropped-rntl_logo_white_530x150.png","width":530,"height":150,"caption":"RNTL Fitness"},"image":{"@id":"https:\/\/rntl.ch\/fitness\/#\/schema\/logo\/image\/"}}]}},"_links":{"self":[{"href":"https:\/\/rntl.ch\/fitness\/wp-json\/wp\/v2\/product\/23633","targetHints":{"allow":["GET"]}}],"collection":[{"href":"https:\/\/rntl.ch\/fitness\/wp-json\/wp\/v2\/product"}],"about":[{"href":"https:\/\/rntl.ch\/fitness\/wp-json\/wp\/v2\/types\/product"}],"version-history":[{"count":0,"href":"https:\/\/rntl.ch\/fitness\/wp-json\/wp\/v2\/product\/23633\/revisions"}],"wp:featuredmedia":[{"embeddable":true,"href":"https:\/\/rntl.ch\/fitness\/wp-json\/wp\/v2\/media\/23638"}],"wp:attachment":[{"href":"https:\/\/rntl.ch\/fitness\/wp-json\/wp\/v2\/media?parent=23633"}],"wp:term":[{"taxonomy":"product_brand","embeddable":true,"href":"https:\/\/rntl.ch\/fitness\/wp-json\/wp\/v2\/product_brand?post=23633"},{"taxonomy":"product_cat","embeddable":true,"href":"https:\/\/rntl.ch\/fitness\/wp-json\/wp\/v2\/product_cat?post=23633"},{"taxonomy":"product_tag","embeddable":true,"href":"https:\/\/rntl.ch\/fitness\/wp-json\/wp\/v2\/product_tag?post=23633"}],"curies":[{"name":"wp","href":"https:\/\/api.w.org\/{rel}","templated":true}]}}