{"id":23645,"date":"2023-07-06T16:41:54","date_gmt":"2023-07-06T14:41:54","guid":{"rendered":"https:\/\/rntl.ch\/fitness\/?post_type=product&#038;p=23645"},"modified":"2023-10-12T17:03:29","modified_gmt":"2023-10-12T15:03:29","slug":"synca-kagra-massagesessel-schwarz","status":"publish","type":"product","link":"https:\/\/rntl.ch\/fitness\/produkt\/synca-kagra-massagesessel-schwarz\/","title":{"rendered":"Synca KaGra Massagesessel Schwarz"},"content":{"rendered":"<p>Der KaGra Massagesessel ist die Limousine unter den Massagesesseln. Lassen Sie allen Alltagsstress hinter sich und geniessen Sie mit dem unglaublich vielseitigen KaGra Massagesessel Ihr individuelles Verw\u00f6hnprogramm von Kopf bis Fuss.<\/p>\n<p>Kraftvoll oder sanft, entspannend oder vitalisierend. Es stehen Ihnen 7 Massagetechniken mit dem KaGra Massagesessel zur Verf\u00fcgung, die Sie ab sofort Zuhause und jederzeit geniessen k\u00f6nnen. In zahlreichen automatischen Programmen werden diese Roll-, Zug,- Knet- und Klopftechniken f\u00fcr eine tiefenentspannende, vitalisierende oder dehnende Massage kombiniert. Sie w\u00e4hlen nur noch die gew\u00fcnschte K\u00f6rperregion, Intensit\u00e4t und die Dauer der Anwendung aus.<\/p>\n<p>Mit dem handlichen Bedienelement k\u00f6nnen Sie s\u00e4mtliche Funktionen wie Programmwahl, Massagearten, K\u00f6rperposition, Intensit\u00e4t oder W\u00e4rme intuitiv steuern. Ein \u00fcbersichtliches LCD-Display zeigt Ihnen dabei jederzeit wesentliche Informationen wie verbleibende Massagezeit, die momentan durchgef\u00fchrte Massageart oder die aktuell massierte K\u00f6rperregion an.<\/p>\n<p>Die stufenlos verstellbare Lehne und Fussauflage sowie die Armlehnenposition, die sich automatisch in Verbindung mit der Neigung der R\u00fcckenlehne einstellt, gew\u00e4hrleisten stets den vollen Kontakt mit allen Massagefl\u00e4chen. Die Beinablage kann durch leichten Druck der F\u00fcsse exakt auf Ihre K\u00f6rperl\u00e4nge angepasst werden, sodass Sie sich bequem ausstrecken k\u00f6nnen. Nat\u00fcrlich k\u00f6nnen Sie den KaGra Massagesessel auch wunderbar f\u00fcr ein Powernapping nutzen und es sich dabei mit der dreifachen Infrarotw\u00e4rme besonders gem\u00fctlich machen.<\/p>\n<p>Produktabmessungen: Sitzposition: B89 x H123 x T135cm, Liegeposition: B89 x H93 x T187cm, Gewicht 96kg<br \/>\nZubeh\u00f6r: Kissen, Stromkabel (ca. 180cm), Auflage<br \/>\nGarantie: 2 Jahre auf Arbeit und Ersatzteile (ausgeschlossen Verbrauchsmaterial)<\/p>\n","protected":false},"excerpt":{"rendered":"<p>KaGra ist die Limousine unter den Massagesesseln.<\/p>\n<p><strong>Kaufpreis [woo_custom_field id=\"rntl_retail_price_field\"].-<\/strong><\/p>\n[rntl_page_content id=\"14687\"]\n<div class=\"woocommerce-product-details__short-description\">\n<p>&nbsp;<\/p>\n<\/div>\n","protected":false},"featured_media":23689,"template":"","meta":{"content-type":""},"product_brand":[],"product_cat":[105],"product_tag":[112],"class_list":{"0":"post-23645","1":"product","2":"type-product","3":"status-publish","4":"has-post-thumbnail","6":"product_cat-wellness","7":"product_tag-mieten","8":"product_shipping_class-schwer","9":"tm-no-options","11":"first","12":"instock","13":"taxable","14":"shipping-taxable","15":"purchasable","16":"product-type-variable-subscription","17":"has-default-attributes"},"yoast_head":"<!-- This site is optimized with the Yoast SEO plugin v26.3 - https:\/\/yoast.com\/wordpress\/plugins\/seo\/ -->\n<title>Synca KaGra Massagesessel Schwarz - RNTL Fitness<\/title>\n<meta name=\"description\" content=\"Miete, kaufe, oder finanziere Dir f\u00fcr das Training zu Hause den Synca KaGra Massagesessel Schwarz. Perfekt f\u00fcr Wellness zu Hause.\" \/>\n<meta name=\"robots\" content=\"index, follow, max-snippet:-1, max-image-preview:large, max-video-preview:-1\" \/>\n<link rel=\"canonical\" href=\"https:\/\/rntl.ch\/fitness\/produkt\/synca-kagra-massagesessel-schwarz\/\" \/>\n<meta property=\"og:locale\" content=\"de_DE\" \/>\n<meta property=\"og:type\" content=\"article\" \/>\n<meta property=\"og:title\" content=\"Synca KaGra Massagesessel Schwarz - RNTL Fitness\" \/>\n<meta property=\"og:description\" content=\"Miete, kaufe, oder finanziere Dir f\u00fcr das Training zu Hause den Synca KaGra Massagesessel Schwarz. Perfekt f\u00fcr Wellness zu Hause.\" \/>\n<meta property=\"og:url\" content=\"https:\/\/rntl.ch\/fitness\/produkt\/synca-kagra-massagesessel-schwarz\/\" \/>\n<meta property=\"og:site_name\" content=\"RNTL Fitness\" \/>\n<meta property=\"article:modified_time\" content=\"2023-10-12T15:03:29+00:00\" \/>\n<meta property=\"og:image\" content=\"https:\/\/rntl.ch\/fitness\/wp-content\/uploads\/sites\/3\/2023\/07\/Untitled-design.png\" \/>\n\t<meta property=\"og:image:width\" content=\"800\" \/>\n\t<meta property=\"og:image:height\" content=\"800\" \/>\n\t<meta property=\"og:image:type\" content=\"image\/png\" \/>\n<meta name=\"twitter:card\" content=\"summary_large_image\" \/>\n<meta name=\"twitter:label1\" content=\"Gesch\u00e4tzte Lesezeit\" \/>\n\t<meta name=\"twitter:data1\" content=\"2\u00a0Minuten\" \/>\n<script type=\"application\/ld+json\" class=\"yoast-schema-graph\">{\"@context\":\"https:\/\/schema.org\",\"@graph\":[{\"@type\":\"WebPage\",\"@id\":\"https:\/\/rntl.ch\/fitness\/produkt\/synca-kagra-massagesessel-schwarz\/\",\"url\":\"https:\/\/rntl.ch\/fitness\/produkt\/synca-kagra-massagesessel-schwarz\/\",\"name\":\"Synca KaGra Massagesessel Schwarz - RNTL Fitness\",\"isPartOf\":{\"@id\":\"https:\/\/rntl.ch\/fitness\/#website\"},\"primaryImageOfPage\":{\"@id\":\"https:\/\/rntl.ch\/fitness\/produkt\/synca-kagra-massagesessel-schwarz\/#primaryimage\"},\"image\":{\"@id\":\"https:\/\/rntl.ch\/fitness\/produkt\/synca-kagra-massagesessel-schwarz\/#primaryimage\"},\"thumbnailUrl\":\"https:\/\/rntl.ch\/fitness\/wp-content\/uploads\/sites\/3\/2023\/07\/Untitled-design.png\",\"datePublished\":\"2023-07-06T14:41:54+00:00\",\"dateModified\":\"2023-10-12T15:03:29+00:00\",\"description\":\"Miete, kaufe, oder finanziere Dir f\u00fcr das Training zu Hause den Synca KaGra Massagesessel Schwarz. Perfekt f\u00fcr Wellness zu Hause.\",\"breadcrumb\":{\"@id\":\"https:\/\/rntl.ch\/fitness\/produkt\/synca-kagra-massagesessel-schwarz\/#breadcrumb\"},\"inLanguage\":\"de\",\"potentialAction\":[{\"@type\":\"ReadAction\",\"target\":[\"https:\/\/rntl.ch\/fitness\/produkt\/synca-kagra-massagesessel-schwarz\/\"]}]},{\"@type\":\"ImageObject\",\"inLanguage\":\"de\",\"@id\":\"https:\/\/rntl.ch\/fitness\/produkt\/synca-kagra-massagesessel-schwarz\/#primaryimage\",\"url\":\"https:\/\/rntl.ch\/fitness\/wp-content\/uploads\/sites\/3\/2023\/07\/Untitled-design.png\",\"contentUrl\":\"https:\/\/rntl.ch\/fitness\/wp-content\/uploads\/sites\/3\/2023\/07\/Untitled-design.png\",\"width\":800,\"height\":800},{\"@type\":\"BreadcrumbList\",\"@id\":\"https:\/\/rntl.ch\/fitness\/produkt\/synca-kagra-massagesessel-schwarz\/#breadcrumb\",\"itemListElement\":[{\"@type\":\"ListItem\",\"position\":1,\"name\":\"Startseite\",\"item\":\"https:\/\/rntl.ch\/fitness\/\"},{\"@type\":\"ListItem\",\"position\":2,\"name\":\"Shop\",\"item\":\"https:\/\/rntl.ch\/fitness\/shop\/\"},{\"@type\":\"ListItem\",\"position\":3,\"name\":\"Synca KaGra Massagesessel Schwarz\"}]},{\"@type\":\"WebSite\",\"@id\":\"https:\/\/rntl.ch\/fitness\/#website\",\"url\":\"https:\/\/rntl.ch\/fitness\/\",\"name\":\"RNTL Fitness\",\"description\":\"Mieten Einfach Anders\",\"publisher\":{\"@id\":\"https:\/\/rntl.ch\/fitness\/#organization\"},\"potentialAction\":[{\"@type\":\"SearchAction\",\"target\":{\"@type\":\"EntryPoint\",\"urlTemplate\":\"https:\/\/rntl.ch\/fitness\/?s={search_term_string}\"},\"query-input\":{\"@type\":\"PropertyValueSpecification\",\"valueRequired\":true,\"valueName\":\"search_term_string\"}}],\"inLanguage\":\"de\"},{\"@type\":\"Organization\",\"@id\":\"https:\/\/rntl.ch\/fitness\/#organization\",\"name\":\"RNTL Fitness\",\"url\":\"https:\/\/rntl.ch\/fitness\/\",\"logo\":{\"@type\":\"ImageObject\",\"inLanguage\":\"de\",\"@id\":\"https:\/\/rntl.ch\/fitness\/#\/schema\/logo\/image\/\",\"url\":\"https:\/\/rntl.ch\/fitness\/wp-content\/uploads\/sites\/3\/2020\/11\/cropped-rntl_logo_white_530x150.png\",\"contentUrl\":\"https:\/\/rntl.ch\/fitness\/wp-content\/uploads\/sites\/3\/2020\/11\/cropped-rntl_logo_white_530x150.png\",\"width\":530,\"height\":150,\"caption\":\"RNTL Fitness\"},\"image\":{\"@id\":\"https:\/\/rntl.ch\/fitness\/#\/schema\/logo\/image\/\"}}]}<\/script>\n<!-- \/ Yoast SEO plugin. -->","yoast_head_json":{"title":"Synca KaGra Massagesessel Schwarz - RNTL Fitness","description":"Miete, kaufe, oder finanziere Dir f\u00fcr das Training zu Hause den Synca KaGra Massagesessel Schwarz. Perfekt f\u00fcr Wellness zu Hause.","robots":{"index":"index","follow":"follow","max-snippet":"max-snippet:-1","max-image-preview":"max-image-preview:large","max-video-preview":"max-video-preview:-1"},"canonical":"https:\/\/rntl.ch\/fitness\/produkt\/synca-kagra-massagesessel-schwarz\/","og_locale":"de_DE","og_type":"article","og_title":"Synca KaGra Massagesessel Schwarz - RNTL Fitness","og_description":"Miete, kaufe, oder finanziere Dir f\u00fcr das Training zu Hause den Synca KaGra Massagesessel Schwarz. Perfekt f\u00fcr Wellness zu Hause.","og_url":"https:\/\/rntl.ch\/fitness\/produkt\/synca-kagra-massagesessel-schwarz\/","og_site_name":"RNTL Fitness","article_modified_time":"2023-10-12T15:03:29+00:00","og_image":[{"width":800,"height":800,"url":"https:\/\/rntl.ch\/fitness\/wp-content\/uploads\/sites\/3\/2023\/07\/Untitled-design.png","type":"image\/png"}],"twitter_card":"summary_large_image","twitter_misc":{"Gesch\u00e4tzte Lesezeit":"2\u00a0Minuten"},"schema":{"@context":"https:\/\/schema.org","@graph":[{"@type":"WebPage","@id":"https:\/\/rntl.ch\/fitness\/produkt\/synca-kagra-massagesessel-schwarz\/","url":"https:\/\/rntl.ch\/fitness\/produkt\/synca-kagra-massagesessel-schwarz\/","name":"Synca KaGra Massagesessel Schwarz - RNTL Fitness","isPartOf":{"@id":"https:\/\/rntl.ch\/fitness\/#website"},"primaryImageOfPage":{"@id":"https:\/\/rntl.ch\/fitness\/produkt\/synca-kagra-massagesessel-schwarz\/#primaryimage"},"image":{"@id":"https:\/\/rntl.ch\/fitness\/produkt\/synca-kagra-massagesessel-schwarz\/#primaryimage"},"thumbnailUrl":"https:\/\/rntl.ch\/fitness\/wp-content\/uploads\/sites\/3\/2023\/07\/Untitled-design.png","datePublished":"2023-07-06T14:41:54+00:00","dateModified":"2023-10-12T15:03:29+00:00","description":"Miete, kaufe, oder finanziere Dir f\u00fcr das Training zu Hause den Synca KaGra Massagesessel Schwarz. Perfekt f\u00fcr Wellness zu Hause.","breadcrumb":{"@id":"https:\/\/rntl.ch\/fitness\/produkt\/synca-kagra-massagesessel-schwarz\/#breadcrumb"},"inLanguage":"de","potentialAction":[{"@type":"ReadAction","target":["https:\/\/rntl.ch\/fitness\/produkt\/synca-kagra-massagesessel-schwarz\/"]}]},{"@type":"ImageObject","inLanguage":"de","@id":"https:\/\/rntl.ch\/fitness\/produkt\/synca-kagra-massagesessel-schwarz\/#primaryimage","url":"https:\/\/rntl.ch\/fitness\/wp-content\/uploads\/sites\/3\/2023\/07\/Untitled-design.png","contentUrl":"https:\/\/rntl.ch\/fitness\/wp-content\/uploads\/sites\/3\/2023\/07\/Untitled-design.png","width":800,"height":800},{"@type":"BreadcrumbList","@id":"https:\/\/rntl.ch\/fitness\/produkt\/synca-kagra-massagesessel-schwarz\/#breadcrumb","itemListElement":[{"@type":"ListItem","position":1,"name":"Startseite","item":"https:\/\/rntl.ch\/fitness\/"},{"@type":"ListItem","position":2,"name":"Shop","item":"https:\/\/rntl.ch\/fitness\/shop\/"},{"@type":"ListItem","position":3,"name":"Synca KaGra Massagesessel Schwarz"}]},{"@type":"WebSite","@id":"https:\/\/rntl.ch\/fitness\/#website","url":"https:\/\/rntl.ch\/fitness\/","name":"RNTL Fitness","description":"Mieten Einfach Anders","publisher":{"@id":"https:\/\/rntl.ch\/fitness\/#organization"},"potentialAction":[{"@type":"SearchAction","target":{"@type":"EntryPoint","urlTemplate":"https:\/\/rntl.ch\/fitness\/?s={search_term_string}"},"query-input":{"@type":"PropertyValueSpecification","valueRequired":true,"valueName":"search_term_string"}}],"inLanguage":"de"},{"@type":"Organization","@id":"https:\/\/rntl.ch\/fitness\/#organization","name":"RNTL Fitness","url":"https:\/\/rntl.ch\/fitness\/","logo":{"@type":"ImageObject","inLanguage":"de","@id":"https:\/\/rntl.ch\/fitness\/#\/schema\/logo\/image\/","url":"https:\/\/rntl.ch\/fitness\/wp-content\/uploads\/sites\/3\/2020\/11\/cropped-rntl_logo_white_530x150.png","contentUrl":"https:\/\/rntl.ch\/fitness\/wp-content\/uploads\/sites\/3\/2020\/11\/cropped-rntl_logo_white_530x150.png","width":530,"height":150,"caption":"RNTL Fitness"},"image":{"@id":"https:\/\/rntl.ch\/fitness\/#\/schema\/logo\/image\/"}}]}},"_links":{"self":[{"href":"https:\/\/rntl.ch\/fitness\/wp-json\/wp\/v2\/product\/23645","targetHints":{"allow":["GET"]}}],"collection":[{"href":"https:\/\/rntl.ch\/fitness\/wp-json\/wp\/v2\/product"}],"about":[{"href":"https:\/\/rntl.ch\/fitness\/wp-json\/wp\/v2\/types\/product"}],"version-history":[{"count":0,"href":"https:\/\/rntl.ch\/fitness\/wp-json\/wp\/v2\/product\/23645\/revisions"}],"wp:featuredmedia":[{"embeddable":true,"href":"https:\/\/rntl.ch\/fitness\/wp-json\/wp\/v2\/media\/23689"}],"wp:attachment":[{"href":"https:\/\/rntl.ch\/fitness\/wp-json\/wp\/v2\/media?parent=23645"}],"wp:term":[{"taxonomy":"product_brand","embeddable":true,"href":"https:\/\/rntl.ch\/fitness\/wp-json\/wp\/v2\/product_brand?post=23645"},{"taxonomy":"product_cat","embeddable":true,"href":"https:\/\/rntl.ch\/fitness\/wp-json\/wp\/v2\/product_cat?post=23645"},{"taxonomy":"product_tag","embeddable":true,"href":"https:\/\/rntl.ch\/fitness\/wp-json\/wp\/v2\/product_tag?post=23645"}],"curies":[{"name":"wp","href":"https:\/\/api.w.org\/{rel}","templated":true}]}}