{"id":24129,"date":"2023-08-16T15:47:13","date_gmt":"2023-08-16T13:47:13","guid":{"rendered":"https:\/\/rntl.ch\/fitness\/?post_type=product&#038;p=24129"},"modified":"2025-08-28T16:56:25","modified_gmt":"2025-08-28T14:56:25","slug":"variokurbel-1-paar-pedale","status":"publish","type":"product","link":"https:\/\/rntl.ch\/fitness\/produkt\/variokurbel-1-paar-pedale\/","title":{"rendered":"Variokurbel (Paar)"},"content":{"rendered":"<div class=\"shopIntroductaryText\"><strong>Die Variokurbel ist ein spezielles Trainingsger\u00e4t f\u00fcr einen Patienten nach einer Verletzung oder Operation.<\/strong><\/div>\n<ul class=\"usps\">\n<li>Passend zu unseren meisten Fahrradergometer und Heimtrainer.<\/li>\n<li>Trainiert das Beugeverm\u00f6gen von H\u00fcft- und Kniegelenk<\/li>\n<li>Verk\u00fcrzte Tretarme dienen der Gelenkmobilisierung<\/li>\n<li>Effektives Ergometer-Training m\u00f6glich<\/li>\n<li>Tretarme individuell anpassbar<\/li>\n<\/ul>\n<div class=\"shopText\"><strong>Die Variokurbel \u2013 F\u00fcr Heimtrainer und Fahrradergometer<\/strong><br \/>\nDie Variokurbel ist das ideale Hilfsmittel bei Verletzungen, nach Operationen oder bei Gelenksver\u00e4nderungen. Die l\u00e4ngsverstellbare Tretkurbel ist ideal f\u00fcr Fahrradergometer und Heimtrainer. Dank der verk\u00fcrzten Tretarme und damit dem verk\u00fcrzten Beugewinkel k\u00f6nnen Sie wichtige \u00dcbungen durchf\u00fchren. Zudem kann die Kurbelll\u00e4nge stufenlos von 30-170 mm variiert werden. Beschwerden k\u00f6nnen durch regelm\u00e4ssiges und konsequentes Training verbessert werden. Die Variokurbel ist f\u00fcr alle Ergometer mit Standard-Innenlager-Achse Vierkant (konisch) mit Innengewinde M8x1 geeignet.<\/div>\n<p><strong>Im Lieferumfang enthalten:<\/strong><\/p>\n<ul>\n<li style=\"list-style-type: none;\">\n<ul class=\"bulletPoints\">\n<li>Kurbelarm links und rechts<\/li>\n<li>2 Federscheiben<\/li>\n<li>2 Schrauben<\/li>\n<li>1 Spannschl\u00fcssel<\/li>\n<li>2 Achsadapter<\/li>\n<\/ul>\n<\/li>\n<\/ul>\n<p>F\u00fcr die demontage der alten Pedalen ist eine Abzugs-Tool notwentig, welches nicht im Lieferumfang enthalten ist.<\/p>\n","protected":false},"excerpt":{"rendered":"<p>Radiusverstellung f\u00fcr Ergometer Heimtrainer. Ideal nach Knie oder H\u00fcfte OPs oder f\u00fcr \u00e4ltere Personen, welchen einen eingeschr\u00e4nkten Bewegungsablauf ein- oder beidseitig aufweisen. Falls Du nach einer OP Aufbautrainining machen m\u00f6chtest, bitte frage zuerst deinen Physio oder Arzt welches training Dir am besten tut.<\/p>\n<p><strong>Achtung: Du ben\u00f6tigst die demontage der alten Pedalen Spezialwerkzeug. Falls Du kein ge\u00fcbter Handwerker bist, frag einen Veloh\u00e4ndler oder ein ge\u00fcbter Heimwerker mit einem grossen Werkzeugkoffer in deiner N\u00e4he.<\/strong><\/p>\n","protected":false},"featured_media":7320,"template":"","meta":{"content-type":""},"product_brand":[157],"product_cat":[32],"product_tag":[24,26,107],"class_list":{"0":"post-24129","1":"product","2":"type-product","3":"status-publish","4":"has-post-thumbnail","6":"product_brand-systemreha","7":"product_cat-zusatzausruestung","8":"product_tag-geeignet-fuer-therapie","9":"product_tag-kaufen","10":"product_tag-kaufen-neu","11":"product_shipping_class-paket","12":"tm-no-options","14":"first","15":"instock","16":"sale","17":"taxable","18":"shipping-taxable","19":"purchasable","20":"product-type-simple"},"yoast_head":"<!-- This site is optimized with the Yoast SEO plugin v26.3 - https:\/\/yoast.com\/wordpress\/plugins\/seo\/ -->\n<title>Variokurbel (Paar) - RNTL Fitness<\/title>\n<meta name=\"description\" content=\"Miete, kaufe, oder finanziere f\u00fcr das Training zu Hause das ein Paar Variokubeln bei RNTL. Geeignet f\u00fcr das Aufbau-Training nach einer OP.\" \/>\n<meta name=\"robots\" content=\"index, follow, max-snippet:-1, max-image-preview:large, max-video-preview:-1\" \/>\n<link rel=\"canonical\" href=\"https:\/\/rntl.ch\/fitness\/produkt\/variokurbel-1-paar-pedale\/\" \/>\n<meta property=\"og:locale\" content=\"de_DE\" \/>\n<meta property=\"og:type\" content=\"article\" \/>\n<meta property=\"og:title\" content=\"Variokurbel (Paar) - RNTL Fitness\" \/>\n<meta property=\"og:description\" content=\"Miete, kaufe, oder finanziere f\u00fcr das Training zu Hause das ein Paar Variokubeln bei RNTL. Geeignet f\u00fcr das Aufbau-Training nach einer OP.\" \/>\n<meta property=\"og:url\" content=\"https:\/\/rntl.ch\/fitness\/produkt\/variokurbel-1-paar-pedale\/\" \/>\n<meta property=\"og:site_name\" content=\"RNTL Fitness\" \/>\n<meta property=\"article:modified_time\" content=\"2025-08-28T14:56:25+00:00\" \/>\n<meta property=\"og:image\" content=\"https:\/\/rntl.ch\/fitness\/wp-content\/uploads\/sites\/3\/2020\/04\/Variokurbel.jpeg\" \/>\n\t<meta property=\"og:image:width\" content=\"971\" \/>\n\t<meta property=\"og:image:height\" content=\"1300\" \/>\n\t<meta property=\"og:image:type\" content=\"image\/jpeg\" \/>\n<meta name=\"twitter:card\" content=\"summary_large_image\" \/>\n<meta name=\"twitter:label1\" content=\"Gesch\u00e4tzte Lesezeit\" \/>\n\t<meta name=\"twitter:data1\" content=\"2\u00a0Minuten\" \/>\n<script type=\"application\/ld+json\" class=\"yoast-schema-graph\">{\"@context\":\"https:\/\/schema.org\",\"@graph\":[{\"@type\":\"WebPage\",\"@id\":\"https:\/\/rntl.ch\/fitness\/produkt\/variokurbel-1-paar-pedale\/\",\"url\":\"https:\/\/rntl.ch\/fitness\/produkt\/variokurbel-1-paar-pedale\/\",\"name\":\"Variokurbel (Paar) - RNTL Fitness\",\"isPartOf\":{\"@id\":\"https:\/\/rntl.ch\/fitness\/#website\"},\"primaryImageOfPage\":{\"@id\":\"https:\/\/rntl.ch\/fitness\/produkt\/variokurbel-1-paar-pedale\/#primaryimage\"},\"image\":{\"@id\":\"https:\/\/rntl.ch\/fitness\/produkt\/variokurbel-1-paar-pedale\/#primaryimage\"},\"thumbnailUrl\":\"https:\/\/rntl.ch\/fitness\/wp-content\/uploads\/sites\/3\/2020\/04\/Variokurbel.jpeg\",\"datePublished\":\"2023-08-16T13:47:13+00:00\",\"dateModified\":\"2025-08-28T14:56:25+00:00\",\"description\":\"Miete, kaufe, oder finanziere f\u00fcr das Training zu Hause das ein Paar Variokubeln bei RNTL. Geeignet f\u00fcr das Aufbau-Training nach einer OP.\",\"breadcrumb\":{\"@id\":\"https:\/\/rntl.ch\/fitness\/produkt\/variokurbel-1-paar-pedale\/#breadcrumb\"},\"inLanguage\":\"de\",\"potentialAction\":[{\"@type\":\"ReadAction\",\"target\":[\"https:\/\/rntl.ch\/fitness\/produkt\/variokurbel-1-paar-pedale\/\"]}]},{\"@type\":\"ImageObject\",\"inLanguage\":\"de\",\"@id\":\"https:\/\/rntl.ch\/fitness\/produkt\/variokurbel-1-paar-pedale\/#primaryimage\",\"url\":\"https:\/\/rntl.ch\/fitness\/wp-content\/uploads\/sites\/3\/2020\/04\/Variokurbel.jpeg\",\"contentUrl\":\"https:\/\/rntl.ch\/fitness\/wp-content\/uploads\/sites\/3\/2020\/04\/Variokurbel.jpeg\",\"width\":971,\"height\":1300},{\"@type\":\"BreadcrumbList\",\"@id\":\"https:\/\/rntl.ch\/fitness\/produkt\/variokurbel-1-paar-pedale\/#breadcrumb\",\"itemListElement\":[{\"@type\":\"ListItem\",\"position\":1,\"name\":\"Startseite\",\"item\":\"https:\/\/rntl.ch\/fitness\/\"},{\"@type\":\"ListItem\",\"position\":2,\"name\":\"Shop\",\"item\":\"https:\/\/rntl.ch\/fitness\/shop\/\"},{\"@type\":\"ListItem\",\"position\":3,\"name\":\"Variokurbel (Paar)\"}]},{\"@type\":\"WebSite\",\"@id\":\"https:\/\/rntl.ch\/fitness\/#website\",\"url\":\"https:\/\/rntl.ch\/fitness\/\",\"name\":\"RNTL Fitness\",\"description\":\"Mieten Einfach Anders\",\"publisher\":{\"@id\":\"https:\/\/rntl.ch\/fitness\/#organization\"},\"potentialAction\":[{\"@type\":\"SearchAction\",\"target\":{\"@type\":\"EntryPoint\",\"urlTemplate\":\"https:\/\/rntl.ch\/fitness\/?s={search_term_string}\"},\"query-input\":{\"@type\":\"PropertyValueSpecification\",\"valueRequired\":true,\"valueName\":\"search_term_string\"}}],\"inLanguage\":\"de\"},{\"@type\":\"Organization\",\"@id\":\"https:\/\/rntl.ch\/fitness\/#organization\",\"name\":\"RNTL Fitness\",\"url\":\"https:\/\/rntl.ch\/fitness\/\",\"logo\":{\"@type\":\"ImageObject\",\"inLanguage\":\"de\",\"@id\":\"https:\/\/rntl.ch\/fitness\/#\/schema\/logo\/image\/\",\"url\":\"https:\/\/rntl.ch\/fitness\/wp-content\/uploads\/sites\/3\/2020\/11\/cropped-rntl_logo_white_530x150.png\",\"contentUrl\":\"https:\/\/rntl.ch\/fitness\/wp-content\/uploads\/sites\/3\/2020\/11\/cropped-rntl_logo_white_530x150.png\",\"width\":530,\"height\":150,\"caption\":\"RNTL Fitness\"},\"image\":{\"@id\":\"https:\/\/rntl.ch\/fitness\/#\/schema\/logo\/image\/\"}}]}<\/script>\n<!-- \/ Yoast SEO plugin. -->","yoast_head_json":{"title":"Variokurbel (Paar) - RNTL Fitness","description":"Miete, kaufe, oder finanziere f\u00fcr das Training zu Hause das ein Paar Variokubeln bei RNTL. Geeignet f\u00fcr das Aufbau-Training nach einer OP.","robots":{"index":"index","follow":"follow","max-snippet":"max-snippet:-1","max-image-preview":"max-image-preview:large","max-video-preview":"max-video-preview:-1"},"canonical":"https:\/\/rntl.ch\/fitness\/produkt\/variokurbel-1-paar-pedale\/","og_locale":"de_DE","og_type":"article","og_title":"Variokurbel (Paar) - RNTL Fitness","og_description":"Miete, kaufe, oder finanziere f\u00fcr das Training zu Hause das ein Paar Variokubeln bei RNTL. Geeignet f\u00fcr das Aufbau-Training nach einer OP.","og_url":"https:\/\/rntl.ch\/fitness\/produkt\/variokurbel-1-paar-pedale\/","og_site_name":"RNTL Fitness","article_modified_time":"2025-08-28T14:56:25+00:00","og_image":[{"width":971,"height":1300,"url":"https:\/\/rntl.ch\/fitness\/wp-content\/uploads\/sites\/3\/2020\/04\/Variokurbel.jpeg","type":"image\/jpeg"}],"twitter_card":"summary_large_image","twitter_misc":{"Gesch\u00e4tzte Lesezeit":"2\u00a0Minuten"},"schema":{"@context":"https:\/\/schema.org","@graph":[{"@type":"WebPage","@id":"https:\/\/rntl.ch\/fitness\/produkt\/variokurbel-1-paar-pedale\/","url":"https:\/\/rntl.ch\/fitness\/produkt\/variokurbel-1-paar-pedale\/","name":"Variokurbel (Paar) - RNTL Fitness","isPartOf":{"@id":"https:\/\/rntl.ch\/fitness\/#website"},"primaryImageOfPage":{"@id":"https:\/\/rntl.ch\/fitness\/produkt\/variokurbel-1-paar-pedale\/#primaryimage"},"image":{"@id":"https:\/\/rntl.ch\/fitness\/produkt\/variokurbel-1-paar-pedale\/#primaryimage"},"thumbnailUrl":"https:\/\/rntl.ch\/fitness\/wp-content\/uploads\/sites\/3\/2020\/04\/Variokurbel.jpeg","datePublished":"2023-08-16T13:47:13+00:00","dateModified":"2025-08-28T14:56:25+00:00","description":"Miete, kaufe, oder finanziere f\u00fcr das Training zu Hause das ein Paar Variokubeln bei RNTL. Geeignet f\u00fcr das Aufbau-Training nach einer OP.","breadcrumb":{"@id":"https:\/\/rntl.ch\/fitness\/produkt\/variokurbel-1-paar-pedale\/#breadcrumb"},"inLanguage":"de","potentialAction":[{"@type":"ReadAction","target":["https:\/\/rntl.ch\/fitness\/produkt\/variokurbel-1-paar-pedale\/"]}]},{"@type":"ImageObject","inLanguage":"de","@id":"https:\/\/rntl.ch\/fitness\/produkt\/variokurbel-1-paar-pedale\/#primaryimage","url":"https:\/\/rntl.ch\/fitness\/wp-content\/uploads\/sites\/3\/2020\/04\/Variokurbel.jpeg","contentUrl":"https:\/\/rntl.ch\/fitness\/wp-content\/uploads\/sites\/3\/2020\/04\/Variokurbel.jpeg","width":971,"height":1300},{"@type":"BreadcrumbList","@id":"https:\/\/rntl.ch\/fitness\/produkt\/variokurbel-1-paar-pedale\/#breadcrumb","itemListElement":[{"@type":"ListItem","position":1,"name":"Startseite","item":"https:\/\/rntl.ch\/fitness\/"},{"@type":"ListItem","position":2,"name":"Shop","item":"https:\/\/rntl.ch\/fitness\/shop\/"},{"@type":"ListItem","position":3,"name":"Variokurbel (Paar)"}]},{"@type":"WebSite","@id":"https:\/\/rntl.ch\/fitness\/#website","url":"https:\/\/rntl.ch\/fitness\/","name":"RNTL Fitness","description":"Mieten Einfach Anders","publisher":{"@id":"https:\/\/rntl.ch\/fitness\/#organization"},"potentialAction":[{"@type":"SearchAction","target":{"@type":"EntryPoint","urlTemplate":"https:\/\/rntl.ch\/fitness\/?s={search_term_string}"},"query-input":{"@type":"PropertyValueSpecification","valueRequired":true,"valueName":"search_term_string"}}],"inLanguage":"de"},{"@type":"Organization","@id":"https:\/\/rntl.ch\/fitness\/#organization","name":"RNTL Fitness","url":"https:\/\/rntl.ch\/fitness\/","logo":{"@type":"ImageObject","inLanguage":"de","@id":"https:\/\/rntl.ch\/fitness\/#\/schema\/logo\/image\/","url":"https:\/\/rntl.ch\/fitness\/wp-content\/uploads\/sites\/3\/2020\/11\/cropped-rntl_logo_white_530x150.png","contentUrl":"https:\/\/rntl.ch\/fitness\/wp-content\/uploads\/sites\/3\/2020\/11\/cropped-rntl_logo_white_530x150.png","width":530,"height":150,"caption":"RNTL Fitness"},"image":{"@id":"https:\/\/rntl.ch\/fitness\/#\/schema\/logo\/image\/"}}]}},"_links":{"self":[{"href":"https:\/\/rntl.ch\/fitness\/wp-json\/wp\/v2\/product\/24129","targetHints":{"allow":["GET"]}}],"collection":[{"href":"https:\/\/rntl.ch\/fitness\/wp-json\/wp\/v2\/product"}],"about":[{"href":"https:\/\/rntl.ch\/fitness\/wp-json\/wp\/v2\/types\/product"}],"version-history":[{"count":2,"href":"https:\/\/rntl.ch\/fitness\/wp-json\/wp\/v2\/product\/24129\/revisions"}],"predecessor-version":[{"id":27157,"href":"https:\/\/rntl.ch\/fitness\/wp-json\/wp\/v2\/product\/24129\/revisions\/27157"}],"wp:featuredmedia":[{"embeddable":true,"href":"https:\/\/rntl.ch\/fitness\/wp-json\/wp\/v2\/media\/7320"}],"wp:attachment":[{"href":"https:\/\/rntl.ch\/fitness\/wp-json\/wp\/v2\/media?parent=24129"}],"wp:term":[{"taxonomy":"product_brand","embeddable":true,"href":"https:\/\/rntl.ch\/fitness\/wp-json\/wp\/v2\/product_brand?post=24129"},{"taxonomy":"product_cat","embeddable":true,"href":"https:\/\/rntl.ch\/fitness\/wp-json\/wp\/v2\/product_cat?post=24129"},{"taxonomy":"product_tag","embeddable":true,"href":"https:\/\/rntl.ch\/fitness\/wp-json\/wp\/v2\/product_tag?post=24129"}],"curies":[{"name":"wp","href":"https:\/\/api.w.org\/{rel}","templated":true}]}}