{"id":24142,"date":"2023-08-17T10:03:33","date_gmt":"2023-08-17T08:03:33","guid":{"rendered":"https:\/\/rntl.ch\/fitness\/?post_type=product&#038;p=24142"},"modified":"2025-11-18T08:27:20","modified_gmt":"2025-11-18T07:27:20","slug":"tunturi-laufband-endurance-t80-2","status":"publish","type":"product","link":"https:\/\/rntl.ch\/fitness\/produkt\/tunturi-laufband-endurance-t80-2\/","title":{"rendered":"Tunturi Laufband Endurance T80"},"content":{"rendered":"<div class=\"t2 table-responsive\">\n<table>\n<tbody>\n<tr>\n<td colspan=\"2\"><strong>Technische Details<\/strong><\/td>\n<\/tr>\n<tr>\n<td>Abmessung Breite in cm<\/td>\n<td>93<\/td>\n<\/tr>\n<tr>\n<td>Abmessung H\u00f6he gefaltet in cm<\/td>\n<td>157<\/td>\n<\/tr>\n<tr>\n<td>Abmessung H\u00f6he in cm<\/td>\n<td>149<\/td>\n<\/tr>\n<tr>\n<td>Abmessung L\u00e4nge gefaltet in cm<\/td>\n<td>137<\/td>\n<\/tr>\n<tr>\n<td>Abmessung L\u00e4nge in cm<\/td>\n<td>193<\/td>\n<\/tr>\n<tr>\n<td>Anwendungsbereich<\/td>\n<td>Home Pro<\/td>\n<\/tr>\n<tr>\n<td>Anzahl Benutzerprogramme<\/td>\n<td>3<\/td>\n<\/tr>\n<tr>\n<td>Anzahl Programme Total<\/td>\n<td>44<\/td>\n<\/tr>\n<tr>\n<td>Anzahl voreingestellter Programme<\/td>\n<td>36<\/td>\n<\/tr>\n<tr>\n<td>Anzeige der Distanz<\/td>\n<td>ja<\/td>\n<\/tr>\n<tr>\n<td>Anzeige der Geschwindigkeit<\/td>\n<td>ja<\/td>\n<\/tr>\n<tr>\n<td>Anzeige der Zeit<\/td>\n<td>ja<\/td>\n<\/tr>\n<tr>\n<td>Anzeige verbrannter Kalorien<\/td>\n<td>ja<\/td>\n<\/tr>\n<tr>\n<td>Apps f\u00fcr Tablets und Smart Phones<\/td>\n<td>Tunturi Routes, Anyrun &amp; Kinomap<\/td>\n<\/tr>\n<tr>\n<td>Band Typ<\/td>\n<td>geschmiert<\/td>\n<\/tr>\n<tr>\n<td>Banddicke mm<\/td>\n<td>1.8 mm<\/td>\n<\/tr>\n<tr>\n<td>Bluetooth<\/td>\n<td>ja<\/td>\n<\/tr>\n<tr>\n<td>Dicke des Laufdecks in mm<\/td>\n<td>21<\/td>\n<\/tr>\n<tr>\n<td>Display Typ<\/td>\n<td>Color LCD mit Beleuchtung<\/td>\n<\/tr>\n<tr>\n<td>faltbar<\/td>\n<td>ja<\/td>\n<\/tr>\n<tr>\n<td>Farbe<\/td>\n<td>Schwarz<\/td>\n<\/tr>\n<tr>\n<td>Flaschenhalterung<\/td>\n<td>ja<\/td>\n<\/tr>\n<tr>\n<td>Geschwindigkeit km\/h<\/td>\n<td>0.8 &#8211; 22.0<\/td>\n<\/tr>\n<tr>\n<td>Gewicht inkl. Verpackung in kg<\/td>\n<td>129<\/td>\n<\/tr>\n<tr>\n<td>Gewicht netto in kg<\/td>\n<td>117<\/td>\n<\/tr>\n<tr>\n<td>Griffe<\/td>\n<td>fixiert<\/td>\n<\/tr>\n<tr>\n<td>Lauffl\u00e4che L x B<\/td>\n<td>153 x 55 cm<\/td>\n<\/tr>\n<tr>\n<td>Max. Benutzergewicht in kg<\/td>\n<td>150<\/td>\n<\/tr>\n<tr>\n<td>Motor Leistung in PS<\/td>\n<td>5.5<\/td>\n<\/tr>\n<tr>\n<td>Pulsmessung an Griffen<\/td>\n<td>ja<\/td>\n<\/tr>\n<tr>\n<td>Pulsmessung durch Brustgurt<\/td>\n<td>optional 5.4 kHz<\/td>\n<\/tr>\n<tr>\n<td>Steigung in %<\/td>\n<td>0 &#8211; 15<\/td>\n<\/tr>\n<tr>\n<td>Stossd\u00e4mpfersystem<\/td>\n<td>T-Flex Comfort Top<\/td>\n<\/tr>\n<tr>\n<td>Strom Versorgung<\/td>\n<td>230 V AC<\/td>\n<\/tr>\n<tr>\n<td>Tablet Halterung<\/td>\n<td>ja<\/td>\n<\/tr>\n<tr>\n<td>Transportr\u00e4der<\/td>\n<td>ja<\/td>\n<\/tr>\n<tr>\n<td>USB Ladeanschluss<\/td>\n<td>ja<\/td>\n<\/tr>\n<\/tbody>\n<\/table>\n<\/div>\n<p><b>2 Jahre Garantie. Im ersten Jahr Vor-Ort-Garantie auf Arbeit und Material, im zweiten Jahr Bring-In-Garantie auf Material.<\/b><\/p>\n<p>Dieses Ger\u00e4t wurde nicht nur f\u00fcr den Heimgebrauch sondern auch f\u00fcr den professionellen Gebrauch konzipiert. S\u00e4mtliche Garantieleistungen gelten f\u00fcr den Heimgebrauch, sowie f\u00fcr den professionellen Gebrauch (beispielweise Spit\u00e4ler, Physiotherapien, Hotels, Vereine, Schulen oder firmeninterne Fitnessr\u00e4ume), jedoch nicht f\u00fcr voll kommerziellen Gebrauch in einem \u00f6ffentlichen Fitnessstudio.<\/p>\n<p>&nbsp;<\/p>\n<div class=\"subproperty\">\n<p class=\"subproperty-content\">\n<\/div>\n","protected":false},"excerpt":{"rendered":"<p>Laufb\u00e4nder der Tunturi Endurance Linie bilden das Flaggschiff der neusten Laufbandgeneration. Sie sind sowohl f\u00fcr den ambitionierten Heimanwender als auch f\u00fcr professionelle Anwender wie Physiotherapien, Schulen und Vereine ideal.<\/p>\n<p><span style=\"font-weight: 400;\">[rntl_page_content id=\"19556\"]<\/span><\/p>\n<div class=\"woocommerce-product-details__short-description\">\n<p>&nbsp;<\/p>\n<\/div>\n","protected":false},"featured_media":24098,"template":"","meta":{"content-type":""},"product_brand":[160],"product_cat":[28],"product_tag":[26,107],"class_list":{"0":"post-24142","1":"product","2":"type-product","3":"status-publish","4":"has-post-thumbnail","6":"product_brand-tunturi","7":"product_cat-laufbaender","8":"product_tag-kaufen","9":"product_tag-kaufen-neu","10":"product_shipping_class-schwer","11":"tm-no-options","13":"first","14":"instock","15":"sale","16":"taxable","17":"shipping-taxable","18":"purchasable","19":"product-type-simple"},"yoast_head":"<!-- This site is optimized with the Yoast SEO plugin v26.3 - https:\/\/yoast.com\/wordpress\/plugins\/seo\/ -->\n<title>Tunturi Laufband Endurance T80 - RNTL Fitness<\/title>\n<meta name=\"description\" content=\"Miete, kaufe, oder finanziere f\u00fcr das Training zu Hause das Tunturi Laufband Endurance T80 bei RNTL. Sehr hochwertiges Laufband von Tunturi.\" \/>\n<meta name=\"robots\" content=\"index, follow, max-snippet:-1, max-image-preview:large, max-video-preview:-1\" \/>\n<link rel=\"canonical\" href=\"https:\/\/rntl.ch\/fitness\/produkt\/tunturi-laufband-endurance-t80-2\/\" \/>\n<meta property=\"og:locale\" content=\"de_DE\" \/>\n<meta property=\"og:type\" content=\"article\" \/>\n<meta property=\"og:title\" content=\"Tunturi Laufband Endurance T80 - RNTL Fitness\" \/>\n<meta property=\"og:description\" content=\"Miete, kaufe, oder finanziere f\u00fcr das Training zu Hause das Tunturi Laufband Endurance T80 bei RNTL. Sehr hochwertiges Laufband von Tunturi.\" \/>\n<meta property=\"og:url\" content=\"https:\/\/rntl.ch\/fitness\/produkt\/tunturi-laufband-endurance-t80-2\/\" \/>\n<meta property=\"og:site_name\" content=\"RNTL Fitness\" \/>\n<meta property=\"article:modified_time\" content=\"2025-11-18T07:27:20+00:00\" \/>\n<meta property=\"og:image\" content=\"https:\/\/rntl.ch\/fitness\/wp-content\/uploads\/sites\/3\/2023\/08\/6048_1.jpeg\" \/>\n\t<meta property=\"og:image:width\" content=\"600\" \/>\n\t<meta property=\"og:image:height\" content=\"600\" \/>\n\t<meta property=\"og:image:type\" content=\"image\/jpeg\" \/>\n<meta name=\"twitter:card\" content=\"summary_large_image\" \/>\n<meta name=\"twitter:label1\" content=\"Gesch\u00e4tzte Lesezeit\" \/>\n\t<meta name=\"twitter:data1\" content=\"2\u00a0Minuten\" \/>\n<script type=\"application\/ld+json\" class=\"yoast-schema-graph\">{\"@context\":\"https:\/\/schema.org\",\"@graph\":[{\"@type\":\"WebPage\",\"@id\":\"https:\/\/rntl.ch\/fitness\/produkt\/tunturi-laufband-endurance-t80-2\/\",\"url\":\"https:\/\/rntl.ch\/fitness\/produkt\/tunturi-laufband-endurance-t80-2\/\",\"name\":\"Tunturi Laufband Endurance T80 - RNTL Fitness\",\"isPartOf\":{\"@id\":\"https:\/\/rntl.ch\/fitness\/#website\"},\"primaryImageOfPage\":{\"@id\":\"https:\/\/rntl.ch\/fitness\/produkt\/tunturi-laufband-endurance-t80-2\/#primaryimage\"},\"image\":{\"@id\":\"https:\/\/rntl.ch\/fitness\/produkt\/tunturi-laufband-endurance-t80-2\/#primaryimage\"},\"thumbnailUrl\":\"https:\/\/rntl.ch\/fitness\/wp-content\/uploads\/sites\/3\/2023\/08\/6048_1.jpeg\",\"datePublished\":\"2023-08-17T08:03:33+00:00\",\"dateModified\":\"2025-11-18T07:27:20+00:00\",\"description\":\"Miete, kaufe, oder finanziere f\u00fcr das Training zu Hause das Tunturi Laufband Endurance T80 bei RNTL. Sehr hochwertiges Laufband von Tunturi.\",\"breadcrumb\":{\"@id\":\"https:\/\/rntl.ch\/fitness\/produkt\/tunturi-laufband-endurance-t80-2\/#breadcrumb\"},\"inLanguage\":\"de\",\"potentialAction\":[{\"@type\":\"ReadAction\",\"target\":[\"https:\/\/rntl.ch\/fitness\/produkt\/tunturi-laufband-endurance-t80-2\/\"]}]},{\"@type\":\"ImageObject\",\"inLanguage\":\"de\",\"@id\":\"https:\/\/rntl.ch\/fitness\/produkt\/tunturi-laufband-endurance-t80-2\/#primaryimage\",\"url\":\"https:\/\/rntl.ch\/fitness\/wp-content\/uploads\/sites\/3\/2023\/08\/6048_1.jpeg\",\"contentUrl\":\"https:\/\/rntl.ch\/fitness\/wp-content\/uploads\/sites\/3\/2023\/08\/6048_1.jpeg\",\"width\":600,\"height\":600},{\"@type\":\"BreadcrumbList\",\"@id\":\"https:\/\/rntl.ch\/fitness\/produkt\/tunturi-laufband-endurance-t80-2\/#breadcrumb\",\"itemListElement\":[{\"@type\":\"ListItem\",\"position\":1,\"name\":\"Startseite\",\"item\":\"https:\/\/rntl.ch\/fitness\/\"},{\"@type\":\"ListItem\",\"position\":2,\"name\":\"Shop\",\"item\":\"https:\/\/rntl.ch\/fitness\/shop\/\"},{\"@type\":\"ListItem\",\"position\":3,\"name\":\"Tunturi Laufband Endurance T80\"}]},{\"@type\":\"WebSite\",\"@id\":\"https:\/\/rntl.ch\/fitness\/#website\",\"url\":\"https:\/\/rntl.ch\/fitness\/\",\"name\":\"RNTL Fitness\",\"description\":\"Mieten Einfach Anders\",\"publisher\":{\"@id\":\"https:\/\/rntl.ch\/fitness\/#organization\"},\"potentialAction\":[{\"@type\":\"SearchAction\",\"target\":{\"@type\":\"EntryPoint\",\"urlTemplate\":\"https:\/\/rntl.ch\/fitness\/?s={search_term_string}\"},\"query-input\":{\"@type\":\"PropertyValueSpecification\",\"valueRequired\":true,\"valueName\":\"search_term_string\"}}],\"inLanguage\":\"de\"},{\"@type\":\"Organization\",\"@id\":\"https:\/\/rntl.ch\/fitness\/#organization\",\"name\":\"RNTL Fitness\",\"url\":\"https:\/\/rntl.ch\/fitness\/\",\"logo\":{\"@type\":\"ImageObject\",\"inLanguage\":\"de\",\"@id\":\"https:\/\/rntl.ch\/fitness\/#\/schema\/logo\/image\/\",\"url\":\"https:\/\/rntl.ch\/fitness\/wp-content\/uploads\/sites\/3\/2020\/11\/cropped-rntl_logo_white_530x150.png\",\"contentUrl\":\"https:\/\/rntl.ch\/fitness\/wp-content\/uploads\/sites\/3\/2020\/11\/cropped-rntl_logo_white_530x150.png\",\"width\":530,\"height\":150,\"caption\":\"RNTL Fitness\"},\"image\":{\"@id\":\"https:\/\/rntl.ch\/fitness\/#\/schema\/logo\/image\/\"}}]}<\/script>\n<!-- \/ Yoast SEO plugin. -->","yoast_head_json":{"title":"Tunturi Laufband Endurance T80 - RNTL Fitness","description":"Miete, kaufe, oder finanziere f\u00fcr das Training zu Hause das Tunturi Laufband Endurance T80 bei RNTL. Sehr hochwertiges Laufband von Tunturi.","robots":{"index":"index","follow":"follow","max-snippet":"max-snippet:-1","max-image-preview":"max-image-preview:large","max-video-preview":"max-video-preview:-1"},"canonical":"https:\/\/rntl.ch\/fitness\/produkt\/tunturi-laufband-endurance-t80-2\/","og_locale":"de_DE","og_type":"article","og_title":"Tunturi Laufband Endurance T80 - RNTL Fitness","og_description":"Miete, kaufe, oder finanziere f\u00fcr das Training zu Hause das Tunturi Laufband Endurance T80 bei RNTL. Sehr hochwertiges Laufband von Tunturi.","og_url":"https:\/\/rntl.ch\/fitness\/produkt\/tunturi-laufband-endurance-t80-2\/","og_site_name":"RNTL Fitness","article_modified_time":"2025-11-18T07:27:20+00:00","og_image":[{"width":600,"height":600,"url":"https:\/\/rntl.ch\/fitness\/wp-content\/uploads\/sites\/3\/2023\/08\/6048_1.jpeg","type":"image\/jpeg"}],"twitter_card":"summary_large_image","twitter_misc":{"Gesch\u00e4tzte Lesezeit":"2\u00a0Minuten"},"schema":{"@context":"https:\/\/schema.org","@graph":[{"@type":"WebPage","@id":"https:\/\/rntl.ch\/fitness\/produkt\/tunturi-laufband-endurance-t80-2\/","url":"https:\/\/rntl.ch\/fitness\/produkt\/tunturi-laufband-endurance-t80-2\/","name":"Tunturi Laufband Endurance T80 - RNTL Fitness","isPartOf":{"@id":"https:\/\/rntl.ch\/fitness\/#website"},"primaryImageOfPage":{"@id":"https:\/\/rntl.ch\/fitness\/produkt\/tunturi-laufband-endurance-t80-2\/#primaryimage"},"image":{"@id":"https:\/\/rntl.ch\/fitness\/produkt\/tunturi-laufband-endurance-t80-2\/#primaryimage"},"thumbnailUrl":"https:\/\/rntl.ch\/fitness\/wp-content\/uploads\/sites\/3\/2023\/08\/6048_1.jpeg","datePublished":"2023-08-17T08:03:33+00:00","dateModified":"2025-11-18T07:27:20+00:00","description":"Miete, kaufe, oder finanziere f\u00fcr das Training zu Hause das Tunturi Laufband Endurance T80 bei RNTL. Sehr hochwertiges Laufband von Tunturi.","breadcrumb":{"@id":"https:\/\/rntl.ch\/fitness\/produkt\/tunturi-laufband-endurance-t80-2\/#breadcrumb"},"inLanguage":"de","potentialAction":[{"@type":"ReadAction","target":["https:\/\/rntl.ch\/fitness\/produkt\/tunturi-laufband-endurance-t80-2\/"]}]},{"@type":"ImageObject","inLanguage":"de","@id":"https:\/\/rntl.ch\/fitness\/produkt\/tunturi-laufband-endurance-t80-2\/#primaryimage","url":"https:\/\/rntl.ch\/fitness\/wp-content\/uploads\/sites\/3\/2023\/08\/6048_1.jpeg","contentUrl":"https:\/\/rntl.ch\/fitness\/wp-content\/uploads\/sites\/3\/2023\/08\/6048_1.jpeg","width":600,"height":600},{"@type":"BreadcrumbList","@id":"https:\/\/rntl.ch\/fitness\/produkt\/tunturi-laufband-endurance-t80-2\/#breadcrumb","itemListElement":[{"@type":"ListItem","position":1,"name":"Startseite","item":"https:\/\/rntl.ch\/fitness\/"},{"@type":"ListItem","position":2,"name":"Shop","item":"https:\/\/rntl.ch\/fitness\/shop\/"},{"@type":"ListItem","position":3,"name":"Tunturi Laufband Endurance T80"}]},{"@type":"WebSite","@id":"https:\/\/rntl.ch\/fitness\/#website","url":"https:\/\/rntl.ch\/fitness\/","name":"RNTL Fitness","description":"Mieten Einfach Anders","publisher":{"@id":"https:\/\/rntl.ch\/fitness\/#organization"},"potentialAction":[{"@type":"SearchAction","target":{"@type":"EntryPoint","urlTemplate":"https:\/\/rntl.ch\/fitness\/?s={search_term_string}"},"query-input":{"@type":"PropertyValueSpecification","valueRequired":true,"valueName":"search_term_string"}}],"inLanguage":"de"},{"@type":"Organization","@id":"https:\/\/rntl.ch\/fitness\/#organization","name":"RNTL Fitness","url":"https:\/\/rntl.ch\/fitness\/","logo":{"@type":"ImageObject","inLanguage":"de","@id":"https:\/\/rntl.ch\/fitness\/#\/schema\/logo\/image\/","url":"https:\/\/rntl.ch\/fitness\/wp-content\/uploads\/sites\/3\/2020\/11\/cropped-rntl_logo_white_530x150.png","contentUrl":"https:\/\/rntl.ch\/fitness\/wp-content\/uploads\/sites\/3\/2020\/11\/cropped-rntl_logo_white_530x150.png","width":530,"height":150,"caption":"RNTL Fitness"},"image":{"@id":"https:\/\/rntl.ch\/fitness\/#\/schema\/logo\/image\/"}}]}},"_links":{"self":[{"href":"https:\/\/rntl.ch\/fitness\/wp-json\/wp\/v2\/product\/24142","targetHints":{"allow":["GET"]}}],"collection":[{"href":"https:\/\/rntl.ch\/fitness\/wp-json\/wp\/v2\/product"}],"about":[{"href":"https:\/\/rntl.ch\/fitness\/wp-json\/wp\/v2\/types\/product"}],"version-history":[{"count":1,"href":"https:\/\/rntl.ch\/fitness\/wp-json\/wp\/v2\/product\/24142\/revisions"}],"predecessor-version":[{"id":29885,"href":"https:\/\/rntl.ch\/fitness\/wp-json\/wp\/v2\/product\/24142\/revisions\/29885"}],"wp:featuredmedia":[{"embeddable":true,"href":"https:\/\/rntl.ch\/fitness\/wp-json\/wp\/v2\/media\/24098"}],"wp:attachment":[{"href":"https:\/\/rntl.ch\/fitness\/wp-json\/wp\/v2\/media?parent=24142"}],"wp:term":[{"taxonomy":"product_brand","embeddable":true,"href":"https:\/\/rntl.ch\/fitness\/wp-json\/wp\/v2\/product_brand?post=24142"},{"taxonomy":"product_cat","embeddable":true,"href":"https:\/\/rntl.ch\/fitness\/wp-json\/wp\/v2\/product_cat?post=24142"},{"taxonomy":"product_tag","embeddable":true,"href":"https:\/\/rntl.ch\/fitness\/wp-json\/wp\/v2\/product_tag?post=24142"}],"curies":[{"name":"wp","href":"https:\/\/api.w.org\/{rel}","templated":true}]}}