{"id":24149,"date":"2023-08-17T10:22:12","date_gmt":"2023-08-17T08:22:12","guid":{"rendered":"https:\/\/rntl.ch\/fitness\/?post_type=product&#038;p=24149"},"modified":"2025-08-28T16:42:53","modified_gmt":"2025-08-28T14:42:53","slug":"vision-fitness-t600-2","status":"publish","type":"product","link":"https:\/\/rntl.ch\/fitness\/produkt\/vision-fitness-t600-2\/","title":{"rendered":"Vision Fitness T600"},"content":{"rendered":"<ul>\n<li>Leistungsstarker 4,2 PS AC Motor mit dynamischem Responsive Drive System f\u00fcr reibungslose und zuverl\u00e4ssige Leistung<\/li>\n<li>Extra gro\u00dfe Lauffl\u00e4che von 56 x 155 cm<\/li>\n<li>Wendbares Deck f\u00fcr eine besonders lange Lebensdauer<\/li>\n<li>Extrem robuste Bauweise f\u00fcr Nutzer bis 182 kg \u2013 geschwei\u00dfter Industriestahl<\/li>\n<li>Neun voreingestellte Programme, inkl. Herzfrequenztraining<\/li>\n<li>Handpulssensoren und telemetrische Herzfrequenzmessung f\u00fcr kontinuierliche R\u00fcckmeldung<\/li>\n<li>Rahmen \/ Klappmechanismus: geschwei\u00dfter Industriestahl<\/li>\n<li>Max. Benutzergewicht: 182 kg<\/li>\n<li>Achtung: Nicht klappbar!<\/li>\n<li>Programme 9<\/li>\n<li>Geschwindigkeit 0,8-22 km\/h (in 0,1 km\/h Schritten)<\/li>\n<li>Lauffl\u00e4chenl\u00e4nge 152 cm<\/li>\n<li>Steigung 0-15 % motorisch verstellbar (in 1,0 % Schritten)<\/li>\n<li>Lauffl\u00e4chenbreite 55 cm<\/li>\n<li>Laufgurt 2-lagig, Premiumqualit\u00e4t<\/li>\n<li>Stellfl\u00e4che L: 215 cm | B: 91 cm | H: 154 cm<\/li>\n<li>Eigengewicht 179 kg<\/li>\n<li>max. Nutzergewicht 182 kg<\/li>\n<li>Stromversorgung 230 V Netzanschluss<\/li>\n<li>Sicherheitsvorrichtung Bandstopp-Sicherheitsschl\u00fcssel und Not-Aus Taster<\/li>\n<li>Ablage Ablagefach f\u00fcr Smartphone<\/li>\n<\/ul>\n<p>&nbsp;<\/p>\n<div class=\"subproperty\">\n<p class=\"subproperty-content\">\n<\/div>\n","protected":false},"excerpt":{"rendered":"<p>Zuverl\u00e4ssig und langlebig begeistern Vision Fitness Laufb\u00e4nder seit vielen Jahrzehnten. Das Vision Fitness 600 wurde \u00fcber die Jahre immer wieder verbessert und erstrahlt jetzt in einem neuen und zeitlosen Design.<\/p>\n<p><span style=\"font-weight: 400;\">[rntl_page_content id=\"19556\"]<\/span><\/p>\n<div class=\"woocommerce-product-details__short-description\">\n<p>&nbsp;<\/p>\n<\/div>\n","protected":false},"featured_media":23618,"template":"","meta":{"content-type":""},"product_brand":[],"product_cat":[28],"product_tag":[26,107],"class_list":{"0":"post-24149","1":"product","2":"type-product","3":"status-publish","4":"has-post-thumbnail","6":"product_cat-laufbaender","7":"product_tag-kaufen","8":"product_tag-kaufen-neu","9":"product_shipping_class-schwer","10":"tm-no-options","12":"first","13":"outofstock","14":"sale","15":"taxable","16":"shipping-taxable","17":"purchasable","18":"product-type-simple"},"yoast_head":"<!-- This site is optimized with the Yoast SEO plugin v26.3 - https:\/\/yoast.com\/wordpress\/plugins\/seo\/ -->\n<title>Vision Fitness T600 - RNTL Fitness<\/title>\n<meta name=\"description\" content=\"Miete, kaufe, oder finanziere f\u00fcr das Spinning Training zu Hause den Vision Fitness T600 bei RNTL. Sehr hochwertiges Laufband von Vision.\" \/>\n<meta name=\"robots\" content=\"index, follow, max-snippet:-1, max-image-preview:large, max-video-preview:-1\" \/>\n<link rel=\"canonical\" href=\"https:\/\/rntl.ch\/fitness\/produkt\/vision-fitness-t600-2\/\" \/>\n<meta property=\"og:locale\" content=\"de_DE\" \/>\n<meta property=\"og:type\" content=\"article\" \/>\n<meta property=\"og:title\" content=\"Vision Fitness T600 - RNTL Fitness\" \/>\n<meta property=\"og:description\" content=\"Miete, kaufe, oder finanziere f\u00fcr das Spinning Training zu Hause den Vision Fitness T600 bei RNTL. Sehr hochwertiges Laufband von Vision.\" \/>\n<meta property=\"og:url\" content=\"https:\/\/rntl.ch\/fitness\/produkt\/vision-fitness-t600-2\/\" \/>\n<meta property=\"og:site_name\" content=\"RNTL Fitness\" \/>\n<meta property=\"article:modified_time\" content=\"2025-08-28T14:42:53+00:00\" \/>\n<meta property=\"og:image\" content=\"https:\/\/rntl.ch\/fitness\/wp-content\/uploads\/sites\/3\/2023\/07\/vision-fitness-laufband-t600-1000x1000-1.jpeg\" \/>\n\t<meta property=\"og:image:width\" content=\"1000\" \/>\n\t<meta property=\"og:image:height\" content=\"1000\" \/>\n\t<meta property=\"og:image:type\" content=\"image\/jpeg\" \/>\n<meta name=\"twitter:card\" content=\"summary_large_image\" \/>\n<meta name=\"twitter:label1\" content=\"Gesch\u00e4tzte Lesezeit\" \/>\n\t<meta name=\"twitter:data1\" content=\"1\u00a0Minute\" \/>\n<script type=\"application\/ld+json\" class=\"yoast-schema-graph\">{\"@context\":\"https:\/\/schema.org\",\"@graph\":[{\"@type\":\"WebPage\",\"@id\":\"https:\/\/rntl.ch\/fitness\/produkt\/vision-fitness-t600-2\/\",\"url\":\"https:\/\/rntl.ch\/fitness\/produkt\/vision-fitness-t600-2\/\",\"name\":\"Vision Fitness T600 - RNTL Fitness\",\"isPartOf\":{\"@id\":\"https:\/\/rntl.ch\/fitness\/#website\"},\"primaryImageOfPage\":{\"@id\":\"https:\/\/rntl.ch\/fitness\/produkt\/vision-fitness-t600-2\/#primaryimage\"},\"image\":{\"@id\":\"https:\/\/rntl.ch\/fitness\/produkt\/vision-fitness-t600-2\/#primaryimage\"},\"thumbnailUrl\":\"https:\/\/rntl.ch\/fitness\/wp-content\/uploads\/sites\/3\/2023\/07\/vision-fitness-laufband-t600-1000x1000-1.jpeg\",\"datePublished\":\"2023-08-17T08:22:12+00:00\",\"dateModified\":\"2025-08-28T14:42:53+00:00\",\"description\":\"Miete, kaufe, oder finanziere f\u00fcr das Spinning Training zu Hause den Vision Fitness T600 bei RNTL. Sehr hochwertiges Laufband von Vision.\",\"breadcrumb\":{\"@id\":\"https:\/\/rntl.ch\/fitness\/produkt\/vision-fitness-t600-2\/#breadcrumb\"},\"inLanguage\":\"de\",\"potentialAction\":[{\"@type\":\"ReadAction\",\"target\":[\"https:\/\/rntl.ch\/fitness\/produkt\/vision-fitness-t600-2\/\"]}]},{\"@type\":\"ImageObject\",\"inLanguage\":\"de\",\"@id\":\"https:\/\/rntl.ch\/fitness\/produkt\/vision-fitness-t600-2\/#primaryimage\",\"url\":\"https:\/\/rntl.ch\/fitness\/wp-content\/uploads\/sites\/3\/2023\/07\/vision-fitness-laufband-t600-1000x1000-1.jpeg\",\"contentUrl\":\"https:\/\/rntl.ch\/fitness\/wp-content\/uploads\/sites\/3\/2023\/07\/vision-fitness-laufband-t600-1000x1000-1.jpeg\",\"width\":1000,\"height\":1000},{\"@type\":\"BreadcrumbList\",\"@id\":\"https:\/\/rntl.ch\/fitness\/produkt\/vision-fitness-t600-2\/#breadcrumb\",\"itemListElement\":[{\"@type\":\"ListItem\",\"position\":1,\"name\":\"Startseite\",\"item\":\"https:\/\/rntl.ch\/fitness\/\"},{\"@type\":\"ListItem\",\"position\":2,\"name\":\"Shop\",\"item\":\"https:\/\/rntl.ch\/fitness\/shop\/\"},{\"@type\":\"ListItem\",\"position\":3,\"name\":\"Vision Fitness T600\"}]},{\"@type\":\"WebSite\",\"@id\":\"https:\/\/rntl.ch\/fitness\/#website\",\"url\":\"https:\/\/rntl.ch\/fitness\/\",\"name\":\"RNTL Fitness\",\"description\":\"Mieten Einfach Anders\",\"publisher\":{\"@id\":\"https:\/\/rntl.ch\/fitness\/#organization\"},\"potentialAction\":[{\"@type\":\"SearchAction\",\"target\":{\"@type\":\"EntryPoint\",\"urlTemplate\":\"https:\/\/rntl.ch\/fitness\/?s={search_term_string}\"},\"query-input\":{\"@type\":\"PropertyValueSpecification\",\"valueRequired\":true,\"valueName\":\"search_term_string\"}}],\"inLanguage\":\"de\"},{\"@type\":\"Organization\",\"@id\":\"https:\/\/rntl.ch\/fitness\/#organization\",\"name\":\"RNTL Fitness\",\"url\":\"https:\/\/rntl.ch\/fitness\/\",\"logo\":{\"@type\":\"ImageObject\",\"inLanguage\":\"de\",\"@id\":\"https:\/\/rntl.ch\/fitness\/#\/schema\/logo\/image\/\",\"url\":\"https:\/\/rntl.ch\/fitness\/wp-content\/uploads\/sites\/3\/2020\/11\/cropped-rntl_logo_white_530x150.png\",\"contentUrl\":\"https:\/\/rntl.ch\/fitness\/wp-content\/uploads\/sites\/3\/2020\/11\/cropped-rntl_logo_white_530x150.png\",\"width\":530,\"height\":150,\"caption\":\"RNTL Fitness\"},\"image\":{\"@id\":\"https:\/\/rntl.ch\/fitness\/#\/schema\/logo\/image\/\"}}]}<\/script>\n<!-- \/ Yoast SEO plugin. -->","yoast_head_json":{"title":"Vision Fitness T600 - RNTL Fitness","description":"Miete, kaufe, oder finanziere f\u00fcr das Spinning Training zu Hause den Vision Fitness T600 bei RNTL. Sehr hochwertiges Laufband von Vision.","robots":{"index":"index","follow":"follow","max-snippet":"max-snippet:-1","max-image-preview":"max-image-preview:large","max-video-preview":"max-video-preview:-1"},"canonical":"https:\/\/rntl.ch\/fitness\/produkt\/vision-fitness-t600-2\/","og_locale":"de_DE","og_type":"article","og_title":"Vision Fitness T600 - RNTL Fitness","og_description":"Miete, kaufe, oder finanziere f\u00fcr das Spinning Training zu Hause den Vision Fitness T600 bei RNTL. Sehr hochwertiges Laufband von Vision.","og_url":"https:\/\/rntl.ch\/fitness\/produkt\/vision-fitness-t600-2\/","og_site_name":"RNTL Fitness","article_modified_time":"2025-08-28T14:42:53+00:00","og_image":[{"width":1000,"height":1000,"url":"https:\/\/rntl.ch\/fitness\/wp-content\/uploads\/sites\/3\/2023\/07\/vision-fitness-laufband-t600-1000x1000-1.jpeg","type":"image\/jpeg"}],"twitter_card":"summary_large_image","twitter_misc":{"Gesch\u00e4tzte Lesezeit":"1\u00a0Minute"},"schema":{"@context":"https:\/\/schema.org","@graph":[{"@type":"WebPage","@id":"https:\/\/rntl.ch\/fitness\/produkt\/vision-fitness-t600-2\/","url":"https:\/\/rntl.ch\/fitness\/produkt\/vision-fitness-t600-2\/","name":"Vision Fitness T600 - RNTL Fitness","isPartOf":{"@id":"https:\/\/rntl.ch\/fitness\/#website"},"primaryImageOfPage":{"@id":"https:\/\/rntl.ch\/fitness\/produkt\/vision-fitness-t600-2\/#primaryimage"},"image":{"@id":"https:\/\/rntl.ch\/fitness\/produkt\/vision-fitness-t600-2\/#primaryimage"},"thumbnailUrl":"https:\/\/rntl.ch\/fitness\/wp-content\/uploads\/sites\/3\/2023\/07\/vision-fitness-laufband-t600-1000x1000-1.jpeg","datePublished":"2023-08-17T08:22:12+00:00","dateModified":"2025-08-28T14:42:53+00:00","description":"Miete, kaufe, oder finanziere f\u00fcr das Spinning Training zu Hause den Vision Fitness T600 bei RNTL. Sehr hochwertiges Laufband von Vision.","breadcrumb":{"@id":"https:\/\/rntl.ch\/fitness\/produkt\/vision-fitness-t600-2\/#breadcrumb"},"inLanguage":"de","potentialAction":[{"@type":"ReadAction","target":["https:\/\/rntl.ch\/fitness\/produkt\/vision-fitness-t600-2\/"]}]},{"@type":"ImageObject","inLanguage":"de","@id":"https:\/\/rntl.ch\/fitness\/produkt\/vision-fitness-t600-2\/#primaryimage","url":"https:\/\/rntl.ch\/fitness\/wp-content\/uploads\/sites\/3\/2023\/07\/vision-fitness-laufband-t600-1000x1000-1.jpeg","contentUrl":"https:\/\/rntl.ch\/fitness\/wp-content\/uploads\/sites\/3\/2023\/07\/vision-fitness-laufband-t600-1000x1000-1.jpeg","width":1000,"height":1000},{"@type":"BreadcrumbList","@id":"https:\/\/rntl.ch\/fitness\/produkt\/vision-fitness-t600-2\/#breadcrumb","itemListElement":[{"@type":"ListItem","position":1,"name":"Startseite","item":"https:\/\/rntl.ch\/fitness\/"},{"@type":"ListItem","position":2,"name":"Shop","item":"https:\/\/rntl.ch\/fitness\/shop\/"},{"@type":"ListItem","position":3,"name":"Vision Fitness T600"}]},{"@type":"WebSite","@id":"https:\/\/rntl.ch\/fitness\/#website","url":"https:\/\/rntl.ch\/fitness\/","name":"RNTL Fitness","description":"Mieten Einfach Anders","publisher":{"@id":"https:\/\/rntl.ch\/fitness\/#organization"},"potentialAction":[{"@type":"SearchAction","target":{"@type":"EntryPoint","urlTemplate":"https:\/\/rntl.ch\/fitness\/?s={search_term_string}"},"query-input":{"@type":"PropertyValueSpecification","valueRequired":true,"valueName":"search_term_string"}}],"inLanguage":"de"},{"@type":"Organization","@id":"https:\/\/rntl.ch\/fitness\/#organization","name":"RNTL Fitness","url":"https:\/\/rntl.ch\/fitness\/","logo":{"@type":"ImageObject","inLanguage":"de","@id":"https:\/\/rntl.ch\/fitness\/#\/schema\/logo\/image\/","url":"https:\/\/rntl.ch\/fitness\/wp-content\/uploads\/sites\/3\/2020\/11\/cropped-rntl_logo_white_530x150.png","contentUrl":"https:\/\/rntl.ch\/fitness\/wp-content\/uploads\/sites\/3\/2020\/11\/cropped-rntl_logo_white_530x150.png","width":530,"height":150,"caption":"RNTL Fitness"},"image":{"@id":"https:\/\/rntl.ch\/fitness\/#\/schema\/logo\/image\/"}}]}},"_links":{"self":[{"href":"https:\/\/rntl.ch\/fitness\/wp-json\/wp\/v2\/product\/24149","targetHints":{"allow":["GET"]}}],"collection":[{"href":"https:\/\/rntl.ch\/fitness\/wp-json\/wp\/v2\/product"}],"about":[{"href":"https:\/\/rntl.ch\/fitness\/wp-json\/wp\/v2\/types\/product"}],"version-history":[{"count":1,"href":"https:\/\/rntl.ch\/fitness\/wp-json\/wp\/v2\/product\/24149\/revisions"}],"predecessor-version":[{"id":27169,"href":"https:\/\/rntl.ch\/fitness\/wp-json\/wp\/v2\/product\/24149\/revisions\/27169"}],"wp:featuredmedia":[{"embeddable":true,"href":"https:\/\/rntl.ch\/fitness\/wp-json\/wp\/v2\/media\/23618"}],"wp:attachment":[{"href":"https:\/\/rntl.ch\/fitness\/wp-json\/wp\/v2\/media?parent=24149"}],"wp:term":[{"taxonomy":"product_brand","embeddable":true,"href":"https:\/\/rntl.ch\/fitness\/wp-json\/wp\/v2\/product_brand?post=24149"},{"taxonomy":"product_cat","embeddable":true,"href":"https:\/\/rntl.ch\/fitness\/wp-json\/wp\/v2\/product_cat?post=24149"},{"taxonomy":"product_tag","embeddable":true,"href":"https:\/\/rntl.ch\/fitness\/wp-json\/wp\/v2\/product_tag?post=24149"}],"curies":[{"name":"wp","href":"https:\/\/api.w.org\/{rel}","templated":true}]}}