{"id":24163,"date":"2023-08-17T10:38:45","date_gmt":"2023-08-17T08:38:45","guid":{"rendered":"https:\/\/rntl.ch\/fitness\/?post_type=product&#038;p=24163"},"modified":"2025-12-07T17:37:31","modified_gmt":"2025-12-07T16:37:31","slug":"kettler-alpha-run-600","status":"publish","type":"product","link":"https:\/\/rntl.ch\/fitness\/produkt\/kettler-alpha-run-600\/","title":{"rendered":"Kettler Alpha Run 600 &#8211; Premium Occasion"},"content":{"rendered":"<p>Mit diesem Laufband kannst du auch mit grosser Schrittweite fabelhaft trainieren: Denn die extragrosse Trittfl\u00e4che von 153 mal 55 Zentimeter ist besonders f\u00fcr dynamische L\u00e4ufer ausgelegt. Hier kannst du mit dem leistungsstarken 3 PS-Motor bis zu 20 km\/h schnell laufen. Und wenn es auch mal ambitionierter werden darf, kannst du das Band noch bis 12 Prozent neigen. Die spezielle Kettler Energy-Deck-D\u00e4mpfung sorgt f\u00fcr einen Rebound-Effekt und einen Energieimpuls bei jedem Schritt. Das ist nicht nur gelenkschonend, sondern auch sehr angenehm f\u00fcr lange L\u00e4ufe \u2013 es f\u00fchlt sich vielleicht an wie auf Wolken.<\/p>\n<p>F\u00fcr dein Workout stehen 32 verschiedene Trainingsprogramme zur Auswahl, Abwechslung ist also inklusive. Der hochwertige Trainingscomputer h\u00e4lt s\u00e4mtliche Aktivit\u00e4ten fest und fasst die pers\u00f6nlichen Trainingsdaten nach jedem Training zusammen. \u00dcber pers\u00f6nliche Nutzerprofile k\u00f6nnen die Trainingsintensit\u00e4t, Trainingskonfiguration, Anzeigepr\u00e4ferenzen und pers\u00f6nliche Pulszonen eingerichtet werden. Dadurch kannst du dein individuelles Lauftraining nach jeder Einheit optimieren.<\/p>\n<p>Auch hier hast du allen Komfort in gewohnter Kettler-Qualit\u00e4t: Bluetooth-Anbindung f\u00fcr Kinomap und Brustgurt zur Pulsmessung, Notstopp-System, Transportrollen, ein Soft-Drop-Mechanismus zum Platzsparen und Pulssensoren an den Griffen.<\/p>\n<p>Das Laufband sorgt stabil f\u00fcr deinen perfekten und leichtf\u00fcssigen Lauf.<\/p>\n<table class=\"woocommerce-product-attributes shop_attributes\">\n<tbody>\n<tr class=\"woocommerce-product-attributes-item woocommerce-product-attributes-item--attribute_pa_anzahl-nutzerprofile\">\n<th class=\"woocommerce-product-attributes-item__label\">ANZAHL NUTZERPROFILE<\/th>\n<td class=\"woocommerce-product-attributes-item__value\">4 + Gast<\/td>\n<\/tr>\n<tr class=\"woocommerce-product-attributes-item woocommerce-product-attributes-item--attribute_pa_leistungsparameter\">\n<th class=\"woocommerce-product-attributes-item__label\">LEISTUNGSPARAMETER<\/th>\n<td class=\"woocommerce-product-attributes-item__value\">aktuelle Geschwindigkeit in km\/h oder mph, aktuelle Pace in min\/km oder min\/mi, aktuelle Pulszone (entweder Energieverbrauch oder Pulszone anzeigbar), aktuelle Steigung in %, Distanz in km oder mi, Geschwindigkeit, Kalorien, Puls, Trainingszeit<\/td>\n<\/tr>\n<tr class=\"woocommerce-product-attributes-item woocommerce-product-attributes-item--attribute_pa_pulsmessung\">\n<th class=\"woocommerce-product-attributes-item__label\">PULSMESSUNG<\/th>\n<td class=\"woocommerce-product-attributes-item__value\">Brustgurt optional, Handpulssensoren inklusive<\/td>\n<\/tr>\n<tr class=\"woocommerce-product-attributes-item woocommerce-product-attributes-item--attribute_pa_smartphone-tablet-halter\">\n<th class=\"woocommerce-product-attributes-item__label\">SMARTPHONE-\/TABLET-HALTER<\/th>\n<td class=\"woocommerce-product-attributes-item__value\">Ja<\/td>\n<\/tr>\n<tr class=\"woocommerce-product-attributes-item woocommerce-product-attributes-item--attribute_pa_bluetooth\">\n<th class=\"woocommerce-product-attributes-item__label\">BLUETOOTH<\/th>\n<td class=\"woocommerce-product-attributes-item__value\">Ja, Kinomaps App<\/td>\n<\/tr>\n<tr class=\"woocommerce-product-attributes-item woocommerce-product-attributes-item--attribute_pa_transportrollen\">\n<th class=\"woocommerce-product-attributes-item__label\">TRANSPORTROLLEN<\/th>\n<td class=\"woocommerce-product-attributes-item__value\">Ja<\/td>\n<\/tr>\n<tr class=\"woocommerce-product-attributes-item woocommerce-product-attributes-item--attribute_pa_geeignete-koerpergroesse\">\n<th class=\"woocommerce-product-attributes-item__label\">GEEIGNETE K\u00d6RPERGR\u00d6SSE<\/th>\n<td class=\"woocommerce-product-attributes-item__value\">1,55m \u2013 1,95m<\/td>\n<\/tr>\n<tr class=\"woocommerce-product-attributes-item woocommerce-product-attributes-item--attribute_pa_maximale-gewichtsbelastung\">\n<th class=\"woocommerce-product-attributes-item__label\">MAXIMALE GEWICHTSBELASTUNG<\/th>\n<td class=\"woocommerce-product-attributes-item__value\">150 kg<\/td>\n<\/tr>\n<tr class=\"woocommerce-product-attributes-item woocommerce-product-attributes-item--attribute_pa_ausruestung\">\n<th class=\"woocommerce-product-attributes-item__label\">AUSR\u00dcSTUNG<\/th>\n<td class=\"woocommerce-product-attributes-item__value\">Bandstop-Sicherheitsschl\u00fcssel, Lauffl\u00e4che hochstellbar mit Soft Drop Funktion, Tablethalterung mit Sicherungs-Clip, Ventilator, zwei Ablagef\u00e4cher aus Softmaterial<\/td>\n<\/tr>\n<tr class=\"woocommerce-product-attributes-item woocommerce-product-attributes-item--attribute_pa_daempfungssystem\">\n<th class=\"woocommerce-product-attributes-item__label\">D\u00c4MPFUNGSSYSTEM<\/th>\n<td class=\"woocommerce-product-attributes-item__value\">Doppelwabe mit Energy-Kern. Lagerung der Lauffl\u00e4che auf Energy Elementen<\/td>\n<\/tr>\n<tr class=\"woocommerce-product-attributes-item woocommerce-product-attributes-item--attribute_pa_herzfrequenz-programm\">\n<th class=\"woocommerce-product-attributes-item__label\">HERZFREQUENZ-PROGRAMM<\/th>\n<td class=\"woocommerce-product-attributes-item__value\">Ja<\/td>\n<\/tr>\n<tr class=\"woocommerce-product-attributes-item woocommerce-product-attributes-item--attribute_pa_laufflaeche\">\n<th class=\"woocommerce-product-attributes-item__label\">LAUFFL\u00c4CHE<\/th>\n<td class=\"woocommerce-product-attributes-item__value\">55 x 153 cm<\/td>\n<\/tr>\n<tr class=\"woocommerce-product-attributes-item woocommerce-product-attributes-item--attribute_pa_lautsprecher\">\n<th class=\"woocommerce-product-attributes-item__label\">LAUTSPRECHER<\/th>\n<td class=\"woocommerce-product-attributes-item__value\">eingebaute Lautsprecher zur Wiedergabe mit Verbindung \u00fcber AUX Anschluss<\/td>\n<\/tr>\n<tr class=\"woocommerce-product-attributes-item woocommerce-product-attributes-item--attribute_pa_motorleistung\">\n<th class=\"woocommerce-product-attributes-item__label\">MOTORLEISTUNG (PS)<\/th>\n<td class=\"woocommerce-product-attributes-item__value\">3.0<\/td>\n<\/tr>\n<tr class=\"woocommerce-product-attributes-item woocommerce-product-attributes-item--attribute_pa_maximale-geschwindigkeit\">\n<th class=\"woocommerce-product-attributes-item__label\">MAXIMALE GESCHWINDIGKEIT<\/th>\n<td class=\"woocommerce-product-attributes-item__value\">20 km\/h<\/td>\n<\/tr>\n<tr class=\"woocommerce-product-attributes-item woocommerce-product-attributes-item--attribute_pa_tastenkombinationen\">\n<th class=\"woocommerce-product-attributes-item__label\">TASTENKOMBINATIONEN F\u00dcR STEIGUNG<\/th>\n<td class=\"woocommerce-product-attributes-item__value\">4, 8, 12 (%)<\/td>\n<\/tr>\n<tr class=\"woocommerce-product-attributes-item woocommerce-product-attributes-item--attribute_pa_schnellvorwahltastenfuerges\">\n<th class=\"woocommerce-product-attributes-item__label\">SCHNELLVORWAHLTASTEN F\u00dcR GESCHWINDIGKEIT<\/th>\n<td class=\"woocommerce-product-attributes-item__value\">4, 8, 12 (km\/h)<\/td>\n<\/tr>\n<tr class=\"woocommerce-product-attributes-item woocommerce-product-attributes-item--attribute_pa_spezielle-trainingsformen\">\n<th class=\"woocommerce-product-attributes-item__label\">SPEZIELLE TRAININGSFORMEN<\/th>\n<td class=\"woocommerce-product-attributes-item__value\">freies Training (Quickstart), Intervall Training, konfigurierbare Trainings, pulsgesteuerte Programme (HRC Trainings), Trailrunning Programme, Uphill Runs<\/td>\n<\/tr>\n<tr class=\"woocommerce-product-attributes-item woocommerce-product-attributes-item--attribute_pa_sprachen\">\n<th class=\"woocommerce-product-attributes-item__label\">SPRACHEN<\/th>\n<td class=\"woocommerce-product-attributes-item__value\">DE, EN, FR<\/td>\n<\/tr>\n<tr class=\"woocommerce-product-attributes-item woocommerce-product-attributes-item--attribute_pa_stromversorgung\">\n<th class=\"woocommerce-product-attributes-item__label\">STROMVERSORGUNG<\/th>\n<td class=\"woocommerce-product-attributes-item__value\">Netzanschluss (230 V)<\/td>\n<\/tr>\n<tr class=\"woocommerce-product-attributes-item woocommerce-product-attributes-item--attribute_pa_steigung\">\n<th class=\"woocommerce-product-attributes-item__label\">STEIGUNG<\/th>\n<td class=\"woocommerce-product-attributes-item__value\">0-12 %<\/td>\n<\/tr>\n<tr class=\"woocommerce-product-attributes-item woocommerce-product-attributes-item--attribute_pa_anzahl-der-kurse\">\n<th class=\"woocommerce-product-attributes-item__label\">ANZAHL TRAININGSPROGRAMME<\/th>\n<td class=\"woocommerce-product-attributes-item__value\">32<\/td>\n<\/tr>\n<tr class=\"woocommerce-product-attributes-item woocommerce-product-attributes-item--attribute_pa_abmessungen\">\n<th class=\"woocommerce-product-attributes-item__label\">ABMESSUNGEN<\/th>\n<td class=\"woocommerce-product-attributes-item__value\">142.5 x 93.5 x 165.5 cm<\/td>\n<\/tr>\n<tr class=\"woocommerce-product-attributes-item woocommerce-product-attributes-item--attribute_pa_hoehenverstellbar\">\n<th class=\"woocommerce-product-attributes-item__label\">H\u00d6HENVERSTELLBAR<\/th>\n<td class=\"woocommerce-product-attributes-item__value\">Ja<\/td>\n<\/tr>\n<tr class=\"woocommerce-product-attributes-item woocommerce-product-attributes-item--attribute_pa_trainingscomputer\">\n<th class=\"woocommerce-product-attributes-item__label\">TRAININGSCOMPUTER<\/th>\n<td class=\"woocommerce-product-attributes-item__value\">190 x 110 mm LC Display<\/td>\n<\/tr>\n<tr class=\"woocommerce-product-attributes-item woocommerce-product-attributes-item--attribute_pa_einbaumasse\">\n<th class=\"woocommerce-product-attributes-item__label\">EINBAUMASSE (L X B X H<\/th>\n<td class=\"woocommerce-product-attributes-item__value\">208 x 93.5 x 145.5 cm<\/td>\n<\/tr>\n<tr class=\"woocommerce-product-attributes-item woocommerce-product-attributes-item--attribute_pa_produktgewicht\">\n<th class=\"woocommerce-product-attributes-item__label\">PRODUKTGEWICHT<\/th>\n<td class=\"woocommerce-product-attributes-item__value\">115 kg<\/td>\n<\/tr>\n<\/tbody>\n<\/table>\n<p>&nbsp;<\/p>\n","protected":false},"excerpt":{"rendered":"<p>Professionell aufbereitetes Premium Occasion Laufband, 6 Monate vermietet, Top-Zustand<\/p>\n<p>&nbsp;<\/p>\n<p>Das Laufband ist mit einem 3 PS starken AC-Motor ausgestattet. Damit kann eine maximale Geschwindigkeit von 20 km\/h erreicht werden. Der AC-Motor hat einige Vorteile unter anderem ist er wartungsarm und bietet eine hohe Lebensdauer sowie ein angenehmes Laufgef\u00fchl. F\u00fcr Hobby und ambitionierte L\u00e4ufer.<\/p>\n<p><span style=\"font-weight: 400;\">[rntl_page_content id=\"24172\"]<\/span><\/p>\n<p>&nbsp;<\/p>\n","protected":false},"featured_media":24171,"template":"","meta":{"content-type":""},"product_brand":[155],"product_cat":[28],"product_tag":[26,108],"class_list":{"0":"post-24163","1":"product","2":"type-product","3":"status-publish","4":"has-post-thumbnail","6":"product_brand-kettler","7":"product_cat-laufbaender","8":"product_tag-kaufen","9":"product_tag-kaufen-gebraucht","10":"product_shipping_class-schwer","11":"tm-no-options","13":"first","14":"outofstock","15":"sale","16":"taxable","17":"shipping-taxable","18":"purchasable","19":"product-type-simple"},"yoast_head":"<!-- This site is optimized with the Yoast SEO plugin v26.3 - https:\/\/yoast.com\/wordpress\/plugins\/seo\/ -->\n<title>Kettler Alpha Run 600 - Premium Occasion - RNTL Fitness<\/title>\n<meta name=\"description\" content=\"Miete, kaufe, oder finanziere f\u00fcr das Ausdauertraining zu Hause den Kettler Alpha Run 600 bei RNTL. Ein sehr bliebtes Laufband.\" \/>\n<meta name=\"robots\" content=\"index, follow, max-snippet:-1, max-image-preview:large, max-video-preview:-1\" \/>\n<link rel=\"canonical\" href=\"https:\/\/rntl.ch\/fitness\/produkt\/kettler-alpha-run-600\/\" \/>\n<meta property=\"og:locale\" content=\"de_DE\" \/>\n<meta property=\"og:type\" content=\"article\" \/>\n<meta property=\"og:title\" content=\"Kettler Alpha Run 600 - Premium Occasion - RNTL Fitness\" \/>\n<meta property=\"og:description\" content=\"Miete, kaufe, oder finanziere f\u00fcr das Ausdauertraining zu Hause den Kettler Alpha Run 600 bei RNTL. Ein sehr bliebtes Laufband.\" \/>\n<meta property=\"og:url\" content=\"https:\/\/rntl.ch\/fitness\/produkt\/kettler-alpha-run-600\/\" \/>\n<meta property=\"og:site_name\" content=\"RNTL Fitness\" \/>\n<meta property=\"article:modified_time\" content=\"2025-12-07T16:37:31+00:00\" \/>\n<meta property=\"og:image\" content=\"https:\/\/rntl.ch\/fitness\/wp-content\/uploads\/sites\/3\/2023\/08\/Workspace-2.png\" \/>\n\t<meta property=\"og:image:width\" content=\"800\" \/>\n\t<meta property=\"og:image:height\" content=\"800\" \/>\n\t<meta property=\"og:image:type\" content=\"image\/png\" \/>\n<meta name=\"twitter:card\" content=\"summary_large_image\" \/>\n<meta name=\"twitter:label1\" content=\"Gesch\u00e4tzte Lesezeit\" \/>\n\t<meta name=\"twitter:data1\" content=\"3\u00a0Minuten\" \/>\n<script type=\"application\/ld+json\" class=\"yoast-schema-graph\">{\"@context\":\"https:\/\/schema.org\",\"@graph\":[{\"@type\":\"WebPage\",\"@id\":\"https:\/\/rntl.ch\/fitness\/produkt\/kettler-alpha-run-600\/\",\"url\":\"https:\/\/rntl.ch\/fitness\/produkt\/kettler-alpha-run-600\/\",\"name\":\"Kettler Alpha Run 600 - Premium Occasion - RNTL Fitness\",\"isPartOf\":{\"@id\":\"https:\/\/rntl.ch\/fitness\/#website\"},\"primaryImageOfPage\":{\"@id\":\"https:\/\/rntl.ch\/fitness\/produkt\/kettler-alpha-run-600\/#primaryimage\"},\"image\":{\"@id\":\"https:\/\/rntl.ch\/fitness\/produkt\/kettler-alpha-run-600\/#primaryimage\"},\"thumbnailUrl\":\"https:\/\/rntl.ch\/fitness\/wp-content\/uploads\/sites\/3\/2023\/08\/Workspace-2.png\",\"datePublished\":\"2023-08-17T08:38:45+00:00\",\"dateModified\":\"2025-12-07T16:37:31+00:00\",\"description\":\"Miete, kaufe, oder finanziere f\u00fcr das Ausdauertraining zu Hause den Kettler Alpha Run 600 bei RNTL. Ein sehr bliebtes Laufband.\",\"breadcrumb\":{\"@id\":\"https:\/\/rntl.ch\/fitness\/produkt\/kettler-alpha-run-600\/#breadcrumb\"},\"inLanguage\":\"de\",\"potentialAction\":[{\"@type\":\"ReadAction\",\"target\":[\"https:\/\/rntl.ch\/fitness\/produkt\/kettler-alpha-run-600\/\"]}]},{\"@type\":\"ImageObject\",\"inLanguage\":\"de\",\"@id\":\"https:\/\/rntl.ch\/fitness\/produkt\/kettler-alpha-run-600\/#primaryimage\",\"url\":\"https:\/\/rntl.ch\/fitness\/wp-content\/uploads\/sites\/3\/2023\/08\/Workspace-2.png\",\"contentUrl\":\"https:\/\/rntl.ch\/fitness\/wp-content\/uploads\/sites\/3\/2023\/08\/Workspace-2.png\",\"width\":800,\"height\":800},{\"@type\":\"BreadcrumbList\",\"@id\":\"https:\/\/rntl.ch\/fitness\/produkt\/kettler-alpha-run-600\/#breadcrumb\",\"itemListElement\":[{\"@type\":\"ListItem\",\"position\":1,\"name\":\"Startseite\",\"item\":\"https:\/\/rntl.ch\/fitness\/\"},{\"@type\":\"ListItem\",\"position\":2,\"name\":\"Shop\",\"item\":\"https:\/\/rntl.ch\/fitness\/shop\/\"},{\"@type\":\"ListItem\",\"position\":3,\"name\":\"Kettler Alpha Run 600 &#8211; Premium Occasion\"}]},{\"@type\":\"WebSite\",\"@id\":\"https:\/\/rntl.ch\/fitness\/#website\",\"url\":\"https:\/\/rntl.ch\/fitness\/\",\"name\":\"RNTL Fitness\",\"description\":\"Mieten Einfach Anders\",\"publisher\":{\"@id\":\"https:\/\/rntl.ch\/fitness\/#organization\"},\"potentialAction\":[{\"@type\":\"SearchAction\",\"target\":{\"@type\":\"EntryPoint\",\"urlTemplate\":\"https:\/\/rntl.ch\/fitness\/?s={search_term_string}\"},\"query-input\":{\"@type\":\"PropertyValueSpecification\",\"valueRequired\":true,\"valueName\":\"search_term_string\"}}],\"inLanguage\":\"de\"},{\"@type\":\"Organization\",\"@id\":\"https:\/\/rntl.ch\/fitness\/#organization\",\"name\":\"RNTL Fitness\",\"url\":\"https:\/\/rntl.ch\/fitness\/\",\"logo\":{\"@type\":\"ImageObject\",\"inLanguage\":\"de\",\"@id\":\"https:\/\/rntl.ch\/fitness\/#\/schema\/logo\/image\/\",\"url\":\"https:\/\/rntl.ch\/fitness\/wp-content\/uploads\/sites\/3\/2020\/11\/cropped-rntl_logo_white_530x150.png\",\"contentUrl\":\"https:\/\/rntl.ch\/fitness\/wp-content\/uploads\/sites\/3\/2020\/11\/cropped-rntl_logo_white_530x150.png\",\"width\":530,\"height\":150,\"caption\":\"RNTL Fitness\"},\"image\":{\"@id\":\"https:\/\/rntl.ch\/fitness\/#\/schema\/logo\/image\/\"}}]}<\/script>\n<!-- \/ Yoast SEO plugin. -->","yoast_head_json":{"title":"Kettler Alpha Run 600 - Premium Occasion - RNTL Fitness","description":"Miete, kaufe, oder finanziere f\u00fcr das Ausdauertraining zu Hause den Kettler Alpha Run 600 bei RNTL. Ein sehr bliebtes Laufband.","robots":{"index":"index","follow":"follow","max-snippet":"max-snippet:-1","max-image-preview":"max-image-preview:large","max-video-preview":"max-video-preview:-1"},"canonical":"https:\/\/rntl.ch\/fitness\/produkt\/kettler-alpha-run-600\/","og_locale":"de_DE","og_type":"article","og_title":"Kettler Alpha Run 600 - Premium Occasion - RNTL Fitness","og_description":"Miete, kaufe, oder finanziere f\u00fcr das Ausdauertraining zu Hause den Kettler Alpha Run 600 bei RNTL. Ein sehr bliebtes Laufband.","og_url":"https:\/\/rntl.ch\/fitness\/produkt\/kettler-alpha-run-600\/","og_site_name":"RNTL Fitness","article_modified_time":"2025-12-07T16:37:31+00:00","og_image":[{"width":800,"height":800,"url":"https:\/\/rntl.ch\/fitness\/wp-content\/uploads\/sites\/3\/2023\/08\/Workspace-2.png","type":"image\/png"}],"twitter_card":"summary_large_image","twitter_misc":{"Gesch\u00e4tzte Lesezeit":"3\u00a0Minuten"},"schema":{"@context":"https:\/\/schema.org","@graph":[{"@type":"WebPage","@id":"https:\/\/rntl.ch\/fitness\/produkt\/kettler-alpha-run-600\/","url":"https:\/\/rntl.ch\/fitness\/produkt\/kettler-alpha-run-600\/","name":"Kettler Alpha Run 600 - Premium Occasion - RNTL Fitness","isPartOf":{"@id":"https:\/\/rntl.ch\/fitness\/#website"},"primaryImageOfPage":{"@id":"https:\/\/rntl.ch\/fitness\/produkt\/kettler-alpha-run-600\/#primaryimage"},"image":{"@id":"https:\/\/rntl.ch\/fitness\/produkt\/kettler-alpha-run-600\/#primaryimage"},"thumbnailUrl":"https:\/\/rntl.ch\/fitness\/wp-content\/uploads\/sites\/3\/2023\/08\/Workspace-2.png","datePublished":"2023-08-17T08:38:45+00:00","dateModified":"2025-12-07T16:37:31+00:00","description":"Miete, kaufe, oder finanziere f\u00fcr das Ausdauertraining zu Hause den Kettler Alpha Run 600 bei RNTL. Ein sehr bliebtes Laufband.","breadcrumb":{"@id":"https:\/\/rntl.ch\/fitness\/produkt\/kettler-alpha-run-600\/#breadcrumb"},"inLanguage":"de","potentialAction":[{"@type":"ReadAction","target":["https:\/\/rntl.ch\/fitness\/produkt\/kettler-alpha-run-600\/"]}]},{"@type":"ImageObject","inLanguage":"de","@id":"https:\/\/rntl.ch\/fitness\/produkt\/kettler-alpha-run-600\/#primaryimage","url":"https:\/\/rntl.ch\/fitness\/wp-content\/uploads\/sites\/3\/2023\/08\/Workspace-2.png","contentUrl":"https:\/\/rntl.ch\/fitness\/wp-content\/uploads\/sites\/3\/2023\/08\/Workspace-2.png","width":800,"height":800},{"@type":"BreadcrumbList","@id":"https:\/\/rntl.ch\/fitness\/produkt\/kettler-alpha-run-600\/#breadcrumb","itemListElement":[{"@type":"ListItem","position":1,"name":"Startseite","item":"https:\/\/rntl.ch\/fitness\/"},{"@type":"ListItem","position":2,"name":"Shop","item":"https:\/\/rntl.ch\/fitness\/shop\/"},{"@type":"ListItem","position":3,"name":"Kettler Alpha Run 600 &#8211; Premium Occasion"}]},{"@type":"WebSite","@id":"https:\/\/rntl.ch\/fitness\/#website","url":"https:\/\/rntl.ch\/fitness\/","name":"RNTL Fitness","description":"Mieten Einfach Anders","publisher":{"@id":"https:\/\/rntl.ch\/fitness\/#organization"},"potentialAction":[{"@type":"SearchAction","target":{"@type":"EntryPoint","urlTemplate":"https:\/\/rntl.ch\/fitness\/?s={search_term_string}"},"query-input":{"@type":"PropertyValueSpecification","valueRequired":true,"valueName":"search_term_string"}}],"inLanguage":"de"},{"@type":"Organization","@id":"https:\/\/rntl.ch\/fitness\/#organization","name":"RNTL Fitness","url":"https:\/\/rntl.ch\/fitness\/","logo":{"@type":"ImageObject","inLanguage":"de","@id":"https:\/\/rntl.ch\/fitness\/#\/schema\/logo\/image\/","url":"https:\/\/rntl.ch\/fitness\/wp-content\/uploads\/sites\/3\/2020\/11\/cropped-rntl_logo_white_530x150.png","contentUrl":"https:\/\/rntl.ch\/fitness\/wp-content\/uploads\/sites\/3\/2020\/11\/cropped-rntl_logo_white_530x150.png","width":530,"height":150,"caption":"RNTL Fitness"},"image":{"@id":"https:\/\/rntl.ch\/fitness\/#\/schema\/logo\/image\/"}}]}},"_links":{"self":[{"href":"https:\/\/rntl.ch\/fitness\/wp-json\/wp\/v2\/product\/24163","targetHints":{"allow":["GET"]}}],"collection":[{"href":"https:\/\/rntl.ch\/fitness\/wp-json\/wp\/v2\/product"}],"about":[{"href":"https:\/\/rntl.ch\/fitness\/wp-json\/wp\/v2\/types\/product"}],"version-history":[{"count":4,"href":"https:\/\/rntl.ch\/fitness\/wp-json\/wp\/v2\/product\/24163\/revisions"}],"predecessor-version":[{"id":36613,"href":"https:\/\/rntl.ch\/fitness\/wp-json\/wp\/v2\/product\/24163\/revisions\/36613"}],"wp:featuredmedia":[{"embeddable":true,"href":"https:\/\/rntl.ch\/fitness\/wp-json\/wp\/v2\/media\/24171"}],"wp:attachment":[{"href":"https:\/\/rntl.ch\/fitness\/wp-json\/wp\/v2\/media?parent=24163"}],"wp:term":[{"taxonomy":"product_brand","embeddable":true,"href":"https:\/\/rntl.ch\/fitness\/wp-json\/wp\/v2\/product_brand?post=24163"},{"taxonomy":"product_cat","embeddable":true,"href":"https:\/\/rntl.ch\/fitness\/wp-json\/wp\/v2\/product_cat?post=24163"},{"taxonomy":"product_tag","embeddable":true,"href":"https:\/\/rntl.ch\/fitness\/wp-json\/wp\/v2\/product_tag?post=24163"}],"curies":[{"name":"wp","href":"https:\/\/api.w.org\/{rel}","templated":true}]}}