{"id":24560,"date":"2023-09-21T14:20:41","date_gmt":"2023-09-21T12:20:41","guid":{"rendered":"https:\/\/rntl.ch\/fitness\/?post_type=product&#038;p=24560"},"modified":"2026-02-25T11:04:14","modified_gmt":"2026-02-25T10:04:14","slug":"nautilus-r626-recumbent-bike","status":"publish","type":"product","link":"https:\/\/rntl.ch\/fitness\/produkt\/nautilus-r626-recumbent-bike\/","title":{"rendered":"Nautilus R626 Recumbent Bike"},"content":{"rendered":"<p><b>Nautilus \u00ae R626 Recumbent Bike<\/b> mit dutzenden Trainingsprogrammen, Bluetooth\u00ae-Konnektivit\u00e4t und den heute wichtigsten app-basierten Tools tr\u00e4gt der R626 zu H\u00f6chstleistungen und hervorragenden Ergebnissen bei.<\/p>\n<p><b>Eigenschaft<\/b><br \/>\n&#8211;\u00a0<b>29 Programme<\/b>\u00a0&#8211; 12 Profile, 9 Herzfrequenzsteuerung, 4 benutzerdefinierte, 2 Fitnesstests, 1 Erholungstest, 1 Schnellstart<br \/>\n&#8211;\u00a0<b>Zeit-, Entfernungs- und Kalorienzielverfolgung\u00a0<\/b>&#8211; mit Bluetooth \u00ae -Funktionalit\u00e4t f\u00fcr die Nautilus Trainer \u2122 2-App und Ihre bevorzugten Apps<br \/>\n&#8211;\u00a0<b>Synchronisieren\u00a0<\/b>Sie mit der kostenlosen RideSocial \u2122 App &#8211; und fahren Sie mit Menschen aus der ganzen Welt in Echtzeit durch mehrere realistische Standorte<br \/>\n&#8211;<b>\u00a025 Widerstandsstufen<\/b>\u00a0&#8211; f\u00fcr eine Vielzahl von Trainingsintensit\u00e4tsoptionen<br \/>\n&#8211;\u00a0<b>Hochgeschwindigkeits-Antriebssystem<\/b>\u00a0mit hoher Tr\u00e4gheit &#8211; mit einem umlaufgewichteten Schwungrad f\u00fcr \u00f6stliches Hochfahren und gleichm\u00e4\u00dfiges, gleichm\u00e4\u00dfiges Training<br \/>\n&#8211;<b>\u00a0DualTrack\u00a0<\/b>\u2122 -LCD-Displays &#8211; Medienfach, In-Console-Lautsprecher mit MP3-Eingang, USB-Medienaufladung und einstellbarer L\u00fcfter<\/p>\n","protected":false},"excerpt":{"rendered":"<p>Der Nautilus Liegeergometer R626, ein Trainingsger\u00e4t f\u00fcr jedermann.<br \/>\n<strong>Kaufpreis [woo_custom_field id=\"rntl_retail_price_field\"].-<\/strong><\/p>\n[rntl_page_content id=\"14687\"]\n","protected":false},"featured_media":13218,"template":"","meta":{"content-type":""},"product_brand":[],"product_cat":[25],"product_tag":[112],"class_list":{"0":"post-24560","1":"product","2":"type-product","3":"status-publish","4":"has-post-thumbnail","6":"product_cat-hometrainer","7":"product_tag-mieten","8":"product_shipping_class-mittel","9":"tm-no-options","11":"first","12":"instock","13":"taxable","14":"shipping-taxable","15":"purchasable","16":"product-type-variable-subscription","17":"has-default-attributes"},"yoast_head":"<!-- This site is optimized with the Yoast SEO plugin v26.3 - https:\/\/yoast.com\/wordpress\/plugins\/seo\/ -->\n<title>Nautilus R626 Recumbent Bike - RNTL Fitness<\/title>\n<meta name=\"description\" content=\"Miete, kaufe, oder finanziere f\u00fcr das Ausdauertraining zu Hause das Nautilus R626 Recumbent Bike bei RNTL.\" \/>\n<meta name=\"robots\" content=\"index, follow, max-snippet:-1, max-image-preview:large, max-video-preview:-1\" \/>\n<link rel=\"canonical\" href=\"https:\/\/rntl.ch\/fitness\/produkt\/nautilus-r626-recumbent-bike\/\" \/>\n<meta property=\"og:locale\" content=\"de_DE\" \/>\n<meta property=\"og:type\" content=\"article\" \/>\n<meta property=\"og:title\" content=\"Nautilus R626 Recumbent Bike - RNTL Fitness\" \/>\n<meta property=\"og:description\" content=\"Miete, kaufe, oder finanziere f\u00fcr das Ausdauertraining zu Hause das Nautilus R626 Recumbent Bike bei RNTL.\" \/>\n<meta property=\"og:url\" content=\"https:\/\/rntl.ch\/fitness\/produkt\/nautilus-r626-recumbent-bike\/\" \/>\n<meta property=\"og:site_name\" content=\"RNTL Fitness\" \/>\n<meta property=\"article:modified_time\" content=\"2026-02-25T10:04:14+00:00\" \/>\n<meta property=\"og:image\" content=\"https:\/\/rntl.ch\/fitness\/wp-content\/uploads\/sites\/3\/2021\/07\/Nautilus_R628_1_600.jpeg\" \/>\n\t<meta property=\"og:image:width\" content=\"600\" \/>\n\t<meta property=\"og:image:height\" content=\"600\" \/>\n\t<meta property=\"og:image:type\" content=\"image\/jpeg\" \/>\n<meta name=\"twitter:card\" content=\"summary_large_image\" \/>\n<meta name=\"twitter:label1\" content=\"Gesch\u00e4tzte Lesezeit\" \/>\n\t<meta name=\"twitter:data1\" content=\"1\u00a0Minute\" \/>\n<script type=\"application\/ld+json\" class=\"yoast-schema-graph\">{\"@context\":\"https:\/\/schema.org\",\"@graph\":[{\"@type\":\"WebPage\",\"@id\":\"https:\/\/rntl.ch\/fitness\/produkt\/nautilus-r626-recumbent-bike\/\",\"url\":\"https:\/\/rntl.ch\/fitness\/produkt\/nautilus-r626-recumbent-bike\/\",\"name\":\"Nautilus R626 Recumbent Bike - RNTL Fitness\",\"isPartOf\":{\"@id\":\"https:\/\/rntl.ch\/fitness\/#website\"},\"primaryImageOfPage\":{\"@id\":\"https:\/\/rntl.ch\/fitness\/produkt\/nautilus-r626-recumbent-bike\/#primaryimage\"},\"image\":{\"@id\":\"https:\/\/rntl.ch\/fitness\/produkt\/nautilus-r626-recumbent-bike\/#primaryimage\"},\"thumbnailUrl\":\"https:\/\/rntl.ch\/fitness\/wp-content\/uploads\/sites\/3\/2021\/07\/Nautilus_R628_1_600.jpeg\",\"datePublished\":\"2023-09-21T12:20:41+00:00\",\"dateModified\":\"2026-02-25T10:04:14+00:00\",\"description\":\"Miete, kaufe, oder finanziere f\u00fcr das Ausdauertraining zu Hause das Nautilus R626 Recumbent Bike bei RNTL.\",\"breadcrumb\":{\"@id\":\"https:\/\/rntl.ch\/fitness\/produkt\/nautilus-r626-recumbent-bike\/#breadcrumb\"},\"inLanguage\":\"de\",\"potentialAction\":[{\"@type\":\"ReadAction\",\"target\":[\"https:\/\/rntl.ch\/fitness\/produkt\/nautilus-r626-recumbent-bike\/\"]}]},{\"@type\":\"ImageObject\",\"inLanguage\":\"de\",\"@id\":\"https:\/\/rntl.ch\/fitness\/produkt\/nautilus-r626-recumbent-bike\/#primaryimage\",\"url\":\"https:\/\/rntl.ch\/fitness\/wp-content\/uploads\/sites\/3\/2021\/07\/Nautilus_R628_1_600.jpeg\",\"contentUrl\":\"https:\/\/rntl.ch\/fitness\/wp-content\/uploads\/sites\/3\/2021\/07\/Nautilus_R628_1_600.jpeg\",\"width\":600,\"height\":600},{\"@type\":\"BreadcrumbList\",\"@id\":\"https:\/\/rntl.ch\/fitness\/produkt\/nautilus-r626-recumbent-bike\/#breadcrumb\",\"itemListElement\":[{\"@type\":\"ListItem\",\"position\":1,\"name\":\"Startseite\",\"item\":\"https:\/\/rntl.ch\/fitness\/\"},{\"@type\":\"ListItem\",\"position\":2,\"name\":\"Shop\",\"item\":\"https:\/\/rntl.ch\/fitness\/shop\/\"},{\"@type\":\"ListItem\",\"position\":3,\"name\":\"Nautilus R626 Recumbent Bike\"}]},{\"@type\":\"WebSite\",\"@id\":\"https:\/\/rntl.ch\/fitness\/#website\",\"url\":\"https:\/\/rntl.ch\/fitness\/\",\"name\":\"RNTL Fitness\",\"description\":\"Mieten Einfach Anders\",\"publisher\":{\"@id\":\"https:\/\/rntl.ch\/fitness\/#organization\"},\"potentialAction\":[{\"@type\":\"SearchAction\",\"target\":{\"@type\":\"EntryPoint\",\"urlTemplate\":\"https:\/\/rntl.ch\/fitness\/?s={search_term_string}\"},\"query-input\":{\"@type\":\"PropertyValueSpecification\",\"valueRequired\":true,\"valueName\":\"search_term_string\"}}],\"inLanguage\":\"de\"},{\"@type\":\"Organization\",\"@id\":\"https:\/\/rntl.ch\/fitness\/#organization\",\"name\":\"RNTL Fitness\",\"url\":\"https:\/\/rntl.ch\/fitness\/\",\"logo\":{\"@type\":\"ImageObject\",\"inLanguage\":\"de\",\"@id\":\"https:\/\/rntl.ch\/fitness\/#\/schema\/logo\/image\/\",\"url\":\"https:\/\/rntl.ch\/fitness\/wp-content\/uploads\/sites\/3\/2020\/11\/cropped-rntl_logo_white_530x150.png\",\"contentUrl\":\"https:\/\/rntl.ch\/fitness\/wp-content\/uploads\/sites\/3\/2020\/11\/cropped-rntl_logo_white_530x150.png\",\"width\":530,\"height\":150,\"caption\":\"RNTL Fitness\"},\"image\":{\"@id\":\"https:\/\/rntl.ch\/fitness\/#\/schema\/logo\/image\/\"}}]}<\/script>\n<!-- \/ Yoast SEO plugin. -->","yoast_head_json":{"title":"Nautilus R626 Recumbent Bike - RNTL Fitness","description":"Miete, kaufe, oder finanziere f\u00fcr das Ausdauertraining zu Hause das Nautilus R626 Recumbent Bike bei RNTL.","robots":{"index":"index","follow":"follow","max-snippet":"max-snippet:-1","max-image-preview":"max-image-preview:large","max-video-preview":"max-video-preview:-1"},"canonical":"https:\/\/rntl.ch\/fitness\/produkt\/nautilus-r626-recumbent-bike\/","og_locale":"de_DE","og_type":"article","og_title":"Nautilus R626 Recumbent Bike - RNTL Fitness","og_description":"Miete, kaufe, oder finanziere f\u00fcr das Ausdauertraining zu Hause das Nautilus R626 Recumbent Bike bei RNTL.","og_url":"https:\/\/rntl.ch\/fitness\/produkt\/nautilus-r626-recumbent-bike\/","og_site_name":"RNTL Fitness","article_modified_time":"2026-02-25T10:04:14+00:00","og_image":[{"width":600,"height":600,"url":"https:\/\/rntl.ch\/fitness\/wp-content\/uploads\/sites\/3\/2021\/07\/Nautilus_R628_1_600.jpeg","type":"image\/jpeg"}],"twitter_card":"summary_large_image","twitter_misc":{"Gesch\u00e4tzte Lesezeit":"1\u00a0Minute"},"schema":{"@context":"https:\/\/schema.org","@graph":[{"@type":"WebPage","@id":"https:\/\/rntl.ch\/fitness\/produkt\/nautilus-r626-recumbent-bike\/","url":"https:\/\/rntl.ch\/fitness\/produkt\/nautilus-r626-recumbent-bike\/","name":"Nautilus R626 Recumbent Bike - RNTL Fitness","isPartOf":{"@id":"https:\/\/rntl.ch\/fitness\/#website"},"primaryImageOfPage":{"@id":"https:\/\/rntl.ch\/fitness\/produkt\/nautilus-r626-recumbent-bike\/#primaryimage"},"image":{"@id":"https:\/\/rntl.ch\/fitness\/produkt\/nautilus-r626-recumbent-bike\/#primaryimage"},"thumbnailUrl":"https:\/\/rntl.ch\/fitness\/wp-content\/uploads\/sites\/3\/2021\/07\/Nautilus_R628_1_600.jpeg","datePublished":"2023-09-21T12:20:41+00:00","dateModified":"2026-02-25T10:04:14+00:00","description":"Miete, kaufe, oder finanziere f\u00fcr das Ausdauertraining zu Hause das Nautilus R626 Recumbent Bike bei RNTL.","breadcrumb":{"@id":"https:\/\/rntl.ch\/fitness\/produkt\/nautilus-r626-recumbent-bike\/#breadcrumb"},"inLanguage":"de","potentialAction":[{"@type":"ReadAction","target":["https:\/\/rntl.ch\/fitness\/produkt\/nautilus-r626-recumbent-bike\/"]}]},{"@type":"ImageObject","inLanguage":"de","@id":"https:\/\/rntl.ch\/fitness\/produkt\/nautilus-r626-recumbent-bike\/#primaryimage","url":"https:\/\/rntl.ch\/fitness\/wp-content\/uploads\/sites\/3\/2021\/07\/Nautilus_R628_1_600.jpeg","contentUrl":"https:\/\/rntl.ch\/fitness\/wp-content\/uploads\/sites\/3\/2021\/07\/Nautilus_R628_1_600.jpeg","width":600,"height":600},{"@type":"BreadcrumbList","@id":"https:\/\/rntl.ch\/fitness\/produkt\/nautilus-r626-recumbent-bike\/#breadcrumb","itemListElement":[{"@type":"ListItem","position":1,"name":"Startseite","item":"https:\/\/rntl.ch\/fitness\/"},{"@type":"ListItem","position":2,"name":"Shop","item":"https:\/\/rntl.ch\/fitness\/shop\/"},{"@type":"ListItem","position":3,"name":"Nautilus R626 Recumbent Bike"}]},{"@type":"WebSite","@id":"https:\/\/rntl.ch\/fitness\/#website","url":"https:\/\/rntl.ch\/fitness\/","name":"RNTL Fitness","description":"Mieten Einfach Anders","publisher":{"@id":"https:\/\/rntl.ch\/fitness\/#organization"},"potentialAction":[{"@type":"SearchAction","target":{"@type":"EntryPoint","urlTemplate":"https:\/\/rntl.ch\/fitness\/?s={search_term_string}"},"query-input":{"@type":"PropertyValueSpecification","valueRequired":true,"valueName":"search_term_string"}}],"inLanguage":"de"},{"@type":"Organization","@id":"https:\/\/rntl.ch\/fitness\/#organization","name":"RNTL Fitness","url":"https:\/\/rntl.ch\/fitness\/","logo":{"@type":"ImageObject","inLanguage":"de","@id":"https:\/\/rntl.ch\/fitness\/#\/schema\/logo\/image\/","url":"https:\/\/rntl.ch\/fitness\/wp-content\/uploads\/sites\/3\/2020\/11\/cropped-rntl_logo_white_530x150.png","contentUrl":"https:\/\/rntl.ch\/fitness\/wp-content\/uploads\/sites\/3\/2020\/11\/cropped-rntl_logo_white_530x150.png","width":530,"height":150,"caption":"RNTL Fitness"},"image":{"@id":"https:\/\/rntl.ch\/fitness\/#\/schema\/logo\/image\/"}}]}},"_links":{"self":[{"href":"https:\/\/rntl.ch\/fitness\/wp-json\/wp\/v2\/product\/24560","targetHints":{"allow":["GET"]}}],"collection":[{"href":"https:\/\/rntl.ch\/fitness\/wp-json\/wp\/v2\/product"}],"about":[{"href":"https:\/\/rntl.ch\/fitness\/wp-json\/wp\/v2\/types\/product"}],"version-history":[{"count":0,"href":"https:\/\/rntl.ch\/fitness\/wp-json\/wp\/v2\/product\/24560\/revisions"}],"wp:featuredmedia":[{"embeddable":true,"href":"https:\/\/rntl.ch\/fitness\/wp-json\/wp\/v2\/media\/13218"}],"wp:attachment":[{"href":"https:\/\/rntl.ch\/fitness\/wp-json\/wp\/v2\/media?parent=24560"}],"wp:term":[{"taxonomy":"product_brand","embeddable":true,"href":"https:\/\/rntl.ch\/fitness\/wp-json\/wp\/v2\/product_brand?post=24560"},{"taxonomy":"product_cat","embeddable":true,"href":"https:\/\/rntl.ch\/fitness\/wp-json\/wp\/v2\/product_cat?post=24560"},{"taxonomy":"product_tag","embeddable":true,"href":"https:\/\/rntl.ch\/fitness\/wp-json\/wp\/v2\/product_tag?post=24560"}],"curies":[{"name":"wp","href":"https:\/\/api.w.org\/{rel}","templated":true}]}}