{"id":24934,"date":"2023-10-13T17:36:28","date_gmt":"2023-10-13T15:36:28","guid":{"rendered":"https:\/\/rntl.ch\/fitness\/?post_type=product&#038;p=24934"},"modified":"2025-08-28T16:49:29","modified_gmt":"2025-08-28T14:49:29","slug":"u60-ergometer-von-vision-fitness-perfekt-fuer-hotels-und-studios","status":"publish","type":"product","link":"https:\/\/rntl.ch\/fitness\/produkt\/u60-ergometer-von-vision-fitness-perfekt-fuer-hotels-und-studios\/","title":{"rendered":"U60 Ergometer von Vision Fitness \u2013 Perfekt f\u00fcr Hotels und Studios!"},"content":{"rendered":"<p>Entdecken Sie das U60 Ergometer von Vision Fitness \u2013 Perfekt f\u00fcr Hotels, Sportclubs und Fitnessstudios<\/p>\n<p>Das U60 Ergometer von Vision Fitness ist speziell f\u00fcr anspruchsvolle Anwendungen wie Hotels, Sportclubs und Fitnessstudios entwickelt worden. Die aktuelle 60er Serie legt besonderen Wert auf Haltbarkeit und wurde aus robustem Stahl sowie hochwertigen Komponenten gefertigt. Die LED-Konsole bietet eine \u00fcbersichtliche Anzeige von 12 verschiedenen Trainingsdaten sowie einem Trainingsprofil. Die integrierte Leseablage erm\u00f6glicht Ihnen, w\u00e4hrend des Trainings weiter zu lesen, w\u00e4hrend der Pure Comfort Sitz zus\u00e4tzlichen Komfort bietet.<\/p>\n<p>12 Trainingsprogramme<\/p>\n<p>Die Konsole verf\u00fcgt \u00fcber 12 voreingestellte Trainingsprogramme und benutzerspezifische Anzeigefenster. Dank der gut ablesbaren LED-Anzeigen haben Sie immer den besten \u00dcberblick \u00fcber Ihre Trainingsdaten wie Zeit, Distanz, Geschwindigkeit, Widerstand, Level, rpm, METs, Watt und Herzfrequenz. Das Herzfrequenztraining ist dank der Handpulssensoren und eines eingebauten Funkempf\u00e4ngers besonders einfach.<\/p>\n<p>Ergometer<\/p>\n<p>Ergometer gibt es in verschiedenen Ausf\u00fchrungen wie Fahrrad-Ergometer, Ruder-Ergometer oder Crosstrainer-Ergometer. Sie erf\u00fcllen spezielle Normen (DIN 957-1\/5 HA), garantieren eine extrem genaue Watt- und Leistungseinstellung und sind vor allem f\u00fcr therapeutische Zwecke gedacht. Die Leistung mit einem Ergometer ist reproduzierbar und es k\u00f6nnen genaue \u00e4rztliche Vorgaben damit umgesetzt werden. Wenn Sie also ein intensives Herz-Kreislauftraining betreiben wollen, sollten Sie zu einem Ergometer greifen.<\/p>\n<p>Das U60 von Vision Fitness ist einsetzbar vom Heimbereich bis zum kommerziellen Dauereinsatz. Ein leises Generatorsystem erm\u00f6glicht einen stromunabh\u00e4ngigen Betrieb und bietet eine pr\u00e4zise Belastungssteuerung, welche den hohen Anforderungen der DIN EN957-1\/5 SA entspricht.<\/p>\n<p>Ausstattung:<\/p>\n<ul>\n<li>2 Stage Generatorsystem (netzunabh\u00e4ngiger Antrieb)<\/li>\n<li>Quiet Glide Antriebssystem<\/li>\n<li>Schwungmasse ca. 11kg<\/li>\n<li>Trainingscomputer mit 10 x 14 weisse Punktmatrix LED Profil Anzeige, 16 weisse alphanumerische LED mit durchlaufenden R\u00fcckmeldungen, 4 einstellbare LEDs mit Programmanzeige und dazugeh\u00f6rige HR Zonen Anzeige<\/li>\n<li>Anzeige von Watt, Zeit, Distanz, Kalorienverbrauch, Programm, Widerstand (Level), Programmprofil, Trittfrequenz, Geschwindigkeit, Zielherzfrequenz, Herzfrequenz, % der maximalen Herzfrequenz, Mets<\/li>\n<li>Klassik-Programme (Manuell, Intervall, Fettverbrennung, Zufall)<\/li>\n<li>Watt (drehzahlunabh\u00e4ngig, 1Watt-Schritte einstellbar &#8211; Intervall-Watt, Wattgesteuert, Berg-Watt) &#8211; 40-250Watt<\/li>\n<li>Ziel (Zeitziel, Entfernungsziel, Kalorienziel)<\/li>\n<li>HRT-Programme (HRT Gewichtsreduzierung, HRT Intervall)<\/li>\n<li>25 Schwierigkeitsstufen (Wattgesteuert: 1 Watt-Schritte, 40 &#8211; 250 Watt (drehzahlunabh\u00e4ngig)<\/li>\n<li>hochwertige Pulverbeschichtung f\u00fcr eine langj\u00e4hrig gute Erscheinung und einfache Reinigung<\/li>\n<li>schaumstoffbeschichtete Griffe hoher Dichte f\u00fcr einfache Reinigung und Haltbarkeit<\/li>\n<li>Ergonomischer Club COMFORT ARC Sattel<\/li>\n<li>Schnellverstellung der Sitzh\u00f6he in 15 Stufen<\/li>\n<li>Multipositionslenker mit Armauflage und Handpuls<\/li>\n<li>Transportrollen vorne<\/li>\n<li>H\u00f6henausgleich<\/li>\n<li>selbstaufrichtende Pedalen<\/li>\n<li>integrierte Lesehalterung<\/li>\n<li>entspricht den hohen Anforderungen der EN 957 SA und ist somit auch f\u00fcr den therapeutischen Einsatz geeignet<\/li>\n<\/ul>\n<p>Einsatz: Heimbereich bis kommerzieller Dauereinsatz, Nutzlast: ca. 182kg Ger\u00e4temasse: L104 x B65 x H138cm, Gewicht 52kg Zubeh\u00f6r: integrierter Empf\u00e4nger f\u00fcr Brustgurt-Sender, Handpulssensoren, Flaschen-und Lesehalterung Option: Sendergurt Garantie:\u00a0CH-Service &#8211;\u00a0Heimgebrauch und leicht-institutioneller Einsatz: 2 Jahre Komplettgarantie, 3 Jahre Ersatzteile, 30 Jahre Rahmen und Magnetbremse (ausgeschlossen Verbrauchsmaterial): Kommerzieller Einsatz: 1 Jahr Komplettgarantie (ausgeschlossen Verbrauchsmaterial)<\/p>\n","protected":false},"excerpt":{"rendered":"<p>Ergometer Heimtrainer mit einem stromlosen Generatorbetrieb f\u00fcr eine flexible Platzierung<\/p>\n<p><span style=\"font-weight: 400;\">[rntl_page_content id=\"19556\"]<\/span><\/p>\n<div class=\"woocommerce-product-details__short-description\">\n<p>&nbsp;<\/p>\n<\/div>\n","protected":false},"featured_media":23629,"template":"","meta":{"content-type":""},"product_brand":[156],"product_cat":[25],"product_tag":[26,107],"class_list":{"0":"post-24934","1":"product","2":"type-product","3":"status-publish","4":"has-post-thumbnail","6":"product_brand-vision","7":"product_cat-hometrainer","8":"product_tag-kaufen","9":"product_tag-kaufen-neu","10":"product_shipping_class-leicht","11":"tm-no-options","13":"first","14":"instock","15":"sale","16":"taxable","17":"shipping-taxable","18":"purchasable","19":"product-type-simple"},"yoast_head":"<!-- This site is optimized with the Yoast SEO plugin v26.3 - https:\/\/yoast.com\/wordpress\/plugins\/seo\/ -->\n<title>U60 Ergometer von Vision Fitness \u2013 Perfekt f\u00fcr Hotels und Studios! - RNTL Fitness<\/title>\n<meta name=\"description\" content=\"Miete, kaufe, oder finanziere Dir f\u00fcr das Training zu Hause den Vision U60 Ergometer bei RNTL. Perfekt f\u00fcr dein Spinning Training zu Hause.\" \/>\n<meta name=\"robots\" content=\"index, follow, max-snippet:-1, max-image-preview:large, max-video-preview:-1\" \/>\n<link rel=\"canonical\" href=\"https:\/\/rntl.ch\/fitness\/produkt\/u60-ergometer-von-vision-fitness-perfekt-fuer-hotels-und-studios\/\" \/>\n<meta property=\"og:locale\" content=\"de_DE\" \/>\n<meta property=\"og:type\" content=\"article\" \/>\n<meta property=\"og:title\" content=\"U60 Ergometer von Vision Fitness \u2013 Perfekt f\u00fcr Hotels und Studios! - RNTL Fitness\" \/>\n<meta property=\"og:description\" content=\"Miete, kaufe, oder finanziere Dir f\u00fcr das Training zu Hause den Vision U60 Ergometer bei RNTL. Perfekt f\u00fcr dein Spinning Training zu Hause.\" \/>\n<meta property=\"og:url\" content=\"https:\/\/rntl.ch\/fitness\/produkt\/u60-ergometer-von-vision-fitness-perfekt-fuer-hotels-und-studios\/\" \/>\n<meta property=\"og:site_name\" content=\"RNTL Fitness\" \/>\n<meta property=\"article:modified_time\" content=\"2025-08-28T14:49:29+00:00\" \/>\n<meta property=\"og:image\" content=\"https:\/\/rntl.ch\/fitness\/wp-content\/uploads\/sites\/3\/2023\/07\/vision-fitness-studio-ergometer-u60-upright-bike-1000-2019.jpeg\" \/>\n\t<meta property=\"og:image:width\" content=\"1200\" \/>\n\t<meta property=\"og:image:height\" content=\"1200\" \/>\n\t<meta property=\"og:image:type\" content=\"image\/jpeg\" \/>\n<meta name=\"twitter:card\" content=\"summary_large_image\" \/>\n<meta name=\"twitter:label1\" content=\"Gesch\u00e4tzte Lesezeit\" \/>\n\t<meta name=\"twitter:data1\" content=\"3\u00a0Minuten\" \/>\n<script type=\"application\/ld+json\" class=\"yoast-schema-graph\">{\"@context\":\"https:\/\/schema.org\",\"@graph\":[{\"@type\":\"WebPage\",\"@id\":\"https:\/\/rntl.ch\/fitness\/produkt\/u60-ergometer-von-vision-fitness-perfekt-fuer-hotels-und-studios\/\",\"url\":\"https:\/\/rntl.ch\/fitness\/produkt\/u60-ergometer-von-vision-fitness-perfekt-fuer-hotels-und-studios\/\",\"name\":\"U60 Ergometer von Vision Fitness \u2013 Perfekt f\u00fcr Hotels und Studios! - RNTL Fitness\",\"isPartOf\":{\"@id\":\"https:\/\/rntl.ch\/fitness\/#website\"},\"primaryImageOfPage\":{\"@id\":\"https:\/\/rntl.ch\/fitness\/produkt\/u60-ergometer-von-vision-fitness-perfekt-fuer-hotels-und-studios\/#primaryimage\"},\"image\":{\"@id\":\"https:\/\/rntl.ch\/fitness\/produkt\/u60-ergometer-von-vision-fitness-perfekt-fuer-hotels-und-studios\/#primaryimage\"},\"thumbnailUrl\":\"https:\/\/rntl.ch\/fitness\/wp-content\/uploads\/sites\/3\/2023\/07\/vision-fitness-studio-ergometer-u60-upright-bike-1000-2019.jpeg\",\"datePublished\":\"2023-10-13T15:36:28+00:00\",\"dateModified\":\"2025-08-28T14:49:29+00:00\",\"description\":\"Miete, kaufe, oder finanziere Dir f\u00fcr das Training zu Hause den Vision U60 Ergometer bei RNTL. Perfekt f\u00fcr dein Spinning Training zu Hause.\",\"breadcrumb\":{\"@id\":\"https:\/\/rntl.ch\/fitness\/produkt\/u60-ergometer-von-vision-fitness-perfekt-fuer-hotels-und-studios\/#breadcrumb\"},\"inLanguage\":\"de\",\"potentialAction\":[{\"@type\":\"ReadAction\",\"target\":[\"https:\/\/rntl.ch\/fitness\/produkt\/u60-ergometer-von-vision-fitness-perfekt-fuer-hotels-und-studios\/\"]}]},{\"@type\":\"ImageObject\",\"inLanguage\":\"de\",\"@id\":\"https:\/\/rntl.ch\/fitness\/produkt\/u60-ergometer-von-vision-fitness-perfekt-fuer-hotels-und-studios\/#primaryimage\",\"url\":\"https:\/\/rntl.ch\/fitness\/wp-content\/uploads\/sites\/3\/2023\/07\/vision-fitness-studio-ergometer-u60-upright-bike-1000-2019.jpeg\",\"contentUrl\":\"https:\/\/rntl.ch\/fitness\/wp-content\/uploads\/sites\/3\/2023\/07\/vision-fitness-studio-ergometer-u60-upright-bike-1000-2019.jpeg\",\"width\":1200,\"height\":1200},{\"@type\":\"BreadcrumbList\",\"@id\":\"https:\/\/rntl.ch\/fitness\/produkt\/u60-ergometer-von-vision-fitness-perfekt-fuer-hotels-und-studios\/#breadcrumb\",\"itemListElement\":[{\"@type\":\"ListItem\",\"position\":1,\"name\":\"Startseite\",\"item\":\"https:\/\/rntl.ch\/fitness\/\"},{\"@type\":\"ListItem\",\"position\":2,\"name\":\"Shop\",\"item\":\"https:\/\/rntl.ch\/fitness\/shop\/\"},{\"@type\":\"ListItem\",\"position\":3,\"name\":\"U60 Ergometer von Vision Fitness \u2013 Perfekt f\u00fcr Hotels und Studios!\"}]},{\"@type\":\"WebSite\",\"@id\":\"https:\/\/rntl.ch\/fitness\/#website\",\"url\":\"https:\/\/rntl.ch\/fitness\/\",\"name\":\"RNTL Fitness\",\"description\":\"Mieten Einfach Anders\",\"publisher\":{\"@id\":\"https:\/\/rntl.ch\/fitness\/#organization\"},\"potentialAction\":[{\"@type\":\"SearchAction\",\"target\":{\"@type\":\"EntryPoint\",\"urlTemplate\":\"https:\/\/rntl.ch\/fitness\/?s={search_term_string}\"},\"query-input\":{\"@type\":\"PropertyValueSpecification\",\"valueRequired\":true,\"valueName\":\"search_term_string\"}}],\"inLanguage\":\"de\"},{\"@type\":\"Organization\",\"@id\":\"https:\/\/rntl.ch\/fitness\/#organization\",\"name\":\"RNTL Fitness\",\"url\":\"https:\/\/rntl.ch\/fitness\/\",\"logo\":{\"@type\":\"ImageObject\",\"inLanguage\":\"de\",\"@id\":\"https:\/\/rntl.ch\/fitness\/#\/schema\/logo\/image\/\",\"url\":\"https:\/\/rntl.ch\/fitness\/wp-content\/uploads\/sites\/3\/2020\/11\/cropped-rntl_logo_white_530x150.png\",\"contentUrl\":\"https:\/\/rntl.ch\/fitness\/wp-content\/uploads\/sites\/3\/2020\/11\/cropped-rntl_logo_white_530x150.png\",\"width\":530,\"height\":150,\"caption\":\"RNTL Fitness\"},\"image\":{\"@id\":\"https:\/\/rntl.ch\/fitness\/#\/schema\/logo\/image\/\"}}]}<\/script>\n<!-- \/ Yoast SEO plugin. -->","yoast_head_json":{"title":"U60 Ergometer von Vision Fitness \u2013 Perfekt f\u00fcr Hotels und Studios! - RNTL Fitness","description":"Miete, kaufe, oder finanziere Dir f\u00fcr das Training zu Hause den Vision U60 Ergometer bei RNTL. Perfekt f\u00fcr dein Spinning Training zu Hause.","robots":{"index":"index","follow":"follow","max-snippet":"max-snippet:-1","max-image-preview":"max-image-preview:large","max-video-preview":"max-video-preview:-1"},"canonical":"https:\/\/rntl.ch\/fitness\/produkt\/u60-ergometer-von-vision-fitness-perfekt-fuer-hotels-und-studios\/","og_locale":"de_DE","og_type":"article","og_title":"U60 Ergometer von Vision Fitness \u2013 Perfekt f\u00fcr Hotels und Studios! - RNTL Fitness","og_description":"Miete, kaufe, oder finanziere Dir f\u00fcr das Training zu Hause den Vision U60 Ergometer bei RNTL. Perfekt f\u00fcr dein Spinning Training zu Hause.","og_url":"https:\/\/rntl.ch\/fitness\/produkt\/u60-ergometer-von-vision-fitness-perfekt-fuer-hotels-und-studios\/","og_site_name":"RNTL Fitness","article_modified_time":"2025-08-28T14:49:29+00:00","og_image":[{"width":1200,"height":1200,"url":"https:\/\/rntl.ch\/fitness\/wp-content\/uploads\/sites\/3\/2023\/07\/vision-fitness-studio-ergometer-u60-upright-bike-1000-2019.jpeg","type":"image\/jpeg"}],"twitter_card":"summary_large_image","twitter_misc":{"Gesch\u00e4tzte Lesezeit":"3\u00a0Minuten"},"schema":{"@context":"https:\/\/schema.org","@graph":[{"@type":"WebPage","@id":"https:\/\/rntl.ch\/fitness\/produkt\/u60-ergometer-von-vision-fitness-perfekt-fuer-hotels-und-studios\/","url":"https:\/\/rntl.ch\/fitness\/produkt\/u60-ergometer-von-vision-fitness-perfekt-fuer-hotels-und-studios\/","name":"U60 Ergometer von Vision Fitness \u2013 Perfekt f\u00fcr Hotels und Studios! - RNTL Fitness","isPartOf":{"@id":"https:\/\/rntl.ch\/fitness\/#website"},"primaryImageOfPage":{"@id":"https:\/\/rntl.ch\/fitness\/produkt\/u60-ergometer-von-vision-fitness-perfekt-fuer-hotels-und-studios\/#primaryimage"},"image":{"@id":"https:\/\/rntl.ch\/fitness\/produkt\/u60-ergometer-von-vision-fitness-perfekt-fuer-hotels-und-studios\/#primaryimage"},"thumbnailUrl":"https:\/\/rntl.ch\/fitness\/wp-content\/uploads\/sites\/3\/2023\/07\/vision-fitness-studio-ergometer-u60-upright-bike-1000-2019.jpeg","datePublished":"2023-10-13T15:36:28+00:00","dateModified":"2025-08-28T14:49:29+00:00","description":"Miete, kaufe, oder finanziere Dir f\u00fcr das Training zu Hause den Vision U60 Ergometer bei RNTL. Perfekt f\u00fcr dein Spinning Training zu Hause.","breadcrumb":{"@id":"https:\/\/rntl.ch\/fitness\/produkt\/u60-ergometer-von-vision-fitness-perfekt-fuer-hotels-und-studios\/#breadcrumb"},"inLanguage":"de","potentialAction":[{"@type":"ReadAction","target":["https:\/\/rntl.ch\/fitness\/produkt\/u60-ergometer-von-vision-fitness-perfekt-fuer-hotels-und-studios\/"]}]},{"@type":"ImageObject","inLanguage":"de","@id":"https:\/\/rntl.ch\/fitness\/produkt\/u60-ergometer-von-vision-fitness-perfekt-fuer-hotels-und-studios\/#primaryimage","url":"https:\/\/rntl.ch\/fitness\/wp-content\/uploads\/sites\/3\/2023\/07\/vision-fitness-studio-ergometer-u60-upright-bike-1000-2019.jpeg","contentUrl":"https:\/\/rntl.ch\/fitness\/wp-content\/uploads\/sites\/3\/2023\/07\/vision-fitness-studio-ergometer-u60-upright-bike-1000-2019.jpeg","width":1200,"height":1200},{"@type":"BreadcrumbList","@id":"https:\/\/rntl.ch\/fitness\/produkt\/u60-ergometer-von-vision-fitness-perfekt-fuer-hotels-und-studios\/#breadcrumb","itemListElement":[{"@type":"ListItem","position":1,"name":"Startseite","item":"https:\/\/rntl.ch\/fitness\/"},{"@type":"ListItem","position":2,"name":"Shop","item":"https:\/\/rntl.ch\/fitness\/shop\/"},{"@type":"ListItem","position":3,"name":"U60 Ergometer von Vision Fitness \u2013 Perfekt f\u00fcr Hotels und Studios!"}]},{"@type":"WebSite","@id":"https:\/\/rntl.ch\/fitness\/#website","url":"https:\/\/rntl.ch\/fitness\/","name":"RNTL Fitness","description":"Mieten Einfach Anders","publisher":{"@id":"https:\/\/rntl.ch\/fitness\/#organization"},"potentialAction":[{"@type":"SearchAction","target":{"@type":"EntryPoint","urlTemplate":"https:\/\/rntl.ch\/fitness\/?s={search_term_string}"},"query-input":{"@type":"PropertyValueSpecification","valueRequired":true,"valueName":"search_term_string"}}],"inLanguage":"de"},{"@type":"Organization","@id":"https:\/\/rntl.ch\/fitness\/#organization","name":"RNTL Fitness","url":"https:\/\/rntl.ch\/fitness\/","logo":{"@type":"ImageObject","inLanguage":"de","@id":"https:\/\/rntl.ch\/fitness\/#\/schema\/logo\/image\/","url":"https:\/\/rntl.ch\/fitness\/wp-content\/uploads\/sites\/3\/2020\/11\/cropped-rntl_logo_white_530x150.png","contentUrl":"https:\/\/rntl.ch\/fitness\/wp-content\/uploads\/sites\/3\/2020\/11\/cropped-rntl_logo_white_530x150.png","width":530,"height":150,"caption":"RNTL Fitness"},"image":{"@id":"https:\/\/rntl.ch\/fitness\/#\/schema\/logo\/image\/"}}]}},"_links":{"self":[{"href":"https:\/\/rntl.ch\/fitness\/wp-json\/wp\/v2\/product\/24934","targetHints":{"allow":["GET"]}}],"collection":[{"href":"https:\/\/rntl.ch\/fitness\/wp-json\/wp\/v2\/product"}],"about":[{"href":"https:\/\/rntl.ch\/fitness\/wp-json\/wp\/v2\/types\/product"}],"version-history":[{"count":4,"href":"https:\/\/rntl.ch\/fitness\/wp-json\/wp\/v2\/product\/24934\/revisions"}],"predecessor-version":[{"id":27474,"href":"https:\/\/rntl.ch\/fitness\/wp-json\/wp\/v2\/product\/24934\/revisions\/27474"}],"wp:featuredmedia":[{"embeddable":true,"href":"https:\/\/rntl.ch\/fitness\/wp-json\/wp\/v2\/media\/23629"}],"wp:attachment":[{"href":"https:\/\/rntl.ch\/fitness\/wp-json\/wp\/v2\/media?parent=24934"}],"wp:term":[{"taxonomy":"product_brand","embeddable":true,"href":"https:\/\/rntl.ch\/fitness\/wp-json\/wp\/v2\/product_brand?post=24934"},{"taxonomy":"product_cat","embeddable":true,"href":"https:\/\/rntl.ch\/fitness\/wp-json\/wp\/v2\/product_cat?post=24934"},{"taxonomy":"product_tag","embeddable":true,"href":"https:\/\/rntl.ch\/fitness\/wp-json\/wp\/v2\/product_tag?post=24934"}],"curies":[{"name":"wp","href":"https:\/\/api.w.org\/{rel}","templated":true}]}}