{"id":24973,"date":"2023-10-15T13:26:16","date_gmt":"2023-10-15T11:26:16","guid":{"rendered":"https:\/\/rntl.ch\/fitness\/?post_type=product&#038;p=24973"},"modified":"2026-03-02T09:27:42","modified_gmt":"2026-03-02T08:27:42","slug":"nautilus-t626-laufband-2","status":"publish","type":"product","link":"https:\/\/rntl.ch\/fitness\/produkt\/nautilus-t626-laufband-2\/","title":{"rendered":"Nautilus T626 Laufband &#8211; Wir vermieten \u00fcbrigens auch Laufb\u00e4nder!"},"content":{"rendered":"<table>\n<tbody>\n<tr>\n<td>DC-Motor<\/td>\n<td>3 PS-Dauerleistung<\/td>\n<\/tr>\n<tr>\n<td>Lauffl\u00e4che<\/td>\n<td>152.4 x 50.8 cm<\/td>\n<\/tr>\n<tr>\n<td>Laufmatte<\/td>\n<td>zweilagig, 2 mm<\/td>\n<\/tr>\n<tr>\n<td>Laufdeck<\/td>\n<td>25 mm<\/td>\n<\/tr>\n<tr>\n<td>Laufrollen<\/td>\n<td>63.5 mm<\/td>\n<\/tr>\n<tr>\n<td>Geschwindigkeit<\/td>\n<td>0 &#8211; 20 km\/h<\/td>\n<\/tr>\n<tr>\n<td>Steigung<\/td>\n<td>0 &#8211; 15 %<\/td>\n<\/tr>\n<tr>\n<td colspan=\"2\"><\/td>\n<\/tr>\n<tr>\n<td colspan=\"2\"><b>Trainingscomputer &#8211; Nautilus Laufband T626<\/b><\/td>\n<\/tr>\n<tr>\n<td>Anzeige<\/td>\n<td>Zeit, Strecke, Geschwindigkeit, Steigung, Pace, Kalorien, Puls<\/td>\n<\/tr>\n<tr>\n<td>Anzeige der Trainingsprofile mit<\/td>\n<td>LCD<\/td>\n<\/tr>\n<tr>\n<td>Trainingsprogramme insgesamt<\/td>\n<td>26<\/td>\n<\/tr>\n<tr>\n<td>davon benutzerdefiniert<\/td>\n<td>4<\/td>\n<\/tr>\n<tr>\n<td>herzfrequenzgesteuert<\/td>\n<td>6<\/td>\n<\/tr>\n<tr>\n<td>Geschwindigkeits-Direktwahltasten<\/td>\n<td>7<\/td>\n<\/tr>\n<tr>\n<td>Steigungs-Direktwahltasten<\/td>\n<td>7<\/td>\n<\/tr>\n<tr>\n<td colspan=\"2\"><\/td>\n<\/tr>\n<tr>\n<td colspan=\"2\"><b>Ausstattung &#8211; Nautilus Laufband T626<\/b><\/td>\n<\/tr>\n<tr>\n<td>Herzfrequenzmessung<\/td>\n<td>Handpulssensoren<\/td>\n<\/tr>\n<tr>\n<td>Extras<\/td>\n<td>Transportrollen, Ventilator, Inkl. PC-Interface<\/td>\n<\/tr>\n<\/tbody>\n<\/table>\n","protected":false},"excerpt":{"rendered":"<p>Das Nautilus\u00a0T626 Laufband der Spitzenklasse wertet das Training mit einem ergonomischen Design auf, das den Aufprall minimiert und den Komfort maximiert. 26 Trainingsprogramme, eine voll ausgestattete Konsole und die Bluetooth<sup>\u00ae<\/sup> Verbindung machen es leicht, Trainingsdaten zu synchronisieren und Kilometer f\u00fcr Kilometer gut unterhalten zu bleiben.<\/p>\n<p><span style=\"font-weight: 400;\">[rntl_page_content id=\"19556\"]<\/span><\/p>\n","protected":false},"featured_media":24487,"template":"","meta":{"content-type":""},"product_brand":[170],"product_cat":[28],"product_tag":[26,107],"class_list":{"0":"post-24973","1":"product","2":"type-product","3":"status-publish","4":"has-post-thumbnail","6":"product_brand-nautilus","7":"product_cat-laufbaender","8":"product_tag-kaufen","9":"product_tag-kaufen-neu","10":"product_shipping_class-schwer","11":"tm-no-options","13":"first","14":"instock","15":"sale","16":"taxable","17":"shipping-taxable","18":"purchasable","19":"product-type-simple"},"yoast_head":"<!-- This site is optimized with the Yoast SEO plugin v26.3 - https:\/\/yoast.com\/wordpress\/plugins\/seo\/ -->\n<title>Nautilus T626 Laufband - Wir vermieten \u00fcbrigens auch Laufb\u00e4nder! - RNTL Fitness<\/title>\n<meta name=\"description\" content=\"Miete, kaufe, oder finanziere f\u00fcr das Ausdauertraining zu Hause das Nautilus T626 Laufband bei RNTL f\u00fcr ein optimales Lauftraining.\" \/>\n<meta name=\"robots\" content=\"index, follow, max-snippet:-1, max-image-preview:large, max-video-preview:-1\" \/>\n<link rel=\"canonical\" href=\"https:\/\/rntl.ch\/fitness\/produkt\/nautilus-t626-laufband-2\/\" \/>\n<meta property=\"og:locale\" content=\"de_DE\" \/>\n<meta property=\"og:type\" content=\"article\" \/>\n<meta property=\"og:title\" content=\"Nautilus T626 Laufband - Wir vermieten \u00fcbrigens auch Laufb\u00e4nder! - RNTL Fitness\" \/>\n<meta property=\"og:description\" content=\"Miete, kaufe, oder finanziere f\u00fcr das Ausdauertraining zu Hause das Nautilus T626 Laufband bei RNTL f\u00fcr ein optimales Lauftraining.\" \/>\n<meta property=\"og:url\" content=\"https:\/\/rntl.ch\/fitness\/produkt\/nautilus-t626-laufband-2\/\" \/>\n<meta property=\"og:site_name\" content=\"RNTL Fitness\" \/>\n<meta property=\"article:modified_time\" content=\"2026-03-02T08:27:42+00:00\" \/>\n<meta property=\"og:image\" content=\"https:\/\/rntl.ch\/fitness\/wp-content\/uploads\/sites\/3\/2022\/08\/1-copy.png\" \/>\n\t<meta property=\"og:image:width\" content=\"800\" \/>\n\t<meta property=\"og:image:height\" content=\"800\" \/>\n\t<meta property=\"og:image:type\" content=\"image\/png\" \/>\n<meta name=\"twitter:card\" content=\"summary_large_image\" \/>\n<meta name=\"twitter:label1\" content=\"Gesch\u00e4tzte Lesezeit\" \/>\n\t<meta name=\"twitter:data1\" content=\"1\u00a0Minute\" \/>\n<script type=\"application\/ld+json\" class=\"yoast-schema-graph\">{\"@context\":\"https:\/\/schema.org\",\"@graph\":[{\"@type\":\"WebPage\",\"@id\":\"https:\/\/rntl.ch\/fitness\/produkt\/nautilus-t626-laufband-2\/\",\"url\":\"https:\/\/rntl.ch\/fitness\/produkt\/nautilus-t626-laufband-2\/\",\"name\":\"Nautilus T626 Laufband - Wir vermieten \u00fcbrigens auch Laufb\u00e4nder! - RNTL Fitness\",\"isPartOf\":{\"@id\":\"https:\/\/rntl.ch\/fitness\/#website\"},\"primaryImageOfPage\":{\"@id\":\"https:\/\/rntl.ch\/fitness\/produkt\/nautilus-t626-laufband-2\/#primaryimage\"},\"image\":{\"@id\":\"https:\/\/rntl.ch\/fitness\/produkt\/nautilus-t626-laufband-2\/#primaryimage\"},\"thumbnailUrl\":\"https:\/\/rntl.ch\/fitness\/wp-content\/uploads\/sites\/3\/2022\/08\/1-copy.png\",\"datePublished\":\"2023-10-15T11:26:16+00:00\",\"dateModified\":\"2026-03-02T08:27:42+00:00\",\"description\":\"Miete, kaufe, oder finanziere f\u00fcr das Ausdauertraining zu Hause das Nautilus T626 Laufband bei RNTL f\u00fcr ein optimales Lauftraining.\",\"breadcrumb\":{\"@id\":\"https:\/\/rntl.ch\/fitness\/produkt\/nautilus-t626-laufband-2\/#breadcrumb\"},\"inLanguage\":\"de\",\"potentialAction\":[{\"@type\":\"ReadAction\",\"target\":[\"https:\/\/rntl.ch\/fitness\/produkt\/nautilus-t626-laufband-2\/\"]}]},{\"@type\":\"ImageObject\",\"inLanguage\":\"de\",\"@id\":\"https:\/\/rntl.ch\/fitness\/produkt\/nautilus-t626-laufband-2\/#primaryimage\",\"url\":\"https:\/\/rntl.ch\/fitness\/wp-content\/uploads\/sites\/3\/2022\/08\/1-copy.png\",\"contentUrl\":\"https:\/\/rntl.ch\/fitness\/wp-content\/uploads\/sites\/3\/2022\/08\/1-copy.png\",\"width\":800,\"height\":800},{\"@type\":\"BreadcrumbList\",\"@id\":\"https:\/\/rntl.ch\/fitness\/produkt\/nautilus-t626-laufband-2\/#breadcrumb\",\"itemListElement\":[{\"@type\":\"ListItem\",\"position\":1,\"name\":\"Startseite\",\"item\":\"https:\/\/rntl.ch\/fitness\/\"},{\"@type\":\"ListItem\",\"position\":2,\"name\":\"Shop\",\"item\":\"https:\/\/rntl.ch\/fitness\/shop\/\"},{\"@type\":\"ListItem\",\"position\":3,\"name\":\"Nautilus T626 Laufband &#8211; Wir vermieten \u00fcbrigens auch Laufb\u00e4nder!\"}]},{\"@type\":\"WebSite\",\"@id\":\"https:\/\/rntl.ch\/fitness\/#website\",\"url\":\"https:\/\/rntl.ch\/fitness\/\",\"name\":\"RNTL Fitness\",\"description\":\"Mieten Einfach Anders\",\"publisher\":{\"@id\":\"https:\/\/rntl.ch\/fitness\/#organization\"},\"potentialAction\":[{\"@type\":\"SearchAction\",\"target\":{\"@type\":\"EntryPoint\",\"urlTemplate\":\"https:\/\/rntl.ch\/fitness\/?s={search_term_string}\"},\"query-input\":{\"@type\":\"PropertyValueSpecification\",\"valueRequired\":true,\"valueName\":\"search_term_string\"}}],\"inLanguage\":\"de\"},{\"@type\":\"Organization\",\"@id\":\"https:\/\/rntl.ch\/fitness\/#organization\",\"name\":\"RNTL Fitness\",\"url\":\"https:\/\/rntl.ch\/fitness\/\",\"logo\":{\"@type\":\"ImageObject\",\"inLanguage\":\"de\",\"@id\":\"https:\/\/rntl.ch\/fitness\/#\/schema\/logo\/image\/\",\"url\":\"https:\/\/rntl.ch\/fitness\/wp-content\/uploads\/sites\/3\/2020\/11\/cropped-rntl_logo_white_530x150.png\",\"contentUrl\":\"https:\/\/rntl.ch\/fitness\/wp-content\/uploads\/sites\/3\/2020\/11\/cropped-rntl_logo_white_530x150.png\",\"width\":530,\"height\":150,\"caption\":\"RNTL Fitness\"},\"image\":{\"@id\":\"https:\/\/rntl.ch\/fitness\/#\/schema\/logo\/image\/\"}}]}<\/script>\n<!-- \/ Yoast SEO plugin. -->","yoast_head_json":{"title":"Nautilus T626 Laufband - Wir vermieten \u00fcbrigens auch Laufb\u00e4nder! - RNTL Fitness","description":"Miete, kaufe, oder finanziere f\u00fcr das Ausdauertraining zu Hause das Nautilus T626 Laufband bei RNTL f\u00fcr ein optimales Lauftraining.","robots":{"index":"index","follow":"follow","max-snippet":"max-snippet:-1","max-image-preview":"max-image-preview:large","max-video-preview":"max-video-preview:-1"},"canonical":"https:\/\/rntl.ch\/fitness\/produkt\/nautilus-t626-laufband-2\/","og_locale":"de_DE","og_type":"article","og_title":"Nautilus T626 Laufband - Wir vermieten \u00fcbrigens auch Laufb\u00e4nder! - RNTL Fitness","og_description":"Miete, kaufe, oder finanziere f\u00fcr das Ausdauertraining zu Hause das Nautilus T626 Laufband bei RNTL f\u00fcr ein optimales Lauftraining.","og_url":"https:\/\/rntl.ch\/fitness\/produkt\/nautilus-t626-laufband-2\/","og_site_name":"RNTL Fitness","article_modified_time":"2026-03-02T08:27:42+00:00","og_image":[{"width":800,"height":800,"url":"https:\/\/rntl.ch\/fitness\/wp-content\/uploads\/sites\/3\/2022\/08\/1-copy.png","type":"image\/png"}],"twitter_card":"summary_large_image","twitter_misc":{"Gesch\u00e4tzte Lesezeit":"1\u00a0Minute"},"schema":{"@context":"https:\/\/schema.org","@graph":[{"@type":"WebPage","@id":"https:\/\/rntl.ch\/fitness\/produkt\/nautilus-t626-laufband-2\/","url":"https:\/\/rntl.ch\/fitness\/produkt\/nautilus-t626-laufband-2\/","name":"Nautilus T626 Laufband - Wir vermieten \u00fcbrigens auch Laufb\u00e4nder! - RNTL Fitness","isPartOf":{"@id":"https:\/\/rntl.ch\/fitness\/#website"},"primaryImageOfPage":{"@id":"https:\/\/rntl.ch\/fitness\/produkt\/nautilus-t626-laufband-2\/#primaryimage"},"image":{"@id":"https:\/\/rntl.ch\/fitness\/produkt\/nautilus-t626-laufband-2\/#primaryimage"},"thumbnailUrl":"https:\/\/rntl.ch\/fitness\/wp-content\/uploads\/sites\/3\/2022\/08\/1-copy.png","datePublished":"2023-10-15T11:26:16+00:00","dateModified":"2026-03-02T08:27:42+00:00","description":"Miete, kaufe, oder finanziere f\u00fcr das Ausdauertraining zu Hause das Nautilus T626 Laufband bei RNTL f\u00fcr ein optimales Lauftraining.","breadcrumb":{"@id":"https:\/\/rntl.ch\/fitness\/produkt\/nautilus-t626-laufband-2\/#breadcrumb"},"inLanguage":"de","potentialAction":[{"@type":"ReadAction","target":["https:\/\/rntl.ch\/fitness\/produkt\/nautilus-t626-laufband-2\/"]}]},{"@type":"ImageObject","inLanguage":"de","@id":"https:\/\/rntl.ch\/fitness\/produkt\/nautilus-t626-laufband-2\/#primaryimage","url":"https:\/\/rntl.ch\/fitness\/wp-content\/uploads\/sites\/3\/2022\/08\/1-copy.png","contentUrl":"https:\/\/rntl.ch\/fitness\/wp-content\/uploads\/sites\/3\/2022\/08\/1-copy.png","width":800,"height":800},{"@type":"BreadcrumbList","@id":"https:\/\/rntl.ch\/fitness\/produkt\/nautilus-t626-laufband-2\/#breadcrumb","itemListElement":[{"@type":"ListItem","position":1,"name":"Startseite","item":"https:\/\/rntl.ch\/fitness\/"},{"@type":"ListItem","position":2,"name":"Shop","item":"https:\/\/rntl.ch\/fitness\/shop\/"},{"@type":"ListItem","position":3,"name":"Nautilus T626 Laufband &#8211; Wir vermieten \u00fcbrigens auch Laufb\u00e4nder!"}]},{"@type":"WebSite","@id":"https:\/\/rntl.ch\/fitness\/#website","url":"https:\/\/rntl.ch\/fitness\/","name":"RNTL Fitness","description":"Mieten Einfach Anders","publisher":{"@id":"https:\/\/rntl.ch\/fitness\/#organization"},"potentialAction":[{"@type":"SearchAction","target":{"@type":"EntryPoint","urlTemplate":"https:\/\/rntl.ch\/fitness\/?s={search_term_string}"},"query-input":{"@type":"PropertyValueSpecification","valueRequired":true,"valueName":"search_term_string"}}],"inLanguage":"de"},{"@type":"Organization","@id":"https:\/\/rntl.ch\/fitness\/#organization","name":"RNTL Fitness","url":"https:\/\/rntl.ch\/fitness\/","logo":{"@type":"ImageObject","inLanguage":"de","@id":"https:\/\/rntl.ch\/fitness\/#\/schema\/logo\/image\/","url":"https:\/\/rntl.ch\/fitness\/wp-content\/uploads\/sites\/3\/2020\/11\/cropped-rntl_logo_white_530x150.png","contentUrl":"https:\/\/rntl.ch\/fitness\/wp-content\/uploads\/sites\/3\/2020\/11\/cropped-rntl_logo_white_530x150.png","width":530,"height":150,"caption":"RNTL Fitness"},"image":{"@id":"https:\/\/rntl.ch\/fitness\/#\/schema\/logo\/image\/"}}]}},"_links":{"self":[{"href":"https:\/\/rntl.ch\/fitness\/wp-json\/wp\/v2\/product\/24973","targetHints":{"allow":["GET"]}}],"collection":[{"href":"https:\/\/rntl.ch\/fitness\/wp-json\/wp\/v2\/product"}],"about":[{"href":"https:\/\/rntl.ch\/fitness\/wp-json\/wp\/v2\/types\/product"}],"version-history":[{"count":2,"href":"https:\/\/rntl.ch\/fitness\/wp-json\/wp\/v2\/product\/24973\/revisions"}],"predecessor-version":[{"id":36326,"href":"https:\/\/rntl.ch\/fitness\/wp-json\/wp\/v2\/product\/24973\/revisions\/36326"}],"wp:featuredmedia":[{"embeddable":true,"href":"https:\/\/rntl.ch\/fitness\/wp-json\/wp\/v2\/media\/24487"}],"wp:attachment":[{"href":"https:\/\/rntl.ch\/fitness\/wp-json\/wp\/v2\/media?parent=24973"}],"wp:term":[{"taxonomy":"product_brand","embeddable":true,"href":"https:\/\/rntl.ch\/fitness\/wp-json\/wp\/v2\/product_brand?post=24973"},{"taxonomy":"product_cat","embeddable":true,"href":"https:\/\/rntl.ch\/fitness\/wp-json\/wp\/v2\/product_cat?post=24973"},{"taxonomy":"product_tag","embeddable":true,"href":"https:\/\/rntl.ch\/fitness\/wp-json\/wp\/v2\/product_tag?post=24973"}],"curies":[{"name":"wp","href":"https:\/\/api.w.org\/{rel}","templated":true}]}}