{"id":25090,"date":"2023-10-23T15:52:47","date_gmt":"2023-10-23T13:52:47","guid":{"rendered":"https:\/\/rntl.ch\/fitness\/?post_type=product&#038;p=25090"},"modified":"2025-11-06T14:17:33","modified_gmt":"2025-11-06T13:17:33","slug":"kettler-hoi-ride-2","status":"publish","type":"product","link":"https:\/\/rntl.ch\/fitness\/produkt\/kettler-hoi-ride-2\/","title":{"rendered":"Kettler HOI RIDE+"},"content":{"rendered":"<ul>\n<li>Induktionsbremssystem mit bis zu 350 Watt Spitzenleistung in 20 Stufen (manuell) oder 25-250 Watt in 5-Watt-Schritten (automatisch) w\u00e4hlbar<\/li>\n<\/ul>\n<ul class=\"is-style-default\">\n<li>20 Trainingsprogramme, interaktives Training mit Apps und Verbindung mit HF-Brustgurt via Bluetooth und ANT+ m\u00f6glich<\/li>\n<li>Du m\u00f6chtest deine Fitness verbessern, ohne stundenlange eint\u00f6nige Trainingseinheiten absolvieren zu m\u00fcssen? Dann ist der HOI RIDE+ genau das richtige Fitnessger\u00e4t. 20 verschiedene Trainingsprogramme, eine Spitzenleistung von bis zu 350 Watt im MANU-Modus (Leistung in 20 Stufen w\u00e4hlbar) und 250 WATT im AUTO-Modus (Leistung in 5-Watt-Schritten w\u00e4hlbar von 25-250 Watt) sorgen f\u00fcr reichlich Abwechslung.Das LCD-Display gibt dir w\u00e4hrend einer jeden Trainingseinheit einen umfassenden \u00dcberblick \u00fcber die wichtigsten Trainingsdaten. Zus\u00e4tzlich kannst du deine Trainingsdaten dank Bluetooth und ANT+ auch mit ausgew\u00e4hlten Wearables und Smartwatches tracken.\n<p>Ein individuell einstellbarer Sattel und Lenker, Pedale mit verstellbaren Riemen, ein Smartphone- und Tablethalter sowie ein praktischer Flaschenhalter sorgen daf\u00fcr, dass du auch auf den \u00fcblichen Komfort nicht verzichten musst. Der HOI RIDE+ ist das perfekte Modell f\u00fcr ein komfortables und gezieltes Fitnesstraining.<\/li>\n<li><span class=\"text size-smaller weight-medium\">BREMSE: <\/span><span class=\"text size-smaller\">Induktionsbremssystem<\/span><\/li>\n<li><span class=\"text size-smaller weight-medium\">SCHWUNGMASSE: <\/span><span class=\"text size-smaller\">10 kg<\/span>\n<div class=\"kettler-product-info-col\">\n<div class=\"kettler-product-info-attribute\"><span class=\"text size-smaller weight-medium\">ANZAHL TRAININGSPROGRAMME: <\/span><span class=\"text size-smaller\">15, beliebig erweiterbar durch Konfigurator<\/span><\/div>\n<\/div>\n<div class=\"kettler-product-info-col\">\n<div class=\"kettler-product-info-attribute\"><span class=\"text size-smaller weight-medium\">SPITZENLEISTUNG (WATT): <\/span><span class=\"text size-smaller\">400<\/span><\/div>\n<\/div>\n<div class=\"kettler-product-info-col\">\n<div class=\"kettler-product-info-attribute\"><span class=\"text size-smaller weight-medium\">LEISTUNGSPARAMETER: <\/span><span class=\"text size-smaller\">Geschwindigkeit, Kalorien, Puls, RPM, Strecke, Trainingszeit, Watt<\/span><\/div>\n<\/div>\n<div class=\"kettler-product-info-col\">\n<div class=\"kettler-product-info-attribute\"><span class=\"text size-smaller weight-medium\">HERZFREQUENZ-PROGRAMM: <\/span><span class=\"text size-smaller\">Ja<\/span><\/div>\n<\/div>\n<div class=\"kettler-product-info-col\">\n<div class=\"kettler-product-info-attribute\"><span class=\"text size-smaller weight-medium\">SMARTPHONE-\/TABLET-HALTER: <\/span><span class=\"text size-smaller\">Ja<\/span><\/div>\n<\/div>\n<div class=\"kettler-product-info-col\">\n<div class=\"kettler-product-info-attribute\"><span class=\"text size-smaller weight-medium\">BLUETOOTH: <\/span><span class=\"text size-smaller\">Ja, Kinomap App<\/span><\/div>\n<\/div>\n<div class=\"kettler-product-info-col\">\n<div class=\"kettler-product-info-attribute\"><span class=\"text size-smaller weight-medium\">TRANSPORTROLLEN: <\/span><span class=\"text size-smaller\">Ja<\/span><\/div>\n<\/div>\n<div class=\"kettler-product-info-col\">\n<div class=\"kettler-product-info-attribute\"><span class=\"text size-smaller weight-medium\">GEEIGNETE K\u00d6RPERGR\u00d6SSE: <\/span><span class=\"text size-smaller\">1,55m &#8211; 1,95m<\/span><\/div>\n<\/div>\n<div class=\"kettler-product-info-col\">\n<div class=\"kettler-product-info-attribute\"><span class=\"text size-smaller weight-medium\">MAXIMALE GEWICHTSBELASTUNG: <\/span><span class=\"text size-smaller\">150 kg<\/span><\/div>\n<\/div>\n<div class=\"kettler-product-info-col\"><\/div>\n<div class=\"kettler-product-info-col\">\n<div class=\"kettler-product-info-attribute\"><span class=\"text size-smaller weight-medium\">ANZAHL NUTZERPROFILE: <\/span><span class=\"text size-smaller\">4 + Gast<\/span><\/div>\n<\/div>\n<div class=\"kettler-product-info-col\">\n<div class=\"kettler-product-info-attribute\"><span class=\"text size-smaller weight-medium\">TYP DES COMPUTERS: <\/span><span class=\"text size-smaller\">Premium Plus<\/span><\/div>\n<\/div>\n<div class=\"kettler-product-info-col\">\n<div class=\"kettler-product-info-attribute\"><span class=\"text size-smaller weight-medium\">GTIN: <\/span><span class=\"text size-smaller\">7640119481449<\/span><\/div>\n<\/div>\n<div class=\"kettler-product-info-col\">\n<div class=\"kettler-product-info-attribute\"><span class=\"text size-smaller weight-medium\">H\u00d6HENKOMPENSATION: <\/span><span class=\"text size-smaller\">Ja<\/span><\/div>\n<\/div>\n<div class=\"kettler-product-info-col\">\n<div class=\"kettler-product-info-attribute\"><span class=\"text size-smaller weight-medium\">LENKER: <\/span><span class=\"text size-smaller\">ergonomischer Multipositionslenker<\/span><\/div>\n<\/div>\n<div class=\"kettler-product-info-col\">\n<div class=\"kettler-product-info-attribute\"><span class=\"text size-smaller weight-medium\">PEDALEN: <\/span><span class=\"text size-smaller\">Schwerpunktriemenpedalen<\/span><\/div>\n<\/div>\n<div class=\"kettler-product-info-col\">\n<div class=\"kettler-product-info-attribute\"><span class=\"text size-smaller weight-medium\">WIDERSTANDSSTUFEN: <\/span><span class=\"text size-smaller\">25 &#8211; 400 Watt (in 5-Watt-Schritten)<\/span><\/div>\n<\/div>\n<div class=\"kettler-product-info-col\">\n<div class=\"kettler-product-info-attribute\"><span class=\"text size-smaller weight-medium\">TRAININGSMODI: <\/span><span class=\"text size-smaller\">automatisch (Drehzahlunabh\u00e4ngig), manuell (Drehzahlabh\u00e4ngig)<\/span><\/div>\n<\/div>\n<div class=\"kettler-product-info-col\">\n<div class=\"kettler-product-info-attribute\"><span class=\"text size-smaller weight-medium\">TRAININGSGEF\u00dcHL: <\/span><span class=\"text size-smaller\">Premium Plus<\/span><\/div>\n<\/div>\n<div class=\"kettler-product-info-col\">\n<div class=\"kettler-product-info-attribute\"><span class=\"text size-smaller weight-medium\">TIEFER EINSTIEG: <\/span><span class=\"text size-smaller\">Ja<\/span><\/div>\n<\/div>\n<div class=\"kettler-product-info-col\">\n<div class=\"kettler-product-info-attribute\"><span class=\"text size-smaller weight-medium\">THERAPEUTISCHES TRAINING: <\/span><span class=\"text size-smaller\">Ja<\/span><\/div>\n<\/div>\n<div class=\"kettler-product-info-col\">\n<div class=\"kettler-product-info-attribute\"><span class=\"text size-smaller weight-medium\">STROMVERSORGUNG: <\/span><span class=\"text size-smaller\">Netzanschluss (230 V)<\/span><\/div>\n<\/div>\n<div class=\"kettler-product-info-col\">\n<div class=\"kettler-product-info-attribute\"><span class=\"text size-smaller weight-medium\">SPRACHEN: <\/span><span class=\"text size-smaller\">DE, EN, FR, IT, NL, PL, RUS<\/span><\/div>\n<\/div>\n<div class=\"kettler-product-info-col\">\n<div class=\"kettler-product-info-attribute\"><span class=\"text size-smaller weight-medium\">SPEZIELLE TRAININGSFORMEN: <\/span><span class=\"text size-smaller\">Challenge Training, Erholungspulsmessung mit Fitnessnote (Recovery Test), HIT Training, IPN Coaching<\/span><\/div>\n<\/div>\n<div class=\"kettler-product-info-col\">\n<div class=\"kettler-product-info-attribute\"><span class=\"text size-smaller weight-medium\">SATTEL: <\/span><span class=\"text size-smaller\">komfortabler Fitnesssattel (horizontal, vertikal und in der Neigung verstellbar)<\/span><\/div>\n<\/div>\n<div class=\"kettler-product-info-col\">\n<div class=\"kettler-product-info-attribute\"><span class=\"text size-smaller weight-medium\">PULSMESSUNG: <\/span><span class=\"text size-smaller\">Brustgurt optional, Handpulssensoren inklusive<\/span><\/div>\n<\/div>\n<div class=\"kettler-product-info-col\">\n<div class=\"kettler-product-info-attribute\"><span class=\"text size-smaller weight-medium\">TRAININGSCOMPUTER: <\/span><span class=\"text size-smaller\">155 x 86 mm TFT Farbdisplay<\/span><\/div>\n<\/div>\n<div class=\"kettler-product-info-col\">\n<div class=\"kettler-product-info-attribute\"><\/div>\n<div><\/div>\n<\/div>\n<div class=\"kettler-product-info-col\"><\/div>\n<div class=\"kettler-product-info-col\">\n<div><\/div>\n<\/div>\n<\/li>\n<\/ul>\n","protected":false},"excerpt":{"rendered":"<p>Das perfekte Modell f\u00fcr dein gezieltes Fitnesstraining<\/p>\n<p><strong>Kaufpreis [woo_custom_field id=\"rntl_retail_price_field\"].-<\/strong><\/p>\n[rntl_page_content id=\"14687\"]\n<div class=\"woocommerce-product-details__short-description\">\n<p>&nbsp;<\/p>\n<\/div>\n","protected":false},"featured_media":25256,"template":"","meta":{"content-type":""},"product_brand":[155],"product_cat":[25],"product_tag":[112],"class_list":{"0":"post-25090","1":"product","2":"type-product","3":"status-publish","4":"has-post-thumbnail","6":"product_brand-kettler","7":"product_cat-hometrainer","8":"product_tag-mieten","9":"product_shipping_class-leicht","10":"tm-no-options","12":"first","13":"instock","14":"taxable","15":"shipping-taxable","16":"purchasable","17":"product-type-variable-subscription","18":"has-default-attributes"},"yoast_head":"<!-- This site is optimized with the Yoast SEO plugin v26.3 - https:\/\/yoast.com\/wordpress\/plugins\/seo\/ -->\n<title>Kettler HOI RIDE+ - RNTL Fitness<\/title>\n<meta name=\"description\" content=\"Miete, kaufe, oder finanziere f\u00fcr das Spinning Training zu Hause den HOI RIDE+ bei RNTL. Perfekt f\u00fcr dein Spinning Training zu Hause.\" \/>\n<meta name=\"robots\" content=\"index, follow, max-snippet:-1, max-image-preview:large, max-video-preview:-1\" \/>\n<link rel=\"canonical\" href=\"https:\/\/rntl.ch\/fitness\/produkt\/kettler-hoi-ride-2\/\" \/>\n<meta property=\"og:locale\" content=\"de_DE\" \/>\n<meta property=\"og:type\" content=\"article\" \/>\n<meta property=\"og:title\" content=\"Kettler HOI RIDE+ - RNTL Fitness\" \/>\n<meta property=\"og:description\" content=\"Miete, kaufe, oder finanziere f\u00fcr das Spinning Training zu Hause den HOI RIDE+ bei RNTL. Perfekt f\u00fcr dein Spinning Training zu Hause.\" \/>\n<meta property=\"og:url\" content=\"https:\/\/rntl.ch\/fitness\/produkt\/kettler-hoi-ride-2\/\" \/>\n<meta property=\"og:site_name\" content=\"RNTL Fitness\" \/>\n<meta property=\"article:modified_time\" content=\"2025-11-06T13:17:33+00:00\" \/>\n<meta property=\"og:image\" content=\"https:\/\/rntl.ch\/fitness\/wp-content\/uploads\/sites\/3\/2023\/10\/hoi-ride-plus-blueberry-green-produktbild.jpg\" \/>\n\t<meta property=\"og:image:width\" content=\"800\" \/>\n\t<meta property=\"og:image:height\" content=\"800\" \/>\n\t<meta property=\"og:image:type\" content=\"image\/jpeg\" \/>\n<meta name=\"twitter:card\" content=\"summary_large_image\" \/>\n<meta name=\"twitter:label1\" content=\"Gesch\u00e4tzte Lesezeit\" \/>\n\t<meta name=\"twitter:data1\" content=\"2\u00a0Minuten\" \/>\n<script type=\"application\/ld+json\" class=\"yoast-schema-graph\">{\"@context\":\"https:\/\/schema.org\",\"@graph\":[{\"@type\":\"WebPage\",\"@id\":\"https:\/\/rntl.ch\/fitness\/produkt\/kettler-hoi-ride-2\/\",\"url\":\"https:\/\/rntl.ch\/fitness\/produkt\/kettler-hoi-ride-2\/\",\"name\":\"Kettler HOI RIDE+ - RNTL Fitness\",\"isPartOf\":{\"@id\":\"https:\/\/rntl.ch\/fitness\/#website\"},\"primaryImageOfPage\":{\"@id\":\"https:\/\/rntl.ch\/fitness\/produkt\/kettler-hoi-ride-2\/#primaryimage\"},\"image\":{\"@id\":\"https:\/\/rntl.ch\/fitness\/produkt\/kettler-hoi-ride-2\/#primaryimage\"},\"thumbnailUrl\":\"https:\/\/rntl.ch\/fitness\/wp-content\/uploads\/sites\/3\/2023\/10\/hoi-ride-plus-blueberry-green-produktbild.jpg\",\"datePublished\":\"2023-10-23T13:52:47+00:00\",\"dateModified\":\"2025-11-06T13:17:33+00:00\",\"description\":\"Miete, kaufe, oder finanziere f\u00fcr das Spinning Training zu Hause den HOI RIDE+ bei RNTL. Perfekt f\u00fcr dein Spinning Training zu Hause.\",\"breadcrumb\":{\"@id\":\"https:\/\/rntl.ch\/fitness\/produkt\/kettler-hoi-ride-2\/#breadcrumb\"},\"inLanguage\":\"de\",\"potentialAction\":[{\"@type\":\"ReadAction\",\"target\":[\"https:\/\/rntl.ch\/fitness\/produkt\/kettler-hoi-ride-2\/\"]}]},{\"@type\":\"ImageObject\",\"inLanguage\":\"de\",\"@id\":\"https:\/\/rntl.ch\/fitness\/produkt\/kettler-hoi-ride-2\/#primaryimage\",\"url\":\"https:\/\/rntl.ch\/fitness\/wp-content\/uploads\/sites\/3\/2023\/10\/hoi-ride-plus-blueberry-green-produktbild.jpg\",\"contentUrl\":\"https:\/\/rntl.ch\/fitness\/wp-content\/uploads\/sites\/3\/2023\/10\/hoi-ride-plus-blueberry-green-produktbild.jpg\",\"width\":800,\"height\":800},{\"@type\":\"BreadcrumbList\",\"@id\":\"https:\/\/rntl.ch\/fitness\/produkt\/kettler-hoi-ride-2\/#breadcrumb\",\"itemListElement\":[{\"@type\":\"ListItem\",\"position\":1,\"name\":\"Startseite\",\"item\":\"https:\/\/rntl.ch\/fitness\/\"},{\"@type\":\"ListItem\",\"position\":2,\"name\":\"Shop\",\"item\":\"https:\/\/rntl.ch\/fitness\/shop\/\"},{\"@type\":\"ListItem\",\"position\":3,\"name\":\"Kettler HOI RIDE+\"}]},{\"@type\":\"WebSite\",\"@id\":\"https:\/\/rntl.ch\/fitness\/#website\",\"url\":\"https:\/\/rntl.ch\/fitness\/\",\"name\":\"RNTL Fitness\",\"description\":\"Mieten Einfach Anders\",\"publisher\":{\"@id\":\"https:\/\/rntl.ch\/fitness\/#organization\"},\"potentialAction\":[{\"@type\":\"SearchAction\",\"target\":{\"@type\":\"EntryPoint\",\"urlTemplate\":\"https:\/\/rntl.ch\/fitness\/?s={search_term_string}\"},\"query-input\":{\"@type\":\"PropertyValueSpecification\",\"valueRequired\":true,\"valueName\":\"search_term_string\"}}],\"inLanguage\":\"de\"},{\"@type\":\"Organization\",\"@id\":\"https:\/\/rntl.ch\/fitness\/#organization\",\"name\":\"RNTL Fitness\",\"url\":\"https:\/\/rntl.ch\/fitness\/\",\"logo\":{\"@type\":\"ImageObject\",\"inLanguage\":\"de\",\"@id\":\"https:\/\/rntl.ch\/fitness\/#\/schema\/logo\/image\/\",\"url\":\"https:\/\/rntl.ch\/fitness\/wp-content\/uploads\/sites\/3\/2020\/11\/cropped-rntl_logo_white_530x150.png\",\"contentUrl\":\"https:\/\/rntl.ch\/fitness\/wp-content\/uploads\/sites\/3\/2020\/11\/cropped-rntl_logo_white_530x150.png\",\"width\":530,\"height\":150,\"caption\":\"RNTL Fitness\"},\"image\":{\"@id\":\"https:\/\/rntl.ch\/fitness\/#\/schema\/logo\/image\/\"}}]}<\/script>\n<!-- \/ Yoast SEO plugin. -->","yoast_head_json":{"title":"Kettler HOI RIDE+ - RNTL Fitness","description":"Miete, kaufe, oder finanziere f\u00fcr das Spinning Training zu Hause den HOI RIDE+ bei RNTL. Perfekt f\u00fcr dein Spinning Training zu Hause.","robots":{"index":"index","follow":"follow","max-snippet":"max-snippet:-1","max-image-preview":"max-image-preview:large","max-video-preview":"max-video-preview:-1"},"canonical":"https:\/\/rntl.ch\/fitness\/produkt\/kettler-hoi-ride-2\/","og_locale":"de_DE","og_type":"article","og_title":"Kettler HOI RIDE+ - RNTL Fitness","og_description":"Miete, kaufe, oder finanziere f\u00fcr das Spinning Training zu Hause den HOI RIDE+ bei RNTL. Perfekt f\u00fcr dein Spinning Training zu Hause.","og_url":"https:\/\/rntl.ch\/fitness\/produkt\/kettler-hoi-ride-2\/","og_site_name":"RNTL Fitness","article_modified_time":"2025-11-06T13:17:33+00:00","og_image":[{"width":800,"height":800,"url":"https:\/\/rntl.ch\/fitness\/wp-content\/uploads\/sites\/3\/2023\/10\/hoi-ride-plus-blueberry-green-produktbild.jpg","type":"image\/jpeg"}],"twitter_card":"summary_large_image","twitter_misc":{"Gesch\u00e4tzte Lesezeit":"2\u00a0Minuten"},"schema":{"@context":"https:\/\/schema.org","@graph":[{"@type":"WebPage","@id":"https:\/\/rntl.ch\/fitness\/produkt\/kettler-hoi-ride-2\/","url":"https:\/\/rntl.ch\/fitness\/produkt\/kettler-hoi-ride-2\/","name":"Kettler HOI RIDE+ - RNTL Fitness","isPartOf":{"@id":"https:\/\/rntl.ch\/fitness\/#website"},"primaryImageOfPage":{"@id":"https:\/\/rntl.ch\/fitness\/produkt\/kettler-hoi-ride-2\/#primaryimage"},"image":{"@id":"https:\/\/rntl.ch\/fitness\/produkt\/kettler-hoi-ride-2\/#primaryimage"},"thumbnailUrl":"https:\/\/rntl.ch\/fitness\/wp-content\/uploads\/sites\/3\/2023\/10\/hoi-ride-plus-blueberry-green-produktbild.jpg","datePublished":"2023-10-23T13:52:47+00:00","dateModified":"2025-11-06T13:17:33+00:00","description":"Miete, kaufe, oder finanziere f\u00fcr das Spinning Training zu Hause den HOI RIDE+ bei RNTL. Perfekt f\u00fcr dein Spinning Training zu Hause.","breadcrumb":{"@id":"https:\/\/rntl.ch\/fitness\/produkt\/kettler-hoi-ride-2\/#breadcrumb"},"inLanguage":"de","potentialAction":[{"@type":"ReadAction","target":["https:\/\/rntl.ch\/fitness\/produkt\/kettler-hoi-ride-2\/"]}]},{"@type":"ImageObject","inLanguage":"de","@id":"https:\/\/rntl.ch\/fitness\/produkt\/kettler-hoi-ride-2\/#primaryimage","url":"https:\/\/rntl.ch\/fitness\/wp-content\/uploads\/sites\/3\/2023\/10\/hoi-ride-plus-blueberry-green-produktbild.jpg","contentUrl":"https:\/\/rntl.ch\/fitness\/wp-content\/uploads\/sites\/3\/2023\/10\/hoi-ride-plus-blueberry-green-produktbild.jpg","width":800,"height":800},{"@type":"BreadcrumbList","@id":"https:\/\/rntl.ch\/fitness\/produkt\/kettler-hoi-ride-2\/#breadcrumb","itemListElement":[{"@type":"ListItem","position":1,"name":"Startseite","item":"https:\/\/rntl.ch\/fitness\/"},{"@type":"ListItem","position":2,"name":"Shop","item":"https:\/\/rntl.ch\/fitness\/shop\/"},{"@type":"ListItem","position":3,"name":"Kettler HOI RIDE+"}]},{"@type":"WebSite","@id":"https:\/\/rntl.ch\/fitness\/#website","url":"https:\/\/rntl.ch\/fitness\/","name":"RNTL Fitness","description":"Mieten Einfach Anders","publisher":{"@id":"https:\/\/rntl.ch\/fitness\/#organization"},"potentialAction":[{"@type":"SearchAction","target":{"@type":"EntryPoint","urlTemplate":"https:\/\/rntl.ch\/fitness\/?s={search_term_string}"},"query-input":{"@type":"PropertyValueSpecification","valueRequired":true,"valueName":"search_term_string"}}],"inLanguage":"de"},{"@type":"Organization","@id":"https:\/\/rntl.ch\/fitness\/#organization","name":"RNTL Fitness","url":"https:\/\/rntl.ch\/fitness\/","logo":{"@type":"ImageObject","inLanguage":"de","@id":"https:\/\/rntl.ch\/fitness\/#\/schema\/logo\/image\/","url":"https:\/\/rntl.ch\/fitness\/wp-content\/uploads\/sites\/3\/2020\/11\/cropped-rntl_logo_white_530x150.png","contentUrl":"https:\/\/rntl.ch\/fitness\/wp-content\/uploads\/sites\/3\/2020\/11\/cropped-rntl_logo_white_530x150.png","width":530,"height":150,"caption":"RNTL Fitness"},"image":{"@id":"https:\/\/rntl.ch\/fitness\/#\/schema\/logo\/image\/"}}]}},"_links":{"self":[{"href":"https:\/\/rntl.ch\/fitness\/wp-json\/wp\/v2\/product\/25090","targetHints":{"allow":["GET"]}}],"collection":[{"href":"https:\/\/rntl.ch\/fitness\/wp-json\/wp\/v2\/product"}],"about":[{"href":"https:\/\/rntl.ch\/fitness\/wp-json\/wp\/v2\/types\/product"}],"version-history":[{"count":1,"href":"https:\/\/rntl.ch\/fitness\/wp-json\/wp\/v2\/product\/25090\/revisions"}],"predecessor-version":[{"id":36329,"href":"https:\/\/rntl.ch\/fitness\/wp-json\/wp\/v2\/product\/25090\/revisions\/36329"}],"wp:featuredmedia":[{"embeddable":true,"href":"https:\/\/rntl.ch\/fitness\/wp-json\/wp\/v2\/media\/25256"}],"wp:attachment":[{"href":"https:\/\/rntl.ch\/fitness\/wp-json\/wp\/v2\/media?parent=25090"}],"wp:term":[{"taxonomy":"product_brand","embeddable":true,"href":"https:\/\/rntl.ch\/fitness\/wp-json\/wp\/v2\/product_brand?post=25090"},{"taxonomy":"product_cat","embeddable":true,"href":"https:\/\/rntl.ch\/fitness\/wp-json\/wp\/v2\/product_cat?post=25090"},{"taxonomy":"product_tag","embeddable":true,"href":"https:\/\/rntl.ch\/fitness\/wp-json\/wp\/v2\/product_tag?post=25090"}],"curies":[{"name":"wp","href":"https:\/\/api.w.org\/{rel}","templated":true}]}}