{"id":25581,"date":"2023-11-17T10:49:56","date_gmt":"2023-11-17T09:49:56","guid":{"rendered":"https:\/\/rntl.ch\/fitness\/?post_type=product&#038;p=25581"},"modified":"2025-12-05T13:43:47","modified_gmt":"2025-12-05T12:43:47","slug":"kettler-ergometer-tour-600-wir-vermieten-uebrigens-auch-heimtrainer","status":"publish","type":"product","link":"https:\/\/rntl.ch\/fitness\/produkt\/kettler-ergometer-tour-600-wir-vermieten-uebrigens-auch-heimtrainer\/","title":{"rendered":"Kettler Ergometer Tour 600 &#8211; Premium Occasion"},"content":{"rendered":"<p>Der TOUR 600 garantiert ein Trainingserlebnis, das in Erinnerung bleibt. Das Ger\u00e4t f\u00fcr zu Hause \u00fcberzeugt mit exzellenten Eigenschaften und vielen Extras. Der hochwertig und flexibel verstellbare FOAM-Sattel liefert komfortable Trainingseinheiten. Das Bremssystem, welches ganz nach Deinen Vorlieben automatisch oder manuell betrieben werden kann, zeigt die genau verrichtete Leistung an. So k\u00f6nnen Spitzenleistungen bis zu 400 Watt erreicht werden und auch ambitionierte Personen kommen auf ihre Kosten. Der TOUR 600 sticht mit seiner hohen Verarbeitungsqualit\u00e4t heraus \u2013 so ist er leise und sehr stabil und h\u00e4lt auch schwerere Gewichte aus. Mit einer Vielfalt an verschiedenen Trainingsprogrammen findest Du das perfekt auf Dich zugeschnittene Workout. Du kannst innerhalb eines bestimmten Pulses trainieren \u2013 wobei auch die Pulssensoren frei nach Deinen Pr\u00e4ferenzen platzierbar sind! Der TOUR 600 ist nah am Nutzer und passt sich Deinen individuellen Bed\u00fcrfnissen an. Dank des Personenspeichers von bis zu sechs Profilen kannst Du mit der ganzen Familie trainieren und Deine Leistungen vergleichen. Mit dem TOUR 600 bleibst Du fit und motiviert \u2013 und erlebst realistische Trainingserlebnisse zu Hause dank Bluetooth!<\/p>\n<ul>\n<li>Echtes Ergometer mit 2 Nutzermodi:<\/li>\n<li>AUTO Mode (drehzahlunabh\u00e4ngig): Der Nutzer gibt einen WATT-Zielwert vor. Die Bremsleistung regelt automatisch, um diesen WATT-Zielwert einzuhalten.<\/li>\n<li>MANU Mode (drehzahlabh\u00e4ngig): Der Nutzer w\u00e4hlt eine Bremsstufe (\u201eeinen Gang\u201c), die unabh\u00e4ngig von der Trittfrequenz eingelegt bleibt. Das Display zeigt den aktuell getretenen Wattwert an.<\/li>\n<li>Hochwertiger und leicht bedienbarer Trainingscomputer mit einfacher Men\u00fcf\u00fchrung, Speicherplatz f\u00fcr vier Personen und einen Gast, Anzeige der aktuellen Herzfrequenzzone, 10 Programmen und Programmeditor (incl. Einem herzfrequenz-orientierten Programm) sowie 7 verf\u00fcgbaren Sprachen (E, D, F, I, NL, PL, RUS)<\/li>\n<li>W\u00e4hrend des Trainings wird die aktuell getretene Leistung in WATT angezeige.<\/li>\n<li>Induktionsbremssystem mit 400 Watt Spitzenleistung im AUTO Modus.<\/li>\n<li>Antriebssystem mit sehr guten Rundlaufeigenschafte. (Trittqualit\u00e4tsindex 8,8 \u2013 Schwungmasse mit 8 kg Gesamtgewicht)<\/li>\n<li>Verl\u00e4sslich arretierbare und werkzeugfrei verstellbare KETTLER Sattelaufnahme mit hochwertigem FLEXIBLE FOAM Sattel.<\/li>\n<li>Pulsmessung \u00fcber Handpulssensoren, Nutzung eines Brustgurtes optional<\/li>\n<li>Inklusive Tablethalterung, Schwerpunktriemenpedalen, Transportrollen und H\u00f6henausgleich.<\/li>\n<li>Maximale Gewichtsbelastung: 150 Kg<\/li>\n<li>Aufstellmasse L\/B\/H (in cm): 119\/55\/137<\/li>\n<\/ul>\n","protected":false},"excerpt":{"rendered":"<h3 id=\"h-f-r-training-das-in-erinnerung-bleibt-1\" class=\"has-dark-grey-color has-text-color is-style-small\">F\u00fcr Training, das in Erinnerung bleibt.<\/h3>\n<p>14 Monate privat vermietet in Top-Zustand, gepfr\u00fcft!<\/p>\n<ul class=\"is-style-default\">\n<li>Ergometer f\u00fcr ein leistungsstarkes Gesundheitstraining<\/li>\n<li>Induktionsbremssystem mit 400 Watt Spitzenleistung<\/li>\n<li>10 Trainingsprogramme, interaktives Training mit Apps und Verbindung mit HF-Brustgurt via Bluetooth m\u00f6glich<\/li>\n<\/ul>\n<p><span style=\"font-weight: 400;\">[rntl_page_content id=\"24172\"]<\/span><\/p>\n","protected":false},"featured_media":8698,"template":"","meta":{"content-type":""},"product_brand":[155],"product_cat":[25],"product_tag":[26,108],"class_list":{"0":"post-25581","1":"product","2":"type-product","3":"status-publish","4":"has-post-thumbnail","6":"product_brand-kettler","7":"product_cat-hometrainer","8":"product_tag-kaufen","9":"product_tag-kaufen-gebraucht","10":"product_shipping_class-leicht","11":"tm-no-options","13":"first","14":"instock","15":"sale","16":"taxable","17":"shipping-taxable","18":"purchasable","19":"product-type-simple"},"yoast_head":"<!-- This site is optimized with the Yoast SEO plugin v26.3 - https:\/\/yoast.com\/wordpress\/plugins\/seo\/ -->\n<title>Kettler Ergometer Tour 600 mieten oder kaufen | RNTL<\/title>\n<meta name=\"description\" content=\"Miete, kaufe, oder finanziere dein Ergometer Kettler Tour 600 f\u00fcr das Ausdauertraining zu Hause in deiner Stube. Sehr bliebter Heimtrainer f\u00fcr das zu Hause.\" \/>\n<meta name=\"robots\" content=\"index, follow, max-snippet:-1, max-image-preview:large, max-video-preview:-1\" \/>\n<link rel=\"canonical\" href=\"https:\/\/rntl.ch\/fitness\/produkt\/kettler-ergometer-tour-600-wir-vermieten-uebrigens-auch-heimtrainer\/\" \/>\n<meta property=\"og:locale\" content=\"de_DE\" \/>\n<meta property=\"og:type\" content=\"article\" \/>\n<meta property=\"og:title\" content=\"Kettler Ergometer Tour 600 mieten oder kaufen | RNTL\" \/>\n<meta property=\"og:description\" content=\"Miete, kaufe, oder finanziere dein Ergometer Kettler Tour 600 f\u00fcr das Ausdauertraining zu Hause in deiner Stube. Sehr bliebter Heimtrainer f\u00fcr das zu Hause.\" \/>\n<meta property=\"og:url\" content=\"https:\/\/rntl.ch\/fitness\/produkt\/kettler-ergometer-tour-600-wir-vermieten-uebrigens-auch-heimtrainer\/\" \/>\n<meta property=\"og:site_name\" content=\"RNTL Fitness\" \/>\n<meta property=\"article:modified_time\" content=\"2025-12-05T12:43:47+00:00\" \/>\n<meta property=\"og:image\" content=\"https:\/\/rntl.ch\/fitness\/wp-content\/uploads\/sites\/3\/2020\/10\/Tour-600-Ergometer.png\" \/>\n\t<meta property=\"og:image:width\" content=\"1866\" \/>\n\t<meta property=\"og:image:height\" content=\"1870\" \/>\n\t<meta property=\"og:image:type\" content=\"image\/png\" \/>\n<meta name=\"twitter:card\" content=\"summary_large_image\" \/>\n<meta name=\"twitter:label1\" content=\"Gesch\u00e4tzte Lesezeit\" \/>\n\t<meta name=\"twitter:data1\" content=\"2\u00a0Minuten\" \/>\n<script type=\"application\/ld+json\" class=\"yoast-schema-graph\">{\"@context\":\"https:\/\/schema.org\",\"@graph\":[{\"@type\":\"WebPage\",\"@id\":\"https:\/\/rntl.ch\/fitness\/produkt\/kettler-ergometer-tour-600-wir-vermieten-uebrigens-auch-heimtrainer\/\",\"url\":\"https:\/\/rntl.ch\/fitness\/produkt\/kettler-ergometer-tour-600-wir-vermieten-uebrigens-auch-heimtrainer\/\",\"name\":\"Kettler Ergometer Tour 600 mieten oder kaufen | RNTL\",\"isPartOf\":{\"@id\":\"https:\/\/rntl.ch\/fitness\/#website\"},\"primaryImageOfPage\":{\"@id\":\"https:\/\/rntl.ch\/fitness\/produkt\/kettler-ergometer-tour-600-wir-vermieten-uebrigens-auch-heimtrainer\/#primaryimage\"},\"image\":{\"@id\":\"https:\/\/rntl.ch\/fitness\/produkt\/kettler-ergometer-tour-600-wir-vermieten-uebrigens-auch-heimtrainer\/#primaryimage\"},\"thumbnailUrl\":\"https:\/\/rntl.ch\/fitness\/wp-content\/uploads\/sites\/3\/2020\/10\/Tour-600-Ergometer.png\",\"datePublished\":\"2023-11-17T09:49:56+00:00\",\"dateModified\":\"2025-12-05T12:43:47+00:00\",\"description\":\"Miete, kaufe, oder finanziere dein Ergometer Kettler Tour 600 f\u00fcr das Ausdauertraining zu Hause in deiner Stube. Sehr bliebter Heimtrainer f\u00fcr das zu Hause.\",\"breadcrumb\":{\"@id\":\"https:\/\/rntl.ch\/fitness\/produkt\/kettler-ergometer-tour-600-wir-vermieten-uebrigens-auch-heimtrainer\/#breadcrumb\"},\"inLanguage\":\"de\",\"potentialAction\":[{\"@type\":\"ReadAction\",\"target\":[\"https:\/\/rntl.ch\/fitness\/produkt\/kettler-ergometer-tour-600-wir-vermieten-uebrigens-auch-heimtrainer\/\"]}]},{\"@type\":\"ImageObject\",\"inLanguage\":\"de\",\"@id\":\"https:\/\/rntl.ch\/fitness\/produkt\/kettler-ergometer-tour-600-wir-vermieten-uebrigens-auch-heimtrainer\/#primaryimage\",\"url\":\"https:\/\/rntl.ch\/fitness\/wp-content\/uploads\/sites\/3\/2020\/10\/Tour-600-Ergometer.png\",\"contentUrl\":\"https:\/\/rntl.ch\/fitness\/wp-content\/uploads\/sites\/3\/2020\/10\/Tour-600-Ergometer.png\",\"width\":1866,\"height\":1870},{\"@type\":\"BreadcrumbList\",\"@id\":\"https:\/\/rntl.ch\/fitness\/produkt\/kettler-ergometer-tour-600-wir-vermieten-uebrigens-auch-heimtrainer\/#breadcrumb\",\"itemListElement\":[{\"@type\":\"ListItem\",\"position\":1,\"name\":\"Startseite\",\"item\":\"https:\/\/rntl.ch\/fitness\/\"},{\"@type\":\"ListItem\",\"position\":2,\"name\":\"Shop\",\"item\":\"https:\/\/rntl.ch\/fitness\/shop\/\"},{\"@type\":\"ListItem\",\"position\":3,\"name\":\"Kettler Ergometer Tour 600 &#8211; Premium Occasion\"}]},{\"@type\":\"WebSite\",\"@id\":\"https:\/\/rntl.ch\/fitness\/#website\",\"url\":\"https:\/\/rntl.ch\/fitness\/\",\"name\":\"RNTL Fitness\",\"description\":\"Mieten Einfach Anders\",\"publisher\":{\"@id\":\"https:\/\/rntl.ch\/fitness\/#organization\"},\"potentialAction\":[{\"@type\":\"SearchAction\",\"target\":{\"@type\":\"EntryPoint\",\"urlTemplate\":\"https:\/\/rntl.ch\/fitness\/?s={search_term_string}\"},\"query-input\":{\"@type\":\"PropertyValueSpecification\",\"valueRequired\":true,\"valueName\":\"search_term_string\"}}],\"inLanguage\":\"de\"},{\"@type\":\"Organization\",\"@id\":\"https:\/\/rntl.ch\/fitness\/#organization\",\"name\":\"RNTL Fitness\",\"url\":\"https:\/\/rntl.ch\/fitness\/\",\"logo\":{\"@type\":\"ImageObject\",\"inLanguage\":\"de\",\"@id\":\"https:\/\/rntl.ch\/fitness\/#\/schema\/logo\/image\/\",\"url\":\"https:\/\/rntl.ch\/fitness\/wp-content\/uploads\/sites\/3\/2020\/11\/cropped-rntl_logo_white_530x150.png\",\"contentUrl\":\"https:\/\/rntl.ch\/fitness\/wp-content\/uploads\/sites\/3\/2020\/11\/cropped-rntl_logo_white_530x150.png\",\"width\":530,\"height\":150,\"caption\":\"RNTL Fitness\"},\"image\":{\"@id\":\"https:\/\/rntl.ch\/fitness\/#\/schema\/logo\/image\/\"}}]}<\/script>\n<!-- \/ Yoast SEO plugin. -->","yoast_head_json":{"title":"Kettler Ergometer Tour 600 mieten oder kaufen | RNTL","description":"Miete, kaufe, oder finanziere dein Ergometer Kettler Tour 600 f\u00fcr das Ausdauertraining zu Hause in deiner Stube. Sehr bliebter Heimtrainer f\u00fcr das zu Hause.","robots":{"index":"index","follow":"follow","max-snippet":"max-snippet:-1","max-image-preview":"max-image-preview:large","max-video-preview":"max-video-preview:-1"},"canonical":"https:\/\/rntl.ch\/fitness\/produkt\/kettler-ergometer-tour-600-wir-vermieten-uebrigens-auch-heimtrainer\/","og_locale":"de_DE","og_type":"article","og_title":"Kettler Ergometer Tour 600 mieten oder kaufen | RNTL","og_description":"Miete, kaufe, oder finanziere dein Ergometer Kettler Tour 600 f\u00fcr das Ausdauertraining zu Hause in deiner Stube. Sehr bliebter Heimtrainer f\u00fcr das zu Hause.","og_url":"https:\/\/rntl.ch\/fitness\/produkt\/kettler-ergometer-tour-600-wir-vermieten-uebrigens-auch-heimtrainer\/","og_site_name":"RNTL Fitness","article_modified_time":"2025-12-05T12:43:47+00:00","og_image":[{"width":1866,"height":1870,"url":"https:\/\/rntl.ch\/fitness\/wp-content\/uploads\/sites\/3\/2020\/10\/Tour-600-Ergometer.png","type":"image\/png"}],"twitter_card":"summary_large_image","twitter_misc":{"Gesch\u00e4tzte Lesezeit":"2\u00a0Minuten"},"schema":{"@context":"https:\/\/schema.org","@graph":[{"@type":"WebPage","@id":"https:\/\/rntl.ch\/fitness\/produkt\/kettler-ergometer-tour-600-wir-vermieten-uebrigens-auch-heimtrainer\/","url":"https:\/\/rntl.ch\/fitness\/produkt\/kettler-ergometer-tour-600-wir-vermieten-uebrigens-auch-heimtrainer\/","name":"Kettler Ergometer Tour 600 mieten oder kaufen | RNTL","isPartOf":{"@id":"https:\/\/rntl.ch\/fitness\/#website"},"primaryImageOfPage":{"@id":"https:\/\/rntl.ch\/fitness\/produkt\/kettler-ergometer-tour-600-wir-vermieten-uebrigens-auch-heimtrainer\/#primaryimage"},"image":{"@id":"https:\/\/rntl.ch\/fitness\/produkt\/kettler-ergometer-tour-600-wir-vermieten-uebrigens-auch-heimtrainer\/#primaryimage"},"thumbnailUrl":"https:\/\/rntl.ch\/fitness\/wp-content\/uploads\/sites\/3\/2020\/10\/Tour-600-Ergometer.png","datePublished":"2023-11-17T09:49:56+00:00","dateModified":"2025-12-05T12:43:47+00:00","description":"Miete, kaufe, oder finanziere dein Ergometer Kettler Tour 600 f\u00fcr das Ausdauertraining zu Hause in deiner Stube. Sehr bliebter Heimtrainer f\u00fcr das zu Hause.","breadcrumb":{"@id":"https:\/\/rntl.ch\/fitness\/produkt\/kettler-ergometer-tour-600-wir-vermieten-uebrigens-auch-heimtrainer\/#breadcrumb"},"inLanguage":"de","potentialAction":[{"@type":"ReadAction","target":["https:\/\/rntl.ch\/fitness\/produkt\/kettler-ergometer-tour-600-wir-vermieten-uebrigens-auch-heimtrainer\/"]}]},{"@type":"ImageObject","inLanguage":"de","@id":"https:\/\/rntl.ch\/fitness\/produkt\/kettler-ergometer-tour-600-wir-vermieten-uebrigens-auch-heimtrainer\/#primaryimage","url":"https:\/\/rntl.ch\/fitness\/wp-content\/uploads\/sites\/3\/2020\/10\/Tour-600-Ergometer.png","contentUrl":"https:\/\/rntl.ch\/fitness\/wp-content\/uploads\/sites\/3\/2020\/10\/Tour-600-Ergometer.png","width":1866,"height":1870},{"@type":"BreadcrumbList","@id":"https:\/\/rntl.ch\/fitness\/produkt\/kettler-ergometer-tour-600-wir-vermieten-uebrigens-auch-heimtrainer\/#breadcrumb","itemListElement":[{"@type":"ListItem","position":1,"name":"Startseite","item":"https:\/\/rntl.ch\/fitness\/"},{"@type":"ListItem","position":2,"name":"Shop","item":"https:\/\/rntl.ch\/fitness\/shop\/"},{"@type":"ListItem","position":3,"name":"Kettler Ergometer Tour 600 &#8211; Premium Occasion"}]},{"@type":"WebSite","@id":"https:\/\/rntl.ch\/fitness\/#website","url":"https:\/\/rntl.ch\/fitness\/","name":"RNTL Fitness","description":"Mieten Einfach Anders","publisher":{"@id":"https:\/\/rntl.ch\/fitness\/#organization"},"potentialAction":[{"@type":"SearchAction","target":{"@type":"EntryPoint","urlTemplate":"https:\/\/rntl.ch\/fitness\/?s={search_term_string}"},"query-input":{"@type":"PropertyValueSpecification","valueRequired":true,"valueName":"search_term_string"}}],"inLanguage":"de"},{"@type":"Organization","@id":"https:\/\/rntl.ch\/fitness\/#organization","name":"RNTL Fitness","url":"https:\/\/rntl.ch\/fitness\/","logo":{"@type":"ImageObject","inLanguage":"de","@id":"https:\/\/rntl.ch\/fitness\/#\/schema\/logo\/image\/","url":"https:\/\/rntl.ch\/fitness\/wp-content\/uploads\/sites\/3\/2020\/11\/cropped-rntl_logo_white_530x150.png","contentUrl":"https:\/\/rntl.ch\/fitness\/wp-content\/uploads\/sites\/3\/2020\/11\/cropped-rntl_logo_white_530x150.png","width":530,"height":150,"caption":"RNTL Fitness"},"image":{"@id":"https:\/\/rntl.ch\/fitness\/#\/schema\/logo\/image\/"}}]}},"_links":{"self":[{"href":"https:\/\/rntl.ch\/fitness\/wp-json\/wp\/v2\/product\/25581","targetHints":{"allow":["GET"]}}],"collection":[{"href":"https:\/\/rntl.ch\/fitness\/wp-json\/wp\/v2\/product"}],"about":[{"href":"https:\/\/rntl.ch\/fitness\/wp-json\/wp\/v2\/types\/product"}],"version-history":[{"count":4,"href":"https:\/\/rntl.ch\/fitness\/wp-json\/wp\/v2\/product\/25581\/revisions"}],"predecessor-version":[{"id":36428,"href":"https:\/\/rntl.ch\/fitness\/wp-json\/wp\/v2\/product\/25581\/revisions\/36428"}],"wp:featuredmedia":[{"embeddable":true,"href":"https:\/\/rntl.ch\/fitness\/wp-json\/wp\/v2\/media\/8698"}],"wp:attachment":[{"href":"https:\/\/rntl.ch\/fitness\/wp-json\/wp\/v2\/media?parent=25581"}],"wp:term":[{"taxonomy":"product_brand","embeddable":true,"href":"https:\/\/rntl.ch\/fitness\/wp-json\/wp\/v2\/product_brand?post=25581"},{"taxonomy":"product_cat","embeddable":true,"href":"https:\/\/rntl.ch\/fitness\/wp-json\/wp\/v2\/product_cat?post=25581"},{"taxonomy":"product_tag","embeddable":true,"href":"https:\/\/rntl.ch\/fitness\/wp-json\/wp\/v2\/product_tag?post=25581"}],"curies":[{"name":"wp","href":"https:\/\/api.w.org\/{rel}","templated":true}]}}