{"id":25809,"date":"2023-12-04T17:22:16","date_gmt":"2023-12-04T16:22:16","guid":{"rendered":"https:\/\/rntl.ch\/fitness\/?post_type=product&#038;p=25809"},"modified":"2023-12-04T17:28:27","modified_gmt":"2023-12-04T16:28:27","slug":"horizon-laufband-omega-z-dark","status":"publish","type":"product","link":"https:\/\/rntl.ch\/fitness\/produkt\/horizon-laufband-omega-z-dark\/","title":{"rendered":"Horizon Laufband Omega Z Dark Edition &#8211; Wir vermieten \u00fcbrigens auch Laufb\u00e4nder!"},"content":{"rendered":"<ul>\n<li class=\"fact-style-bold\">Hochwertiges Horizon Laufband in der Dark Edition \u2013 im eleganten Anthrazit-Look<\/li>\n<li class=\"fact-style-default\">Ausgestattet mit dem bew\u00e4hrten Johnson Drive System<\/li>\n<li class=\"fact-style-default\">D\u00e4mpfungssystem: Variable Response Cushioning<\/li>\n<li class=\"fact-style-default\">One-Touch Steuerung zum Ein- und Ausschalten des Workouts<\/li>\n<li class=\"fact-style-default\">3 farbige LED-Anzeigefenster<\/li>\n<li class=\"fact-style-default\">PulseTrain-Technology \u2013 f\u00fcr optimiertes Herzfrequenztraining<\/li>\n<li class=\"fact-style-default\">Handpulssensoren f\u00fcr eine schnelle Angabe der Herzfrequenz<\/li>\n<li class=\"fact-style-default\">Bluetooth-f\u00e4hig: 4.0 FTMS und Audio<\/li>\n<li class=\"fact-style-bold\">Kompatibel mit der atZone-App \u2013 hilft Ihnen, Ihre Ergebnisse zu tracken und die Workouts abwechslungsreich zu gestalten<\/li>\n<li class=\"fact-style-bold\">Kompatibel mit\u00a0<a href=\"https:\/\/www.fitshop.ch\/kinomap-fitness-und-trainings-app-kinomap-1l\" title=\"KinoMap\">KinoMap<\/a>\u00a0und Zwift<\/li>\n<li class=\"fact-style-default\">Integrierte Smart-Device-Halterung<\/li>\n<li class=\"fact-style-bold\">Featherlight-Klappsystem<\/li>\n<li>Max. Benutzergewicht: 159 kg<\/li>\n<li>Aufstellma\u00dfe &#8211; Horizon Laufband Omega Z Dark Edition: (L) 183 cm x (B) 89 cm x (H) 144 cm<br \/>\ngeklappt &#8211; Horizon Laufband Omega Z Dark Edition: (L) 103 cm x (B) 89 cm x (H) 169 cm<\/li>\n<li><strong>Technische Daten:<\/strong>\n<ul>\n<li>DC-Motor: 3 PS-Dauerleistung<\/li>\n<li>Lauffl\u00e4che: 140 x 53 cm<\/li>\n<li>Laufmatte: 1.6 mm<\/li>\n<li>Geschwindigkeit: 0.8 &#8211; 20 km\/h<\/li>\n<li>Steigung: 0 &#8211; 12 %<\/li>\n<\/ul>\n<\/li>\n<li><strong>Trainingscomputer:<\/strong>\n<ul>\n<li>Anzeige:\u00a0Zeit,\u00a0Strecke,\u00a0Geschwindigkeit,\u00a0Steigung,\u00a0Pace,\u00a0Kalorien,\u00a0Puls<\/li>\n<li>Anzeige der Trainingsprofile mit LED<\/li>\n<li>Trainingsprogramme insgesamt: 15, davon benutzerdefiniert: 2, herzfrequenzgesteuert: 2<\/li>\n<\/ul>\n<\/li>\n<li><strong>Ausstattung:<\/strong>\n<ul>\n<li>Herzfrequenzmessung:\u00a0Handpulssensoren,\u00a0<a href=\"https:\/\/www.fitshop.ch\/horizon-laufband-omega-z-dark-edition-hf-omzde#product-accessories\">Brustgurt (optional)<\/a><\/li>\n<li>Brustgurt zur telemetrischen Herzfrequenzmessung als optionales Zubeh\u00f6r erh\u00e4ltlich<\/li>\n<li>Extras: Transportrollen, klappbar<\/li>\n<\/ul>\n<\/li>\n<\/ul>\n<p>&nbsp;<\/p>\n","protected":false},"excerpt":{"rendered":"<h3>Das Horizon Laufband Omega Z \u2013 einzigartiges Design und Funktionen<\/h3>\n<p>Das Horizon Laufband Omega Z besitzt ein elegantes, sowie funktionales Rahmendesign, bei dem die nach vorne geneigten Holme mehr Platz f\u00fcr Ihr ideales Sprinttraining bieten.<\/p>\n<p><span style=\"font-weight: 400;\">[rntl_page_content id=\"19556\"]<\/span><\/p>\n<div class=\"woocommerce-product-details__short-description\">\n<p>&nbsp;<\/p>\n<\/div>\n","protected":false},"featured_media":25801,"template":"","meta":{"content-type":""},"product_brand":[],"product_cat":[28],"product_tag":[26,107],"class_list":{"0":"post-25809","1":"product","2":"type-product","3":"status-publish","4":"has-post-thumbnail","6":"product_cat-laufbaender","7":"product_tag-kaufen","8":"product_tag-kaufen-neu","9":"product_shipping_class-schwer","10":"tm-no-options","12":"first","13":"instock","14":"sale","15":"taxable","16":"shipping-taxable","17":"purchasable","18":"product-type-simple"},"yoast_head":"<!-- This site is optimized with the Yoast SEO plugin v26.3 - https:\/\/yoast.com\/wordpress\/plugins\/seo\/ -->\n<title>Horizon Laufband Omega Z Dark Edition - Wir vermieten \u00fcbrigens auch Laufb\u00e4nder! - RNTL Fitness<\/title>\n<meta name=\"description\" content=\"Miete, kaufe, oder finanziere f\u00fcr das Spinning Training zu Hause den Horizon Omega Z bei RNTL. Perfekt f\u00fcr dein Spinning Training zu Hause.\" \/>\n<meta name=\"robots\" content=\"index, follow, max-snippet:-1, max-image-preview:large, max-video-preview:-1\" \/>\n<link rel=\"canonical\" href=\"https:\/\/rntl.ch\/fitness\/produkt\/horizon-laufband-omega-z-dark\/\" \/>\n<meta property=\"og:locale\" content=\"de_DE\" \/>\n<meta property=\"og:type\" content=\"article\" \/>\n<meta property=\"og:title\" content=\"Horizon Laufband Omega Z Dark Edition - Wir vermieten \u00fcbrigens auch Laufb\u00e4nder! - RNTL Fitness\" \/>\n<meta property=\"og:description\" content=\"Miete, kaufe, oder finanziere f\u00fcr das Spinning Training zu Hause den Horizon Omega Z bei RNTL. Perfekt f\u00fcr dein Spinning Training zu Hause.\" \/>\n<meta property=\"og:url\" content=\"https:\/\/rntl.ch\/fitness\/produkt\/horizon-laufband-omega-z-dark\/\" \/>\n<meta property=\"og:site_name\" content=\"RNTL Fitness\" \/>\n<meta property=\"article:modified_time\" content=\"2023-12-04T16:28:27+00:00\" \/>\n<meta property=\"og:image\" content=\"https:\/\/rntl.ch\/fitness\/wp-content\/uploads\/sites\/3\/2023\/12\/1.png\" \/>\n\t<meta property=\"og:image:width\" content=\"800\" \/>\n\t<meta property=\"og:image:height\" content=\"800\" \/>\n\t<meta property=\"og:image:type\" content=\"image\/png\" \/>\n<meta name=\"twitter:card\" content=\"summary_large_image\" \/>\n<meta name=\"twitter:label1\" content=\"Gesch\u00e4tzte Lesezeit\" \/>\n\t<meta name=\"twitter:data1\" content=\"1\u00a0Minute\" \/>\n<script type=\"application\/ld+json\" class=\"yoast-schema-graph\">{\"@context\":\"https:\/\/schema.org\",\"@graph\":[{\"@type\":\"WebPage\",\"@id\":\"https:\/\/rntl.ch\/fitness\/produkt\/horizon-laufband-omega-z-dark\/\",\"url\":\"https:\/\/rntl.ch\/fitness\/produkt\/horizon-laufband-omega-z-dark\/\",\"name\":\"Horizon Laufband Omega Z Dark Edition - Wir vermieten \u00fcbrigens auch Laufb\u00e4nder! - RNTL Fitness\",\"isPartOf\":{\"@id\":\"https:\/\/rntl.ch\/fitness\/#website\"},\"primaryImageOfPage\":{\"@id\":\"https:\/\/rntl.ch\/fitness\/produkt\/horizon-laufband-omega-z-dark\/#primaryimage\"},\"image\":{\"@id\":\"https:\/\/rntl.ch\/fitness\/produkt\/horizon-laufband-omega-z-dark\/#primaryimage\"},\"thumbnailUrl\":\"https:\/\/rntl.ch\/fitness\/wp-content\/uploads\/sites\/3\/2023\/12\/1.png\",\"datePublished\":\"2023-12-04T16:22:16+00:00\",\"dateModified\":\"2023-12-04T16:28:27+00:00\",\"description\":\"Miete, kaufe, oder finanziere f\u00fcr das Spinning Training zu Hause den Horizon Omega Z bei RNTL. Perfekt f\u00fcr dein Spinning Training zu Hause.\",\"breadcrumb\":{\"@id\":\"https:\/\/rntl.ch\/fitness\/produkt\/horizon-laufband-omega-z-dark\/#breadcrumb\"},\"inLanguage\":\"de\",\"potentialAction\":[{\"@type\":\"ReadAction\",\"target\":[\"https:\/\/rntl.ch\/fitness\/produkt\/horizon-laufband-omega-z-dark\/\"]}]},{\"@type\":\"ImageObject\",\"inLanguage\":\"de\",\"@id\":\"https:\/\/rntl.ch\/fitness\/produkt\/horizon-laufband-omega-z-dark\/#primaryimage\",\"url\":\"https:\/\/rntl.ch\/fitness\/wp-content\/uploads\/sites\/3\/2023\/12\/1.png\",\"contentUrl\":\"https:\/\/rntl.ch\/fitness\/wp-content\/uploads\/sites\/3\/2023\/12\/1.png\",\"width\":800,\"height\":800},{\"@type\":\"BreadcrumbList\",\"@id\":\"https:\/\/rntl.ch\/fitness\/produkt\/horizon-laufband-omega-z-dark\/#breadcrumb\",\"itemListElement\":[{\"@type\":\"ListItem\",\"position\":1,\"name\":\"Startseite\",\"item\":\"https:\/\/rntl.ch\/fitness\/\"},{\"@type\":\"ListItem\",\"position\":2,\"name\":\"Shop\",\"item\":\"https:\/\/rntl.ch\/fitness\/shop\/\"},{\"@type\":\"ListItem\",\"position\":3,\"name\":\"Horizon Laufband Omega Z Dark Edition &#8211; Wir vermieten \u00fcbrigens auch Laufb\u00e4nder!\"}]},{\"@type\":\"WebSite\",\"@id\":\"https:\/\/rntl.ch\/fitness\/#website\",\"url\":\"https:\/\/rntl.ch\/fitness\/\",\"name\":\"RNTL Fitness\",\"description\":\"Mieten Einfach Anders\",\"publisher\":{\"@id\":\"https:\/\/rntl.ch\/fitness\/#organization\"},\"potentialAction\":[{\"@type\":\"SearchAction\",\"target\":{\"@type\":\"EntryPoint\",\"urlTemplate\":\"https:\/\/rntl.ch\/fitness\/?s={search_term_string}\"},\"query-input\":{\"@type\":\"PropertyValueSpecification\",\"valueRequired\":true,\"valueName\":\"search_term_string\"}}],\"inLanguage\":\"de\"},{\"@type\":\"Organization\",\"@id\":\"https:\/\/rntl.ch\/fitness\/#organization\",\"name\":\"RNTL Fitness\",\"url\":\"https:\/\/rntl.ch\/fitness\/\",\"logo\":{\"@type\":\"ImageObject\",\"inLanguage\":\"de\",\"@id\":\"https:\/\/rntl.ch\/fitness\/#\/schema\/logo\/image\/\",\"url\":\"https:\/\/rntl.ch\/fitness\/wp-content\/uploads\/sites\/3\/2020\/11\/cropped-rntl_logo_white_530x150.png\",\"contentUrl\":\"https:\/\/rntl.ch\/fitness\/wp-content\/uploads\/sites\/3\/2020\/11\/cropped-rntl_logo_white_530x150.png\",\"width\":530,\"height\":150,\"caption\":\"RNTL Fitness\"},\"image\":{\"@id\":\"https:\/\/rntl.ch\/fitness\/#\/schema\/logo\/image\/\"}}]}<\/script>\n<!-- \/ Yoast SEO plugin. -->","yoast_head_json":{"title":"Horizon Laufband Omega Z Dark Edition - Wir vermieten \u00fcbrigens auch Laufb\u00e4nder! - RNTL Fitness","description":"Miete, kaufe, oder finanziere f\u00fcr das Spinning Training zu Hause den Horizon Omega Z bei RNTL. Perfekt f\u00fcr dein Spinning Training zu Hause.","robots":{"index":"index","follow":"follow","max-snippet":"max-snippet:-1","max-image-preview":"max-image-preview:large","max-video-preview":"max-video-preview:-1"},"canonical":"https:\/\/rntl.ch\/fitness\/produkt\/horizon-laufband-omega-z-dark\/","og_locale":"de_DE","og_type":"article","og_title":"Horizon Laufband Omega Z Dark Edition - Wir vermieten \u00fcbrigens auch Laufb\u00e4nder! - RNTL Fitness","og_description":"Miete, kaufe, oder finanziere f\u00fcr das Spinning Training zu Hause den Horizon Omega Z bei RNTL. Perfekt f\u00fcr dein Spinning Training zu Hause.","og_url":"https:\/\/rntl.ch\/fitness\/produkt\/horizon-laufband-omega-z-dark\/","og_site_name":"RNTL Fitness","article_modified_time":"2023-12-04T16:28:27+00:00","og_image":[{"width":800,"height":800,"url":"https:\/\/rntl.ch\/fitness\/wp-content\/uploads\/sites\/3\/2023\/12\/1.png","type":"image\/png"}],"twitter_card":"summary_large_image","twitter_misc":{"Gesch\u00e4tzte Lesezeit":"1\u00a0Minute"},"schema":{"@context":"https:\/\/schema.org","@graph":[{"@type":"WebPage","@id":"https:\/\/rntl.ch\/fitness\/produkt\/horizon-laufband-omega-z-dark\/","url":"https:\/\/rntl.ch\/fitness\/produkt\/horizon-laufband-omega-z-dark\/","name":"Horizon Laufband Omega Z Dark Edition - Wir vermieten \u00fcbrigens auch Laufb\u00e4nder! - RNTL Fitness","isPartOf":{"@id":"https:\/\/rntl.ch\/fitness\/#website"},"primaryImageOfPage":{"@id":"https:\/\/rntl.ch\/fitness\/produkt\/horizon-laufband-omega-z-dark\/#primaryimage"},"image":{"@id":"https:\/\/rntl.ch\/fitness\/produkt\/horizon-laufband-omega-z-dark\/#primaryimage"},"thumbnailUrl":"https:\/\/rntl.ch\/fitness\/wp-content\/uploads\/sites\/3\/2023\/12\/1.png","datePublished":"2023-12-04T16:22:16+00:00","dateModified":"2023-12-04T16:28:27+00:00","description":"Miete, kaufe, oder finanziere f\u00fcr das Spinning Training zu Hause den Horizon Omega Z bei RNTL. Perfekt f\u00fcr dein Spinning Training zu Hause.","breadcrumb":{"@id":"https:\/\/rntl.ch\/fitness\/produkt\/horizon-laufband-omega-z-dark\/#breadcrumb"},"inLanguage":"de","potentialAction":[{"@type":"ReadAction","target":["https:\/\/rntl.ch\/fitness\/produkt\/horizon-laufband-omega-z-dark\/"]}]},{"@type":"ImageObject","inLanguage":"de","@id":"https:\/\/rntl.ch\/fitness\/produkt\/horizon-laufband-omega-z-dark\/#primaryimage","url":"https:\/\/rntl.ch\/fitness\/wp-content\/uploads\/sites\/3\/2023\/12\/1.png","contentUrl":"https:\/\/rntl.ch\/fitness\/wp-content\/uploads\/sites\/3\/2023\/12\/1.png","width":800,"height":800},{"@type":"BreadcrumbList","@id":"https:\/\/rntl.ch\/fitness\/produkt\/horizon-laufband-omega-z-dark\/#breadcrumb","itemListElement":[{"@type":"ListItem","position":1,"name":"Startseite","item":"https:\/\/rntl.ch\/fitness\/"},{"@type":"ListItem","position":2,"name":"Shop","item":"https:\/\/rntl.ch\/fitness\/shop\/"},{"@type":"ListItem","position":3,"name":"Horizon Laufband Omega Z Dark Edition &#8211; Wir vermieten \u00fcbrigens auch Laufb\u00e4nder!"}]},{"@type":"WebSite","@id":"https:\/\/rntl.ch\/fitness\/#website","url":"https:\/\/rntl.ch\/fitness\/","name":"RNTL Fitness","description":"Mieten Einfach Anders","publisher":{"@id":"https:\/\/rntl.ch\/fitness\/#organization"},"potentialAction":[{"@type":"SearchAction","target":{"@type":"EntryPoint","urlTemplate":"https:\/\/rntl.ch\/fitness\/?s={search_term_string}"},"query-input":{"@type":"PropertyValueSpecification","valueRequired":true,"valueName":"search_term_string"}}],"inLanguage":"de"},{"@type":"Organization","@id":"https:\/\/rntl.ch\/fitness\/#organization","name":"RNTL Fitness","url":"https:\/\/rntl.ch\/fitness\/","logo":{"@type":"ImageObject","inLanguage":"de","@id":"https:\/\/rntl.ch\/fitness\/#\/schema\/logo\/image\/","url":"https:\/\/rntl.ch\/fitness\/wp-content\/uploads\/sites\/3\/2020\/11\/cropped-rntl_logo_white_530x150.png","contentUrl":"https:\/\/rntl.ch\/fitness\/wp-content\/uploads\/sites\/3\/2020\/11\/cropped-rntl_logo_white_530x150.png","width":530,"height":150,"caption":"RNTL Fitness"},"image":{"@id":"https:\/\/rntl.ch\/fitness\/#\/schema\/logo\/image\/"}}]}},"_links":{"self":[{"href":"https:\/\/rntl.ch\/fitness\/wp-json\/wp\/v2\/product\/25809","targetHints":{"allow":["GET"]}}],"collection":[{"href":"https:\/\/rntl.ch\/fitness\/wp-json\/wp\/v2\/product"}],"about":[{"href":"https:\/\/rntl.ch\/fitness\/wp-json\/wp\/v2\/types\/product"}],"version-history":[{"count":0,"href":"https:\/\/rntl.ch\/fitness\/wp-json\/wp\/v2\/product\/25809\/revisions"}],"wp:featuredmedia":[{"embeddable":true,"href":"https:\/\/rntl.ch\/fitness\/wp-json\/wp\/v2\/media\/25801"}],"wp:attachment":[{"href":"https:\/\/rntl.ch\/fitness\/wp-json\/wp\/v2\/media?parent=25809"}],"wp:term":[{"taxonomy":"product_brand","embeddable":true,"href":"https:\/\/rntl.ch\/fitness\/wp-json\/wp\/v2\/product_brand?post=25809"},{"taxonomy":"product_cat","embeddable":true,"href":"https:\/\/rntl.ch\/fitness\/wp-json\/wp\/v2\/product_cat?post=25809"},{"taxonomy":"product_tag","embeddable":true,"href":"https:\/\/rntl.ch\/fitness\/wp-json\/wp\/v2\/product_tag?post=25809"}],"curies":[{"name":"wp","href":"https:\/\/api.w.org\/{rel}","templated":true}]}}