{"id":25839,"date":"2023-12-06T11:00:22","date_gmt":"2023-12-06T10:00:22","guid":{"rendered":"https:\/\/rntl.ch\/fitness\/?post_type=product&#038;p=25839"},"modified":"2024-10-22T16:10:03","modified_gmt":"2024-10-22T14:10:03","slug":"matrix-icr50-indoor-cycle","status":"publish","type":"product","link":"https:\/\/rntl.ch\/fitness\/produkt\/matrix-icr50-indoor-cycle\/","title":{"rendered":"Matrix ICR50 Indoor Cycle"},"content":{"rendered":"<p style=\"font-weight: 400;\">Pr\u00e4ziser Widerstand &#8211; der Widerstandshebel macht schnelle und pr\u00e4zise Anpassungen in 11 Stufen m\u00f6glich und dient gleichzeitig als Not-Stopp. Dabei erm\u00f6glicht der wartungsfreie Magnetwiderstand sofortige, reibungslose Einstellungen und sorgt stets f\u00fcr ein angenehmes Fahrgef\u00fchl und fl\u00fcsterleise Performance.<\/p>\n<p style=\"font-weight: 400;\">Rear Drive mit Aluminium Schwungrad &#8211; das hinten verbaute Schwungrad sieht nicht nur besonders gut aus, sondern sch\u00fctzt empfindliche Komponenten vor Schweiss und verl\u00e4ngert damit die Lebensdauer des Bikes. Durch die dualen Pedale mit SPD-Klick-System und K\u00f6rbchen kann wahlweise mit speziellen Fahrradschuhen (SPD-Klick-System) oder g\u00e4ngigen Sportschuhen trainiert werden.<\/p>\n<p style=\"font-weight: 400;\">Rear Drive System und ergonomisch geformter Multipositionslenker, gepolsterter Sportsattel und duale Pedale bringen ein reales Gef\u00fchl von Strassenradrennen nach Hause.\u00a0Wartungsfreies Magnet-Bremssystem f\u00fcr sofortige und reibungslose Anpassung an die gew\u00fcnschte Trainingsintensit\u00e4t<\/p>\n<p style=\"font-weight: 400;\">Die @ZONE-App verbindet sich via Bluetooth mit dem ICR50 und erm\u00f6glicht ein intensives, individuell anpassbares Trainingserlebnis. Bluetooth-kompatibel mit beliebten Fitness Apps, wie z.B. @Zone und Kinomap<\/p>\n<p><b><strong>Ausstattung:<\/strong><\/b><\/p>\n<ul style=\"font-weight: 400;\">\n<li>Magnet-Bremssystem mit 11 Widerstandsstufen<\/li>\n<li>Quick Touch Hebel<\/li>\n<li>Not-Stopp<\/li>\n<li>Riemenantrieb<\/li>\n<li>verst\u00e4rkter Rahmenbau sorgt f\u00fcr eine robusten Rahmenkonstruktion<\/li>\n<li>Schwungrad aus Aluminium<\/li>\n<li>Q-Faktor 159mm<\/li>\n<li>Benutzergr\u00f6sse 155-195cm<\/li>\n<li>Herzfrequenzmessung via Bluetooth (Anzeige via mobile Endger\u00e4te)<\/li>\n<li>stufenlose vertikale und horizontale Lenkerverstellung mit Skalierung<\/li>\n<li>stufenlose vertikale und horizontale Sattelverstellung mit Skalierung<\/li>\n<li>komfortabler gepolsterter Sportsattel<\/li>\n<li>Ergo-Form Multipositionslenker mit Soft-PVC<\/li>\n<li>Halterung f\u00fcr Tablet\/Smartphones<\/li>\n<li>Dual, SPD-System und K\u00f6rbchenpedale<\/li>\n<li>Flaschenhalterung<\/li>\n<li>Transportrollen<\/li>\n<li>@Zone-APP* &#8211; kompatibel &#8211; mit @Zone k\u00f6nnen sie auf virtuellen Reisen durch exotische Orte joggen, sich mit Menschen auf der ganzen Welt messen, ihre Fitness mit Sprint 8 HIIT neu definieren und sich mit zielbasierten Workouts immer wieder neuen Herausforderungen stellen. Der Trainingsverlauf kann dokumentiert werden, um Fortschritte sichtbar zu machen. Wer mag, kann\u00a0sogar\u00a0die eigene Leistung mit den\u00a0besten @Zone-Nutzern weltweit vergleichen. Die App kann ab sofort kostenlos heruntergeladen werden (App Store und Google Play)<\/li>\n<li>Kinomap-APP** &#8211; kompatibel &#8211; die Kinomap-APP macht das Training zu einem motivierenden, interaktiven Trainingserlebnis, egal ob alleine oder im Wettkampf-Modus. \u00dcber 170&#8217;000 abwechslungsreiche Streckenkilometer f\u00fcr die verschiedenen Sportarten wurden bereits von Nutzern hochgeladen.<\/li>\n<li>Bildschirm wie auf Video gezeigt nicht im Lieferumfang beinhaltet<\/li>\n<\/ul>\n<p style=\"font-weight: 400;\"><b><strong>@Zone-APP*<\/strong><\/b><br \/>\nDie kostenlose @Zone-APP verbindet das Smartphone oder Tablet (iOS\/Android) via Bluetooth mit dem Laufband.\u00a0Geringer Aufwand, maximaler Erfolg\u00a0&#8211;\u00a0mit dem exklusiven HIIT Trainingsprogramm Sprint 8 werden mit drei kurzen Trainingseinheiten pro Woche erstaunliche Resultate im Hinblick auf die allgemeine Fitness und Fettverbrennung erzielt.\u00a0Einmal um die Welt\u00a0&#8211;\u00a0Virtual Active synchronisiert hochaufl\u00f6sendes Filmmaterial von realen Strecken mit der Geschwindigkeit und Intensit\u00e4t des Workouts. Die Steigung bzw. der Widerstand \u00e4ndert sich automatisch und passt sich dem Landschaftsprofil auf dem Bildschirm an. Monatlich sind 300 Minuten dieses Programms kostenlos in der @Zone-App enthalten.\u00a0\u00a0Ziel-Trainingsprogramme\u00a0&#8211;\u00a0mit\u00a0den 5 zielbasierten Trainingsprogrammen\u00a0(Zeit, Distanz, Kalorienverbrauch, Pace und Zielherzfrequenz) k\u00f6nnen Sie sich immer wieder neuen Herausforderungen stellen und gezielt ihre Leistung steigern.\u00a0Workout Tracking\u00a0&#8211;\u00a0In der Trainingshistorie werden alle Daten zusammengefasst, damit die\u00a0Fortschritte von Training zu Training dokumentiert werden. Wer mag, kann\u00a0sogar auf die weltweite Bestenliste zugreifen, um die eigene Leistung mit den Top-Nutzern von @Zone zu vergleichen.<\/p>\n<p style=\"font-weight: 400;\"><b><strong>Kinomap-APP***<\/strong><\/b><br \/>\nDie Kinomap-APP macht das Training zu einem motivierenden, interaktiven Trainingserlebnis. Die APP h\u00e4lt Videos f\u00fcr Crosstrainer, Ergometer, Laufband und Ruderger\u00e4t bereit. Via Bluetooth wird die Kinomap-APP mit dem Trainingsger\u00e4t verbunden. Suchen Sie sich eine Strecke aus und fahren, laufen oder rudern Sie, als seien Sie selbst dort. Der Streckenfortschritt kann auf der Karte verfolgt werden. Da die Videos geocodiert sind, passt die APP auch den Widerstand (nur auf ausgew\u00e4hlten Modellen) an das Gel\u00e4ndeprofil der Trainingsstrecke an.<br \/>\nMehr als 170&#8217;000km alleine oder im Wettkampf mit anderen trainieren &#8211; die Videos der Kinomap werden von den Nutzern hochgeladen. Es stehen bereits \u00fcber 170&#8217;000 abwechslungsreiche Streckenkilometer f\u00fcr die verschiedenen Sportarten zur Verf\u00fcgung. Alle Videos sind mit Standortdaten ausgezeichnet und so k\u00f6nnen Sie nicht nur das Video ansehen, sondern sehen gleichzeitig auf der Karte, wo Sie gerade unterwegs sind und wie das Gel\u00e4ndeprofil aussieht. Die APP zeigt w\u00e4hrend des Workouts auch die wichtigsten Trainingsdaten an, damit Sie Ihre Leistung im Blick haben w\u00e4hrend Sie zum Beispiel durch den Central Park laufen. Besonders herausfordernd sind auch die Multiplayer-Sessions, bei denen Sie an \u00f6ffentlichen Rennen teilnehmen oder sich mit Freunden f\u00fcr ein kleines Rennen verabreden. Kinomap ist in einer kostenlosen Basisversion sowohl bei Google Play als auch im AppStore erh\u00e4ltlich. F\u00fcr die Vollversion gibt es verschiedene Lizenzmodelle.<\/p>\n<p style=\"font-weight: 400;\">Einsatz: Heimbereich, Nutzlast 136kg<br \/>\nGer\u00e4temasse: L135 x B57 x H109cm, Gewicht 52kg<br \/>\nGarantie: 2 Jahre Komplettgarantie (ausgeschlossen Verbrauchsmaterial)<\/p>\n<p><iframe title=\"ICR50-Commercial 30s\" width=\"980\" height=\"551\" src=\"https:\/\/www.youtube.com\/embed\/jmutWciFJZs?feature=oembed&#038;enablejsapi=1&#038;origin=https:\/\/rntl.ch\" frameborder=\"0\" allow=\"accelerometer; autoplay; clipboard-write; encrypted-media; gyroscope; picture-in-picture; web-share\" referrerpolicy=\"strict-origin-when-cross-origin\" allowfullscreen><\/iframe><\/p>\n","protected":false},"excerpt":{"rendered":"<p>Das Matrix ICR50 Indoor Cycle in der Limited Edition bietet Trainierenden eine absolut solide Basis f\u00fcr ambitionierte und motivierende Workouts.<\/p>\n<p><strong>Kaufpreis [woo_custom_field id=\"rntl_retail_price_field\"].-<\/strong><\/p>\n[rntl_page_content id=\"14687\"]\n<div class=\"woocommerce-product-details__short-description\">\n<p>&nbsp;<\/p>\n<\/div>\n","protected":false},"featured_media":25844,"template":"","meta":{"content-type":""},"product_brand":[],"product_cat":[99],"product_tag":[112],"class_list":{"0":"post-25839","1":"product","2":"type-product","3":"status-publish","4":"has-post-thumbnail","6":"product_cat-indoor-cycling","7":"product_tag-mieten","8":"product_shipping_class-leicht","9":"tm-no-options","11":"first","12":"instock","13":"taxable","14":"shipping-taxable","15":"purchasable","16":"product-type-variable-subscription","17":"has-default-attributes"},"yoast_head":"<!-- This site is optimized with the Yoast SEO plugin v26.3 - https:\/\/yoast.com\/wordpress\/plugins\/seo\/ -->\n<title>Matrix ICR50 Indoor Cycle - RNTL Fitness<\/title>\n<meta name=\"description\" content=\"Miete, kaufe, oder finanziere f\u00fcr das Spinning Training zu Hause den Matrix ICR50 Indoor Cycle bei RNTL. Perfekt f\u00fcr dein Spinning Training zu Hause.\" \/>\n<meta name=\"robots\" content=\"index, follow, max-snippet:-1, max-image-preview:large, max-video-preview:-1\" \/>\n<link rel=\"canonical\" href=\"https:\/\/rntl.ch\/fitness\/produkt\/matrix-icr50-indoor-cycle\/\" \/>\n<meta property=\"og:locale\" content=\"de_DE\" \/>\n<meta property=\"og:type\" content=\"article\" \/>\n<meta property=\"og:title\" content=\"Matrix ICR50 Indoor Cycle - RNTL Fitness\" \/>\n<meta property=\"og:description\" content=\"Miete, kaufe, oder finanziere f\u00fcr das Spinning Training zu Hause den Matrix ICR50 Indoor Cycle bei RNTL. Perfekt f\u00fcr dein Spinning Training zu Hause.\" \/>\n<meta property=\"og:url\" content=\"https:\/\/rntl.ch\/fitness\/produkt\/matrix-icr50-indoor-cycle\/\" \/>\n<meta property=\"og:site_name\" content=\"RNTL Fitness\" \/>\n<meta property=\"article:modified_time\" content=\"2024-10-22T14:10:03+00:00\" \/>\n<meta property=\"og:image\" content=\"https:\/\/rntl.ch\/fitness\/wp-content\/uploads\/sites\/3\/2023\/12\/1-1.png\" \/>\n\t<meta property=\"og:image:width\" content=\"800\" \/>\n\t<meta property=\"og:image:height\" content=\"800\" \/>\n\t<meta property=\"og:image:type\" content=\"image\/png\" \/>\n<meta name=\"twitter:card\" content=\"summary_large_image\" \/>\n<meta name=\"twitter:label1\" content=\"Gesch\u00e4tzte Lesezeit\" \/>\n\t<meta name=\"twitter:data1\" content=\"5\u00a0Minuten\" \/>\n<script type=\"application\/ld+json\" class=\"yoast-schema-graph\">{\"@context\":\"https:\/\/schema.org\",\"@graph\":[{\"@type\":\"WebPage\",\"@id\":\"https:\/\/rntl.ch\/fitness\/produkt\/matrix-icr50-indoor-cycle\/\",\"url\":\"https:\/\/rntl.ch\/fitness\/produkt\/matrix-icr50-indoor-cycle\/\",\"name\":\"Matrix ICR50 Indoor Cycle - RNTL Fitness\",\"isPartOf\":{\"@id\":\"https:\/\/rntl.ch\/fitness\/#website\"},\"primaryImageOfPage\":{\"@id\":\"https:\/\/rntl.ch\/fitness\/produkt\/matrix-icr50-indoor-cycle\/#primaryimage\"},\"image\":{\"@id\":\"https:\/\/rntl.ch\/fitness\/produkt\/matrix-icr50-indoor-cycle\/#primaryimage\"},\"thumbnailUrl\":\"https:\/\/rntl.ch\/fitness\/wp-content\/uploads\/sites\/3\/2023\/12\/1-1.png\",\"datePublished\":\"2023-12-06T10:00:22+00:00\",\"dateModified\":\"2024-10-22T14:10:03+00:00\",\"description\":\"Miete, kaufe, oder finanziere f\u00fcr das Spinning Training zu Hause den Matrix ICR50 Indoor Cycle bei RNTL. Perfekt f\u00fcr dein Spinning Training zu Hause.\",\"breadcrumb\":{\"@id\":\"https:\/\/rntl.ch\/fitness\/produkt\/matrix-icr50-indoor-cycle\/#breadcrumb\"},\"inLanguage\":\"de\",\"potentialAction\":[{\"@type\":\"ReadAction\",\"target\":[\"https:\/\/rntl.ch\/fitness\/produkt\/matrix-icr50-indoor-cycle\/\"]}]},{\"@type\":\"ImageObject\",\"inLanguage\":\"de\",\"@id\":\"https:\/\/rntl.ch\/fitness\/produkt\/matrix-icr50-indoor-cycle\/#primaryimage\",\"url\":\"https:\/\/rntl.ch\/fitness\/wp-content\/uploads\/sites\/3\/2023\/12\/1-1.png\",\"contentUrl\":\"https:\/\/rntl.ch\/fitness\/wp-content\/uploads\/sites\/3\/2023\/12\/1-1.png\",\"width\":800,\"height\":800},{\"@type\":\"BreadcrumbList\",\"@id\":\"https:\/\/rntl.ch\/fitness\/produkt\/matrix-icr50-indoor-cycle\/#breadcrumb\",\"itemListElement\":[{\"@type\":\"ListItem\",\"position\":1,\"name\":\"Startseite\",\"item\":\"https:\/\/rntl.ch\/fitness\/\"},{\"@type\":\"ListItem\",\"position\":2,\"name\":\"Shop\",\"item\":\"https:\/\/rntl.ch\/fitness\/shop\/\"},{\"@type\":\"ListItem\",\"position\":3,\"name\":\"Matrix ICR50 Indoor Cycle\"}]},{\"@type\":\"WebSite\",\"@id\":\"https:\/\/rntl.ch\/fitness\/#website\",\"url\":\"https:\/\/rntl.ch\/fitness\/\",\"name\":\"RNTL Fitness\",\"description\":\"Mieten Einfach Anders\",\"publisher\":{\"@id\":\"https:\/\/rntl.ch\/fitness\/#organization\"},\"potentialAction\":[{\"@type\":\"SearchAction\",\"target\":{\"@type\":\"EntryPoint\",\"urlTemplate\":\"https:\/\/rntl.ch\/fitness\/?s={search_term_string}\"},\"query-input\":{\"@type\":\"PropertyValueSpecification\",\"valueRequired\":true,\"valueName\":\"search_term_string\"}}],\"inLanguage\":\"de\"},{\"@type\":\"Organization\",\"@id\":\"https:\/\/rntl.ch\/fitness\/#organization\",\"name\":\"RNTL Fitness\",\"url\":\"https:\/\/rntl.ch\/fitness\/\",\"logo\":{\"@type\":\"ImageObject\",\"inLanguage\":\"de\",\"@id\":\"https:\/\/rntl.ch\/fitness\/#\/schema\/logo\/image\/\",\"url\":\"https:\/\/rntl.ch\/fitness\/wp-content\/uploads\/sites\/3\/2020\/11\/cropped-rntl_logo_white_530x150.png\",\"contentUrl\":\"https:\/\/rntl.ch\/fitness\/wp-content\/uploads\/sites\/3\/2020\/11\/cropped-rntl_logo_white_530x150.png\",\"width\":530,\"height\":150,\"caption\":\"RNTL Fitness\"},\"image\":{\"@id\":\"https:\/\/rntl.ch\/fitness\/#\/schema\/logo\/image\/\"}}]}<\/script>\n<!-- \/ Yoast SEO plugin. -->","yoast_head_json":{"title":"Matrix ICR50 Indoor Cycle - RNTL Fitness","description":"Miete, kaufe, oder finanziere f\u00fcr das Spinning Training zu Hause den Matrix ICR50 Indoor Cycle bei RNTL. Perfekt f\u00fcr dein Spinning Training zu Hause.","robots":{"index":"index","follow":"follow","max-snippet":"max-snippet:-1","max-image-preview":"max-image-preview:large","max-video-preview":"max-video-preview:-1"},"canonical":"https:\/\/rntl.ch\/fitness\/produkt\/matrix-icr50-indoor-cycle\/","og_locale":"de_DE","og_type":"article","og_title":"Matrix ICR50 Indoor Cycle - RNTL Fitness","og_description":"Miete, kaufe, oder finanziere f\u00fcr das Spinning Training zu Hause den Matrix ICR50 Indoor Cycle bei RNTL. Perfekt f\u00fcr dein Spinning Training zu Hause.","og_url":"https:\/\/rntl.ch\/fitness\/produkt\/matrix-icr50-indoor-cycle\/","og_site_name":"RNTL Fitness","article_modified_time":"2024-10-22T14:10:03+00:00","og_image":[{"width":800,"height":800,"url":"https:\/\/rntl.ch\/fitness\/wp-content\/uploads\/sites\/3\/2023\/12\/1-1.png","type":"image\/png"}],"twitter_card":"summary_large_image","twitter_misc":{"Gesch\u00e4tzte Lesezeit":"5\u00a0Minuten"},"schema":{"@context":"https:\/\/schema.org","@graph":[{"@type":"WebPage","@id":"https:\/\/rntl.ch\/fitness\/produkt\/matrix-icr50-indoor-cycle\/","url":"https:\/\/rntl.ch\/fitness\/produkt\/matrix-icr50-indoor-cycle\/","name":"Matrix ICR50 Indoor Cycle - RNTL Fitness","isPartOf":{"@id":"https:\/\/rntl.ch\/fitness\/#website"},"primaryImageOfPage":{"@id":"https:\/\/rntl.ch\/fitness\/produkt\/matrix-icr50-indoor-cycle\/#primaryimage"},"image":{"@id":"https:\/\/rntl.ch\/fitness\/produkt\/matrix-icr50-indoor-cycle\/#primaryimage"},"thumbnailUrl":"https:\/\/rntl.ch\/fitness\/wp-content\/uploads\/sites\/3\/2023\/12\/1-1.png","datePublished":"2023-12-06T10:00:22+00:00","dateModified":"2024-10-22T14:10:03+00:00","description":"Miete, kaufe, oder finanziere f\u00fcr das Spinning Training zu Hause den Matrix ICR50 Indoor Cycle bei RNTL. Perfekt f\u00fcr dein Spinning Training zu Hause.","breadcrumb":{"@id":"https:\/\/rntl.ch\/fitness\/produkt\/matrix-icr50-indoor-cycle\/#breadcrumb"},"inLanguage":"de","potentialAction":[{"@type":"ReadAction","target":["https:\/\/rntl.ch\/fitness\/produkt\/matrix-icr50-indoor-cycle\/"]}]},{"@type":"ImageObject","inLanguage":"de","@id":"https:\/\/rntl.ch\/fitness\/produkt\/matrix-icr50-indoor-cycle\/#primaryimage","url":"https:\/\/rntl.ch\/fitness\/wp-content\/uploads\/sites\/3\/2023\/12\/1-1.png","contentUrl":"https:\/\/rntl.ch\/fitness\/wp-content\/uploads\/sites\/3\/2023\/12\/1-1.png","width":800,"height":800},{"@type":"BreadcrumbList","@id":"https:\/\/rntl.ch\/fitness\/produkt\/matrix-icr50-indoor-cycle\/#breadcrumb","itemListElement":[{"@type":"ListItem","position":1,"name":"Startseite","item":"https:\/\/rntl.ch\/fitness\/"},{"@type":"ListItem","position":2,"name":"Shop","item":"https:\/\/rntl.ch\/fitness\/shop\/"},{"@type":"ListItem","position":3,"name":"Matrix ICR50 Indoor Cycle"}]},{"@type":"WebSite","@id":"https:\/\/rntl.ch\/fitness\/#website","url":"https:\/\/rntl.ch\/fitness\/","name":"RNTL Fitness","description":"Mieten Einfach Anders","publisher":{"@id":"https:\/\/rntl.ch\/fitness\/#organization"},"potentialAction":[{"@type":"SearchAction","target":{"@type":"EntryPoint","urlTemplate":"https:\/\/rntl.ch\/fitness\/?s={search_term_string}"},"query-input":{"@type":"PropertyValueSpecification","valueRequired":true,"valueName":"search_term_string"}}],"inLanguage":"de"},{"@type":"Organization","@id":"https:\/\/rntl.ch\/fitness\/#organization","name":"RNTL Fitness","url":"https:\/\/rntl.ch\/fitness\/","logo":{"@type":"ImageObject","inLanguage":"de","@id":"https:\/\/rntl.ch\/fitness\/#\/schema\/logo\/image\/","url":"https:\/\/rntl.ch\/fitness\/wp-content\/uploads\/sites\/3\/2020\/11\/cropped-rntl_logo_white_530x150.png","contentUrl":"https:\/\/rntl.ch\/fitness\/wp-content\/uploads\/sites\/3\/2020\/11\/cropped-rntl_logo_white_530x150.png","width":530,"height":150,"caption":"RNTL Fitness"},"image":{"@id":"https:\/\/rntl.ch\/fitness\/#\/schema\/logo\/image\/"}}]}},"_links":{"self":[{"href":"https:\/\/rntl.ch\/fitness\/wp-json\/wp\/v2\/product\/25839","targetHints":{"allow":["GET"]}}],"collection":[{"href":"https:\/\/rntl.ch\/fitness\/wp-json\/wp\/v2\/product"}],"about":[{"href":"https:\/\/rntl.ch\/fitness\/wp-json\/wp\/v2\/types\/product"}],"version-history":[{"count":2,"href":"https:\/\/rntl.ch\/fitness\/wp-json\/wp\/v2\/product\/25839\/revisions"}],"predecessor-version":[{"id":30624,"href":"https:\/\/rntl.ch\/fitness\/wp-json\/wp\/v2\/product\/25839\/revisions\/30624"}],"wp:featuredmedia":[{"embeddable":true,"href":"https:\/\/rntl.ch\/fitness\/wp-json\/wp\/v2\/media\/25844"}],"wp:attachment":[{"href":"https:\/\/rntl.ch\/fitness\/wp-json\/wp\/v2\/media?parent=25839"}],"wp:term":[{"taxonomy":"product_brand","embeddable":true,"href":"https:\/\/rntl.ch\/fitness\/wp-json\/wp\/v2\/product_brand?post=25839"},{"taxonomy":"product_cat","embeddable":true,"href":"https:\/\/rntl.ch\/fitness\/wp-json\/wp\/v2\/product_cat?post=25839"},{"taxonomy":"product_tag","embeddable":true,"href":"https:\/\/rntl.ch\/fitness\/wp-json\/wp\/v2\/product_tag?post=25839"}],"curies":[{"name":"wp","href":"https:\/\/api.w.org\/{rel}","templated":true}]}}