{"id":25871,"date":"2023-12-06T19:39:49","date_gmt":"2023-12-06T18:39:49","guid":{"rendered":"https:\/\/rntl.ch\/fitness\/?post_type=product&#038;p=25871"},"modified":"2025-08-28T16:03:43","modified_gmt":"2025-08-28T14:03:43","slug":"hochwertige-horizon-fitness-elliptical-andes-7-1-jetzt-bei-uns-mieten-%f0%9f%8f%83%f0%9f%92%a8","status":"publish","type":"product","link":"https:\/\/rntl.ch\/fitness\/produkt\/hochwertige-horizon-fitness-elliptical-andes-7-1-jetzt-bei-uns-mieten-%f0%9f%8f%83%f0%9f%92%a8\/","title":{"rendered":"Horizon Fitness Elliptical Andes 7.1"},"content":{"rendered":"<p>Entdecke den klappbaren SixStar Vorderantrieb Elliptical mit Induktionsbremse von Horizon. Mit 30 elektronisch gesteuerten Widerst\u00e4nden und bewegungsdynamischen Pedalen bietet dieses Fitnessger\u00e4t ein intensives Trainingserlebnis. Zu den Extras geh\u00f6ren der EnergySaver Modus, eine Smart Device Halterung, One-Step Folding mit Easy-Lift Griff, ein Flaschenhalter und vieles mehr.<\/p>\n<p>Die integrierten Handpulssensoren und der Bluetooth Brustgurtempf\u00e4nger erm\u00f6glichen eine pr\u00e4zise Herzfrequenz\u00fcberwachung. Das 6.25\u201c Blue Backlit LC-Display zeigt Zeit, Distanz, Geschwindigkeit, Kalorienverbrauch, Herzfrequenz und mehr an. W\u00e4hle aus 14 verschiedenen Programmen, darunter Manuell, Intervalle, Fitness, Gewichtsverlust und Benutzerdefiniert.<\/p>\n<p>Genie\u00dfe Entertainment w\u00e4hrend des Trainings mit Sonic Surround Lautsprechern und der M\u00f6glichkeit, beliebte Fitness Apps wie @Zone, Kinomap und Zwift zu nutzen. Der Elliptical verf\u00fcgt \u00fcber eine Schrittl\u00e4nge von 50,8 cm, ein 8,5 kg Schwungrad und eine Aufstiegsh\u00f6he von 26,6 cm.<\/p>\n<p>Die Stellfl\u00e4che betr\u00e4gt 173x67x171 cm, die Klappma\u00dfe sind 102x67x171 cm. Das Produktgewicht betr\u00e4gt 79,5 kg, und das maximale Nutzergewicht liegt bei 136 kg. Hol dir jetzt dein ultimatives Heim-Fitnessger\u00e4t und erlebe ein effektives Trainingserlebnis bei dir zu Hause!<\/p>\n<p><iframe title=\"Horizon Fitness | Elliptical | Andes Sereis\" width=\"980\" height=\"551\" src=\"https:\/\/www.youtube.com\/embed\/cmdh6BO6Ifs?feature=oembed&#038;enablejsapi=1&#038;origin=https:\/\/rntl.ch\" frameborder=\"0\" allow=\"accelerometer; autoplay; clipboard-write; encrypted-media; gyroscope; picture-in-picture; web-share\" referrerpolicy=\"strict-origin-when-cross-origin\" allowfullscreen><\/iframe><\/p>\n<p>&nbsp;<\/p>\n","protected":false},"excerpt":{"rendered":"<p>Platzsparend und praktisch: Unser Ergometer verf\u00fcgt \u00fcber einen klappbaren Mechanismus f\u00fcr einfache Aufbewahrung und integrierte Transportrollen f\u00fcr m\u00fchelosen Transport.<\/p>\n<p><span style=\"font-weight: 400;\">[rntl_page_content id=\"19556\"]<\/span><\/p>\n<p>&nbsp;<\/p>\n<div class=\"woocommerce-product-details__short-description\">\n<p>&nbsp;<\/p>\n<\/div>\n","protected":false},"featured_media":23604,"template":"","meta":{"content-type":""},"product_brand":[],"product_cat":[23],"product_tag":[26,107],"class_list":{"0":"post-25871","1":"product","2":"type-product","3":"status-publish","4":"has-post-thumbnail","6":"product_cat-crosstrainer","7":"product_tag-kaufen","8":"product_tag-kaufen-neu","9":"product_shipping_class-mittel","10":"tm-no-options","12":"first","13":"instock","14":"sale","15":"taxable","16":"shipping-taxable","17":"purchasable","18":"product-type-simple"},"yoast_head":"<!-- This site is optimized with the Yoast SEO plugin v26.3 - https:\/\/yoast.com\/wordpress\/plugins\/seo\/ -->\n<title>Horizon Fitness Elliptical Andes 7.1 - RNTL Fitness<\/title>\n<meta name=\"description\" content=\"Miete, kaufe, oder finanziere f\u00fcr das Spinning Training zu Hause den Horizon Elliptical Andes 7.1 bei RNTL. Ein sehr beliebter Elliptical.\" \/>\n<meta name=\"robots\" content=\"index, follow, max-snippet:-1, max-image-preview:large, max-video-preview:-1\" \/>\n<link rel=\"canonical\" href=\"https:\/\/rntl.ch\/fitness\/produkt\/hochwertige-horizon-fitness-elliptical-andes-7-1-jetzt-bei-uns-mieten-\ud83c\udfc3\ud83d\udca8\/\" \/>\n<meta property=\"og:locale\" content=\"de_DE\" \/>\n<meta property=\"og:type\" content=\"article\" \/>\n<meta property=\"og:title\" content=\"Horizon Fitness Elliptical Andes 7.1 - RNTL Fitness\" \/>\n<meta property=\"og:description\" content=\"Miete, kaufe, oder finanziere f\u00fcr das Spinning Training zu Hause den Horizon Elliptical Andes 7.1 bei RNTL. Ein sehr beliebter Elliptical.\" \/>\n<meta property=\"og:url\" content=\"https:\/\/rntl.ch\/fitness\/produkt\/hochwertige-horizon-fitness-elliptical-andes-7-1-jetzt-bei-uns-mieten-\ud83c\udfc3\ud83d\udca8\/\" \/>\n<meta property=\"og:site_name\" content=\"RNTL Fitness\" \/>\n<meta property=\"article:modified_time\" content=\"2025-08-28T14:03:43+00:00\" \/>\n<meta property=\"og:image\" content=\"https:\/\/rntl.ch\/fitness\/wp-content\/uploads\/sites\/3\/2023\/07\/Horizon-Fitness-Elliptical-Ergometer-Andes-71-_-22217.jpeg\" \/>\n\t<meta property=\"og:image:width\" content=\"450\" \/>\n\t<meta property=\"og:image:height\" content=\"450\" \/>\n\t<meta property=\"og:image:type\" content=\"image\/jpeg\" \/>\n<meta name=\"twitter:card\" content=\"summary_large_image\" \/>\n<meta name=\"twitter:label1\" content=\"Gesch\u00e4tzte Lesezeit\" \/>\n\t<meta name=\"twitter:data1\" content=\"2\u00a0Minuten\" \/>\n<script type=\"application\/ld+json\" class=\"yoast-schema-graph\">{\"@context\":\"https:\/\/schema.org\",\"@graph\":[{\"@type\":\"WebPage\",\"@id\":\"https:\/\/rntl.ch\/fitness\/produkt\/hochwertige-horizon-fitness-elliptical-andes-7-1-jetzt-bei-uns-mieten-%f0%9f%8f%83%f0%9f%92%a8\/\",\"url\":\"https:\/\/rntl.ch\/fitness\/produkt\/hochwertige-horizon-fitness-elliptical-andes-7-1-jetzt-bei-uns-mieten-%f0%9f%8f%83%f0%9f%92%a8\/\",\"name\":\"Horizon Fitness Elliptical Andes 7.1 - RNTL Fitness\",\"isPartOf\":{\"@id\":\"https:\/\/rntl.ch\/fitness\/#website\"},\"primaryImageOfPage\":{\"@id\":\"https:\/\/rntl.ch\/fitness\/produkt\/hochwertige-horizon-fitness-elliptical-andes-7-1-jetzt-bei-uns-mieten-%f0%9f%8f%83%f0%9f%92%a8\/#primaryimage\"},\"image\":{\"@id\":\"https:\/\/rntl.ch\/fitness\/produkt\/hochwertige-horizon-fitness-elliptical-andes-7-1-jetzt-bei-uns-mieten-%f0%9f%8f%83%f0%9f%92%a8\/#primaryimage\"},\"thumbnailUrl\":\"https:\/\/rntl.ch\/fitness\/wp-content\/uploads\/sites\/3\/2023\/07\/Horizon-Fitness-Elliptical-Ergometer-Andes-71-_-22217.jpeg\",\"datePublished\":\"2023-12-06T18:39:49+00:00\",\"dateModified\":\"2025-08-28T14:03:43+00:00\",\"description\":\"Miete, kaufe, oder finanziere f\u00fcr das Spinning Training zu Hause den Horizon Elliptical Andes 7.1 bei RNTL. Ein sehr beliebter Elliptical.\",\"breadcrumb\":{\"@id\":\"https:\/\/rntl.ch\/fitness\/produkt\/hochwertige-horizon-fitness-elliptical-andes-7-1-jetzt-bei-uns-mieten-%f0%9f%8f%83%f0%9f%92%a8\/#breadcrumb\"},\"inLanguage\":\"de\",\"potentialAction\":[{\"@type\":\"ReadAction\",\"target\":[\"https:\/\/rntl.ch\/fitness\/produkt\/hochwertige-horizon-fitness-elliptical-andes-7-1-jetzt-bei-uns-mieten-%f0%9f%8f%83%f0%9f%92%a8\/\"]}]},{\"@type\":\"ImageObject\",\"inLanguage\":\"de\",\"@id\":\"https:\/\/rntl.ch\/fitness\/produkt\/hochwertige-horizon-fitness-elliptical-andes-7-1-jetzt-bei-uns-mieten-%f0%9f%8f%83%f0%9f%92%a8\/#primaryimage\",\"url\":\"https:\/\/rntl.ch\/fitness\/wp-content\/uploads\/sites\/3\/2023\/07\/Horizon-Fitness-Elliptical-Ergometer-Andes-71-_-22217.jpeg\",\"contentUrl\":\"https:\/\/rntl.ch\/fitness\/wp-content\/uploads\/sites\/3\/2023\/07\/Horizon-Fitness-Elliptical-Ergometer-Andes-71-_-22217.jpeg\",\"width\":450,\"height\":450},{\"@type\":\"BreadcrumbList\",\"@id\":\"https:\/\/rntl.ch\/fitness\/produkt\/hochwertige-horizon-fitness-elliptical-andes-7-1-jetzt-bei-uns-mieten-%f0%9f%8f%83%f0%9f%92%a8\/#breadcrumb\",\"itemListElement\":[{\"@type\":\"ListItem\",\"position\":1,\"name\":\"Startseite\",\"item\":\"https:\/\/rntl.ch\/fitness\/\"},{\"@type\":\"ListItem\",\"position\":2,\"name\":\"Shop\",\"item\":\"https:\/\/rntl.ch\/fitness\/shop\/\"},{\"@type\":\"ListItem\",\"position\":3,\"name\":\"Horizon Fitness Elliptical Andes 7.1\"}]},{\"@type\":\"WebSite\",\"@id\":\"https:\/\/rntl.ch\/fitness\/#website\",\"url\":\"https:\/\/rntl.ch\/fitness\/\",\"name\":\"RNTL Fitness\",\"description\":\"Mieten Einfach Anders\",\"publisher\":{\"@id\":\"https:\/\/rntl.ch\/fitness\/#organization\"},\"potentialAction\":[{\"@type\":\"SearchAction\",\"target\":{\"@type\":\"EntryPoint\",\"urlTemplate\":\"https:\/\/rntl.ch\/fitness\/?s={search_term_string}\"},\"query-input\":{\"@type\":\"PropertyValueSpecification\",\"valueRequired\":true,\"valueName\":\"search_term_string\"}}],\"inLanguage\":\"de\"},{\"@type\":\"Organization\",\"@id\":\"https:\/\/rntl.ch\/fitness\/#organization\",\"name\":\"RNTL Fitness\",\"url\":\"https:\/\/rntl.ch\/fitness\/\",\"logo\":{\"@type\":\"ImageObject\",\"inLanguage\":\"de\",\"@id\":\"https:\/\/rntl.ch\/fitness\/#\/schema\/logo\/image\/\",\"url\":\"https:\/\/rntl.ch\/fitness\/wp-content\/uploads\/sites\/3\/2020\/11\/cropped-rntl_logo_white_530x150.png\",\"contentUrl\":\"https:\/\/rntl.ch\/fitness\/wp-content\/uploads\/sites\/3\/2020\/11\/cropped-rntl_logo_white_530x150.png\",\"width\":530,\"height\":150,\"caption\":\"RNTL Fitness\"},\"image\":{\"@id\":\"https:\/\/rntl.ch\/fitness\/#\/schema\/logo\/image\/\"}}]}<\/script>\n<!-- \/ Yoast SEO plugin. -->","yoast_head_json":{"title":"Horizon Fitness Elliptical Andes 7.1 - RNTL Fitness","description":"Miete, kaufe, oder finanziere f\u00fcr das Spinning Training zu Hause den Horizon Elliptical Andes 7.1 bei RNTL. Ein sehr beliebter Elliptical.","robots":{"index":"index","follow":"follow","max-snippet":"max-snippet:-1","max-image-preview":"max-image-preview:large","max-video-preview":"max-video-preview:-1"},"canonical":"https:\/\/rntl.ch\/fitness\/produkt\/hochwertige-horizon-fitness-elliptical-andes-7-1-jetzt-bei-uns-mieten-\ud83c\udfc3\ud83d\udca8\/","og_locale":"de_DE","og_type":"article","og_title":"Horizon Fitness Elliptical Andes 7.1 - RNTL Fitness","og_description":"Miete, kaufe, oder finanziere f\u00fcr das Spinning Training zu Hause den Horizon Elliptical Andes 7.1 bei RNTL. Ein sehr beliebter Elliptical.","og_url":"https:\/\/rntl.ch\/fitness\/produkt\/hochwertige-horizon-fitness-elliptical-andes-7-1-jetzt-bei-uns-mieten-\ud83c\udfc3\ud83d\udca8\/","og_site_name":"RNTL Fitness","article_modified_time":"2025-08-28T14:03:43+00:00","og_image":[{"width":450,"height":450,"url":"https:\/\/rntl.ch\/fitness\/wp-content\/uploads\/sites\/3\/2023\/07\/Horizon-Fitness-Elliptical-Ergometer-Andes-71-_-22217.jpeg","type":"image\/jpeg"}],"twitter_card":"summary_large_image","twitter_misc":{"Gesch\u00e4tzte Lesezeit":"2\u00a0Minuten"},"schema":{"@context":"https:\/\/schema.org","@graph":[{"@type":"WebPage","@id":"https:\/\/rntl.ch\/fitness\/produkt\/hochwertige-horizon-fitness-elliptical-andes-7-1-jetzt-bei-uns-mieten-%f0%9f%8f%83%f0%9f%92%a8\/","url":"https:\/\/rntl.ch\/fitness\/produkt\/hochwertige-horizon-fitness-elliptical-andes-7-1-jetzt-bei-uns-mieten-%f0%9f%8f%83%f0%9f%92%a8\/","name":"Horizon Fitness Elliptical Andes 7.1 - RNTL Fitness","isPartOf":{"@id":"https:\/\/rntl.ch\/fitness\/#website"},"primaryImageOfPage":{"@id":"https:\/\/rntl.ch\/fitness\/produkt\/hochwertige-horizon-fitness-elliptical-andes-7-1-jetzt-bei-uns-mieten-%f0%9f%8f%83%f0%9f%92%a8\/#primaryimage"},"image":{"@id":"https:\/\/rntl.ch\/fitness\/produkt\/hochwertige-horizon-fitness-elliptical-andes-7-1-jetzt-bei-uns-mieten-%f0%9f%8f%83%f0%9f%92%a8\/#primaryimage"},"thumbnailUrl":"https:\/\/rntl.ch\/fitness\/wp-content\/uploads\/sites\/3\/2023\/07\/Horizon-Fitness-Elliptical-Ergometer-Andes-71-_-22217.jpeg","datePublished":"2023-12-06T18:39:49+00:00","dateModified":"2025-08-28T14:03:43+00:00","description":"Miete, kaufe, oder finanziere f\u00fcr das Spinning Training zu Hause den Horizon Elliptical Andes 7.1 bei RNTL. Ein sehr beliebter Elliptical.","breadcrumb":{"@id":"https:\/\/rntl.ch\/fitness\/produkt\/hochwertige-horizon-fitness-elliptical-andes-7-1-jetzt-bei-uns-mieten-%f0%9f%8f%83%f0%9f%92%a8\/#breadcrumb"},"inLanguage":"de","potentialAction":[{"@type":"ReadAction","target":["https:\/\/rntl.ch\/fitness\/produkt\/hochwertige-horizon-fitness-elliptical-andes-7-1-jetzt-bei-uns-mieten-%f0%9f%8f%83%f0%9f%92%a8\/"]}]},{"@type":"ImageObject","inLanguage":"de","@id":"https:\/\/rntl.ch\/fitness\/produkt\/hochwertige-horizon-fitness-elliptical-andes-7-1-jetzt-bei-uns-mieten-%f0%9f%8f%83%f0%9f%92%a8\/#primaryimage","url":"https:\/\/rntl.ch\/fitness\/wp-content\/uploads\/sites\/3\/2023\/07\/Horizon-Fitness-Elliptical-Ergometer-Andes-71-_-22217.jpeg","contentUrl":"https:\/\/rntl.ch\/fitness\/wp-content\/uploads\/sites\/3\/2023\/07\/Horizon-Fitness-Elliptical-Ergometer-Andes-71-_-22217.jpeg","width":450,"height":450},{"@type":"BreadcrumbList","@id":"https:\/\/rntl.ch\/fitness\/produkt\/hochwertige-horizon-fitness-elliptical-andes-7-1-jetzt-bei-uns-mieten-%f0%9f%8f%83%f0%9f%92%a8\/#breadcrumb","itemListElement":[{"@type":"ListItem","position":1,"name":"Startseite","item":"https:\/\/rntl.ch\/fitness\/"},{"@type":"ListItem","position":2,"name":"Shop","item":"https:\/\/rntl.ch\/fitness\/shop\/"},{"@type":"ListItem","position":3,"name":"Horizon Fitness Elliptical Andes 7.1"}]},{"@type":"WebSite","@id":"https:\/\/rntl.ch\/fitness\/#website","url":"https:\/\/rntl.ch\/fitness\/","name":"RNTL Fitness","description":"Mieten Einfach Anders","publisher":{"@id":"https:\/\/rntl.ch\/fitness\/#organization"},"potentialAction":[{"@type":"SearchAction","target":{"@type":"EntryPoint","urlTemplate":"https:\/\/rntl.ch\/fitness\/?s={search_term_string}"},"query-input":{"@type":"PropertyValueSpecification","valueRequired":true,"valueName":"search_term_string"}}],"inLanguage":"de"},{"@type":"Organization","@id":"https:\/\/rntl.ch\/fitness\/#organization","name":"RNTL Fitness","url":"https:\/\/rntl.ch\/fitness\/","logo":{"@type":"ImageObject","inLanguage":"de","@id":"https:\/\/rntl.ch\/fitness\/#\/schema\/logo\/image\/","url":"https:\/\/rntl.ch\/fitness\/wp-content\/uploads\/sites\/3\/2020\/11\/cropped-rntl_logo_white_530x150.png","contentUrl":"https:\/\/rntl.ch\/fitness\/wp-content\/uploads\/sites\/3\/2020\/11\/cropped-rntl_logo_white_530x150.png","width":530,"height":150,"caption":"RNTL Fitness"},"image":{"@id":"https:\/\/rntl.ch\/fitness\/#\/schema\/logo\/image\/"}}]}},"_links":{"self":[{"href":"https:\/\/rntl.ch\/fitness\/wp-json\/wp\/v2\/product\/25871","targetHints":{"allow":["GET"]}}],"collection":[{"href":"https:\/\/rntl.ch\/fitness\/wp-json\/wp\/v2\/product"}],"about":[{"href":"https:\/\/rntl.ch\/fitness\/wp-json\/wp\/v2\/types\/product"}],"version-history":[{"count":3,"href":"https:\/\/rntl.ch\/fitness\/wp-json\/wp\/v2\/product\/25871\/revisions"}],"predecessor-version":[{"id":35135,"href":"https:\/\/rntl.ch\/fitness\/wp-json\/wp\/v2\/product\/25871\/revisions\/35135"}],"wp:featuredmedia":[{"embeddable":true,"href":"https:\/\/rntl.ch\/fitness\/wp-json\/wp\/v2\/media\/23604"}],"wp:attachment":[{"href":"https:\/\/rntl.ch\/fitness\/wp-json\/wp\/v2\/media?parent=25871"}],"wp:term":[{"taxonomy":"product_brand","embeddable":true,"href":"https:\/\/rntl.ch\/fitness\/wp-json\/wp\/v2\/product_brand?post=25871"},{"taxonomy":"product_cat","embeddable":true,"href":"https:\/\/rntl.ch\/fitness\/wp-json\/wp\/v2\/product_cat?post=25871"},{"taxonomy":"product_tag","embeddable":true,"href":"https:\/\/rntl.ch\/fitness\/wp-json\/wp\/v2\/product_tag?post=25871"}],"curies":[{"name":"wp","href":"https:\/\/api.w.org\/{rel}","templated":true}]}}