{"id":25931,"date":"2023-12-08T14:54:35","date_gmt":"2023-12-08T13:54:35","guid":{"rendered":"https:\/\/rntl.ch\/fitness\/?post_type=product&#038;p=25931"},"modified":"2023-12-08T15:06:52","modified_gmt":"2023-12-08T14:06:52","slug":"assault-elite-air-bike","status":"publish","type":"product","link":"https:\/\/rntl.ch\/fitness\/produkt\/assault-elite-air-bike\/","title":{"rendered":"Assault Elite Air Bike"},"content":{"rendered":"<p>Entwickelt von einem engagierten Team von Sport- &amp; Fitnessingenieuren und unter st\u00e4ndiger Verbesserung durch Enthusiasten, Studio-Besitzer, Trainer, Therapeuten und Athleten, ist das Assault Air Bike etwas vom besten was der Markt zu bieten hat.<\/p>\n<p>Der gegen\u00fcber dem AirBike Classic nochmals verst\u00e4rkte Rahmen wird aus hoch strapazierf\u00e4higem Stahl produziert und mit einer Pulverschichtlackierung \u00fcberzogen. Um die Haltbarkeit und Stabilit\u00e4t zu garantieren, sind alle beweglichen Teile mit hochwertigen Industrielagern ausgestattet.<\/p>\n<p>Das Assault AirBike ist individuell und unlimitiert einstellbar, um ein uneingeschr\u00e4nktes Training zu erm\u00f6glichen. Ob gleichm\u00e4ssige Trainings nach Herzfrequenz, oder high-intensity Intervall Training, mit dem Assault AirBike ist alles m\u00f6glich. Dieses hochintensive Training wird durch das gleichzeitige ziehen, schieben und treten erreicht.<\/p>\n<p><strong>Ausstattung:<\/strong><\/p>\n<ul>\n<li>Luftwiderstandssystem &#8211; der Widerstand wird durch das Luftwiderstandssystem durch die Anzahl der Umdrehungen stufenlos geregelt &#8211; je schneller man tritt, desto h\u00f6her der Widerstand &#8211; das Modell Elite bietet gegen\u00fcber dem Classic einen h\u00f6heren Widerstand wenn die Geschwindigkeit erh\u00f6ht wird.<\/li>\n<li>69cm Stahl-Windrad<\/li>\n<li>abnehmbarer Windschutz<\/li>\n<li>M\u00f6glichkeit vorw\u00e4rts und r\u00fcckw\u00e4rts zu treten um das Training zu variieren<\/li>\n<li>hochwertiges Kettenantriebssystem f\u00fcr eine optimale Leistungs\u00fcbertragung<\/li>\n<li>\u00dcbersetzungsverh\u00e4ltnis: 1:2.875<\/li>\n<li>Trainingscomputer mit LCD-Fenster und Anzeige f\u00fcr\u00a0Zeit,\u00a0Strecke,\u00a0Geschwindigkeit,\u00a0Watt (Wattanzeige f\u00fcr 5-150 RPM kalibriert),\u00a0RPM,\u00a0Kalorien,\u00a0Puls<\/li>\n<li>Bluetooth- und ANT+-kompatibel<\/li>\n<li>Dual-Action-Design &#8211; die Bewegung der Arme und Beine verl\u00e4uft synchron f\u00fcr einen nat\u00fcrlichen Bewegungsablauf<\/li>\n<li>Fussraster f\u00fcr\u00a0ein isoliertes Oberk\u00f6rpertraining<\/li>\n<li>netzunabh\u00e4ngige Stromversorgung (Batterie)<\/li>\n<li>8 Trainingsprogramme<\/li>\n<li>Herzfrequenz: telemetrisch<\/li>\n<li>tiefer Einstieg<\/li>\n<li>Transportrollen vorne<\/li>\n<li>ergonomischer Comfort Sitz<\/li>\n<li>Schnellverstellung der Sitzh\u00f6he<\/li>\n<li>vertikale Sattelverstellung<\/li>\n<\/ul>\n<p>Einsatz: Heimbereich bis kommerzieller Dauereinsatz, Nutzlast: ca. 155kg<br \/>\nGer\u00e4temasse: L130 x B60 x H123cm, Gewicht 63kg<br \/>\nZubeh\u00f6r: integrierter Empf\u00e4nger f\u00fcr Brustgurt-Sender<br \/>\nOptionen: Puls-Sendergurt (Bluetooth-Sendergurt Polar H10)<br \/>\nGarantie: 2 Jahre auf Arbeit und Ersatzteile im Heimbereich, 1 Jahr auf Arbeit und Ersatzteile im kommerziellen Einsatz<\/p>\n<p>&nbsp;<\/p>\n<p><iframe title=\"YouTube video player\" src=\"https:\/\/www.youtube.com\/embed\/JHKYvDfobXE\" width=\"560\" height=\"315\" frameborder=\"0\" data-mce-fragment=\"1\"><\/iframe><\/p>\n<p>&nbsp;<\/p>\n<p><iframe title=\"YouTube video player\" src=\"https:\/\/www.youtube.com\/embed\/9CwD2nZPXnw\" width=\"560\" height=\"315\" frameborder=\"0\" data-mce-fragment=\"1\"><\/iframe><\/p>\n","protected":false},"excerpt":{"rendered":"<p>F\u00fcr diejenigen, die das Original lieben und ihr Intervalltraining auf das n\u00e4chste Level bringen wollen.<\/p>\n<p><strong>Kaufpreis [woo_custom_field id=\"rntl_retail_price_field\"].-<\/strong><\/p>\n[rntl_page_content id=\"14687\"]\n<div class=\"woocommerce-product-details__short-description\">\n<p>&nbsp;<\/p>\n<\/div>\n","protected":false},"featured_media":25936,"template":"","meta":{"content-type":""},"product_brand":[],"product_cat":[25],"product_tag":[112],"class_list":{"0":"post-25931","1":"product","2":"type-product","3":"status-publish","4":"has-post-thumbnail","6":"product_cat-hometrainer","7":"product_tag-mieten","8":"product_shipping_class-leicht","9":"tm-no-options","11":"first","12":"instock","13":"taxable","14":"shipping-taxable","15":"purchasable","16":"product-type-variable-subscription","17":"has-default-attributes"},"yoast_head":"<!-- This site is optimized with the Yoast SEO plugin v26.3 - https:\/\/yoast.com\/wordpress\/plugins\/seo\/ -->\n<title>Assault Elite Air Bike - RNTL Fitness<\/title>\n<meta name=\"description\" content=\"Miete, kaufe, oder finanziere f\u00fcr das Spinning Training zu Hause den ASSAULT Elite Air Bike bei RNTL. Perfekt f\u00fcr dein Spinning Training zu Hause.\" \/>\n<meta name=\"robots\" content=\"index, follow, max-snippet:-1, max-image-preview:large, max-video-preview:-1\" \/>\n<link rel=\"canonical\" href=\"https:\/\/rntl.ch\/fitness\/produkt\/assault-elite-air-bike\/\" \/>\n<meta property=\"og:locale\" content=\"de_DE\" \/>\n<meta property=\"og:type\" content=\"article\" \/>\n<meta property=\"og:title\" content=\"Assault Elite Air Bike - RNTL Fitness\" \/>\n<meta property=\"og:description\" content=\"Miete, kaufe, oder finanziere f\u00fcr das Spinning Training zu Hause den ASSAULT Elite Air Bike bei RNTL. Perfekt f\u00fcr dein Spinning Training zu Hause.\" \/>\n<meta property=\"og:url\" content=\"https:\/\/rntl.ch\/fitness\/produkt\/assault-elite-air-bike\/\" \/>\n<meta property=\"og:site_name\" content=\"RNTL Fitness\" \/>\n<meta property=\"article:modified_time\" content=\"2023-12-08T14:06:52+00:00\" \/>\n<meta property=\"og:image\" content=\"https:\/\/rntl.ch\/fitness\/wp-content\/uploads\/sites\/3\/2023\/12\/1-3.png\" \/>\n\t<meta property=\"og:image:width\" content=\"800\" \/>\n\t<meta property=\"og:image:height\" content=\"800\" \/>\n\t<meta property=\"og:image:type\" content=\"image\/png\" \/>\n<meta name=\"twitter:card\" content=\"summary_large_image\" \/>\n<meta name=\"twitter:label1\" content=\"Gesch\u00e4tzte Lesezeit\" \/>\n\t<meta name=\"twitter:data1\" content=\"2\u00a0Minuten\" \/>\n<script type=\"application\/ld+json\" class=\"yoast-schema-graph\">{\"@context\":\"https:\/\/schema.org\",\"@graph\":[{\"@type\":\"WebPage\",\"@id\":\"https:\/\/rntl.ch\/fitness\/produkt\/assault-elite-air-bike\/\",\"url\":\"https:\/\/rntl.ch\/fitness\/produkt\/assault-elite-air-bike\/\",\"name\":\"Assault Elite Air Bike - RNTL Fitness\",\"isPartOf\":{\"@id\":\"https:\/\/rntl.ch\/fitness\/#website\"},\"primaryImageOfPage\":{\"@id\":\"https:\/\/rntl.ch\/fitness\/produkt\/assault-elite-air-bike\/#primaryimage\"},\"image\":{\"@id\":\"https:\/\/rntl.ch\/fitness\/produkt\/assault-elite-air-bike\/#primaryimage\"},\"thumbnailUrl\":\"https:\/\/rntl.ch\/fitness\/wp-content\/uploads\/sites\/3\/2023\/12\/1-3.png\",\"datePublished\":\"2023-12-08T13:54:35+00:00\",\"dateModified\":\"2023-12-08T14:06:52+00:00\",\"description\":\"Miete, kaufe, oder finanziere f\u00fcr das Spinning Training zu Hause den ASSAULT Elite Air Bike bei RNTL. Perfekt f\u00fcr dein Spinning Training zu Hause.\",\"breadcrumb\":{\"@id\":\"https:\/\/rntl.ch\/fitness\/produkt\/assault-elite-air-bike\/#breadcrumb\"},\"inLanguage\":\"de\",\"potentialAction\":[{\"@type\":\"ReadAction\",\"target\":[\"https:\/\/rntl.ch\/fitness\/produkt\/assault-elite-air-bike\/\"]}]},{\"@type\":\"ImageObject\",\"inLanguage\":\"de\",\"@id\":\"https:\/\/rntl.ch\/fitness\/produkt\/assault-elite-air-bike\/#primaryimage\",\"url\":\"https:\/\/rntl.ch\/fitness\/wp-content\/uploads\/sites\/3\/2023\/12\/1-3.png\",\"contentUrl\":\"https:\/\/rntl.ch\/fitness\/wp-content\/uploads\/sites\/3\/2023\/12\/1-3.png\",\"width\":800,\"height\":800},{\"@type\":\"BreadcrumbList\",\"@id\":\"https:\/\/rntl.ch\/fitness\/produkt\/assault-elite-air-bike\/#breadcrumb\",\"itemListElement\":[{\"@type\":\"ListItem\",\"position\":1,\"name\":\"Startseite\",\"item\":\"https:\/\/rntl.ch\/fitness\/\"},{\"@type\":\"ListItem\",\"position\":2,\"name\":\"Shop\",\"item\":\"https:\/\/rntl.ch\/fitness\/shop\/\"},{\"@type\":\"ListItem\",\"position\":3,\"name\":\"Assault Elite Air Bike\"}]},{\"@type\":\"WebSite\",\"@id\":\"https:\/\/rntl.ch\/fitness\/#website\",\"url\":\"https:\/\/rntl.ch\/fitness\/\",\"name\":\"RNTL Fitness\",\"description\":\"Mieten Einfach Anders\",\"publisher\":{\"@id\":\"https:\/\/rntl.ch\/fitness\/#organization\"},\"potentialAction\":[{\"@type\":\"SearchAction\",\"target\":{\"@type\":\"EntryPoint\",\"urlTemplate\":\"https:\/\/rntl.ch\/fitness\/?s={search_term_string}\"},\"query-input\":{\"@type\":\"PropertyValueSpecification\",\"valueRequired\":true,\"valueName\":\"search_term_string\"}}],\"inLanguage\":\"de\"},{\"@type\":\"Organization\",\"@id\":\"https:\/\/rntl.ch\/fitness\/#organization\",\"name\":\"RNTL Fitness\",\"url\":\"https:\/\/rntl.ch\/fitness\/\",\"logo\":{\"@type\":\"ImageObject\",\"inLanguage\":\"de\",\"@id\":\"https:\/\/rntl.ch\/fitness\/#\/schema\/logo\/image\/\",\"url\":\"https:\/\/rntl.ch\/fitness\/wp-content\/uploads\/sites\/3\/2020\/11\/cropped-rntl_logo_white_530x150.png\",\"contentUrl\":\"https:\/\/rntl.ch\/fitness\/wp-content\/uploads\/sites\/3\/2020\/11\/cropped-rntl_logo_white_530x150.png\",\"width\":530,\"height\":150,\"caption\":\"RNTL Fitness\"},\"image\":{\"@id\":\"https:\/\/rntl.ch\/fitness\/#\/schema\/logo\/image\/\"}}]}<\/script>\n<!-- \/ Yoast SEO plugin. -->","yoast_head_json":{"title":"Assault Elite Air Bike - RNTL Fitness","description":"Miete, kaufe, oder finanziere f\u00fcr das Spinning Training zu Hause den ASSAULT Elite Air Bike bei RNTL. Perfekt f\u00fcr dein Spinning Training zu Hause.","robots":{"index":"index","follow":"follow","max-snippet":"max-snippet:-1","max-image-preview":"max-image-preview:large","max-video-preview":"max-video-preview:-1"},"canonical":"https:\/\/rntl.ch\/fitness\/produkt\/assault-elite-air-bike\/","og_locale":"de_DE","og_type":"article","og_title":"Assault Elite Air Bike - RNTL Fitness","og_description":"Miete, kaufe, oder finanziere f\u00fcr das Spinning Training zu Hause den ASSAULT Elite Air Bike bei RNTL. Perfekt f\u00fcr dein Spinning Training zu Hause.","og_url":"https:\/\/rntl.ch\/fitness\/produkt\/assault-elite-air-bike\/","og_site_name":"RNTL Fitness","article_modified_time":"2023-12-08T14:06:52+00:00","og_image":[{"width":800,"height":800,"url":"https:\/\/rntl.ch\/fitness\/wp-content\/uploads\/sites\/3\/2023\/12\/1-3.png","type":"image\/png"}],"twitter_card":"summary_large_image","twitter_misc":{"Gesch\u00e4tzte Lesezeit":"2\u00a0Minuten"},"schema":{"@context":"https:\/\/schema.org","@graph":[{"@type":"WebPage","@id":"https:\/\/rntl.ch\/fitness\/produkt\/assault-elite-air-bike\/","url":"https:\/\/rntl.ch\/fitness\/produkt\/assault-elite-air-bike\/","name":"Assault Elite Air Bike - RNTL Fitness","isPartOf":{"@id":"https:\/\/rntl.ch\/fitness\/#website"},"primaryImageOfPage":{"@id":"https:\/\/rntl.ch\/fitness\/produkt\/assault-elite-air-bike\/#primaryimage"},"image":{"@id":"https:\/\/rntl.ch\/fitness\/produkt\/assault-elite-air-bike\/#primaryimage"},"thumbnailUrl":"https:\/\/rntl.ch\/fitness\/wp-content\/uploads\/sites\/3\/2023\/12\/1-3.png","datePublished":"2023-12-08T13:54:35+00:00","dateModified":"2023-12-08T14:06:52+00:00","description":"Miete, kaufe, oder finanziere f\u00fcr das Spinning Training zu Hause den ASSAULT Elite Air Bike bei RNTL. Perfekt f\u00fcr dein Spinning Training zu Hause.","breadcrumb":{"@id":"https:\/\/rntl.ch\/fitness\/produkt\/assault-elite-air-bike\/#breadcrumb"},"inLanguage":"de","potentialAction":[{"@type":"ReadAction","target":["https:\/\/rntl.ch\/fitness\/produkt\/assault-elite-air-bike\/"]}]},{"@type":"ImageObject","inLanguage":"de","@id":"https:\/\/rntl.ch\/fitness\/produkt\/assault-elite-air-bike\/#primaryimage","url":"https:\/\/rntl.ch\/fitness\/wp-content\/uploads\/sites\/3\/2023\/12\/1-3.png","contentUrl":"https:\/\/rntl.ch\/fitness\/wp-content\/uploads\/sites\/3\/2023\/12\/1-3.png","width":800,"height":800},{"@type":"BreadcrumbList","@id":"https:\/\/rntl.ch\/fitness\/produkt\/assault-elite-air-bike\/#breadcrumb","itemListElement":[{"@type":"ListItem","position":1,"name":"Startseite","item":"https:\/\/rntl.ch\/fitness\/"},{"@type":"ListItem","position":2,"name":"Shop","item":"https:\/\/rntl.ch\/fitness\/shop\/"},{"@type":"ListItem","position":3,"name":"Assault Elite Air Bike"}]},{"@type":"WebSite","@id":"https:\/\/rntl.ch\/fitness\/#website","url":"https:\/\/rntl.ch\/fitness\/","name":"RNTL Fitness","description":"Mieten Einfach Anders","publisher":{"@id":"https:\/\/rntl.ch\/fitness\/#organization"},"potentialAction":[{"@type":"SearchAction","target":{"@type":"EntryPoint","urlTemplate":"https:\/\/rntl.ch\/fitness\/?s={search_term_string}"},"query-input":{"@type":"PropertyValueSpecification","valueRequired":true,"valueName":"search_term_string"}}],"inLanguage":"de"},{"@type":"Organization","@id":"https:\/\/rntl.ch\/fitness\/#organization","name":"RNTL Fitness","url":"https:\/\/rntl.ch\/fitness\/","logo":{"@type":"ImageObject","inLanguage":"de","@id":"https:\/\/rntl.ch\/fitness\/#\/schema\/logo\/image\/","url":"https:\/\/rntl.ch\/fitness\/wp-content\/uploads\/sites\/3\/2020\/11\/cropped-rntl_logo_white_530x150.png","contentUrl":"https:\/\/rntl.ch\/fitness\/wp-content\/uploads\/sites\/3\/2020\/11\/cropped-rntl_logo_white_530x150.png","width":530,"height":150,"caption":"RNTL Fitness"},"image":{"@id":"https:\/\/rntl.ch\/fitness\/#\/schema\/logo\/image\/"}}]}},"_links":{"self":[{"href":"https:\/\/rntl.ch\/fitness\/wp-json\/wp\/v2\/product\/25931","targetHints":{"allow":["GET"]}}],"collection":[{"href":"https:\/\/rntl.ch\/fitness\/wp-json\/wp\/v2\/product"}],"about":[{"href":"https:\/\/rntl.ch\/fitness\/wp-json\/wp\/v2\/types\/product"}],"version-history":[{"count":0,"href":"https:\/\/rntl.ch\/fitness\/wp-json\/wp\/v2\/product\/25931\/revisions"}],"wp:featuredmedia":[{"embeddable":true,"href":"https:\/\/rntl.ch\/fitness\/wp-json\/wp\/v2\/media\/25936"}],"wp:attachment":[{"href":"https:\/\/rntl.ch\/fitness\/wp-json\/wp\/v2\/media?parent=25931"}],"wp:term":[{"taxonomy":"product_brand","embeddable":true,"href":"https:\/\/rntl.ch\/fitness\/wp-json\/wp\/v2\/product_brand?post=25931"},{"taxonomy":"product_cat","embeddable":true,"href":"https:\/\/rntl.ch\/fitness\/wp-json\/wp\/v2\/product_cat?post=25931"},{"taxonomy":"product_tag","embeddable":true,"href":"https:\/\/rntl.ch\/fitness\/wp-json\/wp\/v2\/product_tag?post=25931"}],"curies":[{"name":"wp","href":"https:\/\/api.w.org\/{rel}","templated":true}]}}