{"id":25980,"date":"2023-12-08T15:57:14","date_gmt":"2023-12-08T14:57:14","guid":{"rendered":"https:\/\/rntl.ch\/fitness\/?post_type=product&#038;p=25980"},"modified":"2023-12-08T16:00:51","modified_gmt":"2023-12-08T15:00:51","slug":"assault-runner-elite","status":"publish","type":"product","link":"https:\/\/rntl.ch\/fitness\/produkt\/assault-runner-elite\/","title":{"rendered":"Assault Runner Elite"},"content":{"rendered":"<p style=\"font-weight: 400;\">Der AssaultRunner Elite ist so konzipiert, dass er das Laufen \u00fcber der Erde auf nat\u00fcrliche Weise nachahmt und es den Athleten erm\u00f6glicht, die Grenzen ihres Trainings zu testen und gleichzeitig die richtige Laufform und -technik zu f\u00f6rdern. Das nicht motorisierte Design bedeutet, dass Sie immer die Kontrolle \u00fcber Ihre Geschwindigkeit haben, was dieses Laufband zum perfekten Laufband f\u00fcr L\u00e4ufer aller Leistungsstufen macht.<\/p>\n<ul style=\"font-weight: 400;\">\n<li>verbrennt mehr Kalorien als ein motorisiertes Laufband<\/li>\n<li>aufprallarmes Design reduziert das Verletzungsrisiko<\/li>\n<li>stossd\u00e4mpfender G\u00fcrtel<\/li>\n<li>unbegrenzte Geschwindigkeitsm\u00f6glichkeiten<\/li>\n<\/ul>\n<p style=\"font-weight: 400;\">Die spezielle Form des Assault Fitness Lamellenlaufbandes erm\u00f6glicht den Trainierenden das Band aus eigener Kraft anzutreiben. Automatisch und auf nat\u00fcrliche Art kann man die Geschwindigkeit von normalem Gang \u00fcber Joggen bis hin zum Sprint regulieren. Das funktioniert ohne eine Einstellung zu t\u00e4tigen. Diese Technik bringt dem Trainierenden einen bis zu 30% h\u00f6heren Kalorienverbrauch. Das Laufband ben\u00f6tigt kein Strom. Die Lamellentechnik generiert ein nat\u00fcrliches Laufgef\u00fchl. Es arbeitet reibungslos. Durch die besonders leichte Lamellenkonstruktion kann der L\u00e4ufer die Laufgeschwindigkeit einfach und schnell anpassen.<\/p>\n<p style=\"font-weight: 400;\">Innovativ ist die geschwungene Form. Patentiert ist die Bauweise. Sie bringt den L\u00e4ufer automatisch dazu den Fuss auf ganz nat\u00fcrliche Weise zu bewegen. Die Schrittl\u00e4nge passt sich an und der Fuss wird \u00fcber den Ballen abgerollt. Diese ist extrem angenehm und schonend f\u00fcr die Gelenke.<\/p>\n<p style=\"font-weight: 400;\">Die Lauffl\u00e4che wurde so entwickelt, dass man sie auch mit geringem Eigengewicht ansteuern kann. Die Konstruktion in Verbindung mit speziellen Kunststoff-Materialien erzeugt zusammen genau die richtige Federung und D\u00e4mpfung. Das Ger\u00e4t h\u00e4lt so h\u00f6chster Belastung stand und verspricht eine lange Lebensdauer.<\/p>\n<p style=\"font-weight: 400;\">Das spezielle Laufbandg\u00fcrtel-System ist das Herzst\u00fcck des Ger\u00e4tes. Es wird gef\u00fchrt durch eine hohe Anzahl von Pr\u00e4zisionskugellager und Hochleistungs-Rollen. Das Ergebnis ist ein belastungsf\u00e4higes Ger\u00e4t mit null Wartung.<\/p>\n<ul style=\"font-weight: 400;\">\n<li>Lauffl\u00e4che 155 x 43cm<\/li>\n<li>Laufh\u00f6he ca. 44cm<\/li>\n<li>Reibungslos<\/li>\n<li>Hervorragende D\u00e4mpfung<\/li>\n<li>Lamellentechnik generiert ein nat\u00fcrliches Laufgef\u00fchl<\/li>\n<li>keine Maximalgeschwindigkeit<\/li>\n<li>in wenigen Schritten auf Sprinttempo &#8211; ideal f\u00fcr HIIT-Training<\/li>\n<li>bogenf\u00f6rmige Lauffl\u00e4che f\u00fcr gute Laufergonomie<\/li>\n<li>Gehen und Laufen wie in freier Natur<\/li>\n<li>eigener Antrieb, dadurch bis zu 30% h\u00f6herer Kalorienverbrauch<\/li>\n<li>Beanspruchung von zus\u00e4tzlichen Muskelgruppen durch Eigenantrieb &#8211; kein unterst\u00fctzender Motor<\/li>\n<li>geeignete K\u00f6rpergr\u00f6sse von 150cm bis 194cm<\/li>\n<li>Kein Kabel, kein Strom<\/li>\n<li>Einfachste Bedienung<\/li>\n<li>Wartungsarm<\/li>\n<li>Solider Stahlrahmen und Handl\u00e4ufe<\/li>\n<li>Korrosionsbest\u00e4ndige Hardware<\/li>\n<li>Hochbelastbare Ovalrohre an den St\u00fctzen mit TPU-Griffmaterial \u00fcberzogen<\/li>\n<li>Rostbest\u00e4ndiger zinkhaltiger Grundanstrich<\/li>\n<li>LCD Bildschirm mit High Contrast und Anzeige von\u00a0Zeit,\u00a0Strecke,\u00a0Geschwindigkeit,\u00a0Pace,\u00a0Kalorien,\u00a0Puls, Trainingsprofile<\/li>\n<li>Trainingsprogramme: Quick Start, Intervalle (20\/10, 10\/20, Custom), Targets (Time, Distanz, Kalorien, Herzfrequenz),\u00a0Wettbewerbsmodus<\/li>\n<li>Bluetooth Schnittstelle zum Verbinden von Bluetooth-Sendergurt und \u00dcbertragung der Daten auf Assault Fitness APP<\/li>\n<li>zwei Wasserflaschenhalterungen<\/li>\n<li>multifunktionales Staufach in der Mitte<\/li>\n<li>gr\u00f6ssere Seitenteile zur einfachen Platzierung der F\u00fcsse<\/li>\n<\/ul>\n<p style=\"font-weight: 400;\">Einsatz: Heimbereich bis kommerzieller Dauereinsatz, Nutzlast: ca. 181kg<br \/>\nGer\u00e4temasse: L177,5 x B80,4 x H163,5cm, Gewicht 131,2kg<br \/>\nZubeh\u00f6r: integrierter Empf\u00e4nger f\u00fcr Brustgurt-Sender<br \/>\nOptionen: Bluetooth-Sendergurt<br \/>\nGarantie: Heimbereich: 2 Jahre auf Arbeit und Ersatzteile: leicht-institutioneller bis kommerzieller Dauereinsatz: 1 Jahr auf Arbeit und Ersatzteile<\/p>\n<p><iframe title=\"Assault University: AirRunner Technique - Standing, Walking, and Running\" width=\"980\" height=\"551\" src=\"https:\/\/www.youtube.com\/embed\/3u7DNbC0U9o?feature=oembed\" frameborder=\"0\" allow=\"accelerometer; autoplay; clipboard-write; encrypted-media; gyroscope; picture-in-picture; web-share\" allowfullscreen><\/iframe><\/p>\n<p>&nbsp;<\/p>\n","protected":false},"excerpt":{"rendered":"<p>Das AirRunner Elite Lamellenlaufband von Assault Fitness ohne Motor &#8211; keine Stromkosten &#8211; wartungsfrei &#8211; 100% Lauferlebnis.<\/p>\n<p><span style=\"font-weight: 400;\">[rntl_page_content id=\"19556\"]<\/span><\/p>\n<div class=\"woocommerce-product-details__short-description\">\n<p>&nbsp;<\/p>\n<\/div>\n","protected":false},"featured_media":25976,"template":"","meta":{"content-type":""},"product_brand":[],"product_cat":[28],"product_tag":[26,107],"class_list":{"0":"post-25980","1":"product","2":"type-product","3":"status-publish","4":"has-post-thumbnail","6":"product_cat-laufbaender","7":"product_tag-kaufen","8":"product_tag-kaufen-neu","9":"product_shipping_class-schwer","10":"tm-no-options","12":"first","13":"instock","14":"sale","15":"taxable","16":"shipping-taxable","17":"purchasable","18":"product-type-simple"},"yoast_head":"<!-- This site is optimized with the Yoast SEO plugin v26.3 - https:\/\/yoast.com\/wordpress\/plugins\/seo\/ -->\n<title>Assault Runner Elite - RNTL Fitness<\/title>\n<meta name=\"description\" content=\"Miete, kaufe, oder finanziere f\u00fcr das Training zu Hause das Assault Air Runner Pro bei RNTL. Sehr hochwertiges Laufband von Assault.\" \/>\n<meta name=\"robots\" content=\"index, follow, max-snippet:-1, max-image-preview:large, max-video-preview:-1\" \/>\n<link rel=\"canonical\" href=\"https:\/\/rntl.ch\/fitness\/produkt\/assault-runner-elite\/\" \/>\n<meta property=\"og:locale\" content=\"de_DE\" \/>\n<meta property=\"og:type\" content=\"article\" \/>\n<meta property=\"og:title\" content=\"Assault Runner Elite - RNTL Fitness\" \/>\n<meta property=\"og:description\" content=\"Miete, kaufe, oder finanziere f\u00fcr das Training zu Hause das Assault Air Runner Pro bei RNTL. Sehr hochwertiges Laufband von Assault.\" \/>\n<meta property=\"og:url\" content=\"https:\/\/rntl.ch\/fitness\/produkt\/assault-runner-elite\/\" \/>\n<meta property=\"og:site_name\" content=\"RNTL Fitness\" \/>\n<meta property=\"article:modified_time\" content=\"2023-12-08T15:00:51+00:00\" \/>\n<meta property=\"og:image\" content=\"https:\/\/rntl.ch\/fitness\/wp-content\/uploads\/sites\/3\/2023\/12\/1-5.png\" \/>\n\t<meta property=\"og:image:width\" content=\"800\" \/>\n\t<meta property=\"og:image:height\" content=\"800\" \/>\n\t<meta property=\"og:image:type\" content=\"image\/png\" \/>\n<meta name=\"twitter:card\" content=\"summary_large_image\" \/>\n<meta name=\"twitter:label1\" content=\"Gesch\u00e4tzte Lesezeit\" \/>\n\t<meta name=\"twitter:data1\" content=\"3\u00a0Minuten\" \/>\n<script type=\"application\/ld+json\" class=\"yoast-schema-graph\">{\"@context\":\"https:\/\/schema.org\",\"@graph\":[{\"@type\":\"WebPage\",\"@id\":\"https:\/\/rntl.ch\/fitness\/produkt\/assault-runner-elite\/\",\"url\":\"https:\/\/rntl.ch\/fitness\/produkt\/assault-runner-elite\/\",\"name\":\"Assault Runner Elite - RNTL Fitness\",\"isPartOf\":{\"@id\":\"https:\/\/rntl.ch\/fitness\/#website\"},\"primaryImageOfPage\":{\"@id\":\"https:\/\/rntl.ch\/fitness\/produkt\/assault-runner-elite\/#primaryimage\"},\"image\":{\"@id\":\"https:\/\/rntl.ch\/fitness\/produkt\/assault-runner-elite\/#primaryimage\"},\"thumbnailUrl\":\"https:\/\/rntl.ch\/fitness\/wp-content\/uploads\/sites\/3\/2023\/12\/1-5.png\",\"datePublished\":\"2023-12-08T14:57:14+00:00\",\"dateModified\":\"2023-12-08T15:00:51+00:00\",\"description\":\"Miete, kaufe, oder finanziere f\u00fcr das Training zu Hause das Assault Air Runner Pro bei RNTL. Sehr hochwertiges Laufband von Assault.\",\"breadcrumb\":{\"@id\":\"https:\/\/rntl.ch\/fitness\/produkt\/assault-runner-elite\/#breadcrumb\"},\"inLanguage\":\"de\",\"potentialAction\":[{\"@type\":\"ReadAction\",\"target\":[\"https:\/\/rntl.ch\/fitness\/produkt\/assault-runner-elite\/\"]}]},{\"@type\":\"ImageObject\",\"inLanguage\":\"de\",\"@id\":\"https:\/\/rntl.ch\/fitness\/produkt\/assault-runner-elite\/#primaryimage\",\"url\":\"https:\/\/rntl.ch\/fitness\/wp-content\/uploads\/sites\/3\/2023\/12\/1-5.png\",\"contentUrl\":\"https:\/\/rntl.ch\/fitness\/wp-content\/uploads\/sites\/3\/2023\/12\/1-5.png\",\"width\":800,\"height\":800},{\"@type\":\"BreadcrumbList\",\"@id\":\"https:\/\/rntl.ch\/fitness\/produkt\/assault-runner-elite\/#breadcrumb\",\"itemListElement\":[{\"@type\":\"ListItem\",\"position\":1,\"name\":\"Startseite\",\"item\":\"https:\/\/rntl.ch\/fitness\/\"},{\"@type\":\"ListItem\",\"position\":2,\"name\":\"Shop\",\"item\":\"https:\/\/rntl.ch\/fitness\/shop\/\"},{\"@type\":\"ListItem\",\"position\":3,\"name\":\"Assault Runner Elite\"}]},{\"@type\":\"WebSite\",\"@id\":\"https:\/\/rntl.ch\/fitness\/#website\",\"url\":\"https:\/\/rntl.ch\/fitness\/\",\"name\":\"RNTL Fitness\",\"description\":\"Mieten Einfach Anders\",\"publisher\":{\"@id\":\"https:\/\/rntl.ch\/fitness\/#organization\"},\"potentialAction\":[{\"@type\":\"SearchAction\",\"target\":{\"@type\":\"EntryPoint\",\"urlTemplate\":\"https:\/\/rntl.ch\/fitness\/?s={search_term_string}\"},\"query-input\":{\"@type\":\"PropertyValueSpecification\",\"valueRequired\":true,\"valueName\":\"search_term_string\"}}],\"inLanguage\":\"de\"},{\"@type\":\"Organization\",\"@id\":\"https:\/\/rntl.ch\/fitness\/#organization\",\"name\":\"RNTL Fitness\",\"url\":\"https:\/\/rntl.ch\/fitness\/\",\"logo\":{\"@type\":\"ImageObject\",\"inLanguage\":\"de\",\"@id\":\"https:\/\/rntl.ch\/fitness\/#\/schema\/logo\/image\/\",\"url\":\"https:\/\/rntl.ch\/fitness\/wp-content\/uploads\/sites\/3\/2020\/11\/cropped-rntl_logo_white_530x150.png\",\"contentUrl\":\"https:\/\/rntl.ch\/fitness\/wp-content\/uploads\/sites\/3\/2020\/11\/cropped-rntl_logo_white_530x150.png\",\"width\":530,\"height\":150,\"caption\":\"RNTL Fitness\"},\"image\":{\"@id\":\"https:\/\/rntl.ch\/fitness\/#\/schema\/logo\/image\/\"}}]}<\/script>\n<!-- \/ Yoast SEO plugin. -->","yoast_head_json":{"title":"Assault Runner Elite - RNTL Fitness","description":"Miete, kaufe, oder finanziere f\u00fcr das Training zu Hause das Assault Air Runner Pro bei RNTL. Sehr hochwertiges Laufband von Assault.","robots":{"index":"index","follow":"follow","max-snippet":"max-snippet:-1","max-image-preview":"max-image-preview:large","max-video-preview":"max-video-preview:-1"},"canonical":"https:\/\/rntl.ch\/fitness\/produkt\/assault-runner-elite\/","og_locale":"de_DE","og_type":"article","og_title":"Assault Runner Elite - RNTL Fitness","og_description":"Miete, kaufe, oder finanziere f\u00fcr das Training zu Hause das Assault Air Runner Pro bei RNTL. Sehr hochwertiges Laufband von Assault.","og_url":"https:\/\/rntl.ch\/fitness\/produkt\/assault-runner-elite\/","og_site_name":"RNTL Fitness","article_modified_time":"2023-12-08T15:00:51+00:00","og_image":[{"width":800,"height":800,"url":"https:\/\/rntl.ch\/fitness\/wp-content\/uploads\/sites\/3\/2023\/12\/1-5.png","type":"image\/png"}],"twitter_card":"summary_large_image","twitter_misc":{"Gesch\u00e4tzte Lesezeit":"3\u00a0Minuten"},"schema":{"@context":"https:\/\/schema.org","@graph":[{"@type":"WebPage","@id":"https:\/\/rntl.ch\/fitness\/produkt\/assault-runner-elite\/","url":"https:\/\/rntl.ch\/fitness\/produkt\/assault-runner-elite\/","name":"Assault Runner Elite - RNTL Fitness","isPartOf":{"@id":"https:\/\/rntl.ch\/fitness\/#website"},"primaryImageOfPage":{"@id":"https:\/\/rntl.ch\/fitness\/produkt\/assault-runner-elite\/#primaryimage"},"image":{"@id":"https:\/\/rntl.ch\/fitness\/produkt\/assault-runner-elite\/#primaryimage"},"thumbnailUrl":"https:\/\/rntl.ch\/fitness\/wp-content\/uploads\/sites\/3\/2023\/12\/1-5.png","datePublished":"2023-12-08T14:57:14+00:00","dateModified":"2023-12-08T15:00:51+00:00","description":"Miete, kaufe, oder finanziere f\u00fcr das Training zu Hause das Assault Air Runner Pro bei RNTL. Sehr hochwertiges Laufband von Assault.","breadcrumb":{"@id":"https:\/\/rntl.ch\/fitness\/produkt\/assault-runner-elite\/#breadcrumb"},"inLanguage":"de","potentialAction":[{"@type":"ReadAction","target":["https:\/\/rntl.ch\/fitness\/produkt\/assault-runner-elite\/"]}]},{"@type":"ImageObject","inLanguage":"de","@id":"https:\/\/rntl.ch\/fitness\/produkt\/assault-runner-elite\/#primaryimage","url":"https:\/\/rntl.ch\/fitness\/wp-content\/uploads\/sites\/3\/2023\/12\/1-5.png","contentUrl":"https:\/\/rntl.ch\/fitness\/wp-content\/uploads\/sites\/3\/2023\/12\/1-5.png","width":800,"height":800},{"@type":"BreadcrumbList","@id":"https:\/\/rntl.ch\/fitness\/produkt\/assault-runner-elite\/#breadcrumb","itemListElement":[{"@type":"ListItem","position":1,"name":"Startseite","item":"https:\/\/rntl.ch\/fitness\/"},{"@type":"ListItem","position":2,"name":"Shop","item":"https:\/\/rntl.ch\/fitness\/shop\/"},{"@type":"ListItem","position":3,"name":"Assault Runner Elite"}]},{"@type":"WebSite","@id":"https:\/\/rntl.ch\/fitness\/#website","url":"https:\/\/rntl.ch\/fitness\/","name":"RNTL Fitness","description":"Mieten Einfach Anders","publisher":{"@id":"https:\/\/rntl.ch\/fitness\/#organization"},"potentialAction":[{"@type":"SearchAction","target":{"@type":"EntryPoint","urlTemplate":"https:\/\/rntl.ch\/fitness\/?s={search_term_string}"},"query-input":{"@type":"PropertyValueSpecification","valueRequired":true,"valueName":"search_term_string"}}],"inLanguage":"de"},{"@type":"Organization","@id":"https:\/\/rntl.ch\/fitness\/#organization","name":"RNTL Fitness","url":"https:\/\/rntl.ch\/fitness\/","logo":{"@type":"ImageObject","inLanguage":"de","@id":"https:\/\/rntl.ch\/fitness\/#\/schema\/logo\/image\/","url":"https:\/\/rntl.ch\/fitness\/wp-content\/uploads\/sites\/3\/2020\/11\/cropped-rntl_logo_white_530x150.png","contentUrl":"https:\/\/rntl.ch\/fitness\/wp-content\/uploads\/sites\/3\/2020\/11\/cropped-rntl_logo_white_530x150.png","width":530,"height":150,"caption":"RNTL Fitness"},"image":{"@id":"https:\/\/rntl.ch\/fitness\/#\/schema\/logo\/image\/"}}]}},"_links":{"self":[{"href":"https:\/\/rntl.ch\/fitness\/wp-json\/wp\/v2\/product\/25980","targetHints":{"allow":["GET"]}}],"collection":[{"href":"https:\/\/rntl.ch\/fitness\/wp-json\/wp\/v2\/product"}],"about":[{"href":"https:\/\/rntl.ch\/fitness\/wp-json\/wp\/v2\/types\/product"}],"version-history":[{"count":0,"href":"https:\/\/rntl.ch\/fitness\/wp-json\/wp\/v2\/product\/25980\/revisions"}],"wp:featuredmedia":[{"embeddable":true,"href":"https:\/\/rntl.ch\/fitness\/wp-json\/wp\/v2\/media\/25976"}],"wp:attachment":[{"href":"https:\/\/rntl.ch\/fitness\/wp-json\/wp\/v2\/media?parent=25980"}],"wp:term":[{"taxonomy":"product_brand","embeddable":true,"href":"https:\/\/rntl.ch\/fitness\/wp-json\/wp\/v2\/product_brand?post=25980"},{"taxonomy":"product_cat","embeddable":true,"href":"https:\/\/rntl.ch\/fitness\/wp-json\/wp\/v2\/product_cat?post=25980"},{"taxonomy":"product_tag","embeddable":true,"href":"https:\/\/rntl.ch\/fitness\/wp-json\/wp\/v2\/product_tag?post=25980"}],"curies":[{"name":"wp","href":"https:\/\/api.w.org\/{rel}","templated":true}]}}