{"id":26036,"date":"2023-12-09T22:53:51","date_gmt":"2023-12-09T21:53:51","guid":{"rendered":"https:\/\/rntl.ch\/fitness\/?post_type=product&#038;p=26036"},"modified":"2025-01-31T10:40:09","modified_gmt":"2025-01-31T09:40:09","slug":"bowflex-m8-max-trainer-2","status":"publish","type":"product","link":"https:\/\/rntl.ch\/fitness\/produkt\/bowflex-m8-max-trainer-2\/","title":{"rendered":"Bowflex M8 Max Trainer"},"content":{"rendered":"<p>10 Monate vermietet<\/p>\n<p>1 Jahr Garantie<\/p>\n<p><strong>Personalisierte Workouts ab nur 4 Minuten<\/strong><\/p>\n<p><em>Max Intelligence \u2122 -Plattform \/ APP mit k\u00fcnstlicher Intelligenz. <\/em><\/p>\n<p>Vom Anf\u00e4nger bis zum Sportler testet Max Ihren aktuellen Fitnessstand (Level) und<\/p>\n<p>passt sich mit einem personalisierten Fitness-Erlebnis an, das ein Coaching beinhaltet, von Trainern geleitete Videos, Fitness-Tracking und vieles mehr.<\/p>\n<p>&nbsp;<\/p>\n<p><em>Weniger Zeit, maximale Ergebnisse<\/em><\/p>\n<p>Probieren Sie das klassische 14-min\u00fctige Training aus oder lassen Sie sich von Max dynamischem Coaching verw\u00f6hnen. Egal, ob Sie 4 Minuten zum Trainieren haben oder 30, Max passt sich automatisch Ihrem pers\u00f6nlichen Fitness-Level an, damit auch die k\u00fcrzesten Trainingseinheiten z\u00e4hlen.<\/p>\n<p>&nbsp;<\/p>\n<p><em>2 in 1<\/em><\/p>\n<p>Max kombiniert die gelenkschonende Ganzk\u00f6rperbewegung eines Ellipsentrainers mit<\/p>\n<p>der Kraft eines Steppers, damit Sie Kalorien verbrennen k\u00f6nnen.<\/p>\n<p><em>Platz sparen<\/em><\/p>\n<p>Bei einem Bruchteil der Gr\u00f6\u00dfe der meisten Ellipsentrainer und Laufb\u00e4nder ist dieses Trainingsger\u00e4t sehr platzsparend. Der Max Trainer rollt leicht in fast jede Ecke Ihres Hauses.<\/p>\n<p>MASCHINENMERKMALE<\/p>\n<p>\u00bb\u00bb Multi-Grip-Griffe<\/p>\n<p>\u00bb\u00bb Magnetische Medienablage<\/p>\n<p>\u00bb\u00bb Interaktives, farbig beleuchtetes Display<\/p>\n<p>\u00bb\u00bb Flaschenhalter<\/p>\n<p>\u00bb\u00bb Sportleistungspedale<\/p>\n<p>\u00bb\u00bb Transportr\u00e4der<\/p>\n<p>TECHNOLOGIE<\/p>\n<p>\u00bb\u00bb Bluetooth\u00ae-Verbindung<\/p>\n<p>\u00bb\u00bb Kompatibel mit der Max Intelligence \u2122 App<\/p>\n<p>\u00bb\u00bb RunSocial\u00ae App verf\u00fcgbar<\/p>\n<p>\u00bb\u00bb 4 Benutzerprofile<\/p>\n<p>\u00bb\u00bb 20 Widerstandsstufen<\/p>\n<p>\u00bb\u00bb 7 Programme<\/p>\n<p>\u00bb\u00bb Pulsmessung \u00fcber Handsensoren oder Brustgurt<\/p>\n<p>\u00bb\u00bb Add-Time-Funktion<\/p>\n<p>\u00bb\u00bb USB-Ladeanschluss<\/p>\n<p>GER\u00c4TE SPEZIFIKATIONEN<\/p>\n<p>\u00bb\u00bb Dimensionen: 117 x 63.5 x 160cm<\/p>\n<p>\u00bb\u00bb Mitgelieferter AC-Adapter<\/p>\n<p>\u00bb\u00bb Maximale H\u00f6he: Benutzer + 38cm<\/p>\n<p>\u00bb\u00bb Maximale Belastung: 136kg<\/p>\n","protected":false},"excerpt":{"rendered":"<p><strong>WENIGER ZEIT, MAXIMALE ERGEBNISSE.<\/strong><\/p>\n<p>Die Forschung sagt uns, dass \u201eZeitmangel\u201c das Hindernis Nummer 1 f\u00fcr das Training darstellt. Unser\u00a0<strong>Max Interval<\/strong>\u00a0Workout bietet Ihnen alle Vorteile eines Cardio-Trainings in nur 14 Minuten.<\/p>\n<p><span style=\"font-weight: 400\">[rntl_page_content id=\"24172\"]<\/span><\/p>\n","protected":false},"featured_media":10747,"template":"","meta":{"content-type":""},"product_brand":[],"product_cat":[23],"product_tag":[26,108],"class_list":{"0":"post-26036","1":"product","2":"type-product","3":"status-publish","4":"has-post-thumbnail","6":"product_cat-crosstrainer","7":"product_tag-kaufen","8":"product_tag-kaufen-gebraucht","9":"product_shipping_class-mittel","10":"tm-no-options","12":"first","13":"outofstock","14":"sale","15":"taxable","16":"shipping-taxable","17":"purchasable","18":"product-type-simple"},"yoast_head":"<!-- This site is optimized with the Yoast SEO plugin v26.3 - https:\/\/yoast.com\/wordpress\/plugins\/seo\/ -->\n<title>Bowflex M8 Max Trainer - RNTL Fitness<\/title>\n<meta name=\"description\" content=\"Miete, kaufe, oder finanziere f\u00fcr das Ausdauertraining zu Hause den Bowflex M8 Max Trainer bei RNTL. Training in nur 15 Minuten.\" \/>\n<meta name=\"robots\" content=\"index, follow, max-snippet:-1, max-image-preview:large, max-video-preview:-1\" \/>\n<link rel=\"canonical\" href=\"https:\/\/rntl.ch\/fitness\/produkt\/bowflex-m8-max-trainer-2\/\" \/>\n<meta property=\"og:locale\" content=\"de_DE\" \/>\n<meta property=\"og:type\" content=\"article\" \/>\n<meta property=\"og:title\" content=\"Bowflex M8 Max Trainer - RNTL Fitness\" \/>\n<meta property=\"og:description\" content=\"Miete, kaufe, oder finanziere f\u00fcr das Ausdauertraining zu Hause den Bowflex M8 Max Trainer bei RNTL. Training in nur 15 Minuten.\" \/>\n<meta property=\"og:url\" content=\"https:\/\/rntl.ch\/fitness\/produkt\/bowflex-m8-max-trainer-2\/\" \/>\n<meta property=\"og:site_name\" content=\"RNTL Fitness\" \/>\n<meta property=\"article:modified_time\" content=\"2025-01-31T09:40:09+00:00\" \/>\n<meta property=\"og:image\" content=\"https:\/\/rntl.ch\/fitness\/wp-content\/uploads\/sites\/3\/2021\/01\/Bowflex_Max-Trainer_M8_Rotations_6-scaled.jpeg\" \/>\n\t<meta property=\"og:image:width\" content=\"2560\" \/>\n\t<meta property=\"og:image:height\" content=\"1923\" \/>\n\t<meta property=\"og:image:type\" content=\"image\/jpeg\" \/>\n<meta name=\"twitter:card\" content=\"summary_large_image\" \/>\n<meta name=\"twitter:label1\" content=\"Gesch\u00e4tzte Lesezeit\" \/>\n\t<meta name=\"twitter:data1\" content=\"2\u00a0Minuten\" \/>\n<script type=\"application\/ld+json\" class=\"yoast-schema-graph\">{\"@context\":\"https:\/\/schema.org\",\"@graph\":[{\"@type\":\"WebPage\",\"@id\":\"https:\/\/rntl.ch\/fitness\/produkt\/bowflex-m8-max-trainer-2\/\",\"url\":\"https:\/\/rntl.ch\/fitness\/produkt\/bowflex-m8-max-trainer-2\/\",\"name\":\"Bowflex M8 Max Trainer - RNTL Fitness\",\"isPartOf\":{\"@id\":\"https:\/\/rntl.ch\/fitness\/#website\"},\"primaryImageOfPage\":{\"@id\":\"https:\/\/rntl.ch\/fitness\/produkt\/bowflex-m8-max-trainer-2\/#primaryimage\"},\"image\":{\"@id\":\"https:\/\/rntl.ch\/fitness\/produkt\/bowflex-m8-max-trainer-2\/#primaryimage\"},\"thumbnailUrl\":\"https:\/\/rntl.ch\/fitness\/wp-content\/uploads\/sites\/3\/2021\/01\/Bowflex_Max-Trainer_M8_Rotations_6-scaled.jpeg\",\"datePublished\":\"2023-12-09T21:53:51+00:00\",\"dateModified\":\"2025-01-31T09:40:09+00:00\",\"description\":\"Miete, kaufe, oder finanziere f\u00fcr das Ausdauertraining zu Hause den Bowflex M8 Max Trainer bei RNTL. Training in nur 15 Minuten.\",\"breadcrumb\":{\"@id\":\"https:\/\/rntl.ch\/fitness\/produkt\/bowflex-m8-max-trainer-2\/#breadcrumb\"},\"inLanguage\":\"de\",\"potentialAction\":[{\"@type\":\"ReadAction\",\"target\":[\"https:\/\/rntl.ch\/fitness\/produkt\/bowflex-m8-max-trainer-2\/\"]}]},{\"@type\":\"ImageObject\",\"inLanguage\":\"de\",\"@id\":\"https:\/\/rntl.ch\/fitness\/produkt\/bowflex-m8-max-trainer-2\/#primaryimage\",\"url\":\"https:\/\/rntl.ch\/fitness\/wp-content\/uploads\/sites\/3\/2021\/01\/Bowflex_Max-Trainer_M8_Rotations_6-scaled.jpeg\",\"contentUrl\":\"https:\/\/rntl.ch\/fitness\/wp-content\/uploads\/sites\/3\/2021\/01\/Bowflex_Max-Trainer_M8_Rotations_6-scaled.jpeg\",\"width\":2560,\"height\":1923},{\"@type\":\"BreadcrumbList\",\"@id\":\"https:\/\/rntl.ch\/fitness\/produkt\/bowflex-m8-max-trainer-2\/#breadcrumb\",\"itemListElement\":[{\"@type\":\"ListItem\",\"position\":1,\"name\":\"Startseite\",\"item\":\"https:\/\/rntl.ch\/fitness\/\"},{\"@type\":\"ListItem\",\"position\":2,\"name\":\"Shop\",\"item\":\"https:\/\/rntl.ch\/fitness\/shop\/\"},{\"@type\":\"ListItem\",\"position\":3,\"name\":\"Bowflex M8 Max Trainer\"}]},{\"@type\":\"WebSite\",\"@id\":\"https:\/\/rntl.ch\/fitness\/#website\",\"url\":\"https:\/\/rntl.ch\/fitness\/\",\"name\":\"RNTL Fitness\",\"description\":\"Mieten Einfach Anders\",\"publisher\":{\"@id\":\"https:\/\/rntl.ch\/fitness\/#organization\"},\"potentialAction\":[{\"@type\":\"SearchAction\",\"target\":{\"@type\":\"EntryPoint\",\"urlTemplate\":\"https:\/\/rntl.ch\/fitness\/?s={search_term_string}\"},\"query-input\":{\"@type\":\"PropertyValueSpecification\",\"valueRequired\":true,\"valueName\":\"search_term_string\"}}],\"inLanguage\":\"de\"},{\"@type\":\"Organization\",\"@id\":\"https:\/\/rntl.ch\/fitness\/#organization\",\"name\":\"RNTL Fitness\",\"url\":\"https:\/\/rntl.ch\/fitness\/\",\"logo\":{\"@type\":\"ImageObject\",\"inLanguage\":\"de\",\"@id\":\"https:\/\/rntl.ch\/fitness\/#\/schema\/logo\/image\/\",\"url\":\"https:\/\/rntl.ch\/fitness\/wp-content\/uploads\/sites\/3\/2020\/11\/cropped-rntl_logo_white_530x150.png\",\"contentUrl\":\"https:\/\/rntl.ch\/fitness\/wp-content\/uploads\/sites\/3\/2020\/11\/cropped-rntl_logo_white_530x150.png\",\"width\":530,\"height\":150,\"caption\":\"RNTL Fitness\"},\"image\":{\"@id\":\"https:\/\/rntl.ch\/fitness\/#\/schema\/logo\/image\/\"}}]}<\/script>\n<!-- \/ Yoast SEO plugin. -->","yoast_head_json":{"title":"Bowflex M8 Max Trainer - RNTL Fitness","description":"Miete, kaufe, oder finanziere f\u00fcr das Ausdauertraining zu Hause den Bowflex M8 Max Trainer bei RNTL. Training in nur 15 Minuten.","robots":{"index":"index","follow":"follow","max-snippet":"max-snippet:-1","max-image-preview":"max-image-preview:large","max-video-preview":"max-video-preview:-1"},"canonical":"https:\/\/rntl.ch\/fitness\/produkt\/bowflex-m8-max-trainer-2\/","og_locale":"de_DE","og_type":"article","og_title":"Bowflex M8 Max Trainer - RNTL Fitness","og_description":"Miete, kaufe, oder finanziere f\u00fcr das Ausdauertraining zu Hause den Bowflex M8 Max Trainer bei RNTL. Training in nur 15 Minuten.","og_url":"https:\/\/rntl.ch\/fitness\/produkt\/bowflex-m8-max-trainer-2\/","og_site_name":"RNTL Fitness","article_modified_time":"2025-01-31T09:40:09+00:00","og_image":[{"width":2560,"height":1923,"url":"https:\/\/rntl.ch\/fitness\/wp-content\/uploads\/sites\/3\/2021\/01\/Bowflex_Max-Trainer_M8_Rotations_6-scaled.jpeg","type":"image\/jpeg"}],"twitter_card":"summary_large_image","twitter_misc":{"Gesch\u00e4tzte Lesezeit":"2\u00a0Minuten"},"schema":{"@context":"https:\/\/schema.org","@graph":[{"@type":"WebPage","@id":"https:\/\/rntl.ch\/fitness\/produkt\/bowflex-m8-max-trainer-2\/","url":"https:\/\/rntl.ch\/fitness\/produkt\/bowflex-m8-max-trainer-2\/","name":"Bowflex M8 Max Trainer - RNTL Fitness","isPartOf":{"@id":"https:\/\/rntl.ch\/fitness\/#website"},"primaryImageOfPage":{"@id":"https:\/\/rntl.ch\/fitness\/produkt\/bowflex-m8-max-trainer-2\/#primaryimage"},"image":{"@id":"https:\/\/rntl.ch\/fitness\/produkt\/bowflex-m8-max-trainer-2\/#primaryimage"},"thumbnailUrl":"https:\/\/rntl.ch\/fitness\/wp-content\/uploads\/sites\/3\/2021\/01\/Bowflex_Max-Trainer_M8_Rotations_6-scaled.jpeg","datePublished":"2023-12-09T21:53:51+00:00","dateModified":"2025-01-31T09:40:09+00:00","description":"Miete, kaufe, oder finanziere f\u00fcr das Ausdauertraining zu Hause den Bowflex M8 Max Trainer bei RNTL. Training in nur 15 Minuten.","breadcrumb":{"@id":"https:\/\/rntl.ch\/fitness\/produkt\/bowflex-m8-max-trainer-2\/#breadcrumb"},"inLanguage":"de","potentialAction":[{"@type":"ReadAction","target":["https:\/\/rntl.ch\/fitness\/produkt\/bowflex-m8-max-trainer-2\/"]}]},{"@type":"ImageObject","inLanguage":"de","@id":"https:\/\/rntl.ch\/fitness\/produkt\/bowflex-m8-max-trainer-2\/#primaryimage","url":"https:\/\/rntl.ch\/fitness\/wp-content\/uploads\/sites\/3\/2021\/01\/Bowflex_Max-Trainer_M8_Rotations_6-scaled.jpeg","contentUrl":"https:\/\/rntl.ch\/fitness\/wp-content\/uploads\/sites\/3\/2021\/01\/Bowflex_Max-Trainer_M8_Rotations_6-scaled.jpeg","width":2560,"height":1923},{"@type":"BreadcrumbList","@id":"https:\/\/rntl.ch\/fitness\/produkt\/bowflex-m8-max-trainer-2\/#breadcrumb","itemListElement":[{"@type":"ListItem","position":1,"name":"Startseite","item":"https:\/\/rntl.ch\/fitness\/"},{"@type":"ListItem","position":2,"name":"Shop","item":"https:\/\/rntl.ch\/fitness\/shop\/"},{"@type":"ListItem","position":3,"name":"Bowflex M8 Max Trainer"}]},{"@type":"WebSite","@id":"https:\/\/rntl.ch\/fitness\/#website","url":"https:\/\/rntl.ch\/fitness\/","name":"RNTL Fitness","description":"Mieten Einfach Anders","publisher":{"@id":"https:\/\/rntl.ch\/fitness\/#organization"},"potentialAction":[{"@type":"SearchAction","target":{"@type":"EntryPoint","urlTemplate":"https:\/\/rntl.ch\/fitness\/?s={search_term_string}"},"query-input":{"@type":"PropertyValueSpecification","valueRequired":true,"valueName":"search_term_string"}}],"inLanguage":"de"},{"@type":"Organization","@id":"https:\/\/rntl.ch\/fitness\/#organization","name":"RNTL Fitness","url":"https:\/\/rntl.ch\/fitness\/","logo":{"@type":"ImageObject","inLanguage":"de","@id":"https:\/\/rntl.ch\/fitness\/#\/schema\/logo\/image\/","url":"https:\/\/rntl.ch\/fitness\/wp-content\/uploads\/sites\/3\/2020\/11\/cropped-rntl_logo_white_530x150.png","contentUrl":"https:\/\/rntl.ch\/fitness\/wp-content\/uploads\/sites\/3\/2020\/11\/cropped-rntl_logo_white_530x150.png","width":530,"height":150,"caption":"RNTL Fitness"},"image":{"@id":"https:\/\/rntl.ch\/fitness\/#\/schema\/logo\/image\/"}}]}},"_links":{"self":[{"href":"https:\/\/rntl.ch\/fitness\/wp-json\/wp\/v2\/product\/26036","targetHints":{"allow":["GET"]}}],"collection":[{"href":"https:\/\/rntl.ch\/fitness\/wp-json\/wp\/v2\/product"}],"about":[{"href":"https:\/\/rntl.ch\/fitness\/wp-json\/wp\/v2\/types\/product"}],"version-history":[{"count":2,"href":"https:\/\/rntl.ch\/fitness\/wp-json\/wp\/v2\/product\/26036\/revisions"}],"predecessor-version":[{"id":31946,"href":"https:\/\/rntl.ch\/fitness\/wp-json\/wp\/v2\/product\/26036\/revisions\/31946"}],"wp:featuredmedia":[{"embeddable":true,"href":"https:\/\/rntl.ch\/fitness\/wp-json\/wp\/v2\/media\/10747"}],"wp:attachment":[{"href":"https:\/\/rntl.ch\/fitness\/wp-json\/wp\/v2\/media?parent=26036"}],"wp:term":[{"taxonomy":"product_brand","embeddable":true,"href":"https:\/\/rntl.ch\/fitness\/wp-json\/wp\/v2\/product_brand?post=26036"},{"taxonomy":"product_cat","embeddable":true,"href":"https:\/\/rntl.ch\/fitness\/wp-json\/wp\/v2\/product_cat?post=26036"},{"taxonomy":"product_tag","embeddable":true,"href":"https:\/\/rntl.ch\/fitness\/wp-json\/wp\/v2\/product_tag?post=26036"}],"curies":[{"name":"wp","href":"https:\/\/api.w.org\/{rel}","templated":true}]}}