{"id":26114,"date":"2023-12-13T15:14:53","date_gmt":"2023-12-13T14:14:53","guid":{"rendered":"https:\/\/rntl.ch\/fitness\/?post_type=product&#038;p=26114"},"modified":"2025-07-04T11:59:59","modified_gmt":"2025-07-04T09:59:59","slug":"schwinn-ellipsentrainer-590e-kaufen","status":"publish","type":"product","link":"https:\/\/rntl.ch\/fitness\/produkt\/schwinn-ellipsentrainer-590e-kaufen\/","title":{"rendered":"Schwinn Ellipsentrainer 590E &#8211; Wir vermieten \u00fcbrigens auch Ellipsentrainer!"},"content":{"rendered":"<div class=\"h3 product-detail-description-title\">Eine nat\u00fcrliche und zugleich gelenkschonende Laufbewegung wird durch die angenehm grosse Schrittl\u00e4nge (51 cm) und der ergonomisch g\u00fcnstigen Beinstellung erm\u00f6glicht. Die Doppelschienen sorgen f\u00fcr maximale Stabilit\u00e4t.<\/div>\n<div class=\"product-detail-description-text\">\n<p>Mit dem Schwinn Ellipsentrainer 590E k\u00f6nnen Sie mit 25 verschiedenen Widerstandsstufen und insgesamt 29 Trainingsprogrammen Ihr Training abwechslungsreich gestalten. Die Steuerung erfolgt \u00fcber ein 7 Zoll LCD Display mit Bluetooth-Schnittstelle. Ebenfalls zur Ausstattung geh\u00f6ren Bluetooth-Lautsprecher sowie k\u00f6nnen Sie Ihren Puls \u00fcber einen Bluetooth-Brusturt \u00fcberwachen (optional).<\/p>\n<p>Dank der motorisch gesteuerten Neigung und Steigung (-5 % bis +15 %) trainieren Sie verschiedene Muskelgruppen in den Beinen.<\/p>\n<p>Dazu k\u00f6nnen Sie mit der Trainings APP JRNY ein personalisiertes Fitnesserlebnis nutzen welches Ihr Fitnessniveau analysiert, Sie durch adaptive Workouts f\u00fchrt und Ihnen die Wahl zwischen von Trainern gef\u00fchrten Videos, landschaftlich reizvollen Destinationen, die zu Ihrer Geschwindigkeit passen, und mehr l\u00e4sst. Entdecken Sie mehr als 1000 strukturierte Workouts und mehr als 80 virtuelle Routen, indem Sie sich mit der Zwift-App verbinden.<\/p>\n<p>Das maximale Benutzergewicht betr\u00e4gt 150 Kg. \u00a0Weitere Features wie Tablet- und Flaschenhalterung sowie Antirutsch-Trittfl\u00e4chen f\u00fcr einen sicheren Stand geh\u00f6ren zur Ausstattung des kompakten Ellipsentrainers von Schwinn.<\/p>\n<\/div>\n<table class=\"table table-striped product-detail-properties-table\">\n<tbody>\n<tr class=\"properties-row\">\n<th class=\"properties-label\">Abmessung Breite in cm:<\/th>\n<td class=\"properties-value\">86<\/td>\n<\/tr>\n<tr class=\"properties-row\">\n<th class=\"properties-label\">Abmessung H\u00f6he in cm:<\/th>\n<td class=\"properties-value\">173<\/td>\n<\/tr>\n<tr class=\"properties-row\">\n<th class=\"properties-label\">Abmessung L\u00e4nge in cm:<\/th>\n<td class=\"properties-value\">147<\/td>\n<\/tr>\n<tr class=\"properties-row\">\n<th class=\"properties-label\">Anwendungsbereich:<\/th>\n<td class=\"properties-value\">Home Pro<\/td>\n<\/tr>\n<tr class=\"properties-row\">\n<th class=\"properties-label\">Anzahl Benutzerprogramme:<\/th>\n<td class=\"properties-value\">4<\/td>\n<\/tr>\n<tr class=\"properties-row\">\n<th class=\"properties-label\">Anzahl Programme Total:<\/th>\n<td class=\"properties-value\">29<\/td>\n<\/tr>\n<tr class=\"properties-row\">\n<th class=\"properties-label\">Anzahl Pulsprofile:<\/th>\n<td class=\"properties-value\">9<\/td>\n<\/tr>\n<tr class=\"properties-row\">\n<th class=\"properties-label\">Anzahl Widerstandlevels:<\/th>\n<td class=\"properties-value\">25<\/td>\n<\/tr>\n<tr class=\"properties-row\">\n<th class=\"properties-label\">Anzahl registrierbare Benutzer:<\/th>\n<td class=\"properties-value\">4<\/td>\n<\/tr>\n<tr class=\"properties-row\">\n<th class=\"properties-label\">Anzahl voreingestellter Programme:<\/th>\n<td class=\"properties-value\">12<\/td>\n<\/tr>\n<tr class=\"properties-row\">\n<th class=\"properties-label\">Anzahl w\u00e4hlbarer Sprachen:<\/th>\n<td class=\"properties-value\">1<\/td>\n<\/tr>\n<tr class=\"properties-row\">\n<th class=\"properties-label\">Anzeige der Distanz:<\/th>\n<td class=\"properties-value\">ja<\/td>\n<\/tr>\n<tr class=\"properties-row\">\n<th class=\"properties-label\">Anzeige der Zeit:<\/th>\n<td class=\"properties-value\">ja<\/td>\n<\/tr>\n<tr class=\"properties-row\">\n<th class=\"properties-label\">Anzeige verbrannter Kalorien:<\/th>\n<td class=\"properties-value\">ja<\/td>\n<\/tr>\n<tr class=\"properties-row\">\n<th class=\"properties-label\">Apps f\u00fcr Tablets und Smart Phones:<\/th>\n<td class=\"properties-value\">JRNY &amp; Zwift<\/td>\n<\/tr>\n<tr class=\"properties-row\">\n<th class=\"properties-label\">Benutzer Tagebuch:<\/th>\n<td class=\"properties-value\">nein<\/td>\n<\/tr>\n<tr class=\"properties-row\">\n<th class=\"properties-label\">Bluetooth:<\/th>\n<td class=\"properties-value\">ja<\/td>\n<\/tr>\n<tr class=\"properties-row\">\n<th class=\"properties-label\">Bremssystem \/ Widerstand:<\/th>\n<td class=\"properties-value\">Elektromagnetisches System (EMS)<\/td>\n<\/tr>\n<tr class=\"properties-row\">\n<th class=\"properties-label\">Display Bedienung:<\/th>\n<td class=\"properties-value\">Kn\u00f6pfe<\/td>\n<\/tr>\n<tr class=\"properties-row\">\n<th class=\"properties-label\">Display Typ:<\/th>\n<td class=\"properties-value\">Color LCD mit Beleuchtung<\/td>\n<\/tr>\n<tr class=\"properties-row\">\n<th class=\"properties-label\">Ergometer:<\/th>\n<td class=\"properties-value\">ja<\/td>\n<\/tr>\n<tr class=\"properties-row\">\n<th class=\"properties-label\">Flaschenhalterung:<\/th>\n<td class=\"properties-value\">ja<\/td>\n<\/tr>\n<tr class=\"properties-row\">\n<th class=\"properties-label\">Funktion Fitness Test:<\/th>\n<td class=\"properties-value\">ja<\/td>\n<\/tr>\n<tr class=\"properties-row\">\n<th class=\"properties-label\">Funktion Puls Ziel:<\/th>\n<td class=\"properties-value\">ja<\/td>\n<\/tr>\n<tr class=\"properties-row\">\n<th class=\"properties-label\">Funktion maximaler Puls:<\/th>\n<td class=\"properties-value\">ja<\/td>\n<\/tr>\n<tr class=\"properties-row\">\n<th class=\"properties-label\">Gewicht inkl. Verpackung in kg:<\/th>\n<td class=\"properties-value\">101.2<\/td>\n<\/tr>\n<tr class=\"properties-row\">\n<th class=\"properties-label\">Gewicht netto in kg:<\/th>\n<td class=\"properties-value\">85<\/td>\n<\/tr>\n<tr class=\"properties-row\">\n<th class=\"properties-label\">Griffe:<\/th>\n<td class=\"properties-value\">fixiert<\/td>\n<\/tr>\n<tr class=\"properties-row\">\n<th class=\"properties-label\">K\u00f6rperfett \/ BMI:<\/th>\n<td class=\"properties-value\">nein<\/td>\n<\/tr>\n<tr class=\"properties-row\">\n<th class=\"properties-label\">Max. Benutzergewicht in kg:<\/th>\n<td class=\"properties-value\">147<\/td>\n<\/tr>\n<tr class=\"properties-row\">\n<th class=\"properties-label\">Media Playback:<\/th>\n<td class=\"properties-value\">ja<\/td>\n<\/tr>\n<tr class=\"properties-row\">\n<th class=\"properties-label\">Pedalen Typ:<\/th>\n<td class=\"properties-value\">Comport Plus<\/td>\n<\/tr>\n<tr class=\"properties-row\">\n<th class=\"properties-label\">Produktetyp:<\/th>\n<td class=\"properties-value\">Grossger\u00e4t<\/td>\n<\/tr>\n<tr class=\"properties-row\">\n<th class=\"properties-label\">Pulsmessung an Griffen:<\/th>\n<td class=\"properties-value\">nein<\/td>\n<\/tr>\n<tr class=\"properties-row\">\n<th class=\"properties-label\">Pulsmessung durch Arm- Brustgurt:<\/th>\n<td class=\"properties-value\">optional Bluetooth<\/td>\n<\/tr>\n<tr class=\"properties-row\">\n<th class=\"properties-label\">Schrittl\u00e4nge in cm:<\/th>\n<td class=\"properties-value\">51<\/td>\n<\/tr>\n<tr class=\"properties-row\">\n<th class=\"properties-label\">Strom Versorgung:<\/th>\n<td class=\"properties-value\">Adapter 12 V DC 3 A<\/td>\n<\/tr>\n<tr class=\"properties-row\">\n<th class=\"properties-label\">Tablet Halterung:<\/th>\n<td class=\"properties-value\">ja<\/td>\n<\/tr>\n<tr class=\"properties-row\">\n<th class=\"properties-label\">Transportr\u00e4der:<\/th>\n<td class=\"properties-value\">ja<\/td>\n<\/tr>\n<tr class=\"properties-row\">\n<th class=\"properties-label\">USB Ladeanschluss:<\/th>\n<td class=\"properties-value\">ja<\/td>\n<\/tr>\n<tr class=\"properties-row\">\n<th class=\"properties-label\">USB Verbindung:<\/th>\n<td class=\"properties-value\">ja<\/td>\n<\/tr>\n<tr class=\"properties-row\">\n<th class=\"properties-label\">Watt Programm:<\/th>\n<td class=\"properties-value\">nein<\/td>\n<\/tr>\n<tr class=\"properties-row\">\n<th class=\"properties-label\">WebAthletics:<\/th>\n<td class=\"properties-value\">nein<\/td>\n<\/tr>\n<tr class=\"properties-row\">\n<th class=\"properties-label\">Wi-Fi:<\/th>\n<td class=\"properties-value\">nein<\/td>\n<\/tr>\n<tr class=\"properties-row\">\n<th class=\"properties-label\">Widerstand in Watt:<\/th>\n<td class=\"properties-value\">ja<\/td>\n<\/tr>\n<tr class=\"properties-row\">\n<th class=\"properties-label\">verstellbare Konsole:<\/th>\n<td class=\"properties-value\">nein<\/td>\n<\/tr>\n<\/tbody>\n<\/table>\n<p><iframe title=\"Schwinn 590E Elliptical\" width=\"980\" height=\"551\" src=\"https:\/\/www.youtube.com\/embed\/g23lfXy8zYw?feature=oembed&#038;enablejsapi=1&#038;origin=https:\/\/rntl.ch\" frameborder=\"0\" allow=\"accelerometer; autoplay; clipboard-write; encrypted-media; gyroscope; picture-in-picture; web-share\" referrerpolicy=\"strict-origin-when-cross-origin\" allowfullscreen><\/iframe><\/p>\n<p>&nbsp;<\/p>\n","protected":false},"excerpt":{"rendered":"<p>Der Schwinn Ellipsentrainer 590E \u00a0(100955) ist mit einer aufgebauten L\u00e4nge von gerade einmal 147 cm rund 30% kleiner als herk\u00f6mmliche Ellipsentrainer und bietet gleichzeitig alle wichtigen Eigenschaften.<\/p>\n<p><strong>[rntl_page_content id=\"19556\"]<\/strong><\/p>\n<div class=\"woocommerce-product-details__short-description\">\n<p>&nbsp;<\/p>\n<\/div>\n","protected":false},"featured_media":26007,"template":"","meta":{"content-type":""},"product_brand":[],"product_cat":[23],"product_tag":[26,107],"class_list":{"0":"post-26114","1":"product","2":"type-product","3":"status-publish","4":"has-post-thumbnail","6":"product_cat-crosstrainer","7":"product_tag-kaufen","8":"product_tag-kaufen-neu","9":"product_shipping_class-mittel","10":"tm-no-options","12":"first","13":"instock","14":"sale","15":"taxable","16":"shipping-taxable","17":"purchasable","18":"product-type-simple"},"yoast_head":"<!-- This site is optimized with the Yoast SEO plugin v26.3 - https:\/\/yoast.com\/wordpress\/plugins\/seo\/ -->\n<title>Schwinn Ellipsentrainer 590E - Wir vermieten \u00fcbrigens auch Ellipsentrainer! - RNTL Fitness<\/title>\n<meta name=\"description\" content=\"Miete, kaufe, oder finanziere f\u00fcr das Training zu Hause den Schwinn Ellipsentrainer 590E bei RNTL. Perfekt f\u00fcr dein Ellipsentraining zu Hause.\" \/>\n<meta name=\"robots\" content=\"index, follow, max-snippet:-1, max-image-preview:large, max-video-preview:-1\" \/>\n<link rel=\"canonical\" href=\"https:\/\/rntl.ch\/fitness\/produkt\/schwinn-ellipsentrainer-590e-kaufen\/\" \/>\n<meta property=\"og:locale\" content=\"de_DE\" \/>\n<meta property=\"og:type\" content=\"article\" \/>\n<meta property=\"og:title\" content=\"Schwinn Ellipsentrainer 590E - Wir vermieten \u00fcbrigens auch Ellipsentrainer! - RNTL Fitness\" \/>\n<meta property=\"og:description\" content=\"Miete, kaufe, oder finanziere f\u00fcr das Training zu Hause den Schwinn Ellipsentrainer 590E bei RNTL. Perfekt f\u00fcr dein Ellipsentraining zu Hause.\" \/>\n<meta property=\"og:url\" content=\"https:\/\/rntl.ch\/fitness\/produkt\/schwinn-ellipsentrainer-590e-kaufen\/\" \/>\n<meta property=\"og:site_name\" content=\"RNTL Fitness\" \/>\n<meta property=\"article:modified_time\" content=\"2025-07-04T09:59:59+00:00\" \/>\n<meta property=\"og:image\" content=\"https:\/\/rntl.ch\/fitness\/wp-content\/uploads\/sites\/3\/2023\/12\/1-6.png\" \/>\n\t<meta property=\"og:image:width\" content=\"800\" \/>\n\t<meta property=\"og:image:height\" content=\"800\" \/>\n\t<meta property=\"og:image:type\" content=\"image\/png\" \/>\n<meta name=\"twitter:card\" content=\"summary_large_image\" \/>\n<meta name=\"twitter:label1\" content=\"Gesch\u00e4tzte Lesezeit\" \/>\n\t<meta name=\"twitter:data1\" content=\"3\u00a0Minuten\" \/>\n<script type=\"application\/ld+json\" class=\"yoast-schema-graph\">{\"@context\":\"https:\/\/schema.org\",\"@graph\":[{\"@type\":\"WebPage\",\"@id\":\"https:\/\/rntl.ch\/fitness\/produkt\/schwinn-ellipsentrainer-590e-kaufen\/\",\"url\":\"https:\/\/rntl.ch\/fitness\/produkt\/schwinn-ellipsentrainer-590e-kaufen\/\",\"name\":\"Schwinn Ellipsentrainer 590E - Wir vermieten \u00fcbrigens auch Ellipsentrainer! - RNTL Fitness\",\"isPartOf\":{\"@id\":\"https:\/\/rntl.ch\/fitness\/#website\"},\"primaryImageOfPage\":{\"@id\":\"https:\/\/rntl.ch\/fitness\/produkt\/schwinn-ellipsentrainer-590e-kaufen\/#primaryimage\"},\"image\":{\"@id\":\"https:\/\/rntl.ch\/fitness\/produkt\/schwinn-ellipsentrainer-590e-kaufen\/#primaryimage\"},\"thumbnailUrl\":\"https:\/\/rntl.ch\/fitness\/wp-content\/uploads\/sites\/3\/2023\/12\/1-6.png\",\"datePublished\":\"2023-12-13T14:14:53+00:00\",\"dateModified\":\"2025-07-04T09:59:59+00:00\",\"description\":\"Miete, kaufe, oder finanziere f\u00fcr das Training zu Hause den Schwinn Ellipsentrainer 590E bei RNTL. Perfekt f\u00fcr dein Ellipsentraining zu Hause.\",\"breadcrumb\":{\"@id\":\"https:\/\/rntl.ch\/fitness\/produkt\/schwinn-ellipsentrainer-590e-kaufen\/#breadcrumb\"},\"inLanguage\":\"de\",\"potentialAction\":[{\"@type\":\"ReadAction\",\"target\":[\"https:\/\/rntl.ch\/fitness\/produkt\/schwinn-ellipsentrainer-590e-kaufen\/\"]}]},{\"@type\":\"ImageObject\",\"inLanguage\":\"de\",\"@id\":\"https:\/\/rntl.ch\/fitness\/produkt\/schwinn-ellipsentrainer-590e-kaufen\/#primaryimage\",\"url\":\"https:\/\/rntl.ch\/fitness\/wp-content\/uploads\/sites\/3\/2023\/12\/1-6.png\",\"contentUrl\":\"https:\/\/rntl.ch\/fitness\/wp-content\/uploads\/sites\/3\/2023\/12\/1-6.png\",\"width\":800,\"height\":800},{\"@type\":\"BreadcrumbList\",\"@id\":\"https:\/\/rntl.ch\/fitness\/produkt\/schwinn-ellipsentrainer-590e-kaufen\/#breadcrumb\",\"itemListElement\":[{\"@type\":\"ListItem\",\"position\":1,\"name\":\"Startseite\",\"item\":\"https:\/\/rntl.ch\/fitness\/\"},{\"@type\":\"ListItem\",\"position\":2,\"name\":\"Shop\",\"item\":\"https:\/\/rntl.ch\/fitness\/shop\/\"},{\"@type\":\"ListItem\",\"position\":3,\"name\":\"Schwinn Ellipsentrainer 590E &#8211; Wir vermieten \u00fcbrigens auch Ellipsentrainer!\"}]},{\"@type\":\"WebSite\",\"@id\":\"https:\/\/rntl.ch\/fitness\/#website\",\"url\":\"https:\/\/rntl.ch\/fitness\/\",\"name\":\"RNTL Fitness\",\"description\":\"Mieten Einfach Anders\",\"publisher\":{\"@id\":\"https:\/\/rntl.ch\/fitness\/#organization\"},\"potentialAction\":[{\"@type\":\"SearchAction\",\"target\":{\"@type\":\"EntryPoint\",\"urlTemplate\":\"https:\/\/rntl.ch\/fitness\/?s={search_term_string}\"},\"query-input\":{\"@type\":\"PropertyValueSpecification\",\"valueRequired\":true,\"valueName\":\"search_term_string\"}}],\"inLanguage\":\"de\"},{\"@type\":\"Organization\",\"@id\":\"https:\/\/rntl.ch\/fitness\/#organization\",\"name\":\"RNTL Fitness\",\"url\":\"https:\/\/rntl.ch\/fitness\/\",\"logo\":{\"@type\":\"ImageObject\",\"inLanguage\":\"de\",\"@id\":\"https:\/\/rntl.ch\/fitness\/#\/schema\/logo\/image\/\",\"url\":\"https:\/\/rntl.ch\/fitness\/wp-content\/uploads\/sites\/3\/2020\/11\/cropped-rntl_logo_white_530x150.png\",\"contentUrl\":\"https:\/\/rntl.ch\/fitness\/wp-content\/uploads\/sites\/3\/2020\/11\/cropped-rntl_logo_white_530x150.png\",\"width\":530,\"height\":150,\"caption\":\"RNTL Fitness\"},\"image\":{\"@id\":\"https:\/\/rntl.ch\/fitness\/#\/schema\/logo\/image\/\"}}]}<\/script>\n<!-- \/ Yoast SEO plugin. -->","yoast_head_json":{"title":"Schwinn Ellipsentrainer 590E - Wir vermieten \u00fcbrigens auch Ellipsentrainer! - RNTL Fitness","description":"Miete, kaufe, oder finanziere f\u00fcr das Training zu Hause den Schwinn Ellipsentrainer 590E bei RNTL. Perfekt f\u00fcr dein Ellipsentraining zu Hause.","robots":{"index":"index","follow":"follow","max-snippet":"max-snippet:-1","max-image-preview":"max-image-preview:large","max-video-preview":"max-video-preview:-1"},"canonical":"https:\/\/rntl.ch\/fitness\/produkt\/schwinn-ellipsentrainer-590e-kaufen\/","og_locale":"de_DE","og_type":"article","og_title":"Schwinn Ellipsentrainer 590E - Wir vermieten \u00fcbrigens auch Ellipsentrainer! - RNTL Fitness","og_description":"Miete, kaufe, oder finanziere f\u00fcr das Training zu Hause den Schwinn Ellipsentrainer 590E bei RNTL. Perfekt f\u00fcr dein Ellipsentraining zu Hause.","og_url":"https:\/\/rntl.ch\/fitness\/produkt\/schwinn-ellipsentrainer-590e-kaufen\/","og_site_name":"RNTL Fitness","article_modified_time":"2025-07-04T09:59:59+00:00","og_image":[{"width":800,"height":800,"url":"https:\/\/rntl.ch\/fitness\/wp-content\/uploads\/sites\/3\/2023\/12\/1-6.png","type":"image\/png"}],"twitter_card":"summary_large_image","twitter_misc":{"Gesch\u00e4tzte Lesezeit":"3\u00a0Minuten"},"schema":{"@context":"https:\/\/schema.org","@graph":[{"@type":"WebPage","@id":"https:\/\/rntl.ch\/fitness\/produkt\/schwinn-ellipsentrainer-590e-kaufen\/","url":"https:\/\/rntl.ch\/fitness\/produkt\/schwinn-ellipsentrainer-590e-kaufen\/","name":"Schwinn Ellipsentrainer 590E - Wir vermieten \u00fcbrigens auch Ellipsentrainer! - RNTL Fitness","isPartOf":{"@id":"https:\/\/rntl.ch\/fitness\/#website"},"primaryImageOfPage":{"@id":"https:\/\/rntl.ch\/fitness\/produkt\/schwinn-ellipsentrainer-590e-kaufen\/#primaryimage"},"image":{"@id":"https:\/\/rntl.ch\/fitness\/produkt\/schwinn-ellipsentrainer-590e-kaufen\/#primaryimage"},"thumbnailUrl":"https:\/\/rntl.ch\/fitness\/wp-content\/uploads\/sites\/3\/2023\/12\/1-6.png","datePublished":"2023-12-13T14:14:53+00:00","dateModified":"2025-07-04T09:59:59+00:00","description":"Miete, kaufe, oder finanziere f\u00fcr das Training zu Hause den Schwinn Ellipsentrainer 590E bei RNTL. Perfekt f\u00fcr dein Ellipsentraining zu Hause.","breadcrumb":{"@id":"https:\/\/rntl.ch\/fitness\/produkt\/schwinn-ellipsentrainer-590e-kaufen\/#breadcrumb"},"inLanguage":"de","potentialAction":[{"@type":"ReadAction","target":["https:\/\/rntl.ch\/fitness\/produkt\/schwinn-ellipsentrainer-590e-kaufen\/"]}]},{"@type":"ImageObject","inLanguage":"de","@id":"https:\/\/rntl.ch\/fitness\/produkt\/schwinn-ellipsentrainer-590e-kaufen\/#primaryimage","url":"https:\/\/rntl.ch\/fitness\/wp-content\/uploads\/sites\/3\/2023\/12\/1-6.png","contentUrl":"https:\/\/rntl.ch\/fitness\/wp-content\/uploads\/sites\/3\/2023\/12\/1-6.png","width":800,"height":800},{"@type":"BreadcrumbList","@id":"https:\/\/rntl.ch\/fitness\/produkt\/schwinn-ellipsentrainer-590e-kaufen\/#breadcrumb","itemListElement":[{"@type":"ListItem","position":1,"name":"Startseite","item":"https:\/\/rntl.ch\/fitness\/"},{"@type":"ListItem","position":2,"name":"Shop","item":"https:\/\/rntl.ch\/fitness\/shop\/"},{"@type":"ListItem","position":3,"name":"Schwinn Ellipsentrainer 590E &#8211; Wir vermieten \u00fcbrigens auch Ellipsentrainer!"}]},{"@type":"WebSite","@id":"https:\/\/rntl.ch\/fitness\/#website","url":"https:\/\/rntl.ch\/fitness\/","name":"RNTL Fitness","description":"Mieten Einfach Anders","publisher":{"@id":"https:\/\/rntl.ch\/fitness\/#organization"},"potentialAction":[{"@type":"SearchAction","target":{"@type":"EntryPoint","urlTemplate":"https:\/\/rntl.ch\/fitness\/?s={search_term_string}"},"query-input":{"@type":"PropertyValueSpecification","valueRequired":true,"valueName":"search_term_string"}}],"inLanguage":"de"},{"@type":"Organization","@id":"https:\/\/rntl.ch\/fitness\/#organization","name":"RNTL Fitness","url":"https:\/\/rntl.ch\/fitness\/","logo":{"@type":"ImageObject","inLanguage":"de","@id":"https:\/\/rntl.ch\/fitness\/#\/schema\/logo\/image\/","url":"https:\/\/rntl.ch\/fitness\/wp-content\/uploads\/sites\/3\/2020\/11\/cropped-rntl_logo_white_530x150.png","contentUrl":"https:\/\/rntl.ch\/fitness\/wp-content\/uploads\/sites\/3\/2020\/11\/cropped-rntl_logo_white_530x150.png","width":530,"height":150,"caption":"RNTL Fitness"},"image":{"@id":"https:\/\/rntl.ch\/fitness\/#\/schema\/logo\/image\/"}}]}},"_links":{"self":[{"href":"https:\/\/rntl.ch\/fitness\/wp-json\/wp\/v2\/product\/26114","targetHints":{"allow":["GET"]}}],"collection":[{"href":"https:\/\/rntl.ch\/fitness\/wp-json\/wp\/v2\/product"}],"about":[{"href":"https:\/\/rntl.ch\/fitness\/wp-json\/wp\/v2\/types\/product"}],"version-history":[{"count":2,"href":"https:\/\/rntl.ch\/fitness\/wp-json\/wp\/v2\/product\/26114\/revisions"}],"predecessor-version":[{"id":34478,"href":"https:\/\/rntl.ch\/fitness\/wp-json\/wp\/v2\/product\/26114\/revisions\/34478"}],"wp:featuredmedia":[{"embeddable":true,"href":"https:\/\/rntl.ch\/fitness\/wp-json\/wp\/v2\/media\/26007"}],"wp:attachment":[{"href":"https:\/\/rntl.ch\/fitness\/wp-json\/wp\/v2\/media?parent=26114"}],"wp:term":[{"taxonomy":"product_brand","embeddable":true,"href":"https:\/\/rntl.ch\/fitness\/wp-json\/wp\/v2\/product_brand?post=26114"},{"taxonomy":"product_cat","embeddable":true,"href":"https:\/\/rntl.ch\/fitness\/wp-json\/wp\/v2\/product_cat?post=26114"},{"taxonomy":"product_tag","embeddable":true,"href":"https:\/\/rntl.ch\/fitness\/wp-json\/wp\/v2\/product_tag?post=26114"}],"curies":[{"name":"wp","href":"https:\/\/api.w.org\/{rel}","templated":true}]}}