{"id":26247,"date":"2023-12-22T15:33:15","date_gmt":"2023-12-22T14:33:15","guid":{"rendered":"https:\/\/rntl.ch\/fitness\/?post_type=product&#038;p=26247"},"modified":"2026-02-25T17:10:50","modified_gmt":"2026-02-25T16:10:50","slug":"life-fitness-e1-crosstrainer-go-garantiert-neu-wir-vermieten-uebrigens-auch-crosstrainer","status":"publish","type":"product","link":"https:\/\/rntl.ch\/fitness\/produkt\/life-fitness-e1-crosstrainer-go-garantiert-neu-wir-vermieten-uebrigens-auch-crosstrainer\/","title":{"rendered":"Life Fitness E1 Crosstrainer Go &#8211; Garantiert Neu! Wir vermieten \u00fcbrigens auch Crosstrainer!"},"content":{"rendered":"<h3><strong>Life Fitness Crosstrainer E1 Go<\/strong>\u00a0\u2014 Nachfolger des Testsiegers<\/h3>\n<p>Der\u00a0<strong>Life Fitness Crosstrainer E1 Go<\/strong>\u00a0ist der Nachfolger des Fit for Fun Crosstrainer Testsiegers X1 Go (11\/2013). Er bietet die gleichen phantastischen Trainingseigenschaften wie sein Vorg\u00e4nger. Dazu z\u00e4hlen z.B. die besonders sanfte und nat\u00fcrliche Bewegung. F\u00fcr diese sorgen ein sehr geringer Pedalabstand und die lange, flache Ellipsenbewegung. Die enge Fu\u00dfstellung ist sehr nat\u00fcrlich, dadurch werden auch Fehlbewegungen in der H\u00fcfte verhindert, die Bewegung entspricht dem nat\u00fcrlichen Gang.<\/p>\n<h3>Life Fitness Crosstrainer E1 Go \u2014 leises Workout dank WhisperStride<\/h3>\n<p>Die patentierte WhisperStride-Technologie von Life Fitness garantiert Ihnen ein gleichm\u00e4\u00dfiges und ger\u00e4uscharmes Workout auf Ihrem Crosstrainer. Die selbstausrichtende Gelenkkonstruktion sowie das hochwertige Kugellager sorgen f\u00fcr einen runden Lauf und machen den Crosstrainer zu einem idealen Heimtrainer mit hoher Effektivit\u00e4t und geringem L\u00e4rmpegel, um im Nebenzimmer ungest\u00f6rt lesen oder auch Fernsehen gucken zu k\u00f6nnen.<\/p>\n<h3>Life Fitness Go Konsole f\u00fcr eine leichte Bedienung<\/h3>\n<p>Alle Life Fitness Trainingsger\u00e4te mit der Go Konsole zeichnen sich durch die leichte, komfortable Steuerung aus. 13 Programme stehen Ihnen mit der Go Konsole zur Verf\u00fcgung, neben klassischen Programmen sind auch 5 Herzfrequenz-Programme dabei. Mit diesen wird die Belastung so gesteuert, dass Ihr Training effektiver ist. Der passende Brustgurt ist im Lieferumfang bereits enthalten. Die Auswahl der Programme geht schnell, da die Men\u00fcsteuerung sehr intuitiv ist. Auf dem 10 x 15 cm gro\u00dfen LCD-Display werden alle Werte deutlich und \u00fcbersichtlich dargestellt.<\/p>\n<p>F\u00fcr noch mehr Programme und Benutzerprofile empfehlen wir Ihnen die Fitnessger\u00e4te mit der Track+ Konsole. Diese bietet mehr Abwechslung und l\u00e4sst sich mit vielen Android und iOS-kompatiblen Ger\u00e4ten verbinden.<\/p>\n<ul>\n<li class=\"fact-style-bold\">Sehr guter Crosstrainer mit nat\u00fcrlicher Bewegung<\/li>\n<li class=\"fact-style-default\">Dank WhisperStride \u00e4u\u00dferst leise<\/li>\n<li class=\"fact-style-default\">E1 mit Go Konsole f\u00fcr besonders leichte Bedienung<\/li>\n<li class=\"fact-style-default\">Langlebige, sehr stabile Konstruktion<\/li>\n<li class=\"fact-style-default\">Kleine Schrittbreite und gro\u00dfe Schrittl\u00e4nge f\u00fcr eine sehr nat\u00fcrliche Bewegung<\/li>\n<li class=\"fact-style-default\">Ergonomische Griffstangen f\u00fcr Oberk\u00f6rpertraining<\/li>\n<li class=\"fact-style-default\">Vorw\u00e4rts- und R\u00fcckw\u00e4rtsbewegung<\/li>\n<li class=\"fact-style-default\">Sehr gro\u00dfe, rutschfeste Trittfl\u00e4chen<\/li>\n<li class=\"fact-style-default\">Energiespar-Funktion<\/li>\n<li>Max. Benutzergewicht: 181 kg<\/li>\n<li>Aufstellma\u00dfe &#8211; Life Fitness Crosstrainer E1 Go: (L) 208 cm x (B) 76 cm x (H) 150 cm<\/li>\n<li><strong>Technische Daten:<\/strong>\n<ul>\n<li>Bremssystem: elektronisch verstellbare Magnetbremse<\/li>\n<li>Schrittl\u00e4nge: 51 cm<\/li>\n<li>Schritth\u00f6he: 17 cm<\/li>\n<li>Schrittbreite: 4.6 cm<\/li>\n<li>Kugelgelagerte Gelenke<\/li>\n<li>Bodenabstand: max. 34 cm<\/li>\n<\/ul>\n<\/li>\n<li><strong>Trainingscomputer:<\/strong>\n<ul>\n<li>Widerstandsstufen: 20<\/li>\n<li>Anzeige:\u00a0Zeit,\u00a0Strecke,\u00a0Geschwindigkeit,\u00a0Umdrehungen\/Min,\u00a0Kalorien,\u00a0Puls<\/li>\n<li>Anzeige der Trainingsprofile mit LCD (extra gro\u00df)<\/li>\n<li>Trainingsprogramme insgesamt: 13, davon\u00a0herzfrequenzgesteuert: 5<\/li>\n<li>Benutzerspeicher: 2<\/li>\n<\/ul>\n<\/li>\n<li><strong>Ausstattung:<\/strong>\n<ul>\n<li>Herzfrequenzmessung:\u00a0Handpulssensoren\u00a0+\u00a0Brustgurt im Lieferumfang enthalten<\/li>\n<li>Brustgurt zur telemetrischen Herzfrequenzmessung im Lieferumfang enthalten<\/li>\n<li>Stromversorgung: Netzanschluss<\/li>\n<li>Extras: Transportrollen, Trinkflaschenhalterung<\/li>\n<\/ul>\n<\/li>\n<\/ul>\n","protected":false},"excerpt":{"rendered":"<p>Die patentierte WhisperStride-Technologie von Life Fitness garantiert Dir ein gleichm\u00e4\u00dfiges und ger\u00e4uscharmes Workout auf Deinem Crosstrainer.<\/p>\n<p><span style=\"font-weight: 400;\">[rntl_page_content id=\"30524\"]<\/span><\/p>\n<div class=\"woocommerce-product-details__short-description\">\n<p>&nbsp;<\/p>\n<\/div>\n","protected":false},"featured_media":26241,"template":"","meta":{"content-type":""},"product_brand":[180],"product_cat":[25,23],"product_tag":[26,107],"class_list":{"0":"post-26247","1":"product","2":"type-product","3":"status-publish","4":"has-post-thumbnail","6":"product_brand-life-fitness","7":"product_cat-hometrainer","8":"product_cat-crosstrainer","9":"product_tag-kaufen","10":"product_tag-kaufen-neu","11":"product_shipping_class-mittel","12":"tm-no-options","14":"first","15":"instock","16":"taxable","17":"shipping-taxable","18":"purchasable","19":"product-type-simple"},"yoast_head":"<!-- This site is optimized with the Yoast SEO plugin v26.3 - https:\/\/yoast.com\/wordpress\/plugins\/seo\/ -->\n<title>Life Fitness E1 Crosstrainer Go - Garantiert Neu! Wir vermieten \u00fcbrigens auch Crosstrainer! - RNTL Fitness<\/title>\n<meta name=\"description\" content=\"Miete, kaufe, oder finanziere f\u00fcr das Training zu Hause den Life Fitness E1 Crosstrainer Go bei RNTL. Perfekt f\u00fcr das Training zu Hause.\" \/>\n<meta name=\"robots\" content=\"index, follow, max-snippet:-1, max-image-preview:large, max-video-preview:-1\" \/>\n<link rel=\"canonical\" href=\"https:\/\/rntl.ch\/fitness\/produkt\/life-fitness-e1-crosstrainer-go-garantiert-neu-wir-vermieten-uebrigens-auch-crosstrainer\/\" \/>\n<meta property=\"og:locale\" content=\"de_DE\" \/>\n<meta property=\"og:type\" content=\"article\" \/>\n<meta property=\"og:title\" content=\"Life Fitness E1 Crosstrainer Go - Garantiert Neu! Wir vermieten \u00fcbrigens auch Crosstrainer! - RNTL Fitness\" \/>\n<meta property=\"og:description\" content=\"Miete, kaufe, oder finanziere f\u00fcr das Training zu Hause den Life Fitness E1 Crosstrainer Go bei RNTL. Perfekt f\u00fcr das Training zu Hause.\" \/>\n<meta property=\"og:url\" content=\"https:\/\/rntl.ch\/fitness\/produkt\/life-fitness-e1-crosstrainer-go-garantiert-neu-wir-vermieten-uebrigens-auch-crosstrainer\/\" \/>\n<meta property=\"og:site_name\" content=\"RNTL Fitness\" \/>\n<meta property=\"article:modified_time\" content=\"2026-02-25T16:10:50+00:00\" \/>\n<meta property=\"og:image\" content=\"https:\/\/rntl.ch\/fitness\/wp-content\/uploads\/sites\/3\/2023\/12\/1-8.png\" \/>\n\t<meta property=\"og:image:width\" content=\"800\" \/>\n\t<meta property=\"og:image:height\" content=\"800\" \/>\n\t<meta property=\"og:image:type\" content=\"image\/png\" \/>\n<meta name=\"twitter:card\" content=\"summary_large_image\" \/>\n<meta name=\"twitter:label1\" content=\"Gesch\u00e4tzte Lesezeit\" \/>\n\t<meta name=\"twitter:data1\" content=\"3\u00a0Minuten\" \/>\n<script type=\"application\/ld+json\" class=\"yoast-schema-graph\">{\"@context\":\"https:\/\/schema.org\",\"@graph\":[{\"@type\":\"WebPage\",\"@id\":\"https:\/\/rntl.ch\/fitness\/produkt\/life-fitness-e1-crosstrainer-go-garantiert-neu-wir-vermieten-uebrigens-auch-crosstrainer\/\",\"url\":\"https:\/\/rntl.ch\/fitness\/produkt\/life-fitness-e1-crosstrainer-go-garantiert-neu-wir-vermieten-uebrigens-auch-crosstrainer\/\",\"name\":\"Life Fitness E1 Crosstrainer Go - Garantiert Neu! Wir vermieten \u00fcbrigens auch Crosstrainer! - RNTL Fitness\",\"isPartOf\":{\"@id\":\"https:\/\/rntl.ch\/fitness\/#website\"},\"primaryImageOfPage\":{\"@id\":\"https:\/\/rntl.ch\/fitness\/produkt\/life-fitness-e1-crosstrainer-go-garantiert-neu-wir-vermieten-uebrigens-auch-crosstrainer\/#primaryimage\"},\"image\":{\"@id\":\"https:\/\/rntl.ch\/fitness\/produkt\/life-fitness-e1-crosstrainer-go-garantiert-neu-wir-vermieten-uebrigens-auch-crosstrainer\/#primaryimage\"},\"thumbnailUrl\":\"https:\/\/rntl.ch\/fitness\/wp-content\/uploads\/sites\/3\/2023\/12\/1-8.png\",\"datePublished\":\"2023-12-22T14:33:15+00:00\",\"dateModified\":\"2026-02-25T16:10:50+00:00\",\"description\":\"Miete, kaufe, oder finanziere f\u00fcr das Training zu Hause den Life Fitness E1 Crosstrainer Go bei RNTL. Perfekt f\u00fcr das Training zu Hause.\",\"breadcrumb\":{\"@id\":\"https:\/\/rntl.ch\/fitness\/produkt\/life-fitness-e1-crosstrainer-go-garantiert-neu-wir-vermieten-uebrigens-auch-crosstrainer\/#breadcrumb\"},\"inLanguage\":\"de\",\"potentialAction\":[{\"@type\":\"ReadAction\",\"target\":[\"https:\/\/rntl.ch\/fitness\/produkt\/life-fitness-e1-crosstrainer-go-garantiert-neu-wir-vermieten-uebrigens-auch-crosstrainer\/\"]}]},{\"@type\":\"ImageObject\",\"inLanguage\":\"de\",\"@id\":\"https:\/\/rntl.ch\/fitness\/produkt\/life-fitness-e1-crosstrainer-go-garantiert-neu-wir-vermieten-uebrigens-auch-crosstrainer\/#primaryimage\",\"url\":\"https:\/\/rntl.ch\/fitness\/wp-content\/uploads\/sites\/3\/2023\/12\/1-8.png\",\"contentUrl\":\"https:\/\/rntl.ch\/fitness\/wp-content\/uploads\/sites\/3\/2023\/12\/1-8.png\",\"width\":800,\"height\":800},{\"@type\":\"BreadcrumbList\",\"@id\":\"https:\/\/rntl.ch\/fitness\/produkt\/life-fitness-e1-crosstrainer-go-garantiert-neu-wir-vermieten-uebrigens-auch-crosstrainer\/#breadcrumb\",\"itemListElement\":[{\"@type\":\"ListItem\",\"position\":1,\"name\":\"Startseite\",\"item\":\"https:\/\/rntl.ch\/fitness\/\"},{\"@type\":\"ListItem\",\"position\":2,\"name\":\"Shop\",\"item\":\"https:\/\/rntl.ch\/fitness\/shop\/\"},{\"@type\":\"ListItem\",\"position\":3,\"name\":\"Life Fitness E1 Crosstrainer Go &#8211; Garantiert Neu! Wir vermieten \u00fcbrigens auch Crosstrainer!\"}]},{\"@type\":\"WebSite\",\"@id\":\"https:\/\/rntl.ch\/fitness\/#website\",\"url\":\"https:\/\/rntl.ch\/fitness\/\",\"name\":\"RNTL Fitness\",\"description\":\"Mieten Einfach Anders\",\"publisher\":{\"@id\":\"https:\/\/rntl.ch\/fitness\/#organization\"},\"potentialAction\":[{\"@type\":\"SearchAction\",\"target\":{\"@type\":\"EntryPoint\",\"urlTemplate\":\"https:\/\/rntl.ch\/fitness\/?s={search_term_string}\"},\"query-input\":{\"@type\":\"PropertyValueSpecification\",\"valueRequired\":true,\"valueName\":\"search_term_string\"}}],\"inLanguage\":\"de\"},{\"@type\":\"Organization\",\"@id\":\"https:\/\/rntl.ch\/fitness\/#organization\",\"name\":\"RNTL Fitness\",\"url\":\"https:\/\/rntl.ch\/fitness\/\",\"logo\":{\"@type\":\"ImageObject\",\"inLanguage\":\"de\",\"@id\":\"https:\/\/rntl.ch\/fitness\/#\/schema\/logo\/image\/\",\"url\":\"https:\/\/rntl.ch\/fitness\/wp-content\/uploads\/sites\/3\/2020\/11\/cropped-rntl_logo_white_530x150.png\",\"contentUrl\":\"https:\/\/rntl.ch\/fitness\/wp-content\/uploads\/sites\/3\/2020\/11\/cropped-rntl_logo_white_530x150.png\",\"width\":530,\"height\":150,\"caption\":\"RNTL Fitness\"},\"image\":{\"@id\":\"https:\/\/rntl.ch\/fitness\/#\/schema\/logo\/image\/\"}}]}<\/script>\n<!-- \/ Yoast SEO plugin. -->","yoast_head_json":{"title":"Life Fitness E1 Crosstrainer Go - Garantiert Neu! Wir vermieten \u00fcbrigens auch Crosstrainer! - RNTL Fitness","description":"Miete, kaufe, oder finanziere f\u00fcr das Training zu Hause den Life Fitness E1 Crosstrainer Go bei RNTL. Perfekt f\u00fcr das Training zu Hause.","robots":{"index":"index","follow":"follow","max-snippet":"max-snippet:-1","max-image-preview":"max-image-preview:large","max-video-preview":"max-video-preview:-1"},"canonical":"https:\/\/rntl.ch\/fitness\/produkt\/life-fitness-e1-crosstrainer-go-garantiert-neu-wir-vermieten-uebrigens-auch-crosstrainer\/","og_locale":"de_DE","og_type":"article","og_title":"Life Fitness E1 Crosstrainer Go - Garantiert Neu! Wir vermieten \u00fcbrigens auch Crosstrainer! - RNTL Fitness","og_description":"Miete, kaufe, oder finanziere f\u00fcr das Training zu Hause den Life Fitness E1 Crosstrainer Go bei RNTL. Perfekt f\u00fcr das Training zu Hause.","og_url":"https:\/\/rntl.ch\/fitness\/produkt\/life-fitness-e1-crosstrainer-go-garantiert-neu-wir-vermieten-uebrigens-auch-crosstrainer\/","og_site_name":"RNTL Fitness","article_modified_time":"2026-02-25T16:10:50+00:00","og_image":[{"width":800,"height":800,"url":"https:\/\/rntl.ch\/fitness\/wp-content\/uploads\/sites\/3\/2023\/12\/1-8.png","type":"image\/png"}],"twitter_card":"summary_large_image","twitter_misc":{"Gesch\u00e4tzte Lesezeit":"3\u00a0Minuten"},"schema":{"@context":"https:\/\/schema.org","@graph":[{"@type":"WebPage","@id":"https:\/\/rntl.ch\/fitness\/produkt\/life-fitness-e1-crosstrainer-go-garantiert-neu-wir-vermieten-uebrigens-auch-crosstrainer\/","url":"https:\/\/rntl.ch\/fitness\/produkt\/life-fitness-e1-crosstrainer-go-garantiert-neu-wir-vermieten-uebrigens-auch-crosstrainer\/","name":"Life Fitness E1 Crosstrainer Go - Garantiert Neu! Wir vermieten \u00fcbrigens auch Crosstrainer! - RNTL Fitness","isPartOf":{"@id":"https:\/\/rntl.ch\/fitness\/#website"},"primaryImageOfPage":{"@id":"https:\/\/rntl.ch\/fitness\/produkt\/life-fitness-e1-crosstrainer-go-garantiert-neu-wir-vermieten-uebrigens-auch-crosstrainer\/#primaryimage"},"image":{"@id":"https:\/\/rntl.ch\/fitness\/produkt\/life-fitness-e1-crosstrainer-go-garantiert-neu-wir-vermieten-uebrigens-auch-crosstrainer\/#primaryimage"},"thumbnailUrl":"https:\/\/rntl.ch\/fitness\/wp-content\/uploads\/sites\/3\/2023\/12\/1-8.png","datePublished":"2023-12-22T14:33:15+00:00","dateModified":"2026-02-25T16:10:50+00:00","description":"Miete, kaufe, oder finanziere f\u00fcr das Training zu Hause den Life Fitness E1 Crosstrainer Go bei RNTL. Perfekt f\u00fcr das Training zu Hause.","breadcrumb":{"@id":"https:\/\/rntl.ch\/fitness\/produkt\/life-fitness-e1-crosstrainer-go-garantiert-neu-wir-vermieten-uebrigens-auch-crosstrainer\/#breadcrumb"},"inLanguage":"de","potentialAction":[{"@type":"ReadAction","target":["https:\/\/rntl.ch\/fitness\/produkt\/life-fitness-e1-crosstrainer-go-garantiert-neu-wir-vermieten-uebrigens-auch-crosstrainer\/"]}]},{"@type":"ImageObject","inLanguage":"de","@id":"https:\/\/rntl.ch\/fitness\/produkt\/life-fitness-e1-crosstrainer-go-garantiert-neu-wir-vermieten-uebrigens-auch-crosstrainer\/#primaryimage","url":"https:\/\/rntl.ch\/fitness\/wp-content\/uploads\/sites\/3\/2023\/12\/1-8.png","contentUrl":"https:\/\/rntl.ch\/fitness\/wp-content\/uploads\/sites\/3\/2023\/12\/1-8.png","width":800,"height":800},{"@type":"BreadcrumbList","@id":"https:\/\/rntl.ch\/fitness\/produkt\/life-fitness-e1-crosstrainer-go-garantiert-neu-wir-vermieten-uebrigens-auch-crosstrainer\/#breadcrumb","itemListElement":[{"@type":"ListItem","position":1,"name":"Startseite","item":"https:\/\/rntl.ch\/fitness\/"},{"@type":"ListItem","position":2,"name":"Shop","item":"https:\/\/rntl.ch\/fitness\/shop\/"},{"@type":"ListItem","position":3,"name":"Life Fitness E1 Crosstrainer Go &#8211; Garantiert Neu! Wir vermieten \u00fcbrigens auch Crosstrainer!"}]},{"@type":"WebSite","@id":"https:\/\/rntl.ch\/fitness\/#website","url":"https:\/\/rntl.ch\/fitness\/","name":"RNTL Fitness","description":"Mieten Einfach Anders","publisher":{"@id":"https:\/\/rntl.ch\/fitness\/#organization"},"potentialAction":[{"@type":"SearchAction","target":{"@type":"EntryPoint","urlTemplate":"https:\/\/rntl.ch\/fitness\/?s={search_term_string}"},"query-input":{"@type":"PropertyValueSpecification","valueRequired":true,"valueName":"search_term_string"}}],"inLanguage":"de"},{"@type":"Organization","@id":"https:\/\/rntl.ch\/fitness\/#organization","name":"RNTL Fitness","url":"https:\/\/rntl.ch\/fitness\/","logo":{"@type":"ImageObject","inLanguage":"de","@id":"https:\/\/rntl.ch\/fitness\/#\/schema\/logo\/image\/","url":"https:\/\/rntl.ch\/fitness\/wp-content\/uploads\/sites\/3\/2020\/11\/cropped-rntl_logo_white_530x150.png","contentUrl":"https:\/\/rntl.ch\/fitness\/wp-content\/uploads\/sites\/3\/2020\/11\/cropped-rntl_logo_white_530x150.png","width":530,"height":150,"caption":"RNTL Fitness"},"image":{"@id":"https:\/\/rntl.ch\/fitness\/#\/schema\/logo\/image\/"}}]}},"_links":{"self":[{"href":"https:\/\/rntl.ch\/fitness\/wp-json\/wp\/v2\/product\/26247","targetHints":{"allow":["GET"]}}],"collection":[{"href":"https:\/\/rntl.ch\/fitness\/wp-json\/wp\/v2\/product"}],"about":[{"href":"https:\/\/rntl.ch\/fitness\/wp-json\/wp\/v2\/types\/product"}],"version-history":[{"count":1,"href":"https:\/\/rntl.ch\/fitness\/wp-json\/wp\/v2\/product\/26247\/revisions"}],"predecessor-version":[{"id":30536,"href":"https:\/\/rntl.ch\/fitness\/wp-json\/wp\/v2\/product\/26247\/revisions\/30536"}],"wp:featuredmedia":[{"embeddable":true,"href":"https:\/\/rntl.ch\/fitness\/wp-json\/wp\/v2\/media\/26241"}],"wp:attachment":[{"href":"https:\/\/rntl.ch\/fitness\/wp-json\/wp\/v2\/media?parent=26247"}],"wp:term":[{"taxonomy":"product_brand","embeddable":true,"href":"https:\/\/rntl.ch\/fitness\/wp-json\/wp\/v2\/product_brand?post=26247"},{"taxonomy":"product_cat","embeddable":true,"href":"https:\/\/rntl.ch\/fitness\/wp-json\/wp\/v2\/product_cat?post=26247"},{"taxonomy":"product_tag","embeddable":true,"href":"https:\/\/rntl.ch\/fitness\/wp-json\/wp\/v2\/product_tag?post=26247"}],"curies":[{"name":"wp","href":"https:\/\/api.w.org\/{rel}","templated":true}]}}