{"id":26253,"date":"2023-12-22T15:46:33","date_gmt":"2023-12-22T14:46:33","guid":{"rendered":"https:\/\/rntl.ch\/fitness\/?post_type=product&#038;p=26253"},"modified":"2024-10-16T11:55:36","modified_gmt":"2024-10-16T09:55:36","slug":"life-fitness-e1-crosstrainer-go-garantiert-neu","status":"publish","type":"product","link":"https:\/\/rntl.ch\/fitness\/produkt\/life-fitness-e1-crosstrainer-go-garantiert-neu\/","title":{"rendered":"Life Fitness Crosstrainer E1 Track Connect 2.0 &#8211; Garantiert neu!"},"content":{"rendered":"<div id=\"product-details\" class=\"mb-5\">\n<div class=\"mb-2 d-flex\">\n<h2 class=\"sticky-menu-topic\">Life Fitness Crosstrainer E1 Track Connect 2.0<\/h2>\n<div class=\"product-description\">\n<h3>Track Connect 2.0 Konsole<\/h3>\n<p>Die neue Track Connect 2.0 Konsole ist f\u00fcr alle Ger\u00e4te der 1er, 3er und 5er Serie verf\u00fcgbar. Sie besitzt die neusten Bluetooth-Standards, wie das FTMS-Protokoll zur Steuerung von Ihrem Fitnessger\u00e4t. Dar\u00fcber hinaus k\u00f6nnen Sie die Konsole mit zahlreichen Fitness-Apps verbinden. Dazu z\u00e4hlen unter anderem Kinomap, Zwift und LFconnect. W\u00e4hrend Sie eine Fitnessapp benutzen k\u00f6nnen Sie Ihr Tablet oder Smartphone einfach in die daf\u00fcr vorgesehene Halterung stellen. In der Konsole ist au\u00dferdem<\/p>\n<h3>Life Fitness Crosstrainer mit sehr angenehmer Trainingsbewegung<\/h3>\n<p>Auch wenn der Crosstrainer E1 der kleinste der E-Serie von Life Fitness ist, wei\u00df er durchaus zu \u00fcberzeugen. Er bietet die \u00fcberragende Bewegungsqualit\u00e4t, f\u00fcr die Life Fitness Crosstrainer bekannt sind. Die Link6 Gelenkkonstruktion sorgt f\u00fcr sanfte, sehr fl\u00fcssige Bewegungen; die elliptische Bewegung ist lang und flach, dadurch ist die Bewegung nat\u00fcrlich und die Trainingshaltung sehr schonend f\u00fcr die Gelenke. Der Abstand der Trittfl\u00e4chen ist sehr gering. Dadurch ist die Belastung der Au\u00dfenb\u00e4nder minimal. Fehlstellungen der H\u00fcfte und der Knie wird so vorgebeugt.<\/p>\n<h3>Life Fitness Crosstrainer \u2013 dank WhisperStride leise trainieren<\/h3>\n<p>Ob Sie sich auf dem Crosstrainer richtig ins Zeug legen oder es auch mal ruhig angehen lassen wollen &#8211; mit der patentierten WhisperStride-Technologie von Life Fitness gestalten Sie Ihr Workout immer gleichm\u00e4\u00dfig und in r\u00fccksichtsvoller Lautst\u00e4rke. Dank der selbstausrichtenden Gelenkkonstruktion und des hochwertigen Kugellagers werden ein runder Lauf und ein leises Workout auf dem Crosstrainer erm\u00f6glicht, so dass sich Ihre Mitmenschen nicht gest\u00f6rt f\u00fchlen.<\/p>\n<\/div>\n<h2 class=\"sticky-menu-topic flex-grow-1\"><strong style=\"font-size: 16px;\">Neue Track Connect 2.0 Konsole:<\/strong><\/h2>\n<\/div>\n<ul>\n<li style=\"list-style-type: none;\">\n<ul>\n<li>Neuste Bluetooth Standards<\/li>\n<li>Besitzt Fitness Machine Service Protokoll mit GEM 3-Chips<\/li>\n<li>Integriertes Apple Gym Kit (Apple\/ Samsung Smart Watches k\u00f6nnen mit der Konsole verbunden werden)<\/li>\n<li>Kompatibel mit Fitnessapss (z.B. Kinomap, Zwift, LFconnect<\/li>\n<li>Mehrere Sprachen ausw\u00e4hlbar (Englisch, Franz\u00f6sisch, Russisch, Spanisch und Deutsch)<\/li>\n<li>Integrierte Tablet- und Smartphone Halterung<\/li>\n<li>Zugriff auf Workouts<\/li>\n<\/ul>\n<\/li>\n<li class=\"fact-style-default\">Life Fitness Crosstrainer: gelenkschonend mit sehr nat\u00fcrlicher Bewegung<\/li>\n<li class=\"fact-style-default\">Link6 Gelenkkonstruktion f\u00fcr sanfte, sehr fl\u00fcssige Bewegungen<\/li>\n<li class=\"fact-style-default\">Sehr geringer Pedalabstand verhindert Fehlstellung der H\u00fcftgelenke<\/li>\n<li class=\"fact-style-default\">Dank WhisperStride sehr leise<\/li>\n<li class=\"fact-style-default\">Flache, lange Ellipsenbewegung f\u00fcr sehr nat\u00fcrliches Training<\/li>\n<li class=\"fact-style-default\">Langlebiger, robuster Stahlrahmen<\/li>\n<li class=\"fact-style-default\">Niedrige Aufstiegsh\u00f6he von nur 17 cm<\/li>\n<li>Max. Benutzergewicht: 181 kg<\/li>\n<li>Aufstellma\u00dfe &#8211; Life Fitness Crosstrainer E1 Track Connect 2.0 : (L) 208 cm x (B) 76 cm x (H) 150 cm<\/li>\n<li><strong>Technische Daten:<\/strong>\n<ul>\n<li>Bremssystem: elektronisch verstellbare Magnetbremse<\/li>\n<li>Drehzahlunabh\u00e4ngige Widerstandseinstellung<\/li>\n<li>Schrittl\u00e4nge: 51 cm<\/li>\n<li>Schritth\u00f6he: 17 cm<\/li>\n<li>Schrittbreite: 4.6 cm<\/li>\n<li>Kugelgelagerte Gelenke<\/li>\n<\/ul>\n<\/li>\n<\/ul>\n<ul>\n<li><strong>Trainingscomputer:<\/strong>\n<ul>\n<li>Widerstandsstufen: 20<\/li>\n<li>Anzeige:\u00a0Zeit,\u00a0Strecke,\u00a0Geschwindigkeit,\u00a0Umdrehungen\/Min,\u00a0Kalorien,\u00a0Puls<\/li>\n<li>Anzeige der Trainingsprofile mit LCD (extra gro\u00df)<\/li>\n<li>Trainingsprogramme insgesamt: 16, davon\u00a0benutzerdefiniert: 3,\u00a0herzfrequenzgesteuert: 5<\/li>\n<li>Benutzerspeicher: 4<\/li>\n<\/ul>\n<\/li>\n<li><strong>Ausstattung:<\/strong>\n<ul>\n<li>Herzfrequenzmessung: Handpulssensoren + Brustgurt im Lieferumfang enthalten<\/li>\n<li>Brustgurt zur telemetrischen Herzfrequenzmessung im Lieferumfang enthalten<\/li>\n<li>Stromversorgung: Netzanschluss<\/li>\n<li>Extras: Transportrollen, Trinkflaschenhalterung<\/li>\n<\/ul>\n<\/li>\n<li>Crosstrainer mit einer gelenkschonenden elliptischen Bewegung (Ellipsentrainer)<\/li>\n<\/ul>\n<hr class=\"mt-5\" \/>\n<\/div>\n<div id=\"product-description\" class=\"mb-5\">\n<div class=\"product-description\"><\/div>\n<\/div>\n","protected":false},"excerpt":{"rendered":"<p>Sie besitzt die neusten Bluetooth-Standards, wie das FTMS-Protokoll zur Steuerung von Ihrem Fitnessger\u00e4t.<\/p>\n<p><strong>Kaufpreis [woo_custom_field id=\"rntl_retail_price_field\"].-<\/strong><\/p>\n<p><span style=\"font-weight: 400;\">[rntl_page_content id=\"30523\"]<\/span><\/p>\n","protected":false},"featured_media":26259,"template":"","meta":{"content-type":""},"product_brand":[],"product_cat":[23],"product_tag":[112],"class_list":{"0":"post-26253","1":"product","2":"type-product","3":"status-publish","4":"has-post-thumbnail","6":"product_cat-crosstrainer","7":"product_tag-mieten","8":"product_shipping_class-mittel","9":"tm-no-options","11":"first","12":"instock","13":"taxable","14":"shipping-taxable","15":"purchasable","16":"product-type-variable-subscription","17":"has-default-attributes"},"yoast_head":"<!-- This site is optimized with the Yoast SEO plugin v26.3 - https:\/\/yoast.com\/wordpress\/plugins\/seo\/ -->\n<title>Life Fitness Crosstrainer E1 Track Connect 2.0 - Garantiert neu! - RNTL Fitness<\/title>\n<meta name=\"description\" content=\"Miete, kaufe, oder finanziere f\u00fcr das Training zu Hause den Life Fitness E1 Crosstrainer Go bei RNTL. Perfekt f\u00fcr das Training zu Hause.\" \/>\n<meta name=\"robots\" content=\"index, follow, max-snippet:-1, max-image-preview:large, max-video-preview:-1\" \/>\n<link rel=\"canonical\" href=\"https:\/\/rntl.ch\/fitness\/produkt\/life-fitness-e1-crosstrainer-go-garantiert-neu\/\" \/>\n<meta property=\"og:locale\" content=\"de_DE\" \/>\n<meta property=\"og:type\" content=\"article\" \/>\n<meta property=\"og:title\" content=\"Life Fitness Crosstrainer E1 Track Connect 2.0 - Garantiert neu! - RNTL Fitness\" \/>\n<meta property=\"og:description\" content=\"Miete, kaufe, oder finanziere f\u00fcr das Training zu Hause den Life Fitness E1 Crosstrainer Go bei RNTL. Perfekt f\u00fcr das Training zu Hause.\" \/>\n<meta property=\"og:url\" content=\"https:\/\/rntl.ch\/fitness\/produkt\/life-fitness-e1-crosstrainer-go-garantiert-neu\/\" \/>\n<meta property=\"og:site_name\" content=\"RNTL Fitness\" \/>\n<meta property=\"article:modified_time\" content=\"2024-10-16T09:55:36+00:00\" \/>\n<meta property=\"og:image\" content=\"https:\/\/rntl.ch\/fitness\/wp-content\/uploads\/sites\/3\/2023\/12\/1-10.png\" \/>\n\t<meta property=\"og:image:width\" content=\"800\" \/>\n\t<meta property=\"og:image:height\" content=\"800\" \/>\n\t<meta property=\"og:image:type\" content=\"image\/png\" \/>\n<meta name=\"twitter:card\" content=\"summary_large_image\" \/>\n<meta name=\"twitter:label1\" content=\"Gesch\u00e4tzte Lesezeit\" \/>\n\t<meta name=\"twitter:data1\" content=\"3\u00a0Minuten\" \/>\n<script type=\"application\/ld+json\" class=\"yoast-schema-graph\">{\"@context\":\"https:\/\/schema.org\",\"@graph\":[{\"@type\":\"WebPage\",\"@id\":\"https:\/\/rntl.ch\/fitness\/produkt\/life-fitness-e1-crosstrainer-go-garantiert-neu\/\",\"url\":\"https:\/\/rntl.ch\/fitness\/produkt\/life-fitness-e1-crosstrainer-go-garantiert-neu\/\",\"name\":\"Life Fitness Crosstrainer E1 Track Connect 2.0 - Garantiert neu! - RNTL Fitness\",\"isPartOf\":{\"@id\":\"https:\/\/rntl.ch\/fitness\/#website\"},\"primaryImageOfPage\":{\"@id\":\"https:\/\/rntl.ch\/fitness\/produkt\/life-fitness-e1-crosstrainer-go-garantiert-neu\/#primaryimage\"},\"image\":{\"@id\":\"https:\/\/rntl.ch\/fitness\/produkt\/life-fitness-e1-crosstrainer-go-garantiert-neu\/#primaryimage\"},\"thumbnailUrl\":\"https:\/\/rntl.ch\/fitness\/wp-content\/uploads\/sites\/3\/2023\/12\/1-10.png\",\"datePublished\":\"2023-12-22T14:46:33+00:00\",\"dateModified\":\"2024-10-16T09:55:36+00:00\",\"description\":\"Miete, kaufe, oder finanziere f\u00fcr das Training zu Hause den Life Fitness E1 Crosstrainer Go bei RNTL. Perfekt f\u00fcr das Training zu Hause.\",\"breadcrumb\":{\"@id\":\"https:\/\/rntl.ch\/fitness\/produkt\/life-fitness-e1-crosstrainer-go-garantiert-neu\/#breadcrumb\"},\"inLanguage\":\"de\",\"potentialAction\":[{\"@type\":\"ReadAction\",\"target\":[\"https:\/\/rntl.ch\/fitness\/produkt\/life-fitness-e1-crosstrainer-go-garantiert-neu\/\"]}]},{\"@type\":\"ImageObject\",\"inLanguage\":\"de\",\"@id\":\"https:\/\/rntl.ch\/fitness\/produkt\/life-fitness-e1-crosstrainer-go-garantiert-neu\/#primaryimage\",\"url\":\"https:\/\/rntl.ch\/fitness\/wp-content\/uploads\/sites\/3\/2023\/12\/1-10.png\",\"contentUrl\":\"https:\/\/rntl.ch\/fitness\/wp-content\/uploads\/sites\/3\/2023\/12\/1-10.png\",\"width\":800,\"height\":800},{\"@type\":\"BreadcrumbList\",\"@id\":\"https:\/\/rntl.ch\/fitness\/produkt\/life-fitness-e1-crosstrainer-go-garantiert-neu\/#breadcrumb\",\"itemListElement\":[{\"@type\":\"ListItem\",\"position\":1,\"name\":\"Startseite\",\"item\":\"https:\/\/rntl.ch\/fitness\/\"},{\"@type\":\"ListItem\",\"position\":2,\"name\":\"Shop\",\"item\":\"https:\/\/rntl.ch\/fitness\/shop\/\"},{\"@type\":\"ListItem\",\"position\":3,\"name\":\"Life Fitness Crosstrainer E1 Track Connect 2.0 &#8211; Garantiert neu!\"}]},{\"@type\":\"WebSite\",\"@id\":\"https:\/\/rntl.ch\/fitness\/#website\",\"url\":\"https:\/\/rntl.ch\/fitness\/\",\"name\":\"RNTL Fitness\",\"description\":\"Mieten Einfach Anders\",\"publisher\":{\"@id\":\"https:\/\/rntl.ch\/fitness\/#organization\"},\"potentialAction\":[{\"@type\":\"SearchAction\",\"target\":{\"@type\":\"EntryPoint\",\"urlTemplate\":\"https:\/\/rntl.ch\/fitness\/?s={search_term_string}\"},\"query-input\":{\"@type\":\"PropertyValueSpecification\",\"valueRequired\":true,\"valueName\":\"search_term_string\"}}],\"inLanguage\":\"de\"},{\"@type\":\"Organization\",\"@id\":\"https:\/\/rntl.ch\/fitness\/#organization\",\"name\":\"RNTL Fitness\",\"url\":\"https:\/\/rntl.ch\/fitness\/\",\"logo\":{\"@type\":\"ImageObject\",\"inLanguage\":\"de\",\"@id\":\"https:\/\/rntl.ch\/fitness\/#\/schema\/logo\/image\/\",\"url\":\"https:\/\/rntl.ch\/fitness\/wp-content\/uploads\/sites\/3\/2020\/11\/cropped-rntl_logo_white_530x150.png\",\"contentUrl\":\"https:\/\/rntl.ch\/fitness\/wp-content\/uploads\/sites\/3\/2020\/11\/cropped-rntl_logo_white_530x150.png\",\"width\":530,\"height\":150,\"caption\":\"RNTL Fitness\"},\"image\":{\"@id\":\"https:\/\/rntl.ch\/fitness\/#\/schema\/logo\/image\/\"}}]}<\/script>\n<!-- \/ Yoast SEO plugin. -->","yoast_head_json":{"title":"Life Fitness Crosstrainer E1 Track Connect 2.0 - Garantiert neu! - RNTL Fitness","description":"Miete, kaufe, oder finanziere f\u00fcr das Training zu Hause den Life Fitness E1 Crosstrainer Go bei RNTL. Perfekt f\u00fcr das Training zu Hause.","robots":{"index":"index","follow":"follow","max-snippet":"max-snippet:-1","max-image-preview":"max-image-preview:large","max-video-preview":"max-video-preview:-1"},"canonical":"https:\/\/rntl.ch\/fitness\/produkt\/life-fitness-e1-crosstrainer-go-garantiert-neu\/","og_locale":"de_DE","og_type":"article","og_title":"Life Fitness Crosstrainer E1 Track Connect 2.0 - Garantiert neu! - RNTL Fitness","og_description":"Miete, kaufe, oder finanziere f\u00fcr das Training zu Hause den Life Fitness E1 Crosstrainer Go bei RNTL. Perfekt f\u00fcr das Training zu Hause.","og_url":"https:\/\/rntl.ch\/fitness\/produkt\/life-fitness-e1-crosstrainer-go-garantiert-neu\/","og_site_name":"RNTL Fitness","article_modified_time":"2024-10-16T09:55:36+00:00","og_image":[{"width":800,"height":800,"url":"https:\/\/rntl.ch\/fitness\/wp-content\/uploads\/sites\/3\/2023\/12\/1-10.png","type":"image\/png"}],"twitter_card":"summary_large_image","twitter_misc":{"Gesch\u00e4tzte Lesezeit":"3\u00a0Minuten"},"schema":{"@context":"https:\/\/schema.org","@graph":[{"@type":"WebPage","@id":"https:\/\/rntl.ch\/fitness\/produkt\/life-fitness-e1-crosstrainer-go-garantiert-neu\/","url":"https:\/\/rntl.ch\/fitness\/produkt\/life-fitness-e1-crosstrainer-go-garantiert-neu\/","name":"Life Fitness Crosstrainer E1 Track Connect 2.0 - Garantiert neu! - RNTL Fitness","isPartOf":{"@id":"https:\/\/rntl.ch\/fitness\/#website"},"primaryImageOfPage":{"@id":"https:\/\/rntl.ch\/fitness\/produkt\/life-fitness-e1-crosstrainer-go-garantiert-neu\/#primaryimage"},"image":{"@id":"https:\/\/rntl.ch\/fitness\/produkt\/life-fitness-e1-crosstrainer-go-garantiert-neu\/#primaryimage"},"thumbnailUrl":"https:\/\/rntl.ch\/fitness\/wp-content\/uploads\/sites\/3\/2023\/12\/1-10.png","datePublished":"2023-12-22T14:46:33+00:00","dateModified":"2024-10-16T09:55:36+00:00","description":"Miete, kaufe, oder finanziere f\u00fcr das Training zu Hause den Life Fitness E1 Crosstrainer Go bei RNTL. Perfekt f\u00fcr das Training zu Hause.","breadcrumb":{"@id":"https:\/\/rntl.ch\/fitness\/produkt\/life-fitness-e1-crosstrainer-go-garantiert-neu\/#breadcrumb"},"inLanguage":"de","potentialAction":[{"@type":"ReadAction","target":["https:\/\/rntl.ch\/fitness\/produkt\/life-fitness-e1-crosstrainer-go-garantiert-neu\/"]}]},{"@type":"ImageObject","inLanguage":"de","@id":"https:\/\/rntl.ch\/fitness\/produkt\/life-fitness-e1-crosstrainer-go-garantiert-neu\/#primaryimage","url":"https:\/\/rntl.ch\/fitness\/wp-content\/uploads\/sites\/3\/2023\/12\/1-10.png","contentUrl":"https:\/\/rntl.ch\/fitness\/wp-content\/uploads\/sites\/3\/2023\/12\/1-10.png","width":800,"height":800},{"@type":"BreadcrumbList","@id":"https:\/\/rntl.ch\/fitness\/produkt\/life-fitness-e1-crosstrainer-go-garantiert-neu\/#breadcrumb","itemListElement":[{"@type":"ListItem","position":1,"name":"Startseite","item":"https:\/\/rntl.ch\/fitness\/"},{"@type":"ListItem","position":2,"name":"Shop","item":"https:\/\/rntl.ch\/fitness\/shop\/"},{"@type":"ListItem","position":3,"name":"Life Fitness Crosstrainer E1 Track Connect 2.0 &#8211; Garantiert neu!"}]},{"@type":"WebSite","@id":"https:\/\/rntl.ch\/fitness\/#website","url":"https:\/\/rntl.ch\/fitness\/","name":"RNTL Fitness","description":"Mieten Einfach Anders","publisher":{"@id":"https:\/\/rntl.ch\/fitness\/#organization"},"potentialAction":[{"@type":"SearchAction","target":{"@type":"EntryPoint","urlTemplate":"https:\/\/rntl.ch\/fitness\/?s={search_term_string}"},"query-input":{"@type":"PropertyValueSpecification","valueRequired":true,"valueName":"search_term_string"}}],"inLanguage":"de"},{"@type":"Organization","@id":"https:\/\/rntl.ch\/fitness\/#organization","name":"RNTL Fitness","url":"https:\/\/rntl.ch\/fitness\/","logo":{"@type":"ImageObject","inLanguage":"de","@id":"https:\/\/rntl.ch\/fitness\/#\/schema\/logo\/image\/","url":"https:\/\/rntl.ch\/fitness\/wp-content\/uploads\/sites\/3\/2020\/11\/cropped-rntl_logo_white_530x150.png","contentUrl":"https:\/\/rntl.ch\/fitness\/wp-content\/uploads\/sites\/3\/2020\/11\/cropped-rntl_logo_white_530x150.png","width":530,"height":150,"caption":"RNTL Fitness"},"image":{"@id":"https:\/\/rntl.ch\/fitness\/#\/schema\/logo\/image\/"}}]}},"_links":{"self":[{"href":"https:\/\/rntl.ch\/fitness\/wp-json\/wp\/v2\/product\/26253","targetHints":{"allow":["GET"]}}],"collection":[{"href":"https:\/\/rntl.ch\/fitness\/wp-json\/wp\/v2\/product"}],"about":[{"href":"https:\/\/rntl.ch\/fitness\/wp-json\/wp\/v2\/types\/product"}],"version-history":[{"count":0,"href":"https:\/\/rntl.ch\/fitness\/wp-json\/wp\/v2\/product\/26253\/revisions"}],"wp:featuredmedia":[{"embeddable":true,"href":"https:\/\/rntl.ch\/fitness\/wp-json\/wp\/v2\/media\/26259"}],"wp:attachment":[{"href":"https:\/\/rntl.ch\/fitness\/wp-json\/wp\/v2\/media?parent=26253"}],"wp:term":[{"taxonomy":"product_brand","embeddable":true,"href":"https:\/\/rntl.ch\/fitness\/wp-json\/wp\/v2\/product_brand?post=26253"},{"taxonomy":"product_cat","embeddable":true,"href":"https:\/\/rntl.ch\/fitness\/wp-json\/wp\/v2\/product_cat?post=26253"},{"taxonomy":"product_tag","embeddable":true,"href":"https:\/\/rntl.ch\/fitness\/wp-json\/wp\/v2\/product_tag?post=26253"}],"curies":[{"name":"wp","href":"https:\/\/api.w.org\/{rel}","templated":true}]}}