{"id":26532,"date":"2024-01-08T11:56:41","date_gmt":"2024-01-08T10:56:41","guid":{"rendered":"https:\/\/rntl.ch\/fitness\/?post_type=product&#038;p=26532"},"modified":"2025-08-28T16:14:29","modified_gmt":"2025-08-28T14:14:29","slug":"bowflex-max-trainer-se-garantiert-neu-wir-vermieten-uebrigens-auch-crosstrainer","status":"publish","type":"product","link":"https:\/\/rntl.ch\/fitness\/produkt\/bowflex-max-trainer-se-garantiert-neu-wir-vermieten-uebrigens-auch-crosstrainer\/","title":{"rendered":"Bowflex Max Trainer SE &#8211; Garantiert neu! Wir vermieten \u00fcbrigens auch Crosstrainer!"},"content":{"rendered":"<p><strong>Ger\u00e4uscharmer Max Trainer<\/strong><br \/>\nVerzichten Sie auf die Ger\u00e4usche eines herk\u00f6mmlichen Max Trainers (Luftwiderstand), die es schwer machen k\u00f6nnen,\u00a0Ihren virtuellen Trainer oder Ihre Workout-Wiedergabeliste zu h\u00f6ren.<\/p>\n<p><strong>7-Zoll-Farbdisplay<\/strong><br \/>\nSehen Sie, wie wichtig jede Bewegung auf Ihrem Max Trainer ist, mit\u00a0einem 7-Zoll-Farbdisplay, das Ihre Herzfrequenz, die Kalorien-Verbrennungsrate und vieles mehr anzeigt,<\/p>\n<p><strong>16 Widerstandsstufen<\/strong><br \/>\nMit den 16 Widerstandsstufen k\u00f6nnen Sie in kurzer Zeit ein\u00a0Training mit hoher Intensit\u00e4t absolvieren.<\/p>\n<p><strong>Exklusive Max Trainer-Trainingseinheiten<\/strong><br \/>\nTrainieren Sie mit einem der integrierten Programme\u00a0oder trainieren Sie mit JRNY\u00ae\u00a0von Ihrem Telefon oder Tablet aus.<br \/>\nJRNY bietet On-Demand-Kurse und\u00a0adaptive Workouts exklusiv f\u00fcr den Max Trainer.<\/p>\n<p><strong>Weitere Eigenschaften:<\/strong><\/p>\n<ul>\n<li>Benutzen Sie Ihr Telefon oder Tablet\u00a0um\u00a0mit JRNY\u00ae zu trainieren<\/li>\n<li>Hochintensives Intervalltraining (HIIT)<\/li>\n<li>Automatisch einstellbarer Widerstand<\/li>\n<li>Medienablage f\u00fcr ein Telefon oder Tablet<\/li>\n<li>Bluetooth\u00ae Herzfrequenz aktiviert<\/li>\n<li>4-Griff-Lenker<\/li>\n<li>Wasserflaschenhalter<\/li>\n<li>Transportrollen<\/li>\n<\/ul>\n<p><iframe title=\"BowFlex\u00ae Max Trainer SE: The Newest Low Impact HIIT Innovation (OLD)\" width=\"980\" height=\"551\" src=\"https:\/\/www.youtube.com\/embed\/vgjCRvcyFPQ?feature=oembed&#038;enablejsapi=1&#038;origin=https:\/\/rntl.ch\" frameborder=\"0\" allow=\"accelerometer; autoplay; clipboard-write; encrypted-media; gyroscope; picture-in-picture; web-share\" referrerpolicy=\"strict-origin-when-cross-origin\" allowfullscreen><\/iframe><\/p>\n<table class=\"table table-striped product-detail-properties-table\">\n<tbody>\n<tr class=\"properties-row\">\n<th class=\"properties-label\">Abmessung Breite in cm:<\/th>\n<td class=\"properties-value\">78<\/td>\n<\/tr>\n<tr class=\"properties-row\">\n<th class=\"properties-label\">Abmessung H\u00f6he in cm:<\/th>\n<td class=\"properties-value\">166<\/td>\n<\/tr>\n<tr class=\"properties-row\">\n<th class=\"properties-label\">Abmessung L\u00e4nge in cm:<\/th>\n<td class=\"properties-value\">119<\/td>\n<\/tr>\n<tr class=\"properties-row\">\n<th class=\"properties-label\">Anwendungsbereich:<\/th>\n<td class=\"properties-value\">Home Entry<\/td>\n<\/tr>\n<tr class=\"properties-row\">\n<th class=\"properties-label\">Anzahl Benutzerprogramme:<\/th>\n<td class=\"properties-value\">0<\/td>\n<\/tr>\n<tr class=\"properties-row\">\n<th class=\"properties-label\">Anzahl Programme Total:<\/th>\n<td class=\"properties-value\">5<\/td>\n<\/tr>\n<tr class=\"properties-row\">\n<th class=\"properties-label\">Anzahl Pulsprofile:<\/th>\n<td class=\"properties-value\">0<\/td>\n<\/tr>\n<tr class=\"properties-row\">\n<th class=\"properties-label\">Anzahl Widerstandlevels:<\/th>\n<td class=\"properties-value\">16<\/td>\n<\/tr>\n<tr class=\"properties-row\">\n<th class=\"properties-label\">Anzahl registrierbare Benutzer:<\/th>\n<td class=\"properties-value\">0<\/td>\n<\/tr>\n<tr class=\"properties-row\">\n<th class=\"properties-label\">Anzahl voreingestellter Programme:<\/th>\n<td class=\"properties-value\">5<\/td>\n<\/tr>\n<tr class=\"properties-row\">\n<th class=\"properties-label\">Anzahl w\u00e4hlbarer Sprachen:<\/th>\n<td class=\"properties-value\">1<\/td>\n<\/tr>\n<tr class=\"properties-row\">\n<th class=\"properties-label\">Anzeige der Distanz:<\/th>\n<td class=\"properties-value\">ja<\/td>\n<\/tr>\n<tr class=\"properties-row\">\n<th class=\"properties-label\">Anzeige der Zeit:<\/th>\n<td class=\"properties-value\">ja<\/td>\n<\/tr>\n<tr class=\"properties-row\">\n<th class=\"properties-label\">Anzeige verbrannter Kalorien:<\/th>\n<td class=\"properties-value\">ja<\/td>\n<\/tr>\n<tr class=\"properties-row\">\n<th class=\"properties-label\">Apps f\u00fcr Tablets und Smart Phones:<\/th>\n<td class=\"properties-value\">JRNY<\/td>\n<\/tr>\n<tr class=\"properties-row\">\n<th class=\"properties-label\">Benutzer Tagebuch:<\/th>\n<td class=\"properties-value\">\u00fcber APP JRNY<\/td>\n<\/tr>\n<tr class=\"properties-row\">\n<th class=\"properties-label\">Bluetooth:<\/th>\n<td class=\"properties-value\">ja<\/td>\n<\/tr>\n<tr class=\"properties-row\">\n<th class=\"properties-label\">Bremssystem \/ Widerstand:<\/th>\n<td class=\"properties-value\">Servo Magnetbremse und Luftwiderstand<\/td>\n<\/tr>\n<tr class=\"properties-row\">\n<th class=\"properties-label\">Display Bedienung:<\/th>\n<td class=\"properties-value\">Kn\u00f6pfe<\/td>\n<\/tr>\n<tr class=\"properties-row\">\n<th class=\"properties-label\">Display Typ:<\/th>\n<td class=\"properties-value\">Color LCD mit Beleuchtung<\/td>\n<\/tr>\n<tr class=\"properties-row\">\n<th class=\"properties-label\">Ergometer:<\/th>\n<td class=\"properties-value\">nein<\/td>\n<\/tr>\n<tr class=\"properties-row\">\n<th class=\"properties-label\">Flaschenhalterung:<\/th>\n<td class=\"properties-value\">ja<\/td>\n<\/tr>\n<tr class=\"properties-row\">\n<th class=\"properties-label\">Funktion Erholungspuls:<\/th>\n<td class=\"properties-value\">nein<\/td>\n<\/tr>\n<tr class=\"properties-row\">\n<th class=\"properties-label\">Funktion Fitness Test:<\/th>\n<td class=\"properties-value\">nein<\/td>\n<\/tr>\n<tr class=\"properties-row\">\n<th class=\"properties-label\">Funktion Puls Ziel:<\/th>\n<td class=\"properties-value\">nein<\/td>\n<\/tr>\n<tr class=\"properties-row\">\n<th class=\"properties-label\">Funktion maximaler Puls:<\/th>\n<td class=\"properties-value\">nein<\/td>\n<\/tr>\n<tr class=\"properties-row\">\n<th class=\"properties-label\">Gewicht inkl. Verpackung in kg:<\/th>\n<td class=\"properties-value\">74.3<\/td>\n<\/tr>\n<tr class=\"properties-row\">\n<th class=\"properties-label\">Gewicht netto in kg:<\/th>\n<td class=\"properties-value\">65<\/td>\n<\/tr>\n<tr class=\"properties-row\">\n<th class=\"properties-label\">Griffe:<\/th>\n<td class=\"properties-value\">fixiert<\/td>\n<\/tr>\n<tr class=\"properties-row\">\n<th class=\"properties-label\">K\u00f6rperfett \/ BMI:<\/th>\n<td class=\"properties-value\">nein<\/td>\n<\/tr>\n<tr class=\"properties-row\">\n<th class=\"properties-label\">Max. Benutzergewicht in kg:<\/th>\n<td class=\"properties-value\">136<\/td>\n<\/tr>\n<tr class=\"properties-row\">\n<th class=\"properties-label\">Media Playback:<\/th>\n<td class=\"properties-value\">nein<\/td>\n<\/tr>\n<tr class=\"properties-row\">\n<th class=\"properties-label\">Pedalen Typ:<\/th>\n<td class=\"properties-value\">Comfort<\/td>\n<\/tr>\n<tr class=\"properties-row\">\n<th class=\"properties-label\">Produktetyp:<\/th>\n<td class=\"properties-value\">Grossger\u00e4t<\/td>\n<\/tr>\n<tr class=\"properties-row\">\n<th class=\"properties-label\">Pulsmessung an Griffen:<\/th>\n<td class=\"properties-value\">nein<\/td>\n<\/tr>\n<tr class=\"properties-row\">\n<th class=\"properties-label\">Pulsmessung durch Arm- Brustgurt:<\/th>\n<td class=\"properties-value\">optional Bluetooth<\/td>\n<\/tr>\n<tr class=\"properties-row\">\n<th class=\"properties-label\">Strom Versorgung:<\/th>\n<td class=\"properties-value\">Adapter 9 V DC 1.5 A<\/td>\n<\/tr>\n<tr class=\"properties-row\">\n<th class=\"properties-label\">Tablet Halterung:<\/th>\n<td class=\"properties-value\">ja<\/td>\n<\/tr>\n<tr class=\"properties-row\">\n<th class=\"properties-label\">Transportr\u00e4der:<\/th>\n<td class=\"properties-value\">ja<\/td>\n<\/tr>\n<tr class=\"properties-row\">\n<th class=\"properties-label\">USB Ladeanschluss:<\/th>\n<td class=\"properties-value\">ja<\/td>\n<\/tr>\n<tr class=\"properties-row\">\n<th class=\"properties-label\">USB Verbindung:<\/th>\n<td class=\"properties-value\">nein<\/td>\n<\/tr>\n<tr class=\"properties-row\">\n<th class=\"properties-label\">Watt Programm:<\/th>\n<td class=\"properties-value\">nein<\/td>\n<\/tr>\n<tr class=\"properties-row\">\n<th class=\"properties-label\">WebAthletics:<\/th>\n<td class=\"properties-value\">nein<\/td>\n<\/tr>\n<tr class=\"properties-row\">\n<th class=\"properties-label\">Wi-Fi:<\/th>\n<td class=\"properties-value\">nein<\/td>\n<\/tr>\n<tr class=\"properties-row\">\n<th class=\"properties-label\">Widerstand in Watt:<\/th>\n<td class=\"properties-value\">ja<\/td>\n<\/tr>\n<tr class=\"properties-row\">\n<th class=\"properties-label\">verstellbare Konsole:<\/th>\n<td class=\"properties-value\">nein<\/td>\n<\/tr>\n<\/tbody>\n<\/table>\n","protected":false},"excerpt":{"rendered":"<p>Geniessen Sie ein hochintensives, ger\u00e4uscharmes Workout mit dem neuen Bowflex Max Trainer SE<\/p>\n<p><strong>[rntl_page_content id=\"19556\"]<\/strong><\/p>\n<div class=\"woocommerce-product-details__short-description\">\n<p>&nbsp;<\/p>\n<\/div>\n","protected":false},"featured_media":26523,"template":"","meta":{"content-type":""},"product_brand":[153],"product_cat":[23],"product_tag":[26,107],"class_list":{"0":"post-26532","1":"product","2":"type-product","3":"status-publish","4":"has-post-thumbnail","6":"product_brand-bowflex","7":"product_cat-crosstrainer","8":"product_tag-kaufen","9":"product_tag-kaufen-neu","10":"product_shipping_class-mittel","11":"tm-no-options","13":"first","14":"instock","15":"sale","16":"taxable","17":"shipping-taxable","18":"purchasable","19":"product-type-simple"},"yoast_head":"<!-- This site is optimized with the Yoast SEO plugin v26.3 - https:\/\/yoast.com\/wordpress\/plugins\/seo\/ -->\n<title>Bowflex Max Trainer SE - Garantiert neu! Wir vermieten \u00fcbrigens auch Crosstrainer! - RNTL Fitness<\/title>\n<meta name=\"description\" content=\"Miete, kaufe, oder finanziere f\u00fcr das Training zu Hause den Bowflex Max Trainer SE bei RNTL. Perfekt f\u00fcr dein Ellipsentraining zu Hause.\" \/>\n<meta name=\"robots\" content=\"index, follow, max-snippet:-1, max-image-preview:large, max-video-preview:-1\" \/>\n<link rel=\"canonical\" href=\"https:\/\/rntl.ch\/fitness\/produkt\/bowflex-max-trainer-se-garantiert-neu-wir-vermieten-uebrigens-auch-crosstrainer\/\" \/>\n<meta property=\"og:locale\" content=\"de_DE\" \/>\n<meta property=\"og:type\" content=\"article\" \/>\n<meta property=\"og:title\" content=\"Bowflex Max Trainer SE - Garantiert neu! Wir vermieten \u00fcbrigens auch Crosstrainer! - RNTL Fitness\" \/>\n<meta property=\"og:description\" content=\"Miete, kaufe, oder finanziere f\u00fcr das Training zu Hause den Bowflex Max Trainer SE bei RNTL. Perfekt f\u00fcr dein Ellipsentraining zu Hause.\" \/>\n<meta property=\"og:url\" content=\"https:\/\/rntl.ch\/fitness\/produkt\/bowflex-max-trainer-se-garantiert-neu-wir-vermieten-uebrigens-auch-crosstrainer\/\" \/>\n<meta property=\"og:site_name\" content=\"RNTL Fitness\" \/>\n<meta property=\"article:modified_time\" content=\"2025-08-28T14:14:29+00:00\" \/>\n<meta property=\"og:image\" content=\"https:\/\/rntl.ch\/fitness\/wp-content\/uploads\/sites\/3\/2024\/01\/1-1.png\" \/>\n\t<meta property=\"og:image:width\" content=\"800\" \/>\n\t<meta property=\"og:image:height\" content=\"800\" \/>\n\t<meta property=\"og:image:type\" content=\"image\/png\" \/>\n<meta name=\"twitter:card\" content=\"summary_large_image\" \/>\n<meta name=\"twitter:label1\" content=\"Gesch\u00e4tzte Lesezeit\" \/>\n\t<meta name=\"twitter:data1\" content=\"2\u00a0Minuten\" \/>\n<script type=\"application\/ld+json\" class=\"yoast-schema-graph\">{\"@context\":\"https:\/\/schema.org\",\"@graph\":[{\"@type\":\"WebPage\",\"@id\":\"https:\/\/rntl.ch\/fitness\/produkt\/bowflex-max-trainer-se-garantiert-neu-wir-vermieten-uebrigens-auch-crosstrainer\/\",\"url\":\"https:\/\/rntl.ch\/fitness\/produkt\/bowflex-max-trainer-se-garantiert-neu-wir-vermieten-uebrigens-auch-crosstrainer\/\",\"name\":\"Bowflex Max Trainer SE - Garantiert neu! Wir vermieten \u00fcbrigens auch Crosstrainer! - RNTL Fitness\",\"isPartOf\":{\"@id\":\"https:\/\/rntl.ch\/fitness\/#website\"},\"primaryImageOfPage\":{\"@id\":\"https:\/\/rntl.ch\/fitness\/produkt\/bowflex-max-trainer-se-garantiert-neu-wir-vermieten-uebrigens-auch-crosstrainer\/#primaryimage\"},\"image\":{\"@id\":\"https:\/\/rntl.ch\/fitness\/produkt\/bowflex-max-trainer-se-garantiert-neu-wir-vermieten-uebrigens-auch-crosstrainer\/#primaryimage\"},\"thumbnailUrl\":\"https:\/\/rntl.ch\/fitness\/wp-content\/uploads\/sites\/3\/2024\/01\/1-1.png\",\"datePublished\":\"2024-01-08T10:56:41+00:00\",\"dateModified\":\"2025-08-28T14:14:29+00:00\",\"description\":\"Miete, kaufe, oder finanziere f\u00fcr das Training zu Hause den Bowflex Max Trainer SE bei RNTL. Perfekt f\u00fcr dein Ellipsentraining zu Hause.\",\"breadcrumb\":{\"@id\":\"https:\/\/rntl.ch\/fitness\/produkt\/bowflex-max-trainer-se-garantiert-neu-wir-vermieten-uebrigens-auch-crosstrainer\/#breadcrumb\"},\"inLanguage\":\"de\",\"potentialAction\":[{\"@type\":\"ReadAction\",\"target\":[\"https:\/\/rntl.ch\/fitness\/produkt\/bowflex-max-trainer-se-garantiert-neu-wir-vermieten-uebrigens-auch-crosstrainer\/\"]}]},{\"@type\":\"ImageObject\",\"inLanguage\":\"de\",\"@id\":\"https:\/\/rntl.ch\/fitness\/produkt\/bowflex-max-trainer-se-garantiert-neu-wir-vermieten-uebrigens-auch-crosstrainer\/#primaryimage\",\"url\":\"https:\/\/rntl.ch\/fitness\/wp-content\/uploads\/sites\/3\/2024\/01\/1-1.png\",\"contentUrl\":\"https:\/\/rntl.ch\/fitness\/wp-content\/uploads\/sites\/3\/2024\/01\/1-1.png\",\"width\":800,\"height\":800},{\"@type\":\"BreadcrumbList\",\"@id\":\"https:\/\/rntl.ch\/fitness\/produkt\/bowflex-max-trainer-se-garantiert-neu-wir-vermieten-uebrigens-auch-crosstrainer\/#breadcrumb\",\"itemListElement\":[{\"@type\":\"ListItem\",\"position\":1,\"name\":\"Startseite\",\"item\":\"https:\/\/rntl.ch\/fitness\/\"},{\"@type\":\"ListItem\",\"position\":2,\"name\":\"Shop\",\"item\":\"https:\/\/rntl.ch\/fitness\/shop\/\"},{\"@type\":\"ListItem\",\"position\":3,\"name\":\"Bowflex Max Trainer SE &#8211; Garantiert neu! Wir vermieten \u00fcbrigens auch Crosstrainer!\"}]},{\"@type\":\"WebSite\",\"@id\":\"https:\/\/rntl.ch\/fitness\/#website\",\"url\":\"https:\/\/rntl.ch\/fitness\/\",\"name\":\"RNTL Fitness\",\"description\":\"Mieten Einfach Anders\",\"publisher\":{\"@id\":\"https:\/\/rntl.ch\/fitness\/#organization\"},\"potentialAction\":[{\"@type\":\"SearchAction\",\"target\":{\"@type\":\"EntryPoint\",\"urlTemplate\":\"https:\/\/rntl.ch\/fitness\/?s={search_term_string}\"},\"query-input\":{\"@type\":\"PropertyValueSpecification\",\"valueRequired\":true,\"valueName\":\"search_term_string\"}}],\"inLanguage\":\"de\"},{\"@type\":\"Organization\",\"@id\":\"https:\/\/rntl.ch\/fitness\/#organization\",\"name\":\"RNTL Fitness\",\"url\":\"https:\/\/rntl.ch\/fitness\/\",\"logo\":{\"@type\":\"ImageObject\",\"inLanguage\":\"de\",\"@id\":\"https:\/\/rntl.ch\/fitness\/#\/schema\/logo\/image\/\",\"url\":\"https:\/\/rntl.ch\/fitness\/wp-content\/uploads\/sites\/3\/2020\/11\/cropped-rntl_logo_white_530x150.png\",\"contentUrl\":\"https:\/\/rntl.ch\/fitness\/wp-content\/uploads\/sites\/3\/2020\/11\/cropped-rntl_logo_white_530x150.png\",\"width\":530,\"height\":150,\"caption\":\"RNTL Fitness\"},\"image\":{\"@id\":\"https:\/\/rntl.ch\/fitness\/#\/schema\/logo\/image\/\"}}]}<\/script>\n<!-- \/ Yoast SEO plugin. -->","yoast_head_json":{"title":"Bowflex Max Trainer SE - Garantiert neu! Wir vermieten \u00fcbrigens auch Crosstrainer! - RNTL Fitness","description":"Miete, kaufe, oder finanziere f\u00fcr das Training zu Hause den Bowflex Max Trainer SE bei RNTL. Perfekt f\u00fcr dein Ellipsentraining zu Hause.","robots":{"index":"index","follow":"follow","max-snippet":"max-snippet:-1","max-image-preview":"max-image-preview:large","max-video-preview":"max-video-preview:-1"},"canonical":"https:\/\/rntl.ch\/fitness\/produkt\/bowflex-max-trainer-se-garantiert-neu-wir-vermieten-uebrigens-auch-crosstrainer\/","og_locale":"de_DE","og_type":"article","og_title":"Bowflex Max Trainer SE - Garantiert neu! Wir vermieten \u00fcbrigens auch Crosstrainer! - RNTL Fitness","og_description":"Miete, kaufe, oder finanziere f\u00fcr das Training zu Hause den Bowflex Max Trainer SE bei RNTL. Perfekt f\u00fcr dein Ellipsentraining zu Hause.","og_url":"https:\/\/rntl.ch\/fitness\/produkt\/bowflex-max-trainer-se-garantiert-neu-wir-vermieten-uebrigens-auch-crosstrainer\/","og_site_name":"RNTL Fitness","article_modified_time":"2025-08-28T14:14:29+00:00","og_image":[{"width":800,"height":800,"url":"https:\/\/rntl.ch\/fitness\/wp-content\/uploads\/sites\/3\/2024\/01\/1-1.png","type":"image\/png"}],"twitter_card":"summary_large_image","twitter_misc":{"Gesch\u00e4tzte Lesezeit":"2\u00a0Minuten"},"schema":{"@context":"https:\/\/schema.org","@graph":[{"@type":"WebPage","@id":"https:\/\/rntl.ch\/fitness\/produkt\/bowflex-max-trainer-se-garantiert-neu-wir-vermieten-uebrigens-auch-crosstrainer\/","url":"https:\/\/rntl.ch\/fitness\/produkt\/bowflex-max-trainer-se-garantiert-neu-wir-vermieten-uebrigens-auch-crosstrainer\/","name":"Bowflex Max Trainer SE - Garantiert neu! Wir vermieten \u00fcbrigens auch Crosstrainer! - RNTL Fitness","isPartOf":{"@id":"https:\/\/rntl.ch\/fitness\/#website"},"primaryImageOfPage":{"@id":"https:\/\/rntl.ch\/fitness\/produkt\/bowflex-max-trainer-se-garantiert-neu-wir-vermieten-uebrigens-auch-crosstrainer\/#primaryimage"},"image":{"@id":"https:\/\/rntl.ch\/fitness\/produkt\/bowflex-max-trainer-se-garantiert-neu-wir-vermieten-uebrigens-auch-crosstrainer\/#primaryimage"},"thumbnailUrl":"https:\/\/rntl.ch\/fitness\/wp-content\/uploads\/sites\/3\/2024\/01\/1-1.png","datePublished":"2024-01-08T10:56:41+00:00","dateModified":"2025-08-28T14:14:29+00:00","description":"Miete, kaufe, oder finanziere f\u00fcr das Training zu Hause den Bowflex Max Trainer SE bei RNTL. Perfekt f\u00fcr dein Ellipsentraining zu Hause.","breadcrumb":{"@id":"https:\/\/rntl.ch\/fitness\/produkt\/bowflex-max-trainer-se-garantiert-neu-wir-vermieten-uebrigens-auch-crosstrainer\/#breadcrumb"},"inLanguage":"de","potentialAction":[{"@type":"ReadAction","target":["https:\/\/rntl.ch\/fitness\/produkt\/bowflex-max-trainer-se-garantiert-neu-wir-vermieten-uebrigens-auch-crosstrainer\/"]}]},{"@type":"ImageObject","inLanguage":"de","@id":"https:\/\/rntl.ch\/fitness\/produkt\/bowflex-max-trainer-se-garantiert-neu-wir-vermieten-uebrigens-auch-crosstrainer\/#primaryimage","url":"https:\/\/rntl.ch\/fitness\/wp-content\/uploads\/sites\/3\/2024\/01\/1-1.png","contentUrl":"https:\/\/rntl.ch\/fitness\/wp-content\/uploads\/sites\/3\/2024\/01\/1-1.png","width":800,"height":800},{"@type":"BreadcrumbList","@id":"https:\/\/rntl.ch\/fitness\/produkt\/bowflex-max-trainer-se-garantiert-neu-wir-vermieten-uebrigens-auch-crosstrainer\/#breadcrumb","itemListElement":[{"@type":"ListItem","position":1,"name":"Startseite","item":"https:\/\/rntl.ch\/fitness\/"},{"@type":"ListItem","position":2,"name":"Shop","item":"https:\/\/rntl.ch\/fitness\/shop\/"},{"@type":"ListItem","position":3,"name":"Bowflex Max Trainer SE &#8211; Garantiert neu! Wir vermieten \u00fcbrigens auch Crosstrainer!"}]},{"@type":"WebSite","@id":"https:\/\/rntl.ch\/fitness\/#website","url":"https:\/\/rntl.ch\/fitness\/","name":"RNTL Fitness","description":"Mieten Einfach Anders","publisher":{"@id":"https:\/\/rntl.ch\/fitness\/#organization"},"potentialAction":[{"@type":"SearchAction","target":{"@type":"EntryPoint","urlTemplate":"https:\/\/rntl.ch\/fitness\/?s={search_term_string}"},"query-input":{"@type":"PropertyValueSpecification","valueRequired":true,"valueName":"search_term_string"}}],"inLanguage":"de"},{"@type":"Organization","@id":"https:\/\/rntl.ch\/fitness\/#organization","name":"RNTL Fitness","url":"https:\/\/rntl.ch\/fitness\/","logo":{"@type":"ImageObject","inLanguage":"de","@id":"https:\/\/rntl.ch\/fitness\/#\/schema\/logo\/image\/","url":"https:\/\/rntl.ch\/fitness\/wp-content\/uploads\/sites\/3\/2020\/11\/cropped-rntl_logo_white_530x150.png","contentUrl":"https:\/\/rntl.ch\/fitness\/wp-content\/uploads\/sites\/3\/2020\/11\/cropped-rntl_logo_white_530x150.png","width":530,"height":150,"caption":"RNTL Fitness"},"image":{"@id":"https:\/\/rntl.ch\/fitness\/#\/schema\/logo\/image\/"}}]}},"_links":{"self":[{"href":"https:\/\/rntl.ch\/fitness\/wp-json\/wp\/v2\/product\/26532","targetHints":{"allow":["GET"]}}],"collection":[{"href":"https:\/\/rntl.ch\/fitness\/wp-json\/wp\/v2\/product"}],"about":[{"href":"https:\/\/rntl.ch\/fitness\/wp-json\/wp\/v2\/types\/product"}],"version-history":[{"count":1,"href":"https:\/\/rntl.ch\/fitness\/wp-json\/wp\/v2\/product\/26532\/revisions"}],"predecessor-version":[{"id":34473,"href":"https:\/\/rntl.ch\/fitness\/wp-json\/wp\/v2\/product\/26532\/revisions\/34473"}],"wp:featuredmedia":[{"embeddable":true,"href":"https:\/\/rntl.ch\/fitness\/wp-json\/wp\/v2\/media\/26523"}],"wp:attachment":[{"href":"https:\/\/rntl.ch\/fitness\/wp-json\/wp\/v2\/media?parent=26532"}],"wp:term":[{"taxonomy":"product_brand","embeddable":true,"href":"https:\/\/rntl.ch\/fitness\/wp-json\/wp\/v2\/product_brand?post=26532"},{"taxonomy":"product_cat","embeddable":true,"href":"https:\/\/rntl.ch\/fitness\/wp-json\/wp\/v2\/product_cat?post=26532"},{"taxonomy":"product_tag","embeddable":true,"href":"https:\/\/rntl.ch\/fitness\/wp-json\/wp\/v2\/product_tag?post=26532"}],"curies":[{"name":"wp","href":"https:\/\/api.w.org\/{rel}","templated":true}]}}