{"id":26583,"date":"2024-01-10T14:20:41","date_gmt":"2024-01-10T13:20:41","guid":{"rendered":"https:\/\/rntl.ch\/fitness\/?post_type=product&#038;p=26583"},"modified":"2025-08-28T17:11:40","modified_gmt":"2025-08-28T15:11:40","slug":"concept-2-modell-d-wir-vermieten-uebrigens-auch-rudergeraete","status":"publish","type":"product","link":"https:\/\/rntl.ch\/fitness\/produkt\/concept-2-modell-d-wir-vermieten-uebrigens-auch-rudergeraete\/","title":{"rendered":"Concept 2 Modell D &#8211; Wir vermieten \u00fcbrigens auch Ruderger\u00e4te!"},"content":{"rendered":"<p>Wir glauben an einfaches Design und Ingenieurskunst: Das Modell D ist durch und durch auf Effizienz getrimmt und h\u00e4lt ein Leben lang. Das Modell D ist exakt das gleiche Ger\u00e4t, auf welchem auch Olympioniken trainieren. Wenn Sie nach einem Trainingsger\u00e4t mit hervorragendem Preis-Leistungsverh\u00e4ltnis suchen, dann ist das Modell D genau das richtige Ger\u00e4t f\u00fcr Sie.<\/p>\n<h3>Performance Monitor<\/h3>\n<p>Beim Modell D k\u00f6nnen Sie sich aussuchen, ob Sie Ihr Ger\u00e4t mit dem PM5 ausstatten m\u00f6chten. Egal f\u00fcr welchen\u00a0<a href=\"https:\/\/www.concept2.ch\/de\/indoor-rowers\/performance-monitors\">Performance Monitor<\/a>\u00a0Sie sich entscheiden, Sie k\u00f6nnen damit pr\u00e4zise Ihre Leistung messen, Ihren Fortschritt \u00fcberwachen und Ihre Leistungswerte mit anderen vergleichen. Dank des verstellbaren Monitorarms k\u00f6nnen Sie Ihren Monitor beim Training so positionieren, wie es Ihnen am besten gef\u00e4llt.<\/p>\n<h3>Windrad und Luftklappe<\/h3>\n<p>Da der Luftwiderstand am Windrad nur steigt, wenn Sie Kraft investieren, behalten Sie immer die Kontrolle \u00fcber die Belastung: je st\u00e4rker Sie am Griff ziehen, desto h\u00f6her wird der Widerstand und umgekehrt. Das Windrad ist so gebaut, dass es sowohl leise ist als auch ein freies Durchlaufen der Kette beim Rudern erm\u00f6glicht.<\/p>\n<h3>Niedrige Sitzh\u00f6he<\/h3>\n<p>Mit 36 cm weist das Modell D eine niedrige Sitzh\u00f6he auf.<\/p>\n<h3>Aufbewahrung und Handhabung<\/h3>\n<p>Mit dem Schnellverschluss k\u00f6nnen Sie den Indoor Rower innerhalb\u00a0<a target=\"_blank\" href=\"http:\/\/www.concept2.de\/service\/indoor-rowers\/modell-d\/montage\" rel=\"noopener\" class=\"external\">weniger Sekunden (ganz ohne Werkzeug)<\/a>\u00a0in zwei Teile zerlegen und somit platzsparend lagern. Wenn das Ger\u00e4t aufgebaut ist, k\u00f6nnen Sie es dank der Rollen an den Vorderf\u00fc\u00dfen leicht bewegen.<\/p>\n<h3>Edelstahlschiene<\/h3>\n<p>Die Edelstahlschiene, die auf der Monoschiene befestigt ist, erm\u00f6glicht eine glatte, leichtlaufende Bewegung des Rollsitzes.<\/p>\n<p>Mehr Info&#8217;s findest du auf der Webseite des Herstellers: https:\/\/www.concept2.ch\/de\/indoor-rowers\/modell-d<\/p>\n<p>&nbsp;<\/p>\n","protected":false},"excerpt":{"rendered":"<p>Es gibt viele Gr\u00fcnde, warum der Modell D Indoor Rower zum meist verkauften Ruderger\u00e4ten der Welt z\u00e4hlt: Zum einen ist es der zuverl\u00e4ssige Performance Monitor, den vor allem Leistungssportler sch\u00e4tzen. Zum anderen ist es die Qualit\u00e4t und das Preis-Leistungsverh\u00e4ltnis, welches die Herzen der Privatnutzer h\u00f6her schlagen l\u00e4sst. Was jedoch alle unsere Kunden verbindet, ist die Suche nach einem effektiven Kraft-Ausdauer Training.<\/p>\n<p><strong>[rntl_page_content id=\"19556\"]<\/strong><\/p>\n","protected":false},"featured_media":14074,"template":"","meta":{"content-type":""},"product_brand":[159],"product_cat":[29],"product_tag":[26,107],"class_list":{"0":"post-26583","1":"product","2":"type-product","3":"status-publish","4":"has-post-thumbnail","6":"product_brand-concept2","7":"product_cat-rudergeraete","8":"product_tag-kaufen","9":"product_tag-kaufen-neu","10":"product_shipping_class-leicht","11":"tm-no-options","13":"first","14":"instock","15":"sale","16":"taxable","17":"shipping-taxable","18":"purchasable","19":"product-type-simple"},"yoast_head":"<!-- This site is optimized with the Yoast SEO plugin v26.3 - https:\/\/yoast.com\/wordpress\/plugins\/seo\/ -->\n<title>Concept 2 Modell D - Wir vermieten \u00fcbrigens auch Ruderger\u00e4te! - RNTL Fitness<\/title>\n<meta name=\"description\" content=\"Miete, kaufe, oder finanziere f\u00fcr das Ausdauertraining zu Hause das Concept 2 Modell D bei RNTL. Concept 2 ist ein beliebtes Ruderger\u00e4t.\" \/>\n<meta name=\"robots\" content=\"index, follow, max-snippet:-1, max-image-preview:large, max-video-preview:-1\" \/>\n<link rel=\"canonical\" href=\"https:\/\/rntl.ch\/fitness\/produkt\/concept-2-modell-d-wir-vermieten-uebrigens-auch-rudergeraete\/\" \/>\n<meta property=\"og:locale\" content=\"de_DE\" \/>\n<meta property=\"og:type\" content=\"article\" \/>\n<meta property=\"og:title\" content=\"Concept 2 Modell D - Wir vermieten \u00fcbrigens auch Ruderger\u00e4te! - RNTL Fitness\" \/>\n<meta property=\"og:description\" content=\"Miete, kaufe, oder finanziere f\u00fcr das Ausdauertraining zu Hause das Concept 2 Modell D bei RNTL. Concept 2 ist ein beliebtes Ruderger\u00e4t.\" \/>\n<meta property=\"og:url\" content=\"https:\/\/rntl.ch\/fitness\/produkt\/concept-2-modell-d-wir-vermieten-uebrigens-auch-rudergeraete\/\" \/>\n<meta property=\"og:site_name\" content=\"RNTL Fitness\" \/>\n<meta property=\"article:modified_time\" content=\"2025-08-28T15:11:40+00:00\" \/>\n<meta property=\"og:image\" content=\"https:\/\/rntl.ch\/fitness\/wp-content\/uploads\/sites\/3\/2020\/11\/JPG-Concept2_960x960.jpg\" \/>\n\t<meta property=\"og:image:width\" content=\"960\" \/>\n\t<meta property=\"og:image:height\" content=\"900\" \/>\n\t<meta property=\"og:image:type\" content=\"image\/jpeg\" \/>\n<meta name=\"twitter:card\" content=\"summary_large_image\" \/>\n<meta name=\"twitter:label1\" content=\"Gesch\u00e4tzte Lesezeit\" \/>\n\t<meta name=\"twitter:data1\" content=\"2\u00a0Minuten\" \/>\n<script type=\"application\/ld+json\" class=\"yoast-schema-graph\">{\"@context\":\"https:\/\/schema.org\",\"@graph\":[{\"@type\":\"WebPage\",\"@id\":\"https:\/\/rntl.ch\/fitness\/produkt\/concept-2-modell-d-wir-vermieten-uebrigens-auch-rudergeraete\/\",\"url\":\"https:\/\/rntl.ch\/fitness\/produkt\/concept-2-modell-d-wir-vermieten-uebrigens-auch-rudergeraete\/\",\"name\":\"Concept 2 Modell D - Wir vermieten \u00fcbrigens auch Ruderger\u00e4te! - RNTL Fitness\",\"isPartOf\":{\"@id\":\"https:\/\/rntl.ch\/fitness\/#website\"},\"primaryImageOfPage\":{\"@id\":\"https:\/\/rntl.ch\/fitness\/produkt\/concept-2-modell-d-wir-vermieten-uebrigens-auch-rudergeraete\/#primaryimage\"},\"image\":{\"@id\":\"https:\/\/rntl.ch\/fitness\/produkt\/concept-2-modell-d-wir-vermieten-uebrigens-auch-rudergeraete\/#primaryimage\"},\"thumbnailUrl\":\"https:\/\/rntl.ch\/fitness\/wp-content\/uploads\/sites\/3\/2020\/11\/JPG-Concept2_960x960.jpg\",\"datePublished\":\"2024-01-10T13:20:41+00:00\",\"dateModified\":\"2025-08-28T15:11:40+00:00\",\"description\":\"Miete, kaufe, oder finanziere f\u00fcr das Ausdauertraining zu Hause das Concept 2 Modell D bei RNTL. Concept 2 ist ein beliebtes Ruderger\u00e4t.\",\"breadcrumb\":{\"@id\":\"https:\/\/rntl.ch\/fitness\/produkt\/concept-2-modell-d-wir-vermieten-uebrigens-auch-rudergeraete\/#breadcrumb\"},\"inLanguage\":\"de\",\"potentialAction\":[{\"@type\":\"ReadAction\",\"target\":[\"https:\/\/rntl.ch\/fitness\/produkt\/concept-2-modell-d-wir-vermieten-uebrigens-auch-rudergeraete\/\"]}]},{\"@type\":\"ImageObject\",\"inLanguage\":\"de\",\"@id\":\"https:\/\/rntl.ch\/fitness\/produkt\/concept-2-modell-d-wir-vermieten-uebrigens-auch-rudergeraete\/#primaryimage\",\"url\":\"https:\/\/rntl.ch\/fitness\/wp-content\/uploads\/sites\/3\/2020\/11\/JPG-Concept2_960x960.jpg\",\"contentUrl\":\"https:\/\/rntl.ch\/fitness\/wp-content\/uploads\/sites\/3\/2020\/11\/JPG-Concept2_960x960.jpg\",\"width\":960,\"height\":900},{\"@type\":\"BreadcrumbList\",\"@id\":\"https:\/\/rntl.ch\/fitness\/produkt\/concept-2-modell-d-wir-vermieten-uebrigens-auch-rudergeraete\/#breadcrumb\",\"itemListElement\":[{\"@type\":\"ListItem\",\"position\":1,\"name\":\"Startseite\",\"item\":\"https:\/\/rntl.ch\/fitness\/\"},{\"@type\":\"ListItem\",\"position\":2,\"name\":\"Shop\",\"item\":\"https:\/\/rntl.ch\/fitness\/shop\/\"},{\"@type\":\"ListItem\",\"position\":3,\"name\":\"Concept 2 Modell D &#8211; Wir vermieten \u00fcbrigens auch Ruderger\u00e4te!\"}]},{\"@type\":\"WebSite\",\"@id\":\"https:\/\/rntl.ch\/fitness\/#website\",\"url\":\"https:\/\/rntl.ch\/fitness\/\",\"name\":\"RNTL Fitness\",\"description\":\"Mieten Einfach Anders\",\"publisher\":{\"@id\":\"https:\/\/rntl.ch\/fitness\/#organization\"},\"potentialAction\":[{\"@type\":\"SearchAction\",\"target\":{\"@type\":\"EntryPoint\",\"urlTemplate\":\"https:\/\/rntl.ch\/fitness\/?s={search_term_string}\"},\"query-input\":{\"@type\":\"PropertyValueSpecification\",\"valueRequired\":true,\"valueName\":\"search_term_string\"}}],\"inLanguage\":\"de\"},{\"@type\":\"Organization\",\"@id\":\"https:\/\/rntl.ch\/fitness\/#organization\",\"name\":\"RNTL Fitness\",\"url\":\"https:\/\/rntl.ch\/fitness\/\",\"logo\":{\"@type\":\"ImageObject\",\"inLanguage\":\"de\",\"@id\":\"https:\/\/rntl.ch\/fitness\/#\/schema\/logo\/image\/\",\"url\":\"https:\/\/rntl.ch\/fitness\/wp-content\/uploads\/sites\/3\/2020\/11\/cropped-rntl_logo_white_530x150.png\",\"contentUrl\":\"https:\/\/rntl.ch\/fitness\/wp-content\/uploads\/sites\/3\/2020\/11\/cropped-rntl_logo_white_530x150.png\",\"width\":530,\"height\":150,\"caption\":\"RNTL Fitness\"},\"image\":{\"@id\":\"https:\/\/rntl.ch\/fitness\/#\/schema\/logo\/image\/\"}}]}<\/script>\n<!-- \/ Yoast SEO plugin. -->","yoast_head_json":{"title":"Concept 2 Modell D - Wir vermieten \u00fcbrigens auch Ruderger\u00e4te! - RNTL Fitness","description":"Miete, kaufe, oder finanziere f\u00fcr das Ausdauertraining zu Hause das Concept 2 Modell D bei RNTL. Concept 2 ist ein beliebtes Ruderger\u00e4t.","robots":{"index":"index","follow":"follow","max-snippet":"max-snippet:-1","max-image-preview":"max-image-preview:large","max-video-preview":"max-video-preview:-1"},"canonical":"https:\/\/rntl.ch\/fitness\/produkt\/concept-2-modell-d-wir-vermieten-uebrigens-auch-rudergeraete\/","og_locale":"de_DE","og_type":"article","og_title":"Concept 2 Modell D - Wir vermieten \u00fcbrigens auch Ruderger\u00e4te! - RNTL Fitness","og_description":"Miete, kaufe, oder finanziere f\u00fcr das Ausdauertraining zu Hause das Concept 2 Modell D bei RNTL. Concept 2 ist ein beliebtes Ruderger\u00e4t.","og_url":"https:\/\/rntl.ch\/fitness\/produkt\/concept-2-modell-d-wir-vermieten-uebrigens-auch-rudergeraete\/","og_site_name":"RNTL Fitness","article_modified_time":"2025-08-28T15:11:40+00:00","og_image":[{"width":960,"height":900,"url":"https:\/\/rntl.ch\/fitness\/wp-content\/uploads\/sites\/3\/2020\/11\/JPG-Concept2_960x960.jpg","type":"image\/jpeg"}],"twitter_card":"summary_large_image","twitter_misc":{"Gesch\u00e4tzte Lesezeit":"2\u00a0Minuten"},"schema":{"@context":"https:\/\/schema.org","@graph":[{"@type":"WebPage","@id":"https:\/\/rntl.ch\/fitness\/produkt\/concept-2-modell-d-wir-vermieten-uebrigens-auch-rudergeraete\/","url":"https:\/\/rntl.ch\/fitness\/produkt\/concept-2-modell-d-wir-vermieten-uebrigens-auch-rudergeraete\/","name":"Concept 2 Modell D - Wir vermieten \u00fcbrigens auch Ruderger\u00e4te! - RNTL Fitness","isPartOf":{"@id":"https:\/\/rntl.ch\/fitness\/#website"},"primaryImageOfPage":{"@id":"https:\/\/rntl.ch\/fitness\/produkt\/concept-2-modell-d-wir-vermieten-uebrigens-auch-rudergeraete\/#primaryimage"},"image":{"@id":"https:\/\/rntl.ch\/fitness\/produkt\/concept-2-modell-d-wir-vermieten-uebrigens-auch-rudergeraete\/#primaryimage"},"thumbnailUrl":"https:\/\/rntl.ch\/fitness\/wp-content\/uploads\/sites\/3\/2020\/11\/JPG-Concept2_960x960.jpg","datePublished":"2024-01-10T13:20:41+00:00","dateModified":"2025-08-28T15:11:40+00:00","description":"Miete, kaufe, oder finanziere f\u00fcr das Ausdauertraining zu Hause das Concept 2 Modell D bei RNTL. Concept 2 ist ein beliebtes Ruderger\u00e4t.","breadcrumb":{"@id":"https:\/\/rntl.ch\/fitness\/produkt\/concept-2-modell-d-wir-vermieten-uebrigens-auch-rudergeraete\/#breadcrumb"},"inLanguage":"de","potentialAction":[{"@type":"ReadAction","target":["https:\/\/rntl.ch\/fitness\/produkt\/concept-2-modell-d-wir-vermieten-uebrigens-auch-rudergeraete\/"]}]},{"@type":"ImageObject","inLanguage":"de","@id":"https:\/\/rntl.ch\/fitness\/produkt\/concept-2-modell-d-wir-vermieten-uebrigens-auch-rudergeraete\/#primaryimage","url":"https:\/\/rntl.ch\/fitness\/wp-content\/uploads\/sites\/3\/2020\/11\/JPG-Concept2_960x960.jpg","contentUrl":"https:\/\/rntl.ch\/fitness\/wp-content\/uploads\/sites\/3\/2020\/11\/JPG-Concept2_960x960.jpg","width":960,"height":900},{"@type":"BreadcrumbList","@id":"https:\/\/rntl.ch\/fitness\/produkt\/concept-2-modell-d-wir-vermieten-uebrigens-auch-rudergeraete\/#breadcrumb","itemListElement":[{"@type":"ListItem","position":1,"name":"Startseite","item":"https:\/\/rntl.ch\/fitness\/"},{"@type":"ListItem","position":2,"name":"Shop","item":"https:\/\/rntl.ch\/fitness\/shop\/"},{"@type":"ListItem","position":3,"name":"Concept 2 Modell D &#8211; Wir vermieten \u00fcbrigens auch Ruderger\u00e4te!"}]},{"@type":"WebSite","@id":"https:\/\/rntl.ch\/fitness\/#website","url":"https:\/\/rntl.ch\/fitness\/","name":"RNTL Fitness","description":"Mieten Einfach Anders","publisher":{"@id":"https:\/\/rntl.ch\/fitness\/#organization"},"potentialAction":[{"@type":"SearchAction","target":{"@type":"EntryPoint","urlTemplate":"https:\/\/rntl.ch\/fitness\/?s={search_term_string}"},"query-input":{"@type":"PropertyValueSpecification","valueRequired":true,"valueName":"search_term_string"}}],"inLanguage":"de"},{"@type":"Organization","@id":"https:\/\/rntl.ch\/fitness\/#organization","name":"RNTL Fitness","url":"https:\/\/rntl.ch\/fitness\/","logo":{"@type":"ImageObject","inLanguage":"de","@id":"https:\/\/rntl.ch\/fitness\/#\/schema\/logo\/image\/","url":"https:\/\/rntl.ch\/fitness\/wp-content\/uploads\/sites\/3\/2020\/11\/cropped-rntl_logo_white_530x150.png","contentUrl":"https:\/\/rntl.ch\/fitness\/wp-content\/uploads\/sites\/3\/2020\/11\/cropped-rntl_logo_white_530x150.png","width":530,"height":150,"caption":"RNTL Fitness"},"image":{"@id":"https:\/\/rntl.ch\/fitness\/#\/schema\/logo\/image\/"}}]}},"_links":{"self":[{"href":"https:\/\/rntl.ch\/fitness\/wp-json\/wp\/v2\/product\/26583","targetHints":{"allow":["GET"]}}],"collection":[{"href":"https:\/\/rntl.ch\/fitness\/wp-json\/wp\/v2\/product"}],"about":[{"href":"https:\/\/rntl.ch\/fitness\/wp-json\/wp\/v2\/types\/product"}],"version-history":[{"count":1,"href":"https:\/\/rntl.ch\/fitness\/wp-json\/wp\/v2\/product\/26583\/revisions"}],"predecessor-version":[{"id":35136,"href":"https:\/\/rntl.ch\/fitness\/wp-json\/wp\/v2\/product\/26583\/revisions\/35136"}],"wp:featuredmedia":[{"embeddable":true,"href":"https:\/\/rntl.ch\/fitness\/wp-json\/wp\/v2\/media\/14074"}],"wp:attachment":[{"href":"https:\/\/rntl.ch\/fitness\/wp-json\/wp\/v2\/media?parent=26583"}],"wp:term":[{"taxonomy":"product_brand","embeddable":true,"href":"https:\/\/rntl.ch\/fitness\/wp-json\/wp\/v2\/product_brand?post=26583"},{"taxonomy":"product_cat","embeddable":true,"href":"https:\/\/rntl.ch\/fitness\/wp-json\/wp\/v2\/product_cat?post=26583"},{"taxonomy":"product_tag","embeddable":true,"href":"https:\/\/rntl.ch\/fitness\/wp-json\/wp\/v2\/product_tag?post=26583"}],"curies":[{"name":"wp","href":"https:\/\/api.w.org\/{rel}","templated":true}]}}