{"id":26725,"date":"2024-01-18T14:49:55","date_gmt":"2024-01-18T13:49:55","guid":{"rendered":"https:\/\/rntl.ch\/fitness\/?post_type=product&#038;p=26725"},"modified":"2025-09-04T11:40:17","modified_gmt":"2025-09-04T09:40:17","slug":"tunturi-e80-bike-endurance","status":"publish","type":"product","link":"https:\/\/rntl.ch\/fitness\/produkt\/tunturi-e80-bike-endurance\/","title":{"rendered":"Tunturi E80 Bike Endurance"},"content":{"rendered":"<p>Die Tunturi Endurance Bikes, Crosstrainer, Laufb\u00e4nder und Ruderger\u00e4te verbinden das beste Gesamtpaket aus Vielf\u00e4ltigkeit, Preis-\/Leistungsverh\u00e4ltnis und Qualit\u00e4t. Die Endurance Ger\u00e4te sind perfekt f\u00fcr ambitionierte Heimanwender sowie auch f\u00fcr den professionellen Gebrauch in Physiotherapien, Vereinen und Schulen konzipiert.<\/p>\n<p>Tunturi Endurance Ger\u00e4te verf\u00fcgen \u00fcber dieselbe benutzerfreundliche Konsole, Programme und Funktionen, wie die Tunturi Platinum Ger\u00e4te, welche f\u00fcr den kommerziellen Fitnessstudio Gebrauch entwickelt wurden.<\/p>\n<p>Das Tunturi Performance Bike E80 ist ein Fahrradergometer mit 43 verschiedenen Programmen und 58 Widerstandsstufen. Das Bedienteil hat ein integriertes TFT Display und eine einfache Menu Navigation mittels Drehknopf. Dies erm\u00f6glicht eine sehr leichte und intuitive Handhabung dieses Heimtrainer Ergometers.<\/p>\n<p>Mit der fest integrierten T-Road Oberfl\u00e4che von Tunturi fahren Sie virtuell durch verschiedene Landschaften. Damit ist das Potential aber noch lange nicht ersch\u00f6pft! Denn dieses Tunturi Ergometer Fahrrad hat auch noch die F\u00e4higkeit ein Tablet oder Smartphone via Bluetooth zu verbinden und somit die spannenden Funktionen und Erlebnisse das Kinomap App zu nutzen. Sobald Sie dies tun, entfalten sich ganz andere M\u00f6glichkeiten! Erstellen Sie sich einen Account und laufen Sie mithilfe Google-Maps durch die ganze Welt. Durch diverse Messungen k\u00f6nnen Sie Ihr Training auf dem Laufenden halten und auf Facebook oder Twitter mit Ihren Freunden teilen.<\/p>\n<p>Das max. Benutzergewicht liegt bei 150 kg. Nebst der Pulsmessung an den Griffen kann auch optional ein Brustgurt verwendet werden. Diesen finden Sie hier unter dem `Zubeh\u00f6r`. Der Widerstand wird elektronisch geregelt und betr\u00e4gt maximal 600 Watt.<\/p>\n<table class=\"table table-striped product-detail-properties-table\">\n<tbody>\n<tr class=\"properties-row\">\n<th class=\"properties-label\">Abmessung Breite in cm:<\/th>\n<td class=\"properties-value\">59<\/td>\n<\/tr>\n<tr class=\"properties-row\">\n<th class=\"properties-label\">Abmessung H\u00f6he in cm:<\/th>\n<td class=\"properties-value\">158<\/td>\n<\/tr>\n<tr class=\"properties-row\">\n<th class=\"properties-label\">Abmessung L\u00e4nge in cm:<\/th>\n<td class=\"properties-value\">102<\/td>\n<\/tr>\n<tr class=\"properties-row\">\n<th class=\"properties-label\">Anwendungsbereich:<\/th>\n<td class=\"properties-value\">Home Pro<\/td>\n<\/tr>\n<tr class=\"properties-row\">\n<th class=\"properties-label\">Anzahl Benutzerprogramme:<\/th>\n<td class=\"properties-value\">20<\/td>\n<\/tr>\n<tr class=\"properties-row\">\n<th class=\"properties-label\">Anzahl Programme Total:<\/th>\n<td class=\"properties-value\">43<\/td>\n<\/tr>\n<tr class=\"properties-row\">\n<th class=\"properties-label\">Anzahl Pulsprofile:<\/th>\n<td class=\"properties-value\">6<\/td>\n<\/tr>\n<tr class=\"properties-row\">\n<th class=\"properties-label\">Anzahl Widerstandlevels:<\/th>\n<td class=\"properties-value\">58<\/td>\n<\/tr>\n<tr class=\"properties-row\">\n<th class=\"properties-label\">Anzahl registrierbare Benutzer:<\/th>\n<td class=\"properties-value\">10<\/td>\n<\/tr>\n<tr class=\"properties-row\">\n<th class=\"properties-label\">Anzahl voreingestellter Programme:<\/th>\n<td class=\"properties-value\">10<\/td>\n<\/tr>\n<tr class=\"properties-row\">\n<th class=\"properties-label\">Anzahl w\u00e4hlbarer Sprachen:<\/th>\n<td class=\"properties-value\">10<\/td>\n<\/tr>\n<tr class=\"properties-row\">\n<th class=\"properties-label\">Anzeige der Distanz:<\/th>\n<td class=\"properties-value\">ja<\/td>\n<\/tr>\n<tr class=\"properties-row\">\n<th class=\"properties-label\">Anzeige der Geschwindigkeit:<\/th>\n<td class=\"properties-value\">ja<\/td>\n<\/tr>\n<tr class=\"properties-row\">\n<th class=\"properties-label\">Anzeige der Zeit:<\/th>\n<td class=\"properties-value\">ja<\/td>\n<\/tr>\n<tr class=\"properties-row\">\n<th class=\"properties-label\">Anzeige verbrannter Kalorien:<\/th>\n<td class=\"properties-value\">ja<\/td>\n<\/tr>\n<tr class=\"properties-row\">\n<th class=\"properties-label\">Apps f\u00fcr Tablets und Smart Phones:<\/th>\n<td class=\"properties-value\">Tunturi Routes &amp; Kinomap<\/td>\n<\/tr>\n<tr class=\"properties-row\">\n<th class=\"properties-label\">Benutzer Tagebuch:<\/th>\n<td class=\"properties-value\">ja<\/td>\n<\/tr>\n<tr class=\"properties-row\">\n<th class=\"properties-label\">Bluetooth:<\/th>\n<td class=\"properties-value\">ja<\/td>\n<\/tr>\n<tr class=\"properties-row\">\n<th class=\"properties-label\">Bremssystem \/ Widerstand:<\/th>\n<td class=\"properties-value\">Elektromagnetisches Sys. (EMS)<\/td>\n<\/tr>\n<tr class=\"properties-row\">\n<th class=\"properties-label\">Display Bedienung:<\/th>\n<td class=\"properties-value\">Kn\u00f6pfe und Drehrad<\/td>\n<\/tr>\n<tr class=\"properties-row\">\n<th class=\"properties-label\">Display Typ:<\/th>\n<td class=\"properties-value\">TFT Farb Monitor<\/td>\n<\/tr>\n<tr class=\"properties-row\">\n<th class=\"properties-label\">Ergometer:<\/th>\n<td class=\"properties-value\">ja<\/td>\n<\/tr>\n<tr class=\"properties-row\">\n<th class=\"properties-label\">Flaschenhalterung:<\/th>\n<td class=\"properties-value\">ja mit Flasche<\/td>\n<\/tr>\n<tr class=\"properties-row\">\n<th class=\"properties-label\">Funktion Fitness Test:<\/th>\n<td class=\"properties-value\">Multi step VO2 Max<\/td>\n<\/tr>\n<tr class=\"properties-row\">\n<th class=\"properties-label\">Funktion Puls Ziel:<\/th>\n<td class=\"properties-value\">ja<\/td>\n<\/tr>\n<tr class=\"properties-row\">\n<th class=\"properties-label\">Funktion maximaler Puls:<\/th>\n<td class=\"properties-value\">ja<\/td>\n<\/tr>\n<tr class=\"properties-row\">\n<th class=\"properties-label\">Gewicht inkl. Verpackung in kg:<\/th>\n<td class=\"properties-value\">51.2<\/td>\n<\/tr>\n<tr class=\"properties-row\">\n<th class=\"properties-label\">Griffe:<\/th>\n<td class=\"properties-value\">Winkel verstellbar<\/td>\n<\/tr>\n<tr class=\"properties-row\">\n<th class=\"properties-label\">Max. Benutzergewicht in kg:<\/th>\n<td class=\"properties-value\">150<\/td>\n<\/tr>\n<tr class=\"properties-row\">\n<th class=\"properties-label\">Pedalen Typ:<\/th>\n<td class=\"properties-value\">Comport Plus<\/td>\n<\/tr>\n<tr class=\"properties-row\">\n<th class=\"properties-label\">Produktetyp:<\/th>\n<td class=\"properties-value\">Grossger\u00e4t<\/td>\n<\/tr>\n<tr class=\"properties-row\">\n<th class=\"properties-label\">Pulsmessung an Griffen:<\/th>\n<td class=\"properties-value\">ja<\/td>\n<\/tr>\n<tr class=\"properties-row\">\n<th class=\"properties-label\">Pulsmessung durch Arm- Brustgurt:<\/th>\n<td class=\"properties-value\">optional 5.4 kHz<\/td>\n<\/tr>\n<tr class=\"properties-row\">\n<th class=\"properties-label\">Sattel Typ:<\/th>\n<td class=\"properties-value\">Comfort Plus Gel<\/td>\n<\/tr>\n<tr class=\"properties-row\">\n<th class=\"properties-label\">Sattel Verstellm\u00f6glichkeiten:<\/th>\n<td class=\"properties-value\">vertikal und horizontal<\/td>\n<\/tr>\n<tr class=\"properties-row\">\n<th class=\"properties-label\">Schnellstart:<\/th>\n<td class=\"properties-value\">ja<\/td>\n<\/tr>\n<tr class=\"properties-row\">\n<th class=\"properties-label\">Schwungrad Gewicht in kg:<\/th>\n<td class=\"properties-value\">14<\/td>\n<\/tr>\n<tr class=\"properties-row\">\n<th class=\"properties-label\">Strom Versorgung:<\/th>\n<td class=\"properties-value\">Adapter 26 V DC 2.3 A<\/td>\n<\/tr>\n<tr class=\"properties-row\">\n<th class=\"properties-label\">Tablet Halterung:<\/th>\n<td class=\"properties-value\">ja<\/td>\n<\/tr>\n<tr class=\"properties-row\">\n<th class=\"properties-label\">Transportr\u00e4der:<\/th>\n<td class=\"properties-value\">ja<\/td>\n<\/tr>\n<tr class=\"properties-row\">\n<th class=\"properties-label\">USB Ladeanschluss:<\/th>\n<td class=\"properties-value\">ja<\/td>\n<\/tr>\n<tr class=\"properties-row\">\n<th class=\"properties-label\">USB Verbindung:<\/th>\n<td class=\"properties-value\">ja<\/td>\n<\/tr>\n<tr class=\"properties-row\">\n<th class=\"properties-label\">Watt Programm:<\/th>\n<td class=\"properties-value\">ja<\/td>\n<\/tr>\n<tr class=\"properties-row\">\n<th class=\"properties-label\">Widerstand in Watt:<\/th>\n<td class=\"properties-value\">600<\/td>\n<\/tr>\n<tr class=\"properties-row\">\n<th class=\"properties-label\">verstellbare Konsole:<\/th>\n<td class=\"properties-value\">ja<\/td>\n<\/tr>\n<\/tbody>\n<\/table>\n<p><iframe title=\"Tunturi Ergometer Bike Endurance E80\" width=\"980\" height=\"551\" src=\"https:\/\/www.youtube.com\/embed\/6KDpMptg7E0?feature=oembed\" frameborder=\"0\" allow=\"accelerometer; autoplay; clipboard-write; encrypted-media; gyroscope; picture-in-picture; web-share\" allowfullscreen><\/iframe><\/p>\n<p>&nbsp;<\/p>\n<p>&nbsp;<\/p>\n","protected":false},"excerpt":{"rendered":"<p>Die Tunturi Endurance Linie ist das Flaggschiff der neuen Tunturi Cardio Ger\u00e4te.<\/p>\n<p><strong>Kaufpreis [woo_custom_field id=\"rntl_retail_price_field\"].-<\/strong><\/p>\n[rntl_page_content id=\"14687\"]\n<div class=\"woocommerce-product-details__short-description\">\n<p>&nbsp;<\/p>\n<\/div>\n","protected":false},"featured_media":35262,"template":"","meta":{"content-type":""},"product_brand":[160],"product_cat":[25],"product_tag":[112],"class_list":{"0":"post-26725","1":"product","2":"type-product","3":"status-publish","4":"has-post-thumbnail","6":"product_brand-tunturi","7":"product_cat-hometrainer","8":"product_tag-mieten","9":"product_shipping_class-leicht","10":"tm-no-options","12":"first","13":"instock","14":"taxable","15":"shipping-taxable","16":"purchasable","17":"product-type-variable-subscription","18":"has-default-attributes"},"yoast_head":"<!-- This site is optimized with the Yoast SEO plugin v26.3 - https:\/\/yoast.com\/wordpress\/plugins\/seo\/ -->\n<title>Tunturi E80 Bike Endurance - RNTL Fitness<\/title>\n<meta name=\"description\" content=\"Miete, kaufe, oder finanziere f\u00fcr das Training zu Hause den Tunturi E80 Bike Endurance Bike bei RNTL. Perfekt f\u00fcr dein Ellipsentraining zu Hause.\" \/>\n<meta name=\"robots\" content=\"index, follow, max-snippet:-1, max-image-preview:large, max-video-preview:-1\" \/>\n<link rel=\"canonical\" href=\"https:\/\/rntl.ch\/fitness\/produkt\/tunturi-e80-bike-endurance\/\" \/>\n<meta property=\"og:locale\" content=\"de_DE\" \/>\n<meta property=\"og:type\" content=\"article\" \/>\n<meta property=\"og:title\" content=\"Tunturi E80 Bike Endurance - RNTL Fitness\" \/>\n<meta property=\"og:description\" content=\"Miete, kaufe, oder finanziere f\u00fcr das Training zu Hause den Tunturi E80 Bike Endurance Bike bei RNTL. Perfekt f\u00fcr dein Ellipsentraining zu Hause.\" \/>\n<meta property=\"og:url\" content=\"https:\/\/rntl.ch\/fitness\/produkt\/tunturi-e80-bike-endurance\/\" \/>\n<meta property=\"og:site_name\" content=\"RNTL Fitness\" \/>\n<meta property=\"article:modified_time\" content=\"2025-09-04T09:40:17+00:00\" \/>\n<meta name=\"twitter:card\" content=\"summary_large_image\" \/>\n<meta name=\"twitter:label1\" content=\"Gesch\u00e4tzte Lesezeit\" \/>\n\t<meta name=\"twitter:data1\" content=\"3\u00a0Minuten\" \/>\n<script type=\"application\/ld+json\" class=\"yoast-schema-graph\">{\"@context\":\"https:\/\/schema.org\",\"@graph\":[{\"@type\":\"WebPage\",\"@id\":\"https:\/\/rntl.ch\/fitness\/produkt\/tunturi-e80-bike-endurance\/\",\"url\":\"https:\/\/rntl.ch\/fitness\/produkt\/tunturi-e80-bike-endurance\/\",\"name\":\"Tunturi E80 Bike Endurance - RNTL Fitness\",\"isPartOf\":{\"@id\":\"https:\/\/rntl.ch\/fitness\/#website\"},\"primaryImageOfPage\":{\"@id\":\"https:\/\/rntl.ch\/fitness\/produkt\/tunturi-e80-bike-endurance\/#primaryimage\"},\"image\":{\"@id\":\"https:\/\/rntl.ch\/fitness\/produkt\/tunturi-e80-bike-endurance\/#primaryimage\"},\"thumbnailUrl\":\"https:\/\/rntl.ch\/fitness\/wp-content\/uploads\/sites\/3\/2024\/01\/Untitled-design-13.png\",\"datePublished\":\"2024-01-18T13:49:55+00:00\",\"dateModified\":\"2025-09-04T09:40:17+00:00\",\"description\":\"Miete, kaufe, oder finanziere f\u00fcr das Training zu Hause den Tunturi E80 Bike Endurance Bike bei RNTL. Perfekt f\u00fcr dein Ellipsentraining zu Hause.\",\"breadcrumb\":{\"@id\":\"https:\/\/rntl.ch\/fitness\/produkt\/tunturi-e80-bike-endurance\/#breadcrumb\"},\"inLanguage\":\"de\",\"potentialAction\":[{\"@type\":\"ReadAction\",\"target\":[\"https:\/\/rntl.ch\/fitness\/produkt\/tunturi-e80-bike-endurance\/\"]}]},{\"@type\":\"ImageObject\",\"inLanguage\":\"de\",\"@id\":\"https:\/\/rntl.ch\/fitness\/produkt\/tunturi-e80-bike-endurance\/#primaryimage\",\"url\":\"https:\/\/rntl.ch\/fitness\/wp-content\/uploads\/sites\/3\/2024\/01\/Untitled-design-13.png\",\"contentUrl\":\"https:\/\/rntl.ch\/fitness\/wp-content\/uploads\/sites\/3\/2024\/01\/Untitled-design-13.png\",\"width\":800,\"height\":800},{\"@type\":\"BreadcrumbList\",\"@id\":\"https:\/\/rntl.ch\/fitness\/produkt\/tunturi-e80-bike-endurance\/#breadcrumb\",\"itemListElement\":[{\"@type\":\"ListItem\",\"position\":1,\"name\":\"Startseite\",\"item\":\"https:\/\/rntl.ch\/fitness\/\"},{\"@type\":\"ListItem\",\"position\":2,\"name\":\"Shop\",\"item\":\"https:\/\/rntl.ch\/fitness\/shop\/\"},{\"@type\":\"ListItem\",\"position\":3,\"name\":\"Tunturi E80 Bike Endurance\"}]},{\"@type\":\"WebSite\",\"@id\":\"https:\/\/rntl.ch\/fitness\/#website\",\"url\":\"https:\/\/rntl.ch\/fitness\/\",\"name\":\"RNTL Fitness\",\"description\":\"Mieten Einfach Anders\",\"publisher\":{\"@id\":\"https:\/\/rntl.ch\/fitness\/#organization\"},\"potentialAction\":[{\"@type\":\"SearchAction\",\"target\":{\"@type\":\"EntryPoint\",\"urlTemplate\":\"https:\/\/rntl.ch\/fitness\/?s={search_term_string}\"},\"query-input\":{\"@type\":\"PropertyValueSpecification\",\"valueRequired\":true,\"valueName\":\"search_term_string\"}}],\"inLanguage\":\"de\"},{\"@type\":\"Organization\",\"@id\":\"https:\/\/rntl.ch\/fitness\/#organization\",\"name\":\"RNTL Fitness\",\"url\":\"https:\/\/rntl.ch\/fitness\/\",\"logo\":{\"@type\":\"ImageObject\",\"inLanguage\":\"de\",\"@id\":\"https:\/\/rntl.ch\/fitness\/#\/schema\/logo\/image\/\",\"url\":\"https:\/\/rntl.ch\/fitness\/wp-content\/uploads\/sites\/3\/2020\/11\/cropped-rntl_logo_white_530x150.png\",\"contentUrl\":\"https:\/\/rntl.ch\/fitness\/wp-content\/uploads\/sites\/3\/2020\/11\/cropped-rntl_logo_white_530x150.png\",\"width\":530,\"height\":150,\"caption\":\"RNTL Fitness\"},\"image\":{\"@id\":\"https:\/\/rntl.ch\/fitness\/#\/schema\/logo\/image\/\"}}]}<\/script>\n<!-- \/ Yoast SEO plugin. -->","yoast_head_json":{"title":"Tunturi E80 Bike Endurance - RNTL Fitness","description":"Miete, kaufe, oder finanziere f\u00fcr das Training zu Hause den Tunturi E80 Bike Endurance Bike bei RNTL. Perfekt f\u00fcr dein Ellipsentraining zu Hause.","robots":{"index":"index","follow":"follow","max-snippet":"max-snippet:-1","max-image-preview":"max-image-preview:large","max-video-preview":"max-video-preview:-1"},"canonical":"https:\/\/rntl.ch\/fitness\/produkt\/tunturi-e80-bike-endurance\/","og_locale":"de_DE","og_type":"article","og_title":"Tunturi E80 Bike Endurance - RNTL Fitness","og_description":"Miete, kaufe, oder finanziere f\u00fcr das Training zu Hause den Tunturi E80 Bike Endurance Bike bei RNTL. Perfekt f\u00fcr dein Ellipsentraining zu Hause.","og_url":"https:\/\/rntl.ch\/fitness\/produkt\/tunturi-e80-bike-endurance\/","og_site_name":"RNTL Fitness","article_modified_time":"2025-09-04T09:40:17+00:00","twitter_card":"summary_large_image","twitter_misc":{"Gesch\u00e4tzte Lesezeit":"3\u00a0Minuten"},"schema":{"@context":"https:\/\/schema.org","@graph":[{"@type":"WebPage","@id":"https:\/\/rntl.ch\/fitness\/produkt\/tunturi-e80-bike-endurance\/","url":"https:\/\/rntl.ch\/fitness\/produkt\/tunturi-e80-bike-endurance\/","name":"Tunturi E80 Bike Endurance - RNTL Fitness","isPartOf":{"@id":"https:\/\/rntl.ch\/fitness\/#website"},"primaryImageOfPage":{"@id":"https:\/\/rntl.ch\/fitness\/produkt\/tunturi-e80-bike-endurance\/#primaryimage"},"image":{"@id":"https:\/\/rntl.ch\/fitness\/produkt\/tunturi-e80-bike-endurance\/#primaryimage"},"thumbnailUrl":"https:\/\/rntl.ch\/fitness\/wp-content\/uploads\/sites\/3\/2024\/01\/Untitled-design-13.png","datePublished":"2024-01-18T13:49:55+00:00","dateModified":"2025-09-04T09:40:17+00:00","description":"Miete, kaufe, oder finanziere f\u00fcr das Training zu Hause den Tunturi E80 Bike Endurance Bike bei RNTL. Perfekt f\u00fcr dein Ellipsentraining zu Hause.","breadcrumb":{"@id":"https:\/\/rntl.ch\/fitness\/produkt\/tunturi-e80-bike-endurance\/#breadcrumb"},"inLanguage":"de","potentialAction":[{"@type":"ReadAction","target":["https:\/\/rntl.ch\/fitness\/produkt\/tunturi-e80-bike-endurance\/"]}]},{"@type":"ImageObject","inLanguage":"de","@id":"https:\/\/rntl.ch\/fitness\/produkt\/tunturi-e80-bike-endurance\/#primaryimage","url":"https:\/\/rntl.ch\/fitness\/wp-content\/uploads\/sites\/3\/2024\/01\/Untitled-design-13.png","contentUrl":"https:\/\/rntl.ch\/fitness\/wp-content\/uploads\/sites\/3\/2024\/01\/Untitled-design-13.png","width":800,"height":800},{"@type":"BreadcrumbList","@id":"https:\/\/rntl.ch\/fitness\/produkt\/tunturi-e80-bike-endurance\/#breadcrumb","itemListElement":[{"@type":"ListItem","position":1,"name":"Startseite","item":"https:\/\/rntl.ch\/fitness\/"},{"@type":"ListItem","position":2,"name":"Shop","item":"https:\/\/rntl.ch\/fitness\/shop\/"},{"@type":"ListItem","position":3,"name":"Tunturi E80 Bike Endurance"}]},{"@type":"WebSite","@id":"https:\/\/rntl.ch\/fitness\/#website","url":"https:\/\/rntl.ch\/fitness\/","name":"RNTL Fitness","description":"Mieten Einfach Anders","publisher":{"@id":"https:\/\/rntl.ch\/fitness\/#organization"},"potentialAction":[{"@type":"SearchAction","target":{"@type":"EntryPoint","urlTemplate":"https:\/\/rntl.ch\/fitness\/?s={search_term_string}"},"query-input":{"@type":"PropertyValueSpecification","valueRequired":true,"valueName":"search_term_string"}}],"inLanguage":"de"},{"@type":"Organization","@id":"https:\/\/rntl.ch\/fitness\/#organization","name":"RNTL Fitness","url":"https:\/\/rntl.ch\/fitness\/","logo":{"@type":"ImageObject","inLanguage":"de","@id":"https:\/\/rntl.ch\/fitness\/#\/schema\/logo\/image\/","url":"https:\/\/rntl.ch\/fitness\/wp-content\/uploads\/sites\/3\/2020\/11\/cropped-rntl_logo_white_530x150.png","contentUrl":"https:\/\/rntl.ch\/fitness\/wp-content\/uploads\/sites\/3\/2020\/11\/cropped-rntl_logo_white_530x150.png","width":530,"height":150,"caption":"RNTL Fitness"},"image":{"@id":"https:\/\/rntl.ch\/fitness\/#\/schema\/logo\/image\/"}}]}},"_links":{"self":[{"href":"https:\/\/rntl.ch\/fitness\/wp-json\/wp\/v2\/product\/26725","targetHints":{"allow":["GET"]}}],"collection":[{"href":"https:\/\/rntl.ch\/fitness\/wp-json\/wp\/v2\/product"}],"about":[{"href":"https:\/\/rntl.ch\/fitness\/wp-json\/wp\/v2\/types\/product"}],"version-history":[{"count":0,"href":"https:\/\/rntl.ch\/fitness\/wp-json\/wp\/v2\/product\/26725\/revisions"}],"wp:featuredmedia":[{"embeddable":true,"href":"https:\/\/rntl.ch\/fitness\/wp-json\/wp\/v2\/media\/35262"}],"wp:attachment":[{"href":"https:\/\/rntl.ch\/fitness\/wp-json\/wp\/v2\/media?parent=26725"}],"wp:term":[{"taxonomy":"product_brand","embeddable":true,"href":"https:\/\/rntl.ch\/fitness\/wp-json\/wp\/v2\/product_brand?post=26725"},{"taxonomy":"product_cat","embeddable":true,"href":"https:\/\/rntl.ch\/fitness\/wp-json\/wp\/v2\/product_cat?post=26725"},{"taxonomy":"product_tag","embeddable":true,"href":"https:\/\/rntl.ch\/fitness\/wp-json\/wp\/v2\/product_tag?post=26725"}],"curies":[{"name":"wp","href":"https:\/\/api.w.org\/{rel}","templated":true}]}}