{"id":26740,"date":"2024-01-18T15:14:45","date_gmt":"2024-01-18T14:14:45","guid":{"rendered":"https:\/\/rntl.ch\/fitness\/?post_type=product&#038;p=26740"},"modified":"2024-01-18T15:28:56","modified_gmt":"2024-01-18T14:28:56","slug":"tunturi-ergometer-liegefahrrad-performance-e60r","status":"publish","type":"product","link":"https:\/\/rntl.ch\/fitness\/produkt\/tunturi-ergometer-liegefahrrad-performance-e60r\/","title":{"rendered":"Tunturi Ergometer Liegefahrrad Performance E60R"},"content":{"rendered":"<p>Das Tunturi Performance Liegefahrrad E60R (20TBR60000) ist ein Fahrradergometer mit 24 verschiedenen Programmen und 32 Widerstandsstufen. Das Bedienteil hat ein integriertes LCD Display und eine einfache Menu Navigation mittels Drehknopf. Dies erm\u00f6glicht eine sehr leichte und intuitive Handhabung dieses Heimtrainer Ergometers.<\/p>\n<p>Damit ist das Potential aber noch lange nicht ersch\u00f6pft! Denn dieser Tunturi Heimtrainer Ergometer hat auch noch die M\u00f6glichkeit ein Tablet oder Smartphone via Bluetooth zu verbinden und somit die spannenden M\u00f6glichkeiten der Apps Zwift, Tunturi Routes, i-Console+ und Kinomap zu nutzen. Sobald Sie dies tun, entfalten sich ganz andere M\u00f6glichkeiten! Erstellen Sie sich einen Account und fahren Sie mithilfe Google-Maps durch die ganze Welt. Durch diverse Messungen k\u00f6nnen Sie Ihr Training auf dem Laufenden halten und auf Facebook oder Twitter mit Ihren Freunden teilen.<\/p>\n<p>Das max. Benutzergewicht liegt bei 150 kg. Nebst der Pulsmessung an den Griffen kann auch optional ein Brustgurt verwendet werden. Diesen finden Sie hier unter dem `Zubeh\u00f6r`. Der Widerstand wird elektronisch geregelt und betr\u00e4gt maximal 440 Watt.<\/p>\n<table class=\"table table-striped product-detail-properties-table\">\n<tbody>\n<tr class=\"properties-row\">\n<th class=\"properties-label\">Abmessung Breite in cm:<\/th>\n<td class=\"properties-value\">60<\/td>\n<\/tr>\n<tr class=\"properties-row\">\n<th class=\"properties-label\">Abmessung H\u00f6he in cm:<\/th>\n<td class=\"properties-value\">122<\/td>\n<\/tr>\n<tr class=\"properties-row\">\n<th class=\"properties-label\">Abmessung L\u00e4nge in cm:<\/th>\n<td class=\"properties-value\">171<\/td>\n<\/tr>\n<tr class=\"properties-row\">\n<th class=\"properties-label\">Anwendungsbereich:<\/th>\n<td class=\"properties-value\">Home Pro<\/td>\n<\/tr>\n<tr class=\"properties-row\">\n<th class=\"properties-label\">Anzahl Benutzerprogramme:<\/th>\n<td class=\"properties-value\">4<\/td>\n<\/tr>\n<tr class=\"properties-row\">\n<th class=\"properties-label\">Anzahl Programme Total:<\/th>\n<td class=\"properties-value\">24<\/td>\n<\/tr>\n<tr class=\"properties-row\">\n<th class=\"properties-label\">Anzahl Pulsprofile:<\/th>\n<td class=\"properties-value\">4<\/td>\n<\/tr>\n<tr class=\"properties-row\">\n<th class=\"properties-label\">Anzahl Widerstandlevels:<\/th>\n<td class=\"properties-value\">32<\/td>\n<\/tr>\n<tr class=\"properties-row\">\n<th class=\"properties-label\">Anzahl registrierbare Benutzer:<\/th>\n<td class=\"properties-value\">4<\/td>\n<\/tr>\n<tr class=\"properties-row\">\n<th class=\"properties-label\">Anzahl voreingestellter Programme:<\/th>\n<td class=\"properties-value\">12<\/td>\n<\/tr>\n<tr class=\"properties-row\">\n<th class=\"properties-label\">Anzahl w\u00e4hlbarer Sprachen:<\/th>\n<td class=\"properties-value\">1<\/td>\n<\/tr>\n<tr class=\"properties-row\">\n<th class=\"properties-label\">Anzeige der Distanz:<\/th>\n<td class=\"properties-value\">ja<\/td>\n<\/tr>\n<tr class=\"properties-row\">\n<th class=\"properties-label\">Anzeige der Geschwindigkeit:<\/th>\n<td class=\"properties-value\">ja<\/td>\n<\/tr>\n<tr class=\"properties-row\">\n<th class=\"properties-label\">Anzeige der Zeit:<\/th>\n<td class=\"properties-value\">ja<\/td>\n<\/tr>\n<tr class=\"properties-row\">\n<th class=\"properties-label\">Anzeige verbrannter Kalorien:<\/th>\n<td class=\"properties-value\">ja<\/td>\n<\/tr>\n<tr class=\"properties-row\">\n<th class=\"properties-label\">Apps f\u00fcr Tablets und Smart Phones:<\/th>\n<td class=\"properties-value\">Tunturi Routes, i-Console+, Kinomap &amp; Zwift<\/td>\n<\/tr>\n<tr class=\"properties-row\">\n<th class=\"properties-label\">Benutzer Tagebuch:<\/th>\n<td class=\"properties-value\">nein<\/td>\n<\/tr>\n<tr class=\"properties-row\">\n<th class=\"properties-label\">Bluetooth:<\/th>\n<td class=\"properties-value\">ja<\/td>\n<\/tr>\n<tr class=\"properties-row\">\n<th class=\"properties-label\">Bremssystem \/ Widerstand:<\/th>\n<td class=\"properties-value\">Elektromagnetisches Sys. (EMS)<\/td>\n<\/tr>\n<tr class=\"properties-row\">\n<th class=\"properties-label\">Display Bedienung:<\/th>\n<td class=\"properties-value\">Kn\u00f6pfe und Drehrad<\/td>\n<\/tr>\n<tr class=\"properties-row\">\n<th class=\"properties-label\">Display Typ:<\/th>\n<td class=\"properties-value\">Color LCD mit Beleuchtung<\/td>\n<\/tr>\n<tr class=\"properties-row\">\n<th class=\"properties-label\">Ergometer:<\/th>\n<td class=\"properties-value\">ja<\/td>\n<\/tr>\n<tr class=\"properties-row\">\n<th class=\"properties-label\">Flaschenhalterung:<\/th>\n<td class=\"properties-value\">nein<\/td>\n<\/tr>\n<tr class=\"properties-row\">\n<th class=\"properties-label\">Funktion Puls Ziel:<\/th>\n<td class=\"properties-value\">ja<\/td>\n<\/tr>\n<tr class=\"properties-row\">\n<th class=\"properties-label\">Funktion maximaler Puls:<\/th>\n<td class=\"properties-value\">ja<\/td>\n<\/tr>\n<tr class=\"properties-row\">\n<th class=\"properties-label\">Gewicht inkl. Verpackung in kg:<\/th>\n<td class=\"properties-value\">67.8<\/td>\n<\/tr>\n<tr class=\"properties-row\">\n<th class=\"properties-label\">Griffe:<\/th>\n<td class=\"properties-value\">fixiert<\/td>\n<\/tr>\n<tr class=\"properties-row\">\n<th class=\"properties-label\">Max. Benutzergewicht in kg:<\/th>\n<td class=\"properties-value\">150<\/td>\n<\/tr>\n<tr class=\"properties-row\">\n<th class=\"properties-label\">Pedalen Typ:<\/th>\n<td class=\"properties-value\">Comport Plus<\/td>\n<\/tr>\n<tr class=\"properties-row\">\n<th class=\"properties-label\">Produktetyp:<\/th>\n<td class=\"properties-value\">Grossger\u00e4t<\/td>\n<\/tr>\n<tr class=\"properties-row\">\n<th class=\"properties-label\">Pulsmessung an Griffen:<\/th>\n<td class=\"properties-value\">ja<\/td>\n<\/tr>\n<tr class=\"properties-row\">\n<th class=\"properties-label\">Pulsmessung durch Arm- Brustgurt:<\/th>\n<td class=\"properties-value\">optional 5.4 kHz<\/td>\n<\/tr>\n<tr class=\"properties-row\">\n<th class=\"properties-label\">Sattel Typ:<\/th>\n<td class=\"properties-value\">Comfort Gel<\/td>\n<\/tr>\n<tr class=\"properties-row\">\n<th class=\"properties-label\">Sattel Verstellm\u00f6glichkeiten:<\/th>\n<td class=\"properties-value\">horizontal<\/td>\n<\/tr>\n<tr class=\"properties-row\">\n<th class=\"properties-label\">Schnellstart:<\/th>\n<td class=\"properties-value\">ja<\/td>\n<\/tr>\n<tr class=\"properties-row\">\n<th class=\"properties-label\">Schwungrad Gewicht in kg:<\/th>\n<td class=\"properties-value\">14<\/td>\n<\/tr>\n<tr class=\"properties-row\">\n<th class=\"properties-label\">Strom Versorgung:<\/th>\n<td class=\"properties-value\">230 V AC<\/td>\n<\/tr>\n<tr class=\"properties-row\">\n<th class=\"properties-label\">Tablet Halterung:<\/th>\n<td class=\"properties-value\">ja<\/td>\n<\/tr>\n<tr class=\"properties-row\">\n<th class=\"properties-label\">Transportr\u00e4der:<\/th>\n<td class=\"properties-value\">ja<\/td>\n<\/tr>\n<tr class=\"properties-row\">\n<th class=\"properties-label\">USB Ladeanschluss:<\/th>\n<td class=\"properties-value\">nein<\/td>\n<\/tr>\n<tr class=\"properties-row\">\n<th class=\"properties-label\">USB Verbindung:<\/th>\n<td class=\"properties-value\">nein<\/td>\n<\/tr>\n<tr class=\"properties-row\">\n<th class=\"properties-label\">Watt Programm:<\/th>\n<td class=\"properties-value\">ja<\/td>\n<\/tr>\n<tr class=\"properties-row\">\n<th class=\"properties-label\">Widerstand in Watt:<\/th>\n<td class=\"properties-value\">440<\/td>\n<\/tr>\n<tr class=\"properties-row\">\n<th class=\"properties-label\">verstellbare Konsole:<\/th>\n<td class=\"properties-value\">nein<\/td>\n<\/tr>\n<\/tbody>\n<\/table>\n","protected":false},"excerpt":{"rendered":"<p>Die Tunturi Performance Linie bietet ein sehr hohes Preis-\/Leistungsverh\u00e4ltnis f\u00fcr den Heimanwender. Jeder Tunturi Performance Ergometer verf\u00fcgt \u00fcber eine benutzerfreundliche Konsole, welche auch ein Watt Programm beinhaltet.<\/p>\n<p><strong>Kaufpreis [woo_custom_field id=\"rntl_retail_price_field\"].-<\/strong><\/p>\n[rntl_page_content id=\"14687\"]\n<div class=\"woocommerce-product-details__short-description\">\n<p>&nbsp;<\/p>\n<\/div>\n","protected":false},"featured_media":26745,"template":"","meta":{"content-type":""},"product_brand":[],"product_cat":[25],"product_tag":[112],"class_list":{"0":"post-26740","1":"product","2":"type-product","3":"status-publish","4":"has-post-thumbnail","6":"product_cat-hometrainer","7":"product_tag-mieten","8":"product_shipping_class-mittel","9":"tm-no-options","11":"first","12":"instock","13":"taxable","14":"shipping-taxable","15":"purchasable","16":"product-type-variable-subscription","17":"has-default-attributes"},"yoast_head":"<!-- This site is optimized with the Yoast SEO plugin v26.3 - https:\/\/yoast.com\/wordpress\/plugins\/seo\/ -->\n<title>Tunturi Ergometer Liegefahrrad Performance E60R - RNTL Fitness<\/title>\n<meta name=\"description\" content=\"Miete, kaufe, oder finanziere f\u00fcr das Training zu Hause den Tunturi Ergometer Liegefahrrad Performance E60R Bike bei RNTL.\" \/>\n<meta name=\"robots\" content=\"index, follow, max-snippet:-1, max-image-preview:large, max-video-preview:-1\" \/>\n<link rel=\"canonical\" href=\"https:\/\/rntl.ch\/fitness\/produkt\/tunturi-ergometer-liegefahrrad-performance-e60r\/\" \/>\n<meta property=\"og:locale\" content=\"de_DE\" \/>\n<meta property=\"og:type\" content=\"article\" \/>\n<meta property=\"og:title\" content=\"Tunturi Ergometer Liegefahrrad Performance E60R - RNTL Fitness\" \/>\n<meta property=\"og:description\" content=\"Miete, kaufe, oder finanziere f\u00fcr das Training zu Hause den Tunturi Ergometer Liegefahrrad Performance E60R Bike bei RNTL.\" \/>\n<meta property=\"og:url\" content=\"https:\/\/rntl.ch\/fitness\/produkt\/tunturi-ergometer-liegefahrrad-performance-e60r\/\" \/>\n<meta property=\"og:site_name\" content=\"RNTL Fitness\" \/>\n<meta property=\"article:modified_time\" content=\"2024-01-18T14:28:56+00:00\" \/>\n<meta property=\"og:image\" content=\"https:\/\/rntl.ch\/fitness\/wp-content\/uploads\/sites\/3\/2024\/01\/1-6.png\" \/>\n\t<meta property=\"og:image:width\" content=\"800\" \/>\n\t<meta property=\"og:image:height\" content=\"800\" \/>\n\t<meta property=\"og:image:type\" content=\"image\/png\" \/>\n<meta name=\"twitter:card\" content=\"summary_large_image\" \/>\n<meta name=\"twitter:label1\" content=\"Gesch\u00e4tzte Lesezeit\" \/>\n\t<meta name=\"twitter:data1\" content=\"2\u00a0Minuten\" \/>\n<script type=\"application\/ld+json\" class=\"yoast-schema-graph\">{\"@context\":\"https:\/\/schema.org\",\"@graph\":[{\"@type\":\"WebPage\",\"@id\":\"https:\/\/rntl.ch\/fitness\/produkt\/tunturi-ergometer-liegefahrrad-performance-e60r\/\",\"url\":\"https:\/\/rntl.ch\/fitness\/produkt\/tunturi-ergometer-liegefahrrad-performance-e60r\/\",\"name\":\"Tunturi Ergometer Liegefahrrad Performance E60R - RNTL Fitness\",\"isPartOf\":{\"@id\":\"https:\/\/rntl.ch\/fitness\/#website\"},\"primaryImageOfPage\":{\"@id\":\"https:\/\/rntl.ch\/fitness\/produkt\/tunturi-ergometer-liegefahrrad-performance-e60r\/#primaryimage\"},\"image\":{\"@id\":\"https:\/\/rntl.ch\/fitness\/produkt\/tunturi-ergometer-liegefahrrad-performance-e60r\/#primaryimage\"},\"thumbnailUrl\":\"https:\/\/rntl.ch\/fitness\/wp-content\/uploads\/sites\/3\/2024\/01\/1-6.png\",\"datePublished\":\"2024-01-18T14:14:45+00:00\",\"dateModified\":\"2024-01-18T14:28:56+00:00\",\"description\":\"Miete, kaufe, oder finanziere f\u00fcr das Training zu Hause den Tunturi Ergometer Liegefahrrad Performance E60R Bike bei RNTL.\",\"breadcrumb\":{\"@id\":\"https:\/\/rntl.ch\/fitness\/produkt\/tunturi-ergometer-liegefahrrad-performance-e60r\/#breadcrumb\"},\"inLanguage\":\"de\",\"potentialAction\":[{\"@type\":\"ReadAction\",\"target\":[\"https:\/\/rntl.ch\/fitness\/produkt\/tunturi-ergometer-liegefahrrad-performance-e60r\/\"]}]},{\"@type\":\"ImageObject\",\"inLanguage\":\"de\",\"@id\":\"https:\/\/rntl.ch\/fitness\/produkt\/tunturi-ergometer-liegefahrrad-performance-e60r\/#primaryimage\",\"url\":\"https:\/\/rntl.ch\/fitness\/wp-content\/uploads\/sites\/3\/2024\/01\/1-6.png\",\"contentUrl\":\"https:\/\/rntl.ch\/fitness\/wp-content\/uploads\/sites\/3\/2024\/01\/1-6.png\",\"width\":800,\"height\":800},{\"@type\":\"BreadcrumbList\",\"@id\":\"https:\/\/rntl.ch\/fitness\/produkt\/tunturi-ergometer-liegefahrrad-performance-e60r\/#breadcrumb\",\"itemListElement\":[{\"@type\":\"ListItem\",\"position\":1,\"name\":\"Startseite\",\"item\":\"https:\/\/rntl.ch\/fitness\/\"},{\"@type\":\"ListItem\",\"position\":2,\"name\":\"Shop\",\"item\":\"https:\/\/rntl.ch\/fitness\/shop\/\"},{\"@type\":\"ListItem\",\"position\":3,\"name\":\"Tunturi Ergometer Liegefahrrad Performance E60R\"}]},{\"@type\":\"WebSite\",\"@id\":\"https:\/\/rntl.ch\/fitness\/#website\",\"url\":\"https:\/\/rntl.ch\/fitness\/\",\"name\":\"RNTL Fitness\",\"description\":\"Mieten Einfach Anders\",\"publisher\":{\"@id\":\"https:\/\/rntl.ch\/fitness\/#organization\"},\"potentialAction\":[{\"@type\":\"SearchAction\",\"target\":{\"@type\":\"EntryPoint\",\"urlTemplate\":\"https:\/\/rntl.ch\/fitness\/?s={search_term_string}\"},\"query-input\":{\"@type\":\"PropertyValueSpecification\",\"valueRequired\":true,\"valueName\":\"search_term_string\"}}],\"inLanguage\":\"de\"},{\"@type\":\"Organization\",\"@id\":\"https:\/\/rntl.ch\/fitness\/#organization\",\"name\":\"RNTL Fitness\",\"url\":\"https:\/\/rntl.ch\/fitness\/\",\"logo\":{\"@type\":\"ImageObject\",\"inLanguage\":\"de\",\"@id\":\"https:\/\/rntl.ch\/fitness\/#\/schema\/logo\/image\/\",\"url\":\"https:\/\/rntl.ch\/fitness\/wp-content\/uploads\/sites\/3\/2020\/11\/cropped-rntl_logo_white_530x150.png\",\"contentUrl\":\"https:\/\/rntl.ch\/fitness\/wp-content\/uploads\/sites\/3\/2020\/11\/cropped-rntl_logo_white_530x150.png\",\"width\":530,\"height\":150,\"caption\":\"RNTL Fitness\"},\"image\":{\"@id\":\"https:\/\/rntl.ch\/fitness\/#\/schema\/logo\/image\/\"}}]}<\/script>\n<!-- \/ Yoast SEO plugin. -->","yoast_head_json":{"title":"Tunturi Ergometer Liegefahrrad Performance E60R - RNTL Fitness","description":"Miete, kaufe, oder finanziere f\u00fcr das Training zu Hause den Tunturi Ergometer Liegefahrrad Performance E60R Bike bei RNTL.","robots":{"index":"index","follow":"follow","max-snippet":"max-snippet:-1","max-image-preview":"max-image-preview:large","max-video-preview":"max-video-preview:-1"},"canonical":"https:\/\/rntl.ch\/fitness\/produkt\/tunturi-ergometer-liegefahrrad-performance-e60r\/","og_locale":"de_DE","og_type":"article","og_title":"Tunturi Ergometer Liegefahrrad Performance E60R - RNTL Fitness","og_description":"Miete, kaufe, oder finanziere f\u00fcr das Training zu Hause den Tunturi Ergometer Liegefahrrad Performance E60R Bike bei RNTL.","og_url":"https:\/\/rntl.ch\/fitness\/produkt\/tunturi-ergometer-liegefahrrad-performance-e60r\/","og_site_name":"RNTL Fitness","article_modified_time":"2024-01-18T14:28:56+00:00","og_image":[{"width":800,"height":800,"url":"https:\/\/rntl.ch\/fitness\/wp-content\/uploads\/sites\/3\/2024\/01\/1-6.png","type":"image\/png"}],"twitter_card":"summary_large_image","twitter_misc":{"Gesch\u00e4tzte Lesezeit":"2\u00a0Minuten"},"schema":{"@context":"https:\/\/schema.org","@graph":[{"@type":"WebPage","@id":"https:\/\/rntl.ch\/fitness\/produkt\/tunturi-ergometer-liegefahrrad-performance-e60r\/","url":"https:\/\/rntl.ch\/fitness\/produkt\/tunturi-ergometer-liegefahrrad-performance-e60r\/","name":"Tunturi Ergometer Liegefahrrad Performance E60R - RNTL Fitness","isPartOf":{"@id":"https:\/\/rntl.ch\/fitness\/#website"},"primaryImageOfPage":{"@id":"https:\/\/rntl.ch\/fitness\/produkt\/tunturi-ergometer-liegefahrrad-performance-e60r\/#primaryimage"},"image":{"@id":"https:\/\/rntl.ch\/fitness\/produkt\/tunturi-ergometer-liegefahrrad-performance-e60r\/#primaryimage"},"thumbnailUrl":"https:\/\/rntl.ch\/fitness\/wp-content\/uploads\/sites\/3\/2024\/01\/1-6.png","datePublished":"2024-01-18T14:14:45+00:00","dateModified":"2024-01-18T14:28:56+00:00","description":"Miete, kaufe, oder finanziere f\u00fcr das Training zu Hause den Tunturi Ergometer Liegefahrrad Performance E60R Bike bei RNTL.","breadcrumb":{"@id":"https:\/\/rntl.ch\/fitness\/produkt\/tunturi-ergometer-liegefahrrad-performance-e60r\/#breadcrumb"},"inLanguage":"de","potentialAction":[{"@type":"ReadAction","target":["https:\/\/rntl.ch\/fitness\/produkt\/tunturi-ergometer-liegefahrrad-performance-e60r\/"]}]},{"@type":"ImageObject","inLanguage":"de","@id":"https:\/\/rntl.ch\/fitness\/produkt\/tunturi-ergometer-liegefahrrad-performance-e60r\/#primaryimage","url":"https:\/\/rntl.ch\/fitness\/wp-content\/uploads\/sites\/3\/2024\/01\/1-6.png","contentUrl":"https:\/\/rntl.ch\/fitness\/wp-content\/uploads\/sites\/3\/2024\/01\/1-6.png","width":800,"height":800},{"@type":"BreadcrumbList","@id":"https:\/\/rntl.ch\/fitness\/produkt\/tunturi-ergometer-liegefahrrad-performance-e60r\/#breadcrumb","itemListElement":[{"@type":"ListItem","position":1,"name":"Startseite","item":"https:\/\/rntl.ch\/fitness\/"},{"@type":"ListItem","position":2,"name":"Shop","item":"https:\/\/rntl.ch\/fitness\/shop\/"},{"@type":"ListItem","position":3,"name":"Tunturi Ergometer Liegefahrrad Performance E60R"}]},{"@type":"WebSite","@id":"https:\/\/rntl.ch\/fitness\/#website","url":"https:\/\/rntl.ch\/fitness\/","name":"RNTL Fitness","description":"Mieten Einfach Anders","publisher":{"@id":"https:\/\/rntl.ch\/fitness\/#organization"},"potentialAction":[{"@type":"SearchAction","target":{"@type":"EntryPoint","urlTemplate":"https:\/\/rntl.ch\/fitness\/?s={search_term_string}"},"query-input":{"@type":"PropertyValueSpecification","valueRequired":true,"valueName":"search_term_string"}}],"inLanguage":"de"},{"@type":"Organization","@id":"https:\/\/rntl.ch\/fitness\/#organization","name":"RNTL Fitness","url":"https:\/\/rntl.ch\/fitness\/","logo":{"@type":"ImageObject","inLanguage":"de","@id":"https:\/\/rntl.ch\/fitness\/#\/schema\/logo\/image\/","url":"https:\/\/rntl.ch\/fitness\/wp-content\/uploads\/sites\/3\/2020\/11\/cropped-rntl_logo_white_530x150.png","contentUrl":"https:\/\/rntl.ch\/fitness\/wp-content\/uploads\/sites\/3\/2020\/11\/cropped-rntl_logo_white_530x150.png","width":530,"height":150,"caption":"RNTL Fitness"},"image":{"@id":"https:\/\/rntl.ch\/fitness\/#\/schema\/logo\/image\/"}}]}},"_links":{"self":[{"href":"https:\/\/rntl.ch\/fitness\/wp-json\/wp\/v2\/product\/26740","targetHints":{"allow":["GET"]}}],"collection":[{"href":"https:\/\/rntl.ch\/fitness\/wp-json\/wp\/v2\/product"}],"about":[{"href":"https:\/\/rntl.ch\/fitness\/wp-json\/wp\/v2\/types\/product"}],"version-history":[{"count":0,"href":"https:\/\/rntl.ch\/fitness\/wp-json\/wp\/v2\/product\/26740\/revisions"}],"wp:featuredmedia":[{"embeddable":true,"href":"https:\/\/rntl.ch\/fitness\/wp-json\/wp\/v2\/media\/26745"}],"wp:attachment":[{"href":"https:\/\/rntl.ch\/fitness\/wp-json\/wp\/v2\/media?parent=26740"}],"wp:term":[{"taxonomy":"product_brand","embeddable":true,"href":"https:\/\/rntl.ch\/fitness\/wp-json\/wp\/v2\/product_brand?post=26740"},{"taxonomy":"product_cat","embeddable":true,"href":"https:\/\/rntl.ch\/fitness\/wp-json\/wp\/v2\/product_cat?post=26740"},{"taxonomy":"product_tag","embeddable":true,"href":"https:\/\/rntl.ch\/fitness\/wp-json\/wp\/v2\/product_tag?post=26740"}],"curies":[{"name":"wp","href":"https:\/\/api.w.org\/{rel}","templated":true}]}}